{"id":9896,"date":"2021-01-06T09:30:54","date_gmt":"2021-01-06T09:30:54","guid":{"rendered":"https:\/\/akum.lv\/product\/exide-ek508-agm-start-stop-12v-50ah-en-800a-l260-w173-h206-akumulators\/"},"modified":"2025-07-24T12:10:14","modified_gmt":"2025-07-24T12:10:14","slug":"exide-ek508-agm-start-stop-12v-50ah-en-800a-l260-w173-h206-akumulators","status":"publish","type":"product","link":"https:\/\/akum.lv\/ru\/prece\/exide-ek508-agm-start-stop-12v-50ah-en-800a-l260-w173-h206-akumulators\/","title":{"rendered":"EXIDE-EK508 AGM Start &#038; Stop 12V-50Ah \/ EN 800A \/ L260 \/ W173 \/ H206 Akumulators (+\/-)"},"content":{"rendered":"","protected":false},"excerpt":{"rendered":"<p>EXIDE-EK508 AGM Start &amp; Stop 12V-50Ah \/ EN 800A \/ L260 \/ W173 \/ H206 Akumulators (+\/-)<\/p>\n<p>ir noliktav\u0101 !!!<\/p>\n<p><strong>ORBITAL, SpiralCell TECHNOLOGY<\/strong><\/p>\n<p><strong><span style=\"color: #0000ff;\">http:\/\/exide.info\/ek508<\/span><\/strong><\/p>\n<p><strong>Katalog \u2013 <a href=\"https:\/\/akum.lv\/wp-content\/uploads\/2019\/02\/EXIDE-Light-Vehicle_Battery-Solutions.pdf\">EXIDE Light Vehicle_Battery Solutions<\/a><\/strong><\/p>\n<p>Garantija 24 m\u0113ne\u0161i; \u0413\u0430\u0440\u0430\u043d\u0442\u0438\u044f 24 \u043c\u0435\u0441\u044f\u0446\u0430<\/p>\n<p><span style=\"color: #ff0000;\"><em>M\u0113s garant\u0113jam, ka pie mums ieg\u0101d\u0101tais akumulators ir jauns un piln\u012bb\u0101 gatavs lieto\u0161anai!<\/em><\/span><br \/>\n<span style=\"color: #ff0000;\"><em>Pirms nodo\u0161anas pirc\u0113jam akumulatoram tiek veikts demonstr\u0101cijas tests!<\/em><\/span><br \/>\n<span style=\"color: #ff0000;\"><em>P\u0101rbaudi veic \u012bpa\u0161s profesion\u0101ls testeris, kas par\u0101d\u012bs akumulatora patieso st\u0101vokli.<\/em><\/span><\/p>\n<p><span style=\"color: #ff0000;\"><em>\u041c\u044b \u0433\u0430\u0440\u0430\u043d\u0442\u0438\u0440\u0443\u0435\u043c, \u0447\u0442\u043e \u043f\u0440\u0438\u043e\u0431\u0440\u0435\u0442\u0435\u043d\u043d\u044b\u0439 \u0443 \u043d\u0430\u0441 \u0430\u043a\u043a\u0443\u043c\u0443\u043b\u044f\u0442\u043e\u0440 \u043d\u043e\u0432\u044b\u0439 \u0438 \u043f\u043e\u043b\u043d\u043e\u0441\u0442\u044c\u044e \u0433\u043e\u0442\u043e\u0432 \u043a \u0440\u0430\u0431\u043e\u0442\u0435!<\/em><\/span><br \/>\n<span style=\"color: #ff0000;\"><em>\u0410\u043a\u043a\u0443\u043c\u0443\u043b\u044f\u0442\u043e\u0440 \u043f\u0435\u0440\u0435\u0434 \u043f\u0435\u0440\u0435\u0434\u0430\u0447\u0435\u0439 \u0437\u0430\u043a\u0430\u0437\u0447\u0438\u043a\u0443 \u043f\u0440\u043e\u0445\u043e\u0434\u0438\u0442 \u0434\u0435\u043c\u043e\u043d\u0441\u0442\u0440\u0430\u0446\u0438\u043e\u043d\u043d\u044b\u0439 \u0442\u0435\u0441\u0442!<\/em><\/span><br \/>\n<span style=\"color: #ff0000;\"><em>\u0422\u0435\u0441\u0442 \u043f\u0440\u043e\u0432\u043e\u0434\u0438\u0442\u0441\u044f \u0441\u043f\u0435\u0446\u0438\u0430\u043b\u044c\u043d\u044b\u043c \u043f\u0440\u043e\u0444\u0435\u0441\u0441\u0438\u043e\u043d\u0430\u043b\u044c\u043d\u044b\u043c \u0442\u0435\u0441\u0442\u0435\u0440\u043e\u043c, \u043a\u043e\u0442\u043e\u0440\u044b\u0439 \u043f\u043e\u043a\u0430\u0436\u0435\u0442 \u0440\u0435\u0430\u043b\u044c\u043d\u043e\u0435 \u0441\u043e\u0441\u0442\u043e\u044f\u043d\u0438\u0435 \u0430\u043a\u043a\u0443\u043c\u0443\u043b\u044f\u0442\u043e\u0440\u0430.<\/em><\/span><\/p>\n<p>Ja prece nav noliktav\u0101<br \/>\n\u0160\u012bs preces ir pieejamas p\u0113c pas\u016bt\u012bjuma!<br \/>\nPieg\u0101des laiks 5-7 darba dienas.<br \/>\n\u0415\u0441\u043b\u0438 \u0442\u043e\u0432\u0430\u0440\u0430 \u043d\u0435\u0442 \u043d\u0430 \u0441\u043a\u043b\u0430\u0434\u0435<br \/>\n\u042d\u0442\u0438 \u0442\u043e\u0432\u0430\u0440\u044b \u0434\u043e\u0441\u0442\u0443\u043f\u043d\u044b \u043f\u043e\u0434 \u0437\u0430\u043a\u0430\u0437!<br \/>\n\u0412\u0440\u0435\u043c\u044f \u043f\u043e\u0441\u0442\u0430\u0432\u043a\u0438 5-7 \u0440\u0430\u0431\u043e\u0447\u0438\u0445 \u0434\u043d\u0435\u0439<\/p>\n","protected":false},"featured_media":9894,"template":"","meta":[],"pwb-brand":[338],"product_brand":[],"product_cat":[381,592,312,270,273],"product_tag":[],"class_list":{"0":"post-9896","1":"product","2":"type-product","3":"status-publish","4":"has-post-thumbnail","6":"pwb-brand-exide-technologies-ru","7":"product_cat-agm-akkumuljatory-spiralcell-thnologii","8":"product_cat-exide-orbital-ru","9":"product_cat-startera-akumulatori-vieglajiem-automobiliem","10":"product_cat-akkumuljatory-dlja-vodnogo-transporta","11":"product_cat-akkumuljatory-dlja-jaht-i-katerov","13":"first","14":"instock","15":"taxable","16":"shipping-taxable","17":"purchasable","18":"product-type-simple"},"yoast_head":"<!-- This site is optimized with the Yoast SEO plugin v26.7 - https:\/\/yoast.com\/wordpress\/plugins\/seo\/ -->\n<title>EXIDE-EK508 AGM Start &amp; Stop 12V-50Ah \/ EN 800A \/ L260 \/ W173 \/ H206 Akumulators (+\/-) - www.akum.lv<\/title>\n<meta name=\"robots\" content=\"index, follow, max-snippet:-1, max-image-preview:large, max-video-preview:-1\" \/>\n<link rel=\"canonical\" href=\"https:\/\/akum.lv\/ru\/prece\/exide-ek508-agm-start-stop-12v-50ah-en-800a-l260-w173-h206-akumulators\/\" \/>\n<meta property=\"og:locale\" content=\"ru_RU\" \/>\n<meta property=\"og:type\" content=\"article\" \/>\n<meta property=\"og:title\" content=\"EXIDE-EK508 AGM Start &amp; Stop 12V-50Ah \/ EN 800A \/ L260 \/ W173 \/ H206 Akumulators (+\/-) - www.akum.lv\" \/>\n<meta property=\"og:description\" content=\"EXIDE-EK508 AGM Start &amp; Stop 12V-50Ah \/ EN 800A \/ L260 \/ W173 \/ H206 Akumulators (+\/-)  ir noliktav\u0101 !!!  ORBITAL, SpiralCell TECHNOLOGY  http:\/\/exide.info\/ek508  Katalog \u2013 EXIDE Light Vehicle_Battery Solutions  Garantija 24 m\u0113ne\u0161i; \u0413\u0430\u0440\u0430\u043d\u0442\u0438\u044f 24 \u043c\u0435\u0441\u044f\u0446\u0430  M\u0113s garant\u0113jam, ka pie mums ieg\u0101d\u0101tais akumulators ir jauns un piln\u012bb\u0101 gatavs lieto\u0161anai! Pirms nodo\u0161anas pirc\u0113jam akumulatoram tiek veikts demonstr\u0101cijas tests! P\u0101rbaudi veic \u012bpa\u0161s profesion\u0101ls testeris, kas par\u0101d\u012bs akumulatora patieso st\u0101vokli.  \u041c\u044b \u0433\u0430\u0440\u0430\u043d\u0442\u0438\u0440\u0443\u0435\u043c, \u0447\u0442\u043e \u043f\u0440\u0438\u043e\u0431\u0440\u0435\u0442\u0435\u043d\u043d\u044b\u0439 \u0443 \u043d\u0430\u0441 \u0430\u043a\u043a\u0443\u043c\u0443\u043b\u044f\u0442\u043e\u0440 \u043d\u043e\u0432\u044b\u0439 \u0438 \u043f\u043e\u043b\u043d\u043e\u0441\u0442\u044c\u044e \u0433\u043e\u0442\u043e\u0432 \u043a \u0440\u0430\u0431\u043e\u0442\u0435! \u0410\u043a\u043a\u0443\u043c\u0443\u043b\u044f\u0442\u043e\u0440 \u043f\u0435\u0440\u0435\u0434 \u043f\u0435\u0440\u0435\u0434\u0430\u0447\u0435\u0439 \u0437\u0430\u043a\u0430\u0437\u0447\u0438\u043a\u0443 \u043f\u0440\u043e\u0445\u043e\u0434\u0438\u0442 \u0434\u0435\u043c\u043e\u043d\u0441\u0442\u0440\u0430\u0446\u0438\u043e\u043d\u043d\u044b\u0439 \u0442\u0435\u0441\u0442! \u0422\u0435\u0441\u0442 \u043f\u0440\u043e\u0432\u043e\u0434\u0438\u0442\u0441\u044f \u0441\u043f\u0435\u0446\u0438\u0430\u043b\u044c\u043d\u044b\u043c \u043f\u0440\u043e\u0444\u0435\u0441\u0441\u0438\u043e\u043d\u0430\u043b\u044c\u043d\u044b\u043c \u0442\u0435\u0441\u0442\u0435\u0440\u043e\u043c, \u043a\u043e\u0442\u043e\u0440\u044b\u0439 \u043f\u043e\u043a\u0430\u0436\u0435\u0442 \u0440\u0435\u0430\u043b\u044c\u043d\u043e\u0435 \u0441\u043e\u0441\u0442\u043e\u044f\u043d\u0438\u0435 \u0430\u043a\u043a\u0443\u043c\u0443\u043b\u044f\u0442\u043e\u0440\u0430.  Ja prece nav noliktav\u0101 \u0160\u012bs preces ir pieejamas p\u0113c pas\u016bt\u012bjuma! Pieg\u0101des laiks 5-7 darba dienas. \u0415\u0441\u043b\u0438 \u0442\u043e\u0432\u0430\u0440\u0430 \u043d\u0435\u0442 \u043d\u0430 \u0441\u043a\u043b\u0430\u0434\u0435 \u042d\u0442\u0438 \u0442\u043e\u0432\u0430\u0440\u044b \u0434\u043e\u0441\u0442\u0443\u043f\u043d\u044b \u043f\u043e\u0434 \u0437\u0430\u043a\u0430\u0437! \u0412\u0440\u0435\u043c\u044f \u043f\u043e\u0441\u0442\u0430\u0432\u043a\u0438 5-7 \u0440\u0430\u0431\u043e\u0447\u0438\u0445 \u0434\u043d\u0435\u0439\" \/>\n<meta property=\"og:url\" content=\"https:\/\/akum.lv\/ru\/prece\/exide-ek508-agm-start-stop-12v-50ah-en-800a-l260-w173-h206-akumulators\/\" \/>\n<meta property=\"og:site_name\" content=\"www.akum.lv\" \/>\n<meta property=\"article:modified_time\" content=\"2025-07-24T12:10:14+00:00\" \/>\n<meta property=\"og:image\" content=\"https:\/\/akum.lv\/wp-content\/uploads\/2021\/01\/EXIDE-EK508.jpg\" \/>\n\t<meta property=\"og:image:width\" content=\"355\" \/>\n\t<meta property=\"og:image:height\" content=\"312\" \/>\n\t<meta property=\"og:image:type\" content=\"image\/jpeg\" \/>\n<meta name=\"twitter:card\" content=\"summary_large_image\" \/>\n<script type=\"application\/ld+json\" class=\"yoast-schema-graph\">{\"@context\":\"https:\/\/schema.org\",\"@graph\":[{\"@type\":\"WebPage\",\"@id\":\"https:\/\/akum.lv\/ru\/prece\/exide-ek508-agm-start-stop-12v-50ah-en-800a-l260-w173-h206-akumulators\/\",\"url\":\"https:\/\/akum.lv\/ru\/prece\/exide-ek508-agm-start-stop-12v-50ah-en-800a-l260-w173-h206-akumulators\/\",\"name\":\"EXIDE-EK508 AGM Start & Stop 12V-50Ah \/ EN 800A \/ L260 \/ W173 \/ H206 Akumulators (+\/-) - www.akum.lv\",\"isPartOf\":{\"@id\":\"https:\/\/akum.lv\/#website\"},\"primaryImageOfPage\":{\"@id\":\"https:\/\/akum.lv\/ru\/prece\/exide-ek508-agm-start-stop-12v-50ah-en-800a-l260-w173-h206-akumulators\/#primaryimage\"},\"image\":{\"@id\":\"https:\/\/akum.lv\/ru\/prece\/exide-ek508-agm-start-stop-12v-50ah-en-800a-l260-w173-h206-akumulators\/#primaryimage\"},\"thumbnailUrl\":\"https:\/\/akum.lv\/wp-content\/uploads\/2021\/01\/EXIDE-EK508.jpg\",\"datePublished\":\"2021-01-06T09:30:54+00:00\",\"dateModified\":\"2025-07-24T12:10:14+00:00\",\"breadcrumb\":{\"@id\":\"https:\/\/akum.lv\/ru\/prece\/exide-ek508-agm-start-stop-12v-50ah-en-800a-l260-w173-h206-akumulators\/#breadcrumb\"},\"inLanguage\":\"ru-RU\",\"potentialAction\":[{\"@type\":\"ReadAction\",\"target\":[\"https:\/\/akum.lv\/ru\/prece\/exide-ek508-agm-start-stop-12v-50ah-en-800a-l260-w173-h206-akumulators\/\"]}]},{\"@type\":\"ImageObject\",\"inLanguage\":\"ru-RU\",\"@id\":\"https:\/\/akum.lv\/ru\/prece\/exide-ek508-agm-start-stop-12v-50ah-en-800a-l260-w173-h206-akumulators\/#primaryimage\",\"url\":\"https:\/\/akum.lv\/wp-content\/uploads\/2021\/01\/EXIDE-EK508.jpg\",\"contentUrl\":\"https:\/\/akum.lv\/wp-content\/uploads\/2021\/01\/EXIDE-EK508.jpg\",\"width\":355,\"height\":312},{\"@type\":\"BreadcrumbList\",\"@id\":\"https:\/\/akum.lv\/ru\/prece\/exide-ek508-agm-start-stop-12v-50ah-en-800a-l260-w173-h206-akumulators\/#breadcrumb\",\"itemListElement\":[{\"@type\":\"ListItem\",\"position\":1,\"name\":\"\u0413\u043b\u0430\u0432\u043d\u0430\u044f \u0441\u0442\u0440\u0430\u043d\u0438\u0446\u0430\",\"item\":\"https:\/\/akum.lv\/ru\/\"},{\"@type\":\"ListItem\",\"position\":2,\"name\":\"PRECES\",\"item\":\"https:\/\/akum.lv\/produkti-preces\/\"},{\"@type\":\"ListItem\",\"position\":3,\"name\":\"EXIDE-EK508 AGM Start &#038; Stop 12V-50Ah \/ EN 800A \/ L260 \/ W173 \/ H206 Akumulators (+\/-)\"}]},{\"@type\":\"WebSite\",\"@id\":\"https:\/\/akum.lv\/#website\",\"url\":\"https:\/\/akum.lv\/\",\"name\":\"www.akum.lv\",\"description\":\"Akumulatoru p\u0101rdev\u0113js | \u041f\u0440\u043e\u0434\u0430\u0432\u0435\u0446 \u0430\u043a\u043a\u0443\u043c\u0443\u043b\u044f\u0442\u043e\u0440\u043e\u0432 | Battery seller\",\"publisher\":{\"@id\":\"https:\/\/akum.lv\/#organization\"},\"potentialAction\":[{\"@type\":\"SearchAction\",\"target\":{\"@type\":\"EntryPoint\",\"urlTemplate\":\"https:\/\/akum.lv\/?s={search_term_string}\"},\"query-input\":{\"@type\":\"PropertyValueSpecification\",\"valueRequired\":true,\"valueName\":\"search_term_string\"}}],\"inLanguage\":\"ru-RU\"},{\"@type\":\"Organization\",\"@id\":\"https:\/\/akum.lv\/#organization\",\"name\":\"HubEnergy\",\"url\":\"https:\/\/akum.lv\/\",\"logo\":{\"@type\":\"ImageObject\",\"inLanguage\":\"ru-RU\",\"@id\":\"https:\/\/akum.lv\/#\/schema\/logo\/image\/\",\"url\":\"https:\/\/akum.lv\/wp-content\/uploads\/2018\/08\/Logo-hub-energy-2018-seller-dark-blue.png\",\"contentUrl\":\"https:\/\/akum.lv\/wp-content\/uploads\/2018\/08\/Logo-hub-energy-2018-seller-dark-blue.png\",\"width\":381,\"height\":75,\"caption\":\"HubEnergy\"},\"image\":{\"@id\":\"https:\/\/akum.lv\/#\/schema\/logo\/image\/\"}}]}<\/script>\n<!-- \/ Yoast SEO plugin. -->","yoast_head_json":{"title":"EXIDE-EK508 AGM Start & Stop 12V-50Ah \/ EN 800A \/ L260 \/ W173 \/ H206 Akumulators (+\/-) - www.akum.lv","robots":{"index":"index","follow":"follow","max-snippet":"max-snippet:-1","max-image-preview":"max-image-preview:large","max-video-preview":"max-video-preview:-1"},"canonical":"https:\/\/akum.lv\/ru\/prece\/exide-ek508-agm-start-stop-12v-50ah-en-800a-l260-w173-h206-akumulators\/","og_locale":"ru_RU","og_type":"article","og_title":"EXIDE-EK508 AGM Start & Stop 12V-50Ah \/ EN 800A \/ L260 \/ W173 \/ H206 Akumulators (+\/-) - www.akum.lv","og_description":"EXIDE-EK508 AGM Start &amp; Stop 12V-50Ah \/ EN 800A \/ L260 \/ W173 \/ H206 Akumulators (+\/-)  ir noliktav\u0101 !!!  ORBITAL, SpiralCell TECHNOLOGY  http:\/\/exide.info\/ek508  Katalog \u2013 EXIDE Light Vehicle_Battery Solutions  Garantija 24 m\u0113ne\u0161i; \u0413\u0430\u0440\u0430\u043d\u0442\u0438\u044f 24 \u043c\u0435\u0441\u044f\u0446\u0430  M\u0113s garant\u0113jam, ka pie mums ieg\u0101d\u0101tais akumulators ir jauns un piln\u012bb\u0101 gatavs lieto\u0161anai! Pirms nodo\u0161anas pirc\u0113jam akumulatoram tiek veikts demonstr\u0101cijas tests! P\u0101rbaudi veic \u012bpa\u0161s profesion\u0101ls testeris, kas par\u0101d\u012bs akumulatora patieso st\u0101vokli.  \u041c\u044b \u0433\u0430\u0440\u0430\u043d\u0442\u0438\u0440\u0443\u0435\u043c, \u0447\u0442\u043e \u043f\u0440\u0438\u043e\u0431\u0440\u0435\u0442\u0435\u043d\u043d\u044b\u0439 \u0443 \u043d\u0430\u0441 \u0430\u043a\u043a\u0443\u043c\u0443\u043b\u044f\u0442\u043e\u0440 \u043d\u043e\u0432\u044b\u0439 \u0438 \u043f\u043e\u043b\u043d\u043e\u0441\u0442\u044c\u044e \u0433\u043e\u0442\u043e\u0432 \u043a \u0440\u0430\u0431\u043e\u0442\u0435! \u0410\u043a\u043a\u0443\u043c\u0443\u043b\u044f\u0442\u043e\u0440 \u043f\u0435\u0440\u0435\u0434 \u043f\u0435\u0440\u0435\u0434\u0430\u0447\u0435\u0439 \u0437\u0430\u043a\u0430\u0437\u0447\u0438\u043a\u0443 \u043f\u0440\u043e\u0445\u043e\u0434\u0438\u0442 \u0434\u0435\u043c\u043e\u043d\u0441\u0442\u0440\u0430\u0446\u0438\u043e\u043d\u043d\u044b\u0439 \u0442\u0435\u0441\u0442! \u0422\u0435\u0441\u0442 \u043f\u0440\u043e\u0432\u043e\u0434\u0438\u0442\u0441\u044f \u0441\u043f\u0435\u0446\u0438\u0430\u043b\u044c\u043d\u044b\u043c \u043f\u0440\u043e\u0444\u0435\u0441\u0441\u0438\u043e\u043d\u0430\u043b\u044c\u043d\u044b\u043c \u0442\u0435\u0441\u0442\u0435\u0440\u043e\u043c, \u043a\u043e\u0442\u043e\u0440\u044b\u0439 \u043f\u043e\u043a\u0430\u0436\u0435\u0442 \u0440\u0435\u0430\u043b\u044c\u043d\u043e\u0435 \u0441\u043e\u0441\u0442\u043e\u044f\u043d\u0438\u0435 \u0430\u043a\u043a\u0443\u043c\u0443\u043b\u044f\u0442\u043e\u0440\u0430.  Ja prece nav noliktav\u0101 \u0160\u012bs preces ir pieejamas p\u0113c pas\u016bt\u012bjuma! Pieg\u0101des laiks 5-7 darba dienas. \u0415\u0441\u043b\u0438 \u0442\u043e\u0432\u0430\u0440\u0430 \u043d\u0435\u0442 \u043d\u0430 \u0441\u043a\u043b\u0430\u0434\u0435 \u042d\u0442\u0438 \u0442\u043e\u0432\u0430\u0440\u044b \u0434\u043e\u0441\u0442\u0443\u043f\u043d\u044b \u043f\u043e\u0434 \u0437\u0430\u043a\u0430\u0437! \u0412\u0440\u0435\u043c\u044f \u043f\u043e\u0441\u0442\u0430\u0432\u043a\u0438 5-7 \u0440\u0430\u0431\u043e\u0447\u0438\u0445 \u0434\u043d\u0435\u0439","og_url":"https:\/\/akum.lv\/ru\/prece\/exide-ek508-agm-start-stop-12v-50ah-en-800a-l260-w173-h206-akumulators\/","og_site_name":"www.akum.lv","article_modified_time":"2025-07-24T12:10:14+00:00","og_image":[{"width":355,"height":312,"url":"https:\/\/akum.lv\/wp-content\/uploads\/2021\/01\/EXIDE-EK508.jpg","type":"image\/jpeg"}],"twitter_card":"summary_large_image","schema":{"@context":"https:\/\/schema.org","@graph":[{"@type":"WebPage","@id":"https:\/\/akum.lv\/ru\/prece\/exide-ek508-agm-start-stop-12v-50ah-en-800a-l260-w173-h206-akumulators\/","url":"https:\/\/akum.lv\/ru\/prece\/exide-ek508-agm-start-stop-12v-50ah-en-800a-l260-w173-h206-akumulators\/","name":"EXIDE-EK508 AGM Start & Stop 12V-50Ah \/ EN 800A \/ L260 \/ W173 \/ H206 Akumulators (+\/-) - www.akum.lv","isPartOf":{"@id":"https:\/\/akum.lv\/#website"},"primaryImageOfPage":{"@id":"https:\/\/akum.lv\/ru\/prece\/exide-ek508-agm-start-stop-12v-50ah-en-800a-l260-w173-h206-akumulators\/#primaryimage"},"image":{"@id":"https:\/\/akum.lv\/ru\/prece\/exide-ek508-agm-start-stop-12v-50ah-en-800a-l260-w173-h206-akumulators\/#primaryimage"},"thumbnailUrl":"https:\/\/akum.lv\/wp-content\/uploads\/2021\/01\/EXIDE-EK508.jpg","datePublished":"2021-01-06T09:30:54+00:00","dateModified":"2025-07-24T12:10:14+00:00","breadcrumb":{"@id":"https:\/\/akum.lv\/ru\/prece\/exide-ek508-agm-start-stop-12v-50ah-en-800a-l260-w173-h206-akumulators\/#breadcrumb"},"inLanguage":"ru-RU","potentialAction":[{"@type":"ReadAction","target":["https:\/\/akum.lv\/ru\/prece\/exide-ek508-agm-start-stop-12v-50ah-en-800a-l260-w173-h206-akumulators\/"]}]},{"@type":"ImageObject","inLanguage":"ru-RU","@id":"https:\/\/akum.lv\/ru\/prece\/exide-ek508-agm-start-stop-12v-50ah-en-800a-l260-w173-h206-akumulators\/#primaryimage","url":"https:\/\/akum.lv\/wp-content\/uploads\/2021\/01\/EXIDE-EK508.jpg","contentUrl":"https:\/\/akum.lv\/wp-content\/uploads\/2021\/01\/EXIDE-EK508.jpg","width":355,"height":312},{"@type":"BreadcrumbList","@id":"https:\/\/akum.lv\/ru\/prece\/exide-ek508-agm-start-stop-12v-50ah-en-800a-l260-w173-h206-akumulators\/#breadcrumb","itemListElement":[{"@type":"ListItem","position":1,"name":"\u0413\u043b\u0430\u0432\u043d\u0430\u044f \u0441\u0442\u0440\u0430\u043d\u0438\u0446\u0430","item":"https:\/\/akum.lv\/ru\/"},{"@type":"ListItem","position":2,"name":"PRECES","item":"https:\/\/akum.lv\/produkti-preces\/"},{"@type":"ListItem","position":3,"name":"EXIDE-EK508 AGM Start &#038; Stop 12V-50Ah \/ EN 800A \/ L260 \/ W173 \/ H206 Akumulators (+\/-)"}]},{"@type":"WebSite","@id":"https:\/\/akum.lv\/#website","url":"https:\/\/akum.lv\/","name":"www.akum.lv","description":"Akumulatoru p\u0101rdev\u0113js | \u041f\u0440\u043e\u0434\u0430\u0432\u0435\u0446 \u0430\u043a\u043a\u0443\u043c\u0443\u043b\u044f\u0442\u043e\u0440\u043e\u0432 | Battery seller","publisher":{"@id":"https:\/\/akum.lv\/#organization"},"potentialAction":[{"@type":"SearchAction","target":{"@type":"EntryPoint","urlTemplate":"https:\/\/akum.lv\/?s={search_term_string}"},"query-input":{"@type":"PropertyValueSpecification","valueRequired":true,"valueName":"search_term_string"}}],"inLanguage":"ru-RU"},{"@type":"Organization","@id":"https:\/\/akum.lv\/#organization","name":"HubEnergy","url":"https:\/\/akum.lv\/","logo":{"@type":"ImageObject","inLanguage":"ru-RU","@id":"https:\/\/akum.lv\/#\/schema\/logo\/image\/","url":"https:\/\/akum.lv\/wp-content\/uploads\/2018\/08\/Logo-hub-energy-2018-seller-dark-blue.png","contentUrl":"https:\/\/akum.lv\/wp-content\/uploads\/2018\/08\/Logo-hub-energy-2018-seller-dark-blue.png","width":381,"height":75,"caption":"HubEnergy"},"image":{"@id":"https:\/\/akum.lv\/#\/schema\/logo\/image\/"}}]}},"brands":[{"id":338,"name":"EXIDE TECHNOLOGIES","slug":"exide-technologies-ru"}],"_links":{"self":[{"href":"https:\/\/akum.lv\/ru\/wp-json\/wp\/v2\/product\/9896","targetHints":{"allow":["GET"]}}],"collection":[{"href":"https:\/\/akum.lv\/ru\/wp-json\/wp\/v2\/product"}],"about":[{"href":"https:\/\/akum.lv\/ru\/wp-json\/wp\/v2\/types\/product"}],"wp:featuredmedia":[{"embeddable":true,"href":"https:\/\/akum.lv\/ru\/wp-json\/wp\/v2\/media\/9894"}],"wp:attachment":[{"href":"https:\/\/akum.lv\/ru\/wp-json\/wp\/v2\/media?parent=9896"}],"wp:term":[{"taxonomy":"pwb-brand","embeddable":true,"href":"https:\/\/akum.lv\/ru\/wp-json\/wp\/v2\/pwb-brand?post=9896"},{"taxonomy":"product_brand","embeddable":true,"href":"https:\/\/akum.lv\/ru\/wp-json\/wp\/v2\/product_brand?post=9896"},{"taxonomy":"product_cat","embeddable":true,"href":"https:\/\/akum.lv\/ru\/wp-json\/wp\/v2\/product_cat?post=9896"},{"taxonomy":"product_tag","embeddable":true,"href":"https:\/\/akum.lv\/ru\/wp-json\/wp\/v2\/product_tag?post=9896"}],"curies":[{"name":"wp","href":"https:\/\/api.w.org\/{rel}","templated":true}]}}