{"id":9214,"date":"2020-10-22T11:37:12","date_gmt":"2020-10-22T11:37:12","guid":{"rendered":"https:\/\/akum.lv\/product\/akumulator-rocket-l-125-deep-cycle-flooded-wet-lead-acid-battery-6v-c5-195ah-c20-240ah-l264-w181-h276\/"},"modified":"2025-12-03T09:50:57","modified_gmt":"2025-12-03T09:50:57","slug":"akumulator-rocket-l-125-deep-cycle-flooded-wet-lead-acid-battery-6v-c5-195ah-c20-240ah-l264-w181-h276","status":"publish","type":"product","link":"https:\/\/akum.lv\/ru\/prece\/akumulator-rocket-l-125-deep-cycle-flooded-wet-lead-acid-battery-6v-c5-195ah-c20-240ah-l264-w181-h276\/","title":{"rendered":"Akumulator Rocket L-125 Deep cycle Flooded\/Wet Lead-Acid battery 6V C5-195Ah; C20-240Ah (L264 W181 H278)"},"content":{"rendered":"","protected":false},"excerpt":{"rendered":"<p>Akumulator Rocket L-125 Deep cycle Flooded\/Wet Lead-Acid battery 6V C5-195Ah; C20-240Ah (L264 W181 H276), 30.60 kg, terminal &#8212; ELPT<\/p>\n<p><strong><img loading=\"lazy\" decoding=\"async\" class=\"alignnone size-full wp-image-11436\" src=\"https:\/\/akum.lv\/wp-content\/uploads\/2021\/12\/pdf-icon.png\" alt=\"\" width=\"50\" height=\"50\" \/> <a href=\"https:\/\/akum.lv\/wp-content\/uploads\/2020\/10\/Rocket_-L-125-Data-Sheet.pdf\">Rocket_ L-125 Data Sheet<\/a><\/strong><\/p>\n<p><strong>Made in Korea<\/strong><\/p>\n<p><strong>MOQ<\/strong>_Minim\u0101lais pas\u016bt\u012bjums 4 gab.!<br \/>\n\u041c\u0438\u043d\u0438\u043c\u0430\u043b\u044c\u043d\u044b\u0439 \u0437\u0430\u043a\u0430\u0437 4 \u0448\u0442!<\/p>\n<p><span style=\"color: #ff0000;\">Iepriek\u0161 j\u0101preciz\u0113 pieg\u0101des laiks un aktu\u0101l\u0101 cena!<\/span><br \/>\n\u0412\u0440\u0435\u043c\u044f \u0434\u043e\u0441\u0442\u0430\u0432\u043a\u0438 \u0438 \u0430\u043a\u0442\u0443\u0430\u043b\u044c\u043d\u0443\u044e \u0446\u0435\u043d\u0443 \u043d\u0443\u0436\u043d\u043e \u043f\u0440\u0435\u0434\u0432\u0430\u0440\u0438\u0442\u0435\u043b\u044c\u043d\u043e \u0443\u0442\u043e\u0447\u043d\u044f\u0442\u044c!<\/p>\n<p>Application:<br \/>\n\u2013 Hydraulic platforms<br \/>\n\u2013 Storage equipment<br \/>\n\u2013 Cleaning machines<br \/>\n\u2013 Green (solar &amp; wind) energy<br \/>\n\u2013 Golf cars<\/p>\n","protected":false},"featured_media":9209,"template":"","meta":[],"pwb-brand":[669],"product_brand":[],"product_cat":[488,276,267,279,614],"product_tag":[],"class_list":{"0":"post-9214","1":"product","2":"type-product","3":"status-publish","4":"has-post-thumbnail","6":"pwb-brand-rocket-ru","7":"product_cat-green-energy","8":"product_cat-akkumuljatory-wet-flooded-deep-cycle-1200-cycles-50-dod","9":"product_cat-akumulatori-elektro-transportam","10":"product_cat-akkumuljatory-dlja-nozhnichnyh-platform-stroitelnoj-i-skladskoj-tehniki","11":"product_cat-batteries-cleaning-equipment","12":"pif-has-gallery","14":"first","15":"instock","16":"featured","17":"taxable","18":"shipping-taxable","19":"purchasable","20":"product-type-simple"},"yoast_head":"<!-- This site is optimized with the Yoast SEO plugin v26.7 - https:\/\/yoast.com\/wordpress\/plugins\/seo\/ -->\n<title>Akumulator Rocket L-125 Deep cycle Flooded\/Wet Lead-Acid battery 6V C5-195Ah; C20-240Ah (L264 W181 H278) - www.akum.lv<\/title>\n<meta name=\"robots\" content=\"index, follow, max-snippet:-1, max-image-preview:large, max-video-preview:-1\" \/>\n<link rel=\"canonical\" href=\"https:\/\/akum.lv\/ru\/prece\/akumulator-rocket-l-125-deep-cycle-flooded-wet-lead-acid-battery-6v-c5-195ah-c20-240ah-l264-w181-h276\/\" \/>\n<meta property=\"og:locale\" content=\"ru_RU\" \/>\n<meta property=\"og:type\" content=\"article\" \/>\n<meta property=\"og:title\" content=\"Akumulator Rocket L-125 Deep cycle Flooded\/Wet Lead-Acid battery 6V C5-195Ah; C20-240Ah (L264 W181 H278) - www.akum.lv\" \/>\n<meta property=\"og:description\" content=\"Akumulator Rocket L-125 Deep cycle Flooded\/Wet Lead-Acid battery 6V C5-195Ah; C20-240Ah (L264 W181 H276), 30.60 kg, terminal - ELPT   Rocket_ L-125 Data Sheet  Made in Korea  MOQ_Minim\u0101lais pas\u016bt\u012bjums 4 gab.! \u041c\u0438\u043d\u0438\u043c\u0430\u043b\u044c\u043d\u044b\u0439 \u0437\u0430\u043a\u0430\u0437 4 \u0448\u0442!  Iepriek\u0161 j\u0101preciz\u0113 pieg\u0101des laiks un aktu\u0101l\u0101 cena! \u0412\u0440\u0435\u043c\u044f \u0434\u043e\u0441\u0442\u0430\u0432\u043a\u0438 \u0438 \u0430\u043a\u0442\u0443\u0430\u043b\u044c\u043d\u0443\u044e \u0446\u0435\u043d\u0443 \u043d\u0443\u0436\u043d\u043e \u043f\u0440\u0435\u0434\u0432\u0430\u0440\u0438\u0442\u0435\u043b\u044c\u043d\u043e \u0443\u0442\u043e\u0447\u043d\u044f\u0442\u044c!  Application: \u2013 Hydraulic platforms \u2013 Storage equipment \u2013 Cleaning machines \u2013 Green (solar &amp; wind) energy \u2013 Golf cars\" \/>\n<meta property=\"og:url\" content=\"https:\/\/akum.lv\/ru\/prece\/akumulator-rocket-l-125-deep-cycle-flooded-wet-lead-acid-battery-6v-c5-195ah-c20-240ah-l264-w181-h276\/\" \/>\n<meta property=\"og:site_name\" content=\"www.akum.lv\" \/>\n<meta property=\"article:modified_time\" content=\"2025-12-03T09:50:57+00:00\" \/>\n<meta property=\"og:image\" content=\"https:\/\/akum.lv\/wp-content\/uploads\/2020\/10\/L125PG_side.jpg\" \/>\n\t<meta property=\"og:image:width\" content=\"500\" \/>\n\t<meta property=\"og:image:height\" content=\"483\" \/>\n\t<meta property=\"og:image:type\" content=\"image\/jpeg\" \/>\n<meta name=\"twitter:card\" content=\"summary_large_image\" \/>\n<meta name=\"twitter:label1\" content=\"\u041f\u0440\u0438\u043c\u0435\u0440\u043d\u043e\u0435 \u0432\u0440\u0435\u043c\u044f \u0434\u043b\u044f \u0447\u0442\u0435\u043d\u0438\u044f\" \/>\n\t<meta name=\"twitter:data1\" content=\"1 \u043c\u0438\u043d\u0443\u0442\u0430\" \/>\n<script type=\"application\/ld+json\" class=\"yoast-schema-graph\">{\"@context\":\"https:\/\/schema.org\",\"@graph\":[{\"@type\":\"WebPage\",\"@id\":\"https:\/\/akum.lv\/ru\/prece\/akumulator-rocket-l-125-deep-cycle-flooded-wet-lead-acid-battery-6v-c5-195ah-c20-240ah-l264-w181-h276\/\",\"url\":\"https:\/\/akum.lv\/ru\/prece\/akumulator-rocket-l-125-deep-cycle-flooded-wet-lead-acid-battery-6v-c5-195ah-c20-240ah-l264-w181-h276\/\",\"name\":\"Akumulator Rocket L-125 Deep cycle Flooded\/Wet Lead-Acid battery 6V C5-195Ah; C20-240Ah (L264 W181 H278) - www.akum.lv\",\"isPartOf\":{\"@id\":\"https:\/\/akum.lv\/#website\"},\"primaryImageOfPage\":{\"@id\":\"https:\/\/akum.lv\/ru\/prece\/akumulator-rocket-l-125-deep-cycle-flooded-wet-lead-acid-battery-6v-c5-195ah-c20-240ah-l264-w181-h276\/#primaryimage\"},\"image\":{\"@id\":\"https:\/\/akum.lv\/ru\/prece\/akumulator-rocket-l-125-deep-cycle-flooded-wet-lead-acid-battery-6v-c5-195ah-c20-240ah-l264-w181-h276\/#primaryimage\"},\"thumbnailUrl\":\"https:\/\/akum.lv\/wp-content\/uploads\/2020\/10\/L125PG_side.jpg\",\"datePublished\":\"2020-10-22T11:37:12+00:00\",\"dateModified\":\"2025-12-03T09:50:57+00:00\",\"breadcrumb\":{\"@id\":\"https:\/\/akum.lv\/ru\/prece\/akumulator-rocket-l-125-deep-cycle-flooded-wet-lead-acid-battery-6v-c5-195ah-c20-240ah-l264-w181-h276\/#breadcrumb\"},\"inLanguage\":\"ru-RU\",\"potentialAction\":[{\"@type\":\"ReadAction\",\"target\":[\"https:\/\/akum.lv\/ru\/prece\/akumulator-rocket-l-125-deep-cycle-flooded-wet-lead-acid-battery-6v-c5-195ah-c20-240ah-l264-w181-h276\/\"]}]},{\"@type\":\"ImageObject\",\"inLanguage\":\"ru-RU\",\"@id\":\"https:\/\/akum.lv\/ru\/prece\/akumulator-rocket-l-125-deep-cycle-flooded-wet-lead-acid-battery-6v-c5-195ah-c20-240ah-l264-w181-h276\/#primaryimage\",\"url\":\"https:\/\/akum.lv\/wp-content\/uploads\/2020\/10\/L125PG_side.jpg\",\"contentUrl\":\"https:\/\/akum.lv\/wp-content\/uploads\/2020\/10\/L125PG_side.jpg\",\"width\":500,\"height\":483},{\"@type\":\"BreadcrumbList\",\"@id\":\"https:\/\/akum.lv\/ru\/prece\/akumulator-rocket-l-125-deep-cycle-flooded-wet-lead-acid-battery-6v-c5-195ah-c20-240ah-l264-w181-h276\/#breadcrumb\",\"itemListElement\":[{\"@type\":\"ListItem\",\"position\":1,\"name\":\"\u0413\u043b\u0430\u0432\u043d\u0430\u044f \u0441\u0442\u0440\u0430\u043d\u0438\u0446\u0430\",\"item\":\"https:\/\/akum.lv\/ru\/\"},{\"@type\":\"ListItem\",\"position\":2,\"name\":\"PRECES\",\"item\":\"https:\/\/akum.lv\/produkti-preces\/\"},{\"@type\":\"ListItem\",\"position\":3,\"name\":\"Akumulator Rocket L-125 Deep cycle Flooded\/Wet Lead-Acid battery 6V C5-195Ah; C20-240Ah (L264 W181 H278)\"}]},{\"@type\":\"WebSite\",\"@id\":\"https:\/\/akum.lv\/#website\",\"url\":\"https:\/\/akum.lv\/\",\"name\":\"www.akum.lv\",\"description\":\"Akumulatoru p\u0101rdev\u0113js | \u041f\u0440\u043e\u0434\u0430\u0432\u0435\u0446 \u0430\u043a\u043a\u0443\u043c\u0443\u043b\u044f\u0442\u043e\u0440\u043e\u0432 | Battery seller\",\"publisher\":{\"@id\":\"https:\/\/akum.lv\/#organization\"},\"potentialAction\":[{\"@type\":\"SearchAction\",\"target\":{\"@type\":\"EntryPoint\",\"urlTemplate\":\"https:\/\/akum.lv\/?s={search_term_string}\"},\"query-input\":{\"@type\":\"PropertyValueSpecification\",\"valueRequired\":true,\"valueName\":\"search_term_string\"}}],\"inLanguage\":\"ru-RU\"},{\"@type\":\"Organization\",\"@id\":\"https:\/\/akum.lv\/#organization\",\"name\":\"HubEnergy\",\"url\":\"https:\/\/akum.lv\/\",\"logo\":{\"@type\":\"ImageObject\",\"inLanguage\":\"ru-RU\",\"@id\":\"https:\/\/akum.lv\/#\/schema\/logo\/image\/\",\"url\":\"https:\/\/akum.lv\/wp-content\/uploads\/2018\/08\/Logo-hub-energy-2018-seller-dark-blue.png\",\"contentUrl\":\"https:\/\/akum.lv\/wp-content\/uploads\/2018\/08\/Logo-hub-energy-2018-seller-dark-blue.png\",\"width\":381,\"height\":75,\"caption\":\"HubEnergy\"},\"image\":{\"@id\":\"https:\/\/akum.lv\/#\/schema\/logo\/image\/\"}}]}<\/script>\n<!-- \/ Yoast SEO plugin. -->","yoast_head_json":{"title":"Akumulator Rocket L-125 Deep cycle Flooded\/Wet Lead-Acid battery 6V C5-195Ah; C20-240Ah (L264 W181 H278) - www.akum.lv","robots":{"index":"index","follow":"follow","max-snippet":"max-snippet:-1","max-image-preview":"max-image-preview:large","max-video-preview":"max-video-preview:-1"},"canonical":"https:\/\/akum.lv\/ru\/prece\/akumulator-rocket-l-125-deep-cycle-flooded-wet-lead-acid-battery-6v-c5-195ah-c20-240ah-l264-w181-h276\/","og_locale":"ru_RU","og_type":"article","og_title":"Akumulator Rocket L-125 Deep cycle Flooded\/Wet Lead-Acid battery 6V C5-195Ah; C20-240Ah (L264 W181 H278) - www.akum.lv","og_description":"Akumulator Rocket L-125 Deep cycle Flooded\/Wet Lead-Acid battery 6V C5-195Ah; C20-240Ah (L264 W181 H276), 30.60 kg, terminal - ELPT   Rocket_ L-125 Data Sheet  Made in Korea  MOQ_Minim\u0101lais pas\u016bt\u012bjums 4 gab.! \u041c\u0438\u043d\u0438\u043c\u0430\u043b\u044c\u043d\u044b\u0439 \u0437\u0430\u043a\u0430\u0437 4 \u0448\u0442!  Iepriek\u0161 j\u0101preciz\u0113 pieg\u0101des laiks un aktu\u0101l\u0101 cena! \u0412\u0440\u0435\u043c\u044f \u0434\u043e\u0441\u0442\u0430\u0432\u043a\u0438 \u0438 \u0430\u043a\u0442\u0443\u0430\u043b\u044c\u043d\u0443\u044e \u0446\u0435\u043d\u0443 \u043d\u0443\u0436\u043d\u043e \u043f\u0440\u0435\u0434\u0432\u0430\u0440\u0438\u0442\u0435\u043b\u044c\u043d\u043e \u0443\u0442\u043e\u0447\u043d\u044f\u0442\u044c!  Application: \u2013 Hydraulic platforms \u2013 Storage equipment \u2013 Cleaning machines \u2013 Green (solar &amp; wind) energy \u2013 Golf cars","og_url":"https:\/\/akum.lv\/ru\/prece\/akumulator-rocket-l-125-deep-cycle-flooded-wet-lead-acid-battery-6v-c5-195ah-c20-240ah-l264-w181-h276\/","og_site_name":"www.akum.lv","article_modified_time":"2025-12-03T09:50:57+00:00","og_image":[{"width":500,"height":483,"url":"https:\/\/akum.lv\/wp-content\/uploads\/2020\/10\/L125PG_side.jpg","type":"image\/jpeg"}],"twitter_card":"summary_large_image","twitter_misc":{"\u041f\u0440\u0438\u043c\u0435\u0440\u043d\u043e\u0435 \u0432\u0440\u0435\u043c\u044f \u0434\u043b\u044f \u0447\u0442\u0435\u043d\u0438\u044f":"1 \u043c\u0438\u043d\u0443\u0442\u0430"},"schema":{"@context":"https:\/\/schema.org","@graph":[{"@type":"WebPage","@id":"https:\/\/akum.lv\/ru\/prece\/akumulator-rocket-l-125-deep-cycle-flooded-wet-lead-acid-battery-6v-c5-195ah-c20-240ah-l264-w181-h276\/","url":"https:\/\/akum.lv\/ru\/prece\/akumulator-rocket-l-125-deep-cycle-flooded-wet-lead-acid-battery-6v-c5-195ah-c20-240ah-l264-w181-h276\/","name":"Akumulator Rocket L-125 Deep cycle Flooded\/Wet Lead-Acid battery 6V C5-195Ah; C20-240Ah (L264 W181 H278) - www.akum.lv","isPartOf":{"@id":"https:\/\/akum.lv\/#website"},"primaryImageOfPage":{"@id":"https:\/\/akum.lv\/ru\/prece\/akumulator-rocket-l-125-deep-cycle-flooded-wet-lead-acid-battery-6v-c5-195ah-c20-240ah-l264-w181-h276\/#primaryimage"},"image":{"@id":"https:\/\/akum.lv\/ru\/prece\/akumulator-rocket-l-125-deep-cycle-flooded-wet-lead-acid-battery-6v-c5-195ah-c20-240ah-l264-w181-h276\/#primaryimage"},"thumbnailUrl":"https:\/\/akum.lv\/wp-content\/uploads\/2020\/10\/L125PG_side.jpg","datePublished":"2020-10-22T11:37:12+00:00","dateModified":"2025-12-03T09:50:57+00:00","breadcrumb":{"@id":"https:\/\/akum.lv\/ru\/prece\/akumulator-rocket-l-125-deep-cycle-flooded-wet-lead-acid-battery-6v-c5-195ah-c20-240ah-l264-w181-h276\/#breadcrumb"},"inLanguage":"ru-RU","potentialAction":[{"@type":"ReadAction","target":["https:\/\/akum.lv\/ru\/prece\/akumulator-rocket-l-125-deep-cycle-flooded-wet-lead-acid-battery-6v-c5-195ah-c20-240ah-l264-w181-h276\/"]}]},{"@type":"ImageObject","inLanguage":"ru-RU","@id":"https:\/\/akum.lv\/ru\/prece\/akumulator-rocket-l-125-deep-cycle-flooded-wet-lead-acid-battery-6v-c5-195ah-c20-240ah-l264-w181-h276\/#primaryimage","url":"https:\/\/akum.lv\/wp-content\/uploads\/2020\/10\/L125PG_side.jpg","contentUrl":"https:\/\/akum.lv\/wp-content\/uploads\/2020\/10\/L125PG_side.jpg","width":500,"height":483},{"@type":"BreadcrumbList","@id":"https:\/\/akum.lv\/ru\/prece\/akumulator-rocket-l-125-deep-cycle-flooded-wet-lead-acid-battery-6v-c5-195ah-c20-240ah-l264-w181-h276\/#breadcrumb","itemListElement":[{"@type":"ListItem","position":1,"name":"\u0413\u043b\u0430\u0432\u043d\u0430\u044f \u0441\u0442\u0440\u0430\u043d\u0438\u0446\u0430","item":"https:\/\/akum.lv\/ru\/"},{"@type":"ListItem","position":2,"name":"PRECES","item":"https:\/\/akum.lv\/produkti-preces\/"},{"@type":"ListItem","position":3,"name":"Akumulator Rocket L-125 Deep cycle Flooded\/Wet Lead-Acid battery 6V C5-195Ah; C20-240Ah (L264 W181 H278)"}]},{"@type":"WebSite","@id":"https:\/\/akum.lv\/#website","url":"https:\/\/akum.lv\/","name":"www.akum.lv","description":"Akumulatoru p\u0101rdev\u0113js | \u041f\u0440\u043e\u0434\u0430\u0432\u0435\u0446 \u0430\u043a\u043a\u0443\u043c\u0443\u043b\u044f\u0442\u043e\u0440\u043e\u0432 | Battery seller","publisher":{"@id":"https:\/\/akum.lv\/#organization"},"potentialAction":[{"@type":"SearchAction","target":{"@type":"EntryPoint","urlTemplate":"https:\/\/akum.lv\/?s={search_term_string}"},"query-input":{"@type":"PropertyValueSpecification","valueRequired":true,"valueName":"search_term_string"}}],"inLanguage":"ru-RU"},{"@type":"Organization","@id":"https:\/\/akum.lv\/#organization","name":"HubEnergy","url":"https:\/\/akum.lv\/","logo":{"@type":"ImageObject","inLanguage":"ru-RU","@id":"https:\/\/akum.lv\/#\/schema\/logo\/image\/","url":"https:\/\/akum.lv\/wp-content\/uploads\/2018\/08\/Logo-hub-energy-2018-seller-dark-blue.png","contentUrl":"https:\/\/akum.lv\/wp-content\/uploads\/2018\/08\/Logo-hub-energy-2018-seller-dark-blue.png","width":381,"height":75,"caption":"HubEnergy"},"image":{"@id":"https:\/\/akum.lv\/#\/schema\/logo\/image\/"}}]}},"brands":[{"id":669,"name":"Rocket","slug":"rocket-ru"}],"_links":{"self":[{"href":"https:\/\/akum.lv\/ru\/wp-json\/wp\/v2\/product\/9214","targetHints":{"allow":["GET"]}}],"collection":[{"href":"https:\/\/akum.lv\/ru\/wp-json\/wp\/v2\/product"}],"about":[{"href":"https:\/\/akum.lv\/ru\/wp-json\/wp\/v2\/types\/product"}],"wp:featuredmedia":[{"embeddable":true,"href":"https:\/\/akum.lv\/ru\/wp-json\/wp\/v2\/media\/9209"}],"wp:attachment":[{"href":"https:\/\/akum.lv\/ru\/wp-json\/wp\/v2\/media?parent=9214"}],"wp:term":[{"taxonomy":"pwb-brand","embeddable":true,"href":"https:\/\/akum.lv\/ru\/wp-json\/wp\/v2\/pwb-brand?post=9214"},{"taxonomy":"product_brand","embeddable":true,"href":"https:\/\/akum.lv\/ru\/wp-json\/wp\/v2\/product_brand?post=9214"},{"taxonomy":"product_cat","embeddable":true,"href":"https:\/\/akum.lv\/ru\/wp-json\/wp\/v2\/product_cat?post=9214"},{"taxonomy":"product_tag","embeddable":true,"href":"https:\/\/akum.lv\/ru\/wp-json\/wp\/v2\/product_tag?post=9214"}],"curies":[{"name":"wp","href":"https:\/\/api.w.org\/{rel}","templated":true}]}}