{"id":9190,"date":"2020-10-21T19:38:45","date_gmt":"2020-10-21T19:38:45","guid":{"rendered":"https:\/\/akum.lv\/product\/akumulators-tuborg-hobby-tm600-000-12v-c20-100ah-c5-85ah-deep-cycle-battery-l353-w175-h190-a-terminal\/"},"modified":"2025-04-15T08:24:15","modified_gmt":"2025-04-15T08:24:15","slug":"akumulators-tuborg-hobby-tm600-000-12v-c20-100ah-c5-85ah-deep-cycle-battery-l353-w175-h190-a-terminal","status":"publish","type":"product","link":"https:\/\/akum.lv\/ru\/prece\/akumulators-tuborg-hobby-tm600-000-12v-c20-100ah-c5-85ah-deep-cycle-battery-l353-w175-h190-a-terminal\/","title":{"rendered":"Akumulators TUBORG-HOBBY TM600-000 12V C20-100Ah; C5-85Ah Deep Cycle battery L353 W175 H190 A-terminal"},"content":{"rendered":"","protected":false},"excerpt":{"rendered":"<p>Akumulators TUBORG-HOBBY TM615-000 12V C20-115Ah; C5-95Ah Deep Cycle battery L353 W175 H190 A-terminal<\/p>\n<p><img loading=\"lazy\" decoding=\"async\" class=\"alignnone wp-image-8775\" src=\"https:\/\/akum.lv\/wp-content\/uploads\/2020\/08\/diogramma-300x223.png\" alt=\"\" width=\"485\" height=\"361\" srcset=\"https:\/\/akum.lv\/wp-content\/uploads\/2020\/08\/diogramma-300x223.png 300w, https:\/\/akum.lv\/wp-content\/uploads\/2020\/08\/diogramma.png 536w\" sizes=\"auto, (max-width: 485px) 100vw, 485px\" \/><\/p>\n<p>Izl\u0101des dzi\u013cums l\u012bdz 750-800 cikliem izl\u0101des laik\u0101 ne vair\u0101k k\u0101 50%<\/p>\n<p>\u0413\u043b\u0443\u0431\u0438\u043d\u0430 \u0440\u0430\u0437\u0440\u044f\u0434\u0430 \u0434\u043e 750-800 \u0446\u0438\u043a\u043b\u043e\u0432 \u043f\u0440\u0438 \u0440\u0430\u0437\u0440\u044f\u0434\u043a\u0435 \u043d\u0435 \u0431\u043e\u043b\u0435\u0435 50%<\/p>\n<p>Pielietojums: \/ \u041f\u0440\u0438\u043c\u0435\u043d\u0435\u043d\u0438\u0435:<br \/>\n\u016bdens transports \/ \u0432\u043e\u0434\u043d\u044b\u0439 \u0442\u0440\u0430\u043d\u0441\u043f\u043e\u0440\u0442<br \/>\nelektromotori \/ \u044d\u043b\u0435\u043a\u0442\u0440\u043e\u043c\u043e\u0442\u043e\u0440\u044b<br \/>\nkemperi \/ \u043a\u0435\u043c\u043f\u0435\u0440\u044b<br \/>\nelektriskais transports \/ \u044d\u043b\u0435\u043a\u0442\u0440\u043e\u0442\u0440\u0430\u043d\u0441\u043f\u043e\u0440\u0442<br \/>\nelektrotehnika noliktavai \/ \u044d\u043b\u0435\u043a\u0442\u0440\u043e\u0442\u0435\u0445\u043d\u0438\u043a\u0430 \u0434\u043b\u044f \u0441\u043a\u043b\u0430\u0434\u0430<\/p>\n","protected":false},"featured_media":9188,"template":"","meta":[],"pwb-brand":[642],"product_brand":[],"product_cat":[270,272,273,276,267,279],"product_tag":[],"class_list":{"0":"post-9190","1":"product","2":"type-product","3":"status-publish","4":"has-post-thumbnail","6":"pwb-brand-tuborg-ru","7":"product_cat-akkumuljatory-dlja-vodnogo-transporta","8":"product_cat-akumulatori-laivu-elektromotoriem-eholotei","9":"product_cat-akkumuljatory-dlja-jaht-i-katerov","10":"product_cat-akkumuljatory-wet-flooded-deep-cycle-1200-cycles-50-dod","11":"product_cat-akumulatori-elektro-transportam","12":"product_cat-akkumuljatory-dlja-nozhnichnyh-platform-stroitelnoj-i-skladskoj-tehniki","13":"pif-has-gallery","15":"first","16":"instock","17":"taxable","18":"shipping-taxable","19":"purchasable","20":"product-type-simple"},"yoast_head":"<!-- This site is optimized with the Yoast SEO plugin v26.7 - https:\/\/yoast.com\/wordpress\/plugins\/seo\/ -->\n<title>Akumulators TUBORG-HOBBY TM600-000 12V C20-100Ah; C5-85Ah Deep Cycle battery L353 W175 H190 A-terminal - www.akum.lv<\/title>\n<meta name=\"robots\" content=\"index, follow, max-snippet:-1, max-image-preview:large, max-video-preview:-1\" \/>\n<link rel=\"canonical\" href=\"https:\/\/akum.lv\/ru\/prece\/akumulators-tuborg-hobby-tm600-000-12v-c20-100ah-c5-85ah-deep-cycle-battery-l353-w175-h190-a-terminal\/\" \/>\n<meta property=\"og:locale\" content=\"ru_RU\" \/>\n<meta property=\"og:type\" content=\"article\" \/>\n<meta property=\"og:title\" content=\"Akumulators TUBORG-HOBBY TM600-000 12V C20-100Ah; C5-85Ah Deep Cycle battery L353 W175 H190 A-terminal - www.akum.lv\" \/>\n<meta property=\"og:description\" content=\"Akumulators TUBORG-HOBBY TM615-000 12V C20-115Ah; C5-95Ah Deep Cycle battery L353 W175 H190 A-terminal    Izl\u0101des dzi\u013cums l\u012bdz 750-800 cikliem izl\u0101des laik\u0101 ne vair\u0101k k\u0101 50%  \u0413\u043b\u0443\u0431\u0438\u043d\u0430 \u0440\u0430\u0437\u0440\u044f\u0434\u0430 \u0434\u043e 750-800 \u0446\u0438\u043a\u043b\u043e\u0432 \u043f\u0440\u0438 \u0440\u0430\u0437\u0440\u044f\u0434\u043a\u0435 \u043d\u0435 \u0431\u043e\u043b\u0435\u0435 50%  Pielietojums: \/ \u041f\u0440\u0438\u043c\u0435\u043d\u0435\u043d\u0438\u0435: \u016bdens transports \/ \u0432\u043e\u0434\u043d\u044b\u0439 \u0442\u0440\u0430\u043d\u0441\u043f\u043e\u0440\u0442 elektromotori \/ \u044d\u043b\u0435\u043a\u0442\u0440\u043e\u043c\u043e\u0442\u043e\u0440\u044b kemperi \/ \u043a\u0435\u043c\u043f\u0435\u0440\u044b elektriskais transports \/ \u044d\u043b\u0435\u043a\u0442\u0440\u043e\u0442\u0440\u0430\u043d\u0441\u043f\u043e\u0440\u0442 elektrotehnika noliktavai \/ \u044d\u043b\u0435\u043a\u0442\u0440\u043e\u0442\u0435\u0445\u043d\u0438\u043a\u0430 \u0434\u043b\u044f \u0441\u043a\u043b\u0430\u0434\u0430\" \/>\n<meta property=\"og:url\" content=\"https:\/\/akum.lv\/ru\/prece\/akumulators-tuborg-hobby-tm600-000-12v-c20-100ah-c5-85ah-deep-cycle-battery-l353-w175-h190-a-terminal\/\" \/>\n<meta property=\"og:site_name\" content=\"www.akum.lv\" \/>\n<meta property=\"article:modified_time\" content=\"2025-04-15T08:24:15+00:00\" \/>\n<meta property=\"og:image\" content=\"https:\/\/akum.lv\/wp-content\/uploads\/2020\/10\/TM600.jpg\" \/>\n\t<meta property=\"og:image:width\" content=\"400\" \/>\n\t<meta property=\"og:image:height\" content=\"274\" \/>\n\t<meta property=\"og:image:type\" content=\"image\/jpeg\" \/>\n<meta name=\"twitter:card\" content=\"summary_large_image\" \/>\n<meta name=\"twitter:label1\" content=\"\u041f\u0440\u0438\u043c\u0435\u0440\u043d\u043e\u0435 \u0432\u0440\u0435\u043c\u044f \u0434\u043b\u044f \u0447\u0442\u0435\u043d\u0438\u044f\" \/>\n\t<meta name=\"twitter:data1\" content=\"1 \u043c\u0438\u043d\u0443\u0442\u0430\" \/>\n<script type=\"application\/ld+json\" class=\"yoast-schema-graph\">{\"@context\":\"https:\/\/schema.org\",\"@graph\":[{\"@type\":\"WebPage\",\"@id\":\"https:\/\/akum.lv\/ru\/prece\/akumulators-tuborg-hobby-tm600-000-12v-c20-100ah-c5-85ah-deep-cycle-battery-l353-w175-h190-a-terminal\/\",\"url\":\"https:\/\/akum.lv\/ru\/prece\/akumulators-tuborg-hobby-tm600-000-12v-c20-100ah-c5-85ah-deep-cycle-battery-l353-w175-h190-a-terminal\/\",\"name\":\"Akumulators TUBORG-HOBBY TM600-000 12V C20-100Ah; C5-85Ah Deep Cycle battery L353 W175 H190 A-terminal - www.akum.lv\",\"isPartOf\":{\"@id\":\"https:\/\/akum.lv\/#website\"},\"primaryImageOfPage\":{\"@id\":\"https:\/\/akum.lv\/ru\/prece\/akumulators-tuborg-hobby-tm600-000-12v-c20-100ah-c5-85ah-deep-cycle-battery-l353-w175-h190-a-terminal\/#primaryimage\"},\"image\":{\"@id\":\"https:\/\/akum.lv\/ru\/prece\/akumulators-tuborg-hobby-tm600-000-12v-c20-100ah-c5-85ah-deep-cycle-battery-l353-w175-h190-a-terminal\/#primaryimage\"},\"thumbnailUrl\":\"https:\/\/akum.lv\/wp-content\/uploads\/2020\/10\/TM600.jpg\",\"datePublished\":\"2020-10-21T19:38:45+00:00\",\"dateModified\":\"2025-04-15T08:24:15+00:00\",\"breadcrumb\":{\"@id\":\"https:\/\/akum.lv\/ru\/prece\/akumulators-tuborg-hobby-tm600-000-12v-c20-100ah-c5-85ah-deep-cycle-battery-l353-w175-h190-a-terminal\/#breadcrumb\"},\"inLanguage\":\"ru-RU\",\"potentialAction\":[{\"@type\":\"ReadAction\",\"target\":[\"https:\/\/akum.lv\/ru\/prece\/akumulators-tuborg-hobby-tm600-000-12v-c20-100ah-c5-85ah-deep-cycle-battery-l353-w175-h190-a-terminal\/\"]}]},{\"@type\":\"ImageObject\",\"inLanguage\":\"ru-RU\",\"@id\":\"https:\/\/akum.lv\/ru\/prece\/akumulators-tuborg-hobby-tm600-000-12v-c20-100ah-c5-85ah-deep-cycle-battery-l353-w175-h190-a-terminal\/#primaryimage\",\"url\":\"https:\/\/akum.lv\/wp-content\/uploads\/2020\/10\/TM600.jpg\",\"contentUrl\":\"https:\/\/akum.lv\/wp-content\/uploads\/2020\/10\/TM600.jpg\",\"width\":400,\"height\":274},{\"@type\":\"BreadcrumbList\",\"@id\":\"https:\/\/akum.lv\/ru\/prece\/akumulators-tuborg-hobby-tm600-000-12v-c20-100ah-c5-85ah-deep-cycle-battery-l353-w175-h190-a-terminal\/#breadcrumb\",\"itemListElement\":[{\"@type\":\"ListItem\",\"position\":1,\"name\":\"\u0413\u043b\u0430\u0432\u043d\u0430\u044f \u0441\u0442\u0440\u0430\u043d\u0438\u0446\u0430\",\"item\":\"https:\/\/akum.lv\/ru\/\"},{\"@type\":\"ListItem\",\"position\":2,\"name\":\"PRECES\",\"item\":\"https:\/\/akum.lv\/produkti-preces\/\"},{\"@type\":\"ListItem\",\"position\":3,\"name\":\"Akumulators TUBORG-HOBBY TM600-000 12V C20-100Ah; C5-85Ah Deep Cycle battery L353 W175 H190 A-terminal\"}]},{\"@type\":\"WebSite\",\"@id\":\"https:\/\/akum.lv\/#website\",\"url\":\"https:\/\/akum.lv\/\",\"name\":\"www.akum.lv\",\"description\":\"Akumulatoru p\u0101rdev\u0113js | \u041f\u0440\u043e\u0434\u0430\u0432\u0435\u0446 \u0430\u043a\u043a\u0443\u043c\u0443\u043b\u044f\u0442\u043e\u0440\u043e\u0432 | Battery seller\",\"publisher\":{\"@id\":\"https:\/\/akum.lv\/#organization\"},\"potentialAction\":[{\"@type\":\"SearchAction\",\"target\":{\"@type\":\"EntryPoint\",\"urlTemplate\":\"https:\/\/akum.lv\/?s={search_term_string}\"},\"query-input\":{\"@type\":\"PropertyValueSpecification\",\"valueRequired\":true,\"valueName\":\"search_term_string\"}}],\"inLanguage\":\"ru-RU\"},{\"@type\":\"Organization\",\"@id\":\"https:\/\/akum.lv\/#organization\",\"name\":\"HubEnergy\",\"url\":\"https:\/\/akum.lv\/\",\"logo\":{\"@type\":\"ImageObject\",\"inLanguage\":\"ru-RU\",\"@id\":\"https:\/\/akum.lv\/#\/schema\/logo\/image\/\",\"url\":\"https:\/\/akum.lv\/wp-content\/uploads\/2018\/08\/Logo-hub-energy-2018-seller-dark-blue.png\",\"contentUrl\":\"https:\/\/akum.lv\/wp-content\/uploads\/2018\/08\/Logo-hub-energy-2018-seller-dark-blue.png\",\"width\":381,\"height\":75,\"caption\":\"HubEnergy\"},\"image\":{\"@id\":\"https:\/\/akum.lv\/#\/schema\/logo\/image\/\"}}]}<\/script>\n<!-- \/ Yoast SEO plugin. -->","yoast_head_json":{"title":"Akumulators TUBORG-HOBBY TM600-000 12V C20-100Ah; C5-85Ah Deep Cycle battery L353 W175 H190 A-terminal - www.akum.lv","robots":{"index":"index","follow":"follow","max-snippet":"max-snippet:-1","max-image-preview":"max-image-preview:large","max-video-preview":"max-video-preview:-1"},"canonical":"https:\/\/akum.lv\/ru\/prece\/akumulators-tuborg-hobby-tm600-000-12v-c20-100ah-c5-85ah-deep-cycle-battery-l353-w175-h190-a-terminal\/","og_locale":"ru_RU","og_type":"article","og_title":"Akumulators TUBORG-HOBBY TM600-000 12V C20-100Ah; C5-85Ah Deep Cycle battery L353 W175 H190 A-terminal - www.akum.lv","og_description":"Akumulators TUBORG-HOBBY TM615-000 12V C20-115Ah; C5-95Ah Deep Cycle battery L353 W175 H190 A-terminal    Izl\u0101des dzi\u013cums l\u012bdz 750-800 cikliem izl\u0101des laik\u0101 ne vair\u0101k k\u0101 50%  \u0413\u043b\u0443\u0431\u0438\u043d\u0430 \u0440\u0430\u0437\u0440\u044f\u0434\u0430 \u0434\u043e 750-800 \u0446\u0438\u043a\u043b\u043e\u0432 \u043f\u0440\u0438 \u0440\u0430\u0437\u0440\u044f\u0434\u043a\u0435 \u043d\u0435 \u0431\u043e\u043b\u0435\u0435 50%  Pielietojums: \/ \u041f\u0440\u0438\u043c\u0435\u043d\u0435\u043d\u0438\u0435: \u016bdens transports \/ \u0432\u043e\u0434\u043d\u044b\u0439 \u0442\u0440\u0430\u043d\u0441\u043f\u043e\u0440\u0442 elektromotori \/ \u044d\u043b\u0435\u043a\u0442\u0440\u043e\u043c\u043e\u0442\u043e\u0440\u044b kemperi \/ \u043a\u0435\u043c\u043f\u0435\u0440\u044b elektriskais transports \/ \u044d\u043b\u0435\u043a\u0442\u0440\u043e\u0442\u0440\u0430\u043d\u0441\u043f\u043e\u0440\u0442 elektrotehnika noliktavai \/ \u044d\u043b\u0435\u043a\u0442\u0440\u043e\u0442\u0435\u0445\u043d\u0438\u043a\u0430 \u0434\u043b\u044f \u0441\u043a\u043b\u0430\u0434\u0430","og_url":"https:\/\/akum.lv\/ru\/prece\/akumulators-tuborg-hobby-tm600-000-12v-c20-100ah-c5-85ah-deep-cycle-battery-l353-w175-h190-a-terminal\/","og_site_name":"www.akum.lv","article_modified_time":"2025-04-15T08:24:15+00:00","og_image":[{"width":400,"height":274,"url":"https:\/\/akum.lv\/wp-content\/uploads\/2020\/10\/TM600.jpg","type":"image\/jpeg"}],"twitter_card":"summary_large_image","twitter_misc":{"\u041f\u0440\u0438\u043c\u0435\u0440\u043d\u043e\u0435 \u0432\u0440\u0435\u043c\u044f \u0434\u043b\u044f \u0447\u0442\u0435\u043d\u0438\u044f":"1 \u043c\u0438\u043d\u0443\u0442\u0430"},"schema":{"@context":"https:\/\/schema.org","@graph":[{"@type":"WebPage","@id":"https:\/\/akum.lv\/ru\/prece\/akumulators-tuborg-hobby-tm600-000-12v-c20-100ah-c5-85ah-deep-cycle-battery-l353-w175-h190-a-terminal\/","url":"https:\/\/akum.lv\/ru\/prece\/akumulators-tuborg-hobby-tm600-000-12v-c20-100ah-c5-85ah-deep-cycle-battery-l353-w175-h190-a-terminal\/","name":"Akumulators TUBORG-HOBBY TM600-000 12V C20-100Ah; C5-85Ah Deep Cycle battery L353 W175 H190 A-terminal - www.akum.lv","isPartOf":{"@id":"https:\/\/akum.lv\/#website"},"primaryImageOfPage":{"@id":"https:\/\/akum.lv\/ru\/prece\/akumulators-tuborg-hobby-tm600-000-12v-c20-100ah-c5-85ah-deep-cycle-battery-l353-w175-h190-a-terminal\/#primaryimage"},"image":{"@id":"https:\/\/akum.lv\/ru\/prece\/akumulators-tuborg-hobby-tm600-000-12v-c20-100ah-c5-85ah-deep-cycle-battery-l353-w175-h190-a-terminal\/#primaryimage"},"thumbnailUrl":"https:\/\/akum.lv\/wp-content\/uploads\/2020\/10\/TM600.jpg","datePublished":"2020-10-21T19:38:45+00:00","dateModified":"2025-04-15T08:24:15+00:00","breadcrumb":{"@id":"https:\/\/akum.lv\/ru\/prece\/akumulators-tuborg-hobby-tm600-000-12v-c20-100ah-c5-85ah-deep-cycle-battery-l353-w175-h190-a-terminal\/#breadcrumb"},"inLanguage":"ru-RU","potentialAction":[{"@type":"ReadAction","target":["https:\/\/akum.lv\/ru\/prece\/akumulators-tuborg-hobby-tm600-000-12v-c20-100ah-c5-85ah-deep-cycle-battery-l353-w175-h190-a-terminal\/"]}]},{"@type":"ImageObject","inLanguage":"ru-RU","@id":"https:\/\/akum.lv\/ru\/prece\/akumulators-tuborg-hobby-tm600-000-12v-c20-100ah-c5-85ah-deep-cycle-battery-l353-w175-h190-a-terminal\/#primaryimage","url":"https:\/\/akum.lv\/wp-content\/uploads\/2020\/10\/TM600.jpg","contentUrl":"https:\/\/akum.lv\/wp-content\/uploads\/2020\/10\/TM600.jpg","width":400,"height":274},{"@type":"BreadcrumbList","@id":"https:\/\/akum.lv\/ru\/prece\/akumulators-tuborg-hobby-tm600-000-12v-c20-100ah-c5-85ah-deep-cycle-battery-l353-w175-h190-a-terminal\/#breadcrumb","itemListElement":[{"@type":"ListItem","position":1,"name":"\u0413\u043b\u0430\u0432\u043d\u0430\u044f \u0441\u0442\u0440\u0430\u043d\u0438\u0446\u0430","item":"https:\/\/akum.lv\/ru\/"},{"@type":"ListItem","position":2,"name":"PRECES","item":"https:\/\/akum.lv\/produkti-preces\/"},{"@type":"ListItem","position":3,"name":"Akumulators TUBORG-HOBBY TM600-000 12V C20-100Ah; C5-85Ah Deep Cycle battery L353 W175 H190 A-terminal"}]},{"@type":"WebSite","@id":"https:\/\/akum.lv\/#website","url":"https:\/\/akum.lv\/","name":"www.akum.lv","description":"Akumulatoru p\u0101rdev\u0113js | \u041f\u0440\u043e\u0434\u0430\u0432\u0435\u0446 \u0430\u043a\u043a\u0443\u043c\u0443\u043b\u044f\u0442\u043e\u0440\u043e\u0432 | Battery seller","publisher":{"@id":"https:\/\/akum.lv\/#organization"},"potentialAction":[{"@type":"SearchAction","target":{"@type":"EntryPoint","urlTemplate":"https:\/\/akum.lv\/?s={search_term_string}"},"query-input":{"@type":"PropertyValueSpecification","valueRequired":true,"valueName":"search_term_string"}}],"inLanguage":"ru-RU"},{"@type":"Organization","@id":"https:\/\/akum.lv\/#organization","name":"HubEnergy","url":"https:\/\/akum.lv\/","logo":{"@type":"ImageObject","inLanguage":"ru-RU","@id":"https:\/\/akum.lv\/#\/schema\/logo\/image\/","url":"https:\/\/akum.lv\/wp-content\/uploads\/2018\/08\/Logo-hub-energy-2018-seller-dark-blue.png","contentUrl":"https:\/\/akum.lv\/wp-content\/uploads\/2018\/08\/Logo-hub-energy-2018-seller-dark-blue.png","width":381,"height":75,"caption":"HubEnergy"},"image":{"@id":"https:\/\/akum.lv\/#\/schema\/logo\/image\/"}}]}},"brands":[{"id":642,"name":"TUBORG","slug":"tuborg-ru"}],"_links":{"self":[{"href":"https:\/\/akum.lv\/ru\/wp-json\/wp\/v2\/product\/9190","targetHints":{"allow":["GET"]}}],"collection":[{"href":"https:\/\/akum.lv\/ru\/wp-json\/wp\/v2\/product"}],"about":[{"href":"https:\/\/akum.lv\/ru\/wp-json\/wp\/v2\/types\/product"}],"wp:featuredmedia":[{"embeddable":true,"href":"https:\/\/akum.lv\/ru\/wp-json\/wp\/v2\/media\/9188"}],"wp:attachment":[{"href":"https:\/\/akum.lv\/ru\/wp-json\/wp\/v2\/media?parent=9190"}],"wp:term":[{"taxonomy":"pwb-brand","embeddable":true,"href":"https:\/\/akum.lv\/ru\/wp-json\/wp\/v2\/pwb-brand?post=9190"},{"taxonomy":"product_brand","embeddable":true,"href":"https:\/\/akum.lv\/ru\/wp-json\/wp\/v2\/product_brand?post=9190"},{"taxonomy":"product_cat","embeddable":true,"href":"https:\/\/akum.lv\/ru\/wp-json\/wp\/v2\/product_cat?post=9190"},{"taxonomy":"product_tag","embeddable":true,"href":"https:\/\/akum.lv\/ru\/wp-json\/wp\/v2\/product_tag?post=9190"}],"curies":[{"name":"wp","href":"https:\/\/api.w.org\/{rel}","templated":true}]}}