{"id":8389,"date":"2020-07-22T12:55:12","date_gmt":"2020-07-22T12:55:12","guid":{"rendered":"https:\/\/akum.lv\/veikals\/uncategorized\/saules-baterija-panelis-mwg-30-30w-12v-l545-w515-h28-ip65\/"},"modified":"2025-07-22T12:23:08","modified_gmt":"2025-07-22T12:23:08","slug":"saules-baterija-panelis-mwg-30-30w-12v-l545-w515-h28-ip65","status":"publish","type":"product","link":"https:\/\/akum.lv\/ru\/prece\/saules-baterija-panelis-mwg-30-30w-12v-l545-w515-h28-ip65\/","title":{"rendered":"Saules baterija panelis MWG-30 30W-12V \/ L680 W353 H25, IP65 \/ Polycrystalline Solar Panel"},"content":{"rendered":"","protected":false},"excerpt":{"rendered":"<hr \/>\n<div style=\"font-size: 15px; line-height: 1.6;\">\n<p><img decoding=\"async\" style=\"width: 110px; float: right; margin: 0 0 10px 10px;\" src=\"https:\/\/akum.lv\/wp-content\/uploads\/2020\/07\/Best-price.jpg\" alt=\"Best Price\" \/><\/p>\n<p><strong style=\"color: #cc0000; font-size: 17px;\">\ud83c\udf1e Saules baterija MWG-30 (30W \/ 12V)<\/strong><br \/>\nKompakts polikrist\u0101lisks 36 \u0161\u016bnu saules panelis 12\u202fV sist\u0113m\u0101m. Pane\u013ca izm\u0113rs \u2013 545\u00d7515\u00d728\u202fmm. IP65 aizsardz\u012bba pret mitrumu un putek\u013ciem. Piem\u0113rots nelieliem saules risin\u0101jumiem \u2013 sign\u0101lsist\u0113m\u0101m, kamer\u0101m, sensoru baro\u0161anai u.\u202fc.<br \/>\n<b>Akcijas cena: 27,53\u202f\u20ac bez PVN<\/b><br \/>\n<del style=\"color: gray;\">Iepriek\u0161\u0113j\u0101 cena: 40,00\u202f\u20ac<\/del><\/p>\n<p><strong style=\"color: #cc0000; font-size: 17px;\">\ud83c\udf1e \u0421\u043e\u043b\u043d\u0435\u0447\u043d\u0430\u044f \u043f\u0430\u043d\u0435\u043b\u044c MWG-30 (30W \/ 12V)<\/strong><br \/>\n\u041a\u043e\u043c\u043f\u0430\u043a\u0442\u043d\u0430\u044f \u043f\u043e\u043b\u0438\u043a\u0440\u0438\u0441\u0442\u0430\u043b\u043b\u0438\u0447\u0435\u0441\u043a\u0430\u044f \u0441\u043e\u043b\u043d\u0435\u0447\u043d\u0430\u044f \u043f\u0430\u043d\u0435\u043b\u044c \u043d\u0430 36 \u044f\u0447\u0435\u0435\u043a \u0434\u043b\u044f 12\u202fV \u0441\u0438\u0441\u0442\u0435\u043c. \u0420\u0430\u0437\u043c\u0435\u0440 \u2013 545\u00d7515\u00d728\u202f\u043c\u043c. IP65 \u2013 \u0443\u0441\u0442\u043e\u0439\u0447\u0438\u0432\u0430 \u043a \u0432\u043b\u0430\u0433\u0435 \u0438 \u043f\u044b\u043b\u0438. \u041f\u043e\u0434\u0445\u043e\u0434\u0438\u0442 \u0434\u043b\u044f \u043c\u0430\u043b\u044b\u0445 \u0441\u043e\u043b\u043d\u0435\u0447\u043d\u044b\u0445 \u0440\u0435\u0448\u0435\u043d\u0438\u0439 \u2013 \u0441\u0438\u0433\u043d\u0430\u043b\u0438\u0437\u0430\u0446\u0438\u0439, \u043a\u0430\u043c\u0435\u0440, \u043f\u0438\u0442\u0430\u043d\u0438\u044f \u0434\u0430\u0442\u0447\u0438\u043a\u043e\u0432 \u0438 \u0434\u0440.<br \/>\n<b>\u0410\u043a\u0446\u0438\u043e\u043d\u043d\u0430\u044f \u0446\u0435\u043d\u0430: 27,53\u202f\u20ac \u0431\u0435\u0437 \u041d\u0414\u0421<\/b><br \/>\n<del style=\"color: gray;\">\u0421\u0442\u0430\u0440\u0430\u044f \u0446\u0435\u043d\u0430: 40,00\u202f\u20ac<\/del><\/p>\n<p><strong style=\"color: #cc0000; font-size: 17px;\">\ud83c\udf1e Solar Panel MWG-30 (30W \/ 12V)<\/strong><br \/>\nCompact polycrystalline 36-cell solar panel for 12\u202fV systems. Dimensions: 545\u00d7515\u00d728\u202fmm. IP65 rated \u2013 water and dust resistant. Ideal for small-scale solar use \u2013 alarms, cameras, sensor power and more.<br \/>\n<b>Promo price: 27.53\u202f\u20ac excl. VAT<\/b><br \/>\n<del style=\"color: gray;\">Previous price: 40.00\u202f\u20ac<\/del><\/p>\n<hr \/>\n<ul style=\"padding-left: 0;\">\n<li><a style=\"text-decoration: none; font-weight: bold; color: #cc0000;\" href=\"https:\/\/akum.lv\/wp-content\/uploads\/2020\/07\/MWG-30_545x515x28.pdf\" target=\"_blank\" rel=\"noopener\"><br \/>\n<img decoding=\"async\" style=\"height: 20px; vertical-align: middle; margin-right: 6px;\" src=\"https:\/\/upload.wikimedia.org\/wikipedia\/commons\/8\/87\/PDF_file_icon.svg\" alt=\"PDF\" \/><br \/>\n\ud83d\udcc4 MWG-30 Datasheet (PDF)<br \/>\n<\/a><\/li>\n<\/ul>\n<\/div>\n","protected":false},"featured_media":4832,"template":"","meta":[],"pwb-brand":[455],"product_brand":[],"product_cat":[858,488,449],"product_tag":[],"class_list":{"0":"post-8389","1":"product","2":"type-product","3":"status-publish","4":"has-post-thumbnail","6":"pwb-brand-mw-green-power-ru","7":"product_cat-aktsionnye-tovary","8":"product_cat-green-energy","9":"product_cat-saules-paneli-sistemas","11":"first","12":"instock","13":"taxable","14":"shipping-taxable","15":"purchasable","16":"product-type-simple"},"yoast_head":"<!-- This site is optimized with the Yoast SEO plugin v26.7 - https:\/\/yoast.com\/wordpress\/plugins\/seo\/ -->\n<title>Saules baterija panelis MWG-30 30W-12V \/ L680 W353 H25, IP65 \/ Polycrystalline Solar Panel - www.akum.lv<\/title>\n<meta name=\"robots\" content=\"index, follow, max-snippet:-1, max-image-preview:large, max-video-preview:-1\" \/>\n<link rel=\"canonical\" href=\"https:\/\/akum.lv\/ru\/prece\/saules-baterija-panelis-mwg-30-30w-12v-l545-w515-h28-ip65\/\" \/>\n<meta property=\"og:locale\" content=\"ru_RU\" \/>\n<meta property=\"og:type\" content=\"article\" \/>\n<meta property=\"og:title\" content=\"Saules baterija panelis MWG-30 30W-12V \/ L680 W353 H25, IP65 \/ Polycrystalline Solar Panel - www.akum.lv\" \/>\n<meta property=\"og:description\" content=\"\ud83c\udf1e Saules baterija MWG-30 (30W \/ 12V) Kompakts polikrist\u0101lisks 36 \u0161\u016bnu saules panelis 12\u202fV sist\u0113m\u0101m. Pane\u013ca izm\u0113rs \u2013 545\u00d7515\u00d728\u202fmm. IP65 aizsardz\u012bba pret mitrumu un putek\u013ciem. Piem\u0113rots nelieliem saules risin\u0101jumiem \u2013 sign\u0101lsist\u0113m\u0101m, kamer\u0101m, sensoru baro\u0161anai u.\u202fc. Akcijas cena: 27,53\u202f\u20ac bez PVN Iepriek\u0161\u0113j\u0101 cena: 40,00\u202f\u20ac  \ud83c\udf1e \u0421\u043e\u043b\u043d\u0435\u0447\u043d\u0430\u044f \u043f\u0430\u043d\u0435\u043b\u044c MWG-30 (30W \/ 12V) \u041a\u043e\u043c\u043f\u0430\u043a\u0442\u043d\u0430\u044f \u043f\u043e\u043b\u0438\u043a\u0440\u0438\u0441\u0442\u0430\u043b\u043b\u0438\u0447\u0435\u0441\u043a\u0430\u044f \u0441\u043e\u043b\u043d\u0435\u0447\u043d\u0430\u044f \u043f\u0430\u043d\u0435\u043b\u044c \u043d\u0430 36 \u044f\u0447\u0435\u0435\u043a \u0434\u043b\u044f 12\u202fV \u0441\u0438\u0441\u0442\u0435\u043c. \u0420\u0430\u0437\u043c\u0435\u0440 \u2013 545\u00d7515\u00d728\u202f\u043c\u043c. IP65 \u2013 \u0443\u0441\u0442\u043e\u0439\u0447\u0438\u0432\u0430 \u043a \u0432\u043b\u0430\u0433\u0435 \u0438 \u043f\u044b\u043b\u0438. \u041f\u043e\u0434\u0445\u043e\u0434\u0438\u0442 \u0434\u043b\u044f \u043c\u0430\u043b\u044b\u0445 \u0441\u043e\u043b\u043d\u0435\u0447\u043d\u044b\u0445 \u0440\u0435\u0448\u0435\u043d\u0438\u0439 \u2013 \u0441\u0438\u0433\u043d\u0430\u043b\u0438\u0437\u0430\u0446\u0438\u0439, \u043a\u0430\u043c\u0435\u0440, \u043f\u0438\u0442\u0430\u043d\u0438\u044f \u0434\u0430\u0442\u0447\u0438\u043a\u043e\u0432 \u0438 \u0434\u0440. \u0410\u043a\u0446\u0438\u043e\u043d\u043d\u0430\u044f \u0446\u0435\u043d\u0430: 27,53\u202f\u20ac \u0431\u0435\u0437 \u041d\u0414\u0421 \u0421\u0442\u0430\u0440\u0430\u044f \u0446\u0435\u043d\u0430: 40,00\u202f\u20ac  \ud83c\udf1e Solar Panel MWG-30 (30W \/ 12V) Compact polycrystalline 36-cell solar panel for 12\u202fV systems. Dimensions: 545\u00d7515\u00d728\u202fmm. IP65 rated \u2013 water and dust resistant. Ideal for small-scale solar use \u2013 alarms, cameras, sensor power and more. Promo price: 27.53\u202f\u20ac excl. VAT Previous price: 40.00\u202f\u20ac        \ud83d\udcc4 MWG-30 Datasheet (PDF)\" \/>\n<meta property=\"og:url\" content=\"https:\/\/akum.lv\/ru\/prece\/saules-baterija-panelis-mwg-30-30w-12v-l545-w515-h28-ip65\/\" \/>\n<meta property=\"og:site_name\" content=\"www.akum.lv\" \/>\n<meta property=\"article:modified_time\" content=\"2025-07-22T12:23:08+00:00\" \/>\n<meta property=\"og:image\" content=\"https:\/\/akum.lv\/wp-content\/uploads\/2019\/02\/SOL.-pan_mwg-1.jpg\" \/>\n\t<meta property=\"og:image:width\" content=\"370\" \/>\n\t<meta property=\"og:image:height\" content=\"353\" \/>\n\t<meta property=\"og:image:type\" content=\"image\/jpeg\" \/>\n<meta name=\"twitter:card\" content=\"summary_large_image\" \/>\n<script type=\"application\/ld+json\" class=\"yoast-schema-graph\">{\"@context\":\"https:\/\/schema.org\",\"@graph\":[{\"@type\":\"WebPage\",\"@id\":\"https:\/\/akum.lv\/ru\/prece\/saules-baterija-panelis-mwg-30-30w-12v-l545-w515-h28-ip65\/\",\"url\":\"https:\/\/akum.lv\/ru\/prece\/saules-baterija-panelis-mwg-30-30w-12v-l545-w515-h28-ip65\/\",\"name\":\"Saules baterija panelis MWG-30 30W-12V \/ L680 W353 H25, IP65 \/ Polycrystalline Solar Panel - www.akum.lv\",\"isPartOf\":{\"@id\":\"https:\/\/akum.lv\/#website\"},\"primaryImageOfPage\":{\"@id\":\"https:\/\/akum.lv\/ru\/prece\/saules-baterija-panelis-mwg-30-30w-12v-l545-w515-h28-ip65\/#primaryimage\"},\"image\":{\"@id\":\"https:\/\/akum.lv\/ru\/prece\/saules-baterija-panelis-mwg-30-30w-12v-l545-w515-h28-ip65\/#primaryimage\"},\"thumbnailUrl\":\"https:\/\/akum.lv\/wp-content\/uploads\/2019\/02\/SOL.-pan_mwg-1.jpg\",\"datePublished\":\"2020-07-22T12:55:12+00:00\",\"dateModified\":\"2025-07-22T12:23:08+00:00\",\"breadcrumb\":{\"@id\":\"https:\/\/akum.lv\/ru\/prece\/saules-baterija-panelis-mwg-30-30w-12v-l545-w515-h28-ip65\/#breadcrumb\"},\"inLanguage\":\"ru-RU\",\"potentialAction\":[{\"@type\":\"ReadAction\",\"target\":[\"https:\/\/akum.lv\/ru\/prece\/saules-baterija-panelis-mwg-30-30w-12v-l545-w515-h28-ip65\/\"]}]},{\"@type\":\"ImageObject\",\"inLanguage\":\"ru-RU\",\"@id\":\"https:\/\/akum.lv\/ru\/prece\/saules-baterija-panelis-mwg-30-30w-12v-l545-w515-h28-ip65\/#primaryimage\",\"url\":\"https:\/\/akum.lv\/wp-content\/uploads\/2019\/02\/SOL.-pan_mwg-1.jpg\",\"contentUrl\":\"https:\/\/akum.lv\/wp-content\/uploads\/2019\/02\/SOL.-pan_mwg-1.jpg\",\"width\":370,\"height\":353},{\"@type\":\"BreadcrumbList\",\"@id\":\"https:\/\/akum.lv\/ru\/prece\/saules-baterija-panelis-mwg-30-30w-12v-l545-w515-h28-ip65\/#breadcrumb\",\"itemListElement\":[{\"@type\":\"ListItem\",\"position\":1,\"name\":\"\u0413\u043b\u0430\u0432\u043d\u0430\u044f \u0441\u0442\u0440\u0430\u043d\u0438\u0446\u0430\",\"item\":\"https:\/\/akum.lv\/ru\/\"},{\"@type\":\"ListItem\",\"position\":2,\"name\":\"PRECES\",\"item\":\"https:\/\/akum.lv\/produkti-preces\/\"},{\"@type\":\"ListItem\",\"position\":3,\"name\":\"Saules baterija panelis MWG-30 30W-12V \/ L680 W353 H25, IP65 \/ Polycrystalline Solar Panel\"}]},{\"@type\":\"WebSite\",\"@id\":\"https:\/\/akum.lv\/#website\",\"url\":\"https:\/\/akum.lv\/\",\"name\":\"www.akum.lv\",\"description\":\"Akumulatoru p\u0101rdev\u0113js | \u041f\u0440\u043e\u0434\u0430\u0432\u0435\u0446 \u0430\u043a\u043a\u0443\u043c\u0443\u043b\u044f\u0442\u043e\u0440\u043e\u0432 | Battery seller\",\"publisher\":{\"@id\":\"https:\/\/akum.lv\/#organization\"},\"potentialAction\":[{\"@type\":\"SearchAction\",\"target\":{\"@type\":\"EntryPoint\",\"urlTemplate\":\"https:\/\/akum.lv\/?s={search_term_string}\"},\"query-input\":{\"@type\":\"PropertyValueSpecification\",\"valueRequired\":true,\"valueName\":\"search_term_string\"}}],\"inLanguage\":\"ru-RU\"},{\"@type\":\"Organization\",\"@id\":\"https:\/\/akum.lv\/#organization\",\"name\":\"HubEnergy\",\"url\":\"https:\/\/akum.lv\/\",\"logo\":{\"@type\":\"ImageObject\",\"inLanguage\":\"ru-RU\",\"@id\":\"https:\/\/akum.lv\/#\/schema\/logo\/image\/\",\"url\":\"https:\/\/akum.lv\/wp-content\/uploads\/2018\/08\/Logo-hub-energy-2018-seller-dark-blue.png\",\"contentUrl\":\"https:\/\/akum.lv\/wp-content\/uploads\/2018\/08\/Logo-hub-energy-2018-seller-dark-blue.png\",\"width\":381,\"height\":75,\"caption\":\"HubEnergy\"},\"image\":{\"@id\":\"https:\/\/akum.lv\/#\/schema\/logo\/image\/\"}}]}<\/script>\n<!-- \/ Yoast SEO plugin. -->","yoast_head_json":{"title":"Saules baterija panelis MWG-30 30W-12V \/ L680 W353 H25, IP65 \/ Polycrystalline Solar Panel - www.akum.lv","robots":{"index":"index","follow":"follow","max-snippet":"max-snippet:-1","max-image-preview":"max-image-preview:large","max-video-preview":"max-video-preview:-1"},"canonical":"https:\/\/akum.lv\/ru\/prece\/saules-baterija-panelis-mwg-30-30w-12v-l545-w515-h28-ip65\/","og_locale":"ru_RU","og_type":"article","og_title":"Saules baterija panelis MWG-30 30W-12V \/ L680 W353 H25, IP65 \/ Polycrystalline Solar Panel - www.akum.lv","og_description":"\ud83c\udf1e Saules baterija MWG-30 (30W \/ 12V) Kompakts polikrist\u0101lisks 36 \u0161\u016bnu saules panelis 12\u202fV sist\u0113m\u0101m. Pane\u013ca izm\u0113rs \u2013 545\u00d7515\u00d728\u202fmm. IP65 aizsardz\u012bba pret mitrumu un putek\u013ciem. Piem\u0113rots nelieliem saules risin\u0101jumiem \u2013 sign\u0101lsist\u0113m\u0101m, kamer\u0101m, sensoru baro\u0161anai u.\u202fc. Akcijas cena: 27,53\u202f\u20ac bez PVN Iepriek\u0161\u0113j\u0101 cena: 40,00\u202f\u20ac  \ud83c\udf1e \u0421\u043e\u043b\u043d\u0435\u0447\u043d\u0430\u044f \u043f\u0430\u043d\u0435\u043b\u044c MWG-30 (30W \/ 12V) \u041a\u043e\u043c\u043f\u0430\u043a\u0442\u043d\u0430\u044f \u043f\u043e\u043b\u0438\u043a\u0440\u0438\u0441\u0442\u0430\u043b\u043b\u0438\u0447\u0435\u0441\u043a\u0430\u044f \u0441\u043e\u043b\u043d\u0435\u0447\u043d\u0430\u044f \u043f\u0430\u043d\u0435\u043b\u044c \u043d\u0430 36 \u044f\u0447\u0435\u0435\u043a \u0434\u043b\u044f 12\u202fV \u0441\u0438\u0441\u0442\u0435\u043c. \u0420\u0430\u0437\u043c\u0435\u0440 \u2013 545\u00d7515\u00d728\u202f\u043c\u043c. IP65 \u2013 \u0443\u0441\u0442\u043e\u0439\u0447\u0438\u0432\u0430 \u043a \u0432\u043b\u0430\u0433\u0435 \u0438 \u043f\u044b\u043b\u0438. \u041f\u043e\u0434\u0445\u043e\u0434\u0438\u0442 \u0434\u043b\u044f \u043c\u0430\u043b\u044b\u0445 \u0441\u043e\u043b\u043d\u0435\u0447\u043d\u044b\u0445 \u0440\u0435\u0448\u0435\u043d\u0438\u0439 \u2013 \u0441\u0438\u0433\u043d\u0430\u043b\u0438\u0437\u0430\u0446\u0438\u0439, \u043a\u0430\u043c\u0435\u0440, \u043f\u0438\u0442\u0430\u043d\u0438\u044f \u0434\u0430\u0442\u0447\u0438\u043a\u043e\u0432 \u0438 \u0434\u0440. \u0410\u043a\u0446\u0438\u043e\u043d\u043d\u0430\u044f \u0446\u0435\u043d\u0430: 27,53\u202f\u20ac \u0431\u0435\u0437 \u041d\u0414\u0421 \u0421\u0442\u0430\u0440\u0430\u044f \u0446\u0435\u043d\u0430: 40,00\u202f\u20ac  \ud83c\udf1e Solar Panel MWG-30 (30W \/ 12V) Compact polycrystalline 36-cell solar panel for 12\u202fV systems. Dimensions: 545\u00d7515\u00d728\u202fmm. IP65 rated \u2013 water and dust resistant. Ideal for small-scale solar use \u2013 alarms, cameras, sensor power and more. Promo price: 27.53\u202f\u20ac excl. VAT Previous price: 40.00\u202f\u20ac        \ud83d\udcc4 MWG-30 Datasheet (PDF)","og_url":"https:\/\/akum.lv\/ru\/prece\/saules-baterija-panelis-mwg-30-30w-12v-l545-w515-h28-ip65\/","og_site_name":"www.akum.lv","article_modified_time":"2025-07-22T12:23:08+00:00","og_image":[{"width":370,"height":353,"url":"https:\/\/akum.lv\/wp-content\/uploads\/2019\/02\/SOL.-pan_mwg-1.jpg","type":"image\/jpeg"}],"twitter_card":"summary_large_image","schema":{"@context":"https:\/\/schema.org","@graph":[{"@type":"WebPage","@id":"https:\/\/akum.lv\/ru\/prece\/saules-baterija-panelis-mwg-30-30w-12v-l545-w515-h28-ip65\/","url":"https:\/\/akum.lv\/ru\/prece\/saules-baterija-panelis-mwg-30-30w-12v-l545-w515-h28-ip65\/","name":"Saules baterija panelis MWG-30 30W-12V \/ L680 W353 H25, IP65 \/ Polycrystalline Solar Panel - www.akum.lv","isPartOf":{"@id":"https:\/\/akum.lv\/#website"},"primaryImageOfPage":{"@id":"https:\/\/akum.lv\/ru\/prece\/saules-baterija-panelis-mwg-30-30w-12v-l545-w515-h28-ip65\/#primaryimage"},"image":{"@id":"https:\/\/akum.lv\/ru\/prece\/saules-baterija-panelis-mwg-30-30w-12v-l545-w515-h28-ip65\/#primaryimage"},"thumbnailUrl":"https:\/\/akum.lv\/wp-content\/uploads\/2019\/02\/SOL.-pan_mwg-1.jpg","datePublished":"2020-07-22T12:55:12+00:00","dateModified":"2025-07-22T12:23:08+00:00","breadcrumb":{"@id":"https:\/\/akum.lv\/ru\/prece\/saules-baterija-panelis-mwg-30-30w-12v-l545-w515-h28-ip65\/#breadcrumb"},"inLanguage":"ru-RU","potentialAction":[{"@type":"ReadAction","target":["https:\/\/akum.lv\/ru\/prece\/saules-baterija-panelis-mwg-30-30w-12v-l545-w515-h28-ip65\/"]}]},{"@type":"ImageObject","inLanguage":"ru-RU","@id":"https:\/\/akum.lv\/ru\/prece\/saules-baterija-panelis-mwg-30-30w-12v-l545-w515-h28-ip65\/#primaryimage","url":"https:\/\/akum.lv\/wp-content\/uploads\/2019\/02\/SOL.-pan_mwg-1.jpg","contentUrl":"https:\/\/akum.lv\/wp-content\/uploads\/2019\/02\/SOL.-pan_mwg-1.jpg","width":370,"height":353},{"@type":"BreadcrumbList","@id":"https:\/\/akum.lv\/ru\/prece\/saules-baterija-panelis-mwg-30-30w-12v-l545-w515-h28-ip65\/#breadcrumb","itemListElement":[{"@type":"ListItem","position":1,"name":"\u0413\u043b\u0430\u0432\u043d\u0430\u044f \u0441\u0442\u0440\u0430\u043d\u0438\u0446\u0430","item":"https:\/\/akum.lv\/ru\/"},{"@type":"ListItem","position":2,"name":"PRECES","item":"https:\/\/akum.lv\/produkti-preces\/"},{"@type":"ListItem","position":3,"name":"Saules baterija panelis MWG-30 30W-12V \/ L680 W353 H25, IP65 \/ Polycrystalline Solar Panel"}]},{"@type":"WebSite","@id":"https:\/\/akum.lv\/#website","url":"https:\/\/akum.lv\/","name":"www.akum.lv","description":"Akumulatoru p\u0101rdev\u0113js | \u041f\u0440\u043e\u0434\u0430\u0432\u0435\u0446 \u0430\u043a\u043a\u0443\u043c\u0443\u043b\u044f\u0442\u043e\u0440\u043e\u0432 | Battery seller","publisher":{"@id":"https:\/\/akum.lv\/#organization"},"potentialAction":[{"@type":"SearchAction","target":{"@type":"EntryPoint","urlTemplate":"https:\/\/akum.lv\/?s={search_term_string}"},"query-input":{"@type":"PropertyValueSpecification","valueRequired":true,"valueName":"search_term_string"}}],"inLanguage":"ru-RU"},{"@type":"Organization","@id":"https:\/\/akum.lv\/#organization","name":"HubEnergy","url":"https:\/\/akum.lv\/","logo":{"@type":"ImageObject","inLanguage":"ru-RU","@id":"https:\/\/akum.lv\/#\/schema\/logo\/image\/","url":"https:\/\/akum.lv\/wp-content\/uploads\/2018\/08\/Logo-hub-energy-2018-seller-dark-blue.png","contentUrl":"https:\/\/akum.lv\/wp-content\/uploads\/2018\/08\/Logo-hub-energy-2018-seller-dark-blue.png","width":381,"height":75,"caption":"HubEnergy"},"image":{"@id":"https:\/\/akum.lv\/#\/schema\/logo\/image\/"}}]}},"brands":[{"id":455,"name":"MW GREEN POWER","slug":"mw-green-power-ru"}],"_links":{"self":[{"href":"https:\/\/akum.lv\/ru\/wp-json\/wp\/v2\/product\/8389","targetHints":{"allow":["GET"]}}],"collection":[{"href":"https:\/\/akum.lv\/ru\/wp-json\/wp\/v2\/product"}],"about":[{"href":"https:\/\/akum.lv\/ru\/wp-json\/wp\/v2\/types\/product"}],"wp:featuredmedia":[{"embeddable":true,"href":"https:\/\/akum.lv\/ru\/wp-json\/wp\/v2\/media\/4832"}],"wp:attachment":[{"href":"https:\/\/akum.lv\/ru\/wp-json\/wp\/v2\/media?parent=8389"}],"wp:term":[{"taxonomy":"pwb-brand","embeddable":true,"href":"https:\/\/akum.lv\/ru\/wp-json\/wp\/v2\/pwb-brand?post=8389"},{"taxonomy":"product_brand","embeddable":true,"href":"https:\/\/akum.lv\/ru\/wp-json\/wp\/v2\/product_brand?post=8389"},{"taxonomy":"product_cat","embeddable":true,"href":"https:\/\/akum.lv\/ru\/wp-json\/wp\/v2\/product_cat?post=8389"},{"taxonomy":"product_tag","embeddable":true,"href":"https:\/\/akum.lv\/ru\/wp-json\/wp\/v2\/product_tag?post=8389"}],"curies":[{"name":"wp","href":"https:\/\/api.w.org\/{rel}","templated":true}]}}