{"id":8338,"date":"2020-07-20T12:26:23","date_gmt":"2020-07-20T12:26:23","guid":{"rendered":"https:\/\/akum.lv\/veikals\/uncategorized\/mw-power-mw-sc6b-universal-charger-12v-6a-24v-3a-lcd-display-ip65-ladesanas-ierice\/"},"modified":"2021-08-10T13:32:36","modified_gmt":"2021-08-10T13:32:36","slug":"mw-power-mw-sc6b-universal-charger-12v-6a-24v-3a-lcd-display-ip65-ladesanas-ierice","status":"publish","type":"product","link":"https:\/\/akum.lv\/ru\/prece\/mw-power-mw-sc6b-universal-charger-12v-6a-24v-3a-lcd-display-ip65-ladesanas-ierice\/","title":{"rendered":"MW Power MW-SC6B universal charger 12V-6A\/24V-3A LCD display (IP65) l\u0101d\u0113\u0161anas ier\u012bce"},"content":{"rendered":"","protected":false},"excerpt":{"rendered":"<p>MW Power MW-SC6B universal charger 12V-6A\/24V-3A LCD display (IP65) l\u0101d\u0113\u0161anas ier\u012bce<\/p>\n<p>APRAKSTS<br \/>\nProdukts ir piem\u0113rots 12 V un 24 V svina sk\u0101bes akumulatoru uzl\u0101d\u0113\u0161anai bez apkopes, GEL un AGM baterij\u0101m ar ietilp\u012bbu l\u012bdz 180 Ah (12 V) vai 90 Ah (24 V).<\/p>\n<p>NEVIENOJIET L\u0100D\u0112T\u0100JU AKUMULATORAM KAD AUTOMAS\u012aNA TIEK IEDARBIN\u0100TA!<br \/>\nTAS VAR KAIT\u0112T J\u016aSU AKUMULATORAM UN LADE\u0160ANA IER\u012aCEI.<\/p>\n<p>A. Savienojiet l\u0101d\u0113t\u0101ju ar akumulatoru, k\u0101 aprakst\u012bts iepriek\u0161.<br \/>\nB. Pievienojiet l\u0101d\u0113t\u0101ju mai\u0146str\u0101vas kontaktligzdai.<br \/>\nC. Nospiediet BATTERY pogu, lai izv\u0113l\u0113tos akumulatora veidu, kuru uzl\u0101d\u0113sit.<br \/>\nD. Nospiediet pogu MODE, lai izv\u0113l\u0113tos uzl\u0101des l\u012bmeni.<br \/>\nE. Nospiediet START \/ STOP pogu, lai s\u0101ktu uzl\u0101di. Ja v\u0113laties jebkur\u0101 laik\u0101 p\u0101rtraukt uzl\u0101di vai main\u012bt iestat\u012bjumu, v\u0113lreiz nospiediet pogu START \/ STOP.<\/p>\n<p>PIEZ\u012aME. Ja l\u0101d\u0113t\u0101js neatrod pareizi pievienotu akumulatoru, LCD mirgo LCD displeja apgaismojums, un LCD ekr\u0101n\u0101 par\u0101d\u012bsies DTC, un uzl\u0101des process beigsies.<br \/>\nF. Lai nodro\u0161in\u0101tu uzl\u0101di uztur\u0113\u0161anas laik\u0101, l\u0101d\u0113t\u0101ju vienm\u0113r var pievienot akumulatoram. Tom\u0113r ieteicams periodiski p\u0101rbaud\u012bt akumulatoru.<br \/>\nG. Kad l\u0101d\u0113\u0161ana ir pabeigta, vispirms atvienojiet l\u0101d\u0113t\u0101ju no elektr\u012bbas kontaktligzdas un p\u0113c tam atvienojiet baterijas, izmantojot l\u0101d\u0113t\u0101ju.<\/p>\n","protected":false},"featured_media":8341,"template":"","meta":[],"pwb-brand":[335],"product_brand":[],"product_cat":[299],"product_tag":[326,388],"class_list":{"0":"post-8338","1":"product","2":"type-product","3":"status-publish","4":"has-post-thumbnail","6":"pwb-brand-mw-power-ru","7":"product_cat-zaryadnye-ustrojstva-dlya-svintsovo-kislotnyh-i-lifepo4-akkumulyatorov","8":"product_tag-akkumuljatory-dlja-rybakov-i-vodnogo-transporta","9":"product_tag-tovary-dlja-avtoljubitelej","11":"first","12":"instock","13":"taxable","14":"shipping-taxable","15":"purchasable","16":"product-type-simple"},"yoast_head":"<!-- This site is optimized with the Yoast SEO plugin v26.7 - https:\/\/yoast.com\/wordpress\/plugins\/seo\/ -->\n<title>MW Power MW-SC6B universal charger 12V-6A\/24V-3A LCD display (IP65) l\u0101d\u0113\u0161anas ier\u012bce - www.akum.lv<\/title>\n<meta name=\"robots\" content=\"index, follow, max-snippet:-1, max-image-preview:large, max-video-preview:-1\" \/>\n<link rel=\"canonical\" href=\"https:\/\/akum.lv\/ru\/prece\/mw-power-mw-sc6b-universal-charger-12v-6a-24v-3a-lcd-display-ip65-ladesanas-ierice\/\" \/>\n<meta property=\"og:locale\" content=\"ru_RU\" \/>\n<meta property=\"og:type\" content=\"article\" \/>\n<meta property=\"og:title\" content=\"MW Power MW-SC6B universal charger 12V-6A\/24V-3A LCD display (IP65) l\u0101d\u0113\u0161anas ier\u012bce - www.akum.lv\" \/>\n<meta property=\"og:description\" content=\"MW Power MW-SC6B universal charger 12V-6A\/24V-3A LCD display (IP65) l\u0101d\u0113\u0161anas ier\u012bce  APRAKSTS Produkts ir piem\u0113rots 12 V un 24 V svina sk\u0101bes akumulatoru uzl\u0101d\u0113\u0161anai bez apkopes, GEL un AGM baterij\u0101m ar ietilp\u012bbu l\u012bdz 180 Ah (12 V) vai 90 Ah (24 V).  NEVIENOJIET L\u0100D\u0112T\u0100JU AKUMULATORAM KAD AUTOMAS\u012aNA TIEK IEDARBIN\u0100TA! TAS VAR KAIT\u0112T J\u016aSU AKUMULATORAM UN LADE\u0160ANA IER\u012aCEI.  A. Savienojiet l\u0101d\u0113t\u0101ju ar akumulatoru, k\u0101 aprakst\u012bts iepriek\u0161. B. Pievienojiet l\u0101d\u0113t\u0101ju mai\u0146str\u0101vas kontaktligzdai. C. Nospiediet BATTERY pogu, lai izv\u0113l\u0113tos akumulatora veidu, kuru uzl\u0101d\u0113sit. D. Nospiediet pogu MODE, lai izv\u0113l\u0113tos uzl\u0101des l\u012bmeni. E. Nospiediet START \/ STOP pogu, lai s\u0101ktu uzl\u0101di. Ja v\u0113laties jebkur\u0101 laik\u0101 p\u0101rtraukt uzl\u0101di vai main\u012bt iestat\u012bjumu, v\u0113lreiz nospiediet pogu START \/ STOP.  PIEZ\u012aME. Ja l\u0101d\u0113t\u0101js neatrod pareizi pievienotu akumulatoru, LCD mirgo LCD displeja apgaismojums, un LCD ekr\u0101n\u0101 par\u0101d\u012bsies DTC, un uzl\u0101des process beigsies. F. Lai nodro\u0161in\u0101tu uzl\u0101di uztur\u0113\u0161anas laik\u0101, l\u0101d\u0113t\u0101ju vienm\u0113r var pievienot akumulatoram. Tom\u0113r ieteicams periodiski p\u0101rbaud\u012bt akumulatoru. G. Kad l\u0101d\u0113\u0161ana ir pabeigta, vispirms atvienojiet l\u0101d\u0113t\u0101ju no elektr\u012bbas kontaktligzdas un p\u0113c tam atvienojiet baterijas, izmantojot l\u0101d\u0113t\u0101ju.\" \/>\n<meta property=\"og:url\" content=\"https:\/\/akum.lv\/ru\/prece\/mw-power-mw-sc6b-universal-charger-12v-6a-24v-3a-lcd-display-ip65-ladesanas-ierice\/\" \/>\n<meta property=\"og:site_name\" content=\"www.akum.lv\" \/>\n<meta property=\"article:modified_time\" content=\"2021-08-10T13:32:36+00:00\" \/>\n<meta property=\"og:image\" content=\"https:\/\/akum.lv\/wp-content\/uploads\/2020\/07\/MW-SC6Bklemy.png\" \/>\n\t<meta property=\"og:image:width\" content=\"500\" \/>\n\t<meta property=\"og:image:height\" content=\"306\" \/>\n\t<meta property=\"og:image:type\" content=\"image\/png\" \/>\n<meta name=\"twitter:card\" content=\"summary_large_image\" \/>\n<script type=\"application\/ld+json\" class=\"yoast-schema-graph\">{\"@context\":\"https:\/\/schema.org\",\"@graph\":[{\"@type\":\"WebPage\",\"@id\":\"https:\/\/akum.lv\/ru\/prece\/mw-power-mw-sc6b-universal-charger-12v-6a-24v-3a-lcd-display-ip65-ladesanas-ierice\/\",\"url\":\"https:\/\/akum.lv\/ru\/prece\/mw-power-mw-sc6b-universal-charger-12v-6a-24v-3a-lcd-display-ip65-ladesanas-ierice\/\",\"name\":\"MW Power MW-SC6B universal charger 12V-6A\/24V-3A LCD display (IP65) l\u0101d\u0113\u0161anas ier\u012bce - www.akum.lv\",\"isPartOf\":{\"@id\":\"https:\/\/akum.lv\/#website\"},\"primaryImageOfPage\":{\"@id\":\"https:\/\/akum.lv\/ru\/prece\/mw-power-mw-sc6b-universal-charger-12v-6a-24v-3a-lcd-display-ip65-ladesanas-ierice\/#primaryimage\"},\"image\":{\"@id\":\"https:\/\/akum.lv\/ru\/prece\/mw-power-mw-sc6b-universal-charger-12v-6a-24v-3a-lcd-display-ip65-ladesanas-ierice\/#primaryimage\"},\"thumbnailUrl\":\"https:\/\/akum.lv\/wp-content\/uploads\/2020\/07\/MW-SC6Bklemy.png\",\"datePublished\":\"2020-07-20T12:26:23+00:00\",\"dateModified\":\"2021-08-10T13:32:36+00:00\",\"breadcrumb\":{\"@id\":\"https:\/\/akum.lv\/ru\/prece\/mw-power-mw-sc6b-universal-charger-12v-6a-24v-3a-lcd-display-ip65-ladesanas-ierice\/#breadcrumb\"},\"inLanguage\":\"ru-RU\",\"potentialAction\":[{\"@type\":\"ReadAction\",\"target\":[\"https:\/\/akum.lv\/ru\/prece\/mw-power-mw-sc6b-universal-charger-12v-6a-24v-3a-lcd-display-ip65-ladesanas-ierice\/\"]}]},{\"@type\":\"ImageObject\",\"inLanguage\":\"ru-RU\",\"@id\":\"https:\/\/akum.lv\/ru\/prece\/mw-power-mw-sc6b-universal-charger-12v-6a-24v-3a-lcd-display-ip65-ladesanas-ierice\/#primaryimage\",\"url\":\"https:\/\/akum.lv\/wp-content\/uploads\/2020\/07\/MW-SC6Bklemy.png\",\"contentUrl\":\"https:\/\/akum.lv\/wp-content\/uploads\/2020\/07\/MW-SC6Bklemy.png\",\"width\":500,\"height\":306},{\"@type\":\"BreadcrumbList\",\"@id\":\"https:\/\/akum.lv\/ru\/prece\/mw-power-mw-sc6b-universal-charger-12v-6a-24v-3a-lcd-display-ip65-ladesanas-ierice\/#breadcrumb\",\"itemListElement\":[{\"@type\":\"ListItem\",\"position\":1,\"name\":\"\u0413\u043b\u0430\u0432\u043d\u0430\u044f \u0441\u0442\u0440\u0430\u043d\u0438\u0446\u0430\",\"item\":\"https:\/\/akum.lv\/ru\/\"},{\"@type\":\"ListItem\",\"position\":2,\"name\":\"PRECES\",\"item\":\"https:\/\/akum.lv\/produkti-preces\/\"},{\"@type\":\"ListItem\",\"position\":3,\"name\":\"MW Power MW-SC6B universal charger 12V-6A\/24V-3A LCD display (IP65) l\u0101d\u0113\u0161anas ier\u012bce\"}]},{\"@type\":\"WebSite\",\"@id\":\"https:\/\/akum.lv\/#website\",\"url\":\"https:\/\/akum.lv\/\",\"name\":\"www.akum.lv\",\"description\":\"Akumulatoru p\u0101rdev\u0113js | \u041f\u0440\u043e\u0434\u0430\u0432\u0435\u0446 \u0430\u043a\u043a\u0443\u043c\u0443\u043b\u044f\u0442\u043e\u0440\u043e\u0432 | Battery seller\",\"publisher\":{\"@id\":\"https:\/\/akum.lv\/#organization\"},\"potentialAction\":[{\"@type\":\"SearchAction\",\"target\":{\"@type\":\"EntryPoint\",\"urlTemplate\":\"https:\/\/akum.lv\/?s={search_term_string}\"},\"query-input\":{\"@type\":\"PropertyValueSpecification\",\"valueRequired\":true,\"valueName\":\"search_term_string\"}}],\"inLanguage\":\"ru-RU\"},{\"@type\":\"Organization\",\"@id\":\"https:\/\/akum.lv\/#organization\",\"name\":\"HubEnergy\",\"url\":\"https:\/\/akum.lv\/\",\"logo\":{\"@type\":\"ImageObject\",\"inLanguage\":\"ru-RU\",\"@id\":\"https:\/\/akum.lv\/#\/schema\/logo\/image\/\",\"url\":\"https:\/\/akum.lv\/wp-content\/uploads\/2018\/08\/Logo-hub-energy-2018-seller-dark-blue.png\",\"contentUrl\":\"https:\/\/akum.lv\/wp-content\/uploads\/2018\/08\/Logo-hub-energy-2018-seller-dark-blue.png\",\"width\":381,\"height\":75,\"caption\":\"HubEnergy\"},\"image\":{\"@id\":\"https:\/\/akum.lv\/#\/schema\/logo\/image\/\"}}]}<\/script>\n<!-- \/ Yoast SEO plugin. -->","yoast_head_json":{"title":"MW Power MW-SC6B universal charger 12V-6A\/24V-3A LCD display (IP65) l\u0101d\u0113\u0161anas ier\u012bce - www.akum.lv","robots":{"index":"index","follow":"follow","max-snippet":"max-snippet:-1","max-image-preview":"max-image-preview:large","max-video-preview":"max-video-preview:-1"},"canonical":"https:\/\/akum.lv\/ru\/prece\/mw-power-mw-sc6b-universal-charger-12v-6a-24v-3a-lcd-display-ip65-ladesanas-ierice\/","og_locale":"ru_RU","og_type":"article","og_title":"MW Power MW-SC6B universal charger 12V-6A\/24V-3A LCD display (IP65) l\u0101d\u0113\u0161anas ier\u012bce - www.akum.lv","og_description":"MW Power MW-SC6B universal charger 12V-6A\/24V-3A LCD display (IP65) l\u0101d\u0113\u0161anas ier\u012bce  APRAKSTS Produkts ir piem\u0113rots 12 V un 24 V svina sk\u0101bes akumulatoru uzl\u0101d\u0113\u0161anai bez apkopes, GEL un AGM baterij\u0101m ar ietilp\u012bbu l\u012bdz 180 Ah (12 V) vai 90 Ah (24 V).  NEVIENOJIET L\u0100D\u0112T\u0100JU AKUMULATORAM KAD AUTOMAS\u012aNA TIEK IEDARBIN\u0100TA! TAS VAR KAIT\u0112T J\u016aSU AKUMULATORAM UN LADE\u0160ANA IER\u012aCEI.  A. Savienojiet l\u0101d\u0113t\u0101ju ar akumulatoru, k\u0101 aprakst\u012bts iepriek\u0161. B. Pievienojiet l\u0101d\u0113t\u0101ju mai\u0146str\u0101vas kontaktligzdai. C. Nospiediet BATTERY pogu, lai izv\u0113l\u0113tos akumulatora veidu, kuru uzl\u0101d\u0113sit. D. Nospiediet pogu MODE, lai izv\u0113l\u0113tos uzl\u0101des l\u012bmeni. E. Nospiediet START \/ STOP pogu, lai s\u0101ktu uzl\u0101di. Ja v\u0113laties jebkur\u0101 laik\u0101 p\u0101rtraukt uzl\u0101di vai main\u012bt iestat\u012bjumu, v\u0113lreiz nospiediet pogu START \/ STOP.  PIEZ\u012aME. Ja l\u0101d\u0113t\u0101js neatrod pareizi pievienotu akumulatoru, LCD mirgo LCD displeja apgaismojums, un LCD ekr\u0101n\u0101 par\u0101d\u012bsies DTC, un uzl\u0101des process beigsies. F. Lai nodro\u0161in\u0101tu uzl\u0101di uztur\u0113\u0161anas laik\u0101, l\u0101d\u0113t\u0101ju vienm\u0113r var pievienot akumulatoram. Tom\u0113r ieteicams periodiski p\u0101rbaud\u012bt akumulatoru. G. Kad l\u0101d\u0113\u0161ana ir pabeigta, vispirms atvienojiet l\u0101d\u0113t\u0101ju no elektr\u012bbas kontaktligzdas un p\u0113c tam atvienojiet baterijas, izmantojot l\u0101d\u0113t\u0101ju.","og_url":"https:\/\/akum.lv\/ru\/prece\/mw-power-mw-sc6b-universal-charger-12v-6a-24v-3a-lcd-display-ip65-ladesanas-ierice\/","og_site_name":"www.akum.lv","article_modified_time":"2021-08-10T13:32:36+00:00","og_image":[{"width":500,"height":306,"url":"https:\/\/akum.lv\/wp-content\/uploads\/2020\/07\/MW-SC6Bklemy.png","type":"image\/png"}],"twitter_card":"summary_large_image","schema":{"@context":"https:\/\/schema.org","@graph":[{"@type":"WebPage","@id":"https:\/\/akum.lv\/ru\/prece\/mw-power-mw-sc6b-universal-charger-12v-6a-24v-3a-lcd-display-ip65-ladesanas-ierice\/","url":"https:\/\/akum.lv\/ru\/prece\/mw-power-mw-sc6b-universal-charger-12v-6a-24v-3a-lcd-display-ip65-ladesanas-ierice\/","name":"MW Power MW-SC6B universal charger 12V-6A\/24V-3A LCD display (IP65) l\u0101d\u0113\u0161anas ier\u012bce - www.akum.lv","isPartOf":{"@id":"https:\/\/akum.lv\/#website"},"primaryImageOfPage":{"@id":"https:\/\/akum.lv\/ru\/prece\/mw-power-mw-sc6b-universal-charger-12v-6a-24v-3a-lcd-display-ip65-ladesanas-ierice\/#primaryimage"},"image":{"@id":"https:\/\/akum.lv\/ru\/prece\/mw-power-mw-sc6b-universal-charger-12v-6a-24v-3a-lcd-display-ip65-ladesanas-ierice\/#primaryimage"},"thumbnailUrl":"https:\/\/akum.lv\/wp-content\/uploads\/2020\/07\/MW-SC6Bklemy.png","datePublished":"2020-07-20T12:26:23+00:00","dateModified":"2021-08-10T13:32:36+00:00","breadcrumb":{"@id":"https:\/\/akum.lv\/ru\/prece\/mw-power-mw-sc6b-universal-charger-12v-6a-24v-3a-lcd-display-ip65-ladesanas-ierice\/#breadcrumb"},"inLanguage":"ru-RU","potentialAction":[{"@type":"ReadAction","target":["https:\/\/akum.lv\/ru\/prece\/mw-power-mw-sc6b-universal-charger-12v-6a-24v-3a-lcd-display-ip65-ladesanas-ierice\/"]}]},{"@type":"ImageObject","inLanguage":"ru-RU","@id":"https:\/\/akum.lv\/ru\/prece\/mw-power-mw-sc6b-universal-charger-12v-6a-24v-3a-lcd-display-ip65-ladesanas-ierice\/#primaryimage","url":"https:\/\/akum.lv\/wp-content\/uploads\/2020\/07\/MW-SC6Bklemy.png","contentUrl":"https:\/\/akum.lv\/wp-content\/uploads\/2020\/07\/MW-SC6Bklemy.png","width":500,"height":306},{"@type":"BreadcrumbList","@id":"https:\/\/akum.lv\/ru\/prece\/mw-power-mw-sc6b-universal-charger-12v-6a-24v-3a-lcd-display-ip65-ladesanas-ierice\/#breadcrumb","itemListElement":[{"@type":"ListItem","position":1,"name":"\u0413\u043b\u0430\u0432\u043d\u0430\u044f \u0441\u0442\u0440\u0430\u043d\u0438\u0446\u0430","item":"https:\/\/akum.lv\/ru\/"},{"@type":"ListItem","position":2,"name":"PRECES","item":"https:\/\/akum.lv\/produkti-preces\/"},{"@type":"ListItem","position":3,"name":"MW Power MW-SC6B universal charger 12V-6A\/24V-3A LCD display (IP65) l\u0101d\u0113\u0161anas ier\u012bce"}]},{"@type":"WebSite","@id":"https:\/\/akum.lv\/#website","url":"https:\/\/akum.lv\/","name":"www.akum.lv","description":"Akumulatoru p\u0101rdev\u0113js | \u041f\u0440\u043e\u0434\u0430\u0432\u0435\u0446 \u0430\u043a\u043a\u0443\u043c\u0443\u043b\u044f\u0442\u043e\u0440\u043e\u0432 | Battery seller","publisher":{"@id":"https:\/\/akum.lv\/#organization"},"potentialAction":[{"@type":"SearchAction","target":{"@type":"EntryPoint","urlTemplate":"https:\/\/akum.lv\/?s={search_term_string}"},"query-input":{"@type":"PropertyValueSpecification","valueRequired":true,"valueName":"search_term_string"}}],"inLanguage":"ru-RU"},{"@type":"Organization","@id":"https:\/\/akum.lv\/#organization","name":"HubEnergy","url":"https:\/\/akum.lv\/","logo":{"@type":"ImageObject","inLanguage":"ru-RU","@id":"https:\/\/akum.lv\/#\/schema\/logo\/image\/","url":"https:\/\/akum.lv\/wp-content\/uploads\/2018\/08\/Logo-hub-energy-2018-seller-dark-blue.png","contentUrl":"https:\/\/akum.lv\/wp-content\/uploads\/2018\/08\/Logo-hub-energy-2018-seller-dark-blue.png","width":381,"height":75,"caption":"HubEnergy"},"image":{"@id":"https:\/\/akum.lv\/#\/schema\/logo\/image\/"}}]}},"brands":[{"id":335,"name":"MW POWER","slug":"mw-power-ru"}],"_links":{"self":[{"href":"https:\/\/akum.lv\/ru\/wp-json\/wp\/v2\/product\/8338","targetHints":{"allow":["GET"]}}],"collection":[{"href":"https:\/\/akum.lv\/ru\/wp-json\/wp\/v2\/product"}],"about":[{"href":"https:\/\/akum.lv\/ru\/wp-json\/wp\/v2\/types\/product"}],"wp:featuredmedia":[{"embeddable":true,"href":"https:\/\/akum.lv\/ru\/wp-json\/wp\/v2\/media\/8341"}],"wp:attachment":[{"href":"https:\/\/akum.lv\/ru\/wp-json\/wp\/v2\/media?parent=8338"}],"wp:term":[{"taxonomy":"pwb-brand","embeddable":true,"href":"https:\/\/akum.lv\/ru\/wp-json\/wp\/v2\/pwb-brand?post=8338"},{"taxonomy":"product_brand","embeddable":true,"href":"https:\/\/akum.lv\/ru\/wp-json\/wp\/v2\/product_brand?post=8338"},{"taxonomy":"product_cat","embeddable":true,"href":"https:\/\/akum.lv\/ru\/wp-json\/wp\/v2\/product_cat?post=8338"},{"taxonomy":"product_tag","embeddable":true,"href":"https:\/\/akum.lv\/ru\/wp-json\/wp\/v2\/product_tag?post=8338"}],"curies":[{"name":"wp","href":"https:\/\/api.w.org\/{rel}","templated":true}]}}