{"id":8269,"date":"2020-07-15T13:48:00","date_gmt":"2020-07-15T13:48:00","guid":{"rendered":"https:\/\/akum.lv\/veikals\/uncategorized\/noco-genius-gb500-booster-12v-24v-20000a-266wh-lithium-jump-starter-starta-uzladesana-ierice\/"},"modified":"2026-01-06T14:59:55","modified_gmt":"2026-01-06T14:59:55","slug":"noco-genius-gb500-booster-12v-24v-20000a-266wh-lithium-jump-starter-starta-uzladesana-ierice","status":"publish","type":"product","link":"https:\/\/akum.lv\/ru\/prece\/noco-genius-gb500-booster-12v-24v-20000a-266wh-lithium-jump-starter-starta-uzladesana-ierice\/","title":{"rendered":"NOCO Genius GB500 Booster 12V&#038;24V 20000A 266Wh Lithium Jump Starter, Starta-uzl\u0101d\u0113\u0161ana ier\u012bce"},"content":{"rendered":"","protected":false},"excerpt":{"rendered":"<p>NOCO Genius GB500 Booster 12V&amp;24V 20000A 266Wh Lithium Jump Starter, Starta-uzl\u0101d\u0113\u0161ana ier\u012bce<\/p>\n<p><strong><img loading=\"lazy\" decoding=\"async\" class=\"alignnone size-full wp-image-11436\" src=\"https:\/\/akum.lv\/wp-content\/uploads\/2021\/12\/pdf-icon.png\" alt=\"\" width=\"50\" height=\"50\" \/> &#8212; <a href=\"https:\/\/akum.lv\/wp-content\/uploads\/2020\/07\/Datasheet-GB500.pdf\">Datasheet GB500<\/a><\/strong><\/p>\n<p><span style=\"font-size: 21px;\"><strong>Jump start 12V and 24V batteries &#8212; for Truck<\/strong><\/span><br \/>\n<span style=\"font-size: 21px;\"><strong>20000 Amp UltraSafe Lithium-Ion Jump Starter<\/strong><\/span><\/p>\n<div class=\"paragraph-text\">The Boost Max is the next generation of portable lithium jump starters. Engineered from the ground up, the Boost Max is one of the most powerful and innovative jump starters on the market. Designed for both 12-volt and 24-volt gas and diesel engines in Class 8+\/CE high-displacement vehicles and equipment, the Boost Max is 400-percent smaller and lighter than its closest lead-acid equivalent. And it features our patented safety protection for spark-proof technology and reverse polarity protection, as well as the confidence to power your favorite devices ranging from smartphones to tire pumps.<\/div>\n","protected":false},"featured_media":8267,"template":"","meta":[],"pwb-brand":[332],"product_brand":[],"product_cat":[296],"product_tag":[394,388],"class_list":{"0":"post-8269","1":"product","2":"type-product","3":"status-publish","4":"has-post-thumbnail","6":"pwb-brand-noco-genius-ru","7":"product_cat-boosters","8":"product_tag-novinki","9":"product_tag-tovary-dlja-avtoljubitelej","11":"first","12":"instock","13":"taxable","14":"shipping-taxable","15":"purchasable","16":"product-type-simple"},"yoast_head":"<!-- This site is optimized with the Yoast SEO plugin v26.7 - https:\/\/yoast.com\/wordpress\/plugins\/seo\/ -->\n<title>NOCO Genius GB500 Booster 12V&amp;24V 20000A 266Wh Lithium Jump Starter, Starta-uzl\u0101d\u0113\u0161ana ier\u012bce - www.akum.lv<\/title>\n<meta name=\"robots\" content=\"index, follow, max-snippet:-1, max-image-preview:large, max-video-preview:-1\" \/>\n<link rel=\"canonical\" href=\"https:\/\/akum.lv\/ru\/prece\/noco-genius-gb500-booster-12v-24v-20000a-266wh-lithium-jump-starter-starta-uzladesana-ierice\/\" \/>\n<meta property=\"og:locale\" content=\"ru_RU\" \/>\n<meta property=\"og:type\" content=\"article\" \/>\n<meta property=\"og:title\" content=\"NOCO Genius GB500 Booster 12V&amp;24V 20000A 266Wh Lithium Jump Starter, Starta-uzl\u0101d\u0113\u0161ana ier\u012bce - www.akum.lv\" \/>\n<meta property=\"og:description\" content=\"NOCO Genius GB500 Booster 12V&amp;24V 20000A 266Wh Lithium Jump Starter, Starta-uzl\u0101d\u0113\u0161ana ier\u012bce   - Datasheet GB500  Jump start 12V and 24V batteries - for Truck 20000 Amp UltraSafe Lithium-Ion Jump Starter The Boost Max is the next generation of portable lithium jump starters. Engineered from the ground up, the Boost Max is one of the most powerful and innovative jump starters on the market. Designed for both 12-volt and 24-volt gas and diesel engines in Class 8+\/CE high-displacement vehicles and equipment, the Boost Max is 400-percent smaller and lighter than its closest lead-acid equivalent. And it features our patented safety protection for spark-proof technology and reverse polarity protection, as well as the confidence to power your favorite devices ranging from smartphones to tire pumps.\" \/>\n<meta property=\"og:url\" content=\"https:\/\/akum.lv\/ru\/prece\/noco-genius-gb500-booster-12v-24v-20000a-266wh-lithium-jump-starter-starta-uzladesana-ierice\/\" \/>\n<meta property=\"og:site_name\" content=\"www.akum.lv\" \/>\n<meta property=\"article:modified_time\" content=\"2026-01-06T14:59:55+00:00\" \/>\n<meta property=\"og:image\" content=\"https:\/\/akum.lv\/wp-content\/uploads\/2020\/07\/NOCO-GB500.jpg\" \/>\n\t<meta property=\"og:image:width\" content=\"500\" \/>\n\t<meta property=\"og:image:height\" content=\"208\" \/>\n\t<meta property=\"og:image:type\" content=\"image\/jpeg\" \/>\n<meta name=\"twitter:card\" content=\"summary_large_image\" \/>\n<script type=\"application\/ld+json\" class=\"yoast-schema-graph\">{\"@context\":\"https:\/\/schema.org\",\"@graph\":[{\"@type\":\"WebPage\",\"@id\":\"https:\/\/akum.lv\/ru\/prece\/noco-genius-gb500-booster-12v-24v-20000a-266wh-lithium-jump-starter-starta-uzladesana-ierice\/\",\"url\":\"https:\/\/akum.lv\/ru\/prece\/noco-genius-gb500-booster-12v-24v-20000a-266wh-lithium-jump-starter-starta-uzladesana-ierice\/\",\"name\":\"NOCO Genius GB500 Booster 12V&24V 20000A 266Wh Lithium Jump Starter, Starta-uzl\u0101d\u0113\u0161ana ier\u012bce - www.akum.lv\",\"isPartOf\":{\"@id\":\"https:\/\/akum.lv\/#website\"},\"primaryImageOfPage\":{\"@id\":\"https:\/\/akum.lv\/ru\/prece\/noco-genius-gb500-booster-12v-24v-20000a-266wh-lithium-jump-starter-starta-uzladesana-ierice\/#primaryimage\"},\"image\":{\"@id\":\"https:\/\/akum.lv\/ru\/prece\/noco-genius-gb500-booster-12v-24v-20000a-266wh-lithium-jump-starter-starta-uzladesana-ierice\/#primaryimage\"},\"thumbnailUrl\":\"https:\/\/akum.lv\/wp-content\/uploads\/2020\/07\/NOCO-GB500.jpg\",\"datePublished\":\"2020-07-15T13:48:00+00:00\",\"dateModified\":\"2026-01-06T14:59:55+00:00\",\"breadcrumb\":{\"@id\":\"https:\/\/akum.lv\/ru\/prece\/noco-genius-gb500-booster-12v-24v-20000a-266wh-lithium-jump-starter-starta-uzladesana-ierice\/#breadcrumb\"},\"inLanguage\":\"ru-RU\",\"potentialAction\":[{\"@type\":\"ReadAction\",\"target\":[\"https:\/\/akum.lv\/ru\/prece\/noco-genius-gb500-booster-12v-24v-20000a-266wh-lithium-jump-starter-starta-uzladesana-ierice\/\"]}]},{\"@type\":\"ImageObject\",\"inLanguage\":\"ru-RU\",\"@id\":\"https:\/\/akum.lv\/ru\/prece\/noco-genius-gb500-booster-12v-24v-20000a-266wh-lithium-jump-starter-starta-uzladesana-ierice\/#primaryimage\",\"url\":\"https:\/\/akum.lv\/wp-content\/uploads\/2020\/07\/NOCO-GB500.jpg\",\"contentUrl\":\"https:\/\/akum.lv\/wp-content\/uploads\/2020\/07\/NOCO-GB500.jpg\",\"width\":500,\"height\":208},{\"@type\":\"BreadcrumbList\",\"@id\":\"https:\/\/akum.lv\/ru\/prece\/noco-genius-gb500-booster-12v-24v-20000a-266wh-lithium-jump-starter-starta-uzladesana-ierice\/#breadcrumb\",\"itemListElement\":[{\"@type\":\"ListItem\",\"position\":1,\"name\":\"\u0413\u043b\u0430\u0432\u043d\u0430\u044f \u0441\u0442\u0440\u0430\u043d\u0438\u0446\u0430\",\"item\":\"https:\/\/akum.lv\/ru\/\"},{\"@type\":\"ListItem\",\"position\":2,\"name\":\"PRECES\",\"item\":\"https:\/\/akum.lv\/produkti-preces\/\"},{\"@type\":\"ListItem\",\"position\":3,\"name\":\"NOCO Genius GB500 Booster 12V&#038;24V 20000A 266Wh Lithium Jump Starter, Starta-uzl\u0101d\u0113\u0161ana ier\u012bce\"}]},{\"@type\":\"WebSite\",\"@id\":\"https:\/\/akum.lv\/#website\",\"url\":\"https:\/\/akum.lv\/\",\"name\":\"www.akum.lv\",\"description\":\"Akumulatoru p\u0101rdev\u0113js | \u041f\u0440\u043e\u0434\u0430\u0432\u0435\u0446 \u0430\u043a\u043a\u0443\u043c\u0443\u043b\u044f\u0442\u043e\u0440\u043e\u0432 | Battery seller\",\"publisher\":{\"@id\":\"https:\/\/akum.lv\/#organization\"},\"potentialAction\":[{\"@type\":\"SearchAction\",\"target\":{\"@type\":\"EntryPoint\",\"urlTemplate\":\"https:\/\/akum.lv\/?s={search_term_string}\"},\"query-input\":{\"@type\":\"PropertyValueSpecification\",\"valueRequired\":true,\"valueName\":\"search_term_string\"}}],\"inLanguage\":\"ru-RU\"},{\"@type\":\"Organization\",\"@id\":\"https:\/\/akum.lv\/#organization\",\"name\":\"HubEnergy\",\"url\":\"https:\/\/akum.lv\/\",\"logo\":{\"@type\":\"ImageObject\",\"inLanguage\":\"ru-RU\",\"@id\":\"https:\/\/akum.lv\/#\/schema\/logo\/image\/\",\"url\":\"https:\/\/akum.lv\/wp-content\/uploads\/2018\/08\/Logo-hub-energy-2018-seller-dark-blue.png\",\"contentUrl\":\"https:\/\/akum.lv\/wp-content\/uploads\/2018\/08\/Logo-hub-energy-2018-seller-dark-blue.png\",\"width\":381,\"height\":75,\"caption\":\"HubEnergy\"},\"image\":{\"@id\":\"https:\/\/akum.lv\/#\/schema\/logo\/image\/\"}}]}<\/script>\n<!-- \/ Yoast SEO plugin. -->","yoast_head_json":{"title":"NOCO Genius GB500 Booster 12V&24V 20000A 266Wh Lithium Jump Starter, Starta-uzl\u0101d\u0113\u0161ana ier\u012bce - www.akum.lv","robots":{"index":"index","follow":"follow","max-snippet":"max-snippet:-1","max-image-preview":"max-image-preview:large","max-video-preview":"max-video-preview:-1"},"canonical":"https:\/\/akum.lv\/ru\/prece\/noco-genius-gb500-booster-12v-24v-20000a-266wh-lithium-jump-starter-starta-uzladesana-ierice\/","og_locale":"ru_RU","og_type":"article","og_title":"NOCO Genius GB500 Booster 12V&24V 20000A 266Wh Lithium Jump Starter, Starta-uzl\u0101d\u0113\u0161ana ier\u012bce - www.akum.lv","og_description":"NOCO Genius GB500 Booster 12V&amp;24V 20000A 266Wh Lithium Jump Starter, Starta-uzl\u0101d\u0113\u0161ana ier\u012bce   - Datasheet GB500  Jump start 12V and 24V batteries - for Truck 20000 Amp UltraSafe Lithium-Ion Jump Starter The Boost Max is the next generation of portable lithium jump starters. Engineered from the ground up, the Boost Max is one of the most powerful and innovative jump starters on the market. Designed for both 12-volt and 24-volt gas and diesel engines in Class 8+\/CE high-displacement vehicles and equipment, the Boost Max is 400-percent smaller and lighter than its closest lead-acid equivalent. And it features our patented safety protection for spark-proof technology and reverse polarity protection, as well as the confidence to power your favorite devices ranging from smartphones to tire pumps.","og_url":"https:\/\/akum.lv\/ru\/prece\/noco-genius-gb500-booster-12v-24v-20000a-266wh-lithium-jump-starter-starta-uzladesana-ierice\/","og_site_name":"www.akum.lv","article_modified_time":"2026-01-06T14:59:55+00:00","og_image":[{"width":500,"height":208,"url":"https:\/\/akum.lv\/wp-content\/uploads\/2020\/07\/NOCO-GB500.jpg","type":"image\/jpeg"}],"twitter_card":"summary_large_image","schema":{"@context":"https:\/\/schema.org","@graph":[{"@type":"WebPage","@id":"https:\/\/akum.lv\/ru\/prece\/noco-genius-gb500-booster-12v-24v-20000a-266wh-lithium-jump-starter-starta-uzladesana-ierice\/","url":"https:\/\/akum.lv\/ru\/prece\/noco-genius-gb500-booster-12v-24v-20000a-266wh-lithium-jump-starter-starta-uzladesana-ierice\/","name":"NOCO Genius GB500 Booster 12V&24V 20000A 266Wh Lithium Jump Starter, Starta-uzl\u0101d\u0113\u0161ana ier\u012bce - www.akum.lv","isPartOf":{"@id":"https:\/\/akum.lv\/#website"},"primaryImageOfPage":{"@id":"https:\/\/akum.lv\/ru\/prece\/noco-genius-gb500-booster-12v-24v-20000a-266wh-lithium-jump-starter-starta-uzladesana-ierice\/#primaryimage"},"image":{"@id":"https:\/\/akum.lv\/ru\/prece\/noco-genius-gb500-booster-12v-24v-20000a-266wh-lithium-jump-starter-starta-uzladesana-ierice\/#primaryimage"},"thumbnailUrl":"https:\/\/akum.lv\/wp-content\/uploads\/2020\/07\/NOCO-GB500.jpg","datePublished":"2020-07-15T13:48:00+00:00","dateModified":"2026-01-06T14:59:55+00:00","breadcrumb":{"@id":"https:\/\/akum.lv\/ru\/prece\/noco-genius-gb500-booster-12v-24v-20000a-266wh-lithium-jump-starter-starta-uzladesana-ierice\/#breadcrumb"},"inLanguage":"ru-RU","potentialAction":[{"@type":"ReadAction","target":["https:\/\/akum.lv\/ru\/prece\/noco-genius-gb500-booster-12v-24v-20000a-266wh-lithium-jump-starter-starta-uzladesana-ierice\/"]}]},{"@type":"ImageObject","inLanguage":"ru-RU","@id":"https:\/\/akum.lv\/ru\/prece\/noco-genius-gb500-booster-12v-24v-20000a-266wh-lithium-jump-starter-starta-uzladesana-ierice\/#primaryimage","url":"https:\/\/akum.lv\/wp-content\/uploads\/2020\/07\/NOCO-GB500.jpg","contentUrl":"https:\/\/akum.lv\/wp-content\/uploads\/2020\/07\/NOCO-GB500.jpg","width":500,"height":208},{"@type":"BreadcrumbList","@id":"https:\/\/akum.lv\/ru\/prece\/noco-genius-gb500-booster-12v-24v-20000a-266wh-lithium-jump-starter-starta-uzladesana-ierice\/#breadcrumb","itemListElement":[{"@type":"ListItem","position":1,"name":"\u0413\u043b\u0430\u0432\u043d\u0430\u044f \u0441\u0442\u0440\u0430\u043d\u0438\u0446\u0430","item":"https:\/\/akum.lv\/ru\/"},{"@type":"ListItem","position":2,"name":"PRECES","item":"https:\/\/akum.lv\/produkti-preces\/"},{"@type":"ListItem","position":3,"name":"NOCO Genius GB500 Booster 12V&#038;24V 20000A 266Wh Lithium Jump Starter, Starta-uzl\u0101d\u0113\u0161ana ier\u012bce"}]},{"@type":"WebSite","@id":"https:\/\/akum.lv\/#website","url":"https:\/\/akum.lv\/","name":"www.akum.lv","description":"Akumulatoru p\u0101rdev\u0113js | \u041f\u0440\u043e\u0434\u0430\u0432\u0435\u0446 \u0430\u043a\u043a\u0443\u043c\u0443\u043b\u044f\u0442\u043e\u0440\u043e\u0432 | Battery seller","publisher":{"@id":"https:\/\/akum.lv\/#organization"},"potentialAction":[{"@type":"SearchAction","target":{"@type":"EntryPoint","urlTemplate":"https:\/\/akum.lv\/?s={search_term_string}"},"query-input":{"@type":"PropertyValueSpecification","valueRequired":true,"valueName":"search_term_string"}}],"inLanguage":"ru-RU"},{"@type":"Organization","@id":"https:\/\/akum.lv\/#organization","name":"HubEnergy","url":"https:\/\/akum.lv\/","logo":{"@type":"ImageObject","inLanguage":"ru-RU","@id":"https:\/\/akum.lv\/#\/schema\/logo\/image\/","url":"https:\/\/akum.lv\/wp-content\/uploads\/2018\/08\/Logo-hub-energy-2018-seller-dark-blue.png","contentUrl":"https:\/\/akum.lv\/wp-content\/uploads\/2018\/08\/Logo-hub-energy-2018-seller-dark-blue.png","width":381,"height":75,"caption":"HubEnergy"},"image":{"@id":"https:\/\/akum.lv\/#\/schema\/logo\/image\/"}}]}},"brands":[{"id":332,"name":"NOCO Genius","slug":"noco-genius-ru"}],"_links":{"self":[{"href":"https:\/\/akum.lv\/ru\/wp-json\/wp\/v2\/product\/8269","targetHints":{"allow":["GET"]}}],"collection":[{"href":"https:\/\/akum.lv\/ru\/wp-json\/wp\/v2\/product"}],"about":[{"href":"https:\/\/akum.lv\/ru\/wp-json\/wp\/v2\/types\/product"}],"wp:featuredmedia":[{"embeddable":true,"href":"https:\/\/akum.lv\/ru\/wp-json\/wp\/v2\/media\/8267"}],"wp:attachment":[{"href":"https:\/\/akum.lv\/ru\/wp-json\/wp\/v2\/media?parent=8269"}],"wp:term":[{"taxonomy":"pwb-brand","embeddable":true,"href":"https:\/\/akum.lv\/ru\/wp-json\/wp\/v2\/pwb-brand?post=8269"},{"taxonomy":"product_brand","embeddable":true,"href":"https:\/\/akum.lv\/ru\/wp-json\/wp\/v2\/product_brand?post=8269"},{"taxonomy":"product_cat","embeddable":true,"href":"https:\/\/akum.lv\/ru\/wp-json\/wp\/v2\/product_cat?post=8269"},{"taxonomy":"product_tag","embeddable":true,"href":"https:\/\/akum.lv\/ru\/wp-json\/wp\/v2\/product_tag?post=8269"}],"curies":[{"name":"wp","href":"https:\/\/api.w.org\/{rel}","templated":true}]}}