{"id":8243,"date":"2020-07-15T12:18:20","date_gmt":"2020-07-15T12:18:20","guid":{"rendered":"https:\/\/akum.lv\/veikals\/uncategorized\/everactive-industrial-lr03-aaa-alkaline-batteries-iepakojuma-2-gab-shrink\/"},"modified":"2023-07-28T10:59:04","modified_gmt":"2023-07-28T10:59:04","slug":"everactive-industrial-lr03-aaa-alkaline-batteries-iepakojuma-2-gab-shrink","status":"publish","type":"product","link":"https:\/\/akum.lv\/ru\/prece\/everactive-industrial-lr03-aaa-alkaline-batteries-iepakojuma-2-gab-shrink\/","title":{"rendered":"everActive Industrial LR03\/AAA Alkaline batteries (iepakojuma 2 gab. shrink)"},"content":{"rendered":"","protected":false},"excerpt":{"rendered":"<p>everActive Industrial LR03\/AAA Alkaline batteries (iepakojuma 2 gab. shrink)<\/p>\n<p><span style=\"color: #ff0000;\">Cena par <strong>2<\/strong> bateriju iepakojumu &#8212; <strong>0,32 eiro ar PVN<\/strong><\/span><br \/>\n<span style=\"color: #ff0000;\">Vien\u0101 kast\u012bt\u0113 ir <strong>40<\/strong> baterijas, cena par vienas kastes &#8212; <strong>6,40 EUR ar PVN<\/strong><\/span><br \/>\n<span style=\"color: #ff0000;\">Minim\u0101lais pirkums <strong>10<\/strong> kastes (<strong>400<\/strong> baterijas)<\/span><\/p>\n","protected":false},"featured_media":8251,"template":"","meta":[],"pwb-brand":[621],"product_brand":[],"product_cat":[284,287],"product_tag":[],"class_list":{"0":"post-8243","1":"product","2":"type-product","3":"status-publish","4":"has-post-thumbnail","6":"pwb-brand-everactive-ru","7":"product_cat-vse-vidy-obychnyh-batareek-i-perezarjazhaemye-batarejki","8":"product_cat-batarejki-alkalajn","10":"first","11":"instock","12":"taxable","13":"shipping-taxable","14":"purchasable","15":"product-type-simple"},"yoast_head":"<!-- This site is optimized with the Yoast SEO plugin v26.7 - https:\/\/yoast.com\/wordpress\/plugins\/seo\/ -->\n<title>everActive Industrial LR03\/AAA Alkaline batteries (iepakojuma 2 gab. shrink) - www.akum.lv<\/title>\n<meta name=\"robots\" content=\"index, follow, max-snippet:-1, max-image-preview:large, max-video-preview:-1\" \/>\n<link rel=\"canonical\" href=\"https:\/\/akum.lv\/prece\/everactive-industrial-lr03-aaa-alkaline-batteries-iepakojuma-2-gab-shrink\/\" \/>\n<meta property=\"og:locale\" content=\"ru_RU\" \/>\n<meta property=\"og:type\" content=\"article\" \/>\n<meta property=\"og:title\" content=\"everActive Industrial LR03\/AAA Alkaline batteries (iepakojuma 2 gab. shrink) - www.akum.lv\" \/>\n<meta property=\"og:description\" content=\"everActive Industrial LR03\/AAA Alkaline batteries (iepakojuma 2 gab. shrink)  Cena par 2 bateriju iepakojumu - 0,32 eiro ar PVN Vien\u0101 kast\u012bt\u0113 ir 40 baterijas, cena par vienas kastes - 6,40 EUR ar PVN Minim\u0101lais pirkums 10 kastes (400 baterijas)\" \/>\n<meta property=\"og:url\" content=\"https:\/\/akum.lv\/prece\/everactive-industrial-lr03-aaa-alkaline-batteries-iepakojuma-2-gab-shrink\/\" \/>\n<meta property=\"og:site_name\" content=\"www.akum.lv\" \/>\n<meta property=\"article:modified_time\" content=\"2023-07-28T10:59:04+00:00\" \/>\n<meta property=\"og:image\" content=\"https:\/\/akum.lv\/wp-content\/uploads\/2020\/07\/everActive_Industrial_LR03_AAA-1.jpg\" \/>\n\t<meta property=\"og:image:width\" content=\"400\" \/>\n\t<meta property=\"og:image:height\" content=\"267\" \/>\n\t<meta property=\"og:image:type\" content=\"image\/jpeg\" \/>\n<meta name=\"twitter:card\" content=\"summary_large_image\" \/>\n<script type=\"application\/ld+json\" class=\"yoast-schema-graph\">{\"@context\":\"https:\/\/schema.org\",\"@graph\":[{\"@type\":\"WebPage\",\"@id\":\"https:\/\/akum.lv\/prece\/everactive-industrial-lr03-aaa-alkaline-batteries-iepakojuma-2-gab-shrink\/\",\"url\":\"https:\/\/akum.lv\/prece\/everactive-industrial-lr03-aaa-alkaline-batteries-iepakojuma-2-gab-shrink\/\",\"name\":\"everActive Industrial LR03\/AAA Alkaline batteries (iepakojuma 2 gab. shrink) - www.akum.lv\",\"isPartOf\":{\"@id\":\"https:\/\/akum.lv\/#website\"},\"primaryImageOfPage\":{\"@id\":\"https:\/\/akum.lv\/prece\/everactive-industrial-lr03-aaa-alkaline-batteries-iepakojuma-2-gab-shrink\/#primaryimage\"},\"image\":{\"@id\":\"https:\/\/akum.lv\/prece\/everactive-industrial-lr03-aaa-alkaline-batteries-iepakojuma-2-gab-shrink\/#primaryimage\"},\"thumbnailUrl\":\"https:\/\/akum.lv\/wp-content\/uploads\/2020\/07\/everActive_Industrial_LR03_AAA-1.jpg\",\"datePublished\":\"2020-07-15T12:18:20+00:00\",\"dateModified\":\"2023-07-28T10:59:04+00:00\",\"breadcrumb\":{\"@id\":\"https:\/\/akum.lv\/prece\/everactive-industrial-lr03-aaa-alkaline-batteries-iepakojuma-2-gab-shrink\/#breadcrumb\"},\"inLanguage\":\"ru-RU\",\"potentialAction\":[{\"@type\":\"ReadAction\",\"target\":[\"https:\/\/akum.lv\/prece\/everactive-industrial-lr03-aaa-alkaline-batteries-iepakojuma-2-gab-shrink\/\"]}]},{\"@type\":\"ImageObject\",\"inLanguage\":\"ru-RU\",\"@id\":\"https:\/\/akum.lv\/prece\/everactive-industrial-lr03-aaa-alkaline-batteries-iepakojuma-2-gab-shrink\/#primaryimage\",\"url\":\"https:\/\/akum.lv\/wp-content\/uploads\/2020\/07\/everActive_Industrial_LR03_AAA-1.jpg\",\"contentUrl\":\"https:\/\/akum.lv\/wp-content\/uploads\/2020\/07\/everActive_Industrial_LR03_AAA-1.jpg\",\"width\":400,\"height\":267},{\"@type\":\"BreadcrumbList\",\"@id\":\"https:\/\/akum.lv\/prece\/everactive-industrial-lr03-aaa-alkaline-batteries-iepakojuma-2-gab-shrink\/#breadcrumb\",\"itemListElement\":[{\"@type\":\"ListItem\",\"position\":1,\"name\":\"\u0413\u043b\u0430\u0432\u043d\u0430\u044f \u0441\u0442\u0440\u0430\u043d\u0438\u0446\u0430\",\"item\":\"https:\/\/akum.lv\/ru\/\"},{\"@type\":\"ListItem\",\"position\":2,\"name\":\"PRECES\",\"item\":\"https:\/\/akum.lv\/produkti-preces\/\"},{\"@type\":\"ListItem\",\"position\":3,\"name\":\"everActive Industrial LR03\/AAA Alkaline batteries (iepakojuma 2 gab. shrink)\"}]},{\"@type\":\"WebSite\",\"@id\":\"https:\/\/akum.lv\/#website\",\"url\":\"https:\/\/akum.lv\/\",\"name\":\"www.akum.lv\",\"description\":\"Akumulatoru p\u0101rdev\u0113js | \u041f\u0440\u043e\u0434\u0430\u0432\u0435\u0446 \u0430\u043a\u043a\u0443\u043c\u0443\u043b\u044f\u0442\u043e\u0440\u043e\u0432 | Battery seller\",\"publisher\":{\"@id\":\"https:\/\/akum.lv\/#organization\"},\"potentialAction\":[{\"@type\":\"SearchAction\",\"target\":{\"@type\":\"EntryPoint\",\"urlTemplate\":\"https:\/\/akum.lv\/?s={search_term_string}\"},\"query-input\":{\"@type\":\"PropertyValueSpecification\",\"valueRequired\":true,\"valueName\":\"search_term_string\"}}],\"inLanguage\":\"ru-RU\"},{\"@type\":\"Organization\",\"@id\":\"https:\/\/akum.lv\/#organization\",\"name\":\"HubEnergy\",\"url\":\"https:\/\/akum.lv\/\",\"logo\":{\"@type\":\"ImageObject\",\"inLanguage\":\"ru-RU\",\"@id\":\"https:\/\/akum.lv\/#\/schema\/logo\/image\/\",\"url\":\"https:\/\/akum.lv\/wp-content\/uploads\/2018\/08\/Logo-hub-energy-2018-seller-dark-blue.png\",\"contentUrl\":\"https:\/\/akum.lv\/wp-content\/uploads\/2018\/08\/Logo-hub-energy-2018-seller-dark-blue.png\",\"width\":381,\"height\":75,\"caption\":\"HubEnergy\"},\"image\":{\"@id\":\"https:\/\/akum.lv\/#\/schema\/logo\/image\/\"}}]}<\/script>\n<!-- \/ Yoast SEO plugin. -->","yoast_head_json":{"title":"everActive Industrial LR03\/AAA Alkaline batteries (iepakojuma 2 gab. shrink) - www.akum.lv","robots":{"index":"index","follow":"follow","max-snippet":"max-snippet:-1","max-image-preview":"max-image-preview:large","max-video-preview":"max-video-preview:-1"},"canonical":"https:\/\/akum.lv\/prece\/everactive-industrial-lr03-aaa-alkaline-batteries-iepakojuma-2-gab-shrink\/","og_locale":"ru_RU","og_type":"article","og_title":"everActive Industrial LR03\/AAA Alkaline batteries (iepakojuma 2 gab. shrink) - www.akum.lv","og_description":"everActive Industrial LR03\/AAA Alkaline batteries (iepakojuma 2 gab. shrink)  Cena par 2 bateriju iepakojumu - 0,32 eiro ar PVN Vien\u0101 kast\u012bt\u0113 ir 40 baterijas, cena par vienas kastes - 6,40 EUR ar PVN Minim\u0101lais pirkums 10 kastes (400 baterijas)","og_url":"https:\/\/akum.lv\/prece\/everactive-industrial-lr03-aaa-alkaline-batteries-iepakojuma-2-gab-shrink\/","og_site_name":"www.akum.lv","article_modified_time":"2023-07-28T10:59:04+00:00","og_image":[{"width":400,"height":267,"url":"https:\/\/akum.lv\/wp-content\/uploads\/2020\/07\/everActive_Industrial_LR03_AAA-1.jpg","type":"image\/jpeg"}],"twitter_card":"summary_large_image","schema":{"@context":"https:\/\/schema.org","@graph":[{"@type":"WebPage","@id":"https:\/\/akum.lv\/prece\/everactive-industrial-lr03-aaa-alkaline-batteries-iepakojuma-2-gab-shrink\/","url":"https:\/\/akum.lv\/prece\/everactive-industrial-lr03-aaa-alkaline-batteries-iepakojuma-2-gab-shrink\/","name":"everActive Industrial LR03\/AAA Alkaline batteries (iepakojuma 2 gab. shrink) - www.akum.lv","isPartOf":{"@id":"https:\/\/akum.lv\/#website"},"primaryImageOfPage":{"@id":"https:\/\/akum.lv\/prece\/everactive-industrial-lr03-aaa-alkaline-batteries-iepakojuma-2-gab-shrink\/#primaryimage"},"image":{"@id":"https:\/\/akum.lv\/prece\/everactive-industrial-lr03-aaa-alkaline-batteries-iepakojuma-2-gab-shrink\/#primaryimage"},"thumbnailUrl":"https:\/\/akum.lv\/wp-content\/uploads\/2020\/07\/everActive_Industrial_LR03_AAA-1.jpg","datePublished":"2020-07-15T12:18:20+00:00","dateModified":"2023-07-28T10:59:04+00:00","breadcrumb":{"@id":"https:\/\/akum.lv\/prece\/everactive-industrial-lr03-aaa-alkaline-batteries-iepakojuma-2-gab-shrink\/#breadcrumb"},"inLanguage":"ru-RU","potentialAction":[{"@type":"ReadAction","target":["https:\/\/akum.lv\/prece\/everactive-industrial-lr03-aaa-alkaline-batteries-iepakojuma-2-gab-shrink\/"]}]},{"@type":"ImageObject","inLanguage":"ru-RU","@id":"https:\/\/akum.lv\/prece\/everactive-industrial-lr03-aaa-alkaline-batteries-iepakojuma-2-gab-shrink\/#primaryimage","url":"https:\/\/akum.lv\/wp-content\/uploads\/2020\/07\/everActive_Industrial_LR03_AAA-1.jpg","contentUrl":"https:\/\/akum.lv\/wp-content\/uploads\/2020\/07\/everActive_Industrial_LR03_AAA-1.jpg","width":400,"height":267},{"@type":"BreadcrumbList","@id":"https:\/\/akum.lv\/prece\/everactive-industrial-lr03-aaa-alkaline-batteries-iepakojuma-2-gab-shrink\/#breadcrumb","itemListElement":[{"@type":"ListItem","position":1,"name":"\u0413\u043b\u0430\u0432\u043d\u0430\u044f \u0441\u0442\u0440\u0430\u043d\u0438\u0446\u0430","item":"https:\/\/akum.lv\/ru\/"},{"@type":"ListItem","position":2,"name":"PRECES","item":"https:\/\/akum.lv\/produkti-preces\/"},{"@type":"ListItem","position":3,"name":"everActive Industrial LR03\/AAA Alkaline batteries (iepakojuma 2 gab. shrink)"}]},{"@type":"WebSite","@id":"https:\/\/akum.lv\/#website","url":"https:\/\/akum.lv\/","name":"www.akum.lv","description":"Akumulatoru p\u0101rdev\u0113js | \u041f\u0440\u043e\u0434\u0430\u0432\u0435\u0446 \u0430\u043a\u043a\u0443\u043c\u0443\u043b\u044f\u0442\u043e\u0440\u043e\u0432 | Battery seller","publisher":{"@id":"https:\/\/akum.lv\/#organization"},"potentialAction":[{"@type":"SearchAction","target":{"@type":"EntryPoint","urlTemplate":"https:\/\/akum.lv\/?s={search_term_string}"},"query-input":{"@type":"PropertyValueSpecification","valueRequired":true,"valueName":"search_term_string"}}],"inLanguage":"ru-RU"},{"@type":"Organization","@id":"https:\/\/akum.lv\/#organization","name":"HubEnergy","url":"https:\/\/akum.lv\/","logo":{"@type":"ImageObject","inLanguage":"ru-RU","@id":"https:\/\/akum.lv\/#\/schema\/logo\/image\/","url":"https:\/\/akum.lv\/wp-content\/uploads\/2018\/08\/Logo-hub-energy-2018-seller-dark-blue.png","contentUrl":"https:\/\/akum.lv\/wp-content\/uploads\/2018\/08\/Logo-hub-energy-2018-seller-dark-blue.png","width":381,"height":75,"caption":"HubEnergy"},"image":{"@id":"https:\/\/akum.lv\/#\/schema\/logo\/image\/"}}]}},"brands":[{"id":621,"name":"everActive","slug":"everactive-ru"}],"_links":{"self":[{"href":"https:\/\/akum.lv\/ru\/wp-json\/wp\/v2\/product\/8243","targetHints":{"allow":["GET"]}}],"collection":[{"href":"https:\/\/akum.lv\/ru\/wp-json\/wp\/v2\/product"}],"about":[{"href":"https:\/\/akum.lv\/ru\/wp-json\/wp\/v2\/types\/product"}],"wp:featuredmedia":[{"embeddable":true,"href":"https:\/\/akum.lv\/ru\/wp-json\/wp\/v2\/media\/8251"}],"wp:attachment":[{"href":"https:\/\/akum.lv\/ru\/wp-json\/wp\/v2\/media?parent=8243"}],"wp:term":[{"taxonomy":"pwb-brand","embeddable":true,"href":"https:\/\/akum.lv\/ru\/wp-json\/wp\/v2\/pwb-brand?post=8243"},{"taxonomy":"product_brand","embeddable":true,"href":"https:\/\/akum.lv\/ru\/wp-json\/wp\/v2\/product_brand?post=8243"},{"taxonomy":"product_cat","embeddable":true,"href":"https:\/\/akum.lv\/ru\/wp-json\/wp\/v2\/product_cat?post=8243"},{"taxonomy":"product_tag","embeddable":true,"href":"https:\/\/akum.lv\/ru\/wp-json\/wp\/v2\/product_tag?post=8243"}],"curies":[{"name":"wp","href":"https:\/\/api.w.org\/{rel}","templated":true}]}}