{"id":8017,"date":"2020-06-10T12:26:07","date_gmt":"2020-06-10T12:26:07","guid":{"rendered":"https:\/\/akum.lv\/veikals\/uncategorized\/akumulator-q-batteries-8dc-170-8v-170ah-deep-cycle-lead-acid-wet-battery\/"},"modified":"2022-08-10T09:35:59","modified_gmt":"2022-08-10T09:35:59","slug":"akumulator-q-batteries-8dc-170-8v-170ah-deep-cycle-lead-acid-wet-battery","status":"publish","type":"product","link":"https:\/\/akum.lv\/ru\/prece\/akumulator-q-batteries-8dc-170-8v-170ah-deep-cycle-lead-acid-wet-battery\/","title":{"rendered":"Akumulator Q-Batteries 8DC-170 8V 170Ah Deep cycle Lead-Acid Wet battery"},"content":{"rendered":"","protected":false},"excerpt":{"rendered":"<p>Akumulator Q-Batteries 8DC-170 8V 170Ah Deep cycle Lead-Acid Wet battery<\/p>\n<p>Golfa rati\u0146a akumulators<br \/>\n\u0410\u043a\u043a\u0443\u043c\u0443\u043b\u044f\u0442\u043e\u0440 \u0434\u043b\u044f \u0433\u043e\u043b\u044c\u0444 \u043a\u0430\u0440\u043e\u0432<br \/>\nGolf Carts Battery<\/p>\n<p><strong>Made in EU (Germany)<\/strong><\/p>\n<p><strong>Datasheet \u2013 <a href=\"https:\/\/akum.lv\/wp-content\/uploads\/2020\/06\/8DC-170.pdf\">8DC-170<\/a><\/strong><\/p>\n<p>,,HUB ENERGY,, \u2013 ofici\u0101lais bateriju izplat\u012bt\u0101js ,,Q-Batteries,, Latvij\u0101, Lietuv\u0101 un Igaunij\u0101.<br \/>\n,,HUB ENERGY,, \u2013 \u043e\u0444\u0438\u0446\u0438\u0430\u043b\u044c\u043d\u044b\u0439 \u0434\u0438\u0441\u0442\u0440\u0438\u0431\u044c\u044e\u0442\u043e\u0440 \u0431\u0430\u0442\u0430\u0440\u0435\u0439 ,, Q-Batteries,, \u0432 \u041b\u0430\u0442\u0432\u0438\u0438, \u041b\u0438\u0442\u0432\u0435 \u0438 \u042d\u0441\u0442\u043e\u043d\u0438\u0438.<br \/>\n,,HUB ENERGY,, \u2013 official distributor of batteries ,, Q-Batteries,, in Latvia, Lithuania and Estonia.<\/p>\n<p>Ja prece nav noliktav\u0101.<br \/>\n\u0160\u012bs preces ir pieejamas p\u0113c pas\u016bt\u012bjuma!<br \/>\nPieg\u0101des laiks 5-7 darba dienas.<br \/>\n\u0415\u0441\u043b\u0438 \u0442\u043e\u0432\u0430\u0440\u0430 \u043d\u0435\u0442 \u043d\u0430 \u0441\u043a\u043b\u0430\u0434\u0435.<br \/>\n\u042d\u0442\u0438 \u0442\u043e\u0432\u0430\u0440\u044b \u0434\u043e\u0441\u0442\u0443\u043f\u043d\u044b \u043f\u043e\u0434 \u0437\u0430\u043a\u0430\u0437!<br \/>\n\u0412\u0440\u0435\u043c\u044f \u043f\u043e\u0441\u0442\u0430\u0432\u043a\u0438 5-7 \u0440\u0430\u0431\u043e\u0447\u0438\u0445 \u0434\u043d\u0435\u0439.<\/p>\n","protected":false},"featured_media":8015,"template":"","meta":[],"pwb-brand":[205],"product_brand":[],"product_cat":[488,276,267],"product_tag":[405,390,461],"class_list":{"0":"post-8017","1":"product","2":"type-product","3":"status-publish","4":"has-post-thumbnail","6":"pwb-brand-q-batteries","7":"product_cat-green-energy","8":"product_cat-akkumuljatory-wet-flooded-deep-cycle-1200-cycles-50-dod","9":"product_cat-akumulatori-elektro-transportam","10":"product_tag-akkumuljatory-i-zarjadnye-ustrojstva-dlja-kliningovyh-mashin","11":"product_tag-akkumuljatory-i-zarjadnye-ustrojstva-dlja-stroitelnogo-i-skladnogo-oborudovanija","12":"product_tag-zelenaja-jenergija-green-energy","14":"first","15":"instock","16":"taxable","17":"shipping-taxable","18":"purchasable","19":"product-type-simple"},"yoast_head":"<!-- This site is optimized with the Yoast SEO plugin v26.7 - https:\/\/yoast.com\/wordpress\/plugins\/seo\/ -->\n<title>Akumulator Q-Batteries 8DC-170 8V 170Ah Deep cycle Lead-Acid Wet battery - www.akum.lv<\/title>\n<meta name=\"robots\" content=\"index, follow, max-snippet:-1, max-image-preview:large, max-video-preview:-1\" \/>\n<link rel=\"canonical\" href=\"https:\/\/akum.lv\/ru\/prece\/akumulator-q-batteries-8dc-170-8v-170ah-deep-cycle-lead-acid-wet-battery\/\" \/>\n<meta property=\"og:locale\" content=\"ru_RU\" \/>\n<meta property=\"og:type\" content=\"article\" \/>\n<meta property=\"og:title\" content=\"Akumulator Q-Batteries 8DC-170 8V 170Ah Deep cycle Lead-Acid Wet battery - www.akum.lv\" \/>\n<meta property=\"og:description\" content=\"Akumulator Q-Batteries 8DC-170 8V 170Ah Deep cycle Lead-Acid Wet battery  Golfa rati\u0146a akumulators \u0410\u043a\u043a\u0443\u043c\u0443\u043b\u044f\u0442\u043e\u0440 \u0434\u043b\u044f \u0433\u043e\u043b\u044c\u0444 \u043a\u0430\u0440\u043e\u0432 Golf Carts Battery  Made in EU (Germany)  Datasheet \u2013 8DC-170  ,,HUB ENERGY,, \u2013 ofici\u0101lais bateriju izplat\u012bt\u0101js ,,Q-Batteries,, Latvij\u0101, Lietuv\u0101 un Igaunij\u0101. ,,HUB ENERGY,, \u2013 \u043e\u0444\u0438\u0446\u0438\u0430\u043b\u044c\u043d\u044b\u0439 \u0434\u0438\u0441\u0442\u0440\u0438\u0431\u044c\u044e\u0442\u043e\u0440 \u0431\u0430\u0442\u0430\u0440\u0435\u0439 ,, Q-Batteries,, \u0432 \u041b\u0430\u0442\u0432\u0438\u0438, \u041b\u0438\u0442\u0432\u0435 \u0438 \u042d\u0441\u0442\u043e\u043d\u0438\u0438. ,,HUB ENERGY,, \u2013 official distributor of batteries ,, Q-Batteries,, in Latvia, Lithuania and Estonia.  Ja prece nav noliktav\u0101. \u0160\u012bs preces ir pieejamas p\u0113c pas\u016bt\u012bjuma! Pieg\u0101des laiks 5-7 darba dienas. \u0415\u0441\u043b\u0438 \u0442\u043e\u0432\u0430\u0440\u0430 \u043d\u0435\u0442 \u043d\u0430 \u0441\u043a\u043b\u0430\u0434\u0435. \u042d\u0442\u0438 \u0442\u043e\u0432\u0430\u0440\u044b \u0434\u043e\u0441\u0442\u0443\u043f\u043d\u044b \u043f\u043e\u0434 \u0437\u0430\u043a\u0430\u0437! \u0412\u0440\u0435\u043c\u044f \u043f\u043e\u0441\u0442\u0430\u0432\u043a\u0438 5-7 \u0440\u0430\u0431\u043e\u0447\u0438\u0445 \u0434\u043d\u0435\u0439.\" \/>\n<meta property=\"og:url\" content=\"https:\/\/akum.lv\/ru\/prece\/akumulator-q-batteries-8dc-170-8v-170ah-deep-cycle-lead-acid-wet-battery\/\" \/>\n<meta property=\"og:site_name\" content=\"www.akum.lv\" \/>\n<meta property=\"article:modified_time\" content=\"2022-08-10T09:35:59+00:00\" \/>\n<meta property=\"og:image\" content=\"https:\/\/akum.lv\/wp-content\/uploads\/2020\/06\/QB-8DC-170_01.jpg\" \/>\n\t<meta property=\"og:image:width\" content=\"400\" \/>\n\t<meta property=\"og:image:height\" content=\"254\" \/>\n\t<meta property=\"og:image:type\" content=\"image\/jpeg\" \/>\n<meta name=\"twitter:card\" content=\"summary_large_image\" \/>\n<script type=\"application\/ld+json\" class=\"yoast-schema-graph\">{\"@context\":\"https:\/\/schema.org\",\"@graph\":[{\"@type\":\"WebPage\",\"@id\":\"https:\/\/akum.lv\/ru\/prece\/akumulator-q-batteries-8dc-170-8v-170ah-deep-cycle-lead-acid-wet-battery\/\",\"url\":\"https:\/\/akum.lv\/ru\/prece\/akumulator-q-batteries-8dc-170-8v-170ah-deep-cycle-lead-acid-wet-battery\/\",\"name\":\"Akumulator Q-Batteries 8DC-170 8V 170Ah Deep cycle Lead-Acid Wet battery - www.akum.lv\",\"isPartOf\":{\"@id\":\"https:\/\/akum.lv\/#website\"},\"primaryImageOfPage\":{\"@id\":\"https:\/\/akum.lv\/ru\/prece\/akumulator-q-batteries-8dc-170-8v-170ah-deep-cycle-lead-acid-wet-battery\/#primaryimage\"},\"image\":{\"@id\":\"https:\/\/akum.lv\/ru\/prece\/akumulator-q-batteries-8dc-170-8v-170ah-deep-cycle-lead-acid-wet-battery\/#primaryimage\"},\"thumbnailUrl\":\"https:\/\/akum.lv\/wp-content\/uploads\/2020\/06\/QB-8DC-170_01.jpg\",\"datePublished\":\"2020-06-10T12:26:07+00:00\",\"dateModified\":\"2022-08-10T09:35:59+00:00\",\"breadcrumb\":{\"@id\":\"https:\/\/akum.lv\/ru\/prece\/akumulator-q-batteries-8dc-170-8v-170ah-deep-cycle-lead-acid-wet-battery\/#breadcrumb\"},\"inLanguage\":\"ru-RU\",\"potentialAction\":[{\"@type\":\"ReadAction\",\"target\":[\"https:\/\/akum.lv\/ru\/prece\/akumulator-q-batteries-8dc-170-8v-170ah-deep-cycle-lead-acid-wet-battery\/\"]}]},{\"@type\":\"ImageObject\",\"inLanguage\":\"ru-RU\",\"@id\":\"https:\/\/akum.lv\/ru\/prece\/akumulator-q-batteries-8dc-170-8v-170ah-deep-cycle-lead-acid-wet-battery\/#primaryimage\",\"url\":\"https:\/\/akum.lv\/wp-content\/uploads\/2020\/06\/QB-8DC-170_01.jpg\",\"contentUrl\":\"https:\/\/akum.lv\/wp-content\/uploads\/2020\/06\/QB-8DC-170_01.jpg\",\"width\":400,\"height\":254},{\"@type\":\"BreadcrumbList\",\"@id\":\"https:\/\/akum.lv\/ru\/prece\/akumulator-q-batteries-8dc-170-8v-170ah-deep-cycle-lead-acid-wet-battery\/#breadcrumb\",\"itemListElement\":[{\"@type\":\"ListItem\",\"position\":1,\"name\":\"\u0413\u043b\u0430\u0432\u043d\u0430\u044f \u0441\u0442\u0440\u0430\u043d\u0438\u0446\u0430\",\"item\":\"https:\/\/akum.lv\/ru\/\"},{\"@type\":\"ListItem\",\"position\":2,\"name\":\"PRECES\",\"item\":\"https:\/\/akum.lv\/produkti-preces\/\"},{\"@type\":\"ListItem\",\"position\":3,\"name\":\"Akumulator Q-Batteries 8DC-170 8V 170Ah Deep cycle Lead-Acid Wet battery\"}]},{\"@type\":\"WebSite\",\"@id\":\"https:\/\/akum.lv\/#website\",\"url\":\"https:\/\/akum.lv\/\",\"name\":\"www.akum.lv\",\"description\":\"Akumulatoru p\u0101rdev\u0113js | \u041f\u0440\u043e\u0434\u0430\u0432\u0435\u0446 \u0430\u043a\u043a\u0443\u043c\u0443\u043b\u044f\u0442\u043e\u0440\u043e\u0432 | Battery seller\",\"publisher\":{\"@id\":\"https:\/\/akum.lv\/#organization\"},\"potentialAction\":[{\"@type\":\"SearchAction\",\"target\":{\"@type\":\"EntryPoint\",\"urlTemplate\":\"https:\/\/akum.lv\/?s={search_term_string}\"},\"query-input\":{\"@type\":\"PropertyValueSpecification\",\"valueRequired\":true,\"valueName\":\"search_term_string\"}}],\"inLanguage\":\"ru-RU\"},{\"@type\":\"Organization\",\"@id\":\"https:\/\/akum.lv\/#organization\",\"name\":\"HubEnergy\",\"url\":\"https:\/\/akum.lv\/\",\"logo\":{\"@type\":\"ImageObject\",\"inLanguage\":\"ru-RU\",\"@id\":\"https:\/\/akum.lv\/#\/schema\/logo\/image\/\",\"url\":\"https:\/\/akum.lv\/wp-content\/uploads\/2018\/08\/Logo-hub-energy-2018-seller-dark-blue.png\",\"contentUrl\":\"https:\/\/akum.lv\/wp-content\/uploads\/2018\/08\/Logo-hub-energy-2018-seller-dark-blue.png\",\"width\":381,\"height\":75,\"caption\":\"HubEnergy\"},\"image\":{\"@id\":\"https:\/\/akum.lv\/#\/schema\/logo\/image\/\"}}]}<\/script>\n<!-- \/ Yoast SEO plugin. -->","yoast_head_json":{"title":"Akumulator Q-Batteries 8DC-170 8V 170Ah Deep cycle Lead-Acid Wet battery - www.akum.lv","robots":{"index":"index","follow":"follow","max-snippet":"max-snippet:-1","max-image-preview":"max-image-preview:large","max-video-preview":"max-video-preview:-1"},"canonical":"https:\/\/akum.lv\/ru\/prece\/akumulator-q-batteries-8dc-170-8v-170ah-deep-cycle-lead-acid-wet-battery\/","og_locale":"ru_RU","og_type":"article","og_title":"Akumulator Q-Batteries 8DC-170 8V 170Ah Deep cycle Lead-Acid Wet battery - www.akum.lv","og_description":"Akumulator Q-Batteries 8DC-170 8V 170Ah Deep cycle Lead-Acid Wet battery  Golfa rati\u0146a akumulators \u0410\u043a\u043a\u0443\u043c\u0443\u043b\u044f\u0442\u043e\u0440 \u0434\u043b\u044f \u0433\u043e\u043b\u044c\u0444 \u043a\u0430\u0440\u043e\u0432 Golf Carts Battery  Made in EU (Germany)  Datasheet \u2013 8DC-170  ,,HUB ENERGY,, \u2013 ofici\u0101lais bateriju izplat\u012bt\u0101js ,,Q-Batteries,, Latvij\u0101, Lietuv\u0101 un Igaunij\u0101. ,,HUB ENERGY,, \u2013 \u043e\u0444\u0438\u0446\u0438\u0430\u043b\u044c\u043d\u044b\u0439 \u0434\u0438\u0441\u0442\u0440\u0438\u0431\u044c\u044e\u0442\u043e\u0440 \u0431\u0430\u0442\u0430\u0440\u0435\u0439 ,, Q-Batteries,, \u0432 \u041b\u0430\u0442\u0432\u0438\u0438, \u041b\u0438\u0442\u0432\u0435 \u0438 \u042d\u0441\u0442\u043e\u043d\u0438\u0438. ,,HUB ENERGY,, \u2013 official distributor of batteries ,, Q-Batteries,, in Latvia, Lithuania and Estonia.  Ja prece nav noliktav\u0101. \u0160\u012bs preces ir pieejamas p\u0113c pas\u016bt\u012bjuma! Pieg\u0101des laiks 5-7 darba dienas. \u0415\u0441\u043b\u0438 \u0442\u043e\u0432\u0430\u0440\u0430 \u043d\u0435\u0442 \u043d\u0430 \u0441\u043a\u043b\u0430\u0434\u0435. \u042d\u0442\u0438 \u0442\u043e\u0432\u0430\u0440\u044b \u0434\u043e\u0441\u0442\u0443\u043f\u043d\u044b \u043f\u043e\u0434 \u0437\u0430\u043a\u0430\u0437! \u0412\u0440\u0435\u043c\u044f \u043f\u043e\u0441\u0442\u0430\u0432\u043a\u0438 5-7 \u0440\u0430\u0431\u043e\u0447\u0438\u0445 \u0434\u043d\u0435\u0439.","og_url":"https:\/\/akum.lv\/ru\/prece\/akumulator-q-batteries-8dc-170-8v-170ah-deep-cycle-lead-acid-wet-battery\/","og_site_name":"www.akum.lv","article_modified_time":"2022-08-10T09:35:59+00:00","og_image":[{"width":400,"height":254,"url":"https:\/\/akum.lv\/wp-content\/uploads\/2020\/06\/QB-8DC-170_01.jpg","type":"image\/jpeg"}],"twitter_card":"summary_large_image","schema":{"@context":"https:\/\/schema.org","@graph":[{"@type":"WebPage","@id":"https:\/\/akum.lv\/ru\/prece\/akumulator-q-batteries-8dc-170-8v-170ah-deep-cycle-lead-acid-wet-battery\/","url":"https:\/\/akum.lv\/ru\/prece\/akumulator-q-batteries-8dc-170-8v-170ah-deep-cycle-lead-acid-wet-battery\/","name":"Akumulator Q-Batteries 8DC-170 8V 170Ah Deep cycle Lead-Acid Wet battery - www.akum.lv","isPartOf":{"@id":"https:\/\/akum.lv\/#website"},"primaryImageOfPage":{"@id":"https:\/\/akum.lv\/ru\/prece\/akumulator-q-batteries-8dc-170-8v-170ah-deep-cycle-lead-acid-wet-battery\/#primaryimage"},"image":{"@id":"https:\/\/akum.lv\/ru\/prece\/akumulator-q-batteries-8dc-170-8v-170ah-deep-cycle-lead-acid-wet-battery\/#primaryimage"},"thumbnailUrl":"https:\/\/akum.lv\/wp-content\/uploads\/2020\/06\/QB-8DC-170_01.jpg","datePublished":"2020-06-10T12:26:07+00:00","dateModified":"2022-08-10T09:35:59+00:00","breadcrumb":{"@id":"https:\/\/akum.lv\/ru\/prece\/akumulator-q-batteries-8dc-170-8v-170ah-deep-cycle-lead-acid-wet-battery\/#breadcrumb"},"inLanguage":"ru-RU","potentialAction":[{"@type":"ReadAction","target":["https:\/\/akum.lv\/ru\/prece\/akumulator-q-batteries-8dc-170-8v-170ah-deep-cycle-lead-acid-wet-battery\/"]}]},{"@type":"ImageObject","inLanguage":"ru-RU","@id":"https:\/\/akum.lv\/ru\/prece\/akumulator-q-batteries-8dc-170-8v-170ah-deep-cycle-lead-acid-wet-battery\/#primaryimage","url":"https:\/\/akum.lv\/wp-content\/uploads\/2020\/06\/QB-8DC-170_01.jpg","contentUrl":"https:\/\/akum.lv\/wp-content\/uploads\/2020\/06\/QB-8DC-170_01.jpg","width":400,"height":254},{"@type":"BreadcrumbList","@id":"https:\/\/akum.lv\/ru\/prece\/akumulator-q-batteries-8dc-170-8v-170ah-deep-cycle-lead-acid-wet-battery\/#breadcrumb","itemListElement":[{"@type":"ListItem","position":1,"name":"\u0413\u043b\u0430\u0432\u043d\u0430\u044f \u0441\u0442\u0440\u0430\u043d\u0438\u0446\u0430","item":"https:\/\/akum.lv\/ru\/"},{"@type":"ListItem","position":2,"name":"PRECES","item":"https:\/\/akum.lv\/produkti-preces\/"},{"@type":"ListItem","position":3,"name":"Akumulator Q-Batteries 8DC-170 8V 170Ah Deep cycle Lead-Acid Wet battery"}]},{"@type":"WebSite","@id":"https:\/\/akum.lv\/#website","url":"https:\/\/akum.lv\/","name":"www.akum.lv","description":"Akumulatoru p\u0101rdev\u0113js | \u041f\u0440\u043e\u0434\u0430\u0432\u0435\u0446 \u0430\u043a\u043a\u0443\u043c\u0443\u043b\u044f\u0442\u043e\u0440\u043e\u0432 | Battery seller","publisher":{"@id":"https:\/\/akum.lv\/#organization"},"potentialAction":[{"@type":"SearchAction","target":{"@type":"EntryPoint","urlTemplate":"https:\/\/akum.lv\/?s={search_term_string}"},"query-input":{"@type":"PropertyValueSpecification","valueRequired":true,"valueName":"search_term_string"}}],"inLanguage":"ru-RU"},{"@type":"Organization","@id":"https:\/\/akum.lv\/#organization","name":"HubEnergy","url":"https:\/\/akum.lv\/","logo":{"@type":"ImageObject","inLanguage":"ru-RU","@id":"https:\/\/akum.lv\/#\/schema\/logo\/image\/","url":"https:\/\/akum.lv\/wp-content\/uploads\/2018\/08\/Logo-hub-energy-2018-seller-dark-blue.png","contentUrl":"https:\/\/akum.lv\/wp-content\/uploads\/2018\/08\/Logo-hub-energy-2018-seller-dark-blue.png","width":381,"height":75,"caption":"HubEnergy"},"image":{"@id":"https:\/\/akum.lv\/#\/schema\/logo\/image\/"}}]}},"brands":[{"id":205,"name":"Q-Batteries","slug":"q-batteries"}],"_links":{"self":[{"href":"https:\/\/akum.lv\/ru\/wp-json\/wp\/v2\/product\/8017","targetHints":{"allow":["GET"]}}],"collection":[{"href":"https:\/\/akum.lv\/ru\/wp-json\/wp\/v2\/product"}],"about":[{"href":"https:\/\/akum.lv\/ru\/wp-json\/wp\/v2\/types\/product"}],"wp:featuredmedia":[{"embeddable":true,"href":"https:\/\/akum.lv\/ru\/wp-json\/wp\/v2\/media\/8015"}],"wp:attachment":[{"href":"https:\/\/akum.lv\/ru\/wp-json\/wp\/v2\/media?parent=8017"}],"wp:term":[{"taxonomy":"pwb-brand","embeddable":true,"href":"https:\/\/akum.lv\/ru\/wp-json\/wp\/v2\/pwb-brand?post=8017"},{"taxonomy":"product_brand","embeddable":true,"href":"https:\/\/akum.lv\/ru\/wp-json\/wp\/v2\/product_brand?post=8017"},{"taxonomy":"product_cat","embeddable":true,"href":"https:\/\/akum.lv\/ru\/wp-json\/wp\/v2\/product_cat?post=8017"},{"taxonomy":"product_tag","embeddable":true,"href":"https:\/\/akum.lv\/ru\/wp-json\/wp\/v2\/product_tag?post=8017"}],"curies":[{"name":"wp","href":"https:\/\/api.w.org\/{rel}","templated":true}]}}