{"id":7904,"date":"2020-05-25T10:34:04","date_gmt":"2020-05-25T10:34:04","guid":{"rendered":"https:\/\/akum.lv\/veikals\/uncategorized\/volt-polska-20a-max-12v-20a-24v-10a-lcd-display-ip65-universal-charger-ladesanas-ierice\/"},"modified":"2025-02-03T18:06:33","modified_gmt":"2025-02-03T18:06:33","slug":"volt-polska-20a-max-12v-20a-24v-10a-lcd-display-ip65-universal-charger-ladesanas-ierice","status":"publish","type":"product","link":"https:\/\/akum.lv\/ru\/prece\/volt-polska-20a-max-12v-20a-24v-10a-lcd-display-ip65-universal-charger-ladesanas-ierice\/","title":{"rendered":"VOLT POLSKA 20A MAX 12V-20A\/24V-10A LCD display (IP65) Universal charger l\u0101d\u0113\u0161anas ier\u012bce"},"content":{"rendered":"","protected":false},"excerpt":{"rendered":"<p>VOLT POLSKA 20A MAX 12V-20A\/24V-10A LCD display (IP65) Universal charger l\u0101d\u0113\u0161anas ier\u012bce<\/p>\n<p><img loading=\"lazy\" decoding=\"async\" class=\"alignnone size-full wp-image-8116\" src=\"https:\/\/akum.lv\/wp-content\/uploads\/2020\/06\/AKCIJA.jpg\" alt=\"\" width=\"300\" height=\"126\" \/><\/p>\n<p>Autom\u0101tiskais l\u0101d\u0113t\u0101js (taisngriezis) 20A-12V un 10A-24V svina-sk\u0101bes akumulatoru uzl\u0101d\u0113\u0161anai. Iek\u013cautas ar\u012b bez apkopes veiktas VRLA baterijas (AGM un GEL), \u0161\u0137idr\u0101s sk\u0101bes elektrol\u012bta baterijas un MF (bez apkopes) baterijas.<\/p>\n<p>Izgatavot\u0101js neatbild par zaud\u0113jumiem, kas radu\u0161ies nepareizas autom\u0101tisk\u0101 l\u0101d\u0113t\u0101ja lieto\u0161anas d\u0113\u013c. Sadz\u012bves l\u0101d\u0113t\u0101js nav paredz\u0113ts komerci\u0101lai lieto\u0161anai.<\/p>\n<p>Ier\u012bces funkcijas:<br \/>\n\u2013 \u013cauj akumulatoriem uzl\u0101d\u0113t gandr\u012bz pilnu ori\u0123in\u0101lo ietilp\u012bbu<br \/>\n\u2013 piln\u012bb\u0101 autom\u0101tiska uzl\u0101de, diagnostika, sprieguma uztur\u0113\u0161ana un uztur\u0113\u0161anas re\u017e\u012bmi<br \/>\n\u2013 atbilsto\u0161i piesardz\u012bbas pas\u0101kumi pret akumulatoru p\u0101rm\u0113r\u012bgu uzl\u0101di<br \/>\n\u2013 elektroniska aizsardz\u012bba pret lietot\u0101ju k\u013c\u016bd\u0101m<br \/>\n\u2013 aizsardz\u012bba pret dzirksteli, aizsardz\u012bba pret p\u0101rkar\u0161anu un \u012bssavienojumu<\/p>\n<p>Ier\u012bces parametri un tehniskie dati:<br \/>\nIeejas spriegums 220 \u2013 240 V, 50 Hz<br \/>\n12V \/ 24V izejas spriegums (autom\u0101tiskais sl\u0113dzis)<br \/>\nUzl\u0101des spriegums 14.4V \/ 28.8V<br \/>\nUzl\u0101des l\u012bme\u0146a indik\u0101cija<br \/>\nUzl\u0101des str\u0101va 20A-12V un 10A-24V Jauda 280 W<br \/>\nApk\u0101rt\u0113j\u0101 temperat\u016bra no -10\u00b0C l\u012bdz + 40\u00b0C<br \/>\nIP65 aizsardz\u012bbas pak\u0101pe<\/p>\n<p>12V &#8212; <img loading=\"lazy\" decoding=\"async\" class=\"alignnone size-medium wp-image-7897\" src=\"https:\/\/akum.lv\/wp-content\/uploads\/2020\/05\/20A-MAX_12V-300x175.jpg\" alt=\"\" width=\"300\" height=\"175\" srcset=\"https:\/\/akum.lv\/wp-content\/uploads\/2020\/05\/20A-MAX_12V-300x175.jpg 300w, https:\/\/akum.lv\/wp-content\/uploads\/2020\/05\/20A-MAX_12V-600x350.jpg 600w, https:\/\/akum.lv\/wp-content\/uploads\/2020\/05\/20A-MAX_12V.jpg 640w\" sizes=\"auto, (max-width: 300px) 100vw, 300px\" \/><\/p>\n<p>&nbsp;<\/p>\n<p>24V &#8212; <img loading=\"lazy\" decoding=\"async\" class=\"alignnone size-medium wp-image-7900\" src=\"https:\/\/akum.lv\/wp-content\/uploads\/2020\/05\/20A-MAX_24V-300x172.jpg\" alt=\"\" width=\"300\" height=\"172\" srcset=\"https:\/\/akum.lv\/wp-content\/uploads\/2020\/05\/20A-MAX_24V-300x172.jpg 300w, https:\/\/akum.lv\/wp-content\/uploads\/2020\/05\/20A-MAX_24V-600x343.jpg 600w, https:\/\/akum.lv\/wp-content\/uploads\/2020\/05\/20A-MAX_24V.jpg 640w\" sizes=\"auto, (max-width: 300px) 100vw, 300px\" \/><\/p>\n","protected":false},"featured_media":7896,"template":"","meta":[],"pwb-brand":[612],"product_brand":[],"product_cat":[858,299,614],"product_tag":[],"class_list":{"0":"post-7904","1":"product","2":"type-product","3":"status-publish","4":"has-post-thumbnail","6":"pwb-brand-volt-polska-ru-2","7":"product_cat-aktsionnye-tovary","8":"product_cat-zaryadnye-ustrojstva-dlya-svintsovo-kislotnyh-i-lifepo4-akkumulyatorov","9":"product_cat-batteries-cleaning-equipment","11":"first","12":"instock","13":"taxable","14":"shipping-taxable","15":"purchasable","16":"product-type-simple"},"yoast_head":"<!-- This site is optimized with the Yoast SEO plugin v26.7 - https:\/\/yoast.com\/wordpress\/plugins\/seo\/ -->\n<title>VOLT POLSKA 20A MAX 12V-20A\/24V-10A LCD display (IP65) Universal charger l\u0101d\u0113\u0161anas ier\u012bce - www.akum.lv<\/title>\n<meta name=\"robots\" content=\"index, follow, max-snippet:-1, max-image-preview:large, max-video-preview:-1\" \/>\n<link rel=\"canonical\" href=\"https:\/\/akum.lv\/ru\/prece\/volt-polska-20a-max-12v-20a-24v-10a-lcd-display-ip65-universal-charger-ladesanas-ierice\/\" \/>\n<meta property=\"og:locale\" content=\"ru_RU\" \/>\n<meta property=\"og:type\" content=\"article\" \/>\n<meta property=\"og:title\" content=\"VOLT POLSKA 20A MAX 12V-20A\/24V-10A LCD display (IP65) Universal charger l\u0101d\u0113\u0161anas ier\u012bce - www.akum.lv\" \/>\n<meta property=\"og:description\" content=\"VOLT POLSKA 20A MAX 12V-20A\/24V-10A LCD display (IP65) Universal charger l\u0101d\u0113\u0161anas ier\u012bce    Autom\u0101tiskais l\u0101d\u0113t\u0101js (taisngriezis) 20A-12V un 10A-24V svina-sk\u0101bes akumulatoru uzl\u0101d\u0113\u0161anai. Iek\u013cautas ar\u012b bez apkopes veiktas VRLA baterijas (AGM un GEL), \u0161\u0137idr\u0101s sk\u0101bes elektrol\u012bta baterijas un MF (bez apkopes) baterijas.  Izgatavot\u0101js neatbild par zaud\u0113jumiem, kas radu\u0161ies nepareizas autom\u0101tisk\u0101 l\u0101d\u0113t\u0101ja lieto\u0161anas d\u0113\u013c. Sadz\u012bves l\u0101d\u0113t\u0101js nav paredz\u0113ts komerci\u0101lai lieto\u0161anai.  Ier\u012bces funkcijas: \u2013 \u013cauj akumulatoriem uzl\u0101d\u0113t gandr\u012bz pilnu ori\u0123in\u0101lo ietilp\u012bbu \u2013 piln\u012bb\u0101 autom\u0101tiska uzl\u0101de, diagnostika, sprieguma uztur\u0113\u0161ana un uztur\u0113\u0161anas re\u017e\u012bmi \u2013 atbilsto\u0161i piesardz\u012bbas pas\u0101kumi pret akumulatoru p\u0101rm\u0113r\u012bgu uzl\u0101di \u2013 elektroniska aizsardz\u012bba pret lietot\u0101ju k\u013c\u016bd\u0101m \u2013 aizsardz\u012bba pret dzirksteli, aizsardz\u012bba pret p\u0101rkar\u0161anu un \u012bssavienojumu  Ier\u012bces parametri un tehniskie dati: Ieejas spriegums 220 \u2013 240 V, 50 Hz 12V \/ 24V izejas spriegums (autom\u0101tiskais sl\u0113dzis) Uzl\u0101des spriegums 14.4V \/ 28.8V Uzl\u0101des l\u012bme\u0146a indik\u0101cija Uzl\u0101des str\u0101va 20A-12V un 10A-24V Jauda 280 W Apk\u0101rt\u0113j\u0101 temperat\u016bra no -10\u00b0C l\u012bdz + 40\u00b0C IP65 aizsardz\u012bbas pak\u0101pe  12V -   &nbsp;  24V -\" \/>\n<meta property=\"og:url\" content=\"https:\/\/akum.lv\/ru\/prece\/volt-polska-20a-max-12v-20a-24v-10a-lcd-display-ip65-universal-charger-ladesanas-ierice\/\" \/>\n<meta property=\"og:site_name\" content=\"www.akum.lv\" \/>\n<meta property=\"article:modified_time\" content=\"2025-02-03T18:06:33+00:00\" \/>\n<meta property=\"og:image\" content=\"https:\/\/akum.lv\/wp-content\/uploads\/2020\/05\/20A-MAX-1.jpg\" \/>\n\t<meta property=\"og:image:width\" content=\"400\" \/>\n\t<meta property=\"og:image:height\" content=\"299\" \/>\n\t<meta property=\"og:image:type\" content=\"image\/jpeg\" \/>\n<meta name=\"twitter:card\" content=\"summary_large_image\" \/>\n<meta name=\"twitter:label1\" content=\"\u041f\u0440\u0438\u043c\u0435\u0440\u043d\u043e\u0435 \u0432\u0440\u0435\u043c\u044f \u0434\u043b\u044f \u0447\u0442\u0435\u043d\u0438\u044f\" \/>\n\t<meta name=\"twitter:data1\" content=\"1 \u043c\u0438\u043d\u0443\u0442\u0430\" \/>\n<script type=\"application\/ld+json\" class=\"yoast-schema-graph\">{\"@context\":\"https:\/\/schema.org\",\"@graph\":[{\"@type\":\"WebPage\",\"@id\":\"https:\/\/akum.lv\/ru\/prece\/volt-polska-20a-max-12v-20a-24v-10a-lcd-display-ip65-universal-charger-ladesanas-ierice\/\",\"url\":\"https:\/\/akum.lv\/ru\/prece\/volt-polska-20a-max-12v-20a-24v-10a-lcd-display-ip65-universal-charger-ladesanas-ierice\/\",\"name\":\"VOLT POLSKA 20A MAX 12V-20A\/24V-10A LCD display (IP65) Universal charger l\u0101d\u0113\u0161anas ier\u012bce - www.akum.lv\",\"isPartOf\":{\"@id\":\"https:\/\/akum.lv\/#website\"},\"primaryImageOfPage\":{\"@id\":\"https:\/\/akum.lv\/ru\/prece\/volt-polska-20a-max-12v-20a-24v-10a-lcd-display-ip65-universal-charger-ladesanas-ierice\/#primaryimage\"},\"image\":{\"@id\":\"https:\/\/akum.lv\/ru\/prece\/volt-polska-20a-max-12v-20a-24v-10a-lcd-display-ip65-universal-charger-ladesanas-ierice\/#primaryimage\"},\"thumbnailUrl\":\"https:\/\/akum.lv\/wp-content\/uploads\/2020\/05\/20A-MAX-1.jpg\",\"datePublished\":\"2020-05-25T10:34:04+00:00\",\"dateModified\":\"2025-02-03T18:06:33+00:00\",\"breadcrumb\":{\"@id\":\"https:\/\/akum.lv\/ru\/prece\/volt-polska-20a-max-12v-20a-24v-10a-lcd-display-ip65-universal-charger-ladesanas-ierice\/#breadcrumb\"},\"inLanguage\":\"ru-RU\",\"potentialAction\":[{\"@type\":\"ReadAction\",\"target\":[\"https:\/\/akum.lv\/ru\/prece\/volt-polska-20a-max-12v-20a-24v-10a-lcd-display-ip65-universal-charger-ladesanas-ierice\/\"]}]},{\"@type\":\"ImageObject\",\"inLanguage\":\"ru-RU\",\"@id\":\"https:\/\/akum.lv\/ru\/prece\/volt-polska-20a-max-12v-20a-24v-10a-lcd-display-ip65-universal-charger-ladesanas-ierice\/#primaryimage\",\"url\":\"https:\/\/akum.lv\/wp-content\/uploads\/2020\/05\/20A-MAX-1.jpg\",\"contentUrl\":\"https:\/\/akum.lv\/wp-content\/uploads\/2020\/05\/20A-MAX-1.jpg\",\"width\":400,\"height\":299},{\"@type\":\"BreadcrumbList\",\"@id\":\"https:\/\/akum.lv\/ru\/prece\/volt-polska-20a-max-12v-20a-24v-10a-lcd-display-ip65-universal-charger-ladesanas-ierice\/#breadcrumb\",\"itemListElement\":[{\"@type\":\"ListItem\",\"position\":1,\"name\":\"\u0413\u043b\u0430\u0432\u043d\u0430\u044f \u0441\u0442\u0440\u0430\u043d\u0438\u0446\u0430\",\"item\":\"https:\/\/akum.lv\/ru\/\"},{\"@type\":\"ListItem\",\"position\":2,\"name\":\"PRECES\",\"item\":\"https:\/\/akum.lv\/produkti-preces\/\"},{\"@type\":\"ListItem\",\"position\":3,\"name\":\"VOLT POLSKA 20A MAX 12V-20A\/24V-10A LCD display (IP65) Universal charger l\u0101d\u0113\u0161anas ier\u012bce\"}]},{\"@type\":\"WebSite\",\"@id\":\"https:\/\/akum.lv\/#website\",\"url\":\"https:\/\/akum.lv\/\",\"name\":\"www.akum.lv\",\"description\":\"Akumulatoru p\u0101rdev\u0113js | \u041f\u0440\u043e\u0434\u0430\u0432\u0435\u0446 \u0430\u043a\u043a\u0443\u043c\u0443\u043b\u044f\u0442\u043e\u0440\u043e\u0432 | Battery seller\",\"publisher\":{\"@id\":\"https:\/\/akum.lv\/#organization\"},\"potentialAction\":[{\"@type\":\"SearchAction\",\"target\":{\"@type\":\"EntryPoint\",\"urlTemplate\":\"https:\/\/akum.lv\/?s={search_term_string}\"},\"query-input\":{\"@type\":\"PropertyValueSpecification\",\"valueRequired\":true,\"valueName\":\"search_term_string\"}}],\"inLanguage\":\"ru-RU\"},{\"@type\":\"Organization\",\"@id\":\"https:\/\/akum.lv\/#organization\",\"name\":\"HubEnergy\",\"url\":\"https:\/\/akum.lv\/\",\"logo\":{\"@type\":\"ImageObject\",\"inLanguage\":\"ru-RU\",\"@id\":\"https:\/\/akum.lv\/#\/schema\/logo\/image\/\",\"url\":\"https:\/\/akum.lv\/wp-content\/uploads\/2018\/08\/Logo-hub-energy-2018-seller-dark-blue.png\",\"contentUrl\":\"https:\/\/akum.lv\/wp-content\/uploads\/2018\/08\/Logo-hub-energy-2018-seller-dark-blue.png\",\"width\":381,\"height\":75,\"caption\":\"HubEnergy\"},\"image\":{\"@id\":\"https:\/\/akum.lv\/#\/schema\/logo\/image\/\"}}]}<\/script>\n<!-- \/ Yoast SEO plugin. -->","yoast_head_json":{"title":"VOLT POLSKA 20A MAX 12V-20A\/24V-10A LCD display (IP65) Universal charger l\u0101d\u0113\u0161anas ier\u012bce - www.akum.lv","robots":{"index":"index","follow":"follow","max-snippet":"max-snippet:-1","max-image-preview":"max-image-preview:large","max-video-preview":"max-video-preview:-1"},"canonical":"https:\/\/akum.lv\/ru\/prece\/volt-polska-20a-max-12v-20a-24v-10a-lcd-display-ip65-universal-charger-ladesanas-ierice\/","og_locale":"ru_RU","og_type":"article","og_title":"VOLT POLSKA 20A MAX 12V-20A\/24V-10A LCD display (IP65) Universal charger l\u0101d\u0113\u0161anas ier\u012bce - www.akum.lv","og_description":"VOLT POLSKA 20A MAX 12V-20A\/24V-10A LCD display (IP65) Universal charger l\u0101d\u0113\u0161anas ier\u012bce    Autom\u0101tiskais l\u0101d\u0113t\u0101js (taisngriezis) 20A-12V un 10A-24V svina-sk\u0101bes akumulatoru uzl\u0101d\u0113\u0161anai. Iek\u013cautas ar\u012b bez apkopes veiktas VRLA baterijas (AGM un GEL), \u0161\u0137idr\u0101s sk\u0101bes elektrol\u012bta baterijas un MF (bez apkopes) baterijas.  Izgatavot\u0101js neatbild par zaud\u0113jumiem, kas radu\u0161ies nepareizas autom\u0101tisk\u0101 l\u0101d\u0113t\u0101ja lieto\u0161anas d\u0113\u013c. Sadz\u012bves l\u0101d\u0113t\u0101js nav paredz\u0113ts komerci\u0101lai lieto\u0161anai.  Ier\u012bces funkcijas: \u2013 \u013cauj akumulatoriem uzl\u0101d\u0113t gandr\u012bz pilnu ori\u0123in\u0101lo ietilp\u012bbu \u2013 piln\u012bb\u0101 autom\u0101tiska uzl\u0101de, diagnostika, sprieguma uztur\u0113\u0161ana un uztur\u0113\u0161anas re\u017e\u012bmi \u2013 atbilsto\u0161i piesardz\u012bbas pas\u0101kumi pret akumulatoru p\u0101rm\u0113r\u012bgu uzl\u0101di \u2013 elektroniska aizsardz\u012bba pret lietot\u0101ju k\u013c\u016bd\u0101m \u2013 aizsardz\u012bba pret dzirksteli, aizsardz\u012bba pret p\u0101rkar\u0161anu un \u012bssavienojumu  Ier\u012bces parametri un tehniskie dati: Ieejas spriegums 220 \u2013 240 V, 50 Hz 12V \/ 24V izejas spriegums (autom\u0101tiskais sl\u0113dzis) Uzl\u0101des spriegums 14.4V \/ 28.8V Uzl\u0101des l\u012bme\u0146a indik\u0101cija Uzl\u0101des str\u0101va 20A-12V un 10A-24V Jauda 280 W Apk\u0101rt\u0113j\u0101 temperat\u016bra no -10\u00b0C l\u012bdz + 40\u00b0C IP65 aizsardz\u012bbas pak\u0101pe  12V -   &nbsp;  24V -","og_url":"https:\/\/akum.lv\/ru\/prece\/volt-polska-20a-max-12v-20a-24v-10a-lcd-display-ip65-universal-charger-ladesanas-ierice\/","og_site_name":"www.akum.lv","article_modified_time":"2025-02-03T18:06:33+00:00","og_image":[{"width":400,"height":299,"url":"https:\/\/akum.lv\/wp-content\/uploads\/2020\/05\/20A-MAX-1.jpg","type":"image\/jpeg"}],"twitter_card":"summary_large_image","twitter_misc":{"\u041f\u0440\u0438\u043c\u0435\u0440\u043d\u043e\u0435 \u0432\u0440\u0435\u043c\u044f \u0434\u043b\u044f \u0447\u0442\u0435\u043d\u0438\u044f":"1 \u043c\u0438\u043d\u0443\u0442\u0430"},"schema":{"@context":"https:\/\/schema.org","@graph":[{"@type":"WebPage","@id":"https:\/\/akum.lv\/ru\/prece\/volt-polska-20a-max-12v-20a-24v-10a-lcd-display-ip65-universal-charger-ladesanas-ierice\/","url":"https:\/\/akum.lv\/ru\/prece\/volt-polska-20a-max-12v-20a-24v-10a-lcd-display-ip65-universal-charger-ladesanas-ierice\/","name":"VOLT POLSKA 20A MAX 12V-20A\/24V-10A LCD display (IP65) Universal charger l\u0101d\u0113\u0161anas ier\u012bce - www.akum.lv","isPartOf":{"@id":"https:\/\/akum.lv\/#website"},"primaryImageOfPage":{"@id":"https:\/\/akum.lv\/ru\/prece\/volt-polska-20a-max-12v-20a-24v-10a-lcd-display-ip65-universal-charger-ladesanas-ierice\/#primaryimage"},"image":{"@id":"https:\/\/akum.lv\/ru\/prece\/volt-polska-20a-max-12v-20a-24v-10a-lcd-display-ip65-universal-charger-ladesanas-ierice\/#primaryimage"},"thumbnailUrl":"https:\/\/akum.lv\/wp-content\/uploads\/2020\/05\/20A-MAX-1.jpg","datePublished":"2020-05-25T10:34:04+00:00","dateModified":"2025-02-03T18:06:33+00:00","breadcrumb":{"@id":"https:\/\/akum.lv\/ru\/prece\/volt-polska-20a-max-12v-20a-24v-10a-lcd-display-ip65-universal-charger-ladesanas-ierice\/#breadcrumb"},"inLanguage":"ru-RU","potentialAction":[{"@type":"ReadAction","target":["https:\/\/akum.lv\/ru\/prece\/volt-polska-20a-max-12v-20a-24v-10a-lcd-display-ip65-universal-charger-ladesanas-ierice\/"]}]},{"@type":"ImageObject","inLanguage":"ru-RU","@id":"https:\/\/akum.lv\/ru\/prece\/volt-polska-20a-max-12v-20a-24v-10a-lcd-display-ip65-universal-charger-ladesanas-ierice\/#primaryimage","url":"https:\/\/akum.lv\/wp-content\/uploads\/2020\/05\/20A-MAX-1.jpg","contentUrl":"https:\/\/akum.lv\/wp-content\/uploads\/2020\/05\/20A-MAX-1.jpg","width":400,"height":299},{"@type":"BreadcrumbList","@id":"https:\/\/akum.lv\/ru\/prece\/volt-polska-20a-max-12v-20a-24v-10a-lcd-display-ip65-universal-charger-ladesanas-ierice\/#breadcrumb","itemListElement":[{"@type":"ListItem","position":1,"name":"\u0413\u043b\u0430\u0432\u043d\u0430\u044f \u0441\u0442\u0440\u0430\u043d\u0438\u0446\u0430","item":"https:\/\/akum.lv\/ru\/"},{"@type":"ListItem","position":2,"name":"PRECES","item":"https:\/\/akum.lv\/produkti-preces\/"},{"@type":"ListItem","position":3,"name":"VOLT POLSKA 20A MAX 12V-20A\/24V-10A LCD display (IP65) Universal charger l\u0101d\u0113\u0161anas ier\u012bce"}]},{"@type":"WebSite","@id":"https:\/\/akum.lv\/#website","url":"https:\/\/akum.lv\/","name":"www.akum.lv","description":"Akumulatoru p\u0101rdev\u0113js | \u041f\u0440\u043e\u0434\u0430\u0432\u0435\u0446 \u0430\u043a\u043a\u0443\u043c\u0443\u043b\u044f\u0442\u043e\u0440\u043e\u0432 | Battery seller","publisher":{"@id":"https:\/\/akum.lv\/#organization"},"potentialAction":[{"@type":"SearchAction","target":{"@type":"EntryPoint","urlTemplate":"https:\/\/akum.lv\/?s={search_term_string}"},"query-input":{"@type":"PropertyValueSpecification","valueRequired":true,"valueName":"search_term_string"}}],"inLanguage":"ru-RU"},{"@type":"Organization","@id":"https:\/\/akum.lv\/#organization","name":"HubEnergy","url":"https:\/\/akum.lv\/","logo":{"@type":"ImageObject","inLanguage":"ru-RU","@id":"https:\/\/akum.lv\/#\/schema\/logo\/image\/","url":"https:\/\/akum.lv\/wp-content\/uploads\/2018\/08\/Logo-hub-energy-2018-seller-dark-blue.png","contentUrl":"https:\/\/akum.lv\/wp-content\/uploads\/2018\/08\/Logo-hub-energy-2018-seller-dark-blue.png","width":381,"height":75,"caption":"HubEnergy"},"image":{"@id":"https:\/\/akum.lv\/#\/schema\/logo\/image\/"}}]}},"brands":[{"id":612,"name":"VOLT POLSKA","slug":"volt-polska-ru-2"}],"_links":{"self":[{"href":"https:\/\/akum.lv\/ru\/wp-json\/wp\/v2\/product\/7904","targetHints":{"allow":["GET"]}}],"collection":[{"href":"https:\/\/akum.lv\/ru\/wp-json\/wp\/v2\/product"}],"about":[{"href":"https:\/\/akum.lv\/ru\/wp-json\/wp\/v2\/types\/product"}],"wp:featuredmedia":[{"embeddable":true,"href":"https:\/\/akum.lv\/ru\/wp-json\/wp\/v2\/media\/7896"}],"wp:attachment":[{"href":"https:\/\/akum.lv\/ru\/wp-json\/wp\/v2\/media?parent=7904"}],"wp:term":[{"taxonomy":"pwb-brand","embeddable":true,"href":"https:\/\/akum.lv\/ru\/wp-json\/wp\/v2\/pwb-brand?post=7904"},{"taxonomy":"product_brand","embeddable":true,"href":"https:\/\/akum.lv\/ru\/wp-json\/wp\/v2\/product_brand?post=7904"},{"taxonomy":"product_cat","embeddable":true,"href":"https:\/\/akum.lv\/ru\/wp-json\/wp\/v2\/product_cat?post=7904"},{"taxonomy":"product_tag","embeddable":true,"href":"https:\/\/akum.lv\/ru\/wp-json\/wp\/v2\/product_tag?post=7904"}],"curies":[{"name":"wp","href":"https:\/\/api.w.org\/{rel}","templated":true}]}}