{"id":6550,"date":"2019-11-05T12:48:27","date_gmt":"2019-11-05T12:48:27","guid":{"rendered":"https:\/\/akum.lv\/veikals\/uncategorized\/varta-lcd-multi-charger-up-to-8xaa-aaa-size-ladetajs\/"},"modified":"2019-11-05T12:48:44","modified_gmt":"2019-11-05T12:48:44","slug":"varta-lcd-multi-charger-up-to-8xaa-aaa-size-ladetajs","status":"publish","type":"product","link":"https:\/\/akum.lv\/ru\/prece\/varta-lcd-multi-charger-up-to-8xaa-aaa-size-ladetajs\/","title":{"rendered":"VARTA LCD Multi charger up to 8xAA\/AAA size, l\u0101d\u0113t\u0101js"},"content":{"rendered":"","protected":false},"excerpt":{"rendered":"<p>VARTA LCD Multi charger up to 8xAA\/AAA size, l\u0101d\u0113t\u0101js<\/p>\n","protected":false},"featured_media":6548,"template":"","meta":[],"pwb-brand":[346],"product_brand":[],"product_cat":[471],"product_tag":[],"class_list":{"0":"post-6550","1":"product","2":"type-product","3":"status-publish","4":"has-post-thumbnail","6":"pwb-brand-varta-ru","7":"product_cat-zarjadnye-ustrojstva-dlja-ni-cd-ni-mh-lithium-batareek","9":"first","10":"instock","11":"taxable","12":"shipping-taxable","13":"purchasable","14":"product-type-simple"},"yoast_head":"<!-- This site is optimized with the Yoast SEO plugin v26.7 - https:\/\/yoast.com\/wordpress\/plugins\/seo\/ -->\n<title>VARTA LCD Multi charger up to 8xAA\/AAA size, l\u0101d\u0113t\u0101js - www.akum.lv<\/title>\n<meta name=\"robots\" content=\"index, follow, max-snippet:-1, max-image-preview:large, max-video-preview:-1\" \/>\n<link rel=\"canonical\" href=\"https:\/\/akum.lv\/prece\/varta-lcd-multi-charger-up-to-8xaa-aaa-size-ladetajs\/\" \/>\n<meta property=\"og:locale\" content=\"ru_RU\" \/>\n<meta property=\"og:type\" content=\"article\" \/>\n<meta property=\"og:title\" content=\"VARTA LCD Multi charger up to 8xAA\/AAA size, l\u0101d\u0113t\u0101js - www.akum.lv\" \/>\n<meta property=\"og:description\" content=\"VARTA LCD Multi charger up to 8xAA\/AAA size, l\u0101d\u0113t\u0101js\" \/>\n<meta property=\"og:url\" content=\"https:\/\/akum.lv\/prece\/varta-lcd-multi-charger-up-to-8xaa-aaa-size-ladetajs\/\" \/>\n<meta property=\"og:site_name\" content=\"www.akum.lv\" \/>\n<meta property=\"article:modified_time\" content=\"2019-11-05T12:48:44+00:00\" \/>\n<meta property=\"og:image\" content=\"https:\/\/akum.lv\/wp-content\/uploads\/2019\/11\/VARTA-8.jpg\" \/>\n\t<meta property=\"og:image:width\" content=\"365\" \/>\n\t<meta property=\"og:image:height\" content=\"480\" \/>\n\t<meta property=\"og:image:type\" content=\"image\/jpeg\" \/>\n<meta name=\"twitter:card\" content=\"summary_large_image\" \/>\n<script type=\"application\/ld+json\" class=\"yoast-schema-graph\">{\"@context\":\"https:\/\/schema.org\",\"@graph\":[{\"@type\":\"WebPage\",\"@id\":\"https:\/\/akum.lv\/prece\/varta-lcd-multi-charger-up-to-8xaa-aaa-size-ladetajs\/\",\"url\":\"https:\/\/akum.lv\/prece\/varta-lcd-multi-charger-up-to-8xaa-aaa-size-ladetajs\/\",\"name\":\"VARTA LCD Multi charger up to 8xAA\/AAA size, l\u0101d\u0113t\u0101js - www.akum.lv\",\"isPartOf\":{\"@id\":\"https:\/\/akum.lv\/#website\"},\"primaryImageOfPage\":{\"@id\":\"https:\/\/akum.lv\/prece\/varta-lcd-multi-charger-up-to-8xaa-aaa-size-ladetajs\/#primaryimage\"},\"image\":{\"@id\":\"https:\/\/akum.lv\/prece\/varta-lcd-multi-charger-up-to-8xaa-aaa-size-ladetajs\/#primaryimage\"},\"thumbnailUrl\":\"https:\/\/akum.lv\/wp-content\/uploads\/2019\/11\/VARTA-8.jpg\",\"datePublished\":\"2019-11-05T12:48:27+00:00\",\"dateModified\":\"2019-11-05T12:48:44+00:00\",\"breadcrumb\":{\"@id\":\"https:\/\/akum.lv\/prece\/varta-lcd-multi-charger-up-to-8xaa-aaa-size-ladetajs\/#breadcrumb\"},\"inLanguage\":\"ru-RU\",\"potentialAction\":[{\"@type\":\"ReadAction\",\"target\":[\"https:\/\/akum.lv\/prece\/varta-lcd-multi-charger-up-to-8xaa-aaa-size-ladetajs\/\"]}]},{\"@type\":\"ImageObject\",\"inLanguage\":\"ru-RU\",\"@id\":\"https:\/\/akum.lv\/prece\/varta-lcd-multi-charger-up-to-8xaa-aaa-size-ladetajs\/#primaryimage\",\"url\":\"https:\/\/akum.lv\/wp-content\/uploads\/2019\/11\/VARTA-8.jpg\",\"contentUrl\":\"https:\/\/akum.lv\/wp-content\/uploads\/2019\/11\/VARTA-8.jpg\",\"width\":365,\"height\":480},{\"@type\":\"BreadcrumbList\",\"@id\":\"https:\/\/akum.lv\/prece\/varta-lcd-multi-charger-up-to-8xaa-aaa-size-ladetajs\/#breadcrumb\",\"itemListElement\":[{\"@type\":\"ListItem\",\"position\":1,\"name\":\"\u0413\u043b\u0430\u0432\u043d\u0430\u044f \u0441\u0442\u0440\u0430\u043d\u0438\u0446\u0430\",\"item\":\"https:\/\/akum.lv\/ru\/\"},{\"@type\":\"ListItem\",\"position\":2,\"name\":\"PRECES\",\"item\":\"https:\/\/akum.lv\/produkti-preces\/\"},{\"@type\":\"ListItem\",\"position\":3,\"name\":\"VARTA LCD Multi charger up to 8xAA\/AAA size, l\u0101d\u0113t\u0101js\"}]},{\"@type\":\"WebSite\",\"@id\":\"https:\/\/akum.lv\/#website\",\"url\":\"https:\/\/akum.lv\/\",\"name\":\"www.akum.lv\",\"description\":\"Akumulatoru p\u0101rdev\u0113js | \u041f\u0440\u043e\u0434\u0430\u0432\u0435\u0446 \u0430\u043a\u043a\u0443\u043c\u0443\u043b\u044f\u0442\u043e\u0440\u043e\u0432 | Battery seller\",\"publisher\":{\"@id\":\"https:\/\/akum.lv\/#organization\"},\"potentialAction\":[{\"@type\":\"SearchAction\",\"target\":{\"@type\":\"EntryPoint\",\"urlTemplate\":\"https:\/\/akum.lv\/?s={search_term_string}\"},\"query-input\":{\"@type\":\"PropertyValueSpecification\",\"valueRequired\":true,\"valueName\":\"search_term_string\"}}],\"inLanguage\":\"ru-RU\"},{\"@type\":\"Organization\",\"@id\":\"https:\/\/akum.lv\/#organization\",\"name\":\"HubEnergy\",\"url\":\"https:\/\/akum.lv\/\",\"logo\":{\"@type\":\"ImageObject\",\"inLanguage\":\"ru-RU\",\"@id\":\"https:\/\/akum.lv\/#\/schema\/logo\/image\/\",\"url\":\"https:\/\/akum.lv\/wp-content\/uploads\/2018\/08\/Logo-hub-energy-2018-seller-dark-blue.png\",\"contentUrl\":\"https:\/\/akum.lv\/wp-content\/uploads\/2018\/08\/Logo-hub-energy-2018-seller-dark-blue.png\",\"width\":381,\"height\":75,\"caption\":\"HubEnergy\"},\"image\":{\"@id\":\"https:\/\/akum.lv\/#\/schema\/logo\/image\/\"}}]}<\/script>\n<!-- \/ Yoast SEO plugin. -->","yoast_head_json":{"title":"VARTA LCD Multi charger up to 8xAA\/AAA size, l\u0101d\u0113t\u0101js - www.akum.lv","robots":{"index":"index","follow":"follow","max-snippet":"max-snippet:-1","max-image-preview":"max-image-preview:large","max-video-preview":"max-video-preview:-1"},"canonical":"https:\/\/akum.lv\/prece\/varta-lcd-multi-charger-up-to-8xaa-aaa-size-ladetajs\/","og_locale":"ru_RU","og_type":"article","og_title":"VARTA LCD Multi charger up to 8xAA\/AAA size, l\u0101d\u0113t\u0101js - www.akum.lv","og_description":"VARTA LCD Multi charger up to 8xAA\/AAA size, l\u0101d\u0113t\u0101js","og_url":"https:\/\/akum.lv\/prece\/varta-lcd-multi-charger-up-to-8xaa-aaa-size-ladetajs\/","og_site_name":"www.akum.lv","article_modified_time":"2019-11-05T12:48:44+00:00","og_image":[{"width":365,"height":480,"url":"https:\/\/akum.lv\/wp-content\/uploads\/2019\/11\/VARTA-8.jpg","type":"image\/jpeg"}],"twitter_card":"summary_large_image","schema":{"@context":"https:\/\/schema.org","@graph":[{"@type":"WebPage","@id":"https:\/\/akum.lv\/prece\/varta-lcd-multi-charger-up-to-8xaa-aaa-size-ladetajs\/","url":"https:\/\/akum.lv\/prece\/varta-lcd-multi-charger-up-to-8xaa-aaa-size-ladetajs\/","name":"VARTA LCD Multi charger up to 8xAA\/AAA size, l\u0101d\u0113t\u0101js - www.akum.lv","isPartOf":{"@id":"https:\/\/akum.lv\/#website"},"primaryImageOfPage":{"@id":"https:\/\/akum.lv\/prece\/varta-lcd-multi-charger-up-to-8xaa-aaa-size-ladetajs\/#primaryimage"},"image":{"@id":"https:\/\/akum.lv\/prece\/varta-lcd-multi-charger-up-to-8xaa-aaa-size-ladetajs\/#primaryimage"},"thumbnailUrl":"https:\/\/akum.lv\/wp-content\/uploads\/2019\/11\/VARTA-8.jpg","datePublished":"2019-11-05T12:48:27+00:00","dateModified":"2019-11-05T12:48:44+00:00","breadcrumb":{"@id":"https:\/\/akum.lv\/prece\/varta-lcd-multi-charger-up-to-8xaa-aaa-size-ladetajs\/#breadcrumb"},"inLanguage":"ru-RU","potentialAction":[{"@type":"ReadAction","target":["https:\/\/akum.lv\/prece\/varta-lcd-multi-charger-up-to-8xaa-aaa-size-ladetajs\/"]}]},{"@type":"ImageObject","inLanguage":"ru-RU","@id":"https:\/\/akum.lv\/prece\/varta-lcd-multi-charger-up-to-8xaa-aaa-size-ladetajs\/#primaryimage","url":"https:\/\/akum.lv\/wp-content\/uploads\/2019\/11\/VARTA-8.jpg","contentUrl":"https:\/\/akum.lv\/wp-content\/uploads\/2019\/11\/VARTA-8.jpg","width":365,"height":480},{"@type":"BreadcrumbList","@id":"https:\/\/akum.lv\/prece\/varta-lcd-multi-charger-up-to-8xaa-aaa-size-ladetajs\/#breadcrumb","itemListElement":[{"@type":"ListItem","position":1,"name":"\u0413\u043b\u0430\u0432\u043d\u0430\u044f \u0441\u0442\u0440\u0430\u043d\u0438\u0446\u0430","item":"https:\/\/akum.lv\/ru\/"},{"@type":"ListItem","position":2,"name":"PRECES","item":"https:\/\/akum.lv\/produkti-preces\/"},{"@type":"ListItem","position":3,"name":"VARTA LCD Multi charger up to 8xAA\/AAA size, l\u0101d\u0113t\u0101js"}]},{"@type":"WebSite","@id":"https:\/\/akum.lv\/#website","url":"https:\/\/akum.lv\/","name":"www.akum.lv","description":"Akumulatoru p\u0101rdev\u0113js | \u041f\u0440\u043e\u0434\u0430\u0432\u0435\u0446 \u0430\u043a\u043a\u0443\u043c\u0443\u043b\u044f\u0442\u043e\u0440\u043e\u0432 | Battery seller","publisher":{"@id":"https:\/\/akum.lv\/#organization"},"potentialAction":[{"@type":"SearchAction","target":{"@type":"EntryPoint","urlTemplate":"https:\/\/akum.lv\/?s={search_term_string}"},"query-input":{"@type":"PropertyValueSpecification","valueRequired":true,"valueName":"search_term_string"}}],"inLanguage":"ru-RU"},{"@type":"Organization","@id":"https:\/\/akum.lv\/#organization","name":"HubEnergy","url":"https:\/\/akum.lv\/","logo":{"@type":"ImageObject","inLanguage":"ru-RU","@id":"https:\/\/akum.lv\/#\/schema\/logo\/image\/","url":"https:\/\/akum.lv\/wp-content\/uploads\/2018\/08\/Logo-hub-energy-2018-seller-dark-blue.png","contentUrl":"https:\/\/akum.lv\/wp-content\/uploads\/2018\/08\/Logo-hub-energy-2018-seller-dark-blue.png","width":381,"height":75,"caption":"HubEnergy"},"image":{"@id":"https:\/\/akum.lv\/#\/schema\/logo\/image\/"}}]}},"brands":[{"id":346,"name":"VARTA","slug":"varta-ru"}],"_links":{"self":[{"href":"https:\/\/akum.lv\/ru\/wp-json\/wp\/v2\/product\/6550","targetHints":{"allow":["GET"]}}],"collection":[{"href":"https:\/\/akum.lv\/ru\/wp-json\/wp\/v2\/product"}],"about":[{"href":"https:\/\/akum.lv\/ru\/wp-json\/wp\/v2\/types\/product"}],"wp:featuredmedia":[{"embeddable":true,"href":"https:\/\/akum.lv\/ru\/wp-json\/wp\/v2\/media\/6548"}],"wp:attachment":[{"href":"https:\/\/akum.lv\/ru\/wp-json\/wp\/v2\/media?parent=6550"}],"wp:term":[{"taxonomy":"pwb-brand","embeddable":true,"href":"https:\/\/akum.lv\/ru\/wp-json\/wp\/v2\/pwb-brand?post=6550"},{"taxonomy":"product_brand","embeddable":true,"href":"https:\/\/akum.lv\/ru\/wp-json\/wp\/v2\/product_brand?post=6550"},{"taxonomy":"product_cat","embeddable":true,"href":"https:\/\/akum.lv\/ru\/wp-json\/wp\/v2\/product_cat?post=6550"},{"taxonomy":"product_tag","embeddable":true,"href":"https:\/\/akum.lv\/ru\/wp-json\/wp\/v2\/product_tag?post=6550"}],"curies":[{"name":"wp","href":"https:\/\/api.w.org\/{rel}","templated":true}]}}