{"id":6523,"date":"2019-10-31T10:06:50","date_gmt":"2019-10-31T10:06:50","guid":{"rendered":"https:\/\/akum.lv\/veikals\/uncategorized\/saules-baterija-panelis-mwg-5-5w-12v-l260-w200-h17-ip65\/"},"modified":"2023-05-26T11:59:30","modified_gmt":"2023-05-26T11:59:30","slug":"saules-baterija-panelis-mwg-5-5w-12v-l260-w200-h17-ip65","status":"publish","type":"product","link":"https:\/\/akum.lv\/ru\/prece\/saules-baterija-panelis-mwg-5-5w-12v-l260-w200-h17-ip65\/","title":{"rendered":"Saules baterija panelis MWG-170 170W-12V, L1485 W668 H35, IP65 \/ Polycrystalline Solar Panel"},"content":{"rendered":"","protected":false},"excerpt":{"rendered":"<p><img loading=\"lazy\" decoding=\"async\" class=\"alignnone size-full wp-image-11505\" src=\"https:\/\/akum.lv\/wp-content\/uploads\/2020\/07\/Best-price.jpg\" alt=\"\" width=\"225\" height=\"225\" srcset=\"https:\/\/akum.lv\/wp-content\/uploads\/2020\/07\/Best-price.jpg 225w, https:\/\/akum.lv\/wp-content\/uploads\/2020\/07\/Best-price-150x150.jpg 150w, https:\/\/akum.lv\/wp-content\/uploads\/2020\/07\/Best-price-100x100.jpg 100w\" sizes=\"auto, (max-width: 225px) 100vw, 225px\" \/><\/p>\n<p>Saules baterija panelis<\/p>\n<p>Saules baterija panelis MWG-170 170W-12V, L1485 W668 H35, IP65 \/ Polycrystalline Solar Panel<\/p>\n<p>Photovoltaic panel \/ Polycrystalline Solar Panel<\/p>\n<p><strong><img loading=\"lazy\" decoding=\"async\" class=\"alignnone size-full wp-image-11436\" src=\"https:\/\/akum.lv\/wp-content\/uploads\/2021\/12\/pdf-icon.png\" alt=\"\" width=\"50\" height=\"50\" \/> &#8212; <a href=\"https:\/\/akum.lv\/wp-content\/uploads\/2019\/10\/MWG-170_1485x668x35.pdf\">MWG-170_1485x668x35<\/a>\u00a0<\/strong><\/p>\n<p>MWG-170 cell specification<br \/>\nMaximum STC power (Pmax): 170 W<br \/>\nOptimum operating voltage (Vmp): 18.94 V<br \/>\nOptimal operating current (Imp): 8.98 A<br \/>\nOpen circuit voltage (Voc): 22.62 V<br \/>\nShort circuit current (Isc): 9.76 A<br \/>\nEfficiency of solar cells: 19,79%<br \/>\nThe efficiency of the solar module: 17,3%<br \/>\nOperating temperature: -40\u00b0C to 85\u00b0C<br \/>\nMaximum operating voltage: 1000 V DC<br \/>\nMaximum fuse value: 15 A<br \/>\nPower tolerance: 0~ + 3%<br \/>\nNominal operating temperature of the cell (NOCT): 47\u00b0C +\/- 2\u00b0C<br \/>\nPmax temperature coefficient: -0.47%\/\u00b0C<br \/>\nVOC temperature coefficient: -0,346%\/\u00b0C<br \/>\nISC temperature coefficient: +0.036%\/\u00b0C<br \/>\nSolar cell: Polycrystalline 156 x 156<br \/>\nNumber of cells: 36 (4 x 9)<br \/>\nFront glass: 3.2 mm hardened glass<br \/>\nFrame: anodized aluminium frame<br \/>\nJunction box: PV&#8212;******<br \/>\nConnectors: Plug and socket<br \/>\nDimensions: 1485 x 668 x 35 mm<br \/>\nWeight: 11,6 kg<\/p>\n<p><strong>SIA ,,HUB ENERGY,, &#8212; ofici\u0101lais bateriju izplat\u012bt\u0101js ,,MWPower,, Latvij\u0101, Lietuv\u0101 un Igaunij\u0101 <\/strong><br \/>\n<strong>SIA ,,HUB ENERGY,, &#8212; \u043e\u0444\u0438\u0446\u0438\u0430\u043b\u044c\u043d\u044b\u0439 \u0434\u0438\u0441\u0442\u0440\u0438\u0431\u044c\u044e\u0442\u043e\u0440 \u0431\u0430\u0442\u0430\u0440\u0435\u0439 ,,MWPower,, \u0432 \u041b\u0430\u0442\u0432\u0438\u0438, \u041b\u0438\u0442\u0432\u0435 \u0438 \u042d\u0441\u0442\u043e\u043d\u0438\u0438 <\/strong><br \/>\n<strong>SIA ,,HUB ENERGY,, &#8212; official distributor of batteries ,,MWPower,, in Latvia, Lithuania and Estonia<\/strong><\/p>\n","protected":false},"featured_media":4832,"template":"","meta":[],"pwb-brand":[455],"product_brand":[],"product_cat":[488,449],"product_tag":[],"class_list":{"0":"post-6523","1":"product","2":"type-product","3":"status-publish","4":"has-post-thumbnail","6":"pwb-brand-mw-green-power-ru","7":"product_cat-green-energy","8":"product_cat-saules-paneli-sistemas","9":"pif-has-gallery","11":"first","12":"instock","13":"taxable","14":"shipping-taxable","15":"purchasable","16":"product-type-simple"},"yoast_head":"<!-- This site is optimized with the Yoast SEO plugin v26.7 - https:\/\/yoast.com\/wordpress\/plugins\/seo\/ -->\n<title>Saules baterija panelis MWG-170 170W-12V, L1485 W668 H35, IP65 \/ Polycrystalline Solar Panel - www.akum.lv<\/title>\n<meta name=\"robots\" content=\"index, follow, max-snippet:-1, max-image-preview:large, max-video-preview:-1\" \/>\n<link rel=\"canonical\" href=\"https:\/\/akum.lv\/ru\/prece\/saules-baterija-panelis-mwg-5-5w-12v-l260-w200-h17-ip65\/\" \/>\n<meta property=\"og:locale\" content=\"ru_RU\" \/>\n<meta property=\"og:type\" content=\"article\" \/>\n<meta property=\"og:title\" content=\"Saules baterija panelis MWG-170 170W-12V, L1485 W668 H35, IP65 \/ Polycrystalline Solar Panel - www.akum.lv\" \/>\n<meta property=\"og:description\" content=\"Saules baterija panelis  Saules baterija panelis MWG-170 170W-12V, L1485 W668 H35, IP65 \/ Polycrystalline Solar Panel  Photovoltaic panel \/ Polycrystalline Solar Panel   - MWG-170_1485x668x35\u00a0  MWG-170 cell specification Maximum STC power (Pmax): 170 W Optimum operating voltage (Vmp): 18.94 V Optimal operating current (Imp): 8.98 A Open circuit voltage (Voc): 22.62 V Short circuit current (Isc): 9.76 A Efficiency of solar cells: 19,79% The efficiency of the solar module: 17,3% Operating temperature: -40\u00b0C to 85\u00b0C Maximum operating voltage: 1000 V DC Maximum fuse value: 15 A Power tolerance: 0~ + 3% Nominal operating temperature of the cell (NOCT): 47\u00b0C +\/- 2\u00b0C Pmax temperature coefficient: -0.47%\/\u00b0C VOC temperature coefficient: -0,346%\/\u00b0C ISC temperature coefficient: +0.036%\/\u00b0C Solar cell: Polycrystalline 156 x 156 Number of cells: 36 (4 x 9) Front glass: 3.2 mm hardened glass Frame: anodized aluminium frame Junction box: PV--****** Connectors: Plug and socket Dimensions: 1485 x 668 x 35 mm Weight: 11,6 kg  SIA ,,HUB ENERGY,, - ofici\u0101lais bateriju izplat\u012bt\u0101js ,,MWPower,, Latvij\u0101, Lietuv\u0101 un Igaunij\u0101  SIA ,,HUB ENERGY,, - \u043e\u0444\u0438\u0446\u0438\u0430\u043b\u044c\u043d\u044b\u0439 \u0434\u0438\u0441\u0442\u0440\u0438\u0431\u044c\u044e\u0442\u043e\u0440 \u0431\u0430\u0442\u0430\u0440\u0435\u0439 ,,MWPower,, \u0432 \u041b\u0430\u0442\u0432\u0438\u0438, \u041b\u0438\u0442\u0432\u0435 \u0438 \u042d\u0441\u0442\u043e\u043d\u0438\u0438  SIA ,,HUB ENERGY,, - official distributor of batteries ,,MWPower,, in Latvia, Lithuania and Estonia\" \/>\n<meta property=\"og:url\" content=\"https:\/\/akum.lv\/ru\/prece\/saules-baterija-panelis-mwg-5-5w-12v-l260-w200-h17-ip65\/\" \/>\n<meta property=\"og:site_name\" content=\"www.akum.lv\" \/>\n<meta property=\"article:modified_time\" content=\"2023-05-26T11:59:30+00:00\" \/>\n<meta property=\"og:image\" content=\"https:\/\/akum.lv\/wp-content\/uploads\/2019\/02\/SOL.-pan_mwg-1.jpg\" \/>\n\t<meta property=\"og:image:width\" content=\"370\" \/>\n\t<meta property=\"og:image:height\" content=\"353\" \/>\n\t<meta property=\"og:image:type\" content=\"image\/jpeg\" \/>\n<meta name=\"twitter:card\" content=\"summary_large_image\" \/>\n<script type=\"application\/ld+json\" class=\"yoast-schema-graph\">{\"@context\":\"https:\/\/schema.org\",\"@graph\":[{\"@type\":\"WebPage\",\"@id\":\"https:\/\/akum.lv\/ru\/prece\/saules-baterija-panelis-mwg-5-5w-12v-l260-w200-h17-ip65\/\",\"url\":\"https:\/\/akum.lv\/ru\/prece\/saules-baterija-panelis-mwg-5-5w-12v-l260-w200-h17-ip65\/\",\"name\":\"Saules baterija panelis MWG-170 170W-12V, L1485 W668 H35, IP65 \/ Polycrystalline Solar Panel - www.akum.lv\",\"isPartOf\":{\"@id\":\"https:\/\/akum.lv\/#website\"},\"primaryImageOfPage\":{\"@id\":\"https:\/\/akum.lv\/ru\/prece\/saules-baterija-panelis-mwg-5-5w-12v-l260-w200-h17-ip65\/#primaryimage\"},\"image\":{\"@id\":\"https:\/\/akum.lv\/ru\/prece\/saules-baterija-panelis-mwg-5-5w-12v-l260-w200-h17-ip65\/#primaryimage\"},\"thumbnailUrl\":\"https:\/\/akum.lv\/wp-content\/uploads\/2019\/02\/SOL.-pan_mwg-1.jpg\",\"datePublished\":\"2019-10-31T10:06:50+00:00\",\"dateModified\":\"2023-05-26T11:59:30+00:00\",\"breadcrumb\":{\"@id\":\"https:\/\/akum.lv\/ru\/prece\/saules-baterija-panelis-mwg-5-5w-12v-l260-w200-h17-ip65\/#breadcrumb\"},\"inLanguage\":\"ru-RU\",\"potentialAction\":[{\"@type\":\"ReadAction\",\"target\":[\"https:\/\/akum.lv\/ru\/prece\/saules-baterija-panelis-mwg-5-5w-12v-l260-w200-h17-ip65\/\"]}]},{\"@type\":\"ImageObject\",\"inLanguage\":\"ru-RU\",\"@id\":\"https:\/\/akum.lv\/ru\/prece\/saules-baterija-panelis-mwg-5-5w-12v-l260-w200-h17-ip65\/#primaryimage\",\"url\":\"https:\/\/akum.lv\/wp-content\/uploads\/2019\/02\/SOL.-pan_mwg-1.jpg\",\"contentUrl\":\"https:\/\/akum.lv\/wp-content\/uploads\/2019\/02\/SOL.-pan_mwg-1.jpg\",\"width\":370,\"height\":353},{\"@type\":\"BreadcrumbList\",\"@id\":\"https:\/\/akum.lv\/ru\/prece\/saules-baterija-panelis-mwg-5-5w-12v-l260-w200-h17-ip65\/#breadcrumb\",\"itemListElement\":[{\"@type\":\"ListItem\",\"position\":1,\"name\":\"\u0413\u043b\u0430\u0432\u043d\u0430\u044f \u0441\u0442\u0440\u0430\u043d\u0438\u0446\u0430\",\"item\":\"https:\/\/akum.lv\/ru\/\"},{\"@type\":\"ListItem\",\"position\":2,\"name\":\"PRECES\",\"item\":\"https:\/\/akum.lv\/produkti-preces\/\"},{\"@type\":\"ListItem\",\"position\":3,\"name\":\"Saules baterija panelis MWG-170 170W-12V, L1485 W668 H35, IP65 \/ Polycrystalline Solar Panel\"}]},{\"@type\":\"WebSite\",\"@id\":\"https:\/\/akum.lv\/#website\",\"url\":\"https:\/\/akum.lv\/\",\"name\":\"www.akum.lv\",\"description\":\"Akumulatoru p\u0101rdev\u0113js | \u041f\u0440\u043e\u0434\u0430\u0432\u0435\u0446 \u0430\u043a\u043a\u0443\u043c\u0443\u043b\u044f\u0442\u043e\u0440\u043e\u0432 | Battery seller\",\"publisher\":{\"@id\":\"https:\/\/akum.lv\/#organization\"},\"potentialAction\":[{\"@type\":\"SearchAction\",\"target\":{\"@type\":\"EntryPoint\",\"urlTemplate\":\"https:\/\/akum.lv\/?s={search_term_string}\"},\"query-input\":{\"@type\":\"PropertyValueSpecification\",\"valueRequired\":true,\"valueName\":\"search_term_string\"}}],\"inLanguage\":\"ru-RU\"},{\"@type\":\"Organization\",\"@id\":\"https:\/\/akum.lv\/#organization\",\"name\":\"HubEnergy\",\"url\":\"https:\/\/akum.lv\/\",\"logo\":{\"@type\":\"ImageObject\",\"inLanguage\":\"ru-RU\",\"@id\":\"https:\/\/akum.lv\/#\/schema\/logo\/image\/\",\"url\":\"https:\/\/akum.lv\/wp-content\/uploads\/2018\/08\/Logo-hub-energy-2018-seller-dark-blue.png\",\"contentUrl\":\"https:\/\/akum.lv\/wp-content\/uploads\/2018\/08\/Logo-hub-energy-2018-seller-dark-blue.png\",\"width\":381,\"height\":75,\"caption\":\"HubEnergy\"},\"image\":{\"@id\":\"https:\/\/akum.lv\/#\/schema\/logo\/image\/\"}}]}<\/script>\n<!-- \/ Yoast SEO plugin. -->","yoast_head_json":{"title":"Saules baterija panelis MWG-170 170W-12V, L1485 W668 H35, IP65 \/ Polycrystalline Solar Panel - www.akum.lv","robots":{"index":"index","follow":"follow","max-snippet":"max-snippet:-1","max-image-preview":"max-image-preview:large","max-video-preview":"max-video-preview:-1"},"canonical":"https:\/\/akum.lv\/ru\/prece\/saules-baterija-panelis-mwg-5-5w-12v-l260-w200-h17-ip65\/","og_locale":"ru_RU","og_type":"article","og_title":"Saules baterija panelis MWG-170 170W-12V, L1485 W668 H35, IP65 \/ Polycrystalline Solar Panel - www.akum.lv","og_description":"Saules baterija panelis  Saules baterija panelis MWG-170 170W-12V, L1485 W668 H35, IP65 \/ Polycrystalline Solar Panel  Photovoltaic panel \/ Polycrystalline Solar Panel   - MWG-170_1485x668x35\u00a0  MWG-170 cell specification Maximum STC power (Pmax): 170 W Optimum operating voltage (Vmp): 18.94 V Optimal operating current (Imp): 8.98 A Open circuit voltage (Voc): 22.62 V Short circuit current (Isc): 9.76 A Efficiency of solar cells: 19,79% The efficiency of the solar module: 17,3% Operating temperature: -40\u00b0C to 85\u00b0C Maximum operating voltage: 1000 V DC Maximum fuse value: 15 A Power tolerance: 0~ + 3% Nominal operating temperature of the cell (NOCT): 47\u00b0C +\/- 2\u00b0C Pmax temperature coefficient: -0.47%\/\u00b0C VOC temperature coefficient: -0,346%\/\u00b0C ISC temperature coefficient: +0.036%\/\u00b0C Solar cell: Polycrystalline 156 x 156 Number of cells: 36 (4 x 9) Front glass: 3.2 mm hardened glass Frame: anodized aluminium frame Junction box: PV--****** Connectors: Plug and socket Dimensions: 1485 x 668 x 35 mm Weight: 11,6 kg  SIA ,,HUB ENERGY,, - ofici\u0101lais bateriju izplat\u012bt\u0101js ,,MWPower,, Latvij\u0101, Lietuv\u0101 un Igaunij\u0101  SIA ,,HUB ENERGY,, - \u043e\u0444\u0438\u0446\u0438\u0430\u043b\u044c\u043d\u044b\u0439 \u0434\u0438\u0441\u0442\u0440\u0438\u0431\u044c\u044e\u0442\u043e\u0440 \u0431\u0430\u0442\u0430\u0440\u0435\u0439 ,,MWPower,, \u0432 \u041b\u0430\u0442\u0432\u0438\u0438, \u041b\u0438\u0442\u0432\u0435 \u0438 \u042d\u0441\u0442\u043e\u043d\u0438\u0438  SIA ,,HUB ENERGY,, - official distributor of batteries ,,MWPower,, in Latvia, Lithuania and Estonia","og_url":"https:\/\/akum.lv\/ru\/prece\/saules-baterija-panelis-mwg-5-5w-12v-l260-w200-h17-ip65\/","og_site_name":"www.akum.lv","article_modified_time":"2023-05-26T11:59:30+00:00","og_image":[{"width":370,"height":353,"url":"https:\/\/akum.lv\/wp-content\/uploads\/2019\/02\/SOL.-pan_mwg-1.jpg","type":"image\/jpeg"}],"twitter_card":"summary_large_image","schema":{"@context":"https:\/\/schema.org","@graph":[{"@type":"WebPage","@id":"https:\/\/akum.lv\/ru\/prece\/saules-baterija-panelis-mwg-5-5w-12v-l260-w200-h17-ip65\/","url":"https:\/\/akum.lv\/ru\/prece\/saules-baterija-panelis-mwg-5-5w-12v-l260-w200-h17-ip65\/","name":"Saules baterija panelis MWG-170 170W-12V, L1485 W668 H35, IP65 \/ Polycrystalline Solar Panel - www.akum.lv","isPartOf":{"@id":"https:\/\/akum.lv\/#website"},"primaryImageOfPage":{"@id":"https:\/\/akum.lv\/ru\/prece\/saules-baterija-panelis-mwg-5-5w-12v-l260-w200-h17-ip65\/#primaryimage"},"image":{"@id":"https:\/\/akum.lv\/ru\/prece\/saules-baterija-panelis-mwg-5-5w-12v-l260-w200-h17-ip65\/#primaryimage"},"thumbnailUrl":"https:\/\/akum.lv\/wp-content\/uploads\/2019\/02\/SOL.-pan_mwg-1.jpg","datePublished":"2019-10-31T10:06:50+00:00","dateModified":"2023-05-26T11:59:30+00:00","breadcrumb":{"@id":"https:\/\/akum.lv\/ru\/prece\/saules-baterija-panelis-mwg-5-5w-12v-l260-w200-h17-ip65\/#breadcrumb"},"inLanguage":"ru-RU","potentialAction":[{"@type":"ReadAction","target":["https:\/\/akum.lv\/ru\/prece\/saules-baterija-panelis-mwg-5-5w-12v-l260-w200-h17-ip65\/"]}]},{"@type":"ImageObject","inLanguage":"ru-RU","@id":"https:\/\/akum.lv\/ru\/prece\/saules-baterija-panelis-mwg-5-5w-12v-l260-w200-h17-ip65\/#primaryimage","url":"https:\/\/akum.lv\/wp-content\/uploads\/2019\/02\/SOL.-pan_mwg-1.jpg","contentUrl":"https:\/\/akum.lv\/wp-content\/uploads\/2019\/02\/SOL.-pan_mwg-1.jpg","width":370,"height":353},{"@type":"BreadcrumbList","@id":"https:\/\/akum.lv\/ru\/prece\/saules-baterija-panelis-mwg-5-5w-12v-l260-w200-h17-ip65\/#breadcrumb","itemListElement":[{"@type":"ListItem","position":1,"name":"\u0413\u043b\u0430\u0432\u043d\u0430\u044f \u0441\u0442\u0440\u0430\u043d\u0438\u0446\u0430","item":"https:\/\/akum.lv\/ru\/"},{"@type":"ListItem","position":2,"name":"PRECES","item":"https:\/\/akum.lv\/produkti-preces\/"},{"@type":"ListItem","position":3,"name":"Saules baterija panelis MWG-170 170W-12V, L1485 W668 H35, IP65 \/ Polycrystalline Solar Panel"}]},{"@type":"WebSite","@id":"https:\/\/akum.lv\/#website","url":"https:\/\/akum.lv\/","name":"www.akum.lv","description":"Akumulatoru p\u0101rdev\u0113js | \u041f\u0440\u043e\u0434\u0430\u0432\u0435\u0446 \u0430\u043a\u043a\u0443\u043c\u0443\u043b\u044f\u0442\u043e\u0440\u043e\u0432 | Battery seller","publisher":{"@id":"https:\/\/akum.lv\/#organization"},"potentialAction":[{"@type":"SearchAction","target":{"@type":"EntryPoint","urlTemplate":"https:\/\/akum.lv\/?s={search_term_string}"},"query-input":{"@type":"PropertyValueSpecification","valueRequired":true,"valueName":"search_term_string"}}],"inLanguage":"ru-RU"},{"@type":"Organization","@id":"https:\/\/akum.lv\/#organization","name":"HubEnergy","url":"https:\/\/akum.lv\/","logo":{"@type":"ImageObject","inLanguage":"ru-RU","@id":"https:\/\/akum.lv\/#\/schema\/logo\/image\/","url":"https:\/\/akum.lv\/wp-content\/uploads\/2018\/08\/Logo-hub-energy-2018-seller-dark-blue.png","contentUrl":"https:\/\/akum.lv\/wp-content\/uploads\/2018\/08\/Logo-hub-energy-2018-seller-dark-blue.png","width":381,"height":75,"caption":"HubEnergy"},"image":{"@id":"https:\/\/akum.lv\/#\/schema\/logo\/image\/"}}]}},"brands":[{"id":455,"name":"MW GREEN POWER","slug":"mw-green-power-ru"}],"_links":{"self":[{"href":"https:\/\/akum.lv\/ru\/wp-json\/wp\/v2\/product\/6523","targetHints":{"allow":["GET"]}}],"collection":[{"href":"https:\/\/akum.lv\/ru\/wp-json\/wp\/v2\/product"}],"about":[{"href":"https:\/\/akum.lv\/ru\/wp-json\/wp\/v2\/types\/product"}],"wp:featuredmedia":[{"embeddable":true,"href":"https:\/\/akum.lv\/ru\/wp-json\/wp\/v2\/media\/4832"}],"wp:attachment":[{"href":"https:\/\/akum.lv\/ru\/wp-json\/wp\/v2\/media?parent=6523"}],"wp:term":[{"taxonomy":"pwb-brand","embeddable":true,"href":"https:\/\/akum.lv\/ru\/wp-json\/wp\/v2\/pwb-brand?post=6523"},{"taxonomy":"product_brand","embeddable":true,"href":"https:\/\/akum.lv\/ru\/wp-json\/wp\/v2\/product_brand?post=6523"},{"taxonomy":"product_cat","embeddable":true,"href":"https:\/\/akum.lv\/ru\/wp-json\/wp\/v2\/product_cat?post=6523"},{"taxonomy":"product_tag","embeddable":true,"href":"https:\/\/akum.lv\/ru\/wp-json\/wp\/v2\/product_tag?post=6523"}],"curies":[{"name":"wp","href":"https:\/\/api.w.org\/{rel}","templated":true}]}}