{"id":5932,"date":"2019-07-25T10:16:23","date_gmt":"2019-07-25T10:16:23","guid":{"rendered":"https:\/\/akum.lv\/veikals\/uncategorized\/ladetaji-taisngriezi\/"},"modified":"2021-01-14T09:37:36","modified_gmt":"2021-01-14T09:37:36","slug":"ladetaji-taisngriezi","status":"publish","type":"product","link":"https:\/\/akum.lv\/ru\/prece\/ladetaji-taisngriezi\/","title":{"rendered":"Chargers L\u0101d\u0113t\u0101ji (taisngrie\u017ei)"},"content":{"rendered":"","protected":false},"excerpt":{"rendered":"<p><strong><span style=\"color: #000080;\">Chargers L\u0101d\u0113t\u0101ji (taisngrie\u017ei)<\/span><\/strong><\/p>\n<p><strong>Katalogs \/ \u041a\u0430\u0442\u0430\u043b\u043e\u0433 \/ Catalog &#8212; <a href=\"https:\/\/akum.lv\/wp-content\/uploads\/2019\/07\/GNB_MP_Charger_brochure_EN.pdf\">GNB_MP_Charger_brochure_EN<\/a><\/strong><\/p>\n<p>The importance of matching battery and charger cannot be underestimated &#8212; so when the world\u2019s leading manufacturer of Motive Power batteries dedicates years of research and development to this cause, you can be assured of the optimum in compatibility. Incorporating the latest concepts, these high frequency chargers for flooded, lithium, sealed Gel or AGM lead-acid batteries ensure reliability, safety, ease of use and optimal charging.<\/p>\n","protected":false},"featured_media":5933,"template":"","meta":[],"pwb-brand":[],"product_brand":[],"product_cat":[497,685],"product_tag":[499,405,390],"class_list":{"0":"post-5932","1":"product","2":"type-product","3":"status-publish","4":"has-post-thumbnail","6":"product_cat-akkumuljatory-i-zarjadnye-ustrojstva-dlja-vilochnyh-pogruzchikov","7":"product_cat-promyshlennye-zarjadnye-ustrojstva-dlja-jelektropogruzchikov-ru","8":"product_tag-akkumuljatory-i-zarjadnye-ustrojstva-dlja-zlektro-pogruzchikov","9":"product_tag-akkumuljatory-i-zarjadnye-ustrojstva-dlja-kliningovyh-mashin","10":"product_tag-akkumuljatory-i-zarjadnye-ustrojstva-dlja-stroitelnogo-i-skladnogo-oborudovanija","12":"first","13":"instock","14":"taxable","15":"shipping-taxable","16":"product-type-simple"},"yoast_head":"<!-- This site is optimized with the Yoast SEO plugin v26.7 - https:\/\/yoast.com\/wordpress\/plugins\/seo\/ -->\n<title>Chargers L\u0101d\u0113t\u0101ji (taisngrie\u017ei) - www.akum.lv<\/title>\n<meta name=\"robots\" content=\"index, follow, max-snippet:-1, max-image-preview:large, max-video-preview:-1\" \/>\n<link rel=\"canonical\" href=\"https:\/\/akum.lv\/prece\/ladetaji-taisngriezi\/\" \/>\n<meta property=\"og:locale\" content=\"ru_RU\" \/>\n<meta property=\"og:type\" content=\"article\" \/>\n<meta property=\"og:title\" content=\"Chargers L\u0101d\u0113t\u0101ji (taisngrie\u017ei) - www.akum.lv\" \/>\n<meta property=\"og:description\" content=\"Chargers L\u0101d\u0113t\u0101ji (taisngrie\u017ei)  Katalogs \/ \u041a\u0430\u0442\u0430\u043b\u043e\u0433 \/ Catalog - GNB_MP_Charger_brochure_EN  The importance of matching battery and charger cannot be underestimated - so when the world\u2019s leading manufacturer of Motive Power batteries dedicates years of research and development to this cause, you can be assured of the optimum in compatibility. Incorporating the latest concepts, these high frequency chargers for flooded, lithium, sealed Gel or AGM lead-acid batteries ensure reliability, safety, ease of use and optimal charging.\" \/>\n<meta property=\"og:url\" content=\"https:\/\/akum.lv\/prece\/ladetaji-taisngriezi\/\" \/>\n<meta property=\"og:site_name\" content=\"www.akum.lv\" \/>\n<meta property=\"article:modified_time\" content=\"2021-01-14T09:37:36+00:00\" \/>\n<meta property=\"og:image\" content=\"https:\/\/akum.lv\/wp-content\/uploads\/2018\/09\/Charger-Exide.png\" \/>\n\t<meta property=\"og:image:width\" content=\"350\" \/>\n\t<meta property=\"og:image:height\" content=\"500\" \/>\n\t<meta property=\"og:image:type\" content=\"image\/png\" \/>\n<meta name=\"twitter:card\" content=\"summary_large_image\" \/>\n<script type=\"application\/ld+json\" class=\"yoast-schema-graph\">{\"@context\":\"https:\/\/schema.org\",\"@graph\":[{\"@type\":\"WebPage\",\"@id\":\"https:\/\/akum.lv\/prece\/ladetaji-taisngriezi\/\",\"url\":\"https:\/\/akum.lv\/prece\/ladetaji-taisngriezi\/\",\"name\":\"Chargers L\u0101d\u0113t\u0101ji (taisngrie\u017ei) - www.akum.lv\",\"isPartOf\":{\"@id\":\"https:\/\/akum.lv\/#website\"},\"primaryImageOfPage\":{\"@id\":\"https:\/\/akum.lv\/prece\/ladetaji-taisngriezi\/#primaryimage\"},\"image\":{\"@id\":\"https:\/\/akum.lv\/prece\/ladetaji-taisngriezi\/#primaryimage\"},\"thumbnailUrl\":\"https:\/\/akum.lv\/wp-content\/uploads\/2018\/09\/Charger-Exide.png\",\"datePublished\":\"2019-07-25T10:16:23+00:00\",\"dateModified\":\"2021-01-14T09:37:36+00:00\",\"breadcrumb\":{\"@id\":\"https:\/\/akum.lv\/prece\/ladetaji-taisngriezi\/#breadcrumb\"},\"inLanguage\":\"ru-RU\",\"potentialAction\":[{\"@type\":\"ReadAction\",\"target\":[\"https:\/\/akum.lv\/prece\/ladetaji-taisngriezi\/\"]}]},{\"@type\":\"ImageObject\",\"inLanguage\":\"ru-RU\",\"@id\":\"https:\/\/akum.lv\/prece\/ladetaji-taisngriezi\/#primaryimage\",\"url\":\"https:\/\/akum.lv\/wp-content\/uploads\/2018\/09\/Charger-Exide.png\",\"contentUrl\":\"https:\/\/akum.lv\/wp-content\/uploads\/2018\/09\/Charger-Exide.png\",\"width\":350,\"height\":500},{\"@type\":\"BreadcrumbList\",\"@id\":\"https:\/\/akum.lv\/prece\/ladetaji-taisngriezi\/#breadcrumb\",\"itemListElement\":[{\"@type\":\"ListItem\",\"position\":1,\"name\":\"\u0413\u043b\u0430\u0432\u043d\u0430\u044f \u0441\u0442\u0440\u0430\u043d\u0438\u0446\u0430\",\"item\":\"https:\/\/akum.lv\/ru\/\"},{\"@type\":\"ListItem\",\"position\":2,\"name\":\"PRECES\",\"item\":\"https:\/\/akum.lv\/produkti-preces\/\"},{\"@type\":\"ListItem\",\"position\":3,\"name\":\"Chargers L\u0101d\u0113t\u0101ji (taisngrie\u017ei)\"}]},{\"@type\":\"WebSite\",\"@id\":\"https:\/\/akum.lv\/#website\",\"url\":\"https:\/\/akum.lv\/\",\"name\":\"www.akum.lv\",\"description\":\"Akumulatoru p\u0101rdev\u0113js | \u041f\u0440\u043e\u0434\u0430\u0432\u0435\u0446 \u0430\u043a\u043a\u0443\u043c\u0443\u043b\u044f\u0442\u043e\u0440\u043e\u0432 | Battery seller\",\"publisher\":{\"@id\":\"https:\/\/akum.lv\/#organization\"},\"potentialAction\":[{\"@type\":\"SearchAction\",\"target\":{\"@type\":\"EntryPoint\",\"urlTemplate\":\"https:\/\/akum.lv\/?s={search_term_string}\"},\"query-input\":{\"@type\":\"PropertyValueSpecification\",\"valueRequired\":true,\"valueName\":\"search_term_string\"}}],\"inLanguage\":\"ru-RU\"},{\"@type\":\"Organization\",\"@id\":\"https:\/\/akum.lv\/#organization\",\"name\":\"HubEnergy\",\"url\":\"https:\/\/akum.lv\/\",\"logo\":{\"@type\":\"ImageObject\",\"inLanguage\":\"ru-RU\",\"@id\":\"https:\/\/akum.lv\/#\/schema\/logo\/image\/\",\"url\":\"https:\/\/akum.lv\/wp-content\/uploads\/2018\/08\/Logo-hub-energy-2018-seller-dark-blue.png\",\"contentUrl\":\"https:\/\/akum.lv\/wp-content\/uploads\/2018\/08\/Logo-hub-energy-2018-seller-dark-blue.png\",\"width\":381,\"height\":75,\"caption\":\"HubEnergy\"},\"image\":{\"@id\":\"https:\/\/akum.lv\/#\/schema\/logo\/image\/\"}}]}<\/script>\n<!-- \/ Yoast SEO plugin. -->","yoast_head_json":{"title":"Chargers L\u0101d\u0113t\u0101ji (taisngrie\u017ei) - www.akum.lv","robots":{"index":"index","follow":"follow","max-snippet":"max-snippet:-1","max-image-preview":"max-image-preview:large","max-video-preview":"max-video-preview:-1"},"canonical":"https:\/\/akum.lv\/prece\/ladetaji-taisngriezi\/","og_locale":"ru_RU","og_type":"article","og_title":"Chargers L\u0101d\u0113t\u0101ji (taisngrie\u017ei) - www.akum.lv","og_description":"Chargers L\u0101d\u0113t\u0101ji (taisngrie\u017ei)  Katalogs \/ \u041a\u0430\u0442\u0430\u043b\u043e\u0433 \/ Catalog - GNB_MP_Charger_brochure_EN  The importance of matching battery and charger cannot be underestimated - so when the world\u2019s leading manufacturer of Motive Power batteries dedicates years of research and development to this cause, you can be assured of the optimum in compatibility. Incorporating the latest concepts, these high frequency chargers for flooded, lithium, sealed Gel or AGM lead-acid batteries ensure reliability, safety, ease of use and optimal charging.","og_url":"https:\/\/akum.lv\/prece\/ladetaji-taisngriezi\/","og_site_name":"www.akum.lv","article_modified_time":"2021-01-14T09:37:36+00:00","og_image":[{"width":350,"height":500,"url":"https:\/\/akum.lv\/wp-content\/uploads\/2018\/09\/Charger-Exide.png","type":"image\/png"}],"twitter_card":"summary_large_image","schema":{"@context":"https:\/\/schema.org","@graph":[{"@type":"WebPage","@id":"https:\/\/akum.lv\/prece\/ladetaji-taisngriezi\/","url":"https:\/\/akum.lv\/prece\/ladetaji-taisngriezi\/","name":"Chargers L\u0101d\u0113t\u0101ji (taisngrie\u017ei) - www.akum.lv","isPartOf":{"@id":"https:\/\/akum.lv\/#website"},"primaryImageOfPage":{"@id":"https:\/\/akum.lv\/prece\/ladetaji-taisngriezi\/#primaryimage"},"image":{"@id":"https:\/\/akum.lv\/prece\/ladetaji-taisngriezi\/#primaryimage"},"thumbnailUrl":"https:\/\/akum.lv\/wp-content\/uploads\/2018\/09\/Charger-Exide.png","datePublished":"2019-07-25T10:16:23+00:00","dateModified":"2021-01-14T09:37:36+00:00","breadcrumb":{"@id":"https:\/\/akum.lv\/prece\/ladetaji-taisngriezi\/#breadcrumb"},"inLanguage":"ru-RU","potentialAction":[{"@type":"ReadAction","target":["https:\/\/akum.lv\/prece\/ladetaji-taisngriezi\/"]}]},{"@type":"ImageObject","inLanguage":"ru-RU","@id":"https:\/\/akum.lv\/prece\/ladetaji-taisngriezi\/#primaryimage","url":"https:\/\/akum.lv\/wp-content\/uploads\/2018\/09\/Charger-Exide.png","contentUrl":"https:\/\/akum.lv\/wp-content\/uploads\/2018\/09\/Charger-Exide.png","width":350,"height":500},{"@type":"BreadcrumbList","@id":"https:\/\/akum.lv\/prece\/ladetaji-taisngriezi\/#breadcrumb","itemListElement":[{"@type":"ListItem","position":1,"name":"\u0413\u043b\u0430\u0432\u043d\u0430\u044f \u0441\u0442\u0440\u0430\u043d\u0438\u0446\u0430","item":"https:\/\/akum.lv\/ru\/"},{"@type":"ListItem","position":2,"name":"PRECES","item":"https:\/\/akum.lv\/produkti-preces\/"},{"@type":"ListItem","position":3,"name":"Chargers L\u0101d\u0113t\u0101ji (taisngrie\u017ei)"}]},{"@type":"WebSite","@id":"https:\/\/akum.lv\/#website","url":"https:\/\/akum.lv\/","name":"www.akum.lv","description":"Akumulatoru p\u0101rdev\u0113js | \u041f\u0440\u043e\u0434\u0430\u0432\u0435\u0446 \u0430\u043a\u043a\u0443\u043c\u0443\u043b\u044f\u0442\u043e\u0440\u043e\u0432 | Battery seller","publisher":{"@id":"https:\/\/akum.lv\/#organization"},"potentialAction":[{"@type":"SearchAction","target":{"@type":"EntryPoint","urlTemplate":"https:\/\/akum.lv\/?s={search_term_string}"},"query-input":{"@type":"PropertyValueSpecification","valueRequired":true,"valueName":"search_term_string"}}],"inLanguage":"ru-RU"},{"@type":"Organization","@id":"https:\/\/akum.lv\/#organization","name":"HubEnergy","url":"https:\/\/akum.lv\/","logo":{"@type":"ImageObject","inLanguage":"ru-RU","@id":"https:\/\/akum.lv\/#\/schema\/logo\/image\/","url":"https:\/\/akum.lv\/wp-content\/uploads\/2018\/08\/Logo-hub-energy-2018-seller-dark-blue.png","contentUrl":"https:\/\/akum.lv\/wp-content\/uploads\/2018\/08\/Logo-hub-energy-2018-seller-dark-blue.png","width":381,"height":75,"caption":"HubEnergy"},"image":{"@id":"https:\/\/akum.lv\/#\/schema\/logo\/image\/"}}]}},"brands":[],"_links":{"self":[{"href":"https:\/\/akum.lv\/ru\/wp-json\/wp\/v2\/product\/5932","targetHints":{"allow":["GET"]}}],"collection":[{"href":"https:\/\/akum.lv\/ru\/wp-json\/wp\/v2\/product"}],"about":[{"href":"https:\/\/akum.lv\/ru\/wp-json\/wp\/v2\/types\/product"}],"wp:featuredmedia":[{"embeddable":true,"href":"https:\/\/akum.lv\/ru\/wp-json\/wp\/v2\/media\/5933"}],"wp:attachment":[{"href":"https:\/\/akum.lv\/ru\/wp-json\/wp\/v2\/media?parent=5932"}],"wp:term":[{"taxonomy":"pwb-brand","embeddable":true,"href":"https:\/\/akum.lv\/ru\/wp-json\/wp\/v2\/pwb-brand?post=5932"},{"taxonomy":"product_brand","embeddable":true,"href":"https:\/\/akum.lv\/ru\/wp-json\/wp\/v2\/product_brand?post=5932"},{"taxonomy":"product_cat","embeddable":true,"href":"https:\/\/akum.lv\/ru\/wp-json\/wp\/v2\/product_cat?post=5932"},{"taxonomy":"product_tag","embeddable":true,"href":"https:\/\/akum.lv\/ru\/wp-json\/wp\/v2\/product_tag?post=5932"}],"curies":[{"name":"wp","href":"https:\/\/api.w.org\/{rel}","templated":true}]}}