{"id":5916,"date":"2019-07-24T14:00:52","date_gmt":"2019-07-24T14:00:52","guid":{"rendered":"https:\/\/akum.lv\/veikals\/uncategorized\/epzv-gnb-sonnenschein-gel-batteries\/"},"modified":"2020-03-10T09:30:11","modified_gmt":"2020-03-10T09:30:11","slug":"epzv-gnb-sonnenschein-gel-batteries","status":"publish","type":"product","link":"https:\/\/akum.lv\/ru\/prece\/epzv-gnb-sonnenschein-gel-batteries\/","title":{"rendered":"EPzV &#8212; GNB Sonnenschein GEL batteries"},"content":{"rendered":"","protected":false},"excerpt":{"rendered":"<p><strong>EPzV &#8212; GNB Sonnenschein GEL batteries<\/strong><\/p>\n<p><strong>Katalogs \/ \u041a\u0430\u0442\u0430\u043b\u043e\u0433 \/ Catalog &#8212; <a href=\"https:\/\/akum.lv\/wp-content\/uploads\/2019\/07\/GNB_Sonnenschein_EPzV_DIN-and-BS_en.pdf\">GNB_Sonnenschein_EPzV_DIN and BS_en<\/a><\/strong><\/p>\n<p>\u0160\u012bs baterijas ir pieejamas tikai p\u0113c piepras\u012bjuma.<br \/>\nBaterijas kast\u0113, piln\u012bb\u0101 samont\u0113tas, gatavas lieto\u0161anai.<br \/>\nJ\u016bs varat ar\u012b pas\u016bt\u012bt tikai 2 V \u0161\u016bnas. Minim\u0101lais pas\u016bt\u012bjuma daudzums ir 2 V \u0161\u016bnas, 6 gab.<\/p>\n<hr \/>\n<p>\u042d\u0442\u0438 \u0431\u0430\u0442\u0430\u0440\u0435\u0438 \u0434\u043e\u0441\u0442\u0443\u043f\u043d\u044b \u0442\u043e\u043b\u044c\u043a\u043e \u043f\u043e\u0434 \u0437\u0430\u043a\u0430\u0437.<br \/>\n\u0411\u0430\u0442\u0430\u0440\u0435\u0438 \u0432 \u044f\u0449\u0438\u043a\u0435, \u043f\u043e\u043b\u043d\u043e\u0441\u0442\u044c\u044e \u0432 \u0441\u0431\u043e\u0440\u0435, \u0433\u043e\u0442\u043e\u0432\u044b \u043a \u0440\u0430\u0431\u043e\u0442\u0435.<br \/>\n\u0422\u0430\u043a\u0436\u0435 \u043c\u043e\u0436\u043d\u043e \u0437\u0430\u043a\u0430\u0437\u0430\u0442\u044c \u0442\u043e\u043b\u044c\u043a\u043e 2\u0412 \u044f\u0447\u0435\u0439\u043a\u0438. \u041c\u0438\u043d\u0438\u043c\u0430\u043b\u044c\u043d\u043e\u0435 \u043a\u043e\u043b\u0438\u0447\u0435\u0441\u0442\u0432\u043e \u0437\u0430\u043a\u0430\u0437\u0430 2\u0412 \u044f\u0447\u0435\u0435\u043a, 6 \u0448\u0442.<\/p>\n<hr \/>\n<p>These batteries are available on request only.<br \/>\nBatteries in the box, fully assembled, ready to go.<br \/>\nYou can also order only 2V cells. The minimum order quantity is 2V cells, 6 pcs.<\/p>\n<hr \/>\n<p>EPzV &#8212; DIN &amp; BS &#8212; standart<\/p>\n<p>Applications<br \/>\nThe dryfit\u00ae EPzV(-BS) series is suitable for all warehousing applications. It can be used in forklift trucks, cleaning machines and electric road vehicles. Due to its high operational safety, this model is particularly suitable for applications in the food, pharmaceutical and chemical industry.<\/p>\n","protected":false},"featured_media":5914,"template":"","meta":[],"pwb-brand":[338],"product_brand":[],"product_cat":[497],"product_tag":[499,405,390],"class_list":{"0":"post-5916","1":"product","2":"type-product","3":"status-publish","4":"has-post-thumbnail","6":"pwb-brand-exide-technologies-ru","7":"product_cat-akkumuljatory-i-zarjadnye-ustrojstva-dlja-vilochnyh-pogruzchikov","8":"product_tag-akkumuljatory-i-zarjadnye-ustrojstva-dlja-zlektro-pogruzchikov","9":"product_tag-akkumuljatory-i-zarjadnye-ustrojstva-dlja-kliningovyh-mashin","10":"product_tag-akkumuljatory-i-zarjadnye-ustrojstva-dlja-stroitelnogo-i-skladnogo-oborudovanija","12":"first","13":"instock","14":"taxable","15":"shipping-taxable","16":"product-type-simple"},"yoast_head":"<!-- This site is optimized with the Yoast SEO plugin v26.7 - https:\/\/yoast.com\/wordpress\/plugins\/seo\/ -->\n<title>EPzV - GNB Sonnenschein GEL batteries - www.akum.lv<\/title>\n<meta name=\"robots\" content=\"index, follow, max-snippet:-1, max-image-preview:large, max-video-preview:-1\" \/>\n<link rel=\"canonical\" href=\"https:\/\/akum.lv\/prece\/epzv-gnb-sonnenschein-gel-batteries\/\" \/>\n<meta property=\"og:locale\" content=\"ru_RU\" \/>\n<meta property=\"og:type\" content=\"article\" \/>\n<meta property=\"og:title\" content=\"EPzV - GNB Sonnenschein GEL batteries - www.akum.lv\" \/>\n<meta property=\"og:description\" content=\"EPzV - GNB Sonnenschein GEL batteries  Katalogs \/ \u041a\u0430\u0442\u0430\u043b\u043e\u0433 \/ Catalog - GNB_Sonnenschein_EPzV_DIN and BS_en  \u0160\u012bs baterijas ir pieejamas tikai p\u0113c piepras\u012bjuma. Baterijas kast\u0113, piln\u012bb\u0101 samont\u0113tas, gatavas lieto\u0161anai. J\u016bs varat ar\u012b pas\u016bt\u012bt tikai 2 V \u0161\u016bnas. Minim\u0101lais pas\u016bt\u012bjuma daudzums ir 2 V \u0161\u016bnas, 6 gab.    \u042d\u0442\u0438 \u0431\u0430\u0442\u0430\u0440\u0435\u0438 \u0434\u043e\u0441\u0442\u0443\u043f\u043d\u044b \u0442\u043e\u043b\u044c\u043a\u043e \u043f\u043e\u0434 \u0437\u0430\u043a\u0430\u0437. \u0411\u0430\u0442\u0430\u0440\u0435\u0438 \u0432 \u044f\u0449\u0438\u043a\u0435, \u043f\u043e\u043b\u043d\u043e\u0441\u0442\u044c\u044e \u0432 \u0441\u0431\u043e\u0440\u0435, \u0433\u043e\u0442\u043e\u0432\u044b \u043a \u0440\u0430\u0431\u043e\u0442\u0435. \u0422\u0430\u043a\u0436\u0435 \u043c\u043e\u0436\u043d\u043e \u0437\u0430\u043a\u0430\u0437\u0430\u0442\u044c \u0442\u043e\u043b\u044c\u043a\u043e 2\u0412 \u044f\u0447\u0435\u0439\u043a\u0438. \u041c\u0438\u043d\u0438\u043c\u0430\u043b\u044c\u043d\u043e\u0435 \u043a\u043e\u043b\u0438\u0447\u0435\u0441\u0442\u0432\u043e \u0437\u0430\u043a\u0430\u0437\u0430 2\u0412 \u044f\u0447\u0435\u0435\u043a, 6 \u0448\u0442.    These batteries are available on request only. Batteries in the box, fully assembled, ready to go. You can also order only 2V cells. The minimum order quantity is 2V cells, 6 pcs.    EPzV - DIN &amp; BS - standart  Applications The dryfit\u00ae EPzV(-BS) series is suitable for all warehousing applications. It can be used in forklift trucks, cleaning machines and electric road vehicles. Due to its high operational safety, this model is particularly suitable for applications in the food, pharmaceutical and chemical industry.\" \/>\n<meta property=\"og:url\" content=\"https:\/\/akum.lv\/prece\/epzv-gnb-sonnenschein-gel-batteries\/\" \/>\n<meta property=\"og:site_name\" content=\"www.akum.lv\" \/>\n<meta property=\"article:modified_time\" content=\"2020-03-10T09:30:11+00:00\" \/>\n<meta property=\"og:image\" content=\"https:\/\/akum.lv\/wp-content\/uploads\/2019\/07\/Sonnenschein_EPzV.png\" \/>\n\t<meta property=\"og:image:width\" content=\"464\" \/>\n\t<meta property=\"og:image:height\" content=\"594\" \/>\n\t<meta property=\"og:image:type\" content=\"image\/png\" \/>\n<meta name=\"twitter:card\" content=\"summary_large_image\" \/>\n<script type=\"application\/ld+json\" class=\"yoast-schema-graph\">{\"@context\":\"https:\/\/schema.org\",\"@graph\":[{\"@type\":\"WebPage\",\"@id\":\"https:\/\/akum.lv\/prece\/epzv-gnb-sonnenschein-gel-batteries\/\",\"url\":\"https:\/\/akum.lv\/prece\/epzv-gnb-sonnenschein-gel-batteries\/\",\"name\":\"EPzV - GNB Sonnenschein GEL batteries - www.akum.lv\",\"isPartOf\":{\"@id\":\"https:\/\/akum.lv\/#website\"},\"primaryImageOfPage\":{\"@id\":\"https:\/\/akum.lv\/prece\/epzv-gnb-sonnenschein-gel-batteries\/#primaryimage\"},\"image\":{\"@id\":\"https:\/\/akum.lv\/prece\/epzv-gnb-sonnenschein-gel-batteries\/#primaryimage\"},\"thumbnailUrl\":\"https:\/\/akum.lv\/wp-content\/uploads\/2019\/07\/Sonnenschein_EPzV.png\",\"datePublished\":\"2019-07-24T14:00:52+00:00\",\"dateModified\":\"2020-03-10T09:30:11+00:00\",\"breadcrumb\":{\"@id\":\"https:\/\/akum.lv\/prece\/epzv-gnb-sonnenschein-gel-batteries\/#breadcrumb\"},\"inLanguage\":\"ru-RU\",\"potentialAction\":[{\"@type\":\"ReadAction\",\"target\":[\"https:\/\/akum.lv\/prece\/epzv-gnb-sonnenschein-gel-batteries\/\"]}]},{\"@type\":\"ImageObject\",\"inLanguage\":\"ru-RU\",\"@id\":\"https:\/\/akum.lv\/prece\/epzv-gnb-sonnenschein-gel-batteries\/#primaryimage\",\"url\":\"https:\/\/akum.lv\/wp-content\/uploads\/2019\/07\/Sonnenschein_EPzV.png\",\"contentUrl\":\"https:\/\/akum.lv\/wp-content\/uploads\/2019\/07\/Sonnenschein_EPzV.png\",\"width\":464,\"height\":594},{\"@type\":\"BreadcrumbList\",\"@id\":\"https:\/\/akum.lv\/prece\/epzv-gnb-sonnenschein-gel-batteries\/#breadcrumb\",\"itemListElement\":[{\"@type\":\"ListItem\",\"position\":1,\"name\":\"\u0413\u043b\u0430\u0432\u043d\u0430\u044f \u0441\u0442\u0440\u0430\u043d\u0438\u0446\u0430\",\"item\":\"https:\/\/akum.lv\/ru\/\"},{\"@type\":\"ListItem\",\"position\":2,\"name\":\"PRECES\",\"item\":\"https:\/\/akum.lv\/produkti-preces\/\"},{\"@type\":\"ListItem\",\"position\":3,\"name\":\"EPzV &#8211; GNB Sonnenschein GEL batteries\"}]},{\"@type\":\"WebSite\",\"@id\":\"https:\/\/akum.lv\/#website\",\"url\":\"https:\/\/akum.lv\/\",\"name\":\"www.akum.lv\",\"description\":\"Akumulatoru p\u0101rdev\u0113js | \u041f\u0440\u043e\u0434\u0430\u0432\u0435\u0446 \u0430\u043a\u043a\u0443\u043c\u0443\u043b\u044f\u0442\u043e\u0440\u043e\u0432 | Battery seller\",\"publisher\":{\"@id\":\"https:\/\/akum.lv\/#organization\"},\"potentialAction\":[{\"@type\":\"SearchAction\",\"target\":{\"@type\":\"EntryPoint\",\"urlTemplate\":\"https:\/\/akum.lv\/?s={search_term_string}\"},\"query-input\":{\"@type\":\"PropertyValueSpecification\",\"valueRequired\":true,\"valueName\":\"search_term_string\"}}],\"inLanguage\":\"ru-RU\"},{\"@type\":\"Organization\",\"@id\":\"https:\/\/akum.lv\/#organization\",\"name\":\"HubEnergy\",\"url\":\"https:\/\/akum.lv\/\",\"logo\":{\"@type\":\"ImageObject\",\"inLanguage\":\"ru-RU\",\"@id\":\"https:\/\/akum.lv\/#\/schema\/logo\/image\/\",\"url\":\"https:\/\/akum.lv\/wp-content\/uploads\/2018\/08\/Logo-hub-energy-2018-seller-dark-blue.png\",\"contentUrl\":\"https:\/\/akum.lv\/wp-content\/uploads\/2018\/08\/Logo-hub-energy-2018-seller-dark-blue.png\",\"width\":381,\"height\":75,\"caption\":\"HubEnergy\"},\"image\":{\"@id\":\"https:\/\/akum.lv\/#\/schema\/logo\/image\/\"}}]}<\/script>\n<!-- \/ Yoast SEO plugin. -->","yoast_head_json":{"title":"EPzV - GNB Sonnenschein GEL batteries - www.akum.lv","robots":{"index":"index","follow":"follow","max-snippet":"max-snippet:-1","max-image-preview":"max-image-preview:large","max-video-preview":"max-video-preview:-1"},"canonical":"https:\/\/akum.lv\/prece\/epzv-gnb-sonnenschein-gel-batteries\/","og_locale":"ru_RU","og_type":"article","og_title":"EPzV - GNB Sonnenschein GEL batteries - www.akum.lv","og_description":"EPzV - GNB Sonnenschein GEL batteries  Katalogs \/ \u041a\u0430\u0442\u0430\u043b\u043e\u0433 \/ Catalog - GNB_Sonnenschein_EPzV_DIN and BS_en  \u0160\u012bs baterijas ir pieejamas tikai p\u0113c piepras\u012bjuma. Baterijas kast\u0113, piln\u012bb\u0101 samont\u0113tas, gatavas lieto\u0161anai. J\u016bs varat ar\u012b pas\u016bt\u012bt tikai 2 V \u0161\u016bnas. Minim\u0101lais pas\u016bt\u012bjuma daudzums ir 2 V \u0161\u016bnas, 6 gab.    \u042d\u0442\u0438 \u0431\u0430\u0442\u0430\u0440\u0435\u0438 \u0434\u043e\u0441\u0442\u0443\u043f\u043d\u044b \u0442\u043e\u043b\u044c\u043a\u043e \u043f\u043e\u0434 \u0437\u0430\u043a\u0430\u0437. \u0411\u0430\u0442\u0430\u0440\u0435\u0438 \u0432 \u044f\u0449\u0438\u043a\u0435, \u043f\u043e\u043b\u043d\u043e\u0441\u0442\u044c\u044e \u0432 \u0441\u0431\u043e\u0440\u0435, \u0433\u043e\u0442\u043e\u0432\u044b \u043a \u0440\u0430\u0431\u043e\u0442\u0435. \u0422\u0430\u043a\u0436\u0435 \u043c\u043e\u0436\u043d\u043e \u0437\u0430\u043a\u0430\u0437\u0430\u0442\u044c \u0442\u043e\u043b\u044c\u043a\u043e 2\u0412 \u044f\u0447\u0435\u0439\u043a\u0438. \u041c\u0438\u043d\u0438\u043c\u0430\u043b\u044c\u043d\u043e\u0435 \u043a\u043e\u043b\u0438\u0447\u0435\u0441\u0442\u0432\u043e \u0437\u0430\u043a\u0430\u0437\u0430 2\u0412 \u044f\u0447\u0435\u0435\u043a, 6 \u0448\u0442.    These batteries are available on request only. Batteries in the box, fully assembled, ready to go. You can also order only 2V cells. The minimum order quantity is 2V cells, 6 pcs.    EPzV - DIN &amp; BS - standart  Applications The dryfit\u00ae EPzV(-BS) series is suitable for all warehousing applications. It can be used in forklift trucks, cleaning machines and electric road vehicles. Due to its high operational safety, this model is particularly suitable for applications in the food, pharmaceutical and chemical industry.","og_url":"https:\/\/akum.lv\/prece\/epzv-gnb-sonnenschein-gel-batteries\/","og_site_name":"www.akum.lv","article_modified_time":"2020-03-10T09:30:11+00:00","og_image":[{"width":464,"height":594,"url":"https:\/\/akum.lv\/wp-content\/uploads\/2019\/07\/Sonnenschein_EPzV.png","type":"image\/png"}],"twitter_card":"summary_large_image","schema":{"@context":"https:\/\/schema.org","@graph":[{"@type":"WebPage","@id":"https:\/\/akum.lv\/prece\/epzv-gnb-sonnenschein-gel-batteries\/","url":"https:\/\/akum.lv\/prece\/epzv-gnb-sonnenschein-gel-batteries\/","name":"EPzV - GNB Sonnenschein GEL batteries - www.akum.lv","isPartOf":{"@id":"https:\/\/akum.lv\/#website"},"primaryImageOfPage":{"@id":"https:\/\/akum.lv\/prece\/epzv-gnb-sonnenschein-gel-batteries\/#primaryimage"},"image":{"@id":"https:\/\/akum.lv\/prece\/epzv-gnb-sonnenschein-gel-batteries\/#primaryimage"},"thumbnailUrl":"https:\/\/akum.lv\/wp-content\/uploads\/2019\/07\/Sonnenschein_EPzV.png","datePublished":"2019-07-24T14:00:52+00:00","dateModified":"2020-03-10T09:30:11+00:00","breadcrumb":{"@id":"https:\/\/akum.lv\/prece\/epzv-gnb-sonnenschein-gel-batteries\/#breadcrumb"},"inLanguage":"ru-RU","potentialAction":[{"@type":"ReadAction","target":["https:\/\/akum.lv\/prece\/epzv-gnb-sonnenschein-gel-batteries\/"]}]},{"@type":"ImageObject","inLanguage":"ru-RU","@id":"https:\/\/akum.lv\/prece\/epzv-gnb-sonnenschein-gel-batteries\/#primaryimage","url":"https:\/\/akum.lv\/wp-content\/uploads\/2019\/07\/Sonnenschein_EPzV.png","contentUrl":"https:\/\/akum.lv\/wp-content\/uploads\/2019\/07\/Sonnenschein_EPzV.png","width":464,"height":594},{"@type":"BreadcrumbList","@id":"https:\/\/akum.lv\/prece\/epzv-gnb-sonnenschein-gel-batteries\/#breadcrumb","itemListElement":[{"@type":"ListItem","position":1,"name":"\u0413\u043b\u0430\u0432\u043d\u0430\u044f \u0441\u0442\u0440\u0430\u043d\u0438\u0446\u0430","item":"https:\/\/akum.lv\/ru\/"},{"@type":"ListItem","position":2,"name":"PRECES","item":"https:\/\/akum.lv\/produkti-preces\/"},{"@type":"ListItem","position":3,"name":"EPzV &#8211; GNB Sonnenschein GEL batteries"}]},{"@type":"WebSite","@id":"https:\/\/akum.lv\/#website","url":"https:\/\/akum.lv\/","name":"www.akum.lv","description":"Akumulatoru p\u0101rdev\u0113js | \u041f\u0440\u043e\u0434\u0430\u0432\u0435\u0446 \u0430\u043a\u043a\u0443\u043c\u0443\u043b\u044f\u0442\u043e\u0440\u043e\u0432 | Battery seller","publisher":{"@id":"https:\/\/akum.lv\/#organization"},"potentialAction":[{"@type":"SearchAction","target":{"@type":"EntryPoint","urlTemplate":"https:\/\/akum.lv\/?s={search_term_string}"},"query-input":{"@type":"PropertyValueSpecification","valueRequired":true,"valueName":"search_term_string"}}],"inLanguage":"ru-RU"},{"@type":"Organization","@id":"https:\/\/akum.lv\/#organization","name":"HubEnergy","url":"https:\/\/akum.lv\/","logo":{"@type":"ImageObject","inLanguage":"ru-RU","@id":"https:\/\/akum.lv\/#\/schema\/logo\/image\/","url":"https:\/\/akum.lv\/wp-content\/uploads\/2018\/08\/Logo-hub-energy-2018-seller-dark-blue.png","contentUrl":"https:\/\/akum.lv\/wp-content\/uploads\/2018\/08\/Logo-hub-energy-2018-seller-dark-blue.png","width":381,"height":75,"caption":"HubEnergy"},"image":{"@id":"https:\/\/akum.lv\/#\/schema\/logo\/image\/"}}]}},"brands":[{"id":338,"name":"EXIDE TECHNOLOGIES","slug":"exide-technologies-ru"}],"_links":{"self":[{"href":"https:\/\/akum.lv\/ru\/wp-json\/wp\/v2\/product\/5916","targetHints":{"allow":["GET"]}}],"collection":[{"href":"https:\/\/akum.lv\/ru\/wp-json\/wp\/v2\/product"}],"about":[{"href":"https:\/\/akum.lv\/ru\/wp-json\/wp\/v2\/types\/product"}],"wp:featuredmedia":[{"embeddable":true,"href":"https:\/\/akum.lv\/ru\/wp-json\/wp\/v2\/media\/5914"}],"wp:attachment":[{"href":"https:\/\/akum.lv\/ru\/wp-json\/wp\/v2\/media?parent=5916"}],"wp:term":[{"taxonomy":"pwb-brand","embeddable":true,"href":"https:\/\/akum.lv\/ru\/wp-json\/wp\/v2\/pwb-brand?post=5916"},{"taxonomy":"product_brand","embeddable":true,"href":"https:\/\/akum.lv\/ru\/wp-json\/wp\/v2\/product_brand?post=5916"},{"taxonomy":"product_cat","embeddable":true,"href":"https:\/\/akum.lv\/ru\/wp-json\/wp\/v2\/product_cat?post=5916"},{"taxonomy":"product_tag","embeddable":true,"href":"https:\/\/akum.lv\/ru\/wp-json\/wp\/v2\/product_tag?post=5916"}],"curies":[{"name":"wp","href":"https:\/\/api.w.org\/{rel}","templated":true}]}}