{"id":4763,"date":"2019-02-12T21:21:34","date_gmt":"2019-02-12T21:21:34","guid":{"rendered":"http:\/\/akum.lv\/veikals\/uncategorized\/lead-crystal-cnfj-300-2v-300ah-special-solar-battery\/"},"modified":"2022-01-27T12:38:49","modified_gmt":"2022-01-27T12:38:49","slug":"lead-crystal-cnfj-300-2v-300ah-special-solar-battery","status":"publish","type":"product","link":"https:\/\/akum.lv\/ru\/prece\/lead-crystal-cnfj-300-2v-300ah-special-solar-battery\/","title":{"rendered":"LEAD CRYSTAL CNFJ-300 2V-300Ah Special Solar battery"},"content":{"rendered":"","protected":false},"excerpt":{"rendered":"<p>LEAD CRYSTAL CNFJ-300 2V-300Ah Special Solar battery \/ CB2-300LS (new code for CNFJ-300)<\/p>\n<p><strong>Datasheet &#8212; <a href=\"https:\/\/akum.lv\/wp-content\/uploads\/2019\/02\/CNFJ-300_2V-300Ah_for-web.pdf\">CNFJ-300_2V 300Ah_for web<\/a><\/strong><\/p>\n<p>\u0160\u012bs preces ir pieejamas tikai p\u0113c pas\u016bt\u012bjuma!<\/p>\n<p>\u042d\u0442\u0438 \u0442\u043e\u0432\u0430\u0440\u044b \u0434\u043e\u0441\u0442\u0443\u043f\u043d\u044b \u0442\u043e\u043b\u044c\u043a\u043e \u043f\u043e\u0434 \u0437\u0430\u043a\u0430\u0437!<\/p>\n","protected":false},"featured_media":4754,"template":"","meta":[],"pwb-brand":[446],"product_brand":[],"product_cat":[376,438],"product_tag":[394],"class_list":{"0":"post-4763","1":"product","2":"type-product","3":"status-publish","4":"has-post-thumbnail","6":"pwb-brand-lead-crystal-ru","7":"product_cat-agm-tehnologii-akkumuljatory-rus","8":"product_cat-agm-2v-batteries","9":"product_tag-novinki","11":"first","12":"instock","13":"taxable","14":"shipping-taxable","15":"purchasable","16":"product-type-simple"},"yoast_head":"<!-- This site is optimized with the Yoast SEO plugin v26.7 - https:\/\/yoast.com\/wordpress\/plugins\/seo\/ -->\n<title>LEAD CRYSTAL CNFJ-300 2V-300Ah Special Solar battery - www.akum.lv<\/title>\n<meta name=\"robots\" content=\"index, follow, max-snippet:-1, max-image-preview:large, max-video-preview:-1\" \/>\n<link rel=\"canonical\" href=\"https:\/\/akum.lv\/prece\/lead-crystal-cnfj-300-2v-300ah-special-solar-battery\/\" \/>\n<meta property=\"og:locale\" content=\"ru_RU\" \/>\n<meta property=\"og:type\" content=\"article\" \/>\n<meta property=\"og:title\" content=\"LEAD CRYSTAL CNFJ-300 2V-300Ah Special Solar battery - www.akum.lv\" \/>\n<meta property=\"og:description\" content=\"LEAD CRYSTAL CNFJ-300 2V-300Ah Special Solar battery \/ CB2-300LS (new code for CNFJ-300)  Datasheet - CNFJ-300_2V 300Ah_for web  \u0160\u012bs preces ir pieejamas tikai p\u0113c pas\u016bt\u012bjuma!  \u042d\u0442\u0438 \u0442\u043e\u0432\u0430\u0440\u044b \u0434\u043e\u0441\u0442\u0443\u043f\u043d\u044b \u0442\u043e\u043b\u044c\u043a\u043e \u043f\u043e\u0434 \u0437\u0430\u043a\u0430\u0437!\" \/>\n<meta property=\"og:url\" content=\"https:\/\/akum.lv\/prece\/lead-crystal-cnfj-300-2v-300ah-special-solar-battery\/\" \/>\n<meta property=\"og:site_name\" content=\"www.akum.lv\" \/>\n<meta property=\"article:modified_time\" content=\"2022-01-27T12:38:49+00:00\" \/>\n<meta property=\"og:image\" content=\"https:\/\/akum.lv\/wp-content\/uploads\/2019\/02\/Lead-Cristal-CNFJ-300.jpg\" \/>\n\t<meta property=\"og:image:width\" content=\"218\" \/>\n\t<meta property=\"og:image:height\" content=\"370\" \/>\n\t<meta property=\"og:image:type\" content=\"image\/jpeg\" \/>\n<meta name=\"twitter:card\" content=\"summary_large_image\" \/>\n<script type=\"application\/ld+json\" class=\"yoast-schema-graph\">{\"@context\":\"https:\/\/schema.org\",\"@graph\":[{\"@type\":\"WebPage\",\"@id\":\"https:\/\/akum.lv\/prece\/lead-crystal-cnfj-300-2v-300ah-special-solar-battery\/\",\"url\":\"https:\/\/akum.lv\/prece\/lead-crystal-cnfj-300-2v-300ah-special-solar-battery\/\",\"name\":\"LEAD CRYSTAL CNFJ-300 2V-300Ah Special Solar battery - www.akum.lv\",\"isPartOf\":{\"@id\":\"https:\/\/akum.lv\/#website\"},\"primaryImageOfPage\":{\"@id\":\"https:\/\/akum.lv\/prece\/lead-crystal-cnfj-300-2v-300ah-special-solar-battery\/#primaryimage\"},\"image\":{\"@id\":\"https:\/\/akum.lv\/prece\/lead-crystal-cnfj-300-2v-300ah-special-solar-battery\/#primaryimage\"},\"thumbnailUrl\":\"https:\/\/akum.lv\/wp-content\/uploads\/2019\/02\/Lead-Cristal-CNFJ-300.jpg\",\"datePublished\":\"2019-02-12T21:21:34+00:00\",\"dateModified\":\"2022-01-27T12:38:49+00:00\",\"breadcrumb\":{\"@id\":\"https:\/\/akum.lv\/prece\/lead-crystal-cnfj-300-2v-300ah-special-solar-battery\/#breadcrumb\"},\"inLanguage\":\"ru-RU\",\"potentialAction\":[{\"@type\":\"ReadAction\",\"target\":[\"https:\/\/akum.lv\/prece\/lead-crystal-cnfj-300-2v-300ah-special-solar-battery\/\"]}]},{\"@type\":\"ImageObject\",\"inLanguage\":\"ru-RU\",\"@id\":\"https:\/\/akum.lv\/prece\/lead-crystal-cnfj-300-2v-300ah-special-solar-battery\/#primaryimage\",\"url\":\"https:\/\/akum.lv\/wp-content\/uploads\/2019\/02\/Lead-Cristal-CNFJ-300.jpg\",\"contentUrl\":\"https:\/\/akum.lv\/wp-content\/uploads\/2019\/02\/Lead-Cristal-CNFJ-300.jpg\",\"width\":218,\"height\":370},{\"@type\":\"BreadcrumbList\",\"@id\":\"https:\/\/akum.lv\/prece\/lead-crystal-cnfj-300-2v-300ah-special-solar-battery\/#breadcrumb\",\"itemListElement\":[{\"@type\":\"ListItem\",\"position\":1,\"name\":\"\u0413\u043b\u0430\u0432\u043d\u0430\u044f \u0441\u0442\u0440\u0430\u043d\u0438\u0446\u0430\",\"item\":\"https:\/\/akum.lv\/ru\/\"},{\"@type\":\"ListItem\",\"position\":2,\"name\":\"PRECES\",\"item\":\"https:\/\/akum.lv\/produkti-preces\/\"},{\"@type\":\"ListItem\",\"position\":3,\"name\":\"LEAD CRYSTAL CNFJ-300 2V-300Ah Special Solar battery\"}]},{\"@type\":\"WebSite\",\"@id\":\"https:\/\/akum.lv\/#website\",\"url\":\"https:\/\/akum.lv\/\",\"name\":\"www.akum.lv\",\"description\":\"Akumulatoru p\u0101rdev\u0113js | \u041f\u0440\u043e\u0434\u0430\u0432\u0435\u0446 \u0430\u043a\u043a\u0443\u043c\u0443\u043b\u044f\u0442\u043e\u0440\u043e\u0432 | Battery seller\",\"publisher\":{\"@id\":\"https:\/\/akum.lv\/#organization\"},\"potentialAction\":[{\"@type\":\"SearchAction\",\"target\":{\"@type\":\"EntryPoint\",\"urlTemplate\":\"https:\/\/akum.lv\/?s={search_term_string}\"},\"query-input\":{\"@type\":\"PropertyValueSpecification\",\"valueRequired\":true,\"valueName\":\"search_term_string\"}}],\"inLanguage\":\"ru-RU\"},{\"@type\":\"Organization\",\"@id\":\"https:\/\/akum.lv\/#organization\",\"name\":\"HubEnergy\",\"url\":\"https:\/\/akum.lv\/\",\"logo\":{\"@type\":\"ImageObject\",\"inLanguage\":\"ru-RU\",\"@id\":\"https:\/\/akum.lv\/#\/schema\/logo\/image\/\",\"url\":\"https:\/\/akum.lv\/wp-content\/uploads\/2018\/08\/Logo-hub-energy-2018-seller-dark-blue.png\",\"contentUrl\":\"https:\/\/akum.lv\/wp-content\/uploads\/2018\/08\/Logo-hub-energy-2018-seller-dark-blue.png\",\"width\":381,\"height\":75,\"caption\":\"HubEnergy\"},\"image\":{\"@id\":\"https:\/\/akum.lv\/#\/schema\/logo\/image\/\"}}]}<\/script>\n<!-- \/ Yoast SEO plugin. -->","yoast_head_json":{"title":"LEAD CRYSTAL CNFJ-300 2V-300Ah Special Solar battery - www.akum.lv","robots":{"index":"index","follow":"follow","max-snippet":"max-snippet:-1","max-image-preview":"max-image-preview:large","max-video-preview":"max-video-preview:-1"},"canonical":"https:\/\/akum.lv\/prece\/lead-crystal-cnfj-300-2v-300ah-special-solar-battery\/","og_locale":"ru_RU","og_type":"article","og_title":"LEAD CRYSTAL CNFJ-300 2V-300Ah Special Solar battery - www.akum.lv","og_description":"LEAD CRYSTAL CNFJ-300 2V-300Ah Special Solar battery \/ CB2-300LS (new code for CNFJ-300)  Datasheet - CNFJ-300_2V 300Ah_for web  \u0160\u012bs preces ir pieejamas tikai p\u0113c pas\u016bt\u012bjuma!  \u042d\u0442\u0438 \u0442\u043e\u0432\u0430\u0440\u044b \u0434\u043e\u0441\u0442\u0443\u043f\u043d\u044b \u0442\u043e\u043b\u044c\u043a\u043e \u043f\u043e\u0434 \u0437\u0430\u043a\u0430\u0437!","og_url":"https:\/\/akum.lv\/prece\/lead-crystal-cnfj-300-2v-300ah-special-solar-battery\/","og_site_name":"www.akum.lv","article_modified_time":"2022-01-27T12:38:49+00:00","og_image":[{"width":218,"height":370,"url":"https:\/\/akum.lv\/wp-content\/uploads\/2019\/02\/Lead-Cristal-CNFJ-300.jpg","type":"image\/jpeg"}],"twitter_card":"summary_large_image","schema":{"@context":"https:\/\/schema.org","@graph":[{"@type":"WebPage","@id":"https:\/\/akum.lv\/prece\/lead-crystal-cnfj-300-2v-300ah-special-solar-battery\/","url":"https:\/\/akum.lv\/prece\/lead-crystal-cnfj-300-2v-300ah-special-solar-battery\/","name":"LEAD CRYSTAL CNFJ-300 2V-300Ah Special Solar battery - www.akum.lv","isPartOf":{"@id":"https:\/\/akum.lv\/#website"},"primaryImageOfPage":{"@id":"https:\/\/akum.lv\/prece\/lead-crystal-cnfj-300-2v-300ah-special-solar-battery\/#primaryimage"},"image":{"@id":"https:\/\/akum.lv\/prece\/lead-crystal-cnfj-300-2v-300ah-special-solar-battery\/#primaryimage"},"thumbnailUrl":"https:\/\/akum.lv\/wp-content\/uploads\/2019\/02\/Lead-Cristal-CNFJ-300.jpg","datePublished":"2019-02-12T21:21:34+00:00","dateModified":"2022-01-27T12:38:49+00:00","breadcrumb":{"@id":"https:\/\/akum.lv\/prece\/lead-crystal-cnfj-300-2v-300ah-special-solar-battery\/#breadcrumb"},"inLanguage":"ru-RU","potentialAction":[{"@type":"ReadAction","target":["https:\/\/akum.lv\/prece\/lead-crystal-cnfj-300-2v-300ah-special-solar-battery\/"]}]},{"@type":"ImageObject","inLanguage":"ru-RU","@id":"https:\/\/akum.lv\/prece\/lead-crystal-cnfj-300-2v-300ah-special-solar-battery\/#primaryimage","url":"https:\/\/akum.lv\/wp-content\/uploads\/2019\/02\/Lead-Cristal-CNFJ-300.jpg","contentUrl":"https:\/\/akum.lv\/wp-content\/uploads\/2019\/02\/Lead-Cristal-CNFJ-300.jpg","width":218,"height":370},{"@type":"BreadcrumbList","@id":"https:\/\/akum.lv\/prece\/lead-crystal-cnfj-300-2v-300ah-special-solar-battery\/#breadcrumb","itemListElement":[{"@type":"ListItem","position":1,"name":"\u0413\u043b\u0430\u0432\u043d\u0430\u044f \u0441\u0442\u0440\u0430\u043d\u0438\u0446\u0430","item":"https:\/\/akum.lv\/ru\/"},{"@type":"ListItem","position":2,"name":"PRECES","item":"https:\/\/akum.lv\/produkti-preces\/"},{"@type":"ListItem","position":3,"name":"LEAD CRYSTAL CNFJ-300 2V-300Ah Special Solar battery"}]},{"@type":"WebSite","@id":"https:\/\/akum.lv\/#website","url":"https:\/\/akum.lv\/","name":"www.akum.lv","description":"Akumulatoru p\u0101rdev\u0113js | \u041f\u0440\u043e\u0434\u0430\u0432\u0435\u0446 \u0430\u043a\u043a\u0443\u043c\u0443\u043b\u044f\u0442\u043e\u0440\u043e\u0432 | Battery seller","publisher":{"@id":"https:\/\/akum.lv\/#organization"},"potentialAction":[{"@type":"SearchAction","target":{"@type":"EntryPoint","urlTemplate":"https:\/\/akum.lv\/?s={search_term_string}"},"query-input":{"@type":"PropertyValueSpecification","valueRequired":true,"valueName":"search_term_string"}}],"inLanguage":"ru-RU"},{"@type":"Organization","@id":"https:\/\/akum.lv\/#organization","name":"HubEnergy","url":"https:\/\/akum.lv\/","logo":{"@type":"ImageObject","inLanguage":"ru-RU","@id":"https:\/\/akum.lv\/#\/schema\/logo\/image\/","url":"https:\/\/akum.lv\/wp-content\/uploads\/2018\/08\/Logo-hub-energy-2018-seller-dark-blue.png","contentUrl":"https:\/\/akum.lv\/wp-content\/uploads\/2018\/08\/Logo-hub-energy-2018-seller-dark-blue.png","width":381,"height":75,"caption":"HubEnergy"},"image":{"@id":"https:\/\/akum.lv\/#\/schema\/logo\/image\/"}}]}},"brands":[{"id":446,"name":"LEAD CRYSTAL","slug":"lead-crystal-ru"}],"_links":{"self":[{"href":"https:\/\/akum.lv\/ru\/wp-json\/wp\/v2\/product\/4763","targetHints":{"allow":["GET"]}}],"collection":[{"href":"https:\/\/akum.lv\/ru\/wp-json\/wp\/v2\/product"}],"about":[{"href":"https:\/\/akum.lv\/ru\/wp-json\/wp\/v2\/types\/product"}],"wp:featuredmedia":[{"embeddable":true,"href":"https:\/\/akum.lv\/ru\/wp-json\/wp\/v2\/media\/4754"}],"wp:attachment":[{"href":"https:\/\/akum.lv\/ru\/wp-json\/wp\/v2\/media?parent=4763"}],"wp:term":[{"taxonomy":"pwb-brand","embeddable":true,"href":"https:\/\/akum.lv\/ru\/wp-json\/wp\/v2\/pwb-brand?post=4763"},{"taxonomy":"product_brand","embeddable":true,"href":"https:\/\/akum.lv\/ru\/wp-json\/wp\/v2\/product_brand?post=4763"},{"taxonomy":"product_cat","embeddable":true,"href":"https:\/\/akum.lv\/ru\/wp-json\/wp\/v2\/product_cat?post=4763"},{"taxonomy":"product_tag","embeddable":true,"href":"https:\/\/akum.lv\/ru\/wp-json\/wp\/v2\/product_tag?post=4763"}],"curies":[{"name":"wp","href":"https:\/\/api.w.org\/{rel}","templated":true}]}}