{"id":4521,"date":"2019-02-01T15:51:52","date_gmt":"2019-02-01T15:51:52","guid":{"rendered":"http:\/\/akum.lv\/veikals\/uncategorized\/duracell-364-sr60-watche-battery-1-5v-silver-oxide-1-gab-blister\/"},"modified":"2025-06-02T11:36:47","modified_gmt":"2025-06-02T11:36:47","slug":"duracell-364-sr60-watche-battery-1-5v-silver-oxide-1-gab-blister","status":"publish","type":"product","link":"https:\/\/akum.lv\/ru\/prece\/duracell-364-sr60-watche-battery-1-5v-silver-oxide-1-gab-blister\/","title":{"rendered":"Duracell 364\/SR60 Watche battery 1,5V Silver Oxide (1 gab. Blister)"},"content":{"rendered":"","protected":false},"excerpt":{"rendered":"<p>Duracell 364\/SR60 Watche battery 1,5V Silver Oxide (1 gab. Blister)<\/p>\n<p>Minim\u0101l\u0101 pas\u016bt\u012bjuma summa 30,00 EUR + PVN<br \/>\n\u041c\u0438\u043d\u0438\u043c\u0430\u043b\u044c\u043d\u0430\u044f \u0441\u0443\u043c\u043c\u0430 \u0437\u0430\u043a\u0430\u0437\u0430 30,00 EUR + \u041d\u0414\u0421<br \/>\nMOQ amount 30,00 EUR + \u041d\u0414\u0421<\/p>\n<p>Vairumtirgot\u0101jiem m\u0113s pied\u0101v\u0101jam ar\u012b l\u012bdz\u012bgas baterijas un citus brends: <strong>MAXELL; RAYOVAC; ENERGIZER; RENATA<\/strong><br \/>\n\u0414\u043b\u044f \u043e\u043f\u0442\u043e\u0432\u044b\u0445 \u043f\u043e\u043a\u0443\u043f\u0430\u0442\u0435\u043b\u0435\u0439 \u043c\u044b \u0442\u0430\u043a\u0436\u0435 \u043f\u0440\u0435\u0434\u043b\u0430\u0433\u0430\u0435\u043c \u0430\u043a\u043a\u0443\u043c\u0443\u043b\u044f\u0442\u043e\u0440\u044b \u0430\u043d\u0430\u043b\u043e\u0433\u0438\u0447\u043d\u043e\u0433\u043e \u0442\u0438\u043f\u0430 \u0438 \u0434\u0440\u0443\u0433\u0438\u0445 \u043c\u0430\u0440\u043e\u043a: <strong>MAXELL; RAYOVAC; ENERGIZER; RENATA<\/strong><\/p>\n","protected":false},"featured_media":4625,"template":"","meta":[],"pwb-brand":[358],"product_brand":[],"product_cat":[284,427],"product_tag":[],"class_list":{"0":"post-4521","1":"product","2":"type-product","3":"status-publish","4":"has-post-thumbnail","6":"pwb-brand-duracell-ru","7":"product_cat-vse-vidy-obychnyh-batareek-i-perezarjazhaemye-batarejki","8":"product_cat-chasovye-batarejki","10":"first","11":"instock","12":"taxable","13":"shipping-taxable","14":"purchasable","15":"product-type-simple"},"yoast_head":"<!-- This site is optimized with the Yoast SEO plugin v26.7 - https:\/\/yoast.com\/wordpress\/plugins\/seo\/ -->\n<title>Duracell 364\/SR60 Watche battery 1,5V Silver Oxide (1 gab. Blister) - www.akum.lv<\/title>\n<meta name=\"robots\" content=\"index, follow, max-snippet:-1, max-image-preview:large, max-video-preview:-1\" \/>\n<link rel=\"canonical\" href=\"https:\/\/akum.lv\/ru\/prece\/duracell-364-sr60-watche-battery-1-5v-silver-oxide-1-gab-blister\/\" \/>\n<meta property=\"og:locale\" content=\"ru_RU\" \/>\n<meta property=\"og:type\" content=\"article\" \/>\n<meta property=\"og:title\" content=\"Duracell 364\/SR60 Watche battery 1,5V Silver Oxide (1 gab. Blister) - www.akum.lv\" \/>\n<meta property=\"og:description\" content=\"Duracell 364\/SR60 Watche battery 1,5V Silver Oxide (1 gab. Blister)  Minim\u0101l\u0101 pas\u016bt\u012bjuma summa 30,00 EUR + PVN \u041c\u0438\u043d\u0438\u043c\u0430\u043b\u044c\u043d\u0430\u044f \u0441\u0443\u043c\u043c\u0430 \u0437\u0430\u043a\u0430\u0437\u0430 30,00 EUR + \u041d\u0414\u0421 MOQ amount 30,00 EUR + \u041d\u0414\u0421  Vairumtirgot\u0101jiem m\u0113s pied\u0101v\u0101jam ar\u012b l\u012bdz\u012bgas baterijas un citus brends: MAXELL; RAYOVAC; ENERGIZER; RENATA \u0414\u043b\u044f \u043e\u043f\u0442\u043e\u0432\u044b\u0445 \u043f\u043e\u043a\u0443\u043f\u0430\u0442\u0435\u043b\u0435\u0439 \u043c\u044b \u0442\u0430\u043a\u0436\u0435 \u043f\u0440\u0435\u0434\u043b\u0430\u0433\u0430\u0435\u043c \u0430\u043a\u043a\u0443\u043c\u0443\u043b\u044f\u0442\u043e\u0440\u044b \u0430\u043d\u0430\u043b\u043e\u0433\u0438\u0447\u043d\u043e\u0433\u043e \u0442\u0438\u043f\u0430 \u0438 \u0434\u0440\u0443\u0433\u0438\u0445 \u043c\u0430\u0440\u043e\u043a: MAXELL; RAYOVAC; ENERGIZER; RENATA\" \/>\n<meta property=\"og:url\" content=\"https:\/\/akum.lv\/ru\/prece\/duracell-364-sr60-watche-battery-1-5v-silver-oxide-1-gab-blister\/\" \/>\n<meta property=\"og:site_name\" content=\"www.akum.lv\" \/>\n<meta property=\"article:modified_time\" content=\"2025-06-02T11:36:47+00:00\" \/>\n<meta property=\"og:image\" content=\"https:\/\/akum.lv\/wp-content\/uploads\/2019\/02\/Dur-364.jpg\" \/>\n\t<meta property=\"og:image:width\" content=\"271\" \/>\n\t<meta property=\"og:image:height\" content=\"380\" \/>\n\t<meta property=\"og:image:type\" content=\"image\/jpeg\" \/>\n<meta name=\"twitter:card\" content=\"summary_large_image\" \/>\n<meta name=\"twitter:label1\" content=\"\u041f\u0440\u0438\u043c\u0435\u0440\u043d\u043e\u0435 \u0432\u0440\u0435\u043c\u044f \u0434\u043b\u044f \u0447\u0442\u0435\u043d\u0438\u044f\" \/>\n\t<meta name=\"twitter:data1\" content=\"1 \u043c\u0438\u043d\u0443\u0442\u0430\" \/>\n<script type=\"application\/ld+json\" class=\"yoast-schema-graph\">{\"@context\":\"https:\/\/schema.org\",\"@graph\":[{\"@type\":\"WebPage\",\"@id\":\"https:\/\/akum.lv\/ru\/prece\/duracell-364-sr60-watche-battery-1-5v-silver-oxide-1-gab-blister\/\",\"url\":\"https:\/\/akum.lv\/ru\/prece\/duracell-364-sr60-watche-battery-1-5v-silver-oxide-1-gab-blister\/\",\"name\":\"Duracell 364\/SR60 Watche battery 1,5V Silver Oxide (1 gab. Blister) - www.akum.lv\",\"isPartOf\":{\"@id\":\"https:\/\/akum.lv\/#website\"},\"primaryImageOfPage\":{\"@id\":\"https:\/\/akum.lv\/ru\/prece\/duracell-364-sr60-watche-battery-1-5v-silver-oxide-1-gab-blister\/#primaryimage\"},\"image\":{\"@id\":\"https:\/\/akum.lv\/ru\/prece\/duracell-364-sr60-watche-battery-1-5v-silver-oxide-1-gab-blister\/#primaryimage\"},\"thumbnailUrl\":\"https:\/\/akum.lv\/wp-content\/uploads\/2019\/02\/Dur-364.jpg\",\"datePublished\":\"2019-02-01T15:51:52+00:00\",\"dateModified\":\"2025-06-02T11:36:47+00:00\",\"breadcrumb\":{\"@id\":\"https:\/\/akum.lv\/ru\/prece\/duracell-364-sr60-watche-battery-1-5v-silver-oxide-1-gab-blister\/#breadcrumb\"},\"inLanguage\":\"ru-RU\",\"potentialAction\":[{\"@type\":\"ReadAction\",\"target\":[\"https:\/\/akum.lv\/ru\/prece\/duracell-364-sr60-watche-battery-1-5v-silver-oxide-1-gab-blister\/\"]}]},{\"@type\":\"ImageObject\",\"inLanguage\":\"ru-RU\",\"@id\":\"https:\/\/akum.lv\/ru\/prece\/duracell-364-sr60-watche-battery-1-5v-silver-oxide-1-gab-blister\/#primaryimage\",\"url\":\"https:\/\/akum.lv\/wp-content\/uploads\/2019\/02\/Dur-364.jpg\",\"contentUrl\":\"https:\/\/akum.lv\/wp-content\/uploads\/2019\/02\/Dur-364.jpg\",\"width\":271,\"height\":380},{\"@type\":\"BreadcrumbList\",\"@id\":\"https:\/\/akum.lv\/ru\/prece\/duracell-364-sr60-watche-battery-1-5v-silver-oxide-1-gab-blister\/#breadcrumb\",\"itemListElement\":[{\"@type\":\"ListItem\",\"position\":1,\"name\":\"\u0413\u043b\u0430\u0432\u043d\u0430\u044f \u0441\u0442\u0440\u0430\u043d\u0438\u0446\u0430\",\"item\":\"https:\/\/akum.lv\/ru\/\"},{\"@type\":\"ListItem\",\"position\":2,\"name\":\"PRECES\",\"item\":\"https:\/\/akum.lv\/produkti-preces\/\"},{\"@type\":\"ListItem\",\"position\":3,\"name\":\"Duracell 364\/SR60 Watche battery 1,5V Silver Oxide (1 gab. Blister)\"}]},{\"@type\":\"WebSite\",\"@id\":\"https:\/\/akum.lv\/#website\",\"url\":\"https:\/\/akum.lv\/\",\"name\":\"www.akum.lv\",\"description\":\"Akumulatoru p\u0101rdev\u0113js | \u041f\u0440\u043e\u0434\u0430\u0432\u0435\u0446 \u0430\u043a\u043a\u0443\u043c\u0443\u043b\u044f\u0442\u043e\u0440\u043e\u0432 | Battery seller\",\"publisher\":{\"@id\":\"https:\/\/akum.lv\/#organization\"},\"potentialAction\":[{\"@type\":\"SearchAction\",\"target\":{\"@type\":\"EntryPoint\",\"urlTemplate\":\"https:\/\/akum.lv\/?s={search_term_string}\"},\"query-input\":{\"@type\":\"PropertyValueSpecification\",\"valueRequired\":true,\"valueName\":\"search_term_string\"}}],\"inLanguage\":\"ru-RU\"},{\"@type\":\"Organization\",\"@id\":\"https:\/\/akum.lv\/#organization\",\"name\":\"HubEnergy\",\"url\":\"https:\/\/akum.lv\/\",\"logo\":{\"@type\":\"ImageObject\",\"inLanguage\":\"ru-RU\",\"@id\":\"https:\/\/akum.lv\/#\/schema\/logo\/image\/\",\"url\":\"https:\/\/akum.lv\/wp-content\/uploads\/2018\/08\/Logo-hub-energy-2018-seller-dark-blue.png\",\"contentUrl\":\"https:\/\/akum.lv\/wp-content\/uploads\/2018\/08\/Logo-hub-energy-2018-seller-dark-blue.png\",\"width\":381,\"height\":75,\"caption\":\"HubEnergy\"},\"image\":{\"@id\":\"https:\/\/akum.lv\/#\/schema\/logo\/image\/\"}}]}<\/script>\n<!-- \/ Yoast SEO plugin. -->","yoast_head_json":{"title":"Duracell 364\/SR60 Watche battery 1,5V Silver Oxide (1 gab. Blister) - www.akum.lv","robots":{"index":"index","follow":"follow","max-snippet":"max-snippet:-1","max-image-preview":"max-image-preview:large","max-video-preview":"max-video-preview:-1"},"canonical":"https:\/\/akum.lv\/ru\/prece\/duracell-364-sr60-watche-battery-1-5v-silver-oxide-1-gab-blister\/","og_locale":"ru_RU","og_type":"article","og_title":"Duracell 364\/SR60 Watche battery 1,5V Silver Oxide (1 gab. Blister) - www.akum.lv","og_description":"Duracell 364\/SR60 Watche battery 1,5V Silver Oxide (1 gab. Blister)  Minim\u0101l\u0101 pas\u016bt\u012bjuma summa 30,00 EUR + PVN \u041c\u0438\u043d\u0438\u043c\u0430\u043b\u044c\u043d\u0430\u044f \u0441\u0443\u043c\u043c\u0430 \u0437\u0430\u043a\u0430\u0437\u0430 30,00 EUR + \u041d\u0414\u0421 MOQ amount 30,00 EUR + \u041d\u0414\u0421  Vairumtirgot\u0101jiem m\u0113s pied\u0101v\u0101jam ar\u012b l\u012bdz\u012bgas baterijas un citus brends: MAXELL; RAYOVAC; ENERGIZER; RENATA \u0414\u043b\u044f \u043e\u043f\u0442\u043e\u0432\u044b\u0445 \u043f\u043e\u043a\u0443\u043f\u0430\u0442\u0435\u043b\u0435\u0439 \u043c\u044b \u0442\u0430\u043a\u0436\u0435 \u043f\u0440\u0435\u0434\u043b\u0430\u0433\u0430\u0435\u043c \u0430\u043a\u043a\u0443\u043c\u0443\u043b\u044f\u0442\u043e\u0440\u044b \u0430\u043d\u0430\u043b\u043e\u0433\u0438\u0447\u043d\u043e\u0433\u043e \u0442\u0438\u043f\u0430 \u0438 \u0434\u0440\u0443\u0433\u0438\u0445 \u043c\u0430\u0440\u043e\u043a: MAXELL; RAYOVAC; ENERGIZER; RENATA","og_url":"https:\/\/akum.lv\/ru\/prece\/duracell-364-sr60-watche-battery-1-5v-silver-oxide-1-gab-blister\/","og_site_name":"www.akum.lv","article_modified_time":"2025-06-02T11:36:47+00:00","og_image":[{"width":271,"height":380,"url":"https:\/\/akum.lv\/wp-content\/uploads\/2019\/02\/Dur-364.jpg","type":"image\/jpeg"}],"twitter_card":"summary_large_image","twitter_misc":{"\u041f\u0440\u0438\u043c\u0435\u0440\u043d\u043e\u0435 \u0432\u0440\u0435\u043c\u044f \u0434\u043b\u044f \u0447\u0442\u0435\u043d\u0438\u044f":"1 \u043c\u0438\u043d\u0443\u0442\u0430"},"schema":{"@context":"https:\/\/schema.org","@graph":[{"@type":"WebPage","@id":"https:\/\/akum.lv\/ru\/prece\/duracell-364-sr60-watche-battery-1-5v-silver-oxide-1-gab-blister\/","url":"https:\/\/akum.lv\/ru\/prece\/duracell-364-sr60-watche-battery-1-5v-silver-oxide-1-gab-blister\/","name":"Duracell 364\/SR60 Watche battery 1,5V Silver Oxide (1 gab. Blister) - www.akum.lv","isPartOf":{"@id":"https:\/\/akum.lv\/#website"},"primaryImageOfPage":{"@id":"https:\/\/akum.lv\/ru\/prece\/duracell-364-sr60-watche-battery-1-5v-silver-oxide-1-gab-blister\/#primaryimage"},"image":{"@id":"https:\/\/akum.lv\/ru\/prece\/duracell-364-sr60-watche-battery-1-5v-silver-oxide-1-gab-blister\/#primaryimage"},"thumbnailUrl":"https:\/\/akum.lv\/wp-content\/uploads\/2019\/02\/Dur-364.jpg","datePublished":"2019-02-01T15:51:52+00:00","dateModified":"2025-06-02T11:36:47+00:00","breadcrumb":{"@id":"https:\/\/akum.lv\/ru\/prece\/duracell-364-sr60-watche-battery-1-5v-silver-oxide-1-gab-blister\/#breadcrumb"},"inLanguage":"ru-RU","potentialAction":[{"@type":"ReadAction","target":["https:\/\/akum.lv\/ru\/prece\/duracell-364-sr60-watche-battery-1-5v-silver-oxide-1-gab-blister\/"]}]},{"@type":"ImageObject","inLanguage":"ru-RU","@id":"https:\/\/akum.lv\/ru\/prece\/duracell-364-sr60-watche-battery-1-5v-silver-oxide-1-gab-blister\/#primaryimage","url":"https:\/\/akum.lv\/wp-content\/uploads\/2019\/02\/Dur-364.jpg","contentUrl":"https:\/\/akum.lv\/wp-content\/uploads\/2019\/02\/Dur-364.jpg","width":271,"height":380},{"@type":"BreadcrumbList","@id":"https:\/\/akum.lv\/ru\/prece\/duracell-364-sr60-watche-battery-1-5v-silver-oxide-1-gab-blister\/#breadcrumb","itemListElement":[{"@type":"ListItem","position":1,"name":"\u0413\u043b\u0430\u0432\u043d\u0430\u044f \u0441\u0442\u0440\u0430\u043d\u0438\u0446\u0430","item":"https:\/\/akum.lv\/ru\/"},{"@type":"ListItem","position":2,"name":"PRECES","item":"https:\/\/akum.lv\/produkti-preces\/"},{"@type":"ListItem","position":3,"name":"Duracell 364\/SR60 Watche battery 1,5V Silver Oxide (1 gab. Blister)"}]},{"@type":"WebSite","@id":"https:\/\/akum.lv\/#website","url":"https:\/\/akum.lv\/","name":"www.akum.lv","description":"Akumulatoru p\u0101rdev\u0113js | \u041f\u0440\u043e\u0434\u0430\u0432\u0435\u0446 \u0430\u043a\u043a\u0443\u043c\u0443\u043b\u044f\u0442\u043e\u0440\u043e\u0432 | Battery seller","publisher":{"@id":"https:\/\/akum.lv\/#organization"},"potentialAction":[{"@type":"SearchAction","target":{"@type":"EntryPoint","urlTemplate":"https:\/\/akum.lv\/?s={search_term_string}"},"query-input":{"@type":"PropertyValueSpecification","valueRequired":true,"valueName":"search_term_string"}}],"inLanguage":"ru-RU"},{"@type":"Organization","@id":"https:\/\/akum.lv\/#organization","name":"HubEnergy","url":"https:\/\/akum.lv\/","logo":{"@type":"ImageObject","inLanguage":"ru-RU","@id":"https:\/\/akum.lv\/#\/schema\/logo\/image\/","url":"https:\/\/akum.lv\/wp-content\/uploads\/2018\/08\/Logo-hub-energy-2018-seller-dark-blue.png","contentUrl":"https:\/\/akum.lv\/wp-content\/uploads\/2018\/08\/Logo-hub-energy-2018-seller-dark-blue.png","width":381,"height":75,"caption":"HubEnergy"},"image":{"@id":"https:\/\/akum.lv\/#\/schema\/logo\/image\/"}}]}},"brands":[{"id":358,"name":"DURACELL","slug":"duracell-ru"}],"_links":{"self":[{"href":"https:\/\/akum.lv\/ru\/wp-json\/wp\/v2\/product\/4521","targetHints":{"allow":["GET"]}}],"collection":[{"href":"https:\/\/akum.lv\/ru\/wp-json\/wp\/v2\/product"}],"about":[{"href":"https:\/\/akum.lv\/ru\/wp-json\/wp\/v2\/types\/product"}],"wp:featuredmedia":[{"embeddable":true,"href":"https:\/\/akum.lv\/ru\/wp-json\/wp\/v2\/media\/4625"}],"wp:attachment":[{"href":"https:\/\/akum.lv\/ru\/wp-json\/wp\/v2\/media?parent=4521"}],"wp:term":[{"taxonomy":"pwb-brand","embeddable":true,"href":"https:\/\/akum.lv\/ru\/wp-json\/wp\/v2\/pwb-brand?post=4521"},{"taxonomy":"product_brand","embeddable":true,"href":"https:\/\/akum.lv\/ru\/wp-json\/wp\/v2\/product_brand?post=4521"},{"taxonomy":"product_cat","embeddable":true,"href":"https:\/\/akum.lv\/ru\/wp-json\/wp\/v2\/product_cat?post=4521"},{"taxonomy":"product_tag","embeddable":true,"href":"https:\/\/akum.lv\/ru\/wp-json\/wp\/v2\/product_tag?post=4521"}],"curies":[{"name":"wp","href":"https:\/\/api.w.org\/{rel}","templated":true}]}}