{"id":18432,"date":"2026-04-20T11:59:37","date_gmt":"2026-04-20T11:59:37","guid":{"rendered":"https:\/\/akum.lv\/?post_type=product&#038;p=18432"},"modified":"2026-04-20T12:06:11","modified_gmt":"2026-04-20T12:06:11","slug":"12-8v-140ah-lifepo4-ej-technology-ej12140hbt-lithium-battery-1792wh-l306-w168-h215","status":"publish","type":"product","link":"https:\/\/akum.lv\/ru\/prece\/12-8v-140ah-lifepo4-ej-technology-ej12140hbt-lithium-battery-1792wh-l306-w168-h215\/","title":{"rendered":"12.8V-140Ah LiFePO4 E&#038;J Technology EJ12140HBT | Lithium battery (1792Wh) L306 W168 H215"},"content":{"rendered":"","protected":false},"excerpt":{"rendered":"<p>12.8V-140Ah Lithium battery L&amp;J Technology EJ12140HBT LiFePO4 (1792Wh) L306 W168 H215<\/p>\n<p><img loading=\"lazy\" decoding=\"async\" class=\"alignnone size-full wp-image-11436\" src=\"https:\/\/akum.lv\/wp-content\/uploads\/2021\/12\/pdf-icon.png\" alt=\"\" width=\"50\" height=\"50\" \/> <strong>&#8212; <a href=\"https:\/\/akum.lv\/wp-content\/uploads\/2026\/04\/ej12140hbt.pdf\">EJ12140HBT<\/a><\/strong><\/p>\n<p><strong>with Bluetooth and Heating<\/strong><\/p>\n<p>Akumulatoram ir izejas piesl\u0113g\u0161anai<br \/>\n\u0411\u0430\u0442\u0430\u0440\u0435\u044f \u0438\u043c\u0435\u0435\u0442 \u0432\u044b\u0445\u043e\u0434\u044b \u0434\u043b\u044f \u043f\u043e\u0434\u043a\u043b\u044e\u0447\u0435\u043d\u0438\u044f<br \/>\nThe battery has outputs for connection<br \/>\n<strong>VE.Can \/ NMEA 2000 (N2K)<\/strong><\/p>\n<p><strong>VE.Can ir<\/strong> &#8212; Victron Energy patent\u0113ts protokols. Tas ir nepiecie\u0161ams, lai akumulators var\u0113tu tie\u0161i &#171;sazin\u0101ties&#187; ar Victron iek\u0101rt\u0101m (invertoriem, GX kontrolieriem), sniedzot prec\u012bzus datus par savu st\u0101vokli.<br \/>\n<strong>NMEA 2000 (N2K)<\/strong> &#8212; ir starptautisks j\u016bras elektronikas standarts. Tas \u013cauj akumulatoram p\u0101rs\u016bt\u012bt datus (uzl\u0101des l\u012bmeni, spriegumu) uz jebkura z\u012bmola (Garmin, Simrad, Lowrance u.c.) kar\u0161u uztv\u0113r\u0113jiem un displejiem, izmantojot ku\u0123a kop\u0113jo t\u012bklu.<\/p>\n<p><strong>VE.Can<\/strong>\u00a0\u2014 \u044d\u0442\u043e \u0437\u0430\u043a\u0440\u044b\u0442\u044b\u0439 \u043f\u0440\u043e\u0442\u043e\u043a\u043e\u043b \u043a\u043e\u043c\u043f\u0430\u043d\u0438\u0438\u00a0Victron Energy. \u041e\u043d \u043d\u0443\u0436\u0435\u043d \u0434\u043b\u044f \u0442\u043e\u0433\u043e, \u0447\u0442\u043e\u0431\u044b \u0431\u0430\u0442\u0430\u0440\u0435\u044f \u043c\u043e\u0433\u043b\u0430 \u00ab\u043e\u0431\u0449\u0430\u0442\u044c\u0441\u044f\u00bb \u043d\u0430\u043f\u0440\u044f\u043c\u0443\u044e \u0441 \u043e\u0431\u043e\u0440\u0443\u0434\u043e\u0432\u0430\u043d\u0438\u0435\u043c Victron (\u0438\u043d\u0432\u0435\u0440\u0442\u043e\u0440\u0430\u043c\u0438, \u043a\u043e\u043d\u0442\u0440\u043e\u043b\u043b\u0435\u0440\u0430\u043c\u0438 GX), \u043f\u0435\u0440\u0435\u0434\u0430\u0432\u0430\u044f \u0438\u043c \u0442\u043e\u0447\u043d\u044b\u0435 \u0434\u0430\u043d\u043d\u044b\u0435 \u043e \u0441\u0432\u043e\u0435\u043c \u0441\u043e\u0441\u0442\u043e\u044f\u043d\u0438\u0438.<br \/>\n<strong>NMEA 2000 (N2K)<\/strong>\u00a0\u2014 \u044d\u0442\u043e \u043c\u0435\u0436\u0434\u0443\u043d\u0430\u0440\u043e\u0434\u043d\u044b\u0439 \u0441\u0442\u0430\u043d\u0434\u0430\u0440\u0442 \u0434\u043b\u044f\u00a0\u043c\u043e\u0440\u0441\u043a\u043e\u0439 \u044d\u043b\u0435\u043a\u0442\u0440\u043e\u043d\u0438\u043a\u0438. \u041e\u043d \u043f\u043e\u0437\u0432\u043e\u043b\u044f\u0435\u0442 \u0431\u0430\u0442\u0430\u0440\u0435\u0435 \u043f\u0435\u0440\u0435\u0434\u0430\u0432\u0430\u0442\u044c \u0434\u0430\u043d\u043d\u044b\u0435 (\u0443\u0440\u043e\u0432\u0435\u043d\u044c \u0437\u0430\u0440\u044f\u0434\u0430, \u043d\u0430\u043f\u0440\u044f\u0436\u0435\u043d\u0438\u0435) \u043d\u0430 \u043a\u0430\u0440\u0442\u043f\u043b\u043e\u0442\u0442\u0435\u0440\u044b \u0438 \u0434\u0438\u0441\u043f\u043b\u0435\u0438 \u043b\u044e\u0431\u044b\u0445 \u0431\u0440\u0435\u043d\u0434\u043e\u0432 (Garmin, Simrad, Lowrance \u0438 \u0434\u0440.) \u043f\u043e \u043e\u0431\u0449\u0435\u0439 \u0441\u0435\u0442\u0438 \u0441\u0443\u0434\u043d\u0430.<\/p>\n<p><strong>VE.Can<\/strong> &#8212; is a proprietary protocol by Victron Energy. It allows the battery to &#171;communicate&#187; directly with Victron equipment (inverters, GX controllers) by providing accurate data on its status.<br \/>\n<strong>NMEA 2000 (N2K)<\/strong> &#8212; is an international standard for marine electronics. It enables the battery to transmit data (state of charge, voltage) to chartplotters and displays of any brand (Garmin, Simrad, Lowrance, etc.) over the vessel&#8217;s common network.<\/p>\n<p>&nbsp;<\/p>\n<p>&nbsp;<\/p>\n","protected":false},"featured_media":18430,"template":"","meta":[],"pwb-brand":[864],"product_brand":[],"product_cat":[639,488,270,272,273,267],"product_tag":[],"class_list":{"0":"post-18432","1":"product","2":"type-product","3":"status-publish","4":"has-post-thumbnail","6":"pwb-brand-ej-technology-batteries-bms","7":"product_cat-lifepo4-lithium-batteries","8":"product_cat-green-energy","9":"product_cat-akkumuljatory-dlja-vodnogo-transporta","10":"product_cat-akumulatori-laivu-elektromotoriem-eholotei","11":"product_cat-akkumuljatory-dlja-jaht-i-katerov","12":"product_cat-akumulatori-elektro-transportam","14":"first","15":"instock","16":"taxable","17":"shipping-taxable","18":"purchasable","19":"product-type-simple"},"yoast_head":"<!-- This site is optimized with the Yoast SEO plugin v26.7 - https:\/\/yoast.com\/wordpress\/plugins\/seo\/ -->\n<title>12.8V-140Ah LiFePO4 E&amp;J Technology EJ12140HBT | Lithium battery (1792Wh) L306 W168 H215 - www.akum.lv<\/title>\n<meta name=\"robots\" content=\"index, follow, max-snippet:-1, max-image-preview:large, max-video-preview:-1\" \/>\n<link rel=\"canonical\" href=\"https:\/\/akum.lv\/ru\/prece\/12-8v-140ah-lifepo4-ej-technology-ej12140hbt-lithium-battery-1792wh-l306-w168-h215\/\" \/>\n<meta property=\"og:locale\" content=\"ru_RU\" \/>\n<meta property=\"og:type\" content=\"article\" \/>\n<meta property=\"og:title\" content=\"12.8V-140Ah LiFePO4 E&amp;J Technology EJ12140HBT | Lithium battery (1792Wh) L306 W168 H215 - www.akum.lv\" \/>\n<meta property=\"og:description\" content=\"12.8V-140Ah Lithium battery L&amp;J Technology EJ12140HBT LiFePO4 (1792Wh) L306 W168 H215   - EJ12140HBT  with Bluetooth and Heating  Akumulatoram ir izejas piesl\u0113g\u0161anai \u0411\u0430\u0442\u0430\u0440\u0435\u044f \u0438\u043c\u0435\u0435\u0442 \u0432\u044b\u0445\u043e\u0434\u044b \u0434\u043b\u044f \u043f\u043e\u0434\u043a\u043b\u044e\u0447\u0435\u043d\u0438\u044f The battery has outputs for connection VE.Can \/ NMEA 2000 (N2K)  VE.Can ir - Victron Energy patent\u0113ts protokols. Tas ir nepiecie\u0161ams, lai akumulators var\u0113tu tie\u0161i &quot;sazin\u0101ties&quot; ar Victron iek\u0101rt\u0101m (invertoriem, GX kontrolieriem), sniedzot prec\u012bzus datus par savu st\u0101vokli. NMEA 2000 (N2K) - ir starptautisks j\u016bras elektronikas standarts. Tas \u013cauj akumulatoram p\u0101rs\u016bt\u012bt datus (uzl\u0101des l\u012bmeni, spriegumu) uz jebkura z\u012bmola (Garmin, Simrad, Lowrance u.c.) kar\u0161u uztv\u0113r\u0113jiem un displejiem, izmantojot ku\u0123a kop\u0113jo t\u012bklu.  VE.Can\u00a0\u2014 \u044d\u0442\u043e \u0437\u0430\u043a\u0440\u044b\u0442\u044b\u0439 \u043f\u0440\u043e\u0442\u043e\u043a\u043e\u043b \u043a\u043e\u043c\u043f\u0430\u043d\u0438\u0438\u00a0Victron Energy. \u041e\u043d \u043d\u0443\u0436\u0435\u043d \u0434\u043b\u044f \u0442\u043e\u0433\u043e, \u0447\u0442\u043e\u0431\u044b \u0431\u0430\u0442\u0430\u0440\u0435\u044f \u043c\u043e\u0433\u043b\u0430 \u00ab\u043e\u0431\u0449\u0430\u0442\u044c\u0441\u044f\u00bb \u043d\u0430\u043f\u0440\u044f\u043c\u0443\u044e \u0441 \u043e\u0431\u043e\u0440\u0443\u0434\u043e\u0432\u0430\u043d\u0438\u0435\u043c Victron (\u0438\u043d\u0432\u0435\u0440\u0442\u043e\u0440\u0430\u043c\u0438, \u043a\u043e\u043d\u0442\u0440\u043e\u043b\u043b\u0435\u0440\u0430\u043c\u0438 GX), \u043f\u0435\u0440\u0435\u0434\u0430\u0432\u0430\u044f \u0438\u043c \u0442\u043e\u0447\u043d\u044b\u0435 \u0434\u0430\u043d\u043d\u044b\u0435 \u043e \u0441\u0432\u043e\u0435\u043c \u0441\u043e\u0441\u0442\u043e\u044f\u043d\u0438\u0438. NMEA 2000 (N2K)\u00a0\u2014 \u044d\u0442\u043e \u043c\u0435\u0436\u0434\u0443\u043d\u0430\u0440\u043e\u0434\u043d\u044b\u0439 \u0441\u0442\u0430\u043d\u0434\u0430\u0440\u0442 \u0434\u043b\u044f\u00a0\u043c\u043e\u0440\u0441\u043a\u043e\u0439 \u044d\u043b\u0435\u043a\u0442\u0440\u043e\u043d\u0438\u043a\u0438. \u041e\u043d \u043f\u043e\u0437\u0432\u043e\u043b\u044f\u0435\u0442 \u0431\u0430\u0442\u0430\u0440\u0435\u0435 \u043f\u0435\u0440\u0435\u0434\u0430\u0432\u0430\u0442\u044c \u0434\u0430\u043d\u043d\u044b\u0435 (\u0443\u0440\u043e\u0432\u0435\u043d\u044c \u0437\u0430\u0440\u044f\u0434\u0430, \u043d\u0430\u043f\u0440\u044f\u0436\u0435\u043d\u0438\u0435) \u043d\u0430 \u043a\u0430\u0440\u0442\u043f\u043b\u043e\u0442\u0442\u0435\u0440\u044b \u0438 \u0434\u0438\u0441\u043f\u043b\u0435\u0438 \u043b\u044e\u0431\u044b\u0445 \u0431\u0440\u0435\u043d\u0434\u043e\u0432 (Garmin, Simrad, Lowrance \u0438 \u0434\u0440.) \u043f\u043e \u043e\u0431\u0449\u0435\u0439 \u0441\u0435\u0442\u0438 \u0441\u0443\u0434\u043d\u0430.  VE.Can - is a proprietary protocol by Victron Energy. It allows the battery to &quot;communicate&quot; directly with Victron equipment (inverters, GX controllers) by providing accurate data on its status. NMEA 2000 (N2K) - is an international standard for marine electronics. It enables the battery to transmit data (state of charge, voltage) to chartplotters and displays of any brand (Garmin, Simrad, Lowrance, etc.) over the vessel&#039;s common network.  &nbsp;  &nbsp;\" \/>\n<meta property=\"og:url\" content=\"https:\/\/akum.lv\/ru\/prece\/12-8v-140ah-lifepo4-ej-technology-ej12140hbt-lithium-battery-1792wh-l306-w168-h215\/\" \/>\n<meta property=\"og:site_name\" content=\"www.akum.lv\" \/>\n<meta property=\"article:modified_time\" content=\"2026-04-20T12:06:11+00:00\" \/>\n<meta property=\"og:image\" content=\"https:\/\/akum.lv\/wp-content\/uploads\/2026\/04\/ej12140hbt_12.8v-140ah.jpg\" \/>\n\t<meta property=\"og:image:width\" content=\"450\" \/>\n\t<meta property=\"og:image:height\" content=\"371\" \/>\n\t<meta property=\"og:image:type\" content=\"image\/jpeg\" \/>\n<meta name=\"twitter:card\" content=\"summary_large_image\" \/>\n<meta name=\"twitter:label1\" content=\"\u041f\u0440\u0438\u043c\u0435\u0440\u043d\u043e\u0435 \u0432\u0440\u0435\u043c\u044f \u0434\u043b\u044f \u0447\u0442\u0435\u043d\u0438\u044f\" \/>\n\t<meta name=\"twitter:data1\" content=\"1 \u043c\u0438\u043d\u0443\u0442\u0430\" \/>\n<script type=\"application\/ld+json\" class=\"yoast-schema-graph\">{\"@context\":\"https:\/\/schema.org\",\"@graph\":[{\"@type\":\"WebPage\",\"@id\":\"https:\/\/akum.lv\/ru\/prece\/12-8v-140ah-lifepo4-ej-technology-ej12140hbt-lithium-battery-1792wh-l306-w168-h215\/\",\"url\":\"https:\/\/akum.lv\/ru\/prece\/12-8v-140ah-lifepo4-ej-technology-ej12140hbt-lithium-battery-1792wh-l306-w168-h215\/\",\"name\":\"12.8V-140Ah LiFePO4 E&J Technology EJ12140HBT | Lithium battery (1792Wh) L306 W168 H215 - www.akum.lv\",\"isPartOf\":{\"@id\":\"https:\/\/akum.lv\/#website\"},\"primaryImageOfPage\":{\"@id\":\"https:\/\/akum.lv\/ru\/prece\/12-8v-140ah-lifepo4-ej-technology-ej12140hbt-lithium-battery-1792wh-l306-w168-h215\/#primaryimage\"},\"image\":{\"@id\":\"https:\/\/akum.lv\/ru\/prece\/12-8v-140ah-lifepo4-ej-technology-ej12140hbt-lithium-battery-1792wh-l306-w168-h215\/#primaryimage\"},\"thumbnailUrl\":\"https:\/\/akum.lv\/wp-content\/uploads\/2026\/04\/ej12140hbt_12.8v-140ah.jpg\",\"datePublished\":\"2026-04-20T11:59:37+00:00\",\"dateModified\":\"2026-04-20T12:06:11+00:00\",\"breadcrumb\":{\"@id\":\"https:\/\/akum.lv\/ru\/prece\/12-8v-140ah-lifepo4-ej-technology-ej12140hbt-lithium-battery-1792wh-l306-w168-h215\/#breadcrumb\"},\"inLanguage\":\"ru-RU\",\"potentialAction\":[{\"@type\":\"ReadAction\",\"target\":[\"https:\/\/akum.lv\/ru\/prece\/12-8v-140ah-lifepo4-ej-technology-ej12140hbt-lithium-battery-1792wh-l306-w168-h215\/\"]}]},{\"@type\":\"ImageObject\",\"inLanguage\":\"ru-RU\",\"@id\":\"https:\/\/akum.lv\/ru\/prece\/12-8v-140ah-lifepo4-ej-technology-ej12140hbt-lithium-battery-1792wh-l306-w168-h215\/#primaryimage\",\"url\":\"https:\/\/akum.lv\/wp-content\/uploads\/2026\/04\/ej12140hbt_12.8v-140ah.jpg\",\"contentUrl\":\"https:\/\/akum.lv\/wp-content\/uploads\/2026\/04\/ej12140hbt_12.8v-140ah.jpg\",\"width\":450,\"height\":371},{\"@type\":\"BreadcrumbList\",\"@id\":\"https:\/\/akum.lv\/ru\/prece\/12-8v-140ah-lifepo4-ej-technology-ej12140hbt-lithium-battery-1792wh-l306-w168-h215\/#breadcrumb\",\"itemListElement\":[{\"@type\":\"ListItem\",\"position\":1,\"name\":\"\u0413\u043b\u0430\u0432\u043d\u0430\u044f \u0441\u0442\u0440\u0430\u043d\u0438\u0446\u0430\",\"item\":\"https:\/\/akum.lv\/ru\/\"},{\"@type\":\"ListItem\",\"position\":2,\"name\":\"PRECES\",\"item\":\"https:\/\/akum.lv\/produkti-preces\/\"},{\"@type\":\"ListItem\",\"position\":3,\"name\":\"12.8V-140Ah LiFePO4 E&#038;J Technology EJ12140HBT | Lithium battery (1792Wh) L306 W168 H215\"}]},{\"@type\":\"WebSite\",\"@id\":\"https:\/\/akum.lv\/#website\",\"url\":\"https:\/\/akum.lv\/\",\"name\":\"www.akum.lv\",\"description\":\"Akumulatoru p\u0101rdev\u0113js | \u041f\u0440\u043e\u0434\u0430\u0432\u0435\u0446 \u0430\u043a\u043a\u0443\u043c\u0443\u043b\u044f\u0442\u043e\u0440\u043e\u0432 | Battery seller\",\"publisher\":{\"@id\":\"https:\/\/akum.lv\/#organization\"},\"potentialAction\":[{\"@type\":\"SearchAction\",\"target\":{\"@type\":\"EntryPoint\",\"urlTemplate\":\"https:\/\/akum.lv\/?s={search_term_string}\"},\"query-input\":{\"@type\":\"PropertyValueSpecification\",\"valueRequired\":true,\"valueName\":\"search_term_string\"}}],\"inLanguage\":\"ru-RU\"},{\"@type\":\"Organization\",\"@id\":\"https:\/\/akum.lv\/#organization\",\"name\":\"HubEnergy\",\"url\":\"https:\/\/akum.lv\/\",\"logo\":{\"@type\":\"ImageObject\",\"inLanguage\":\"ru-RU\",\"@id\":\"https:\/\/akum.lv\/#\/schema\/logo\/image\/\",\"url\":\"https:\/\/akum.lv\/wp-content\/uploads\/2018\/08\/Logo-hub-energy-2018-seller-dark-blue.png\",\"contentUrl\":\"https:\/\/akum.lv\/wp-content\/uploads\/2018\/08\/Logo-hub-energy-2018-seller-dark-blue.png\",\"width\":381,\"height\":75,\"caption\":\"HubEnergy\"},\"image\":{\"@id\":\"https:\/\/akum.lv\/#\/schema\/logo\/image\/\"}}]}<\/script>\n<!-- \/ Yoast SEO plugin. -->","yoast_head_json":{"title":"12.8V-140Ah LiFePO4 E&J Technology EJ12140HBT | Lithium battery (1792Wh) L306 W168 H215 - www.akum.lv","robots":{"index":"index","follow":"follow","max-snippet":"max-snippet:-1","max-image-preview":"max-image-preview:large","max-video-preview":"max-video-preview:-1"},"canonical":"https:\/\/akum.lv\/ru\/prece\/12-8v-140ah-lifepo4-ej-technology-ej12140hbt-lithium-battery-1792wh-l306-w168-h215\/","og_locale":"ru_RU","og_type":"article","og_title":"12.8V-140Ah LiFePO4 E&J Technology EJ12140HBT | Lithium battery (1792Wh) L306 W168 H215 - www.akum.lv","og_description":"12.8V-140Ah Lithium battery L&amp;J Technology EJ12140HBT LiFePO4 (1792Wh) L306 W168 H215   - EJ12140HBT  with Bluetooth and Heating  Akumulatoram ir izejas piesl\u0113g\u0161anai \u0411\u0430\u0442\u0430\u0440\u0435\u044f \u0438\u043c\u0435\u0435\u0442 \u0432\u044b\u0445\u043e\u0434\u044b \u0434\u043b\u044f \u043f\u043e\u0434\u043a\u043b\u044e\u0447\u0435\u043d\u0438\u044f The battery has outputs for connection VE.Can \/ NMEA 2000 (N2K)  VE.Can ir - Victron Energy patent\u0113ts protokols. Tas ir nepiecie\u0161ams, lai akumulators var\u0113tu tie\u0161i \"sazin\u0101ties\" ar Victron iek\u0101rt\u0101m (invertoriem, GX kontrolieriem), sniedzot prec\u012bzus datus par savu st\u0101vokli. NMEA 2000 (N2K) - ir starptautisks j\u016bras elektronikas standarts. Tas \u013cauj akumulatoram p\u0101rs\u016bt\u012bt datus (uzl\u0101des l\u012bmeni, spriegumu) uz jebkura z\u012bmola (Garmin, Simrad, Lowrance u.c.) kar\u0161u uztv\u0113r\u0113jiem un displejiem, izmantojot ku\u0123a kop\u0113jo t\u012bklu.  VE.Can\u00a0\u2014 \u044d\u0442\u043e \u0437\u0430\u043a\u0440\u044b\u0442\u044b\u0439 \u043f\u0440\u043e\u0442\u043e\u043a\u043e\u043b \u043a\u043e\u043c\u043f\u0430\u043d\u0438\u0438\u00a0Victron Energy. \u041e\u043d \u043d\u0443\u0436\u0435\u043d \u0434\u043b\u044f \u0442\u043e\u0433\u043e, \u0447\u0442\u043e\u0431\u044b \u0431\u0430\u0442\u0430\u0440\u0435\u044f \u043c\u043e\u0433\u043b\u0430 \u00ab\u043e\u0431\u0449\u0430\u0442\u044c\u0441\u044f\u00bb \u043d\u0430\u043f\u0440\u044f\u043c\u0443\u044e \u0441 \u043e\u0431\u043e\u0440\u0443\u0434\u043e\u0432\u0430\u043d\u0438\u0435\u043c Victron (\u0438\u043d\u0432\u0435\u0440\u0442\u043e\u0440\u0430\u043c\u0438, \u043a\u043e\u043d\u0442\u0440\u043e\u043b\u043b\u0435\u0440\u0430\u043c\u0438 GX), \u043f\u0435\u0440\u0435\u0434\u0430\u0432\u0430\u044f \u0438\u043c \u0442\u043e\u0447\u043d\u044b\u0435 \u0434\u0430\u043d\u043d\u044b\u0435 \u043e \u0441\u0432\u043e\u0435\u043c \u0441\u043e\u0441\u0442\u043e\u044f\u043d\u0438\u0438. NMEA 2000 (N2K)\u00a0\u2014 \u044d\u0442\u043e \u043c\u0435\u0436\u0434\u0443\u043d\u0430\u0440\u043e\u0434\u043d\u044b\u0439 \u0441\u0442\u0430\u043d\u0434\u0430\u0440\u0442 \u0434\u043b\u044f\u00a0\u043c\u043e\u0440\u0441\u043a\u043e\u0439 \u044d\u043b\u0435\u043a\u0442\u0440\u043e\u043d\u0438\u043a\u0438. \u041e\u043d \u043f\u043e\u0437\u0432\u043e\u043b\u044f\u0435\u0442 \u0431\u0430\u0442\u0430\u0440\u0435\u0435 \u043f\u0435\u0440\u0435\u0434\u0430\u0432\u0430\u0442\u044c \u0434\u0430\u043d\u043d\u044b\u0435 (\u0443\u0440\u043e\u0432\u0435\u043d\u044c \u0437\u0430\u0440\u044f\u0434\u0430, \u043d\u0430\u043f\u0440\u044f\u0436\u0435\u043d\u0438\u0435) \u043d\u0430 \u043a\u0430\u0440\u0442\u043f\u043b\u043e\u0442\u0442\u0435\u0440\u044b \u0438 \u0434\u0438\u0441\u043f\u043b\u0435\u0438 \u043b\u044e\u0431\u044b\u0445 \u0431\u0440\u0435\u043d\u0434\u043e\u0432 (Garmin, Simrad, Lowrance \u0438 \u0434\u0440.) \u043f\u043e \u043e\u0431\u0449\u0435\u0439 \u0441\u0435\u0442\u0438 \u0441\u0443\u0434\u043d\u0430.  VE.Can - is a proprietary protocol by Victron Energy. It allows the battery to \"communicate\" directly with Victron equipment (inverters, GX controllers) by providing accurate data on its status. NMEA 2000 (N2K) - is an international standard for marine electronics. It enables the battery to transmit data (state of charge, voltage) to chartplotters and displays of any brand (Garmin, Simrad, Lowrance, etc.) over the vessel's common network.  &nbsp;  &nbsp;","og_url":"https:\/\/akum.lv\/ru\/prece\/12-8v-140ah-lifepo4-ej-technology-ej12140hbt-lithium-battery-1792wh-l306-w168-h215\/","og_site_name":"www.akum.lv","article_modified_time":"2026-04-20T12:06:11+00:00","og_image":[{"width":450,"height":371,"url":"https:\/\/akum.lv\/wp-content\/uploads\/2026\/04\/ej12140hbt_12.8v-140ah.jpg","type":"image\/jpeg"}],"twitter_card":"summary_large_image","twitter_misc":{"\u041f\u0440\u0438\u043c\u0435\u0440\u043d\u043e\u0435 \u0432\u0440\u0435\u043c\u044f \u0434\u043b\u044f \u0447\u0442\u0435\u043d\u0438\u044f":"1 \u043c\u0438\u043d\u0443\u0442\u0430"},"schema":{"@context":"https:\/\/schema.org","@graph":[{"@type":"WebPage","@id":"https:\/\/akum.lv\/ru\/prece\/12-8v-140ah-lifepo4-ej-technology-ej12140hbt-lithium-battery-1792wh-l306-w168-h215\/","url":"https:\/\/akum.lv\/ru\/prece\/12-8v-140ah-lifepo4-ej-technology-ej12140hbt-lithium-battery-1792wh-l306-w168-h215\/","name":"12.8V-140Ah LiFePO4 E&J Technology EJ12140HBT | Lithium battery (1792Wh) L306 W168 H215 - www.akum.lv","isPartOf":{"@id":"https:\/\/akum.lv\/#website"},"primaryImageOfPage":{"@id":"https:\/\/akum.lv\/ru\/prece\/12-8v-140ah-lifepo4-ej-technology-ej12140hbt-lithium-battery-1792wh-l306-w168-h215\/#primaryimage"},"image":{"@id":"https:\/\/akum.lv\/ru\/prece\/12-8v-140ah-lifepo4-ej-technology-ej12140hbt-lithium-battery-1792wh-l306-w168-h215\/#primaryimage"},"thumbnailUrl":"https:\/\/akum.lv\/wp-content\/uploads\/2026\/04\/ej12140hbt_12.8v-140ah.jpg","datePublished":"2026-04-20T11:59:37+00:00","dateModified":"2026-04-20T12:06:11+00:00","breadcrumb":{"@id":"https:\/\/akum.lv\/ru\/prece\/12-8v-140ah-lifepo4-ej-technology-ej12140hbt-lithium-battery-1792wh-l306-w168-h215\/#breadcrumb"},"inLanguage":"ru-RU","potentialAction":[{"@type":"ReadAction","target":["https:\/\/akum.lv\/ru\/prece\/12-8v-140ah-lifepo4-ej-technology-ej12140hbt-lithium-battery-1792wh-l306-w168-h215\/"]}]},{"@type":"ImageObject","inLanguage":"ru-RU","@id":"https:\/\/akum.lv\/ru\/prece\/12-8v-140ah-lifepo4-ej-technology-ej12140hbt-lithium-battery-1792wh-l306-w168-h215\/#primaryimage","url":"https:\/\/akum.lv\/wp-content\/uploads\/2026\/04\/ej12140hbt_12.8v-140ah.jpg","contentUrl":"https:\/\/akum.lv\/wp-content\/uploads\/2026\/04\/ej12140hbt_12.8v-140ah.jpg","width":450,"height":371},{"@type":"BreadcrumbList","@id":"https:\/\/akum.lv\/ru\/prece\/12-8v-140ah-lifepo4-ej-technology-ej12140hbt-lithium-battery-1792wh-l306-w168-h215\/#breadcrumb","itemListElement":[{"@type":"ListItem","position":1,"name":"\u0413\u043b\u0430\u0432\u043d\u0430\u044f \u0441\u0442\u0440\u0430\u043d\u0438\u0446\u0430","item":"https:\/\/akum.lv\/ru\/"},{"@type":"ListItem","position":2,"name":"PRECES","item":"https:\/\/akum.lv\/produkti-preces\/"},{"@type":"ListItem","position":3,"name":"12.8V-140Ah LiFePO4 E&#038;J Technology EJ12140HBT | Lithium battery (1792Wh) L306 W168 H215"}]},{"@type":"WebSite","@id":"https:\/\/akum.lv\/#website","url":"https:\/\/akum.lv\/","name":"www.akum.lv","description":"Akumulatoru p\u0101rdev\u0113js | \u041f\u0440\u043e\u0434\u0430\u0432\u0435\u0446 \u0430\u043a\u043a\u0443\u043c\u0443\u043b\u044f\u0442\u043e\u0440\u043e\u0432 | Battery seller","publisher":{"@id":"https:\/\/akum.lv\/#organization"},"potentialAction":[{"@type":"SearchAction","target":{"@type":"EntryPoint","urlTemplate":"https:\/\/akum.lv\/?s={search_term_string}"},"query-input":{"@type":"PropertyValueSpecification","valueRequired":true,"valueName":"search_term_string"}}],"inLanguage":"ru-RU"},{"@type":"Organization","@id":"https:\/\/akum.lv\/#organization","name":"HubEnergy","url":"https:\/\/akum.lv\/","logo":{"@type":"ImageObject","inLanguage":"ru-RU","@id":"https:\/\/akum.lv\/#\/schema\/logo\/image\/","url":"https:\/\/akum.lv\/wp-content\/uploads\/2018\/08\/Logo-hub-energy-2018-seller-dark-blue.png","contentUrl":"https:\/\/akum.lv\/wp-content\/uploads\/2018\/08\/Logo-hub-energy-2018-seller-dark-blue.png","width":381,"height":75,"caption":"HubEnergy"},"image":{"@id":"https:\/\/akum.lv\/#\/schema\/logo\/image\/"}}]}},"brands":[{"id":864,"name":"E&amp;J Technology","slug":"ej-technology-batteries-bms"}],"_links":{"self":[{"href":"https:\/\/akum.lv\/ru\/wp-json\/wp\/v2\/product\/18432","targetHints":{"allow":["GET"]}}],"collection":[{"href":"https:\/\/akum.lv\/ru\/wp-json\/wp\/v2\/product"}],"about":[{"href":"https:\/\/akum.lv\/ru\/wp-json\/wp\/v2\/types\/product"}],"wp:featuredmedia":[{"embeddable":true,"href":"https:\/\/akum.lv\/ru\/wp-json\/wp\/v2\/media\/18430"}],"wp:attachment":[{"href":"https:\/\/akum.lv\/ru\/wp-json\/wp\/v2\/media?parent=18432"}],"wp:term":[{"taxonomy":"pwb-brand","embeddable":true,"href":"https:\/\/akum.lv\/ru\/wp-json\/wp\/v2\/pwb-brand?post=18432"},{"taxonomy":"product_brand","embeddable":true,"href":"https:\/\/akum.lv\/ru\/wp-json\/wp\/v2\/product_brand?post=18432"},{"taxonomy":"product_cat","embeddable":true,"href":"https:\/\/akum.lv\/ru\/wp-json\/wp\/v2\/product_cat?post=18432"},{"taxonomy":"product_tag","embeddable":true,"href":"https:\/\/akum.lv\/ru\/wp-json\/wp\/v2\/product_tag?post=18432"}],"curies":[{"name":"wp","href":"https:\/\/api.w.org\/{rel}","templated":true}]}}