{"id":18224,"date":"2026-02-17T13:16:32","date_gmt":"2026-02-17T13:16:32","guid":{"rendered":"https:\/\/akum.lv\/prece\/noco-genius-gbx55-booster-12v-1750a-46wh-lithium-jump-starter-starta-uzladesana-ierice\/"},"modified":"2026-02-18T11:49:10","modified_gmt":"2026-02-18T11:49:10","slug":"noco-genius-gbx55-booster-12v-1750a-46wh-lithium-jump-starter-starta-uzladesana-ierice","status":"publish","type":"product","link":"https:\/\/akum.lv\/ru\/prece\/noco-genius-gbx55-booster-12v-1750a-46wh-lithium-jump-starter-starta-uzladesana-ierice\/","title":{"rendered":"NOCO Genius GBX55 Booster 12V 1750A 46Wh Lithium Jump Starter, Starta-uzl\u0101d\u0113\u0161ana ier\u012bce"},"content":{"rendered":"","protected":false},"excerpt":{"rendered":"<p>NOCO Genius GBX55 Booster 12V 1750A 46Wh Lithium Jump Starter, Starta-uzl\u0101d\u0113\u0161ana ier\u012bce<\/p>\n<p><strong>Specifik\u0101cija:<\/strong><\/p>\n<p>S\u0101kuma str\u0101va: 1750A (max.);<br \/>\nAkumulatoru veidi: 12V Lead-Acid (svina\/sk\u0101bes);<br \/>\nIek\u0161\u0113jais akumulators: 46 Wh Li-ion;<br \/>\nUSB ieeja: USB-C: 5V 1.5A \/ 9V 3A \/ 12V 3A \/ 15V 3A \/ 20V 3A;<br \/>\nUSB izeja: USB-A: 5V DC 2.1A max. \/ 10W max., USB-C: 5V 3A \/ 9V 3A \/ 12V 3A \/ 15V 3A \/ 20V 3A;<br \/>\nLieto\u0161ana ar benz\u012bna dzin\u0113jiem: l\u012bdz 7.5 l;<br \/>\nLieto\u0161ana ar d\u012bze\u013cdegvielas dzin\u0113jiem: l\u012bdz 5.0 l;<br \/>\nLED luktur\u012btis: 200 lm;<br \/>\nIzm\u0113rs: 195.00 x 124.46 x 63.50 mm (A x P x D);<br \/>\nSvars: 1.17 kg;<br \/>\nIP l\u012bmenis: IP65.<\/p>\n<p><strong>Specification:<\/strong><\/p>\n<p>Starting current: 1750A (max.);<br \/>\nBattery types: 12V Lead-Acid (lead\/acid);<br \/>\nInternal battery: 46 Wh Li-ion;<br \/>\nUSB input: USB-C: 5V 1.5A \/ 9V 3A \/ 12V 3A \/ 15V 3A \/ 20V 3A;<br \/>\nUSB output: USB-A: 5V DC 2.1A max. \/ 10W max., USB-C: 5V 3A \/ 9V 3A \/ 12V 3A \/ 15V 3A \/ 20V 3A;<br \/>\nUse with gasoline engines: up to 7.5 l;<br \/>\nUse with diesel engines: up to 5.0 l;<br \/>\nLED flashlight: 200 lm;<br \/>\nSize: 195.00 x 124.46 x 63.50 mm (H x W x D);<br \/>\nWeight: 1.17 kg;<br \/>\nIP level: IP65.<\/p>\n<p><strong>\u0422\u0435\u0445\u043d\u0438\u0447\u0435\u0441\u043a\u0438\u0435 \u0445\u0430\u0440\u0430\u043a\u0442\u0435\u0440\u0438\u0441\u0442\u0438\u043a\u0438:<\/strong><\/p>\n<p>\u041f\u0443\u0441\u043a\u043e\u0432\u043e\u0439 \u0442\u043e\u043a: 1750 \u0410 (\u043c\u0430\u043a\u0441.);<br \/>\n\u0422\u0438\u043f\u044b \u0431\u0430\u0442\u0430\u0440\u0435\u0439: 12 \u0412 \u0441\u0432\u0438\u043d\u0446\u043e\u0432\u043e-\u043a\u0438\u0441\u043b\u043e\u0442\u043d\u044b\u0435 (\u0441\u0432\u0438\u043d\u0446\u043e\u0432\u043e-\u043a\u0438\u0441\u043b\u043e\u0442\u043d\u044b\u0435);<br \/>\n\u0412\u0441\u0442\u0440\u043e\u0435\u043d\u043d\u0430\u044f \u0431\u0430\u0442\u0430\u0440\u0435\u044f: \u043b\u0438\u0442\u0438\u0439-\u0438\u043e\u043d\u043d\u0430\u044f 46 \u0412\u0442\u00b7\u0447;<br \/>\nUSB-\u0432\u0445\u043e\u0434: USB-C: 5 \u0412 1,5 \u0410 \/ 9 \u0412 3 \u0410 \/ 12 \u0412 3 \u0410 \/ 15 \u0412 3 \u0410 \/ 20 \u0412 3 \u0410;<br \/>\nUSB-\u0432\u044b\u0445\u043e\u0434: USB-A: 5 \u0412 \u043f\u043e\u0441\u0442\u043e\u044f\u043d\u043d\u043e\u0433\u043e \u0442\u043e\u043a\u0430 2,1 \u0410 \u043c\u0430\u043a\u0441. \/ 10 \u0412\u0442 \u043c\u0430\u043a\u0441., USB-C: 5 \u0412 3 \u0410 \/ 9 \u0412 3 \u0410 \/ 12 \u0412 3 \u0410 \/ 15 \u0412 3 \u0410 \/ 20 \u0412 3 \u0410;<br \/>\n\u0418\u0441\u043f\u043e\u043b\u044c\u0437\u043e\u0432\u0430\u043d\u0438\u0435 \u0441 \u0431\u0435\u043d\u0437\u0438\u043d\u043e\u0432\u044b\u043c\u0438 \u0434\u0432\u0438\u0433\u0430\u0442\u0435\u043b\u044f\u043c\u0438: \u0434\u043e 7,5 \u043b;<br \/>\n\u0418\u0441\u043f\u043e\u043b\u044c\u0437\u043e\u0432\u0430\u043d\u0438\u0435 \u0441 \u0434\u0438\u0437\u0435\u043b\u044c\u043d\u044b\u043c\u0438 \u0434\u0432\u0438\u0433\u0430\u0442\u0435\u043b\u044f\u043c\u0438: \u0434\u043e 5,0 \u043b;<br \/>\n\u0421\u0432\u0435\u0442\u043e\u0434\u0438\u043e\u0434\u043d\u044b\u0439 \u0444\u043e\u043d\u0430\u0440\u044c: 200 \u043b\u043c;<br \/>\n\u0420\u0430\u0437\u043c\u0435\u0440\u044b: 195,00 x 124,46 x 63,50 \u043c\u043c (\u0412 x \u0428 x \u0413);<br \/>\n\u0412\u0435\u0441: 1,17 \u043a\u0433;<br \/>\n\u0423\u0440\u043e\u0432\u0435\u043d\u044c \u0437\u0430\u0449\u0438\u0442\u044b IP: IP65.<\/p>\n","protected":false},"featured_media":18229,"template":"","meta":[],"pwb-brand":[332],"product_brand":[],"product_cat":[296],"product_tag":[],"class_list":{"0":"post-18224","1":"product","2":"type-product","3":"status-publish","4":"has-post-thumbnail","6":"pwb-brand-noco-genius-ru","7":"product_cat-boosters","8":"pif-has-gallery","10":"first","11":"instock","12":"taxable","13":"shipping-taxable","14":"purchasable","15":"product-type-simple"},"yoast_head":"<!-- This site is optimized with the Yoast SEO plugin v26.7 - https:\/\/yoast.com\/wordpress\/plugins\/seo\/ -->\n<title>NOCO Genius GBX55 Booster 12V 1750A 46Wh Lithium Jump Starter, Starta-uzl\u0101d\u0113\u0161ana ier\u012bce - www.akum.lv<\/title>\n<meta name=\"robots\" content=\"index, follow, max-snippet:-1, max-image-preview:large, max-video-preview:-1\" \/>\n<link rel=\"canonical\" href=\"https:\/\/akum.lv\/ru\/prece\/noco-genius-gbx55-booster-12v-1750a-46wh-lithium-jump-starter-starta-uzladesana-ierice\/\" \/>\n<meta property=\"og:locale\" content=\"ru_RU\" \/>\n<meta property=\"og:type\" content=\"article\" \/>\n<meta property=\"og:title\" content=\"NOCO Genius GBX55 Booster 12V 1750A 46Wh Lithium Jump Starter, Starta-uzl\u0101d\u0113\u0161ana ier\u012bce - www.akum.lv\" \/>\n<meta property=\"og:description\" content=\"NOCO Genius GBX55 Booster 12V 1750A 46Wh Lithium Jump Starter, Starta-uzl\u0101d\u0113\u0161ana ier\u012bce  Specifik\u0101cija:  S\u0101kuma str\u0101va: 1750A (max.); Akumulatoru veidi: 12V Lead-Acid (svina\/sk\u0101bes); Iek\u0161\u0113jais akumulators: 46 Wh Li-ion; USB ieeja: USB-C: 5V 1.5A \/ 9V 3A \/ 12V 3A \/ 15V 3A \/ 20V 3A; USB izeja: USB-A: 5V DC 2.1A max. \/ 10W max., USB-C: 5V 3A \/ 9V 3A \/ 12V 3A \/ 15V 3A \/ 20V 3A; Lieto\u0161ana ar benz\u012bna dzin\u0113jiem: l\u012bdz 7.5 l; Lieto\u0161ana ar d\u012bze\u013cdegvielas dzin\u0113jiem: l\u012bdz 5.0 l; LED luktur\u012btis: 200 lm; Izm\u0113rs: 195.00 x 124.46 x 63.50 mm (A x P x D); Svars: 1.17 kg; IP l\u012bmenis: IP65.  Specification:  Starting current: 1750A (max.); Battery types: 12V Lead-Acid (lead\/acid); Internal battery: 46 Wh Li-ion; USB input: USB-C: 5V 1.5A \/ 9V 3A \/ 12V 3A \/ 15V 3A \/ 20V 3A; USB output: USB-A: 5V DC 2.1A max. \/ 10W max., USB-C: 5V 3A \/ 9V 3A \/ 12V 3A \/ 15V 3A \/ 20V 3A; Use with gasoline engines: up to 7.5 l; Use with diesel engines: up to 5.0 l; LED flashlight: 200 lm; Size: 195.00 x 124.46 x 63.50 mm (H x W x D); Weight: 1.17 kg; IP level: IP65.  \u0422\u0435\u0445\u043d\u0438\u0447\u0435\u0441\u043a\u0438\u0435 \u0445\u0430\u0440\u0430\u043a\u0442\u0435\u0440\u0438\u0441\u0442\u0438\u043a\u0438:  \u041f\u0443\u0441\u043a\u043e\u0432\u043e\u0439 \u0442\u043e\u043a: 1750 \u0410 (\u043c\u0430\u043a\u0441.); \u0422\u0438\u043f\u044b \u0431\u0430\u0442\u0430\u0440\u0435\u0439: 12 \u0412 \u0441\u0432\u0438\u043d\u0446\u043e\u0432\u043e-\u043a\u0438\u0441\u043b\u043e\u0442\u043d\u044b\u0435 (\u0441\u0432\u0438\u043d\u0446\u043e\u0432\u043e-\u043a\u0438\u0441\u043b\u043e\u0442\u043d\u044b\u0435); \u0412\u0441\u0442\u0440\u043e\u0435\u043d\u043d\u0430\u044f \u0431\u0430\u0442\u0430\u0440\u0435\u044f: \u043b\u0438\u0442\u0438\u0439-\u0438\u043e\u043d\u043d\u0430\u044f 46 \u0412\u0442\u00b7\u0447; USB-\u0432\u0445\u043e\u0434: USB-C: 5 \u0412 1,5 \u0410 \/ 9 \u0412 3 \u0410 \/ 12 \u0412 3 \u0410 \/ 15 \u0412 3 \u0410 \/ 20 \u0412 3 \u0410; USB-\u0432\u044b\u0445\u043e\u0434: USB-A: 5 \u0412 \u043f\u043e\u0441\u0442\u043e\u044f\u043d\u043d\u043e\u0433\u043e \u0442\u043e\u043a\u0430 2,1 \u0410 \u043c\u0430\u043a\u0441. \/ 10 \u0412\u0442 \u043c\u0430\u043a\u0441., USB-C: 5 \u0412 3 \u0410 \/ 9 \u0412 3 \u0410 \/ 12 \u0412 3 \u0410 \/ 15 \u0412 3 \u0410 \/ 20 \u0412 3 \u0410; \u0418\u0441\u043f\u043e\u043b\u044c\u0437\u043e\u0432\u0430\u043d\u0438\u0435 \u0441 \u0431\u0435\u043d\u0437\u0438\u043d\u043e\u0432\u044b\u043c\u0438 \u0434\u0432\u0438\u0433\u0430\u0442\u0435\u043b\u044f\u043c\u0438: \u0434\u043e 7,5 \u043b; \u0418\u0441\u043f\u043e\u043b\u044c\u0437\u043e\u0432\u0430\u043d\u0438\u0435 \u0441 \u0434\u0438\u0437\u0435\u043b\u044c\u043d\u044b\u043c\u0438 \u0434\u0432\u0438\u0433\u0430\u0442\u0435\u043b\u044f\u043c\u0438: \u0434\u043e 5,0 \u043b; \u0421\u0432\u0435\u0442\u043e\u0434\u0438\u043e\u0434\u043d\u044b\u0439 \u0444\u043e\u043d\u0430\u0440\u044c: 200 \u043b\u043c; \u0420\u0430\u0437\u043c\u0435\u0440\u044b: 195,00 x 124,46 x 63,50 \u043c\u043c (\u0412 x \u0428 x \u0413); \u0412\u0435\u0441: 1,17 \u043a\u0433; \u0423\u0440\u043e\u0432\u0435\u043d\u044c \u0437\u0430\u0449\u0438\u0442\u044b IP: IP65.\" \/>\n<meta property=\"og:url\" content=\"https:\/\/akum.lv\/ru\/prece\/noco-genius-gbx55-booster-12v-1750a-46wh-lithium-jump-starter-starta-uzladesana-ierice\/\" \/>\n<meta property=\"og:site_name\" content=\"www.akum.lv\" \/>\n<meta property=\"article:modified_time\" content=\"2026-02-18T11:49:10+00:00\" \/>\n<meta property=\"og:image\" content=\"https:\/\/akum.lv\/wp-content\/uploads\/2026\/02\/noco-gbx45.jpg\" \/>\n\t<meta property=\"og:image:width\" content=\"400\" \/>\n\t<meta property=\"og:image:height\" content=\"400\" \/>\n\t<meta property=\"og:image:type\" content=\"image\/jpeg\" \/>\n<meta name=\"twitter:card\" content=\"summary_large_image\" \/>\n<meta name=\"twitter:label1\" content=\"\u041f\u0440\u0438\u043c\u0435\u0440\u043d\u043e\u0435 \u0432\u0440\u0435\u043c\u044f \u0434\u043b\u044f \u0447\u0442\u0435\u043d\u0438\u044f\" \/>\n\t<meta name=\"twitter:data1\" content=\"1 \u043c\u0438\u043d\u0443\u0442\u0430\" \/>\n<script type=\"application\/ld+json\" class=\"yoast-schema-graph\">{\"@context\":\"https:\/\/schema.org\",\"@graph\":[{\"@type\":\"WebPage\",\"@id\":\"https:\/\/akum.lv\/ru\/prece\/noco-genius-gbx55-booster-12v-1750a-46wh-lithium-jump-starter-starta-uzladesana-ierice\/\",\"url\":\"https:\/\/akum.lv\/ru\/prece\/noco-genius-gbx55-booster-12v-1750a-46wh-lithium-jump-starter-starta-uzladesana-ierice\/\",\"name\":\"NOCO Genius GBX55 Booster 12V 1750A 46Wh Lithium Jump Starter, Starta-uzl\u0101d\u0113\u0161ana ier\u012bce - www.akum.lv\",\"isPartOf\":{\"@id\":\"https:\/\/akum.lv\/#website\"},\"primaryImageOfPage\":{\"@id\":\"https:\/\/akum.lv\/ru\/prece\/noco-genius-gbx55-booster-12v-1750a-46wh-lithium-jump-starter-starta-uzladesana-ierice\/#primaryimage\"},\"image\":{\"@id\":\"https:\/\/akum.lv\/ru\/prece\/noco-genius-gbx55-booster-12v-1750a-46wh-lithium-jump-starter-starta-uzladesana-ierice\/#primaryimage\"},\"thumbnailUrl\":\"https:\/\/akum.lv\/wp-content\/uploads\/2026\/02\/noco-genius-gbx55_1.jpg\",\"datePublished\":\"2026-02-17T13:16:32+00:00\",\"dateModified\":\"2026-02-18T11:49:10+00:00\",\"breadcrumb\":{\"@id\":\"https:\/\/akum.lv\/ru\/prece\/noco-genius-gbx55-booster-12v-1750a-46wh-lithium-jump-starter-starta-uzladesana-ierice\/#breadcrumb\"},\"inLanguage\":\"ru-RU\",\"potentialAction\":[{\"@type\":\"ReadAction\",\"target\":[\"https:\/\/akum.lv\/ru\/prece\/noco-genius-gbx55-booster-12v-1750a-46wh-lithium-jump-starter-starta-uzladesana-ierice\/\"]}]},{\"@type\":\"ImageObject\",\"inLanguage\":\"ru-RU\",\"@id\":\"https:\/\/akum.lv\/ru\/prece\/noco-genius-gbx55-booster-12v-1750a-46wh-lithium-jump-starter-starta-uzladesana-ierice\/#primaryimage\",\"url\":\"https:\/\/akum.lv\/wp-content\/uploads\/2026\/02\/noco-genius-gbx55_1.jpg\",\"contentUrl\":\"https:\/\/akum.lv\/wp-content\/uploads\/2026\/02\/noco-genius-gbx55_1.jpg\",\"width\":450,\"height\":302},{\"@type\":\"BreadcrumbList\",\"@id\":\"https:\/\/akum.lv\/ru\/prece\/noco-genius-gbx55-booster-12v-1750a-46wh-lithium-jump-starter-starta-uzladesana-ierice\/#breadcrumb\",\"itemListElement\":[{\"@type\":\"ListItem\",\"position\":1,\"name\":\"\u0413\u043b\u0430\u0432\u043d\u0430\u044f \u0441\u0442\u0440\u0430\u043d\u0438\u0446\u0430\",\"item\":\"https:\/\/akum.lv\/ru\/\"},{\"@type\":\"ListItem\",\"position\":2,\"name\":\"PRECES\",\"item\":\"https:\/\/akum.lv\/produkti-preces\/\"},{\"@type\":\"ListItem\",\"position\":3,\"name\":\"NOCO Genius GBX55 Booster 12V 1750A 46Wh Lithium Jump Starter, Starta-uzl\u0101d\u0113\u0161ana ier\u012bce\"}]},{\"@type\":\"WebSite\",\"@id\":\"https:\/\/akum.lv\/#website\",\"url\":\"https:\/\/akum.lv\/\",\"name\":\"www.akum.lv\",\"description\":\"Akumulatoru p\u0101rdev\u0113js | \u041f\u0440\u043e\u0434\u0430\u0432\u0435\u0446 \u0430\u043a\u043a\u0443\u043c\u0443\u043b\u044f\u0442\u043e\u0440\u043e\u0432 | Battery seller\",\"publisher\":{\"@id\":\"https:\/\/akum.lv\/#organization\"},\"potentialAction\":[{\"@type\":\"SearchAction\",\"target\":{\"@type\":\"EntryPoint\",\"urlTemplate\":\"https:\/\/akum.lv\/?s={search_term_string}\"},\"query-input\":{\"@type\":\"PropertyValueSpecification\",\"valueRequired\":true,\"valueName\":\"search_term_string\"}}],\"inLanguage\":\"ru-RU\"},{\"@type\":\"Organization\",\"@id\":\"https:\/\/akum.lv\/#organization\",\"name\":\"HubEnergy\",\"url\":\"https:\/\/akum.lv\/\",\"logo\":{\"@type\":\"ImageObject\",\"inLanguage\":\"ru-RU\",\"@id\":\"https:\/\/akum.lv\/#\/schema\/logo\/image\/\",\"url\":\"https:\/\/akum.lv\/wp-content\/uploads\/2018\/08\/Logo-hub-energy-2018-seller-dark-blue.png\",\"contentUrl\":\"https:\/\/akum.lv\/wp-content\/uploads\/2018\/08\/Logo-hub-energy-2018-seller-dark-blue.png\",\"width\":381,\"height\":75,\"caption\":\"HubEnergy\"},\"image\":{\"@id\":\"https:\/\/akum.lv\/#\/schema\/logo\/image\/\"}}]}<\/script>\n<!-- \/ Yoast SEO plugin. -->","yoast_head_json":{"title":"NOCO Genius GBX55 Booster 12V 1750A 46Wh Lithium Jump Starter, Starta-uzl\u0101d\u0113\u0161ana ier\u012bce - www.akum.lv","robots":{"index":"index","follow":"follow","max-snippet":"max-snippet:-1","max-image-preview":"max-image-preview:large","max-video-preview":"max-video-preview:-1"},"canonical":"https:\/\/akum.lv\/ru\/prece\/noco-genius-gbx55-booster-12v-1750a-46wh-lithium-jump-starter-starta-uzladesana-ierice\/","og_locale":"ru_RU","og_type":"article","og_title":"NOCO Genius GBX55 Booster 12V 1750A 46Wh Lithium Jump Starter, Starta-uzl\u0101d\u0113\u0161ana ier\u012bce - www.akum.lv","og_description":"NOCO Genius GBX55 Booster 12V 1750A 46Wh Lithium Jump Starter, Starta-uzl\u0101d\u0113\u0161ana ier\u012bce  Specifik\u0101cija:  S\u0101kuma str\u0101va: 1750A (max.); Akumulatoru veidi: 12V Lead-Acid (svina\/sk\u0101bes); Iek\u0161\u0113jais akumulators: 46 Wh Li-ion; USB ieeja: USB-C: 5V 1.5A \/ 9V 3A \/ 12V 3A \/ 15V 3A \/ 20V 3A; USB izeja: USB-A: 5V DC 2.1A max. \/ 10W max., USB-C: 5V 3A \/ 9V 3A \/ 12V 3A \/ 15V 3A \/ 20V 3A; Lieto\u0161ana ar benz\u012bna dzin\u0113jiem: l\u012bdz 7.5 l; Lieto\u0161ana ar d\u012bze\u013cdegvielas dzin\u0113jiem: l\u012bdz 5.0 l; LED luktur\u012btis: 200 lm; Izm\u0113rs: 195.00 x 124.46 x 63.50 mm (A x P x D); Svars: 1.17 kg; IP l\u012bmenis: IP65.  Specification:  Starting current: 1750A (max.); Battery types: 12V Lead-Acid (lead\/acid); Internal battery: 46 Wh Li-ion; USB input: USB-C: 5V 1.5A \/ 9V 3A \/ 12V 3A \/ 15V 3A \/ 20V 3A; USB output: USB-A: 5V DC 2.1A max. \/ 10W max., USB-C: 5V 3A \/ 9V 3A \/ 12V 3A \/ 15V 3A \/ 20V 3A; Use with gasoline engines: up to 7.5 l; Use with diesel engines: up to 5.0 l; LED flashlight: 200 lm; Size: 195.00 x 124.46 x 63.50 mm (H x W x D); Weight: 1.17 kg; IP level: IP65.  \u0422\u0435\u0445\u043d\u0438\u0447\u0435\u0441\u043a\u0438\u0435 \u0445\u0430\u0440\u0430\u043a\u0442\u0435\u0440\u0438\u0441\u0442\u0438\u043a\u0438:  \u041f\u0443\u0441\u043a\u043e\u0432\u043e\u0439 \u0442\u043e\u043a: 1750 \u0410 (\u043c\u0430\u043a\u0441.); \u0422\u0438\u043f\u044b \u0431\u0430\u0442\u0430\u0440\u0435\u0439: 12 \u0412 \u0441\u0432\u0438\u043d\u0446\u043e\u0432\u043e-\u043a\u0438\u0441\u043b\u043e\u0442\u043d\u044b\u0435 (\u0441\u0432\u0438\u043d\u0446\u043e\u0432\u043e-\u043a\u0438\u0441\u043b\u043e\u0442\u043d\u044b\u0435); \u0412\u0441\u0442\u0440\u043e\u0435\u043d\u043d\u0430\u044f \u0431\u0430\u0442\u0430\u0440\u0435\u044f: \u043b\u0438\u0442\u0438\u0439-\u0438\u043e\u043d\u043d\u0430\u044f 46 \u0412\u0442\u00b7\u0447; USB-\u0432\u0445\u043e\u0434: USB-C: 5 \u0412 1,5 \u0410 \/ 9 \u0412 3 \u0410 \/ 12 \u0412 3 \u0410 \/ 15 \u0412 3 \u0410 \/ 20 \u0412 3 \u0410; USB-\u0432\u044b\u0445\u043e\u0434: USB-A: 5 \u0412 \u043f\u043e\u0441\u0442\u043e\u044f\u043d\u043d\u043e\u0433\u043e \u0442\u043e\u043a\u0430 2,1 \u0410 \u043c\u0430\u043a\u0441. \/ 10 \u0412\u0442 \u043c\u0430\u043a\u0441., USB-C: 5 \u0412 3 \u0410 \/ 9 \u0412 3 \u0410 \/ 12 \u0412 3 \u0410 \/ 15 \u0412 3 \u0410 \/ 20 \u0412 3 \u0410; \u0418\u0441\u043f\u043e\u043b\u044c\u0437\u043e\u0432\u0430\u043d\u0438\u0435 \u0441 \u0431\u0435\u043d\u0437\u0438\u043d\u043e\u0432\u044b\u043c\u0438 \u0434\u0432\u0438\u0433\u0430\u0442\u0435\u043b\u044f\u043c\u0438: \u0434\u043e 7,5 \u043b; \u0418\u0441\u043f\u043e\u043b\u044c\u0437\u043e\u0432\u0430\u043d\u0438\u0435 \u0441 \u0434\u0438\u0437\u0435\u043b\u044c\u043d\u044b\u043c\u0438 \u0434\u0432\u0438\u0433\u0430\u0442\u0435\u043b\u044f\u043c\u0438: \u0434\u043e 5,0 \u043b; \u0421\u0432\u0435\u0442\u043e\u0434\u0438\u043e\u0434\u043d\u044b\u0439 \u0444\u043e\u043d\u0430\u0440\u044c: 200 \u043b\u043c; \u0420\u0430\u0437\u043c\u0435\u0440\u044b: 195,00 x 124,46 x 63,50 \u043c\u043c (\u0412 x \u0428 x \u0413); \u0412\u0435\u0441: 1,17 \u043a\u0433; \u0423\u0440\u043e\u0432\u0435\u043d\u044c \u0437\u0430\u0449\u0438\u0442\u044b IP: IP65.","og_url":"https:\/\/akum.lv\/ru\/prece\/noco-genius-gbx55-booster-12v-1750a-46wh-lithium-jump-starter-starta-uzladesana-ierice\/","og_site_name":"www.akum.lv","article_modified_time":"2026-02-18T11:49:10+00:00","og_image":[{"width":400,"height":400,"url":"https:\/\/akum.lv\/wp-content\/uploads\/2026\/02\/noco-gbx45.jpg","type":"image\/jpeg"}],"twitter_card":"summary_large_image","twitter_misc":{"\u041f\u0440\u0438\u043c\u0435\u0440\u043d\u043e\u0435 \u0432\u0440\u0435\u043c\u044f \u0434\u043b\u044f \u0447\u0442\u0435\u043d\u0438\u044f":"1 \u043c\u0438\u043d\u0443\u0442\u0430"},"schema":{"@context":"https:\/\/schema.org","@graph":[{"@type":"WebPage","@id":"https:\/\/akum.lv\/ru\/prece\/noco-genius-gbx55-booster-12v-1750a-46wh-lithium-jump-starter-starta-uzladesana-ierice\/","url":"https:\/\/akum.lv\/ru\/prece\/noco-genius-gbx55-booster-12v-1750a-46wh-lithium-jump-starter-starta-uzladesana-ierice\/","name":"NOCO Genius GBX55 Booster 12V 1750A 46Wh Lithium Jump Starter, Starta-uzl\u0101d\u0113\u0161ana ier\u012bce - www.akum.lv","isPartOf":{"@id":"https:\/\/akum.lv\/#website"},"primaryImageOfPage":{"@id":"https:\/\/akum.lv\/ru\/prece\/noco-genius-gbx55-booster-12v-1750a-46wh-lithium-jump-starter-starta-uzladesana-ierice\/#primaryimage"},"image":{"@id":"https:\/\/akum.lv\/ru\/prece\/noco-genius-gbx55-booster-12v-1750a-46wh-lithium-jump-starter-starta-uzladesana-ierice\/#primaryimage"},"thumbnailUrl":"https:\/\/akum.lv\/wp-content\/uploads\/2026\/02\/noco-genius-gbx55_1.jpg","datePublished":"2026-02-17T13:16:32+00:00","dateModified":"2026-02-18T11:49:10+00:00","breadcrumb":{"@id":"https:\/\/akum.lv\/ru\/prece\/noco-genius-gbx55-booster-12v-1750a-46wh-lithium-jump-starter-starta-uzladesana-ierice\/#breadcrumb"},"inLanguage":"ru-RU","potentialAction":[{"@type":"ReadAction","target":["https:\/\/akum.lv\/ru\/prece\/noco-genius-gbx55-booster-12v-1750a-46wh-lithium-jump-starter-starta-uzladesana-ierice\/"]}]},{"@type":"ImageObject","inLanguage":"ru-RU","@id":"https:\/\/akum.lv\/ru\/prece\/noco-genius-gbx55-booster-12v-1750a-46wh-lithium-jump-starter-starta-uzladesana-ierice\/#primaryimage","url":"https:\/\/akum.lv\/wp-content\/uploads\/2026\/02\/noco-genius-gbx55_1.jpg","contentUrl":"https:\/\/akum.lv\/wp-content\/uploads\/2026\/02\/noco-genius-gbx55_1.jpg","width":450,"height":302},{"@type":"BreadcrumbList","@id":"https:\/\/akum.lv\/ru\/prece\/noco-genius-gbx55-booster-12v-1750a-46wh-lithium-jump-starter-starta-uzladesana-ierice\/#breadcrumb","itemListElement":[{"@type":"ListItem","position":1,"name":"\u0413\u043b\u0430\u0432\u043d\u0430\u044f \u0441\u0442\u0440\u0430\u043d\u0438\u0446\u0430","item":"https:\/\/akum.lv\/ru\/"},{"@type":"ListItem","position":2,"name":"PRECES","item":"https:\/\/akum.lv\/produkti-preces\/"},{"@type":"ListItem","position":3,"name":"NOCO Genius GBX55 Booster 12V 1750A 46Wh Lithium Jump Starter, Starta-uzl\u0101d\u0113\u0161ana ier\u012bce"}]},{"@type":"WebSite","@id":"https:\/\/akum.lv\/#website","url":"https:\/\/akum.lv\/","name":"www.akum.lv","description":"Akumulatoru p\u0101rdev\u0113js | \u041f\u0440\u043e\u0434\u0430\u0432\u0435\u0446 \u0430\u043a\u043a\u0443\u043c\u0443\u043b\u044f\u0442\u043e\u0440\u043e\u0432 | Battery seller","publisher":{"@id":"https:\/\/akum.lv\/#organization"},"potentialAction":[{"@type":"SearchAction","target":{"@type":"EntryPoint","urlTemplate":"https:\/\/akum.lv\/?s={search_term_string}"},"query-input":{"@type":"PropertyValueSpecification","valueRequired":true,"valueName":"search_term_string"}}],"inLanguage":"ru-RU"},{"@type":"Organization","@id":"https:\/\/akum.lv\/#organization","name":"HubEnergy","url":"https:\/\/akum.lv\/","logo":{"@type":"ImageObject","inLanguage":"ru-RU","@id":"https:\/\/akum.lv\/#\/schema\/logo\/image\/","url":"https:\/\/akum.lv\/wp-content\/uploads\/2018\/08\/Logo-hub-energy-2018-seller-dark-blue.png","contentUrl":"https:\/\/akum.lv\/wp-content\/uploads\/2018\/08\/Logo-hub-energy-2018-seller-dark-blue.png","width":381,"height":75,"caption":"HubEnergy"},"image":{"@id":"https:\/\/akum.lv\/#\/schema\/logo\/image\/"}}]}},"brands":[{"id":332,"name":"NOCO Genius","slug":"noco-genius-ru"}],"_links":{"self":[{"href":"https:\/\/akum.lv\/ru\/wp-json\/wp\/v2\/product\/18224","targetHints":{"allow":["GET"]}}],"collection":[{"href":"https:\/\/akum.lv\/ru\/wp-json\/wp\/v2\/product"}],"about":[{"href":"https:\/\/akum.lv\/ru\/wp-json\/wp\/v2\/types\/product"}],"wp:featuredmedia":[{"embeddable":true,"href":"https:\/\/akum.lv\/ru\/wp-json\/wp\/v2\/media\/18229"}],"wp:attachment":[{"href":"https:\/\/akum.lv\/ru\/wp-json\/wp\/v2\/media?parent=18224"}],"wp:term":[{"taxonomy":"pwb-brand","embeddable":true,"href":"https:\/\/akum.lv\/ru\/wp-json\/wp\/v2\/pwb-brand?post=18224"},{"taxonomy":"product_brand","embeddable":true,"href":"https:\/\/akum.lv\/ru\/wp-json\/wp\/v2\/product_brand?post=18224"},{"taxonomy":"product_cat","embeddable":true,"href":"https:\/\/akum.lv\/ru\/wp-json\/wp\/v2\/product_cat?post=18224"},{"taxonomy":"product_tag","embeddable":true,"href":"https:\/\/akum.lv\/ru\/wp-json\/wp\/v2\/product_tag?post=18224"}],"curies":[{"name":"wp","href":"https:\/\/api.w.org\/{rel}","templated":true}]}}