{"id":18087,"date":"2025-11-13T12:59:50","date_gmt":"2025-11-13T12:59:50","guid":{"rendered":"https:\/\/akum.lv\/prece\/bateriju-un-akumulatoru-testesana\/"},"modified":"2025-11-13T13:00:53","modified_gmt":"2025-11-13T13:00:53","slug":"bateriju-un-akumulatoru-testesana","status":"publish","type":"product","link":"https:\/\/akum.lv\/ru\/prece\/bateriju-un-akumulatoru-testesana\/","title":{"rendered":"Bateriju un akumulatoru test\u0113\u0161ana"},"content":{"rendered":"","protected":false},"excerpt":{"rendered":"<p><strong>Bateriju un akumulatoru p\u0101rbaude no 10,00 EUR + PVN<\/strong><\/p>\n<p>Automa\u0161\u012bnu akumulatoru t\u016bl\u012bt\u0113ja p\u0101rbaude, neiz\u0146emot akumulatoru no automa\u0161\u012bnas.<br \/>\nAkumulatora sprieguma un aukst\u0101s palai\u0161anas str\u0101vas noteik\u0161ana.<br \/>\n\u0122eneratora p\u0101rbaude.<\/p>\n<p>Visu veidu pusvilces un vilces akumulatoru p\u0101rbaude.<br \/>\n\u0100tra p\u0101rbaude un padzi\u013cin\u0101ta p\u0101rbaude.<br \/>\nAkumulatora sprieguma noteik\u0161ana.<br \/>\nAkumulatora iek\u0161\u0113j\u0101s pretest\u012bbas noteik\u0161ana.<br \/>\nAkumulatora atliku\u0161\u0101s ietilp\u012bbas noteik\u0161ana (ar grafiku).<\/p>\n<p>Visu izm\u0113ru baro\u0161anas elementu (bateriju) test\u0113\u0161ana &#8212; AA, AAA, AAAA, C, D, 9V, 18650 un citi izm\u0113ri.<\/p>\n<p><strong>\u0422\u0435\u0441\u0442\u0438\u0440\u043e\u0432\u0430\u043d\u0438\u0435 \u0431\u0430\u0442\u0430\u0440\u0435\u0435\u043a \u0438 \u0430\u043a\u043a\u0443\u043c\u0443\u043b\u044f\u0442\u043e\u0440\u043e\u0432 \u043e\u0442 10,00 \u0415\u0412\u0420\u041e + \u041d\u0414\u0421<\/strong><\/p>\n<p>\u041c\u043e\u043c\u0435\u043d\u0442\u0430\u043b\u044c\u043d\u044b\u0439 \u0442\u0435\u0441\u0442 \u0430\u0432\u0442\u043e \u0430\u043a\u043a\u0443\u043c\u0443\u043b\u044f\u0442\u043e\u0440\u043e\u0432 \u043d\u0435 \u0441\u043d\u0438\u043c\u0430\u044f \u0430\u043a\u043a\u0443\u043c\u0443\u043b\u044f\u0442\u043e\u0440\u0430 \u0441 \u043c\u0430\u0448\u0438\u043d\u044b.<br \/>\n\u041e\u043f\u0440\u0435\u0434\u0435\u043b\u0435\u043d\u0438\u0435 \u043d\u0430\u043f\u0440\u044f\u0436\u0435\u043d\u0438\u0435 \u0438 \u043f\u0443\u0441\u043a\u043e\u0432\u043e\u0433\u043e \u0442\u043e\u043a\u0430 \u0445\u043e\u043b\u043e\u0434\u043d\u043e\u0439 \u043f\u0440\u043e\u043a\u0440\u0443\u0442\u043a\u0438 \u0431\u0430\u0442\u0430\u0440\u0435\u0438.<br \/>\n\u0422\u0435\u0441\u0442 \u0433\u0435\u043d\u0435\u0440\u0430\u0442\u043e\u0440\u0430.<\/p>\n<p>\u0422\u0435\u0441\u0442\u0438\u0440\u043e\u0432\u0430\u043d\u0438\u0435 \u043f\u043e\u043b\u0443\u0442\u044f\u0433\u043e\u0432\u044b\u0445 \u0438 \u0442\u044f\u0433\u043e\u0432\u044b\u0445 \u0430\u043a\u043a\u0443\u043c\u0443\u043b\u044f\u0442\u043e\u0440\u043e\u0432 \u0432\u0441\u0435\u0445 \u0442\u0438\u043f\u043e\u0432.<br \/>\n\u041c\u043e\u043c\u0435\u043d\u0442\u0430\u043b\u044c\u043d\u044b\u0439 \u0442\u0435\u0441\u0442 \u0438 \u0443\u0433\u043b\u0443\u0431\u043b\u0435\u043d\u043d\u044b\u0439 \u0442\u0435\u0441\u0442.<br \/>\n\u041e\u043f\u0440\u0435\u0434\u0435\u043b\u0435\u043d\u0438\u0435 \u043d\u0430\u043f\u0440\u044f\u0436\u0435\u043d\u0438\u044f \u0431\u0430\u0442\u0430\u0440\u0435\u0438.<br \/>\n\u041e\u043f\u0440\u0435\u0434\u0435\u043b\u0435\u043d\u0438\u0435 \u0432\u043d\u0443\u0442\u0440\u0435\u043d\u043d\u0435\u0433\u043e \u0441\u043e\u043f\u0440\u0430\u0442\u0438\u0432\u043b\u0435\u043d\u0438\u044f \u0431\u0430\u0442\u0430\u0440\u0435\u0438.<br \/>\n\u041e\u043f\u0440\u0435\u0434\u0435\u043b\u0435\u043d\u0438\u0435 \u043e\u0441\u0442\u0430\u0442\u043e\u0447\u043d\u043e\u0439 \u0451\u043c\u043a\u043e\u0441\u0442\u0438 \u0431\u0430\u0442\u0430\u0440\u0435\u0438 (\u0441 \u0433\u0440\u0430\u0444\u0438\u043a\u043e\u043c).<\/p>\n<p>\u0422\u0435\u0441\u0442\u0438\u0440\u043e\u0432\u0430\u043d\u0438\u0435 \u0432\u0441\u0435\u0445 \u0442\u0438\u043f\u043e\u0432 \u044d\u043b\u0435\u043c\u0435\u043d\u0442\u043e\u0432 \u043f\u0438\u0442\u0430\u043d\u0438\u044f (\u0431\u0430\u0442\u0430\u0440\u0435\u0435\u043a) \u0442\u0438\u043f\u043e\u0440\u0430\u0437\u043c\u0435\u0440\u043e\u0432 &#8212; AA, AAA, AAAA, C, D, 9V, 18650 \u0438 \u0434\u0440\u0443\u0433\u0438\u0435 \u0440\u0430\u0437\u043c\u0435\u0440\u044b.<\/p>\n","protected":false},"featured_media":18072,"template":"","meta":[],"pwb-brand":[],"product_brand":[],"product_cat":[908],"product_tag":[],"class_list":{"0":"post-18087","1":"product","2":"type-product","3":"status-publish","4":"has-post-thumbnail","6":"product_cat-testirovanie-batarej-i-akkumulyatorov","7":"pif-has-gallery","9":"first","10":"instock","11":"taxable","12":"shipping-taxable","13":"purchasable","14":"product-type-simple"},"yoast_head":"<!-- This site is optimized with the Yoast SEO plugin v26.7 - https:\/\/yoast.com\/wordpress\/plugins\/seo\/ -->\n<title>Bateriju un akumulatoru test\u0113\u0161ana - www.akum.lv<\/title>\n<meta name=\"robots\" content=\"index, follow, max-snippet:-1, max-image-preview:large, max-video-preview:-1\" \/>\n<link rel=\"canonical\" href=\"https:\/\/akum.lv\/ru\/prece\/bateriju-un-akumulatoru-testesana\/\" \/>\n<meta property=\"og:locale\" content=\"ru_RU\" \/>\n<meta property=\"og:type\" content=\"article\" \/>\n<meta property=\"og:title\" content=\"Bateriju un akumulatoru test\u0113\u0161ana - www.akum.lv\" \/>\n<meta property=\"og:description\" content=\"Bateriju un akumulatoru p\u0101rbaude no 10,00 EUR + PVN  Automa\u0161\u012bnu akumulatoru t\u016bl\u012bt\u0113ja p\u0101rbaude, neiz\u0146emot akumulatoru no automa\u0161\u012bnas. Akumulatora sprieguma un aukst\u0101s palai\u0161anas str\u0101vas noteik\u0161ana. \u0122eneratora p\u0101rbaude.  Visu veidu pusvilces un vilces akumulatoru p\u0101rbaude. \u0100tra p\u0101rbaude un padzi\u013cin\u0101ta p\u0101rbaude. Akumulatora sprieguma noteik\u0161ana. Akumulatora iek\u0161\u0113j\u0101s pretest\u012bbas noteik\u0161ana. Akumulatora atliku\u0161\u0101s ietilp\u012bbas noteik\u0161ana (ar grafiku).  Visu izm\u0113ru baro\u0161anas elementu (bateriju) test\u0113\u0161ana - AA, AAA, AAAA, C, D, 9V, 18650 un citi izm\u0113ri.  \u0422\u0435\u0441\u0442\u0438\u0440\u043e\u0432\u0430\u043d\u0438\u0435 \u0431\u0430\u0442\u0430\u0440\u0435\u0435\u043a \u0438 \u0430\u043a\u043a\u0443\u043c\u0443\u043b\u044f\u0442\u043e\u0440\u043e\u0432 \u043e\u0442 10,00 \u0415\u0412\u0420\u041e + \u041d\u0414\u0421  \u041c\u043e\u043c\u0435\u043d\u0442\u0430\u043b\u044c\u043d\u044b\u0439 \u0442\u0435\u0441\u0442 \u0430\u0432\u0442\u043e \u0430\u043a\u043a\u0443\u043c\u0443\u043b\u044f\u0442\u043e\u0440\u043e\u0432 \u043d\u0435 \u0441\u043d\u0438\u043c\u0430\u044f \u0430\u043a\u043a\u0443\u043c\u0443\u043b\u044f\u0442\u043e\u0440\u0430 \u0441 \u043c\u0430\u0448\u0438\u043d\u044b. \u041e\u043f\u0440\u0435\u0434\u0435\u043b\u0435\u043d\u0438\u0435 \u043d\u0430\u043f\u0440\u044f\u0436\u0435\u043d\u0438\u0435 \u0438 \u043f\u0443\u0441\u043a\u043e\u0432\u043e\u0433\u043e \u0442\u043e\u043a\u0430 \u0445\u043e\u043b\u043e\u0434\u043d\u043e\u0439 \u043f\u0440\u043e\u043a\u0440\u0443\u0442\u043a\u0438 \u0431\u0430\u0442\u0430\u0440\u0435\u0438. \u0422\u0435\u0441\u0442 \u0433\u0435\u043d\u0435\u0440\u0430\u0442\u043e\u0440\u0430.  \u0422\u0435\u0441\u0442\u0438\u0440\u043e\u0432\u0430\u043d\u0438\u0435 \u043f\u043e\u043b\u0443\u0442\u044f\u0433\u043e\u0432\u044b\u0445 \u0438 \u0442\u044f\u0433\u043e\u0432\u044b\u0445 \u0430\u043a\u043a\u0443\u043c\u0443\u043b\u044f\u0442\u043e\u0440\u043e\u0432 \u0432\u0441\u0435\u0445 \u0442\u0438\u043f\u043e\u0432. \u041c\u043e\u043c\u0435\u043d\u0442\u0430\u043b\u044c\u043d\u044b\u0439 \u0442\u0435\u0441\u0442 \u0438 \u0443\u0433\u043b\u0443\u0431\u043b\u0435\u043d\u043d\u044b\u0439 \u0442\u0435\u0441\u0442. \u041e\u043f\u0440\u0435\u0434\u0435\u043b\u0435\u043d\u0438\u0435 \u043d\u0430\u043f\u0440\u044f\u0436\u0435\u043d\u0438\u044f \u0431\u0430\u0442\u0430\u0440\u0435\u0438. \u041e\u043f\u0440\u0435\u0434\u0435\u043b\u0435\u043d\u0438\u0435 \u0432\u043d\u0443\u0442\u0440\u0435\u043d\u043d\u0435\u0433\u043e \u0441\u043e\u043f\u0440\u0430\u0442\u0438\u0432\u043b\u0435\u043d\u0438\u044f \u0431\u0430\u0442\u0430\u0440\u0435\u0438. \u041e\u043f\u0440\u0435\u0434\u0435\u043b\u0435\u043d\u0438\u0435 \u043e\u0441\u0442\u0430\u0442\u043e\u0447\u043d\u043e\u0439 \u0451\u043c\u043a\u043e\u0441\u0442\u0438 \u0431\u0430\u0442\u0430\u0440\u0435\u0438 (\u0441 \u0433\u0440\u0430\u0444\u0438\u043a\u043e\u043c).  \u0422\u0435\u0441\u0442\u0438\u0440\u043e\u0432\u0430\u043d\u0438\u0435 \u0432\u0441\u0435\u0445 \u0442\u0438\u043f\u043e\u0432 \u044d\u043b\u0435\u043c\u0435\u043d\u0442\u043e\u0432 \u043f\u0438\u0442\u0430\u043d\u0438\u044f (\u0431\u0430\u0442\u0430\u0440\u0435\u0435\u043a) \u0442\u0438\u043f\u043e\u0440\u0430\u0437\u043c\u0435\u0440\u043e\u0432 - AA, AAA, AAAA, C, D, 9V, 18650 \u0438 \u0434\u0440\u0443\u0433\u0438\u0435 \u0440\u0430\u0437\u043c\u0435\u0440\u044b.\" \/>\n<meta property=\"og:url\" content=\"https:\/\/akum.lv\/ru\/prece\/bateriju-un-akumulatoru-testesana\/\" \/>\n<meta property=\"og:site_name\" content=\"www.akum.lv\" \/>\n<meta property=\"article:modified_time\" content=\"2025-11-13T13:00:53+00:00\" \/>\n<meta property=\"og:image\" content=\"https:\/\/akum.lv\/wp-content\/uploads\/2020\/10\/battery-testing.jpg\" \/>\n\t<meta property=\"og:image:width\" content=\"600\" \/>\n\t<meta property=\"og:image:height\" content=\"375\" \/>\n\t<meta property=\"og:image:type\" content=\"image\/jpeg\" \/>\n<meta name=\"twitter:card\" content=\"summary_large_image\" \/>\n<meta name=\"twitter:label1\" content=\"\u041f\u0440\u0438\u043c\u0435\u0440\u043d\u043e\u0435 \u0432\u0440\u0435\u043c\u044f \u0434\u043b\u044f \u0447\u0442\u0435\u043d\u0438\u044f\" \/>\n\t<meta name=\"twitter:data1\" content=\"1 \u043c\u0438\u043d\u0443\u0442\u0430\" \/>\n<script type=\"application\/ld+json\" class=\"yoast-schema-graph\">{\"@context\":\"https:\/\/schema.org\",\"@graph\":[{\"@type\":\"WebPage\",\"@id\":\"https:\/\/akum.lv\/ru\/prece\/bateriju-un-akumulatoru-testesana\/\",\"url\":\"https:\/\/akum.lv\/ru\/prece\/bateriju-un-akumulatoru-testesana\/\",\"name\":\"Bateriju un akumulatoru test\u0113\u0161ana - www.akum.lv\",\"isPartOf\":{\"@id\":\"https:\/\/akum.lv\/#website\"},\"primaryImageOfPage\":{\"@id\":\"https:\/\/akum.lv\/ru\/prece\/bateriju-un-akumulatoru-testesana\/#primaryimage\"},\"image\":{\"@id\":\"https:\/\/akum.lv\/ru\/prece\/bateriju-un-akumulatoru-testesana\/#primaryimage\"},\"thumbnailUrl\":\"https:\/\/akum.lv\/wp-content\/uploads\/2020\/10\/battery-testing.jpg\",\"datePublished\":\"2025-11-13T12:59:50+00:00\",\"dateModified\":\"2025-11-13T13:00:53+00:00\",\"breadcrumb\":{\"@id\":\"https:\/\/akum.lv\/ru\/prece\/bateriju-un-akumulatoru-testesana\/#breadcrumb\"},\"inLanguage\":\"ru-RU\",\"potentialAction\":[{\"@type\":\"ReadAction\",\"target\":[\"https:\/\/akum.lv\/ru\/prece\/bateriju-un-akumulatoru-testesana\/\"]}]},{\"@type\":\"ImageObject\",\"inLanguage\":\"ru-RU\",\"@id\":\"https:\/\/akum.lv\/ru\/prece\/bateriju-un-akumulatoru-testesana\/#primaryimage\",\"url\":\"https:\/\/akum.lv\/wp-content\/uploads\/2020\/10\/battery-testing.jpg\",\"contentUrl\":\"https:\/\/akum.lv\/wp-content\/uploads\/2020\/10\/battery-testing.jpg\",\"width\":600,\"height\":375},{\"@type\":\"BreadcrumbList\",\"@id\":\"https:\/\/akum.lv\/ru\/prece\/bateriju-un-akumulatoru-testesana\/#breadcrumb\",\"itemListElement\":[{\"@type\":\"ListItem\",\"position\":1,\"name\":\"\u0413\u043b\u0430\u0432\u043d\u0430\u044f \u0441\u0442\u0440\u0430\u043d\u0438\u0446\u0430\",\"item\":\"https:\/\/akum.lv\/ru\/\"},{\"@type\":\"ListItem\",\"position\":2,\"name\":\"PRECES\",\"item\":\"https:\/\/akum.lv\/produkti-preces\/\"},{\"@type\":\"ListItem\",\"position\":3,\"name\":\"Bateriju un akumulatoru test\u0113\u0161ana\"}]},{\"@type\":\"WebSite\",\"@id\":\"https:\/\/akum.lv\/#website\",\"url\":\"https:\/\/akum.lv\/\",\"name\":\"www.akum.lv\",\"description\":\"Akumulatoru p\u0101rdev\u0113js | \u041f\u0440\u043e\u0434\u0430\u0432\u0435\u0446 \u0430\u043a\u043a\u0443\u043c\u0443\u043b\u044f\u0442\u043e\u0440\u043e\u0432 | Battery seller\",\"publisher\":{\"@id\":\"https:\/\/akum.lv\/#organization\"},\"potentialAction\":[{\"@type\":\"SearchAction\",\"target\":{\"@type\":\"EntryPoint\",\"urlTemplate\":\"https:\/\/akum.lv\/?s={search_term_string}\"},\"query-input\":{\"@type\":\"PropertyValueSpecification\",\"valueRequired\":true,\"valueName\":\"search_term_string\"}}],\"inLanguage\":\"ru-RU\"},{\"@type\":\"Organization\",\"@id\":\"https:\/\/akum.lv\/#organization\",\"name\":\"HubEnergy\",\"url\":\"https:\/\/akum.lv\/\",\"logo\":{\"@type\":\"ImageObject\",\"inLanguage\":\"ru-RU\",\"@id\":\"https:\/\/akum.lv\/#\/schema\/logo\/image\/\",\"url\":\"https:\/\/akum.lv\/wp-content\/uploads\/2018\/08\/Logo-hub-energy-2018-seller-dark-blue.png\",\"contentUrl\":\"https:\/\/akum.lv\/wp-content\/uploads\/2018\/08\/Logo-hub-energy-2018-seller-dark-blue.png\",\"width\":381,\"height\":75,\"caption\":\"HubEnergy\"},\"image\":{\"@id\":\"https:\/\/akum.lv\/#\/schema\/logo\/image\/\"}}]}<\/script>\n<!-- \/ Yoast SEO plugin. -->","yoast_head_json":{"title":"Bateriju un akumulatoru test\u0113\u0161ana - www.akum.lv","robots":{"index":"index","follow":"follow","max-snippet":"max-snippet:-1","max-image-preview":"max-image-preview:large","max-video-preview":"max-video-preview:-1"},"canonical":"https:\/\/akum.lv\/ru\/prece\/bateriju-un-akumulatoru-testesana\/","og_locale":"ru_RU","og_type":"article","og_title":"Bateriju un akumulatoru test\u0113\u0161ana - www.akum.lv","og_description":"Bateriju un akumulatoru p\u0101rbaude no 10,00 EUR + PVN  Automa\u0161\u012bnu akumulatoru t\u016bl\u012bt\u0113ja p\u0101rbaude, neiz\u0146emot akumulatoru no automa\u0161\u012bnas. Akumulatora sprieguma un aukst\u0101s palai\u0161anas str\u0101vas noteik\u0161ana. \u0122eneratora p\u0101rbaude.  Visu veidu pusvilces un vilces akumulatoru p\u0101rbaude. \u0100tra p\u0101rbaude un padzi\u013cin\u0101ta p\u0101rbaude. Akumulatora sprieguma noteik\u0161ana. Akumulatora iek\u0161\u0113j\u0101s pretest\u012bbas noteik\u0161ana. Akumulatora atliku\u0161\u0101s ietilp\u012bbas noteik\u0161ana (ar grafiku).  Visu izm\u0113ru baro\u0161anas elementu (bateriju) test\u0113\u0161ana - AA, AAA, AAAA, C, D, 9V, 18650 un citi izm\u0113ri.  \u0422\u0435\u0441\u0442\u0438\u0440\u043e\u0432\u0430\u043d\u0438\u0435 \u0431\u0430\u0442\u0430\u0440\u0435\u0435\u043a \u0438 \u0430\u043a\u043a\u0443\u043c\u0443\u043b\u044f\u0442\u043e\u0440\u043e\u0432 \u043e\u0442 10,00 \u0415\u0412\u0420\u041e + \u041d\u0414\u0421  \u041c\u043e\u043c\u0435\u043d\u0442\u0430\u043b\u044c\u043d\u044b\u0439 \u0442\u0435\u0441\u0442 \u0430\u0432\u0442\u043e \u0430\u043a\u043a\u0443\u043c\u0443\u043b\u044f\u0442\u043e\u0440\u043e\u0432 \u043d\u0435 \u0441\u043d\u0438\u043c\u0430\u044f \u0430\u043a\u043a\u0443\u043c\u0443\u043b\u044f\u0442\u043e\u0440\u0430 \u0441 \u043c\u0430\u0448\u0438\u043d\u044b. \u041e\u043f\u0440\u0435\u0434\u0435\u043b\u0435\u043d\u0438\u0435 \u043d\u0430\u043f\u0440\u044f\u0436\u0435\u043d\u0438\u0435 \u0438 \u043f\u0443\u0441\u043a\u043e\u0432\u043e\u0433\u043e \u0442\u043e\u043a\u0430 \u0445\u043e\u043b\u043e\u0434\u043d\u043e\u0439 \u043f\u0440\u043e\u043a\u0440\u0443\u0442\u043a\u0438 \u0431\u0430\u0442\u0430\u0440\u0435\u0438. \u0422\u0435\u0441\u0442 \u0433\u0435\u043d\u0435\u0440\u0430\u0442\u043e\u0440\u0430.  \u0422\u0435\u0441\u0442\u0438\u0440\u043e\u0432\u0430\u043d\u0438\u0435 \u043f\u043e\u043b\u0443\u0442\u044f\u0433\u043e\u0432\u044b\u0445 \u0438 \u0442\u044f\u0433\u043e\u0432\u044b\u0445 \u0430\u043a\u043a\u0443\u043c\u0443\u043b\u044f\u0442\u043e\u0440\u043e\u0432 \u0432\u0441\u0435\u0445 \u0442\u0438\u043f\u043e\u0432. \u041c\u043e\u043c\u0435\u043d\u0442\u0430\u043b\u044c\u043d\u044b\u0439 \u0442\u0435\u0441\u0442 \u0438 \u0443\u0433\u043b\u0443\u0431\u043b\u0435\u043d\u043d\u044b\u0439 \u0442\u0435\u0441\u0442. \u041e\u043f\u0440\u0435\u0434\u0435\u043b\u0435\u043d\u0438\u0435 \u043d\u0430\u043f\u0440\u044f\u0436\u0435\u043d\u0438\u044f \u0431\u0430\u0442\u0430\u0440\u0435\u0438. \u041e\u043f\u0440\u0435\u0434\u0435\u043b\u0435\u043d\u0438\u0435 \u0432\u043d\u0443\u0442\u0440\u0435\u043d\u043d\u0435\u0433\u043e \u0441\u043e\u043f\u0440\u0430\u0442\u0438\u0432\u043b\u0435\u043d\u0438\u044f \u0431\u0430\u0442\u0430\u0440\u0435\u0438. \u041e\u043f\u0440\u0435\u0434\u0435\u043b\u0435\u043d\u0438\u0435 \u043e\u0441\u0442\u0430\u0442\u043e\u0447\u043d\u043e\u0439 \u0451\u043c\u043a\u043e\u0441\u0442\u0438 \u0431\u0430\u0442\u0430\u0440\u0435\u0438 (\u0441 \u0433\u0440\u0430\u0444\u0438\u043a\u043e\u043c).  \u0422\u0435\u0441\u0442\u0438\u0440\u043e\u0432\u0430\u043d\u0438\u0435 \u0432\u0441\u0435\u0445 \u0442\u0438\u043f\u043e\u0432 \u044d\u043b\u0435\u043c\u0435\u043d\u0442\u043e\u0432 \u043f\u0438\u0442\u0430\u043d\u0438\u044f (\u0431\u0430\u0442\u0430\u0440\u0435\u0435\u043a) \u0442\u0438\u043f\u043e\u0440\u0430\u0437\u043c\u0435\u0440\u043e\u0432 - AA, AAA, AAAA, C, D, 9V, 18650 \u0438 \u0434\u0440\u0443\u0433\u0438\u0435 \u0440\u0430\u0437\u043c\u0435\u0440\u044b.","og_url":"https:\/\/akum.lv\/ru\/prece\/bateriju-un-akumulatoru-testesana\/","og_site_name":"www.akum.lv","article_modified_time":"2025-11-13T13:00:53+00:00","og_image":[{"width":600,"height":375,"url":"https:\/\/akum.lv\/wp-content\/uploads\/2020\/10\/battery-testing.jpg","type":"image\/jpeg"}],"twitter_card":"summary_large_image","twitter_misc":{"\u041f\u0440\u0438\u043c\u0435\u0440\u043d\u043e\u0435 \u0432\u0440\u0435\u043c\u044f \u0434\u043b\u044f \u0447\u0442\u0435\u043d\u0438\u044f":"1 \u043c\u0438\u043d\u0443\u0442\u0430"},"schema":{"@context":"https:\/\/schema.org","@graph":[{"@type":"WebPage","@id":"https:\/\/akum.lv\/ru\/prece\/bateriju-un-akumulatoru-testesana\/","url":"https:\/\/akum.lv\/ru\/prece\/bateriju-un-akumulatoru-testesana\/","name":"Bateriju un akumulatoru test\u0113\u0161ana - www.akum.lv","isPartOf":{"@id":"https:\/\/akum.lv\/#website"},"primaryImageOfPage":{"@id":"https:\/\/akum.lv\/ru\/prece\/bateriju-un-akumulatoru-testesana\/#primaryimage"},"image":{"@id":"https:\/\/akum.lv\/ru\/prece\/bateriju-un-akumulatoru-testesana\/#primaryimage"},"thumbnailUrl":"https:\/\/akum.lv\/wp-content\/uploads\/2020\/10\/battery-testing.jpg","datePublished":"2025-11-13T12:59:50+00:00","dateModified":"2025-11-13T13:00:53+00:00","breadcrumb":{"@id":"https:\/\/akum.lv\/ru\/prece\/bateriju-un-akumulatoru-testesana\/#breadcrumb"},"inLanguage":"ru-RU","potentialAction":[{"@type":"ReadAction","target":["https:\/\/akum.lv\/ru\/prece\/bateriju-un-akumulatoru-testesana\/"]}]},{"@type":"ImageObject","inLanguage":"ru-RU","@id":"https:\/\/akum.lv\/ru\/prece\/bateriju-un-akumulatoru-testesana\/#primaryimage","url":"https:\/\/akum.lv\/wp-content\/uploads\/2020\/10\/battery-testing.jpg","contentUrl":"https:\/\/akum.lv\/wp-content\/uploads\/2020\/10\/battery-testing.jpg","width":600,"height":375},{"@type":"BreadcrumbList","@id":"https:\/\/akum.lv\/ru\/prece\/bateriju-un-akumulatoru-testesana\/#breadcrumb","itemListElement":[{"@type":"ListItem","position":1,"name":"\u0413\u043b\u0430\u0432\u043d\u0430\u044f \u0441\u0442\u0440\u0430\u043d\u0438\u0446\u0430","item":"https:\/\/akum.lv\/ru\/"},{"@type":"ListItem","position":2,"name":"PRECES","item":"https:\/\/akum.lv\/produkti-preces\/"},{"@type":"ListItem","position":3,"name":"Bateriju un akumulatoru test\u0113\u0161ana"}]},{"@type":"WebSite","@id":"https:\/\/akum.lv\/#website","url":"https:\/\/akum.lv\/","name":"www.akum.lv","description":"Akumulatoru p\u0101rdev\u0113js | \u041f\u0440\u043e\u0434\u0430\u0432\u0435\u0446 \u0430\u043a\u043a\u0443\u043c\u0443\u043b\u044f\u0442\u043e\u0440\u043e\u0432 | Battery seller","publisher":{"@id":"https:\/\/akum.lv\/#organization"},"potentialAction":[{"@type":"SearchAction","target":{"@type":"EntryPoint","urlTemplate":"https:\/\/akum.lv\/?s={search_term_string}"},"query-input":{"@type":"PropertyValueSpecification","valueRequired":true,"valueName":"search_term_string"}}],"inLanguage":"ru-RU"},{"@type":"Organization","@id":"https:\/\/akum.lv\/#organization","name":"HubEnergy","url":"https:\/\/akum.lv\/","logo":{"@type":"ImageObject","inLanguage":"ru-RU","@id":"https:\/\/akum.lv\/#\/schema\/logo\/image\/","url":"https:\/\/akum.lv\/wp-content\/uploads\/2018\/08\/Logo-hub-energy-2018-seller-dark-blue.png","contentUrl":"https:\/\/akum.lv\/wp-content\/uploads\/2018\/08\/Logo-hub-energy-2018-seller-dark-blue.png","width":381,"height":75,"caption":"HubEnergy"},"image":{"@id":"https:\/\/akum.lv\/#\/schema\/logo\/image\/"}}]}},"brands":[],"_links":{"self":[{"href":"https:\/\/akum.lv\/ru\/wp-json\/wp\/v2\/product\/18087","targetHints":{"allow":["GET"]}}],"collection":[{"href":"https:\/\/akum.lv\/ru\/wp-json\/wp\/v2\/product"}],"about":[{"href":"https:\/\/akum.lv\/ru\/wp-json\/wp\/v2\/types\/product"}],"wp:featuredmedia":[{"embeddable":true,"href":"https:\/\/akum.lv\/ru\/wp-json\/wp\/v2\/media\/18072"}],"wp:attachment":[{"href":"https:\/\/akum.lv\/ru\/wp-json\/wp\/v2\/media?parent=18087"}],"wp:term":[{"taxonomy":"pwb-brand","embeddable":true,"href":"https:\/\/akum.lv\/ru\/wp-json\/wp\/v2\/pwb-brand?post=18087"},{"taxonomy":"product_brand","embeddable":true,"href":"https:\/\/akum.lv\/ru\/wp-json\/wp\/v2\/product_brand?post=18087"},{"taxonomy":"product_cat","embeddable":true,"href":"https:\/\/akum.lv\/ru\/wp-json\/wp\/v2\/product_cat?post=18087"},{"taxonomy":"product_tag","embeddable":true,"href":"https:\/\/akum.lv\/ru\/wp-json\/wp\/v2\/product_tag?post=18087"}],"curies":[{"name":"wp","href":"https:\/\/api.w.org\/{rel}","templated":true}]}}