{"id":17612,"date":"2025-07-07T11:14:06","date_gmt":"2025-07-07T11:14:06","guid":{"rendered":"https:\/\/akum.lv\/prece\/pacer-p125-6v-c5-191ah-c20-235ah-deep-cycle-flooded-wet-lead-acid-battery-l262-w181-h273\/"},"modified":"2025-11-25T09:27:27","modified_gmt":"2025-11-25T09:27:27","slug":"pacer-p125-6v-c5-191ah-c20-235ah-deep-cycle-flooded-wet-lead-acid-battery-l262-w181-h273","status":"publish","type":"product","link":"https:\/\/akum.lv\/ru\/prece\/pacer-p125-6v-c5-191ah-c20-235ah-deep-cycle-flooded-wet-lead-acid-battery-l262-w181-h273\/","title":{"rendered":"PACER P125 6V C5-191Ah; C20-235Ah Deep cycle Flooded\/Wet Lead-Acid battery (L262 W181 H273)"},"content":{"rendered":"","protected":false},"excerpt":{"rendered":"<p data-start=\"89\" data-end=\"146\"><strong data-start=\"89\" data-end=\"146\">TROJAN PACER P125 \u2013 6V Deep-Cycle FLOODED akumulators<\/strong><\/p>\n<p style=\"text-align: center;\"><span style=\"font-size: 21px; color: #000080;\"><strong>TROJAN PACER P125<\/strong><\/span><\/p>\n<p><strong>Klasisks 6V dzi\u013cizl\u0101des akumulators ar \u0161\u0137idru elektrol\u012btu no pasaul\u0113 atz\u012bt\u0101 ra\u017eot\u0101ja TROJAN<\/strong><\/p>\n<p>Pacer P125 ir uzticams deep-cycle akumulators, kas paredz\u0113ts industri\u0101lai un profesion\u0101lai tehnikai \u2013 golfa rati\u0146iem, pac\u0113l\u0101jiem, t\u012br\u012b\u0161anas iek\u0101rt\u0101m, noliktavu tehnikai un \u0161\u0137\u0113rveida pac\u0113l\u0101jiem. Augsta veiktsp\u0113ja un ilgs kalpo\u0161anas laiks.<\/p>\n<p><strong>\u041a\u043b\u0430\u0441\u0441\u0438\u0447\u0435\u0441\u043a\u0438\u0439 6\u0412 \u0442\u044f\u0433\u043e\u0432\u044b\u0439 \u0430\u043a\u043a\u0443\u043c\u0443\u043b\u044f\u0442\u043e\u0440 \u0441 \u0436\u0438\u0434\u043a\u0438\u043c \u044d\u043b\u0435\u043a\u0442\u0440\u043e\u043b\u0438\u0442\u043e\u043c \u043e\u0442 \u0430\u043c\u0435\u0440\u0438\u043a\u0430\u043d\u0441\u043a\u043e\u0433\u043e \u0431\u0440\u0435\u043d\u0434\u0430 TROJAN<\/strong><\/p>\n<p>Pacer P125 \u2014 \u043d\u0430\u0434\u0451\u0436\u043d\u0430\u044f \u0431\u0430\u0442\u0430\u0440\u0435\u044f \u0433\u043b\u0443\u0431\u043e\u043a\u043e\u0433\u043e \u0440\u0430\u0437\u0440\u044f\u0434\u0430, \u043f\u0440\u0435\u0434\u043d\u0430\u0437\u043d\u0430\u0447\u0435\u043d\u043d\u0430\u044f \u0434\u043b\u044f \u0438\u0441\u043f\u043e\u043b\u044c\u0437\u043e\u0432\u0430\u043d\u0438\u044f \u0432 \u0433\u043e\u043b\u044c\u0444\u043a\u0430\u0440\u0430\u0445, \u043f\u043e\u0434\u044a\u0435\u043c\u043d\u0438\u043a\u0430\u0445, \u0443\u0431\u043e\u0440\u043e\u0447\u043d\u043e\u0439 \u0438 \u0441\u043a\u043b\u0430\u0434\u0441\u043a\u043e\u0439 \u0442\u0435\u0445\u043d\u0438\u043a\u0435, \u0430 \u0442\u0430\u043a\u0436\u0435 \u0432 \u043d\u043e\u0436\u043d\u0438\u0447\u043d\u044b\u0445 \u043f\u043e\u0434\u044a\u0451\u043c\u043d\u0438\u043a\u0430\u0445. \u0412\u044b\u0441\u043e\u043a\u0430\u044f \u0434\u043e\u043b\u0433\u043e\u0432\u0435\u0447\u043d\u043e\u0441\u0442\u044c \u0438 \u0441\u0442\u0430\u0431\u0438\u043b\u044c\u043d\u0430\u044f \u0440\u0430\u0431\u043e\u0442\u0430.<\/p>\n<p><strong>Classic 6V deep-cycle battery with flooded electrolyte from trusted US brand TROJAN<\/strong><\/p>\n<p>The Pacer P125 is a robust flooded 6V battery ideal for golf carts, lifts, cleaning machines, warehouse equipment and scissor lifts. Reliable performance and extended life cycle for industrial-grade use.<\/p>\n<hr \/>\n<ul style=\"padding-left: 0;\">\n<li><a style=\"text-decoration: none; font-weight: bold; color: #cc0000;\" href=\"https:\/\/akum.lv\/wp-content\/uploads\/2025\/07\/pacer-p125_datasheet.pdf\" target=\"_blank\" rel=\"noopener\"><br \/>\n<img decoding=\"async\" style=\"height: 20px; vertical-align: middle; margin-right: 6px;\" src=\"https:\/\/upload.wikimedia.org\/wikipedia\/commons\/8\/87\/PDF_file_icon.svg\" alt=\"PDF\" \/><br \/>\n\ud83d\udcc4 Pacer P125 Datasheet (PDF)<br \/>\n<\/a><\/li>\n<\/ul>\n","protected":false},"featured_media":17601,"template":"","meta":[],"pwb-brand":[330],"product_brand":[],"product_cat":[276,267,279,614],"product_tag":[],"class_list":{"0":"post-17612","1":"product","2":"type-product","3":"status-publish","4":"has-post-thumbnail","6":"pwb-brand-trojan-ru","7":"product_cat-akkumuljatory-wet-flooded-deep-cycle-1200-cycles-50-dod","8":"product_cat-akumulatori-elektro-transportam","9":"product_cat-akkumuljatory-dlja-nozhnichnyh-platform-stroitelnoj-i-skladskoj-tehniki","10":"product_cat-batteries-cleaning-equipment","11":"pif-has-gallery","13":"first","14":"instock","15":"taxable","16":"shipping-taxable","17":"purchasable","18":"product-type-simple"},"yoast_head":"<!-- This site is optimized with the Yoast SEO plugin v26.7 - https:\/\/yoast.com\/wordpress\/plugins\/seo\/ -->\n<title>PACER P125 6V C5-191Ah; C20-235Ah Deep cycle Flooded\/Wet Lead-Acid battery (L262 W181 H273) - www.akum.lv<\/title>\n<meta name=\"robots\" content=\"index, follow, max-snippet:-1, max-image-preview:large, max-video-preview:-1\" \/>\n<link rel=\"canonical\" href=\"https:\/\/akum.lv\/ru\/prece\/pacer-p125-6v-c5-191ah-c20-235ah-deep-cycle-flooded-wet-lead-acid-battery-l262-w181-h273\/\" \/>\n<meta property=\"og:locale\" content=\"ru_RU\" \/>\n<meta property=\"og:type\" content=\"article\" \/>\n<meta property=\"og:title\" content=\"PACER P125 6V C5-191Ah; C20-235Ah Deep cycle Flooded\/Wet Lead-Acid battery (L262 W181 H273) - www.akum.lv\" \/>\n<meta property=\"og:description\" content=\"TROJAN PACER P125 \u2013 6V Deep-Cycle FLOODED akumulators TROJAN PACER P125 Klasisks 6V dzi\u013cizl\u0101des akumulators ar \u0161\u0137idru elektrol\u012btu no pasaul\u0113 atz\u012bt\u0101 ra\u017eot\u0101ja TROJAN  Pacer P125 ir uzticams deep-cycle akumulators, kas paredz\u0113ts industri\u0101lai un profesion\u0101lai tehnikai \u2013 golfa rati\u0146iem, pac\u0113l\u0101jiem, t\u012br\u012b\u0161anas iek\u0101rt\u0101m, noliktavu tehnikai un \u0161\u0137\u0113rveida pac\u0113l\u0101jiem. Augsta veiktsp\u0113ja un ilgs kalpo\u0161anas laiks.  \u041a\u043b\u0430\u0441\u0441\u0438\u0447\u0435\u0441\u043a\u0438\u0439 6\u0412 \u0442\u044f\u0433\u043e\u0432\u044b\u0439 \u0430\u043a\u043a\u0443\u043c\u0443\u043b\u044f\u0442\u043e\u0440 \u0441 \u0436\u0438\u0434\u043a\u0438\u043c \u044d\u043b\u0435\u043a\u0442\u0440\u043e\u043b\u0438\u0442\u043e\u043c \u043e\u0442 \u0430\u043c\u0435\u0440\u0438\u043a\u0430\u043d\u0441\u043a\u043e\u0433\u043e \u0431\u0440\u0435\u043d\u0434\u0430 TROJAN  Pacer P125 \u2014 \u043d\u0430\u0434\u0451\u0436\u043d\u0430\u044f \u0431\u0430\u0442\u0430\u0440\u0435\u044f \u0433\u043b\u0443\u0431\u043e\u043a\u043e\u0433\u043e \u0440\u0430\u0437\u0440\u044f\u0434\u0430, \u043f\u0440\u0435\u0434\u043d\u0430\u0437\u043d\u0430\u0447\u0435\u043d\u043d\u0430\u044f \u0434\u043b\u044f \u0438\u0441\u043f\u043e\u043b\u044c\u0437\u043e\u0432\u0430\u043d\u0438\u044f \u0432 \u0433\u043e\u043b\u044c\u0444\u043a\u0430\u0440\u0430\u0445, \u043f\u043e\u0434\u044a\u0435\u043c\u043d\u0438\u043a\u0430\u0445, \u0443\u0431\u043e\u0440\u043e\u0447\u043d\u043e\u0439 \u0438 \u0441\u043a\u043b\u0430\u0434\u0441\u043a\u043e\u0439 \u0442\u0435\u0445\u043d\u0438\u043a\u0435, \u0430 \u0442\u0430\u043a\u0436\u0435 \u0432 \u043d\u043e\u0436\u043d\u0438\u0447\u043d\u044b\u0445 \u043f\u043e\u0434\u044a\u0451\u043c\u043d\u0438\u043a\u0430\u0445. \u0412\u044b\u0441\u043e\u043a\u0430\u044f \u0434\u043e\u043b\u0433\u043e\u0432\u0435\u0447\u043d\u043e\u0441\u0442\u044c \u0438 \u0441\u0442\u0430\u0431\u0438\u043b\u044c\u043d\u0430\u044f \u0440\u0430\u0431\u043e\u0442\u0430.  Classic 6V deep-cycle battery with flooded electrolyte from trusted US brand TROJAN  The Pacer P125 is a robust flooded 6V battery ideal for golf carts, lifts, cleaning machines, warehouse equipment and scissor lifts. Reliable performance and extended life cycle for industrial-grade use.        \ud83d\udcc4 Pacer P125 Datasheet (PDF)\" \/>\n<meta property=\"og:url\" content=\"https:\/\/akum.lv\/ru\/prece\/pacer-p125-6v-c5-191ah-c20-235ah-deep-cycle-flooded-wet-lead-acid-battery-l262-w181-h273\/\" \/>\n<meta property=\"og:site_name\" content=\"www.akum.lv\" \/>\n<meta property=\"article:modified_time\" content=\"2025-11-25T09:27:27+00:00\" \/>\n<meta property=\"og:image\" content=\"https:\/\/akum.lv\/wp-content\/uploads\/2025\/07\/p-125-pacer-ft.jpg\" \/>\n\t<meta property=\"og:image:width\" content=\"400\" \/>\n\t<meta property=\"og:image:height\" content=\"379\" \/>\n\t<meta property=\"og:image:type\" content=\"image\/jpeg\" \/>\n<meta name=\"twitter:card\" content=\"summary_large_image\" \/>\n<meta name=\"twitter:label1\" content=\"\u041f\u0440\u0438\u043c\u0435\u0440\u043d\u043e\u0435 \u0432\u0440\u0435\u043c\u044f \u0434\u043b\u044f \u0447\u0442\u0435\u043d\u0438\u044f\" \/>\n\t<meta name=\"twitter:data1\" content=\"1 \u043c\u0438\u043d\u0443\u0442\u0430\" \/>\n<script type=\"application\/ld+json\" class=\"yoast-schema-graph\">{\"@context\":\"https:\/\/schema.org\",\"@graph\":[{\"@type\":\"WebPage\",\"@id\":\"https:\/\/akum.lv\/ru\/prece\/pacer-p125-6v-c5-191ah-c20-235ah-deep-cycle-flooded-wet-lead-acid-battery-l262-w181-h273\/\",\"url\":\"https:\/\/akum.lv\/ru\/prece\/pacer-p125-6v-c5-191ah-c20-235ah-deep-cycle-flooded-wet-lead-acid-battery-l262-w181-h273\/\",\"name\":\"PACER P125 6V C5-191Ah; C20-235Ah Deep cycle Flooded\/Wet Lead-Acid battery (L262 W181 H273) - www.akum.lv\",\"isPartOf\":{\"@id\":\"https:\/\/akum.lv\/#website\"},\"primaryImageOfPage\":{\"@id\":\"https:\/\/akum.lv\/ru\/prece\/pacer-p125-6v-c5-191ah-c20-235ah-deep-cycle-flooded-wet-lead-acid-battery-l262-w181-h273\/#primaryimage\"},\"image\":{\"@id\":\"https:\/\/akum.lv\/ru\/prece\/pacer-p125-6v-c5-191ah-c20-235ah-deep-cycle-flooded-wet-lead-acid-battery-l262-w181-h273\/#primaryimage\"},\"thumbnailUrl\":\"https:\/\/akum.lv\/wp-content\/uploads\/2025\/07\/p-125-pacer-ft.jpg\",\"datePublished\":\"2025-07-07T11:14:06+00:00\",\"dateModified\":\"2025-11-25T09:27:27+00:00\",\"breadcrumb\":{\"@id\":\"https:\/\/akum.lv\/ru\/prece\/pacer-p125-6v-c5-191ah-c20-235ah-deep-cycle-flooded-wet-lead-acid-battery-l262-w181-h273\/#breadcrumb\"},\"inLanguage\":\"ru-RU\",\"potentialAction\":[{\"@type\":\"ReadAction\",\"target\":[\"https:\/\/akum.lv\/ru\/prece\/pacer-p125-6v-c5-191ah-c20-235ah-deep-cycle-flooded-wet-lead-acid-battery-l262-w181-h273\/\"]}]},{\"@type\":\"ImageObject\",\"inLanguage\":\"ru-RU\",\"@id\":\"https:\/\/akum.lv\/ru\/prece\/pacer-p125-6v-c5-191ah-c20-235ah-deep-cycle-flooded-wet-lead-acid-battery-l262-w181-h273\/#primaryimage\",\"url\":\"https:\/\/akum.lv\/wp-content\/uploads\/2025\/07\/p-125-pacer-ft.jpg\",\"contentUrl\":\"https:\/\/akum.lv\/wp-content\/uploads\/2025\/07\/p-125-pacer-ft.jpg\",\"width\":400,\"height\":379},{\"@type\":\"BreadcrumbList\",\"@id\":\"https:\/\/akum.lv\/ru\/prece\/pacer-p125-6v-c5-191ah-c20-235ah-deep-cycle-flooded-wet-lead-acid-battery-l262-w181-h273\/#breadcrumb\",\"itemListElement\":[{\"@type\":\"ListItem\",\"position\":1,\"name\":\"\u0413\u043b\u0430\u0432\u043d\u0430\u044f \u0441\u0442\u0440\u0430\u043d\u0438\u0446\u0430\",\"item\":\"https:\/\/akum.lv\/ru\/\"},{\"@type\":\"ListItem\",\"position\":2,\"name\":\"PRECES\",\"item\":\"https:\/\/akum.lv\/produkti-preces\/\"},{\"@type\":\"ListItem\",\"position\":3,\"name\":\"PACER P125 6V C5-191Ah; C20-235Ah Deep cycle Flooded\/Wet Lead-Acid battery (L262 W181 H273)\"}]},{\"@type\":\"WebSite\",\"@id\":\"https:\/\/akum.lv\/#website\",\"url\":\"https:\/\/akum.lv\/\",\"name\":\"www.akum.lv\",\"description\":\"Akumulatoru p\u0101rdev\u0113js | \u041f\u0440\u043e\u0434\u0430\u0432\u0435\u0446 \u0430\u043a\u043a\u0443\u043c\u0443\u043b\u044f\u0442\u043e\u0440\u043e\u0432 | Battery seller\",\"publisher\":{\"@id\":\"https:\/\/akum.lv\/#organization\"},\"potentialAction\":[{\"@type\":\"SearchAction\",\"target\":{\"@type\":\"EntryPoint\",\"urlTemplate\":\"https:\/\/akum.lv\/?s={search_term_string}\"},\"query-input\":{\"@type\":\"PropertyValueSpecification\",\"valueRequired\":true,\"valueName\":\"search_term_string\"}}],\"inLanguage\":\"ru-RU\"},{\"@type\":\"Organization\",\"@id\":\"https:\/\/akum.lv\/#organization\",\"name\":\"HubEnergy\",\"url\":\"https:\/\/akum.lv\/\",\"logo\":{\"@type\":\"ImageObject\",\"inLanguage\":\"ru-RU\",\"@id\":\"https:\/\/akum.lv\/#\/schema\/logo\/image\/\",\"url\":\"https:\/\/akum.lv\/wp-content\/uploads\/2018\/08\/Logo-hub-energy-2018-seller-dark-blue.png\",\"contentUrl\":\"https:\/\/akum.lv\/wp-content\/uploads\/2018\/08\/Logo-hub-energy-2018-seller-dark-blue.png\",\"width\":381,\"height\":75,\"caption\":\"HubEnergy\"},\"image\":{\"@id\":\"https:\/\/akum.lv\/#\/schema\/logo\/image\/\"}}]}<\/script>\n<!-- \/ Yoast SEO plugin. -->","yoast_head_json":{"title":"PACER P125 6V C5-191Ah; C20-235Ah Deep cycle Flooded\/Wet Lead-Acid battery (L262 W181 H273) - www.akum.lv","robots":{"index":"index","follow":"follow","max-snippet":"max-snippet:-1","max-image-preview":"max-image-preview:large","max-video-preview":"max-video-preview:-1"},"canonical":"https:\/\/akum.lv\/ru\/prece\/pacer-p125-6v-c5-191ah-c20-235ah-deep-cycle-flooded-wet-lead-acid-battery-l262-w181-h273\/","og_locale":"ru_RU","og_type":"article","og_title":"PACER P125 6V C5-191Ah; C20-235Ah Deep cycle Flooded\/Wet Lead-Acid battery (L262 W181 H273) - www.akum.lv","og_description":"TROJAN PACER P125 \u2013 6V Deep-Cycle FLOODED akumulators TROJAN PACER P125 Klasisks 6V dzi\u013cizl\u0101des akumulators ar \u0161\u0137idru elektrol\u012btu no pasaul\u0113 atz\u012bt\u0101 ra\u017eot\u0101ja TROJAN  Pacer P125 ir uzticams deep-cycle akumulators, kas paredz\u0113ts industri\u0101lai un profesion\u0101lai tehnikai \u2013 golfa rati\u0146iem, pac\u0113l\u0101jiem, t\u012br\u012b\u0161anas iek\u0101rt\u0101m, noliktavu tehnikai un \u0161\u0137\u0113rveida pac\u0113l\u0101jiem. Augsta veiktsp\u0113ja un ilgs kalpo\u0161anas laiks.  \u041a\u043b\u0430\u0441\u0441\u0438\u0447\u0435\u0441\u043a\u0438\u0439 6\u0412 \u0442\u044f\u0433\u043e\u0432\u044b\u0439 \u0430\u043a\u043a\u0443\u043c\u0443\u043b\u044f\u0442\u043e\u0440 \u0441 \u0436\u0438\u0434\u043a\u0438\u043c \u044d\u043b\u0435\u043a\u0442\u0440\u043e\u043b\u0438\u0442\u043e\u043c \u043e\u0442 \u0430\u043c\u0435\u0440\u0438\u043a\u0430\u043d\u0441\u043a\u043e\u0433\u043e \u0431\u0440\u0435\u043d\u0434\u0430 TROJAN  Pacer P125 \u2014 \u043d\u0430\u0434\u0451\u0436\u043d\u0430\u044f \u0431\u0430\u0442\u0430\u0440\u0435\u044f \u0433\u043b\u0443\u0431\u043e\u043a\u043e\u0433\u043e \u0440\u0430\u0437\u0440\u044f\u0434\u0430, \u043f\u0440\u0435\u0434\u043d\u0430\u0437\u043d\u0430\u0447\u0435\u043d\u043d\u0430\u044f \u0434\u043b\u044f \u0438\u0441\u043f\u043e\u043b\u044c\u0437\u043e\u0432\u0430\u043d\u0438\u044f \u0432 \u0433\u043e\u043b\u044c\u0444\u043a\u0430\u0440\u0430\u0445, \u043f\u043e\u0434\u044a\u0435\u043c\u043d\u0438\u043a\u0430\u0445, \u0443\u0431\u043e\u0440\u043e\u0447\u043d\u043e\u0439 \u0438 \u0441\u043a\u043b\u0430\u0434\u0441\u043a\u043e\u0439 \u0442\u0435\u0445\u043d\u0438\u043a\u0435, \u0430 \u0442\u0430\u043a\u0436\u0435 \u0432 \u043d\u043e\u0436\u043d\u0438\u0447\u043d\u044b\u0445 \u043f\u043e\u0434\u044a\u0451\u043c\u043d\u0438\u043a\u0430\u0445. \u0412\u044b\u0441\u043e\u043a\u0430\u044f \u0434\u043e\u043b\u0433\u043e\u0432\u0435\u0447\u043d\u043e\u0441\u0442\u044c \u0438 \u0441\u0442\u0430\u0431\u0438\u043b\u044c\u043d\u0430\u044f \u0440\u0430\u0431\u043e\u0442\u0430.  Classic 6V deep-cycle battery with flooded electrolyte from trusted US brand TROJAN  The Pacer P125 is a robust flooded 6V battery ideal for golf carts, lifts, cleaning machines, warehouse equipment and scissor lifts. Reliable performance and extended life cycle for industrial-grade use.        \ud83d\udcc4 Pacer P125 Datasheet (PDF)","og_url":"https:\/\/akum.lv\/ru\/prece\/pacer-p125-6v-c5-191ah-c20-235ah-deep-cycle-flooded-wet-lead-acid-battery-l262-w181-h273\/","og_site_name":"www.akum.lv","article_modified_time":"2025-11-25T09:27:27+00:00","og_image":[{"width":400,"height":379,"url":"https:\/\/akum.lv\/wp-content\/uploads\/2025\/07\/p-125-pacer-ft.jpg","type":"image\/jpeg"}],"twitter_card":"summary_large_image","twitter_misc":{"\u041f\u0440\u0438\u043c\u0435\u0440\u043d\u043e\u0435 \u0432\u0440\u0435\u043c\u044f \u0434\u043b\u044f \u0447\u0442\u0435\u043d\u0438\u044f":"1 \u043c\u0438\u043d\u0443\u0442\u0430"},"schema":{"@context":"https:\/\/schema.org","@graph":[{"@type":"WebPage","@id":"https:\/\/akum.lv\/ru\/prece\/pacer-p125-6v-c5-191ah-c20-235ah-deep-cycle-flooded-wet-lead-acid-battery-l262-w181-h273\/","url":"https:\/\/akum.lv\/ru\/prece\/pacer-p125-6v-c5-191ah-c20-235ah-deep-cycle-flooded-wet-lead-acid-battery-l262-w181-h273\/","name":"PACER P125 6V C5-191Ah; C20-235Ah Deep cycle Flooded\/Wet Lead-Acid battery (L262 W181 H273) - www.akum.lv","isPartOf":{"@id":"https:\/\/akum.lv\/#website"},"primaryImageOfPage":{"@id":"https:\/\/akum.lv\/ru\/prece\/pacer-p125-6v-c5-191ah-c20-235ah-deep-cycle-flooded-wet-lead-acid-battery-l262-w181-h273\/#primaryimage"},"image":{"@id":"https:\/\/akum.lv\/ru\/prece\/pacer-p125-6v-c5-191ah-c20-235ah-deep-cycle-flooded-wet-lead-acid-battery-l262-w181-h273\/#primaryimage"},"thumbnailUrl":"https:\/\/akum.lv\/wp-content\/uploads\/2025\/07\/p-125-pacer-ft.jpg","datePublished":"2025-07-07T11:14:06+00:00","dateModified":"2025-11-25T09:27:27+00:00","breadcrumb":{"@id":"https:\/\/akum.lv\/ru\/prece\/pacer-p125-6v-c5-191ah-c20-235ah-deep-cycle-flooded-wet-lead-acid-battery-l262-w181-h273\/#breadcrumb"},"inLanguage":"ru-RU","potentialAction":[{"@type":"ReadAction","target":["https:\/\/akum.lv\/ru\/prece\/pacer-p125-6v-c5-191ah-c20-235ah-deep-cycle-flooded-wet-lead-acid-battery-l262-w181-h273\/"]}]},{"@type":"ImageObject","inLanguage":"ru-RU","@id":"https:\/\/akum.lv\/ru\/prece\/pacer-p125-6v-c5-191ah-c20-235ah-deep-cycle-flooded-wet-lead-acid-battery-l262-w181-h273\/#primaryimage","url":"https:\/\/akum.lv\/wp-content\/uploads\/2025\/07\/p-125-pacer-ft.jpg","contentUrl":"https:\/\/akum.lv\/wp-content\/uploads\/2025\/07\/p-125-pacer-ft.jpg","width":400,"height":379},{"@type":"BreadcrumbList","@id":"https:\/\/akum.lv\/ru\/prece\/pacer-p125-6v-c5-191ah-c20-235ah-deep-cycle-flooded-wet-lead-acid-battery-l262-w181-h273\/#breadcrumb","itemListElement":[{"@type":"ListItem","position":1,"name":"\u0413\u043b\u0430\u0432\u043d\u0430\u044f \u0441\u0442\u0440\u0430\u043d\u0438\u0446\u0430","item":"https:\/\/akum.lv\/ru\/"},{"@type":"ListItem","position":2,"name":"PRECES","item":"https:\/\/akum.lv\/produkti-preces\/"},{"@type":"ListItem","position":3,"name":"PACER P125 6V C5-191Ah; C20-235Ah Deep cycle Flooded\/Wet Lead-Acid battery (L262 W181 H273)"}]},{"@type":"WebSite","@id":"https:\/\/akum.lv\/#website","url":"https:\/\/akum.lv\/","name":"www.akum.lv","description":"Akumulatoru p\u0101rdev\u0113js | \u041f\u0440\u043e\u0434\u0430\u0432\u0435\u0446 \u0430\u043a\u043a\u0443\u043c\u0443\u043b\u044f\u0442\u043e\u0440\u043e\u0432 | Battery seller","publisher":{"@id":"https:\/\/akum.lv\/#organization"},"potentialAction":[{"@type":"SearchAction","target":{"@type":"EntryPoint","urlTemplate":"https:\/\/akum.lv\/?s={search_term_string}"},"query-input":{"@type":"PropertyValueSpecification","valueRequired":true,"valueName":"search_term_string"}}],"inLanguage":"ru-RU"},{"@type":"Organization","@id":"https:\/\/akum.lv\/#organization","name":"HubEnergy","url":"https:\/\/akum.lv\/","logo":{"@type":"ImageObject","inLanguage":"ru-RU","@id":"https:\/\/akum.lv\/#\/schema\/logo\/image\/","url":"https:\/\/akum.lv\/wp-content\/uploads\/2018\/08\/Logo-hub-energy-2018-seller-dark-blue.png","contentUrl":"https:\/\/akum.lv\/wp-content\/uploads\/2018\/08\/Logo-hub-energy-2018-seller-dark-blue.png","width":381,"height":75,"caption":"HubEnergy"},"image":{"@id":"https:\/\/akum.lv\/#\/schema\/logo\/image\/"}}]}},"brands":[{"id":330,"name":"TROJAN","slug":"trojan-ru"}],"_links":{"self":[{"href":"https:\/\/akum.lv\/ru\/wp-json\/wp\/v2\/product\/17612","targetHints":{"allow":["GET"]}}],"collection":[{"href":"https:\/\/akum.lv\/ru\/wp-json\/wp\/v2\/product"}],"about":[{"href":"https:\/\/akum.lv\/ru\/wp-json\/wp\/v2\/types\/product"}],"wp:featuredmedia":[{"embeddable":true,"href":"https:\/\/akum.lv\/ru\/wp-json\/wp\/v2\/media\/17601"}],"wp:attachment":[{"href":"https:\/\/akum.lv\/ru\/wp-json\/wp\/v2\/media?parent=17612"}],"wp:term":[{"taxonomy":"pwb-brand","embeddable":true,"href":"https:\/\/akum.lv\/ru\/wp-json\/wp\/v2\/pwb-brand?post=17612"},{"taxonomy":"product_brand","embeddable":true,"href":"https:\/\/akum.lv\/ru\/wp-json\/wp\/v2\/product_brand?post=17612"},{"taxonomy":"product_cat","embeddable":true,"href":"https:\/\/akum.lv\/ru\/wp-json\/wp\/v2\/product_cat?post=17612"},{"taxonomy":"product_tag","embeddable":true,"href":"https:\/\/akum.lv\/ru\/wp-json\/wp\/v2\/product_tag?post=17612"}],"curies":[{"name":"wp","href":"https:\/\/api.w.org\/{rel}","templated":true}]}}