{"id":17093,"date":"2025-02-13T20:14:58","date_gmt":"2025-02-13T20:14:58","guid":{"rendered":"https:\/\/akum.lv\/prece\/12-8v-60ah-lithium-battery-lj-batteries-ej1260bs-lifepo4-768wh-cca1000a-l279-w175-h189\/"},"modified":"2026-04-16T11:03:23","modified_gmt":"2026-04-16T11:03:23","slug":"12-8v-60ah-lithium-battery-lj-batteries-ej1260bs-lifepo4-768wh-cca1000a-l279-w175-h189","status":"publish","type":"product","link":"https:\/\/akum.lv\/ru\/prece\/12-8v-60ah-lithium-battery-lj-batteries-ej1260bs-lifepo4-768wh-cca1000a-l279-w175-h189\/","title":{"rendered":"12.8V-60Ah LiFePO4 E&#038;J Technology EJ1260BS | Lithium battery (768Wh-CCA1000A) L279 W175 H189"},"content":{"rendered":"","protected":false},"excerpt":{"rendered":"<p>12.8V-60Ah Lithium battery L&amp;J-Batteries EJ1260BS LiFePO4 (768Wh\/CCA1000A) L279 W175 H189<\/p>\n<p><span style=\"color: #333399;\"><strong>Div\u0113j\u0101da lietojuma akumulators: Starteris un vilces akumulators vien\u0101 korpus\u0101.<\/strong><\/span><br \/>\n<span style=\"color: #333399;\"><strong>\u0411\u0430\u0442\u0430\u0440\u0435\u044f \u0434\u0432\u043e\u0439\u043d\u043e\u0433\u043e \u043d\u0430\u0437\u043d\u0430\u0447\u0435\u043d\u0438\u044f: \u0421\u0442\u0430\u0440\u0442\u0435\u0440\u043d\u0430\u044f \u0438 \u0442\u044f\u0433\u043e\u0432\u0430\u044f \u0431\u0430\u0442\u0430\u0440\u0435\u044f \u0432 \u043e\u0434\u043d\u043e\u043c \u043a\u043e\u0440\u043f\u0443\u0441\u0435.<\/strong><\/span><\/p>\n<p><span style=\"color: #ff0000;\"><em><strong>Unik\u0101ls litija akumulators!<\/strong><\/em><\/span><br \/>\n<strong>Tas var darboties k\u0101 starter baterija iek\u0161dedzes dzin\u0113ja iedarbin\u0101\u0161anai un k\u0101 baterija deep cycle!<\/strong><br \/>\n<strong>Ir ieb\u016bv\u0113ts\u00a0<span style=\"color: #0000ff;\">Bluetooth<\/span>\u00a0un\u00a0<span style=\"color: #ff0000;\">Self-heating<\/span>\u00a0(Iek\u0161\u0113j\u0101 apkure)!<\/strong><br \/>\n<strong>Kas \u013cauj \u0161o akumulatoru uzl\u0101d\u0113t gandr\u012bz jebkuros apst\u0101k\u013cos!<\/strong><br \/>\n<strong>\u0412\u0441\u0442\u0440\u043e\u0435\u043d\u043d\u044b\u0439\u00a0<span style=\"color: #0000ff;\">Bluetooth<\/span>\u00a0\u0438\u00a0<span style=\"color: #ff0000;\">Self-heating<\/span>\u00a0(\u0432\u043d\u0443\u0442\u0440\u0435\u043d\u043d\u0438\u0439 \u043e\u0431\u043e\u0433\u0440\u0435\u0432)!<\/strong><br \/>\n<strong>\u0427\u0442\u043e \u043f\u043e\u0437\u0432\u043e\u043b\u044f\u0435\u0442 \u0437\u0430\u0440\u044f\u0436\u0430\u0442\u044c \u044d\u0442\u043e\u0442 \u0430\u043a\u043a\u0443\u043c\u0443\u043b\u044f\u0442\u043e\u0440 \u043f\u0440\u0430\u043a\u0442\u0438\u0447\u0435\u0441\u043a\u0438 \u0432 \u043b\u044e\u0431\u044b\u0445 \u0443\u0441\u043b\u043e\u0432\u0438\u044f\u0445!<\/strong><\/p>\n<p><img loading=\"lazy\" decoding=\"async\" class=\"alignnone size-full wp-image-11436\" src=\"https:\/\/akum.lv\/wp-content\/uploads\/2021\/12\/pdf-icon.png\" alt=\"\" width=\"50\" height=\"50\" \/> &#8212;<strong> <a href=\"https:\/\/akum.lv\/wp-content\/uploads\/2025\/02\/12.8v-60ah_ej1260bs-1000cca_bluetoothe-heiting.pdf\">12.8V-60Ah_EJ1260BS-1000CCA_Bluetoothe &amp; Heiting<\/a><\/strong><\/p>\n<p><strong>LiFePO4 Akumulators div\u0113j\u0101da lietojuma !<\/strong><br \/>\nTas var darboties k\u0101 starter baterija iek\u0161dedzes dzin\u0113ja iedarbin\u0101\u0161anai un k\u0101 baterija\u00a0<strong>deep cycle<\/strong>!<\/p>\n<p><strong>LiFePO4 \u0411\u0430\u0442\u0430\u0440\u0435\u044f \u0434\u0432\u043e\u0439\u043d\u043e\u0433\u043e \u043d\u0430\u0437\u043d\u0430\u0447\u0435\u043d\u0438\u044f!<\/strong><br \/>\n\u041c\u043e\u0436\u0435\u0442 \u0440\u0430\u0431\u043e\u0442\u0430\u0442\u044c \u043a\u0430\u043a \u0441\u0442\u0430\u0440\u0442\u0435\u0440\u043d\u044b\u0439 \u0430\u043a\u043a\u0443\u043c\u0443\u043b\u044f\u0442\u043e\u0440 \u0434\u043b\u044f \u0437\u0430\u043f\u0443\u0441\u043a\u0430 \u0434\u0432\u0438\u0433\u0430\u0442\u0435\u043b\u044f \u0432\u043d\u0443\u0442\u0440\u0435\u043d\u043d\u0435\u0433\u043e \u0441\u0433\u043e\u0440\u0430\u043d\u0438\u044f \u0438 \u043a\u0430\u043a \u0430\u043a\u043a\u0443\u043c\u0443\u043b\u044f\u0442\u043e\u0440\u00a0<strong>deep cycle\u00a0<\/strong>\u0446\u0438\u043a\u043b\u0438\u0447\u043d\u043e\u0433\u043e \u0433\u043b\u0443\u0431\u043e\u043a\u043e\u0433\u043e \u0440\u0430\u0437\u0440\u044f\u0434\u0430!<\/p>\n<p><strong>LiFePO4 Battery dual purpose !<\/strong><br \/>\nCan work as a starter battery to start an internal combustion engine and as a\u00a0<strong>deep cycle<\/strong>\u00a0battery!<\/p>\n","protected":false},"featured_media":17091,"template":"","meta":[],"pwb-brand":[864],"product_brand":[],"product_cat":[639,270,272,273,267],"product_tag":[],"class_list":{"0":"post-17093","1":"product","2":"type-product","3":"status-publish","4":"has-post-thumbnail","6":"pwb-brand-ej-technology-batteries-bms","7":"product_cat-lifepo4-lithium-batteries","8":"product_cat-akkumuljatory-dlja-vodnogo-transporta","9":"product_cat-akumulatori-laivu-elektromotoriem-eholotei","10":"product_cat-akkumuljatory-dlja-jaht-i-katerov","11":"product_cat-akumulatori-elektro-transportam","12":"pif-has-gallery","14":"first","15":"instock","16":"taxable","17":"shipping-taxable","18":"purchasable","19":"product-type-simple"},"yoast_head":"<!-- This site is optimized with the Yoast SEO plugin v26.7 - https:\/\/yoast.com\/wordpress\/plugins\/seo\/ -->\n<title>12.8V-60Ah LiFePO4 E&amp;J Technology EJ1260BS | Lithium battery (768Wh-CCA1000A) L279 W175 H189 - www.akum.lv<\/title>\n<meta name=\"robots\" content=\"index, follow, max-snippet:-1, max-image-preview:large, max-video-preview:-1\" \/>\n<link rel=\"canonical\" href=\"https:\/\/akum.lv\/ru\/prece\/12-8v-60ah-lithium-battery-lj-batteries-ej1260bs-lifepo4-768wh-cca1000a-l279-w175-h189\/\" \/>\n<meta property=\"og:locale\" content=\"ru_RU\" \/>\n<meta property=\"og:type\" content=\"article\" \/>\n<meta property=\"og:title\" content=\"12.8V-60Ah LiFePO4 E&amp;J Technology EJ1260BS | Lithium battery (768Wh-CCA1000A) L279 W175 H189 - www.akum.lv\" \/>\n<meta property=\"og:description\" content=\"12.8V-60Ah Lithium battery L&amp;J-Batteries EJ1260BS LiFePO4 (768Wh\/CCA1000A) L279 W175 H189  Div\u0113j\u0101da lietojuma akumulators: Starteris un vilces akumulators vien\u0101 korpus\u0101. \u0411\u0430\u0442\u0430\u0440\u0435\u044f \u0434\u0432\u043e\u0439\u043d\u043e\u0433\u043e \u043d\u0430\u0437\u043d\u0430\u0447\u0435\u043d\u0438\u044f: \u0421\u0442\u0430\u0440\u0442\u0435\u0440\u043d\u0430\u044f \u0438 \u0442\u044f\u0433\u043e\u0432\u0430\u044f \u0431\u0430\u0442\u0430\u0440\u0435\u044f \u0432 \u043e\u0434\u043d\u043e\u043c \u043a\u043e\u0440\u043f\u0443\u0441\u0435.  Unik\u0101ls litija akumulators! Tas var darboties k\u0101 starter baterija iek\u0161dedzes dzin\u0113ja iedarbin\u0101\u0161anai un k\u0101 baterija deep cycle! Ir ieb\u016bv\u0113ts\u00a0Bluetooth\u00a0un\u00a0Self-heating\u00a0(Iek\u0161\u0113j\u0101 apkure)! Kas \u013cauj \u0161o akumulatoru uzl\u0101d\u0113t gandr\u012bz jebkuros apst\u0101k\u013cos! \u0412\u0441\u0442\u0440\u043e\u0435\u043d\u043d\u044b\u0439\u00a0Bluetooth\u00a0\u0438\u00a0Self-heating\u00a0(\u0432\u043d\u0443\u0442\u0440\u0435\u043d\u043d\u0438\u0439 \u043e\u0431\u043e\u0433\u0440\u0435\u0432)! \u0427\u0442\u043e \u043f\u043e\u0437\u0432\u043e\u043b\u044f\u0435\u0442 \u0437\u0430\u0440\u044f\u0436\u0430\u0442\u044c \u044d\u0442\u043e\u0442 \u0430\u043a\u043a\u0443\u043c\u0443\u043b\u044f\u0442\u043e\u0440 \u043f\u0440\u0430\u043a\u0442\u0438\u0447\u0435\u0441\u043a\u0438 \u0432 \u043b\u044e\u0431\u044b\u0445 \u0443\u0441\u043b\u043e\u0432\u0438\u044f\u0445!   - 12.8V-60Ah_EJ1260BS-1000CCA_Bluetoothe &amp; Heiting  LiFePO4 Akumulators div\u0113j\u0101da lietojuma ! Tas var darboties k\u0101 starter baterija iek\u0161dedzes dzin\u0113ja iedarbin\u0101\u0161anai un k\u0101 baterija\u00a0deep cycle!  LiFePO4 \u0411\u0430\u0442\u0430\u0440\u0435\u044f \u0434\u0432\u043e\u0439\u043d\u043e\u0433\u043e \u043d\u0430\u0437\u043d\u0430\u0447\u0435\u043d\u0438\u044f! \u041c\u043e\u0436\u0435\u0442 \u0440\u0430\u0431\u043e\u0442\u0430\u0442\u044c \u043a\u0430\u043a \u0441\u0442\u0430\u0440\u0442\u0435\u0440\u043d\u044b\u0439 \u0430\u043a\u043a\u0443\u043c\u0443\u043b\u044f\u0442\u043e\u0440 \u0434\u043b\u044f \u0437\u0430\u043f\u0443\u0441\u043a\u0430 \u0434\u0432\u0438\u0433\u0430\u0442\u0435\u043b\u044f \u0432\u043d\u0443\u0442\u0440\u0435\u043d\u043d\u0435\u0433\u043e \u0441\u0433\u043e\u0440\u0430\u043d\u0438\u044f \u0438 \u043a\u0430\u043a \u0430\u043a\u043a\u0443\u043c\u0443\u043b\u044f\u0442\u043e\u0440\u00a0deep cycle\u00a0\u0446\u0438\u043a\u043b\u0438\u0447\u043d\u043e\u0433\u043e \u0433\u043b\u0443\u0431\u043e\u043a\u043e\u0433\u043e \u0440\u0430\u0437\u0440\u044f\u0434\u0430!  LiFePO4 Battery dual purpose ! Can work as a starter battery to start an internal combustion engine and as a\u00a0deep cycle\u00a0battery!\" \/>\n<meta property=\"og:url\" content=\"https:\/\/akum.lv\/ru\/prece\/12-8v-60ah-lithium-battery-lj-batteries-ej1260bs-lifepo4-768wh-cca1000a-l279-w175-h189\/\" \/>\n<meta property=\"og:site_name\" content=\"www.akum.lv\" \/>\n<meta property=\"article:modified_time\" content=\"2026-04-16T11:03:23+00:00\" \/>\n<meta property=\"og:image\" content=\"https:\/\/akum.lv\/wp-content\/uploads\/2025\/02\/ej1260bs.jpg\" \/>\n\t<meta property=\"og:image:width\" content=\"400\" \/>\n\t<meta property=\"og:image:height\" content=\"400\" \/>\n\t<meta property=\"og:image:type\" content=\"image\/jpeg\" \/>\n<meta name=\"twitter:card\" content=\"summary_large_image\" \/>\n<meta name=\"twitter:label1\" content=\"\u041f\u0440\u0438\u043c\u0435\u0440\u043d\u043e\u0435 \u0432\u0440\u0435\u043c\u044f \u0434\u043b\u044f \u0447\u0442\u0435\u043d\u0438\u044f\" \/>\n\t<meta name=\"twitter:data1\" content=\"1 \u043c\u0438\u043d\u0443\u0442\u0430\" \/>\n<script type=\"application\/ld+json\" class=\"yoast-schema-graph\">{\"@context\":\"https:\/\/schema.org\",\"@graph\":[{\"@type\":\"WebPage\",\"@id\":\"https:\/\/akum.lv\/ru\/prece\/12-8v-60ah-lithium-battery-lj-batteries-ej1260bs-lifepo4-768wh-cca1000a-l279-w175-h189\/\",\"url\":\"https:\/\/akum.lv\/ru\/prece\/12-8v-60ah-lithium-battery-lj-batteries-ej1260bs-lifepo4-768wh-cca1000a-l279-w175-h189\/\",\"name\":\"12.8V-60Ah LiFePO4 E&J Technology EJ1260BS | Lithium battery (768Wh-CCA1000A) L279 W175 H189 - www.akum.lv\",\"isPartOf\":{\"@id\":\"https:\/\/akum.lv\/#website\"},\"primaryImageOfPage\":{\"@id\":\"https:\/\/akum.lv\/ru\/prece\/12-8v-60ah-lithium-battery-lj-batteries-ej1260bs-lifepo4-768wh-cca1000a-l279-w175-h189\/#primaryimage\"},\"image\":{\"@id\":\"https:\/\/akum.lv\/ru\/prece\/12-8v-60ah-lithium-battery-lj-batteries-ej1260bs-lifepo4-768wh-cca1000a-l279-w175-h189\/#primaryimage\"},\"thumbnailUrl\":\"https:\/\/akum.lv\/wp-content\/uploads\/2025\/02\/ej1260bs.jpg\",\"datePublished\":\"2025-02-13T20:14:58+00:00\",\"dateModified\":\"2026-04-16T11:03:23+00:00\",\"breadcrumb\":{\"@id\":\"https:\/\/akum.lv\/ru\/prece\/12-8v-60ah-lithium-battery-lj-batteries-ej1260bs-lifepo4-768wh-cca1000a-l279-w175-h189\/#breadcrumb\"},\"inLanguage\":\"ru-RU\",\"potentialAction\":[{\"@type\":\"ReadAction\",\"target\":[\"https:\/\/akum.lv\/ru\/prece\/12-8v-60ah-lithium-battery-lj-batteries-ej1260bs-lifepo4-768wh-cca1000a-l279-w175-h189\/\"]}]},{\"@type\":\"ImageObject\",\"inLanguage\":\"ru-RU\",\"@id\":\"https:\/\/akum.lv\/ru\/prece\/12-8v-60ah-lithium-battery-lj-batteries-ej1260bs-lifepo4-768wh-cca1000a-l279-w175-h189\/#primaryimage\",\"url\":\"https:\/\/akum.lv\/wp-content\/uploads\/2025\/02\/ej1260bs.jpg\",\"contentUrl\":\"https:\/\/akum.lv\/wp-content\/uploads\/2025\/02\/ej1260bs.jpg\",\"width\":400,\"height\":400},{\"@type\":\"BreadcrumbList\",\"@id\":\"https:\/\/akum.lv\/ru\/prece\/12-8v-60ah-lithium-battery-lj-batteries-ej1260bs-lifepo4-768wh-cca1000a-l279-w175-h189\/#breadcrumb\",\"itemListElement\":[{\"@type\":\"ListItem\",\"position\":1,\"name\":\"\u0413\u043b\u0430\u0432\u043d\u0430\u044f \u0441\u0442\u0440\u0430\u043d\u0438\u0446\u0430\",\"item\":\"https:\/\/akum.lv\/ru\/\"},{\"@type\":\"ListItem\",\"position\":2,\"name\":\"PRECES\",\"item\":\"https:\/\/akum.lv\/produkti-preces\/\"},{\"@type\":\"ListItem\",\"position\":3,\"name\":\"12.8V-60Ah LiFePO4 E&#038;J Technology EJ1260BS | Lithium battery (768Wh-CCA1000A) L279 W175 H189\"}]},{\"@type\":\"WebSite\",\"@id\":\"https:\/\/akum.lv\/#website\",\"url\":\"https:\/\/akum.lv\/\",\"name\":\"www.akum.lv\",\"description\":\"Akumulatoru p\u0101rdev\u0113js | \u041f\u0440\u043e\u0434\u0430\u0432\u0435\u0446 \u0430\u043a\u043a\u0443\u043c\u0443\u043b\u044f\u0442\u043e\u0440\u043e\u0432 | Battery seller\",\"publisher\":{\"@id\":\"https:\/\/akum.lv\/#organization\"},\"potentialAction\":[{\"@type\":\"SearchAction\",\"target\":{\"@type\":\"EntryPoint\",\"urlTemplate\":\"https:\/\/akum.lv\/?s={search_term_string}\"},\"query-input\":{\"@type\":\"PropertyValueSpecification\",\"valueRequired\":true,\"valueName\":\"search_term_string\"}}],\"inLanguage\":\"ru-RU\"},{\"@type\":\"Organization\",\"@id\":\"https:\/\/akum.lv\/#organization\",\"name\":\"HubEnergy\",\"url\":\"https:\/\/akum.lv\/\",\"logo\":{\"@type\":\"ImageObject\",\"inLanguage\":\"ru-RU\",\"@id\":\"https:\/\/akum.lv\/#\/schema\/logo\/image\/\",\"url\":\"https:\/\/akum.lv\/wp-content\/uploads\/2018\/08\/Logo-hub-energy-2018-seller-dark-blue.png\",\"contentUrl\":\"https:\/\/akum.lv\/wp-content\/uploads\/2018\/08\/Logo-hub-energy-2018-seller-dark-blue.png\",\"width\":381,\"height\":75,\"caption\":\"HubEnergy\"},\"image\":{\"@id\":\"https:\/\/akum.lv\/#\/schema\/logo\/image\/\"}}]}<\/script>\n<!-- \/ Yoast SEO plugin. -->","yoast_head_json":{"title":"12.8V-60Ah LiFePO4 E&J Technology EJ1260BS | Lithium battery (768Wh-CCA1000A) L279 W175 H189 - www.akum.lv","robots":{"index":"index","follow":"follow","max-snippet":"max-snippet:-1","max-image-preview":"max-image-preview:large","max-video-preview":"max-video-preview:-1"},"canonical":"https:\/\/akum.lv\/ru\/prece\/12-8v-60ah-lithium-battery-lj-batteries-ej1260bs-lifepo4-768wh-cca1000a-l279-w175-h189\/","og_locale":"ru_RU","og_type":"article","og_title":"12.8V-60Ah LiFePO4 E&J Technology EJ1260BS | Lithium battery (768Wh-CCA1000A) L279 W175 H189 - www.akum.lv","og_description":"12.8V-60Ah Lithium battery L&amp;J-Batteries EJ1260BS LiFePO4 (768Wh\/CCA1000A) L279 W175 H189  Div\u0113j\u0101da lietojuma akumulators: Starteris un vilces akumulators vien\u0101 korpus\u0101. \u0411\u0430\u0442\u0430\u0440\u0435\u044f \u0434\u0432\u043e\u0439\u043d\u043e\u0433\u043e \u043d\u0430\u0437\u043d\u0430\u0447\u0435\u043d\u0438\u044f: \u0421\u0442\u0430\u0440\u0442\u0435\u0440\u043d\u0430\u044f \u0438 \u0442\u044f\u0433\u043e\u0432\u0430\u044f \u0431\u0430\u0442\u0430\u0440\u0435\u044f \u0432 \u043e\u0434\u043d\u043e\u043c \u043a\u043e\u0440\u043f\u0443\u0441\u0435.  Unik\u0101ls litija akumulators! Tas var darboties k\u0101 starter baterija iek\u0161dedzes dzin\u0113ja iedarbin\u0101\u0161anai un k\u0101 baterija deep cycle! Ir ieb\u016bv\u0113ts\u00a0Bluetooth\u00a0un\u00a0Self-heating\u00a0(Iek\u0161\u0113j\u0101 apkure)! Kas \u013cauj \u0161o akumulatoru uzl\u0101d\u0113t gandr\u012bz jebkuros apst\u0101k\u013cos! \u0412\u0441\u0442\u0440\u043e\u0435\u043d\u043d\u044b\u0439\u00a0Bluetooth\u00a0\u0438\u00a0Self-heating\u00a0(\u0432\u043d\u0443\u0442\u0440\u0435\u043d\u043d\u0438\u0439 \u043e\u0431\u043e\u0433\u0440\u0435\u0432)! \u0427\u0442\u043e \u043f\u043e\u0437\u0432\u043e\u043b\u044f\u0435\u0442 \u0437\u0430\u0440\u044f\u0436\u0430\u0442\u044c \u044d\u0442\u043e\u0442 \u0430\u043a\u043a\u0443\u043c\u0443\u043b\u044f\u0442\u043e\u0440 \u043f\u0440\u0430\u043a\u0442\u0438\u0447\u0435\u0441\u043a\u0438 \u0432 \u043b\u044e\u0431\u044b\u0445 \u0443\u0441\u043b\u043e\u0432\u0438\u044f\u0445!   - 12.8V-60Ah_EJ1260BS-1000CCA_Bluetoothe &amp; Heiting  LiFePO4 Akumulators div\u0113j\u0101da lietojuma ! Tas var darboties k\u0101 starter baterija iek\u0161dedzes dzin\u0113ja iedarbin\u0101\u0161anai un k\u0101 baterija\u00a0deep cycle!  LiFePO4 \u0411\u0430\u0442\u0430\u0440\u0435\u044f \u0434\u0432\u043e\u0439\u043d\u043e\u0433\u043e \u043d\u0430\u0437\u043d\u0430\u0447\u0435\u043d\u0438\u044f! \u041c\u043e\u0436\u0435\u0442 \u0440\u0430\u0431\u043e\u0442\u0430\u0442\u044c \u043a\u0430\u043a \u0441\u0442\u0430\u0440\u0442\u0435\u0440\u043d\u044b\u0439 \u0430\u043a\u043a\u0443\u043c\u0443\u043b\u044f\u0442\u043e\u0440 \u0434\u043b\u044f \u0437\u0430\u043f\u0443\u0441\u043a\u0430 \u0434\u0432\u0438\u0433\u0430\u0442\u0435\u043b\u044f \u0432\u043d\u0443\u0442\u0440\u0435\u043d\u043d\u0435\u0433\u043e \u0441\u0433\u043e\u0440\u0430\u043d\u0438\u044f \u0438 \u043a\u0430\u043a \u0430\u043a\u043a\u0443\u043c\u0443\u043b\u044f\u0442\u043e\u0440\u00a0deep cycle\u00a0\u0446\u0438\u043a\u043b\u0438\u0447\u043d\u043e\u0433\u043e \u0433\u043b\u0443\u0431\u043e\u043a\u043e\u0433\u043e \u0440\u0430\u0437\u0440\u044f\u0434\u0430!  LiFePO4 Battery dual purpose ! Can work as a starter battery to start an internal combustion engine and as a\u00a0deep cycle\u00a0battery!","og_url":"https:\/\/akum.lv\/ru\/prece\/12-8v-60ah-lithium-battery-lj-batteries-ej1260bs-lifepo4-768wh-cca1000a-l279-w175-h189\/","og_site_name":"www.akum.lv","article_modified_time":"2026-04-16T11:03:23+00:00","og_image":[{"width":400,"height":400,"url":"https:\/\/akum.lv\/wp-content\/uploads\/2025\/02\/ej1260bs.jpg","type":"image\/jpeg"}],"twitter_card":"summary_large_image","twitter_misc":{"\u041f\u0440\u0438\u043c\u0435\u0440\u043d\u043e\u0435 \u0432\u0440\u0435\u043c\u044f \u0434\u043b\u044f \u0447\u0442\u0435\u043d\u0438\u044f":"1 \u043c\u0438\u043d\u0443\u0442\u0430"},"schema":{"@context":"https:\/\/schema.org","@graph":[{"@type":"WebPage","@id":"https:\/\/akum.lv\/ru\/prece\/12-8v-60ah-lithium-battery-lj-batteries-ej1260bs-lifepo4-768wh-cca1000a-l279-w175-h189\/","url":"https:\/\/akum.lv\/ru\/prece\/12-8v-60ah-lithium-battery-lj-batteries-ej1260bs-lifepo4-768wh-cca1000a-l279-w175-h189\/","name":"12.8V-60Ah LiFePO4 E&J Technology EJ1260BS | Lithium battery (768Wh-CCA1000A) L279 W175 H189 - www.akum.lv","isPartOf":{"@id":"https:\/\/akum.lv\/#website"},"primaryImageOfPage":{"@id":"https:\/\/akum.lv\/ru\/prece\/12-8v-60ah-lithium-battery-lj-batteries-ej1260bs-lifepo4-768wh-cca1000a-l279-w175-h189\/#primaryimage"},"image":{"@id":"https:\/\/akum.lv\/ru\/prece\/12-8v-60ah-lithium-battery-lj-batteries-ej1260bs-lifepo4-768wh-cca1000a-l279-w175-h189\/#primaryimage"},"thumbnailUrl":"https:\/\/akum.lv\/wp-content\/uploads\/2025\/02\/ej1260bs.jpg","datePublished":"2025-02-13T20:14:58+00:00","dateModified":"2026-04-16T11:03:23+00:00","breadcrumb":{"@id":"https:\/\/akum.lv\/ru\/prece\/12-8v-60ah-lithium-battery-lj-batteries-ej1260bs-lifepo4-768wh-cca1000a-l279-w175-h189\/#breadcrumb"},"inLanguage":"ru-RU","potentialAction":[{"@type":"ReadAction","target":["https:\/\/akum.lv\/ru\/prece\/12-8v-60ah-lithium-battery-lj-batteries-ej1260bs-lifepo4-768wh-cca1000a-l279-w175-h189\/"]}]},{"@type":"ImageObject","inLanguage":"ru-RU","@id":"https:\/\/akum.lv\/ru\/prece\/12-8v-60ah-lithium-battery-lj-batteries-ej1260bs-lifepo4-768wh-cca1000a-l279-w175-h189\/#primaryimage","url":"https:\/\/akum.lv\/wp-content\/uploads\/2025\/02\/ej1260bs.jpg","contentUrl":"https:\/\/akum.lv\/wp-content\/uploads\/2025\/02\/ej1260bs.jpg","width":400,"height":400},{"@type":"BreadcrumbList","@id":"https:\/\/akum.lv\/ru\/prece\/12-8v-60ah-lithium-battery-lj-batteries-ej1260bs-lifepo4-768wh-cca1000a-l279-w175-h189\/#breadcrumb","itemListElement":[{"@type":"ListItem","position":1,"name":"\u0413\u043b\u0430\u0432\u043d\u0430\u044f \u0441\u0442\u0440\u0430\u043d\u0438\u0446\u0430","item":"https:\/\/akum.lv\/ru\/"},{"@type":"ListItem","position":2,"name":"PRECES","item":"https:\/\/akum.lv\/produkti-preces\/"},{"@type":"ListItem","position":3,"name":"12.8V-60Ah LiFePO4 E&#038;J Technology EJ1260BS | Lithium battery (768Wh-CCA1000A) L279 W175 H189"}]},{"@type":"WebSite","@id":"https:\/\/akum.lv\/#website","url":"https:\/\/akum.lv\/","name":"www.akum.lv","description":"Akumulatoru p\u0101rdev\u0113js | \u041f\u0440\u043e\u0434\u0430\u0432\u0435\u0446 \u0430\u043a\u043a\u0443\u043c\u0443\u043b\u044f\u0442\u043e\u0440\u043e\u0432 | Battery seller","publisher":{"@id":"https:\/\/akum.lv\/#organization"},"potentialAction":[{"@type":"SearchAction","target":{"@type":"EntryPoint","urlTemplate":"https:\/\/akum.lv\/?s={search_term_string}"},"query-input":{"@type":"PropertyValueSpecification","valueRequired":true,"valueName":"search_term_string"}}],"inLanguage":"ru-RU"},{"@type":"Organization","@id":"https:\/\/akum.lv\/#organization","name":"HubEnergy","url":"https:\/\/akum.lv\/","logo":{"@type":"ImageObject","inLanguage":"ru-RU","@id":"https:\/\/akum.lv\/#\/schema\/logo\/image\/","url":"https:\/\/akum.lv\/wp-content\/uploads\/2018\/08\/Logo-hub-energy-2018-seller-dark-blue.png","contentUrl":"https:\/\/akum.lv\/wp-content\/uploads\/2018\/08\/Logo-hub-energy-2018-seller-dark-blue.png","width":381,"height":75,"caption":"HubEnergy"},"image":{"@id":"https:\/\/akum.lv\/#\/schema\/logo\/image\/"}}]}},"brands":[{"id":864,"name":"E&amp;J Technology","slug":"ej-technology-batteries-bms"}],"_links":{"self":[{"href":"https:\/\/akum.lv\/ru\/wp-json\/wp\/v2\/product\/17093","targetHints":{"allow":["GET"]}}],"collection":[{"href":"https:\/\/akum.lv\/ru\/wp-json\/wp\/v2\/product"}],"about":[{"href":"https:\/\/akum.lv\/ru\/wp-json\/wp\/v2\/types\/product"}],"wp:featuredmedia":[{"embeddable":true,"href":"https:\/\/akum.lv\/ru\/wp-json\/wp\/v2\/media\/17091"}],"wp:attachment":[{"href":"https:\/\/akum.lv\/ru\/wp-json\/wp\/v2\/media?parent=17093"}],"wp:term":[{"taxonomy":"pwb-brand","embeddable":true,"href":"https:\/\/akum.lv\/ru\/wp-json\/wp\/v2\/pwb-brand?post=17093"},{"taxonomy":"product_brand","embeddable":true,"href":"https:\/\/akum.lv\/ru\/wp-json\/wp\/v2\/product_brand?post=17093"},{"taxonomy":"product_cat","embeddable":true,"href":"https:\/\/akum.lv\/ru\/wp-json\/wp\/v2\/product_cat?post=17093"},{"taxonomy":"product_tag","embeddable":true,"href":"https:\/\/akum.lv\/ru\/wp-json\/wp\/v2\/product_tag?post=17093"}],"curies":[{"name":"wp","href":"https:\/\/api.w.org\/{rel}","templated":true}]}}