{"id":16647,"date":"2024-10-21T12:22:52","date_gmt":"2024-10-21T12:22:52","guid":{"rendered":"https:\/\/akum.lv\/prece\/rezerves-barosanas-invertors-300va-300w-230v-12v-1-15a\/"},"modified":"2024-11-21T14:16:30","modified_gmt":"2024-11-21T14:16:30","slug":"rezerves-barosanas-invertors-300va-300w-230v-12v-1-15a","status":"publish","type":"product","link":"https:\/\/akum.lv\/ru\/prece\/rezerves-barosanas-invertors-300va-300w-230v-12v-1-15a\/","title":{"rendered":"REZERVES BARO\u0160ANAS INVERTORS 300W \/ 300VA, 230V \/ 12V \/ 1-15A"},"content":{"rendered":"","protected":false},"excerpt":{"rendered":"<p>HOME PURE SINE WAVE INVERTER WITH UPS FUNCTION 300VA \/ 300W, 230V \/ with charger 12V from 1 to 15A<br \/>\nM\u0100JAS INVERTORS T\u012aRAS SINE AR UPS FUNKCIJU 300VA \/ 300W, 230V \/ 12V lad\u0113t\u0101is no 1\u0410 lidz 15A<br \/>\n\u0414\u041e\u041c\u0410\u0428\u041d\u0418\u0419 \u0418\u041d\u0412\u0415\u0420\u0422\u041e\u0420 \u0427\u0418\u0421\u0422\u041e\u0413\u041e \u0421\u0418\u041d\u0423\u0421\u0410 \u0421 \u0424\u0423\u041d\u041a\u0426\u0418\u0415\u0419 \u0418\u0411\u041f 300VA \/ 300W, 230V \/ \u0441 \u0437\u0430\u0440\u044f\u0434\u043d\u044b\u043c \u0443\u0441\u0442\u0440\u043e\u0439\u0441\u0442\u0432\u043e\u043c 12V \u043e\u0442 1 \u0434\u043e 15A<\/p>\n<p><strong>St\u0101vo\u0161a kaste \/ Standing box \/ \u0421\u0442\u043e\u044f\u0447\u0430\u044f \u043a\u043e\u0440\u043e\u0431\u043a\u0430<\/strong><br \/>\n<strong>Model: IPS300-SIN-T-F2<\/strong><\/p>\n<p>\u012aPA\u0160\u012aBAS<br \/>\n\u2022 atsevi\u0161\u0137s korpuss vai savrups<br \/>\n\u2022 t\u012bra sinusoid\u0101la izeja<br \/>\n\u2022 sinhroniz\u0113t izejas spriegumu ar t\u012bklu<br \/>\n\u2022 str\u0101d\u0101t ar daudziem akumulatoru veidiem<br \/>\n\u2022 sadarb\u012bba ar rezist\u012bv\u0101m, indukt\u012bv\u0101m, kapacitat\u012bv\u0101m slodz\u0113m<\/p>\n<p>LIETOJUMI<br \/>\n\u2022 sadz\u012bves tehnika<br \/>\n\u2022 centr\u0101l\u0101s apkures un karst\u0101 \u016bdens sist\u0113mas<br \/>\n\u2022 gar\u0101\u017eu durvis, aktuatori, \u017eal\u016bzijas<\/p>\n<p>\u0425\u0410\u0420\u0410\u041a\u0422\u0415\u0420\u0418\u0421\u0422\u0418\u041a\u0418<br \/>\n\u2022 \u043e\u0442\u0434\u0435\u043b\u044c\u043d\u043e\u0435 \u0436\u0438\u043b\u044c\u0435 \u0438\u043b\u0438 \u0430\u0432\u0442\u043e\u043d\u043e\u043c\u043d\u044b\u0439<br \/>\n\u2022 \u0447\u0438\u0441\u0442\u044b\u0439 \u0441\u0438\u043d\u0443\u0441\u043e\u0438\u0434\u0430\u043b\u044c\u043d\u044b\u0439 \u0432\u044b\u0445\u043e\u0434\u043d\u043e\u0439 \u0441\u0438\u0433\u043d\u0430\u043b<br \/>\n\u2022 \u0441\u0438\u043d\u0445\u0440\u043e\u043d\u0438\u0437\u0438\u0440\u043e\u0432\u0430\u0442\u044c \u0432\u044b\u0445\u043e\u0434\u043d\u043e\u0435 \u043d\u0430\u043f\u0440\u044f\u0436\u0435\u043d\u0438\u0435 \u0441 \u0441\u0435\u0442\u044c\u044e<br \/>\n\u2022 \u0440\u0430\u0431\u043e\u0442\u0430 \u0441\u043e \u043c\u043d\u043e\u0433\u0438\u043c\u0438 \u0442\u0438\u043f\u0430\u043c\u0438 \u0430\u043a\u043a\u0443\u043c\u0443\u043b\u044f\u0442\u043e\u0440\u043e\u0432<br \/>\n\u2022 \u0440\u0430\u0431\u043e\u0442\u0430 \u0441 \u0440\u0435\u0437\u0438\u0441\u0442\u0438\u0432\u043d\u044b\u043c\u0438, \u0438\u043d\u0434\u0443\u043a\u0442\u0438\u0432\u043d\u044b\u043c\u0438, \u0435\u043c\u043a\u043e\u0441\u0442\u043d\u044b\u043c\u0438 \u043d\u0430\u0433\u0440\u0443\u0437\u043a\u0430\u043c\u0438<\/p>\n<p>\u041f\u0420\u0418\u041b\u041e\u0416\u0415\u041d\u0418\u042f<br \/>\n\u2022 \u0431\u044b\u0442\u043e\u0432\u0430\u044f \u0442\u0435\u0445\u043d\u0438\u043a\u0430<br \/>\n\u2022 \u0441\u0438\u0441\u0442\u0435\u043c\u044b \u0446\u0435\u043d\u0442\u0440\u0430\u043b\u044c\u043d\u043e\u0433\u043e \u043e\u0442\u043e\u043f\u043b\u0435\u043d\u0438\u044f \u0438 \u0433\u043e\u0440\u044f\u0447\u0435\u0433\u043e \u0432\u043e\u0434\u043e\u0441\u043d\u0430\u0431\u0436\u0435\u043d\u0438\u044f<br \/>\n\u2022 \u0433\u0430\u0440\u0430\u0436\u043d\u044b\u0435 \u0432\u043e\u0440\u043e\u0442\u0430, \u043f\u0440\u0438\u0432\u043e\u0434\u044b, \u0436\u0430\u043b\u044e\u0437\u0438<\/p>\n<p>FEATURES<br \/>\n\u2022 standalone housing or standalone<br \/>\n\u2022 pure sine wave output<br \/>\n\u2022 synchronize the output voltage to the mains<br \/>\n\u2022 work with plenty battery types<br \/>\n\u2022 cooperation with resistive, inductive, capacitive loads<\/p>\n<p>APPLICATIONS<br \/>\n\u2022 home appliance<br \/>\n\u2022 central heating and hot water systems<br \/>\n\u2022 garage doors, actuators, blinds<\/p>\n<p>&nbsp;<\/p>\n<p>&nbsp;<\/p>\n","protected":false},"featured_media":16669,"template":"","meta":[],"pwb-brand":[243],"product_brand":[],"product_cat":[867],"product_tag":[],"class_list":{"0":"post-16647","1":"product","2":"type-product","3":"status-publish","4":"has-post-thumbnail","6":"pwb-brand-ips-ups","7":"product_cat-ups-sistemy","9":"first","10":"instock","11":"taxable","12":"shipping-taxable","13":"purchasable","14":"product-type-simple"},"yoast_head":"<!-- This site is optimized with the Yoast SEO plugin v26.7 - https:\/\/yoast.com\/wordpress\/plugins\/seo\/ -->\n<title>REZERVES BARO\u0160ANAS INVERTORS 300W \/ 300VA, 230V \/ 12V \/ 1-15A - www.akum.lv<\/title>\n<meta name=\"robots\" content=\"index, follow, max-snippet:-1, max-image-preview:large, max-video-preview:-1\" \/>\n<link rel=\"canonical\" href=\"https:\/\/akum.lv\/ru\/prece\/rezerves-barosanas-invertors-300va-300w-230v-12v-1-15a\/\" \/>\n<meta property=\"og:locale\" content=\"ru_RU\" \/>\n<meta property=\"og:type\" content=\"article\" \/>\n<meta property=\"og:title\" content=\"REZERVES BARO\u0160ANAS INVERTORS 300W \/ 300VA, 230V \/ 12V \/ 1-15A - www.akum.lv\" \/>\n<meta property=\"og:description\" content=\"HOME PURE SINE WAVE INVERTER WITH UPS FUNCTION 300VA \/ 300W, 230V \/ with charger 12V from 1 to 15A M\u0100JAS INVERTORS T\u012aRAS SINE AR UPS FUNKCIJU 300VA \/ 300W, 230V \/ 12V lad\u0113t\u0101is no 1\u0410 lidz 15A \u0414\u041e\u041c\u0410\u0428\u041d\u0418\u0419 \u0418\u041d\u0412\u0415\u0420\u0422\u041e\u0420 \u0427\u0418\u0421\u0422\u041e\u0413\u041e \u0421\u0418\u041d\u0423\u0421\u0410 \u0421 \u0424\u0423\u041d\u041a\u0426\u0418\u0415\u0419 \u0418\u0411\u041f 300VA \/ 300W, 230V \/ \u0441 \u0437\u0430\u0440\u044f\u0434\u043d\u044b\u043c \u0443\u0441\u0442\u0440\u043e\u0439\u0441\u0442\u0432\u043e\u043c 12V \u043e\u0442 1 \u0434\u043e 15A  St\u0101vo\u0161a kaste \/ Standing box \/ \u0421\u0442\u043e\u044f\u0447\u0430\u044f \u043a\u043e\u0440\u043e\u0431\u043a\u0430 Model: IPS300-SIN-T-F2  \u012aPA\u0160\u012aBAS \u2022 atsevi\u0161\u0137s korpuss vai savrups \u2022 t\u012bra sinusoid\u0101la izeja \u2022 sinhroniz\u0113t izejas spriegumu ar t\u012bklu \u2022 str\u0101d\u0101t ar daudziem akumulatoru veidiem \u2022 sadarb\u012bba ar rezist\u012bv\u0101m, indukt\u012bv\u0101m, kapacitat\u012bv\u0101m slodz\u0113m  LIETOJUMI \u2022 sadz\u012bves tehnika \u2022 centr\u0101l\u0101s apkures un karst\u0101 \u016bdens sist\u0113mas \u2022 gar\u0101\u017eu durvis, aktuatori, \u017eal\u016bzijas  \u0425\u0410\u0420\u0410\u041a\u0422\u0415\u0420\u0418\u0421\u0422\u0418\u041a\u0418 \u2022 \u043e\u0442\u0434\u0435\u043b\u044c\u043d\u043e\u0435 \u0436\u0438\u043b\u044c\u0435 \u0438\u043b\u0438 \u0430\u0432\u0442\u043e\u043d\u043e\u043c\u043d\u044b\u0439 \u2022 \u0447\u0438\u0441\u0442\u044b\u0439 \u0441\u0438\u043d\u0443\u0441\u043e\u0438\u0434\u0430\u043b\u044c\u043d\u044b\u0439 \u0432\u044b\u0445\u043e\u0434\u043d\u043e\u0439 \u0441\u0438\u0433\u043d\u0430\u043b \u2022 \u0441\u0438\u043d\u0445\u0440\u043e\u043d\u0438\u0437\u0438\u0440\u043e\u0432\u0430\u0442\u044c \u0432\u044b\u0445\u043e\u0434\u043d\u043e\u0435 \u043d\u0430\u043f\u0440\u044f\u0436\u0435\u043d\u0438\u0435 \u0441 \u0441\u0435\u0442\u044c\u044e \u2022 \u0440\u0430\u0431\u043e\u0442\u0430 \u0441\u043e \u043c\u043d\u043e\u0433\u0438\u043c\u0438 \u0442\u0438\u043f\u0430\u043c\u0438 \u0430\u043a\u043a\u0443\u043c\u0443\u043b\u044f\u0442\u043e\u0440\u043e\u0432 \u2022 \u0440\u0430\u0431\u043e\u0442\u0430 \u0441 \u0440\u0435\u0437\u0438\u0441\u0442\u0438\u0432\u043d\u044b\u043c\u0438, \u0438\u043d\u0434\u0443\u043a\u0442\u0438\u0432\u043d\u044b\u043c\u0438, \u0435\u043c\u043a\u043e\u0441\u0442\u043d\u044b\u043c\u0438 \u043d\u0430\u0433\u0440\u0443\u0437\u043a\u0430\u043c\u0438  \u041f\u0420\u0418\u041b\u041e\u0416\u0415\u041d\u0418\u042f \u2022 \u0431\u044b\u0442\u043e\u0432\u0430\u044f \u0442\u0435\u0445\u043d\u0438\u043a\u0430 \u2022 \u0441\u0438\u0441\u0442\u0435\u043c\u044b \u0446\u0435\u043d\u0442\u0440\u0430\u043b\u044c\u043d\u043e\u0433\u043e \u043e\u0442\u043e\u043f\u043b\u0435\u043d\u0438\u044f \u0438 \u0433\u043e\u0440\u044f\u0447\u0435\u0433\u043e \u0432\u043e\u0434\u043e\u0441\u043d\u0430\u0431\u0436\u0435\u043d\u0438\u044f \u2022 \u0433\u0430\u0440\u0430\u0436\u043d\u044b\u0435 \u0432\u043e\u0440\u043e\u0442\u0430, \u043f\u0440\u0438\u0432\u043e\u0434\u044b, \u0436\u0430\u043b\u044e\u0437\u0438  FEATURES \u2022 standalone housing or standalone \u2022 pure sine wave output \u2022 synchronize the output voltage to the mains \u2022 work with plenty battery types \u2022 cooperation with resistive, inductive, capacitive loads  APPLICATIONS \u2022 home appliance \u2022 central heating and hot water systems \u2022 garage doors, actuators, blinds  &nbsp;  &nbsp;\" \/>\n<meta property=\"og:url\" content=\"https:\/\/akum.lv\/ru\/prece\/rezerves-barosanas-invertors-300va-300w-230v-12v-1-15a\/\" \/>\n<meta property=\"og:site_name\" content=\"www.akum.lv\" \/>\n<meta property=\"article:modified_time\" content=\"2024-11-21T14:16:30+00:00\" \/>\n<meta property=\"og:image\" content=\"https:\/\/akum.lv\/wp-content\/uploads\/2024\/10\/ips300-sin-t-f2.jpg\" \/>\n\t<meta property=\"og:image:width\" content=\"480\" \/>\n\t<meta property=\"og:image:height\" content=\"356\" \/>\n\t<meta property=\"og:image:type\" content=\"image\/jpeg\" \/>\n<meta name=\"twitter:card\" content=\"summary_large_image\" \/>\n<meta name=\"twitter:label1\" content=\"\u041f\u0440\u0438\u043c\u0435\u0440\u043d\u043e\u0435 \u0432\u0440\u0435\u043c\u044f \u0434\u043b\u044f \u0447\u0442\u0435\u043d\u0438\u044f\" \/>\n\t<meta name=\"twitter:data1\" content=\"1 \u043c\u0438\u043d\u0443\u0442\u0430\" \/>\n<script type=\"application\/ld+json\" class=\"yoast-schema-graph\">{\"@context\":\"https:\/\/schema.org\",\"@graph\":[{\"@type\":\"WebPage\",\"@id\":\"https:\/\/akum.lv\/ru\/prece\/rezerves-barosanas-invertors-300va-300w-230v-12v-1-15a\/\",\"url\":\"https:\/\/akum.lv\/ru\/prece\/rezerves-barosanas-invertors-300va-300w-230v-12v-1-15a\/\",\"name\":\"REZERVES BARO\u0160ANAS INVERTORS 300W \/ 300VA, 230V \/ 12V \/ 1-15A - www.akum.lv\",\"isPartOf\":{\"@id\":\"https:\/\/akum.lv\/#website\"},\"primaryImageOfPage\":{\"@id\":\"https:\/\/akum.lv\/ru\/prece\/rezerves-barosanas-invertors-300va-300w-230v-12v-1-15a\/#primaryimage\"},\"image\":{\"@id\":\"https:\/\/akum.lv\/ru\/prece\/rezerves-barosanas-invertors-300va-300w-230v-12v-1-15a\/#primaryimage\"},\"thumbnailUrl\":\"https:\/\/akum.lv\/wp-content\/uploads\/2024\/10\/ips300-sin-t-f2.jpg\",\"datePublished\":\"2024-10-21T12:22:52+00:00\",\"dateModified\":\"2024-11-21T14:16:30+00:00\",\"breadcrumb\":{\"@id\":\"https:\/\/akum.lv\/ru\/prece\/rezerves-barosanas-invertors-300va-300w-230v-12v-1-15a\/#breadcrumb\"},\"inLanguage\":\"ru-RU\",\"potentialAction\":[{\"@type\":\"ReadAction\",\"target\":[\"https:\/\/akum.lv\/ru\/prece\/rezerves-barosanas-invertors-300va-300w-230v-12v-1-15a\/\"]}]},{\"@type\":\"ImageObject\",\"inLanguage\":\"ru-RU\",\"@id\":\"https:\/\/akum.lv\/ru\/prece\/rezerves-barosanas-invertors-300va-300w-230v-12v-1-15a\/#primaryimage\",\"url\":\"https:\/\/akum.lv\/wp-content\/uploads\/2024\/10\/ips300-sin-t-f2.jpg\",\"contentUrl\":\"https:\/\/akum.lv\/wp-content\/uploads\/2024\/10\/ips300-sin-t-f2.jpg\",\"width\":480,\"height\":356},{\"@type\":\"BreadcrumbList\",\"@id\":\"https:\/\/akum.lv\/ru\/prece\/rezerves-barosanas-invertors-300va-300w-230v-12v-1-15a\/#breadcrumb\",\"itemListElement\":[{\"@type\":\"ListItem\",\"position\":1,\"name\":\"\u0413\u043b\u0430\u0432\u043d\u0430\u044f \u0441\u0442\u0440\u0430\u043d\u0438\u0446\u0430\",\"item\":\"https:\/\/akum.lv\/ru\/\"},{\"@type\":\"ListItem\",\"position\":2,\"name\":\"PRECES\",\"item\":\"https:\/\/akum.lv\/produkti-preces\/\"},{\"@type\":\"ListItem\",\"position\":3,\"name\":\"REZERVES BARO\u0160ANAS INVERTORS 300W \/ 300VA, 230V \/ 12V \/ 1-15A\"}]},{\"@type\":\"WebSite\",\"@id\":\"https:\/\/akum.lv\/#website\",\"url\":\"https:\/\/akum.lv\/\",\"name\":\"www.akum.lv\",\"description\":\"Akumulatoru p\u0101rdev\u0113js | \u041f\u0440\u043e\u0434\u0430\u0432\u0435\u0446 \u0430\u043a\u043a\u0443\u043c\u0443\u043b\u044f\u0442\u043e\u0440\u043e\u0432 | Battery seller\",\"publisher\":{\"@id\":\"https:\/\/akum.lv\/#organization\"},\"potentialAction\":[{\"@type\":\"SearchAction\",\"target\":{\"@type\":\"EntryPoint\",\"urlTemplate\":\"https:\/\/akum.lv\/?s={search_term_string}\"},\"query-input\":{\"@type\":\"PropertyValueSpecification\",\"valueRequired\":true,\"valueName\":\"search_term_string\"}}],\"inLanguage\":\"ru-RU\"},{\"@type\":\"Organization\",\"@id\":\"https:\/\/akum.lv\/#organization\",\"name\":\"HubEnergy\",\"url\":\"https:\/\/akum.lv\/\",\"logo\":{\"@type\":\"ImageObject\",\"inLanguage\":\"ru-RU\",\"@id\":\"https:\/\/akum.lv\/#\/schema\/logo\/image\/\",\"url\":\"https:\/\/akum.lv\/wp-content\/uploads\/2018\/08\/Logo-hub-energy-2018-seller-dark-blue.png\",\"contentUrl\":\"https:\/\/akum.lv\/wp-content\/uploads\/2018\/08\/Logo-hub-energy-2018-seller-dark-blue.png\",\"width\":381,\"height\":75,\"caption\":\"HubEnergy\"},\"image\":{\"@id\":\"https:\/\/akum.lv\/#\/schema\/logo\/image\/\"}}]}<\/script>\n<!-- \/ Yoast SEO plugin. -->","yoast_head_json":{"title":"REZERVES BARO\u0160ANAS INVERTORS 300W \/ 300VA, 230V \/ 12V \/ 1-15A - www.akum.lv","robots":{"index":"index","follow":"follow","max-snippet":"max-snippet:-1","max-image-preview":"max-image-preview:large","max-video-preview":"max-video-preview:-1"},"canonical":"https:\/\/akum.lv\/ru\/prece\/rezerves-barosanas-invertors-300va-300w-230v-12v-1-15a\/","og_locale":"ru_RU","og_type":"article","og_title":"REZERVES BARO\u0160ANAS INVERTORS 300W \/ 300VA, 230V \/ 12V \/ 1-15A - www.akum.lv","og_description":"HOME PURE SINE WAVE INVERTER WITH UPS FUNCTION 300VA \/ 300W, 230V \/ with charger 12V from 1 to 15A M\u0100JAS INVERTORS T\u012aRAS SINE AR UPS FUNKCIJU 300VA \/ 300W, 230V \/ 12V lad\u0113t\u0101is no 1\u0410 lidz 15A \u0414\u041e\u041c\u0410\u0428\u041d\u0418\u0419 \u0418\u041d\u0412\u0415\u0420\u0422\u041e\u0420 \u0427\u0418\u0421\u0422\u041e\u0413\u041e \u0421\u0418\u041d\u0423\u0421\u0410 \u0421 \u0424\u0423\u041d\u041a\u0426\u0418\u0415\u0419 \u0418\u0411\u041f 300VA \/ 300W, 230V \/ \u0441 \u0437\u0430\u0440\u044f\u0434\u043d\u044b\u043c \u0443\u0441\u0442\u0440\u043e\u0439\u0441\u0442\u0432\u043e\u043c 12V \u043e\u0442 1 \u0434\u043e 15A  St\u0101vo\u0161a kaste \/ Standing box \/ \u0421\u0442\u043e\u044f\u0447\u0430\u044f \u043a\u043e\u0440\u043e\u0431\u043a\u0430 Model: IPS300-SIN-T-F2  \u012aPA\u0160\u012aBAS \u2022 atsevi\u0161\u0137s korpuss vai savrups \u2022 t\u012bra sinusoid\u0101la izeja \u2022 sinhroniz\u0113t izejas spriegumu ar t\u012bklu \u2022 str\u0101d\u0101t ar daudziem akumulatoru veidiem \u2022 sadarb\u012bba ar rezist\u012bv\u0101m, indukt\u012bv\u0101m, kapacitat\u012bv\u0101m slodz\u0113m  LIETOJUMI \u2022 sadz\u012bves tehnika \u2022 centr\u0101l\u0101s apkures un karst\u0101 \u016bdens sist\u0113mas \u2022 gar\u0101\u017eu durvis, aktuatori, \u017eal\u016bzijas  \u0425\u0410\u0420\u0410\u041a\u0422\u0415\u0420\u0418\u0421\u0422\u0418\u041a\u0418 \u2022 \u043e\u0442\u0434\u0435\u043b\u044c\u043d\u043e\u0435 \u0436\u0438\u043b\u044c\u0435 \u0438\u043b\u0438 \u0430\u0432\u0442\u043e\u043d\u043e\u043c\u043d\u044b\u0439 \u2022 \u0447\u0438\u0441\u0442\u044b\u0439 \u0441\u0438\u043d\u0443\u0441\u043e\u0438\u0434\u0430\u043b\u044c\u043d\u044b\u0439 \u0432\u044b\u0445\u043e\u0434\u043d\u043e\u0439 \u0441\u0438\u0433\u043d\u0430\u043b \u2022 \u0441\u0438\u043d\u0445\u0440\u043e\u043d\u0438\u0437\u0438\u0440\u043e\u0432\u0430\u0442\u044c \u0432\u044b\u0445\u043e\u0434\u043d\u043e\u0435 \u043d\u0430\u043f\u0440\u044f\u0436\u0435\u043d\u0438\u0435 \u0441 \u0441\u0435\u0442\u044c\u044e \u2022 \u0440\u0430\u0431\u043e\u0442\u0430 \u0441\u043e \u043c\u043d\u043e\u0433\u0438\u043c\u0438 \u0442\u0438\u043f\u0430\u043c\u0438 \u0430\u043a\u043a\u0443\u043c\u0443\u043b\u044f\u0442\u043e\u0440\u043e\u0432 \u2022 \u0440\u0430\u0431\u043e\u0442\u0430 \u0441 \u0440\u0435\u0437\u0438\u0441\u0442\u0438\u0432\u043d\u044b\u043c\u0438, \u0438\u043d\u0434\u0443\u043a\u0442\u0438\u0432\u043d\u044b\u043c\u0438, \u0435\u043c\u043a\u043e\u0441\u0442\u043d\u044b\u043c\u0438 \u043d\u0430\u0433\u0440\u0443\u0437\u043a\u0430\u043c\u0438  \u041f\u0420\u0418\u041b\u041e\u0416\u0415\u041d\u0418\u042f \u2022 \u0431\u044b\u0442\u043e\u0432\u0430\u044f \u0442\u0435\u0445\u043d\u0438\u043a\u0430 \u2022 \u0441\u0438\u0441\u0442\u0435\u043c\u044b \u0446\u0435\u043d\u0442\u0440\u0430\u043b\u044c\u043d\u043e\u0433\u043e \u043e\u0442\u043e\u043f\u043b\u0435\u043d\u0438\u044f \u0438 \u0433\u043e\u0440\u044f\u0447\u0435\u0433\u043e \u0432\u043e\u0434\u043e\u0441\u043d\u0430\u0431\u0436\u0435\u043d\u0438\u044f \u2022 \u0433\u0430\u0440\u0430\u0436\u043d\u044b\u0435 \u0432\u043e\u0440\u043e\u0442\u0430, \u043f\u0440\u0438\u0432\u043e\u0434\u044b, \u0436\u0430\u043b\u044e\u0437\u0438  FEATURES \u2022 standalone housing or standalone \u2022 pure sine wave output \u2022 synchronize the output voltage to the mains \u2022 work with plenty battery types \u2022 cooperation with resistive, inductive, capacitive loads  APPLICATIONS \u2022 home appliance \u2022 central heating and hot water systems \u2022 garage doors, actuators, blinds  &nbsp;  &nbsp;","og_url":"https:\/\/akum.lv\/ru\/prece\/rezerves-barosanas-invertors-300va-300w-230v-12v-1-15a\/","og_site_name":"www.akum.lv","article_modified_time":"2024-11-21T14:16:30+00:00","og_image":[{"width":480,"height":356,"url":"https:\/\/akum.lv\/wp-content\/uploads\/2024\/10\/ips300-sin-t-f2.jpg","type":"image\/jpeg"}],"twitter_card":"summary_large_image","twitter_misc":{"\u041f\u0440\u0438\u043c\u0435\u0440\u043d\u043e\u0435 \u0432\u0440\u0435\u043c\u044f \u0434\u043b\u044f \u0447\u0442\u0435\u043d\u0438\u044f":"1 \u043c\u0438\u043d\u0443\u0442\u0430"},"schema":{"@context":"https:\/\/schema.org","@graph":[{"@type":"WebPage","@id":"https:\/\/akum.lv\/ru\/prece\/rezerves-barosanas-invertors-300va-300w-230v-12v-1-15a\/","url":"https:\/\/akum.lv\/ru\/prece\/rezerves-barosanas-invertors-300va-300w-230v-12v-1-15a\/","name":"REZERVES BARO\u0160ANAS INVERTORS 300W \/ 300VA, 230V \/ 12V \/ 1-15A - www.akum.lv","isPartOf":{"@id":"https:\/\/akum.lv\/#website"},"primaryImageOfPage":{"@id":"https:\/\/akum.lv\/ru\/prece\/rezerves-barosanas-invertors-300va-300w-230v-12v-1-15a\/#primaryimage"},"image":{"@id":"https:\/\/akum.lv\/ru\/prece\/rezerves-barosanas-invertors-300va-300w-230v-12v-1-15a\/#primaryimage"},"thumbnailUrl":"https:\/\/akum.lv\/wp-content\/uploads\/2024\/10\/ips300-sin-t-f2.jpg","datePublished":"2024-10-21T12:22:52+00:00","dateModified":"2024-11-21T14:16:30+00:00","breadcrumb":{"@id":"https:\/\/akum.lv\/ru\/prece\/rezerves-barosanas-invertors-300va-300w-230v-12v-1-15a\/#breadcrumb"},"inLanguage":"ru-RU","potentialAction":[{"@type":"ReadAction","target":["https:\/\/akum.lv\/ru\/prece\/rezerves-barosanas-invertors-300va-300w-230v-12v-1-15a\/"]}]},{"@type":"ImageObject","inLanguage":"ru-RU","@id":"https:\/\/akum.lv\/ru\/prece\/rezerves-barosanas-invertors-300va-300w-230v-12v-1-15a\/#primaryimage","url":"https:\/\/akum.lv\/wp-content\/uploads\/2024\/10\/ips300-sin-t-f2.jpg","contentUrl":"https:\/\/akum.lv\/wp-content\/uploads\/2024\/10\/ips300-sin-t-f2.jpg","width":480,"height":356},{"@type":"BreadcrumbList","@id":"https:\/\/akum.lv\/ru\/prece\/rezerves-barosanas-invertors-300va-300w-230v-12v-1-15a\/#breadcrumb","itemListElement":[{"@type":"ListItem","position":1,"name":"\u0413\u043b\u0430\u0432\u043d\u0430\u044f \u0441\u0442\u0440\u0430\u043d\u0438\u0446\u0430","item":"https:\/\/akum.lv\/ru\/"},{"@type":"ListItem","position":2,"name":"PRECES","item":"https:\/\/akum.lv\/produkti-preces\/"},{"@type":"ListItem","position":3,"name":"REZERVES BARO\u0160ANAS INVERTORS 300W \/ 300VA, 230V \/ 12V \/ 1-15A"}]},{"@type":"WebSite","@id":"https:\/\/akum.lv\/#website","url":"https:\/\/akum.lv\/","name":"www.akum.lv","description":"Akumulatoru p\u0101rdev\u0113js | \u041f\u0440\u043e\u0434\u0430\u0432\u0435\u0446 \u0430\u043a\u043a\u0443\u043c\u0443\u043b\u044f\u0442\u043e\u0440\u043e\u0432 | Battery seller","publisher":{"@id":"https:\/\/akum.lv\/#organization"},"potentialAction":[{"@type":"SearchAction","target":{"@type":"EntryPoint","urlTemplate":"https:\/\/akum.lv\/?s={search_term_string}"},"query-input":{"@type":"PropertyValueSpecification","valueRequired":true,"valueName":"search_term_string"}}],"inLanguage":"ru-RU"},{"@type":"Organization","@id":"https:\/\/akum.lv\/#organization","name":"HubEnergy","url":"https:\/\/akum.lv\/","logo":{"@type":"ImageObject","inLanguage":"ru-RU","@id":"https:\/\/akum.lv\/#\/schema\/logo\/image\/","url":"https:\/\/akum.lv\/wp-content\/uploads\/2018\/08\/Logo-hub-energy-2018-seller-dark-blue.png","contentUrl":"https:\/\/akum.lv\/wp-content\/uploads\/2018\/08\/Logo-hub-energy-2018-seller-dark-blue.png","width":381,"height":75,"caption":"HubEnergy"},"image":{"@id":"https:\/\/akum.lv\/#\/schema\/logo\/image\/"}}]}},"brands":[{"id":243,"name":"IPS-UPS","slug":"ips-ups"}],"_links":{"self":[{"href":"https:\/\/akum.lv\/ru\/wp-json\/wp\/v2\/product\/16647","targetHints":{"allow":["GET"]}}],"collection":[{"href":"https:\/\/akum.lv\/ru\/wp-json\/wp\/v2\/product"}],"about":[{"href":"https:\/\/akum.lv\/ru\/wp-json\/wp\/v2\/types\/product"}],"wp:featuredmedia":[{"embeddable":true,"href":"https:\/\/akum.lv\/ru\/wp-json\/wp\/v2\/media\/16669"}],"wp:attachment":[{"href":"https:\/\/akum.lv\/ru\/wp-json\/wp\/v2\/media?parent=16647"}],"wp:term":[{"taxonomy":"pwb-brand","embeddable":true,"href":"https:\/\/akum.lv\/ru\/wp-json\/wp\/v2\/pwb-brand?post=16647"},{"taxonomy":"product_brand","embeddable":true,"href":"https:\/\/akum.lv\/ru\/wp-json\/wp\/v2\/product_brand?post=16647"},{"taxonomy":"product_cat","embeddable":true,"href":"https:\/\/akum.lv\/ru\/wp-json\/wp\/v2\/product_cat?post=16647"},{"taxonomy":"product_tag","embeddable":true,"href":"https:\/\/akum.lv\/ru\/wp-json\/wp\/v2\/product_tag?post=16647"}],"curies":[{"name":"wp","href":"https:\/\/api.w.org\/{rel}","templated":true}]}}