{"id":16631,"date":"2024-10-18T10:53:55","date_gmt":"2024-10-18T10:53:55","guid":{"rendered":"https:\/\/akum.lv\/prece\/ups-ips-600va-360w-230v-officepro-1ph-1ph-internal-1x12v-7ah-agm-line-interactive-with-modified-sin-wave\/"},"modified":"2024-10-21T12:36:37","modified_gmt":"2024-10-21T12:36:37","slug":"ups-ips-600va-360w-230v-officepro-1ph-1ph-internal-1x12v-7ah-agm-line-interactive-with-modified-sin-wave","status":"publish","type":"product","link":"https:\/\/akum.lv\/ru\/prece\/ups-ips-600va-360w-230v-officepro-1ph-1ph-internal-1x12v-7ah-agm-line-interactive-with-modified-sin-wave\/","title":{"rendered":"UPS-IPS OfficePRO 600VA\/360W\/230V 1ph\/1ph, internal 1x12V\/7Ah AGM Line-interactive with modified sin wave"},"content":{"rendered":"","protected":false},"excerpt":{"rendered":"<p>UPS-IPS 600VA\/360W\/230V OfficePRO 1ph\/1ph, internal 1x12V\/7Ah AGM Line-interactive with modified sin wave<\/p>\n<p><strong>Model: RTS-11-ON-3k0-2U-6&#215;9<\/strong><\/p>\n<p>\u012aPA\u0160\u012aBAS<br \/>\n\u2022 iek\u0161\u0113jie AGM akumulatori, aukst\u0101 palai\u0161ana<br \/>\n\u2022 USB sakaru ports<br \/>\n\u2022 L\u012bniju interakt\u012bv\u0101 topolo\u0123ija<br \/>\n\u2022 Tower Plastmasas korpuss, LCD displejs<br \/>\n\u2022 \u012bssavienojuma aizsardz\u012bba<br \/>\n\u2022 izejas jaudas koeficients &#8212; 0,6<br \/>\n\u2022 AVR Boost un BUCK tips<br \/>\n\u2022 autom\u0101tiska frekvences noteik\u0161ana<\/p>\n<p>LIETOJUMI<br \/>\n\u2022 telekomunik\u0101ciju sist\u0113mas<br \/>\n\u2022 dro\u0161\u012bbas sist\u0113mas<br \/>\n\u2022 biroja ier\u012bces<\/p>\n<p>\u041e\u0421\u041e\u0411\u0415\u041d\u041d\u041e\u0421\u0422\u0418<br \/>\n\u2022 \u0432\u043d\u0443\u0442\u0440\u0435\u043d\u043d\u0438\u0435 \u0431\u0430\u0442\u0430\u0440\u0435\u0438 AGM, \u0445\u043e\u043b\u043e\u0434\u043d\u044b\u0439 \u0437\u0430\u043f\u0443\u0441\u043a<br \/>\n\u2022 \u043a\u043e\u043c\u043c\u0443\u043d\u0438\u043a\u0430\u0446\u0438\u043e\u043d\u043d\u044b\u0439 \u043f\u043e\u0440\u0442 USB<br \/>\n\u2022 \u0442\u043e\u043f\u043e\u043b\u043e\u0433\u0438\u044f \u041b\u0438\u043d\u0435\u0439\u043d\u043e-\u0438\u043d\u0442\u0435\u0440\u0430\u043a\u0442\u0438\u0432\u043d\u0430\u044f<br \/>\n\u2022 \u043a\u043e\u0440\u043f\u0443\u0441 Tower Plastic, \u0416\u041a-\u0434\u0438\u0441\u043f\u043b\u0435\u0439<br \/>\n\u2022 \u0437\u0430\u0449\u0438\u0442\u0430 \u043e\u0442 \u043a\u043e\u0440\u043e\u0442\u043a\u043e\u0433\u043e \u0437\u0430\u043c\u044b\u043a\u0430\u043d\u0438\u044f<br \/>\n\u2022 \u0432\u044b\u0445\u043e\u0434\u043d\u043e\u0439 \u043a\u043e\u044d\u0444\u0444\u0438\u0446\u0438\u0435\u043d\u0442 \u043c\u043e\u0449\u043d\u043e\u0441\u0442\u0438 &#8212; 0,6<br \/>\n\u2022 \u0442\u0438\u043f AVR Boost \u0438 BUCK<br \/>\n\u2022 \u0430\u0432\u0442\u043e\u043c\u0430\u0442\u0438\u0447\u0435\u0441\u043a\u043e\u0435 \u043e\u043f\u0440\u0435\u0434\u0435\u043b\u0435\u043d\u0438\u0435 \u0447\u0430\u0441\u0442\u043e\u0442\u044b<\/p>\n<p>\u041f\u0420\u0418\u041b\u041e\u0416\u0415\u041d\u0418\u042f<br \/>\n\u2022 \u0442\u0435\u043b\u0435\u043a\u043e\u043c\u043c\u0443\u043d\u0438\u043a\u0430\u0446\u0438\u043e\u043d\u043d\u044b\u0435 \u0441\u0438\u0441\u0442\u0435\u043c\u044b<br \/>\n\u2022 \u0441\u0438\u0441\u0442\u0435\u043c\u044b \u0431\u0435\u0437\u043e\u043f\u0430\u0441\u043d\u043e\u0441\u0442\u0438<br \/>\n\u2022 \u043e\u0444\u0438\u0441\u043d\u044b\u0435 \u0443\u0441\u0442\u0440\u043e\u0439\u0441\u0442\u0432\u0430<\/p>\n<p>FEATURES<br \/>\n\u2022 internal AGM batteries, cold start<br \/>\n\u2022 communication USB port<br \/>\n\u2022 topology Line &#8212; interactive<br \/>\n\u2022 tower plastic case, LCD display<br \/>\n\u2022 short &#8212; circuit protection<br \/>\n\u2022 output PF &#8212; 0.6<br \/>\n\u2022 boost and BUCK AVR type<br \/>\n\u2022 auto &#8212; sensing frequency<\/p>\n<p>APPLICATIONS<br \/>\n\u2022 telecommunication systems<br \/>\n\u2022 security systems<br \/>\n\u2022 office devices<\/p>\n<p>&nbsp;<\/p>\n","protected":false},"featured_media":16626,"template":"","meta":[],"pwb-brand":[243],"product_brand":[],"product_cat":[867],"product_tag":[],"class_list":{"0":"post-16631","1":"product","2":"type-product","3":"status-publish","4":"has-post-thumbnail","6":"pwb-brand-ips-ups","7":"product_cat-ups-sistemy","8":"pif-has-gallery","10":"first","11":"instock","12":"taxable","13":"shipping-taxable","14":"purchasable","15":"product-type-simple"},"yoast_head":"<!-- This site is optimized with the Yoast SEO plugin v26.7 - https:\/\/yoast.com\/wordpress\/plugins\/seo\/ -->\n<title>UPS-IPS OfficePRO 600VA\/360W\/230V 1ph\/1ph, internal 1x12V\/7Ah AGM Line-interactive with modified sin wave - www.akum.lv<\/title>\n<meta name=\"robots\" content=\"index, follow, max-snippet:-1, max-image-preview:large, max-video-preview:-1\" \/>\n<link rel=\"canonical\" href=\"https:\/\/akum.lv\/ru\/prece\/ups-ips-600va-360w-230v-officepro-1ph-1ph-internal-1x12v-7ah-agm-line-interactive-with-modified-sin-wave\/\" \/>\n<meta property=\"og:locale\" content=\"ru_RU\" \/>\n<meta property=\"og:type\" content=\"article\" \/>\n<meta property=\"og:title\" content=\"UPS-IPS OfficePRO 600VA\/360W\/230V 1ph\/1ph, internal 1x12V\/7Ah AGM Line-interactive with modified sin wave - www.akum.lv\" \/>\n<meta property=\"og:description\" content=\"UPS-IPS 600VA\/360W\/230V OfficePRO 1ph\/1ph, internal 1x12V\/7Ah AGM Line-interactive with modified sin wave  Model: RTS-11-ON-3k0-2U-6x9  \u012aPA\u0160\u012aBAS \u2022 iek\u0161\u0113jie AGM akumulatori, aukst\u0101 palai\u0161ana \u2022 USB sakaru ports \u2022 L\u012bniju interakt\u012bv\u0101 topolo\u0123ija \u2022 Tower Plastmasas korpuss, LCD displejs \u2022 \u012bssavienojuma aizsardz\u012bba \u2022 izejas jaudas koeficients - 0,6 \u2022 AVR Boost un BUCK tips \u2022 autom\u0101tiska frekvences noteik\u0161ana  LIETOJUMI \u2022 telekomunik\u0101ciju sist\u0113mas \u2022 dro\u0161\u012bbas sist\u0113mas \u2022 biroja ier\u012bces  \u041e\u0421\u041e\u0411\u0415\u041d\u041d\u041e\u0421\u0422\u0418 \u2022 \u0432\u043d\u0443\u0442\u0440\u0435\u043d\u043d\u0438\u0435 \u0431\u0430\u0442\u0430\u0440\u0435\u0438 AGM, \u0445\u043e\u043b\u043e\u0434\u043d\u044b\u0439 \u0437\u0430\u043f\u0443\u0441\u043a \u2022 \u043a\u043e\u043c\u043c\u0443\u043d\u0438\u043a\u0430\u0446\u0438\u043e\u043d\u043d\u044b\u0439 \u043f\u043e\u0440\u0442 USB \u2022 \u0442\u043e\u043f\u043e\u043b\u043e\u0433\u0438\u044f \u041b\u0438\u043d\u0435\u0439\u043d\u043e-\u0438\u043d\u0442\u0435\u0440\u0430\u043a\u0442\u0438\u0432\u043d\u0430\u044f \u2022 \u043a\u043e\u0440\u043f\u0443\u0441 Tower Plastic, \u0416\u041a-\u0434\u0438\u0441\u043f\u043b\u0435\u0439 \u2022 \u0437\u0430\u0449\u0438\u0442\u0430 \u043e\u0442 \u043a\u043e\u0440\u043e\u0442\u043a\u043e\u0433\u043e \u0437\u0430\u043c\u044b\u043a\u0430\u043d\u0438\u044f \u2022 \u0432\u044b\u0445\u043e\u0434\u043d\u043e\u0439 \u043a\u043e\u044d\u0444\u0444\u0438\u0446\u0438\u0435\u043d\u0442 \u043c\u043e\u0449\u043d\u043e\u0441\u0442\u0438 - 0,6 \u2022 \u0442\u0438\u043f AVR Boost \u0438 BUCK \u2022 \u0430\u0432\u0442\u043e\u043c\u0430\u0442\u0438\u0447\u0435\u0441\u043a\u043e\u0435 \u043e\u043f\u0440\u0435\u0434\u0435\u043b\u0435\u043d\u0438\u0435 \u0447\u0430\u0441\u0442\u043e\u0442\u044b  \u041f\u0420\u0418\u041b\u041e\u0416\u0415\u041d\u0418\u042f \u2022 \u0442\u0435\u043b\u0435\u043a\u043e\u043c\u043c\u0443\u043d\u0438\u043a\u0430\u0446\u0438\u043e\u043d\u043d\u044b\u0435 \u0441\u0438\u0441\u0442\u0435\u043c\u044b \u2022 \u0441\u0438\u0441\u0442\u0435\u043c\u044b \u0431\u0435\u0437\u043e\u043f\u0430\u0441\u043d\u043e\u0441\u0442\u0438 \u2022 \u043e\u0444\u0438\u0441\u043d\u044b\u0435 \u0443\u0441\u0442\u0440\u043e\u0439\u0441\u0442\u0432\u0430  FEATURES \u2022 internal AGM batteries, cold start \u2022 communication USB port \u2022 topology Line - interactive \u2022 tower plastic case, LCD display \u2022 short - circuit protection \u2022 output PF - 0.6 \u2022 boost and BUCK AVR type \u2022 auto - sensing frequency  APPLICATIONS \u2022 telecommunication systems \u2022 security systems \u2022 office devices  &nbsp;\" \/>\n<meta property=\"og:url\" content=\"https:\/\/akum.lv\/ru\/prece\/ups-ips-600va-360w-230v-officepro-1ph-1ph-internal-1x12v-7ah-agm-line-interactive-with-modified-sin-wave\/\" \/>\n<meta property=\"og:site_name\" content=\"www.akum.lv\" \/>\n<meta property=\"article:modified_time\" content=\"2024-10-21T12:36:37+00:00\" \/>\n<meta property=\"og:image\" content=\"https:\/\/akum.lv\/wp-content\/uploads\/2024\/10\/tm-li-officepro-600-12v.jpg\" \/>\n\t<meta property=\"og:image:width\" content=\"400\" \/>\n\t<meta property=\"og:image:height\" content=\"400\" \/>\n\t<meta property=\"og:image:type\" content=\"image\/jpeg\" \/>\n<meta name=\"twitter:card\" content=\"summary_large_image\" \/>\n<meta name=\"twitter:label1\" content=\"\u041f\u0440\u0438\u043c\u0435\u0440\u043d\u043e\u0435 \u0432\u0440\u0435\u043c\u044f \u0434\u043b\u044f \u0447\u0442\u0435\u043d\u0438\u044f\" \/>\n\t<meta name=\"twitter:data1\" content=\"1 \u043c\u0438\u043d\u0443\u0442\u0430\" \/>\n<script type=\"application\/ld+json\" class=\"yoast-schema-graph\">{\"@context\":\"https:\/\/schema.org\",\"@graph\":[{\"@type\":\"WebPage\",\"@id\":\"https:\/\/akum.lv\/ru\/prece\/ups-ips-600va-360w-230v-officepro-1ph-1ph-internal-1x12v-7ah-agm-line-interactive-with-modified-sin-wave\/\",\"url\":\"https:\/\/akum.lv\/ru\/prece\/ups-ips-600va-360w-230v-officepro-1ph-1ph-internal-1x12v-7ah-agm-line-interactive-with-modified-sin-wave\/\",\"name\":\"UPS-IPS OfficePRO 600VA\/360W\/230V 1ph\/1ph, internal 1x12V\/7Ah AGM Line-interactive with modified sin wave - www.akum.lv\",\"isPartOf\":{\"@id\":\"https:\/\/akum.lv\/#website\"},\"primaryImageOfPage\":{\"@id\":\"https:\/\/akum.lv\/ru\/prece\/ups-ips-600va-360w-230v-officepro-1ph-1ph-internal-1x12v-7ah-agm-line-interactive-with-modified-sin-wave\/#primaryimage\"},\"image\":{\"@id\":\"https:\/\/akum.lv\/ru\/prece\/ups-ips-600va-360w-230v-officepro-1ph-1ph-internal-1x12v-7ah-agm-line-interactive-with-modified-sin-wave\/#primaryimage\"},\"thumbnailUrl\":\"https:\/\/akum.lv\/wp-content\/uploads\/2024\/10\/tm-li-officepro-600-12v.jpg\",\"datePublished\":\"2024-10-18T10:53:55+00:00\",\"dateModified\":\"2024-10-21T12:36:37+00:00\",\"breadcrumb\":{\"@id\":\"https:\/\/akum.lv\/ru\/prece\/ups-ips-600va-360w-230v-officepro-1ph-1ph-internal-1x12v-7ah-agm-line-interactive-with-modified-sin-wave\/#breadcrumb\"},\"inLanguage\":\"ru-RU\",\"potentialAction\":[{\"@type\":\"ReadAction\",\"target\":[\"https:\/\/akum.lv\/ru\/prece\/ups-ips-600va-360w-230v-officepro-1ph-1ph-internal-1x12v-7ah-agm-line-interactive-with-modified-sin-wave\/\"]}]},{\"@type\":\"ImageObject\",\"inLanguage\":\"ru-RU\",\"@id\":\"https:\/\/akum.lv\/ru\/prece\/ups-ips-600va-360w-230v-officepro-1ph-1ph-internal-1x12v-7ah-agm-line-interactive-with-modified-sin-wave\/#primaryimage\",\"url\":\"https:\/\/akum.lv\/wp-content\/uploads\/2024\/10\/tm-li-officepro-600-12v.jpg\",\"contentUrl\":\"https:\/\/akum.lv\/wp-content\/uploads\/2024\/10\/tm-li-officepro-600-12v.jpg\",\"width\":400,\"height\":400},{\"@type\":\"BreadcrumbList\",\"@id\":\"https:\/\/akum.lv\/ru\/prece\/ups-ips-600va-360w-230v-officepro-1ph-1ph-internal-1x12v-7ah-agm-line-interactive-with-modified-sin-wave\/#breadcrumb\",\"itemListElement\":[{\"@type\":\"ListItem\",\"position\":1,\"name\":\"\u0413\u043b\u0430\u0432\u043d\u0430\u044f \u0441\u0442\u0440\u0430\u043d\u0438\u0446\u0430\",\"item\":\"https:\/\/akum.lv\/ru\/\"},{\"@type\":\"ListItem\",\"position\":2,\"name\":\"PRECES\",\"item\":\"https:\/\/akum.lv\/produkti-preces\/\"},{\"@type\":\"ListItem\",\"position\":3,\"name\":\"UPS-IPS OfficePRO 600VA\/360W\/230V 1ph\/1ph, internal 1x12V\/7Ah AGM Line-interactive with modified sin wave\"}]},{\"@type\":\"WebSite\",\"@id\":\"https:\/\/akum.lv\/#website\",\"url\":\"https:\/\/akum.lv\/\",\"name\":\"www.akum.lv\",\"description\":\"Akumulatoru p\u0101rdev\u0113js | \u041f\u0440\u043e\u0434\u0430\u0432\u0435\u0446 \u0430\u043a\u043a\u0443\u043c\u0443\u043b\u044f\u0442\u043e\u0440\u043e\u0432 | Battery seller\",\"publisher\":{\"@id\":\"https:\/\/akum.lv\/#organization\"},\"potentialAction\":[{\"@type\":\"SearchAction\",\"target\":{\"@type\":\"EntryPoint\",\"urlTemplate\":\"https:\/\/akum.lv\/?s={search_term_string}\"},\"query-input\":{\"@type\":\"PropertyValueSpecification\",\"valueRequired\":true,\"valueName\":\"search_term_string\"}}],\"inLanguage\":\"ru-RU\"},{\"@type\":\"Organization\",\"@id\":\"https:\/\/akum.lv\/#organization\",\"name\":\"HubEnergy\",\"url\":\"https:\/\/akum.lv\/\",\"logo\":{\"@type\":\"ImageObject\",\"inLanguage\":\"ru-RU\",\"@id\":\"https:\/\/akum.lv\/#\/schema\/logo\/image\/\",\"url\":\"https:\/\/akum.lv\/wp-content\/uploads\/2018\/08\/Logo-hub-energy-2018-seller-dark-blue.png\",\"contentUrl\":\"https:\/\/akum.lv\/wp-content\/uploads\/2018\/08\/Logo-hub-energy-2018-seller-dark-blue.png\",\"width\":381,\"height\":75,\"caption\":\"HubEnergy\"},\"image\":{\"@id\":\"https:\/\/akum.lv\/#\/schema\/logo\/image\/\"}}]}<\/script>\n<!-- \/ Yoast SEO plugin. -->","yoast_head_json":{"title":"UPS-IPS OfficePRO 600VA\/360W\/230V 1ph\/1ph, internal 1x12V\/7Ah AGM Line-interactive with modified sin wave - www.akum.lv","robots":{"index":"index","follow":"follow","max-snippet":"max-snippet:-1","max-image-preview":"max-image-preview:large","max-video-preview":"max-video-preview:-1"},"canonical":"https:\/\/akum.lv\/ru\/prece\/ups-ips-600va-360w-230v-officepro-1ph-1ph-internal-1x12v-7ah-agm-line-interactive-with-modified-sin-wave\/","og_locale":"ru_RU","og_type":"article","og_title":"UPS-IPS OfficePRO 600VA\/360W\/230V 1ph\/1ph, internal 1x12V\/7Ah AGM Line-interactive with modified sin wave - www.akum.lv","og_description":"UPS-IPS 600VA\/360W\/230V OfficePRO 1ph\/1ph, internal 1x12V\/7Ah AGM Line-interactive with modified sin wave  Model: RTS-11-ON-3k0-2U-6x9  \u012aPA\u0160\u012aBAS \u2022 iek\u0161\u0113jie AGM akumulatori, aukst\u0101 palai\u0161ana \u2022 USB sakaru ports \u2022 L\u012bniju interakt\u012bv\u0101 topolo\u0123ija \u2022 Tower Plastmasas korpuss, LCD displejs \u2022 \u012bssavienojuma aizsardz\u012bba \u2022 izejas jaudas koeficients - 0,6 \u2022 AVR Boost un BUCK tips \u2022 autom\u0101tiska frekvences noteik\u0161ana  LIETOJUMI \u2022 telekomunik\u0101ciju sist\u0113mas \u2022 dro\u0161\u012bbas sist\u0113mas \u2022 biroja ier\u012bces  \u041e\u0421\u041e\u0411\u0415\u041d\u041d\u041e\u0421\u0422\u0418 \u2022 \u0432\u043d\u0443\u0442\u0440\u0435\u043d\u043d\u0438\u0435 \u0431\u0430\u0442\u0430\u0440\u0435\u0438 AGM, \u0445\u043e\u043b\u043e\u0434\u043d\u044b\u0439 \u0437\u0430\u043f\u0443\u0441\u043a \u2022 \u043a\u043e\u043c\u043c\u0443\u043d\u0438\u043a\u0430\u0446\u0438\u043e\u043d\u043d\u044b\u0439 \u043f\u043e\u0440\u0442 USB \u2022 \u0442\u043e\u043f\u043e\u043b\u043e\u0433\u0438\u044f \u041b\u0438\u043d\u0435\u0439\u043d\u043e-\u0438\u043d\u0442\u0435\u0440\u0430\u043a\u0442\u0438\u0432\u043d\u0430\u044f \u2022 \u043a\u043e\u0440\u043f\u0443\u0441 Tower Plastic, \u0416\u041a-\u0434\u0438\u0441\u043f\u043b\u0435\u0439 \u2022 \u0437\u0430\u0449\u0438\u0442\u0430 \u043e\u0442 \u043a\u043e\u0440\u043e\u0442\u043a\u043e\u0433\u043e \u0437\u0430\u043c\u044b\u043a\u0430\u043d\u0438\u044f \u2022 \u0432\u044b\u0445\u043e\u0434\u043d\u043e\u0439 \u043a\u043e\u044d\u0444\u0444\u0438\u0446\u0438\u0435\u043d\u0442 \u043c\u043e\u0449\u043d\u043e\u0441\u0442\u0438 - 0,6 \u2022 \u0442\u0438\u043f AVR Boost \u0438 BUCK \u2022 \u0430\u0432\u0442\u043e\u043c\u0430\u0442\u0438\u0447\u0435\u0441\u043a\u043e\u0435 \u043e\u043f\u0440\u0435\u0434\u0435\u043b\u0435\u043d\u0438\u0435 \u0447\u0430\u0441\u0442\u043e\u0442\u044b  \u041f\u0420\u0418\u041b\u041e\u0416\u0415\u041d\u0418\u042f \u2022 \u0442\u0435\u043b\u0435\u043a\u043e\u043c\u043c\u0443\u043d\u0438\u043a\u0430\u0446\u0438\u043e\u043d\u043d\u044b\u0435 \u0441\u0438\u0441\u0442\u0435\u043c\u044b \u2022 \u0441\u0438\u0441\u0442\u0435\u043c\u044b \u0431\u0435\u0437\u043e\u043f\u0430\u0441\u043d\u043e\u0441\u0442\u0438 \u2022 \u043e\u0444\u0438\u0441\u043d\u044b\u0435 \u0443\u0441\u0442\u0440\u043e\u0439\u0441\u0442\u0432\u0430  FEATURES \u2022 internal AGM batteries, cold start \u2022 communication USB port \u2022 topology Line - interactive \u2022 tower plastic case, LCD display \u2022 short - circuit protection \u2022 output PF - 0.6 \u2022 boost and BUCK AVR type \u2022 auto - sensing frequency  APPLICATIONS \u2022 telecommunication systems \u2022 security systems \u2022 office devices  &nbsp;","og_url":"https:\/\/akum.lv\/ru\/prece\/ups-ips-600va-360w-230v-officepro-1ph-1ph-internal-1x12v-7ah-agm-line-interactive-with-modified-sin-wave\/","og_site_name":"www.akum.lv","article_modified_time":"2024-10-21T12:36:37+00:00","og_image":[{"width":400,"height":400,"url":"https:\/\/akum.lv\/wp-content\/uploads\/2024\/10\/tm-li-officepro-600-12v.jpg","type":"image\/jpeg"}],"twitter_card":"summary_large_image","twitter_misc":{"\u041f\u0440\u0438\u043c\u0435\u0440\u043d\u043e\u0435 \u0432\u0440\u0435\u043c\u044f \u0434\u043b\u044f \u0447\u0442\u0435\u043d\u0438\u044f":"1 \u043c\u0438\u043d\u0443\u0442\u0430"},"schema":{"@context":"https:\/\/schema.org","@graph":[{"@type":"WebPage","@id":"https:\/\/akum.lv\/ru\/prece\/ups-ips-600va-360w-230v-officepro-1ph-1ph-internal-1x12v-7ah-agm-line-interactive-with-modified-sin-wave\/","url":"https:\/\/akum.lv\/ru\/prece\/ups-ips-600va-360w-230v-officepro-1ph-1ph-internal-1x12v-7ah-agm-line-interactive-with-modified-sin-wave\/","name":"UPS-IPS OfficePRO 600VA\/360W\/230V 1ph\/1ph, internal 1x12V\/7Ah AGM Line-interactive with modified sin wave - www.akum.lv","isPartOf":{"@id":"https:\/\/akum.lv\/#website"},"primaryImageOfPage":{"@id":"https:\/\/akum.lv\/ru\/prece\/ups-ips-600va-360w-230v-officepro-1ph-1ph-internal-1x12v-7ah-agm-line-interactive-with-modified-sin-wave\/#primaryimage"},"image":{"@id":"https:\/\/akum.lv\/ru\/prece\/ups-ips-600va-360w-230v-officepro-1ph-1ph-internal-1x12v-7ah-agm-line-interactive-with-modified-sin-wave\/#primaryimage"},"thumbnailUrl":"https:\/\/akum.lv\/wp-content\/uploads\/2024\/10\/tm-li-officepro-600-12v.jpg","datePublished":"2024-10-18T10:53:55+00:00","dateModified":"2024-10-21T12:36:37+00:00","breadcrumb":{"@id":"https:\/\/akum.lv\/ru\/prece\/ups-ips-600va-360w-230v-officepro-1ph-1ph-internal-1x12v-7ah-agm-line-interactive-with-modified-sin-wave\/#breadcrumb"},"inLanguage":"ru-RU","potentialAction":[{"@type":"ReadAction","target":["https:\/\/akum.lv\/ru\/prece\/ups-ips-600va-360w-230v-officepro-1ph-1ph-internal-1x12v-7ah-agm-line-interactive-with-modified-sin-wave\/"]}]},{"@type":"ImageObject","inLanguage":"ru-RU","@id":"https:\/\/akum.lv\/ru\/prece\/ups-ips-600va-360w-230v-officepro-1ph-1ph-internal-1x12v-7ah-agm-line-interactive-with-modified-sin-wave\/#primaryimage","url":"https:\/\/akum.lv\/wp-content\/uploads\/2024\/10\/tm-li-officepro-600-12v.jpg","contentUrl":"https:\/\/akum.lv\/wp-content\/uploads\/2024\/10\/tm-li-officepro-600-12v.jpg","width":400,"height":400},{"@type":"BreadcrumbList","@id":"https:\/\/akum.lv\/ru\/prece\/ups-ips-600va-360w-230v-officepro-1ph-1ph-internal-1x12v-7ah-agm-line-interactive-with-modified-sin-wave\/#breadcrumb","itemListElement":[{"@type":"ListItem","position":1,"name":"\u0413\u043b\u0430\u0432\u043d\u0430\u044f \u0441\u0442\u0440\u0430\u043d\u0438\u0446\u0430","item":"https:\/\/akum.lv\/ru\/"},{"@type":"ListItem","position":2,"name":"PRECES","item":"https:\/\/akum.lv\/produkti-preces\/"},{"@type":"ListItem","position":3,"name":"UPS-IPS OfficePRO 600VA\/360W\/230V 1ph\/1ph, internal 1x12V\/7Ah AGM Line-interactive with modified sin wave"}]},{"@type":"WebSite","@id":"https:\/\/akum.lv\/#website","url":"https:\/\/akum.lv\/","name":"www.akum.lv","description":"Akumulatoru p\u0101rdev\u0113js | \u041f\u0440\u043e\u0434\u0430\u0432\u0435\u0446 \u0430\u043a\u043a\u0443\u043c\u0443\u043b\u044f\u0442\u043e\u0440\u043e\u0432 | Battery seller","publisher":{"@id":"https:\/\/akum.lv\/#organization"},"potentialAction":[{"@type":"SearchAction","target":{"@type":"EntryPoint","urlTemplate":"https:\/\/akum.lv\/?s={search_term_string}"},"query-input":{"@type":"PropertyValueSpecification","valueRequired":true,"valueName":"search_term_string"}}],"inLanguage":"ru-RU"},{"@type":"Organization","@id":"https:\/\/akum.lv\/#organization","name":"HubEnergy","url":"https:\/\/akum.lv\/","logo":{"@type":"ImageObject","inLanguage":"ru-RU","@id":"https:\/\/akum.lv\/#\/schema\/logo\/image\/","url":"https:\/\/akum.lv\/wp-content\/uploads\/2018\/08\/Logo-hub-energy-2018-seller-dark-blue.png","contentUrl":"https:\/\/akum.lv\/wp-content\/uploads\/2018\/08\/Logo-hub-energy-2018-seller-dark-blue.png","width":381,"height":75,"caption":"HubEnergy"},"image":{"@id":"https:\/\/akum.lv\/#\/schema\/logo\/image\/"}}]}},"brands":[{"id":243,"name":"IPS-UPS","slug":"ips-ups"}],"_links":{"self":[{"href":"https:\/\/akum.lv\/ru\/wp-json\/wp\/v2\/product\/16631","targetHints":{"allow":["GET"]}}],"collection":[{"href":"https:\/\/akum.lv\/ru\/wp-json\/wp\/v2\/product"}],"about":[{"href":"https:\/\/akum.lv\/ru\/wp-json\/wp\/v2\/types\/product"}],"wp:featuredmedia":[{"embeddable":true,"href":"https:\/\/akum.lv\/ru\/wp-json\/wp\/v2\/media\/16626"}],"wp:attachment":[{"href":"https:\/\/akum.lv\/ru\/wp-json\/wp\/v2\/media?parent=16631"}],"wp:term":[{"taxonomy":"pwb-brand","embeddable":true,"href":"https:\/\/akum.lv\/ru\/wp-json\/wp\/v2\/pwb-brand?post=16631"},{"taxonomy":"product_brand","embeddable":true,"href":"https:\/\/akum.lv\/ru\/wp-json\/wp\/v2\/product_brand?post=16631"},{"taxonomy":"product_cat","embeddable":true,"href":"https:\/\/akum.lv\/ru\/wp-json\/wp\/v2\/product_cat?post=16631"},{"taxonomy":"product_tag","embeddable":true,"href":"https:\/\/akum.lv\/ru\/wp-json\/wp\/v2\/product_tag?post=16631"}],"curies":[{"name":"wp","href":"https:\/\/api.w.org\/{rel}","templated":true}]}}