{"id":16617,"date":"2024-10-17T13:06:53","date_gmt":"2024-10-17T13:06:53","guid":{"rendered":"https:\/\/akum.lv\/prece\/ups-ips-600va-360w-230v-1ph-1ph-internal-1x12v-7ah-agm-modified-sin-wave-line-interactive\/"},"modified":"2024-10-17T13:25:41","modified_gmt":"2024-10-17T13:25:41","slug":"ups-ips-600va-360w-230v-1ph-1ph-internal-1x12v-7ah-agm-modified-sin-wave-line-interactive","status":"publish","type":"product","link":"https:\/\/akum.lv\/ru\/prece\/ups-ips-600va-360w-230v-1ph-1ph-internal-1x12v-7ah-agm-modified-sin-wave-line-interactive\/","title":{"rendered":"UPS-IPS 600VA\/360W\/230V 1ph\/1ph, internal 1x12V\/7Ah AGM modified sin wave, line-interactive"},"content":{"rendered":"","protected":false},"excerpt":{"rendered":"<p>UPS-IPS 600VA\/360W\/230V 1ph\/1ph, internal 1x12V\/7Ah AGM Line-interactive with modified sin wave<\/p>\n<p>Model: TM-LI-0K6-PC-1X7<\/p>\n<p>\u012aPA\u0160\u012aBAS<br \/>\n\u2022 Topolo\u0123ijas f\u0101zes autotrack<br \/>\n\u2022 tor\u0146a futr\u0101lis, galda korpuss<br \/>\n\u2022 vienf\u0101zes ieeja\/izeja, 230 V mai\u0146str\u0101va, 50 Hz, PF=0,6<br \/>\n\u2022 t\u012bra sinusoid\u0101la izeja &#8212; t\u012bkla baro\u0161anas re\u017e\u012bms<br \/>\n\u2022 modific\u0113ta sinusoid\u0101l\u0101 vi\u013c\u0146a izeja &#8212; invertora re\u017e\u012bms<br \/>\n\u2022 autom\u0101tiskais sprieguma regulators &#8212; AVR<br \/>\n\u2022 Schuko vai IEC izejas ligzdas<\/p>\n<p>LIETOJUMI<br \/>\n\u2022 mazjaudas telekomunik\u0101ciju sist\u0113mas<br \/>\n\u2022 galddatori<br \/>\n\u2022 CCTV, piek\u013cuves kontroles un IDS sist\u0113mas<br \/>\n\u2022 ier\u012bces ar komut\u0101cijas baro\u0161anas avotu<\/p>\n<p>\u041e\u0421\u041e\u0411\u0415\u041d\u041d\u041e\u0421\u0422\u0418<br \/>\n\u2022 \u0422\u043e\u043f\u043e\u043b\u043e\u0433\u0438\u044f \u0430\u0432\u0442\u043e\u0442\u0440\u0435\u043a\u0438\u043d\u0433\u0430 \u0444\u0430\u0437<br \/>\n\u2022 \u043a\u043e\u0440\u043f\u0443\u0441 Tower, \u043d\u0430\u0441\u0442\u043e\u043b\u044c\u043d\u044b\u0439 \u043a\u043e\u0440\u043f\u0443\u0441<br \/>\n\u2022 \u043e\u0434\u043d\u043e\u0444\u0430\u0437\u043d\u044b\u0439 \u0432\u0445\u043e\u0434\/\u0432\u044b\u0445\u043e\u0434, 230 \u0412 \u043f\u0435\u0440\u0435\u043c\u0435\u043d\u043d\u043e\u0433\u043e \u0442\u043e\u043a\u0430, 50 \u0413\u0446, PF=0,6<br \/>\n\u2022 \u0447\u0438\u0441\u0442\u044b\u0439 \u0441\u0438\u043d\u0443\u0441\u043e\u0438\u0434\u0430\u043b\u044c\u043d\u044b\u0439 \u0432\u044b\u0445\u043e\u0434 &#8212; \u0440\u0435\u0436\u0438\u043c \u043f\u0438\u0442\u0430\u043d\u0438\u044f \u043e\u0442 \u0441\u0435\u0442\u0438<br \/>\n\u2022 \u043c\u043e\u0434\u0438\u0444\u0438\u0446\u0438\u0440\u043e\u0432\u0430\u043d\u043d\u044b\u0439 \u0441\u0438\u043d\u0443\u0441\u043e\u0438\u0434\u0430\u043b\u044c\u043d\u044b\u0439 \u0432\u044b\u0445\u043e\u0434 &#8212; \u0440\u0435\u0436\u0438\u043c \u0438\u043d\u0432\u0435\u0440\u0442\u043e\u0440\u0430<br \/>\n\u2022 \u0430\u0432\u0442\u043e\u043c\u0430\u0442\u0438\u0447\u0435\u0441\u043a\u0438\u0439 \u0440\u0435\u0433\u0443\u043b\u044f\u0442\u043e\u0440 \u043d\u0430\u043f\u0440\u044f\u0436\u0435\u043d\u0438\u044f &#8212; AVR<br \/>\n\u2022 \u0432\u044b\u0445\u043e\u0434\u043d\u044b\u0435 \u0440\u043e\u0437\u0435\u0442\u043a\u0438 Schuko \u0438\u043b\u0438 IEC<\/p>\n<p>\u041f\u0420\u0418\u041b\u041e\u0416\u0415\u041d\u0418\u042f<br \/>\n\u2022 \u043c\u0430\u043b\u043e\u043c\u043e\u0449\u043d\u044b\u0435 \u0442\u0435\u043b\u0435\u043a\u043e\u043c\u043c\u0443\u043d\u0438\u043a\u0430\u0446\u0438\u043e\u043d\u043d\u044b\u0435 \u0441\u0438\u0441\u0442\u0435\u043c\u044b<br \/>\n\u2022 \u043d\u0430\u0441\u0442\u043e\u043b\u044c\u043d\u044b\u0435 \u043a\u043e\u043c\u043f\u044c\u044e\u0442\u0435\u0440\u044b<br \/>\n\u2022 \u0441\u0438\u0441\u0442\u0435\u043c\u044b \u0432\u0438\u0434\u0435\u043e\u043d\u0430\u0431\u043b\u044e\u0434\u0435\u043d\u0438\u044f, \u043a\u043e\u043d\u0442\u0440\u043e\u043b\u044f \u0434\u043e\u0441\u0442\u0443\u043f\u0430 \u0438 \u043e\u0431\u043d\u0430\u0440\u0443\u0436\u0435\u043d\u0438\u044f \u0432\u0442\u043e\u0440\u0436\u0435\u043d\u0438\u0439<br \/>\n\u2022 \u0443\u0441\u0442\u0440\u043e\u0439\u0441\u0442\u0432\u0430 \u0441 \u0438\u043c\u043f\u0443\u043b\u044c\u0441\u043d\u044b\u043c \u0438\u0441\u0442\u043e\u0447\u043d\u0438\u043a\u043e\u043c \u043f\u0438\u0442\u0430\u043d\u0438\u044f<\/p>\n<p>FEATURES<br \/>\n\u2022 Topology phase autotrack<br \/>\n\u2022 tower case, desktop case<br \/>\n\u2022 single-phase input \/ output, 230 V AC, 50 Hz, PF=0,6<br \/>\n\u2022 pure sine wave output &#8212; mains supply mode<br \/>\n\u2022 modified sine wave output &#8212; inverter mode<br \/>\n\u2022 automatic voltage regulator &#8212; AVR<br \/>\n\u2022 Schuko or IEC output sockets<\/p>\n<p>APPLICATIONS<br \/>\n\u2022 low power telecommunication systems<br \/>\n\u2022 desktop computers<br \/>\n\u2022 CCTV, access control &amp; IDS systems<br \/>\n\u2022 devices with switching power supply<\/p>\n","protected":false},"featured_media":4060,"template":"","meta":[],"pwb-brand":[243],"product_brand":[],"product_cat":[867],"product_tag":[],"class_list":{"0":"post-16617","1":"product","2":"type-product","3":"status-publish","4":"has-post-thumbnail","6":"pwb-brand-ips-ups","7":"product_cat-ups-sistemy","9":"first","10":"instock","11":"taxable","12":"shipping-taxable","13":"purchasable","14":"product-type-simple"},"yoast_head":"<!-- This site is optimized with the Yoast SEO plugin v26.7 - https:\/\/yoast.com\/wordpress\/plugins\/seo\/ -->\n<title>UPS-IPS 600VA\/360W\/230V 1ph\/1ph, internal 1x12V\/7Ah AGM modified sin wave, line-interactive - www.akum.lv<\/title>\n<meta name=\"robots\" content=\"index, follow, max-snippet:-1, max-image-preview:large, max-video-preview:-1\" \/>\n<link rel=\"canonical\" href=\"https:\/\/akum.lv\/ru\/prece\/ups-ips-600va-360w-230v-1ph-1ph-internal-1x12v-7ah-agm-modified-sin-wave-line-interactive\/\" \/>\n<meta property=\"og:locale\" content=\"ru_RU\" \/>\n<meta property=\"og:type\" content=\"article\" \/>\n<meta property=\"og:title\" content=\"UPS-IPS 600VA\/360W\/230V 1ph\/1ph, internal 1x12V\/7Ah AGM modified sin wave, line-interactive - www.akum.lv\" \/>\n<meta property=\"og:description\" content=\"UPS-IPS 600VA\/360W\/230V 1ph\/1ph, internal 1x12V\/7Ah AGM Line-interactive with modified sin wave  Model: TM-LI-0K6-PC-1X7  \u012aPA\u0160\u012aBAS \u2022 Topolo\u0123ijas f\u0101zes autotrack \u2022 tor\u0146a futr\u0101lis, galda korpuss \u2022 vienf\u0101zes ieeja\/izeja, 230 V mai\u0146str\u0101va, 50 Hz, PF=0,6 \u2022 t\u012bra sinusoid\u0101la izeja - t\u012bkla baro\u0161anas re\u017e\u012bms \u2022 modific\u0113ta sinusoid\u0101l\u0101 vi\u013c\u0146a izeja - invertora re\u017e\u012bms \u2022 autom\u0101tiskais sprieguma regulators - AVR \u2022 Schuko vai IEC izejas ligzdas  LIETOJUMI \u2022 mazjaudas telekomunik\u0101ciju sist\u0113mas \u2022 galddatori \u2022 CCTV, piek\u013cuves kontroles un IDS sist\u0113mas \u2022 ier\u012bces ar komut\u0101cijas baro\u0161anas avotu  \u041e\u0421\u041e\u0411\u0415\u041d\u041d\u041e\u0421\u0422\u0418 \u2022 \u0422\u043e\u043f\u043e\u043b\u043e\u0433\u0438\u044f \u0430\u0432\u0442\u043e\u0442\u0440\u0435\u043a\u0438\u043d\u0433\u0430 \u0444\u0430\u0437 \u2022 \u043a\u043e\u0440\u043f\u0443\u0441 Tower, \u043d\u0430\u0441\u0442\u043e\u043b\u044c\u043d\u044b\u0439 \u043a\u043e\u0440\u043f\u0443\u0441 \u2022 \u043e\u0434\u043d\u043e\u0444\u0430\u0437\u043d\u044b\u0439 \u0432\u0445\u043e\u0434\/\u0432\u044b\u0445\u043e\u0434, 230 \u0412 \u043f\u0435\u0440\u0435\u043c\u0435\u043d\u043d\u043e\u0433\u043e \u0442\u043e\u043a\u0430, 50 \u0413\u0446, PF=0,6 \u2022 \u0447\u0438\u0441\u0442\u044b\u0439 \u0441\u0438\u043d\u0443\u0441\u043e\u0438\u0434\u0430\u043b\u044c\u043d\u044b\u0439 \u0432\u044b\u0445\u043e\u0434 - \u0440\u0435\u0436\u0438\u043c \u043f\u0438\u0442\u0430\u043d\u0438\u044f \u043e\u0442 \u0441\u0435\u0442\u0438 \u2022 \u043c\u043e\u0434\u0438\u0444\u0438\u0446\u0438\u0440\u043e\u0432\u0430\u043d\u043d\u044b\u0439 \u0441\u0438\u043d\u0443\u0441\u043e\u0438\u0434\u0430\u043b\u044c\u043d\u044b\u0439 \u0432\u044b\u0445\u043e\u0434 - \u0440\u0435\u0436\u0438\u043c \u0438\u043d\u0432\u0435\u0440\u0442\u043e\u0440\u0430 \u2022 \u0430\u0432\u0442\u043e\u043c\u0430\u0442\u0438\u0447\u0435\u0441\u043a\u0438\u0439 \u0440\u0435\u0433\u0443\u043b\u044f\u0442\u043e\u0440 \u043d\u0430\u043f\u0440\u044f\u0436\u0435\u043d\u0438\u044f - AVR \u2022 \u0432\u044b\u0445\u043e\u0434\u043d\u044b\u0435 \u0440\u043e\u0437\u0435\u0442\u043a\u0438 Schuko \u0438\u043b\u0438 IEC  \u041f\u0420\u0418\u041b\u041e\u0416\u0415\u041d\u0418\u042f \u2022 \u043c\u0430\u043b\u043e\u043c\u043e\u0449\u043d\u044b\u0435 \u0442\u0435\u043b\u0435\u043a\u043e\u043c\u043c\u0443\u043d\u0438\u043a\u0430\u0446\u0438\u043e\u043d\u043d\u044b\u0435 \u0441\u0438\u0441\u0442\u0435\u043c\u044b \u2022 \u043d\u0430\u0441\u0442\u043e\u043b\u044c\u043d\u044b\u0435 \u043a\u043e\u043c\u043f\u044c\u044e\u0442\u0435\u0440\u044b \u2022 \u0441\u0438\u0441\u0442\u0435\u043c\u044b \u0432\u0438\u0434\u0435\u043e\u043d\u0430\u0431\u043b\u044e\u0434\u0435\u043d\u0438\u044f, \u043a\u043e\u043d\u0442\u0440\u043e\u043b\u044f \u0434\u043e\u0441\u0442\u0443\u043f\u0430 \u0438 \u043e\u0431\u043d\u0430\u0440\u0443\u0436\u0435\u043d\u0438\u044f \u0432\u0442\u043e\u0440\u0436\u0435\u043d\u0438\u0439 \u2022 \u0443\u0441\u0442\u0440\u043e\u0439\u0441\u0442\u0432\u0430 \u0441 \u0438\u043c\u043f\u0443\u043b\u044c\u0441\u043d\u044b\u043c \u0438\u0441\u0442\u043e\u0447\u043d\u0438\u043a\u043e\u043c \u043f\u0438\u0442\u0430\u043d\u0438\u044f  FEATURES \u2022 Topology phase autotrack \u2022 tower case, desktop case \u2022 single-phase input \/ output, 230 V AC, 50 Hz, PF=0,6 \u2022 pure sine wave output - mains supply mode \u2022 modified sine wave output - inverter mode \u2022 automatic voltage regulator - AVR \u2022 Schuko or IEC output sockets  APPLICATIONS \u2022 low power telecommunication systems \u2022 desktop computers \u2022 CCTV, access control &amp; IDS systems \u2022 devices with switching power supply\" \/>\n<meta property=\"og:url\" content=\"https:\/\/akum.lv\/ru\/prece\/ups-ips-600va-360w-230v-1ph-1ph-internal-1x12v-7ah-agm-modified-sin-wave-line-interactive\/\" \/>\n<meta property=\"og:site_name\" content=\"www.akum.lv\" \/>\n<meta property=\"article:modified_time\" content=\"2024-10-17T13:25:41+00:00\" \/>\n<meta property=\"og:image\" content=\"https:\/\/akum.lv\/wp-content\/uploads\/2018\/08\/UPS-Systems.jpg\" \/>\n\t<meta property=\"og:image:width\" content=\"500\" \/>\n\t<meta property=\"og:image:height\" content=\"226\" \/>\n\t<meta property=\"og:image:type\" content=\"image\/jpeg\" \/>\n<meta name=\"twitter:card\" content=\"summary_large_image\" \/>\n<meta name=\"twitter:label1\" content=\"\u041f\u0440\u0438\u043c\u0435\u0440\u043d\u043e\u0435 \u0432\u0440\u0435\u043c\u044f \u0434\u043b\u044f \u0447\u0442\u0435\u043d\u0438\u044f\" \/>\n\t<meta name=\"twitter:data1\" content=\"1 \u043c\u0438\u043d\u0443\u0442\u0430\" \/>\n<script type=\"application\/ld+json\" class=\"yoast-schema-graph\">{\"@context\":\"https:\/\/schema.org\",\"@graph\":[{\"@type\":\"WebPage\",\"@id\":\"https:\/\/akum.lv\/ru\/prece\/ups-ips-600va-360w-230v-1ph-1ph-internal-1x12v-7ah-agm-modified-sin-wave-line-interactive\/\",\"url\":\"https:\/\/akum.lv\/ru\/prece\/ups-ips-600va-360w-230v-1ph-1ph-internal-1x12v-7ah-agm-modified-sin-wave-line-interactive\/\",\"name\":\"UPS-IPS 600VA\/360W\/230V 1ph\/1ph, internal 1x12V\/7Ah AGM modified sin wave, line-interactive - www.akum.lv\",\"isPartOf\":{\"@id\":\"https:\/\/akum.lv\/#website\"},\"primaryImageOfPage\":{\"@id\":\"https:\/\/akum.lv\/ru\/prece\/ups-ips-600va-360w-230v-1ph-1ph-internal-1x12v-7ah-agm-modified-sin-wave-line-interactive\/#primaryimage\"},\"image\":{\"@id\":\"https:\/\/akum.lv\/ru\/prece\/ups-ips-600va-360w-230v-1ph-1ph-internal-1x12v-7ah-agm-modified-sin-wave-line-interactive\/#primaryimage\"},\"thumbnailUrl\":\"https:\/\/akum.lv\/wp-content\/uploads\/2018\/08\/UPS-Systems.jpg\",\"datePublished\":\"2024-10-17T13:06:53+00:00\",\"dateModified\":\"2024-10-17T13:25:41+00:00\",\"breadcrumb\":{\"@id\":\"https:\/\/akum.lv\/ru\/prece\/ups-ips-600va-360w-230v-1ph-1ph-internal-1x12v-7ah-agm-modified-sin-wave-line-interactive\/#breadcrumb\"},\"inLanguage\":\"ru-RU\",\"potentialAction\":[{\"@type\":\"ReadAction\",\"target\":[\"https:\/\/akum.lv\/ru\/prece\/ups-ips-600va-360w-230v-1ph-1ph-internal-1x12v-7ah-agm-modified-sin-wave-line-interactive\/\"]}]},{\"@type\":\"ImageObject\",\"inLanguage\":\"ru-RU\",\"@id\":\"https:\/\/akum.lv\/ru\/prece\/ups-ips-600va-360w-230v-1ph-1ph-internal-1x12v-7ah-agm-modified-sin-wave-line-interactive\/#primaryimage\",\"url\":\"https:\/\/akum.lv\/wp-content\/uploads\/2018\/08\/UPS-Systems.jpg\",\"contentUrl\":\"https:\/\/akum.lv\/wp-content\/uploads\/2018\/08\/UPS-Systems.jpg\",\"width\":500,\"height\":226},{\"@type\":\"BreadcrumbList\",\"@id\":\"https:\/\/akum.lv\/ru\/prece\/ups-ips-600va-360w-230v-1ph-1ph-internal-1x12v-7ah-agm-modified-sin-wave-line-interactive\/#breadcrumb\",\"itemListElement\":[{\"@type\":\"ListItem\",\"position\":1,\"name\":\"\u0413\u043b\u0430\u0432\u043d\u0430\u044f \u0441\u0442\u0440\u0430\u043d\u0438\u0446\u0430\",\"item\":\"https:\/\/akum.lv\/ru\/\"},{\"@type\":\"ListItem\",\"position\":2,\"name\":\"PRECES\",\"item\":\"https:\/\/akum.lv\/produkti-preces\/\"},{\"@type\":\"ListItem\",\"position\":3,\"name\":\"UPS-IPS 600VA\/360W\/230V 1ph\/1ph, internal 1x12V\/7Ah AGM modified sin wave, line-interactive\"}]},{\"@type\":\"WebSite\",\"@id\":\"https:\/\/akum.lv\/#website\",\"url\":\"https:\/\/akum.lv\/\",\"name\":\"www.akum.lv\",\"description\":\"Akumulatoru p\u0101rdev\u0113js | \u041f\u0440\u043e\u0434\u0430\u0432\u0435\u0446 \u0430\u043a\u043a\u0443\u043c\u0443\u043b\u044f\u0442\u043e\u0440\u043e\u0432 | Battery seller\",\"publisher\":{\"@id\":\"https:\/\/akum.lv\/#organization\"},\"potentialAction\":[{\"@type\":\"SearchAction\",\"target\":{\"@type\":\"EntryPoint\",\"urlTemplate\":\"https:\/\/akum.lv\/?s={search_term_string}\"},\"query-input\":{\"@type\":\"PropertyValueSpecification\",\"valueRequired\":true,\"valueName\":\"search_term_string\"}}],\"inLanguage\":\"ru-RU\"},{\"@type\":\"Organization\",\"@id\":\"https:\/\/akum.lv\/#organization\",\"name\":\"HubEnergy\",\"url\":\"https:\/\/akum.lv\/\",\"logo\":{\"@type\":\"ImageObject\",\"inLanguage\":\"ru-RU\",\"@id\":\"https:\/\/akum.lv\/#\/schema\/logo\/image\/\",\"url\":\"https:\/\/akum.lv\/wp-content\/uploads\/2018\/08\/Logo-hub-energy-2018-seller-dark-blue.png\",\"contentUrl\":\"https:\/\/akum.lv\/wp-content\/uploads\/2018\/08\/Logo-hub-energy-2018-seller-dark-blue.png\",\"width\":381,\"height\":75,\"caption\":\"HubEnergy\"},\"image\":{\"@id\":\"https:\/\/akum.lv\/#\/schema\/logo\/image\/\"}}]}<\/script>\n<!-- \/ Yoast SEO plugin. -->","yoast_head_json":{"title":"UPS-IPS 600VA\/360W\/230V 1ph\/1ph, internal 1x12V\/7Ah AGM modified sin wave, line-interactive - www.akum.lv","robots":{"index":"index","follow":"follow","max-snippet":"max-snippet:-1","max-image-preview":"max-image-preview:large","max-video-preview":"max-video-preview:-1"},"canonical":"https:\/\/akum.lv\/ru\/prece\/ups-ips-600va-360w-230v-1ph-1ph-internal-1x12v-7ah-agm-modified-sin-wave-line-interactive\/","og_locale":"ru_RU","og_type":"article","og_title":"UPS-IPS 600VA\/360W\/230V 1ph\/1ph, internal 1x12V\/7Ah AGM modified sin wave, line-interactive - www.akum.lv","og_description":"UPS-IPS 600VA\/360W\/230V 1ph\/1ph, internal 1x12V\/7Ah AGM Line-interactive with modified sin wave  Model: TM-LI-0K6-PC-1X7  \u012aPA\u0160\u012aBAS \u2022 Topolo\u0123ijas f\u0101zes autotrack \u2022 tor\u0146a futr\u0101lis, galda korpuss \u2022 vienf\u0101zes ieeja\/izeja, 230 V mai\u0146str\u0101va, 50 Hz, PF=0,6 \u2022 t\u012bra sinusoid\u0101la izeja - t\u012bkla baro\u0161anas re\u017e\u012bms \u2022 modific\u0113ta sinusoid\u0101l\u0101 vi\u013c\u0146a izeja - invertora re\u017e\u012bms \u2022 autom\u0101tiskais sprieguma regulators - AVR \u2022 Schuko vai IEC izejas ligzdas  LIETOJUMI \u2022 mazjaudas telekomunik\u0101ciju sist\u0113mas \u2022 galddatori \u2022 CCTV, piek\u013cuves kontroles un IDS sist\u0113mas \u2022 ier\u012bces ar komut\u0101cijas baro\u0161anas avotu  \u041e\u0421\u041e\u0411\u0415\u041d\u041d\u041e\u0421\u0422\u0418 \u2022 \u0422\u043e\u043f\u043e\u043b\u043e\u0433\u0438\u044f \u0430\u0432\u0442\u043e\u0442\u0440\u0435\u043a\u0438\u043d\u0433\u0430 \u0444\u0430\u0437 \u2022 \u043a\u043e\u0440\u043f\u0443\u0441 Tower, \u043d\u0430\u0441\u0442\u043e\u043b\u044c\u043d\u044b\u0439 \u043a\u043e\u0440\u043f\u0443\u0441 \u2022 \u043e\u0434\u043d\u043e\u0444\u0430\u0437\u043d\u044b\u0439 \u0432\u0445\u043e\u0434\/\u0432\u044b\u0445\u043e\u0434, 230 \u0412 \u043f\u0435\u0440\u0435\u043c\u0435\u043d\u043d\u043e\u0433\u043e \u0442\u043e\u043a\u0430, 50 \u0413\u0446, PF=0,6 \u2022 \u0447\u0438\u0441\u0442\u044b\u0439 \u0441\u0438\u043d\u0443\u0441\u043e\u0438\u0434\u0430\u043b\u044c\u043d\u044b\u0439 \u0432\u044b\u0445\u043e\u0434 - \u0440\u0435\u0436\u0438\u043c \u043f\u0438\u0442\u0430\u043d\u0438\u044f \u043e\u0442 \u0441\u0435\u0442\u0438 \u2022 \u043c\u043e\u0434\u0438\u0444\u0438\u0446\u0438\u0440\u043e\u0432\u0430\u043d\u043d\u044b\u0439 \u0441\u0438\u043d\u0443\u0441\u043e\u0438\u0434\u0430\u043b\u044c\u043d\u044b\u0439 \u0432\u044b\u0445\u043e\u0434 - \u0440\u0435\u0436\u0438\u043c \u0438\u043d\u0432\u0435\u0440\u0442\u043e\u0440\u0430 \u2022 \u0430\u0432\u0442\u043e\u043c\u0430\u0442\u0438\u0447\u0435\u0441\u043a\u0438\u0439 \u0440\u0435\u0433\u0443\u043b\u044f\u0442\u043e\u0440 \u043d\u0430\u043f\u0440\u044f\u0436\u0435\u043d\u0438\u044f - AVR \u2022 \u0432\u044b\u0445\u043e\u0434\u043d\u044b\u0435 \u0440\u043e\u0437\u0435\u0442\u043a\u0438 Schuko \u0438\u043b\u0438 IEC  \u041f\u0420\u0418\u041b\u041e\u0416\u0415\u041d\u0418\u042f \u2022 \u043c\u0430\u043b\u043e\u043c\u043e\u0449\u043d\u044b\u0435 \u0442\u0435\u043b\u0435\u043a\u043e\u043c\u043c\u0443\u043d\u0438\u043a\u0430\u0446\u0438\u043e\u043d\u043d\u044b\u0435 \u0441\u0438\u0441\u0442\u0435\u043c\u044b \u2022 \u043d\u0430\u0441\u0442\u043e\u043b\u044c\u043d\u044b\u0435 \u043a\u043e\u043c\u043f\u044c\u044e\u0442\u0435\u0440\u044b \u2022 \u0441\u0438\u0441\u0442\u0435\u043c\u044b \u0432\u0438\u0434\u0435\u043e\u043d\u0430\u0431\u043b\u044e\u0434\u0435\u043d\u0438\u044f, \u043a\u043e\u043d\u0442\u0440\u043e\u043b\u044f \u0434\u043e\u0441\u0442\u0443\u043f\u0430 \u0438 \u043e\u0431\u043d\u0430\u0440\u0443\u0436\u0435\u043d\u0438\u044f \u0432\u0442\u043e\u0440\u0436\u0435\u043d\u0438\u0439 \u2022 \u0443\u0441\u0442\u0440\u043e\u0439\u0441\u0442\u0432\u0430 \u0441 \u0438\u043c\u043f\u0443\u043b\u044c\u0441\u043d\u044b\u043c \u0438\u0441\u0442\u043e\u0447\u043d\u0438\u043a\u043e\u043c \u043f\u0438\u0442\u0430\u043d\u0438\u044f  FEATURES \u2022 Topology phase autotrack \u2022 tower case, desktop case \u2022 single-phase input \/ output, 230 V AC, 50 Hz, PF=0,6 \u2022 pure sine wave output - mains supply mode \u2022 modified sine wave output - inverter mode \u2022 automatic voltage regulator - AVR \u2022 Schuko or IEC output sockets  APPLICATIONS \u2022 low power telecommunication systems \u2022 desktop computers \u2022 CCTV, access control &amp; IDS systems \u2022 devices with switching power supply","og_url":"https:\/\/akum.lv\/ru\/prece\/ups-ips-600va-360w-230v-1ph-1ph-internal-1x12v-7ah-agm-modified-sin-wave-line-interactive\/","og_site_name":"www.akum.lv","article_modified_time":"2024-10-17T13:25:41+00:00","og_image":[{"width":500,"height":226,"url":"https:\/\/akum.lv\/wp-content\/uploads\/2018\/08\/UPS-Systems.jpg","type":"image\/jpeg"}],"twitter_card":"summary_large_image","twitter_misc":{"\u041f\u0440\u0438\u043c\u0435\u0440\u043d\u043e\u0435 \u0432\u0440\u0435\u043c\u044f \u0434\u043b\u044f \u0447\u0442\u0435\u043d\u0438\u044f":"1 \u043c\u0438\u043d\u0443\u0442\u0430"},"schema":{"@context":"https:\/\/schema.org","@graph":[{"@type":"WebPage","@id":"https:\/\/akum.lv\/ru\/prece\/ups-ips-600va-360w-230v-1ph-1ph-internal-1x12v-7ah-agm-modified-sin-wave-line-interactive\/","url":"https:\/\/akum.lv\/ru\/prece\/ups-ips-600va-360w-230v-1ph-1ph-internal-1x12v-7ah-agm-modified-sin-wave-line-interactive\/","name":"UPS-IPS 600VA\/360W\/230V 1ph\/1ph, internal 1x12V\/7Ah AGM modified sin wave, line-interactive - www.akum.lv","isPartOf":{"@id":"https:\/\/akum.lv\/#website"},"primaryImageOfPage":{"@id":"https:\/\/akum.lv\/ru\/prece\/ups-ips-600va-360w-230v-1ph-1ph-internal-1x12v-7ah-agm-modified-sin-wave-line-interactive\/#primaryimage"},"image":{"@id":"https:\/\/akum.lv\/ru\/prece\/ups-ips-600va-360w-230v-1ph-1ph-internal-1x12v-7ah-agm-modified-sin-wave-line-interactive\/#primaryimage"},"thumbnailUrl":"https:\/\/akum.lv\/wp-content\/uploads\/2018\/08\/UPS-Systems.jpg","datePublished":"2024-10-17T13:06:53+00:00","dateModified":"2024-10-17T13:25:41+00:00","breadcrumb":{"@id":"https:\/\/akum.lv\/ru\/prece\/ups-ips-600va-360w-230v-1ph-1ph-internal-1x12v-7ah-agm-modified-sin-wave-line-interactive\/#breadcrumb"},"inLanguage":"ru-RU","potentialAction":[{"@type":"ReadAction","target":["https:\/\/akum.lv\/ru\/prece\/ups-ips-600va-360w-230v-1ph-1ph-internal-1x12v-7ah-agm-modified-sin-wave-line-interactive\/"]}]},{"@type":"ImageObject","inLanguage":"ru-RU","@id":"https:\/\/akum.lv\/ru\/prece\/ups-ips-600va-360w-230v-1ph-1ph-internal-1x12v-7ah-agm-modified-sin-wave-line-interactive\/#primaryimage","url":"https:\/\/akum.lv\/wp-content\/uploads\/2018\/08\/UPS-Systems.jpg","contentUrl":"https:\/\/akum.lv\/wp-content\/uploads\/2018\/08\/UPS-Systems.jpg","width":500,"height":226},{"@type":"BreadcrumbList","@id":"https:\/\/akum.lv\/ru\/prece\/ups-ips-600va-360w-230v-1ph-1ph-internal-1x12v-7ah-agm-modified-sin-wave-line-interactive\/#breadcrumb","itemListElement":[{"@type":"ListItem","position":1,"name":"\u0413\u043b\u0430\u0432\u043d\u0430\u044f \u0441\u0442\u0440\u0430\u043d\u0438\u0446\u0430","item":"https:\/\/akum.lv\/ru\/"},{"@type":"ListItem","position":2,"name":"PRECES","item":"https:\/\/akum.lv\/produkti-preces\/"},{"@type":"ListItem","position":3,"name":"UPS-IPS 600VA\/360W\/230V 1ph\/1ph, internal 1x12V\/7Ah AGM modified sin wave, line-interactive"}]},{"@type":"WebSite","@id":"https:\/\/akum.lv\/#website","url":"https:\/\/akum.lv\/","name":"www.akum.lv","description":"Akumulatoru p\u0101rdev\u0113js | \u041f\u0440\u043e\u0434\u0430\u0432\u0435\u0446 \u0430\u043a\u043a\u0443\u043c\u0443\u043b\u044f\u0442\u043e\u0440\u043e\u0432 | Battery seller","publisher":{"@id":"https:\/\/akum.lv\/#organization"},"potentialAction":[{"@type":"SearchAction","target":{"@type":"EntryPoint","urlTemplate":"https:\/\/akum.lv\/?s={search_term_string}"},"query-input":{"@type":"PropertyValueSpecification","valueRequired":true,"valueName":"search_term_string"}}],"inLanguage":"ru-RU"},{"@type":"Organization","@id":"https:\/\/akum.lv\/#organization","name":"HubEnergy","url":"https:\/\/akum.lv\/","logo":{"@type":"ImageObject","inLanguage":"ru-RU","@id":"https:\/\/akum.lv\/#\/schema\/logo\/image\/","url":"https:\/\/akum.lv\/wp-content\/uploads\/2018\/08\/Logo-hub-energy-2018-seller-dark-blue.png","contentUrl":"https:\/\/akum.lv\/wp-content\/uploads\/2018\/08\/Logo-hub-energy-2018-seller-dark-blue.png","width":381,"height":75,"caption":"HubEnergy"},"image":{"@id":"https:\/\/akum.lv\/#\/schema\/logo\/image\/"}}]}},"brands":[{"id":243,"name":"IPS-UPS","slug":"ips-ups"}],"_links":{"self":[{"href":"https:\/\/akum.lv\/ru\/wp-json\/wp\/v2\/product\/16617","targetHints":{"allow":["GET"]}}],"collection":[{"href":"https:\/\/akum.lv\/ru\/wp-json\/wp\/v2\/product"}],"about":[{"href":"https:\/\/akum.lv\/ru\/wp-json\/wp\/v2\/types\/product"}],"wp:featuredmedia":[{"embeddable":true,"href":"https:\/\/akum.lv\/ru\/wp-json\/wp\/v2\/media\/4060"}],"wp:attachment":[{"href":"https:\/\/akum.lv\/ru\/wp-json\/wp\/v2\/media?parent=16617"}],"wp:term":[{"taxonomy":"pwb-brand","embeddable":true,"href":"https:\/\/akum.lv\/ru\/wp-json\/wp\/v2\/pwb-brand?post=16617"},{"taxonomy":"product_brand","embeddable":true,"href":"https:\/\/akum.lv\/ru\/wp-json\/wp\/v2\/product_brand?post=16617"},{"taxonomy":"product_cat","embeddable":true,"href":"https:\/\/akum.lv\/ru\/wp-json\/wp\/v2\/product_cat?post=16617"},{"taxonomy":"product_tag","embeddable":true,"href":"https:\/\/akum.lv\/ru\/wp-json\/wp\/v2\/product_tag?post=16617"}],"curies":[{"name":"wp","href":"https:\/\/api.w.org\/{rel}","templated":true}]}}