{"id":16610,"date":"2024-10-16T09:54:27","date_gmt":"2024-10-16T09:54:27","guid":{"rendered":"https:\/\/akum.lv\/?post_type=product&#038;p=16610"},"modified":"2025-03-14T12:18:07","modified_gmt":"2025-03-14T12:18:07","slug":"12-8v-100ah-lithium-battery-mw-power-mwlj-12-100-in-lifepo4-1280wh-l330-w172-h215-with-bluetooth","status":"publish","type":"product","link":"https:\/\/akum.lv\/ru\/prece\/12-8v-100ah-lithium-battery-mw-power-mwlj-12-100-in-lifepo4-1280wh-l330-w172-h215-with-bluetooth\/","title":{"rendered":"12.8V-100Ah LiFePO4 Lithium battery MW POWER MWLJ 12-100-IN (1280Wh) L330 W172 H215 with Bluetooth"},"content":{"rendered":"","protected":false},"excerpt":{"rendered":"<p>12.8V-100Ah Lithium battery MW POWER MWLJ 12-100-IN LiFePO4 (1280Wh) L330 W172 H215 (with Bluetooth)<\/p>\n<p><strong><span style=\"font-size: 21px; color: #0000ff;\">LiFePO4<\/span> tehnolo\u0123ijas litija akumulators, uz <span style=\"font-size: 24px; color: #ff0000;\">,,A,,<\/span> kategorijas prizmatiskajiem elementiem \u0430r pilnu <span style=\"color: #0000ff;\">Bluetooth<\/span> moduli<\/strong><\/p>\n<p><img loading=\"lazy\" decoding=\"async\" class=\"alignnone size-full wp-image-8116\" src=\"https:\/\/akum.lv\/wp-content\/uploads\/2020\/06\/AKCIJA.jpg\" alt=\"\" width=\"300\" height=\"126\" \/><\/p>\n<p><img loading=\"lazy\" decoding=\"async\" class=\"alignnone size-full wp-image-11436\" src=\"https:\/\/akum.lv\/wp-content\/uploads\/2021\/12\/pdf-icon.png\" alt=\"\" width=\"50\" height=\"50\" \/> <strong>&#8212; <a href=\"https:\/\/akum.lv\/wp-content\/uploads\/2024\/09\/mwlj-12-100-in-spec-pre1.pdf\">MWLJ 12-100-IN-spec-PRE1<\/a><\/strong><\/p>\n<p><img loading=\"lazy\" decoding=\"async\" class=\"alignnone size-medium wp-image-16536\" src=\"https:\/\/akum.lv\/wp-content\/uploads\/2024\/09\/qr-with-bluetoothe-300x193.png\" alt=\"\" width=\"300\" height=\"193\" srcset=\"https:\/\/akum.lv\/wp-content\/uploads\/2024\/09\/qr-with-bluetoothe-300x193.png 300w, https:\/\/akum.lv\/wp-content\/uploads\/2024\/09\/qr-with-bluetoothe-64x41.png 64w, https:\/\/akum.lv\/wp-content\/uploads\/2024\/09\/qr-with-bluetoothe.png 500w\" sizes=\"auto, (max-width: 300px) 100vw, 300px\" \/><\/p>\n<p><img loading=\"lazy\" decoding=\"async\" class=\"alignnone size-full wp-image-11436\" src=\"https:\/\/akum.lv\/wp-content\/uploads\/2021\/12\/pdf-icon.png\" alt=\"\" width=\"50\" height=\"50\" \/><strong> &#8212; <a href=\"https:\/\/akum.lv\/wp-content\/uploads\/2024\/09\/bms-app-for-mwlj-series-battery.pdf\">BMS app for MWLJ series battery<\/a><\/strong><\/p>\n<p><strong>Pieteikums<\/strong><br \/>\nMotorolleri, skuteri<br \/>\nT\u012br\u012b\u0161anas ma\u0161\u012bnas (cleaning)<br \/>\nRehabilit\u0101cijas tehnolo\u0123ija<br \/>\nKemperi, treileri, laivas, jahtas, kuteri<br \/>\nSaules lietojumprogrammas utt.<br \/>\n<strong>Funkcijas<\/strong><br \/>\nbez apkopes<br \/>\n\u012bpa\u0161i iztur\u012bgs pret ciklu<br \/>\n\u013coti augsts ener\u0123ijas bl\u012bvums<br \/>\nLitija tehnolo\u0123ija, var izmantot jebkur\u0101 poz\u012bcij\u0101<br \/>\nmazs svars<br \/>\nkompaktie izm\u0113ri<\/p>\n<p><strong>\u041f\u0440\u0438\u043c\u0435\u043d\u0435\u043d\u0438\u0435<\/strong><br \/>\n\u0421\u043a\u0443\u0442\u0435\u0440\u044b<br \/>\n\u0423\u0431\u043e\u0440\u043e\u0447\u043d\u044b\u0435 \u043c\u0430\u0448\u0438\u043d\u044b<br \/>\n\u0420\u0435\u0430\u0431\u0438\u043b\u0438\u0442\u0430\u0446\u0438\u043e\u043d\u043d\u0430\u044f \u0442\u0435\u0445\u043d\u0438\u043a\u0430<br \/>\n\u041a\u0435\u043c\u043f\u0435\u0440\u044b, \u043a\u0430\u0440\u0430\u0432\u0430\u043d\u044b, \u043b\u043e\u0434\u043a\u0438, \u044f\u0445\u0442\u044b<br \/>\n\u0421\u043e\u043b\u043d\u0435\u0447\u043d\u044b\u0435 \u0431\u0430\u0442\u0430\u0440\u0435\u0438 \u0438 \u0442. \u0434.<br \/>\n<strong>\u041e\u0441\u043e\u0431\u0435\u043d\u043d\u043e\u0441\u0442\u0438<\/strong><br \/>\n\u043d\u0435 \u0442\u0440\u0435\u0431\u0443\u044e\u0442 \u043e\u0431\u0441\u043b\u0443\u0436\u0438\u0432\u0430\u043d\u0438\u044f<br \/>\n\u0447\u0440\u0435\u0437\u0432\u044b\u0447\u0430\u0439\u043d\u043e \u0443\u0441\u0442\u043e\u0439\u0447\u0438\u0432\u044b \u043a \u0446\u0438\u043a\u043b\u0430\u043c<br \/>\n\u043e\u0447\u0435\u043d\u044c \u0432\u044b\u0441\u043e\u043a\u0430\u044f \u043f\u043b\u043e\u0442\u043d\u043e\u0441\u0442\u044c \u044d\u043d\u0435\u0440\u0433\u0438\u0438<br \/>\n\u041b\u0438\u0442\u0438\u0435\u0432\u0430\u044f \u0442\u0435\u0445\u043d\u043e\u043b\u043e\u0433\u0438\u044f, \u043c\u043e\u0436\u0435\u0442 \u0438\u0441\u043f\u043e\u043b\u044c\u0437\u043e\u0432\u0430\u0442\u044c\u0441\u044f \u0432 \u043b\u044e\u0431\u043e\u043c \u043f\u043e\u043b\u043e\u0436\u0435\u043d\u0438\u0438<br \/>\n\u043c\u0430\u043b\u044b\u0439 \u0432\u0435\u0441<br \/>\n\u043a\u043e\u043c\u043f\u0430\u043a\u0442\u043d\u044b\u0435 \u0440\u0430\u0437\u043c\u0435\u0440\u044b<\/p>\n<p><strong>Application<\/strong><br \/>\nScooters<br \/>\nCleaning machines<br \/>\nRehabilitation technology<br \/>\nCamper vans, caravans, boats, yachts<br \/>\nSolar applications etc.<br \/>\n<strong>Features<\/strong><br \/>\nmaintenance-free<br \/>\nextremely cycle-resistant<br \/>\nvery high energy density<br \/>\nLithium technology, can be used in any position<br \/>\nlow weight<br \/>\ncompact dimensions<\/p>\n<p><strong>Reference:<\/strong><br \/>\nOnly special chargers may be used for charging Li-Ion batteries. The charger must guarantee a constant charging current and a constant final charging voltage and switch itself off accordingly, as a trickle charge would damage the Li-ion batteries and destroy them over time.<\/p>\n","protected":false},"featured_media":16608,"template":"","meta":[],"pwb-brand":[335],"product_brand":[],"product_cat":[858,639,488,270,272,273,267,279,614],"product_tag":[],"class_list":{"0":"post-16610","1":"product","2":"type-product","3":"status-publish","4":"has-post-thumbnail","6":"pwb-brand-mw-power-ru","7":"product_cat-aktsionnye-tovary","8":"product_cat-lifepo4-lithium-batteries","9":"product_cat-green-energy","10":"product_cat-akkumuljatory-dlja-vodnogo-transporta","11":"product_cat-akumulatori-laivu-elektromotoriem-eholotei","12":"product_cat-akkumuljatory-dlja-jaht-i-katerov","13":"product_cat-akumulatori-elektro-transportam","14":"product_cat-akkumuljatory-dlja-nozhnichnyh-platform-stroitelnoj-i-skladskoj-tehniki","15":"product_cat-batteries-cleaning-equipment","16":"pif-has-gallery","18":"first","19":"instock","20":"taxable","21":"shipping-taxable","22":"purchasable","23":"product-type-simple"},"yoast_head":"<!-- This site is optimized with the Yoast SEO plugin v26.7 - https:\/\/yoast.com\/wordpress\/plugins\/seo\/ -->\n<title>12.8V-100Ah LiFePO4 Lithium battery MW POWER MWLJ 12-100-IN (1280Wh) L330 W172 H215 with Bluetooth - www.akum.lv<\/title>\n<meta name=\"robots\" content=\"index, follow, max-snippet:-1, max-image-preview:large, max-video-preview:-1\" \/>\n<link rel=\"canonical\" href=\"https:\/\/akum.lv\/ru\/prece\/12-8v-100ah-lithium-battery-mw-power-mwlj-12-100-in-lifepo4-1280wh-l330-w172-h215-with-bluetooth\/\" \/>\n<meta property=\"og:locale\" content=\"ru_RU\" \/>\n<meta property=\"og:type\" content=\"article\" \/>\n<meta property=\"og:title\" content=\"12.8V-100Ah LiFePO4 Lithium battery MW POWER MWLJ 12-100-IN (1280Wh) L330 W172 H215 with Bluetooth - www.akum.lv\" \/>\n<meta property=\"og:description\" content=\"12.8V-100Ah Lithium battery MW POWER MWLJ 12-100-IN LiFePO4 (1280Wh) L330 W172 H215 (with Bluetooth)  LiFePO4 tehnolo\u0123ijas litija akumulators, uz ,,A,, kategorijas prizmatiskajiem elementiem \u0430r pilnu Bluetooth moduli     - MWLJ 12-100-IN-spec-PRE1     - BMS app for MWLJ series battery  Pieteikums Motorolleri, skuteri T\u012br\u012b\u0161anas ma\u0161\u012bnas (cleaning) Rehabilit\u0101cijas tehnolo\u0123ija Kemperi, treileri, laivas, jahtas, kuteri Saules lietojumprogrammas utt. Funkcijas bez apkopes \u012bpa\u0161i iztur\u012bgs pret ciklu \u013coti augsts ener\u0123ijas bl\u012bvums Litija tehnolo\u0123ija, var izmantot jebkur\u0101 poz\u012bcij\u0101 mazs svars kompaktie izm\u0113ri  \u041f\u0440\u0438\u043c\u0435\u043d\u0435\u043d\u0438\u0435 \u0421\u043a\u0443\u0442\u0435\u0440\u044b \u0423\u0431\u043e\u0440\u043e\u0447\u043d\u044b\u0435 \u043c\u0430\u0448\u0438\u043d\u044b \u0420\u0435\u0430\u0431\u0438\u043b\u0438\u0442\u0430\u0446\u0438\u043e\u043d\u043d\u0430\u044f \u0442\u0435\u0445\u043d\u0438\u043a\u0430 \u041a\u0435\u043c\u043f\u0435\u0440\u044b, \u043a\u0430\u0440\u0430\u0432\u0430\u043d\u044b, \u043b\u043e\u0434\u043a\u0438, \u044f\u0445\u0442\u044b \u0421\u043e\u043b\u043d\u0435\u0447\u043d\u044b\u0435 \u0431\u0430\u0442\u0430\u0440\u0435\u0438 \u0438 \u0442. \u0434. \u041e\u0441\u043e\u0431\u0435\u043d\u043d\u043e\u0441\u0442\u0438 \u043d\u0435 \u0442\u0440\u0435\u0431\u0443\u044e\u0442 \u043e\u0431\u0441\u043b\u0443\u0436\u0438\u0432\u0430\u043d\u0438\u044f \u0447\u0440\u0435\u0437\u0432\u044b\u0447\u0430\u0439\u043d\u043e \u0443\u0441\u0442\u043e\u0439\u0447\u0438\u0432\u044b \u043a \u0446\u0438\u043a\u043b\u0430\u043c \u043e\u0447\u0435\u043d\u044c \u0432\u044b\u0441\u043e\u043a\u0430\u044f \u043f\u043b\u043e\u0442\u043d\u043e\u0441\u0442\u044c \u044d\u043d\u0435\u0440\u0433\u0438\u0438 \u041b\u0438\u0442\u0438\u0435\u0432\u0430\u044f \u0442\u0435\u0445\u043d\u043e\u043b\u043e\u0433\u0438\u044f, \u043c\u043e\u0436\u0435\u0442 \u0438\u0441\u043f\u043e\u043b\u044c\u0437\u043e\u0432\u0430\u0442\u044c\u0441\u044f \u0432 \u043b\u044e\u0431\u043e\u043c \u043f\u043e\u043b\u043e\u0436\u0435\u043d\u0438\u0438 \u043c\u0430\u043b\u044b\u0439 \u0432\u0435\u0441 \u043a\u043e\u043c\u043f\u0430\u043a\u0442\u043d\u044b\u0435 \u0440\u0430\u0437\u043c\u0435\u0440\u044b  Application Scooters Cleaning machines Rehabilitation technology Camper vans, caravans, boats, yachts Solar applications etc. Features maintenance-free extremely cycle-resistant very high energy density Lithium technology, can be used in any position low weight compact dimensions  Reference: Only special chargers may be used for charging Li-Ion batteries. The charger must guarantee a constant charging current and a constant final charging voltage and switch itself off accordingly, as a trickle charge would damage the Li-ion batteries and destroy them over time.\" \/>\n<meta property=\"og:url\" content=\"https:\/\/akum.lv\/ru\/prece\/12-8v-100ah-lithium-battery-mw-power-mwlj-12-100-in-lifepo4-1280wh-l330-w172-h215-with-bluetooth\/\" \/>\n<meta property=\"og:site_name\" content=\"www.akum.lv\" \/>\n<meta property=\"article:modified_time\" content=\"2025-03-14T12:18:07+00:00\" \/>\n<meta property=\"og:image\" content=\"https:\/\/akum.lv\/wp-content\/uploads\/2024\/10\/mwlj-12-100-in-web.jpg\" \/>\n\t<meta property=\"og:image:width\" content=\"450\" \/>\n\t<meta property=\"og:image:height\" content=\"347\" \/>\n\t<meta property=\"og:image:type\" content=\"image\/jpeg\" \/>\n<meta name=\"twitter:card\" content=\"summary_large_image\" \/>\n<meta name=\"twitter:label1\" content=\"\u041f\u0440\u0438\u043c\u0435\u0440\u043d\u043e\u0435 \u0432\u0440\u0435\u043c\u044f \u0434\u043b\u044f \u0447\u0442\u0435\u043d\u0438\u044f\" \/>\n\t<meta name=\"twitter:data1\" content=\"1 \u043c\u0438\u043d\u0443\u0442\u0430\" \/>\n<script type=\"application\/ld+json\" class=\"yoast-schema-graph\">{\"@context\":\"https:\/\/schema.org\",\"@graph\":[{\"@type\":\"WebPage\",\"@id\":\"https:\/\/akum.lv\/ru\/prece\/12-8v-100ah-lithium-battery-mw-power-mwlj-12-100-in-lifepo4-1280wh-l330-w172-h215-with-bluetooth\/\",\"url\":\"https:\/\/akum.lv\/ru\/prece\/12-8v-100ah-lithium-battery-mw-power-mwlj-12-100-in-lifepo4-1280wh-l330-w172-h215-with-bluetooth\/\",\"name\":\"12.8V-100Ah LiFePO4 Lithium battery MW POWER MWLJ 12-100-IN (1280Wh) L330 W172 H215 with Bluetooth - www.akum.lv\",\"isPartOf\":{\"@id\":\"https:\/\/akum.lv\/#website\"},\"primaryImageOfPage\":{\"@id\":\"https:\/\/akum.lv\/ru\/prece\/12-8v-100ah-lithium-battery-mw-power-mwlj-12-100-in-lifepo4-1280wh-l330-w172-h215-with-bluetooth\/#primaryimage\"},\"image\":{\"@id\":\"https:\/\/akum.lv\/ru\/prece\/12-8v-100ah-lithium-battery-mw-power-mwlj-12-100-in-lifepo4-1280wh-l330-w172-h215-with-bluetooth\/#primaryimage\"},\"thumbnailUrl\":\"https:\/\/akum.lv\/wp-content\/uploads\/2024\/10\/mwlj-12-100-in-web.jpg\",\"datePublished\":\"2024-10-16T09:54:27+00:00\",\"dateModified\":\"2025-03-14T12:18:07+00:00\",\"breadcrumb\":{\"@id\":\"https:\/\/akum.lv\/ru\/prece\/12-8v-100ah-lithium-battery-mw-power-mwlj-12-100-in-lifepo4-1280wh-l330-w172-h215-with-bluetooth\/#breadcrumb\"},\"inLanguage\":\"ru-RU\",\"potentialAction\":[{\"@type\":\"ReadAction\",\"target\":[\"https:\/\/akum.lv\/ru\/prece\/12-8v-100ah-lithium-battery-mw-power-mwlj-12-100-in-lifepo4-1280wh-l330-w172-h215-with-bluetooth\/\"]}]},{\"@type\":\"ImageObject\",\"inLanguage\":\"ru-RU\",\"@id\":\"https:\/\/akum.lv\/ru\/prece\/12-8v-100ah-lithium-battery-mw-power-mwlj-12-100-in-lifepo4-1280wh-l330-w172-h215-with-bluetooth\/#primaryimage\",\"url\":\"https:\/\/akum.lv\/wp-content\/uploads\/2024\/10\/mwlj-12-100-in-web.jpg\",\"contentUrl\":\"https:\/\/akum.lv\/wp-content\/uploads\/2024\/10\/mwlj-12-100-in-web.jpg\",\"width\":450,\"height\":347},{\"@type\":\"BreadcrumbList\",\"@id\":\"https:\/\/akum.lv\/ru\/prece\/12-8v-100ah-lithium-battery-mw-power-mwlj-12-100-in-lifepo4-1280wh-l330-w172-h215-with-bluetooth\/#breadcrumb\",\"itemListElement\":[{\"@type\":\"ListItem\",\"position\":1,\"name\":\"\u0413\u043b\u0430\u0432\u043d\u0430\u044f \u0441\u0442\u0440\u0430\u043d\u0438\u0446\u0430\",\"item\":\"https:\/\/akum.lv\/ru\/\"},{\"@type\":\"ListItem\",\"position\":2,\"name\":\"PRECES\",\"item\":\"https:\/\/akum.lv\/produkti-preces\/\"},{\"@type\":\"ListItem\",\"position\":3,\"name\":\"12.8V-100Ah LiFePO4 Lithium battery MW POWER MWLJ 12-100-IN (1280Wh) L330 W172 H215 with Bluetooth\"}]},{\"@type\":\"WebSite\",\"@id\":\"https:\/\/akum.lv\/#website\",\"url\":\"https:\/\/akum.lv\/\",\"name\":\"www.akum.lv\",\"description\":\"Akumulatoru p\u0101rdev\u0113js | \u041f\u0440\u043e\u0434\u0430\u0432\u0435\u0446 \u0430\u043a\u043a\u0443\u043c\u0443\u043b\u044f\u0442\u043e\u0440\u043e\u0432 | Battery seller\",\"publisher\":{\"@id\":\"https:\/\/akum.lv\/#organization\"},\"potentialAction\":[{\"@type\":\"SearchAction\",\"target\":{\"@type\":\"EntryPoint\",\"urlTemplate\":\"https:\/\/akum.lv\/?s={search_term_string}\"},\"query-input\":{\"@type\":\"PropertyValueSpecification\",\"valueRequired\":true,\"valueName\":\"search_term_string\"}}],\"inLanguage\":\"ru-RU\"},{\"@type\":\"Organization\",\"@id\":\"https:\/\/akum.lv\/#organization\",\"name\":\"HubEnergy\",\"url\":\"https:\/\/akum.lv\/\",\"logo\":{\"@type\":\"ImageObject\",\"inLanguage\":\"ru-RU\",\"@id\":\"https:\/\/akum.lv\/#\/schema\/logo\/image\/\",\"url\":\"https:\/\/akum.lv\/wp-content\/uploads\/2018\/08\/Logo-hub-energy-2018-seller-dark-blue.png\",\"contentUrl\":\"https:\/\/akum.lv\/wp-content\/uploads\/2018\/08\/Logo-hub-energy-2018-seller-dark-blue.png\",\"width\":381,\"height\":75,\"caption\":\"HubEnergy\"},\"image\":{\"@id\":\"https:\/\/akum.lv\/#\/schema\/logo\/image\/\"}}]}<\/script>\n<!-- \/ Yoast SEO plugin. -->","yoast_head_json":{"title":"12.8V-100Ah LiFePO4 Lithium battery MW POWER MWLJ 12-100-IN (1280Wh) L330 W172 H215 with Bluetooth - www.akum.lv","robots":{"index":"index","follow":"follow","max-snippet":"max-snippet:-1","max-image-preview":"max-image-preview:large","max-video-preview":"max-video-preview:-1"},"canonical":"https:\/\/akum.lv\/ru\/prece\/12-8v-100ah-lithium-battery-mw-power-mwlj-12-100-in-lifepo4-1280wh-l330-w172-h215-with-bluetooth\/","og_locale":"ru_RU","og_type":"article","og_title":"12.8V-100Ah LiFePO4 Lithium battery MW POWER MWLJ 12-100-IN (1280Wh) L330 W172 H215 with Bluetooth - www.akum.lv","og_description":"12.8V-100Ah Lithium battery MW POWER MWLJ 12-100-IN LiFePO4 (1280Wh) L330 W172 H215 (with Bluetooth)  LiFePO4 tehnolo\u0123ijas litija akumulators, uz ,,A,, kategorijas prizmatiskajiem elementiem \u0430r pilnu Bluetooth moduli     - MWLJ 12-100-IN-spec-PRE1     - BMS app for MWLJ series battery  Pieteikums Motorolleri, skuteri T\u012br\u012b\u0161anas ma\u0161\u012bnas (cleaning) Rehabilit\u0101cijas tehnolo\u0123ija Kemperi, treileri, laivas, jahtas, kuteri Saules lietojumprogrammas utt. Funkcijas bez apkopes \u012bpa\u0161i iztur\u012bgs pret ciklu \u013coti augsts ener\u0123ijas bl\u012bvums Litija tehnolo\u0123ija, var izmantot jebkur\u0101 poz\u012bcij\u0101 mazs svars kompaktie izm\u0113ri  \u041f\u0440\u0438\u043c\u0435\u043d\u0435\u043d\u0438\u0435 \u0421\u043a\u0443\u0442\u0435\u0440\u044b \u0423\u0431\u043e\u0440\u043e\u0447\u043d\u044b\u0435 \u043c\u0430\u0448\u0438\u043d\u044b \u0420\u0435\u0430\u0431\u0438\u043b\u0438\u0442\u0430\u0446\u0438\u043e\u043d\u043d\u0430\u044f \u0442\u0435\u0445\u043d\u0438\u043a\u0430 \u041a\u0435\u043c\u043f\u0435\u0440\u044b, \u043a\u0430\u0440\u0430\u0432\u0430\u043d\u044b, \u043b\u043e\u0434\u043a\u0438, \u044f\u0445\u0442\u044b \u0421\u043e\u043b\u043d\u0435\u0447\u043d\u044b\u0435 \u0431\u0430\u0442\u0430\u0440\u0435\u0438 \u0438 \u0442. \u0434. \u041e\u0441\u043e\u0431\u0435\u043d\u043d\u043e\u0441\u0442\u0438 \u043d\u0435 \u0442\u0440\u0435\u0431\u0443\u044e\u0442 \u043e\u0431\u0441\u043b\u0443\u0436\u0438\u0432\u0430\u043d\u0438\u044f \u0447\u0440\u0435\u0437\u0432\u044b\u0447\u0430\u0439\u043d\u043e \u0443\u0441\u0442\u043e\u0439\u0447\u0438\u0432\u044b \u043a \u0446\u0438\u043a\u043b\u0430\u043c \u043e\u0447\u0435\u043d\u044c \u0432\u044b\u0441\u043e\u043a\u0430\u044f \u043f\u043b\u043e\u0442\u043d\u043e\u0441\u0442\u044c \u044d\u043d\u0435\u0440\u0433\u0438\u0438 \u041b\u0438\u0442\u0438\u0435\u0432\u0430\u044f \u0442\u0435\u0445\u043d\u043e\u043b\u043e\u0433\u0438\u044f, \u043c\u043e\u0436\u0435\u0442 \u0438\u0441\u043f\u043e\u043b\u044c\u0437\u043e\u0432\u0430\u0442\u044c\u0441\u044f \u0432 \u043b\u044e\u0431\u043e\u043c \u043f\u043e\u043b\u043e\u0436\u0435\u043d\u0438\u0438 \u043c\u0430\u043b\u044b\u0439 \u0432\u0435\u0441 \u043a\u043e\u043c\u043f\u0430\u043a\u0442\u043d\u044b\u0435 \u0440\u0430\u0437\u043c\u0435\u0440\u044b  Application Scooters Cleaning machines Rehabilitation technology Camper vans, caravans, boats, yachts Solar applications etc. Features maintenance-free extremely cycle-resistant very high energy density Lithium technology, can be used in any position low weight compact dimensions  Reference: Only special chargers may be used for charging Li-Ion batteries. The charger must guarantee a constant charging current and a constant final charging voltage and switch itself off accordingly, as a trickle charge would damage the Li-ion batteries and destroy them over time.","og_url":"https:\/\/akum.lv\/ru\/prece\/12-8v-100ah-lithium-battery-mw-power-mwlj-12-100-in-lifepo4-1280wh-l330-w172-h215-with-bluetooth\/","og_site_name":"www.akum.lv","article_modified_time":"2025-03-14T12:18:07+00:00","og_image":[{"width":450,"height":347,"url":"https:\/\/akum.lv\/wp-content\/uploads\/2024\/10\/mwlj-12-100-in-web.jpg","type":"image\/jpeg"}],"twitter_card":"summary_large_image","twitter_misc":{"\u041f\u0440\u0438\u043c\u0435\u0440\u043d\u043e\u0435 \u0432\u0440\u0435\u043c\u044f \u0434\u043b\u044f \u0447\u0442\u0435\u043d\u0438\u044f":"1 \u043c\u0438\u043d\u0443\u0442\u0430"},"schema":{"@context":"https:\/\/schema.org","@graph":[{"@type":"WebPage","@id":"https:\/\/akum.lv\/ru\/prece\/12-8v-100ah-lithium-battery-mw-power-mwlj-12-100-in-lifepo4-1280wh-l330-w172-h215-with-bluetooth\/","url":"https:\/\/akum.lv\/ru\/prece\/12-8v-100ah-lithium-battery-mw-power-mwlj-12-100-in-lifepo4-1280wh-l330-w172-h215-with-bluetooth\/","name":"12.8V-100Ah LiFePO4 Lithium battery MW POWER MWLJ 12-100-IN (1280Wh) L330 W172 H215 with Bluetooth - www.akum.lv","isPartOf":{"@id":"https:\/\/akum.lv\/#website"},"primaryImageOfPage":{"@id":"https:\/\/akum.lv\/ru\/prece\/12-8v-100ah-lithium-battery-mw-power-mwlj-12-100-in-lifepo4-1280wh-l330-w172-h215-with-bluetooth\/#primaryimage"},"image":{"@id":"https:\/\/akum.lv\/ru\/prece\/12-8v-100ah-lithium-battery-mw-power-mwlj-12-100-in-lifepo4-1280wh-l330-w172-h215-with-bluetooth\/#primaryimage"},"thumbnailUrl":"https:\/\/akum.lv\/wp-content\/uploads\/2024\/10\/mwlj-12-100-in-web.jpg","datePublished":"2024-10-16T09:54:27+00:00","dateModified":"2025-03-14T12:18:07+00:00","breadcrumb":{"@id":"https:\/\/akum.lv\/ru\/prece\/12-8v-100ah-lithium-battery-mw-power-mwlj-12-100-in-lifepo4-1280wh-l330-w172-h215-with-bluetooth\/#breadcrumb"},"inLanguage":"ru-RU","potentialAction":[{"@type":"ReadAction","target":["https:\/\/akum.lv\/ru\/prece\/12-8v-100ah-lithium-battery-mw-power-mwlj-12-100-in-lifepo4-1280wh-l330-w172-h215-with-bluetooth\/"]}]},{"@type":"ImageObject","inLanguage":"ru-RU","@id":"https:\/\/akum.lv\/ru\/prece\/12-8v-100ah-lithium-battery-mw-power-mwlj-12-100-in-lifepo4-1280wh-l330-w172-h215-with-bluetooth\/#primaryimage","url":"https:\/\/akum.lv\/wp-content\/uploads\/2024\/10\/mwlj-12-100-in-web.jpg","contentUrl":"https:\/\/akum.lv\/wp-content\/uploads\/2024\/10\/mwlj-12-100-in-web.jpg","width":450,"height":347},{"@type":"BreadcrumbList","@id":"https:\/\/akum.lv\/ru\/prece\/12-8v-100ah-lithium-battery-mw-power-mwlj-12-100-in-lifepo4-1280wh-l330-w172-h215-with-bluetooth\/#breadcrumb","itemListElement":[{"@type":"ListItem","position":1,"name":"\u0413\u043b\u0430\u0432\u043d\u0430\u044f \u0441\u0442\u0440\u0430\u043d\u0438\u0446\u0430","item":"https:\/\/akum.lv\/ru\/"},{"@type":"ListItem","position":2,"name":"PRECES","item":"https:\/\/akum.lv\/produkti-preces\/"},{"@type":"ListItem","position":3,"name":"12.8V-100Ah LiFePO4 Lithium battery MW POWER MWLJ 12-100-IN (1280Wh) L330 W172 H215 with Bluetooth"}]},{"@type":"WebSite","@id":"https:\/\/akum.lv\/#website","url":"https:\/\/akum.lv\/","name":"www.akum.lv","description":"Akumulatoru p\u0101rdev\u0113js | \u041f\u0440\u043e\u0434\u0430\u0432\u0435\u0446 \u0430\u043a\u043a\u0443\u043c\u0443\u043b\u044f\u0442\u043e\u0440\u043e\u0432 | Battery seller","publisher":{"@id":"https:\/\/akum.lv\/#organization"},"potentialAction":[{"@type":"SearchAction","target":{"@type":"EntryPoint","urlTemplate":"https:\/\/akum.lv\/?s={search_term_string}"},"query-input":{"@type":"PropertyValueSpecification","valueRequired":true,"valueName":"search_term_string"}}],"inLanguage":"ru-RU"},{"@type":"Organization","@id":"https:\/\/akum.lv\/#organization","name":"HubEnergy","url":"https:\/\/akum.lv\/","logo":{"@type":"ImageObject","inLanguage":"ru-RU","@id":"https:\/\/akum.lv\/#\/schema\/logo\/image\/","url":"https:\/\/akum.lv\/wp-content\/uploads\/2018\/08\/Logo-hub-energy-2018-seller-dark-blue.png","contentUrl":"https:\/\/akum.lv\/wp-content\/uploads\/2018\/08\/Logo-hub-energy-2018-seller-dark-blue.png","width":381,"height":75,"caption":"HubEnergy"},"image":{"@id":"https:\/\/akum.lv\/#\/schema\/logo\/image\/"}}]}},"brands":[{"id":335,"name":"MW POWER","slug":"mw-power-ru"}],"_links":{"self":[{"href":"https:\/\/akum.lv\/ru\/wp-json\/wp\/v2\/product\/16610","targetHints":{"allow":["GET"]}}],"collection":[{"href":"https:\/\/akum.lv\/ru\/wp-json\/wp\/v2\/product"}],"about":[{"href":"https:\/\/akum.lv\/ru\/wp-json\/wp\/v2\/types\/product"}],"wp:featuredmedia":[{"embeddable":true,"href":"https:\/\/akum.lv\/ru\/wp-json\/wp\/v2\/media\/16608"}],"wp:attachment":[{"href":"https:\/\/akum.lv\/ru\/wp-json\/wp\/v2\/media?parent=16610"}],"wp:term":[{"taxonomy":"pwb-brand","embeddable":true,"href":"https:\/\/akum.lv\/ru\/wp-json\/wp\/v2\/pwb-brand?post=16610"},{"taxonomy":"product_brand","embeddable":true,"href":"https:\/\/akum.lv\/ru\/wp-json\/wp\/v2\/product_brand?post=16610"},{"taxonomy":"product_cat","embeddable":true,"href":"https:\/\/akum.lv\/ru\/wp-json\/wp\/v2\/product_cat?post=16610"},{"taxonomy":"product_tag","embeddable":true,"href":"https:\/\/akum.lv\/ru\/wp-json\/wp\/v2\/product_tag?post=16610"}],"curies":[{"name":"wp","href":"https:\/\/api.w.org\/{rel}","templated":true}]}}