{"id":16258,"date":"2024-07-25T09:35:08","date_gmt":"2024-07-25T09:35:08","guid":{"rendered":"https:\/\/akum.lv\/prece\/48v-100ah-vision-v-lfp48100-battery-block-19-5120wh-lifepo4\/"},"modified":"2025-03-14T12:09:33","modified_gmt":"2025-03-14T12:09:33","slug":"48v-100ah-vision-v-lfp48100-battery-block-19-5120wh-lifepo4","status":"publish","type":"product","link":"https:\/\/akum.lv\/ru\/prece\/48v-100ah-vision-v-lfp48100-battery-block-19-5120wh-lifepo4\/","title":{"rendered":"48V-100Ah LiFePO4 Lithium battery VISION V-LFP48100 battery block 19&#8243; 5120Wh"},"content":{"rendered":"","protected":false},"excerpt":{"rendered":"<p>48V-100Ah VISION V-LFP48100 battery block 19&#8243; 5120Wh LiFePO4<\/p>\n<p><img loading=\"lazy\" decoding=\"async\" class=\"alignnone size-full wp-image-11436\" src=\"https:\/\/akum.lv\/wp-content\/uploads\/2021\/12\/pdf-icon.png\" alt=\"\" width=\"50\" height=\"50\" \/><strong> &#8212; <a href=\"https:\/\/akum.lv\/wp-content\/uploads\/2024\/07\/v-lfp48100.pdf\">V-LFP48100<\/a><\/strong><\/p>\n<p>Litija akumulatoru sist\u0113mu V-LFP s\u0113rija ir <strong>Vision Group<\/strong> izstr\u0101d\u0101tie augsto tehnolo\u0123iju produkti.<br \/>\n\u0160ai s\u0113rijai ir b\u016btiskas priek\u0161roc\u012bbas k\u0101 sakaru iek\u0101rtu rezerves akumulatoriem, piem\u0113ram, augsts jaudas bl\u012bvums, mazs izm\u0113rs, ilgs kalpo\u0161anas laiks, iztur\u012bba pret augstu temperat\u016bru, \u0101tra uzl\u0101de un izl\u0101de, k\u0101 ar\u012b modul\u0101ra konstrukcija.<\/p>\n<p>\u0421\u0435\u0440\u0438\u044f \u043b\u0438\u0442\u0438\u0435\u0432\u044b\u0445 \u0430\u043a\u043a\u0443\u043c\u0443\u043b\u044f\u0442\u043e\u0440\u043d\u044b\u0445 \u0441\u0438\u0441\u0442\u0435\u043c V-LFP \u2014 \u044d\u0442\u043e \u0432\u044b\u0441\u043e\u043a\u043e\u0442\u0435\u0445\u043d\u043e\u043b\u043e\u0433\u0438\u0447\u043d\u0430\u044f \u043f\u0440\u043e\u0434\u0443\u043a\u0446\u0438\u044f, \u0440\u0430\u0437\u0440\u0430\u0431\u043e\u0442\u0430\u043d\u043d\u0430\u044f <strong>Vision Group<\/strong>.<br \/>\n\u042d\u0442\u0430 \u0441\u0435\u0440\u0438\u044f \u0438\u043c\u0435\u0435\u0442 \u0437\u043d\u0430\u0447\u0438\u0442\u0435\u043b\u044c\u043d\u044b\u0435 \u043f\u0440\u0435\u0438\u043c\u0443\u0449\u0435\u0441\u0442\u0432\u0430 \u0432 \u043a\u0430\u0447\u0435\u0441\u0442\u0432\u0435 \u0440\u0435\u0437\u0435\u0440\u0432\u043d\u044b\u0445 \u0430\u043a\u043a\u0443\u043c\u0443\u043b\u044f\u0442\u043e\u0440\u043e\u0432 \u0434\u043b\u044f \u043e\u0431\u043e\u0440\u0443\u0434\u043e\u0432\u0430\u043d\u0438\u044f \u0441\u0432\u044f\u0437\u0438, \u0442\u0430\u043a\u0438\u0435 \u043a\u0430\u043a \u0432\u044b\u0441\u043e\u043a\u0430\u044f \u043f\u043b\u043e\u0442\u043d\u043e\u0441\u0442\u044c \u043c\u043e\u0449\u043d\u043e\u0441\u0442\u0438, \u043c\u0430\u043b\u044b\u0435 \u0440\u0430\u0437\u043c\u0435\u0440\u044b, \u0434\u043b\u0438\u0442\u0435\u043b\u044c\u043d\u044b\u0439 \u0441\u0440\u043e\u043a \u0441\u043b\u0443\u0436\u0431\u044b, \u0443\u0441\u0442\u043e\u0439\u0447\u0438\u0432\u043e\u0441\u0442\u044c \u043a \u0432\u044b\u0441\u043e\u043a\u0438\u043c \u0442\u0435\u043c\u043f\u0435\u0440\u0430\u0442\u0443\u0440\u0430\u043c, \u0431\u044b\u0441\u0442\u0440\u0430\u044f \u0437\u0430\u0440\u044f\u0434\u043a\u0430 \u0438 \u0440\u0430\u0437\u0440\u044f\u0434\u043a\u0430, \u0430 \u0442\u0430\u043a\u0436\u0435 \u043c\u043e\u0434\u0443\u043b\u044c\u043d\u0430\u044f \u043a\u043e\u043d\u0441\u0442\u0440\u0443\u043a\u0446\u0438\u044f.<\/p>\n<p>The V-LFP series of lithium battery systems are high-tech products developed by <strong>Vision Group<\/strong>.<br \/>\nThis series has significant advantages as backup batteries for communication equipment, such as high power density, small size, long service life, resistance to high temperature, fast charging and discharging, and modular design.<\/p>\n<p><strong>Characteristics<\/strong><br \/>\n1. Positive electrode made of LiFePO4 (LFP), ensuring high safety and long service life.Charge\/discharge cycles can be more than 4000 at the DOD of 85% and 35\u00b0 Celsius.<br \/>\n2. Compatible with a variety of communication power supply devices.<br \/>\n3. Maintenance-free design, fitting in a 19-inch communications cabinet. Can independent disconnection of the battery in case of group mounting.<br \/>\n4. Built-in BMS system with multiple protection and communication functions(RS485 interface with Modbus protocol), which ensures high reliability of the battery pack and enables real-time monitoring of battery data over a long distance.<br \/>\n5. Low internal resistance, with efficient internal balance of the battery control circuit.<br \/>\n6. Wide working temperature range and high reliability.Charging temperature range from 0\u00b0C to +60\u00b0C, and discharging temperature range from -20\u00b0C to +60\u00b0C.<br \/>\n7. Support for parallel connection of battery packs.<\/p>\n","protected":false},"featured_media":16256,"template":"","meta":[],"pwb-brand":[861],"product_brand":[],"product_cat":[639,488],"product_tag":[],"class_list":{"0":"post-16258","1":"product","2":"type-product","3":"status-publish","4":"has-post-thumbnail","6":"pwb-brand-vision-ru","7":"product_cat-lifepo4-lithium-batteries","8":"product_cat-green-energy","10":"first","11":"instock","12":"taxable","13":"shipping-taxable","14":"purchasable","15":"product-type-simple"},"yoast_head":"<!-- This site is optimized with the Yoast SEO plugin v26.7 - https:\/\/yoast.com\/wordpress\/plugins\/seo\/ -->\n<title>48V-100Ah LiFePO4 Lithium battery VISION V-LFP48100 battery block 19&quot; 5120Wh - www.akum.lv<\/title>\n<meta name=\"robots\" content=\"index, follow, max-snippet:-1, max-image-preview:large, max-video-preview:-1\" \/>\n<link rel=\"canonical\" href=\"https:\/\/akum.lv\/ru\/prece\/48v-100ah-vision-v-lfp48100-battery-block-19-5120wh-lifepo4\/\" \/>\n<meta property=\"og:locale\" content=\"ru_RU\" \/>\n<meta property=\"og:type\" content=\"article\" \/>\n<meta property=\"og:title\" content=\"48V-100Ah LiFePO4 Lithium battery VISION V-LFP48100 battery block 19&quot; 5120Wh - www.akum.lv\" \/>\n<meta property=\"og:description\" content=\"48V-100Ah VISION V-LFP48100 battery block 19&quot; 5120Wh LiFePO4   - V-LFP48100  Litija akumulatoru sist\u0113mu V-LFP s\u0113rija ir Vision Group izstr\u0101d\u0101tie augsto tehnolo\u0123iju produkti. \u0160ai s\u0113rijai ir b\u016btiskas priek\u0161roc\u012bbas k\u0101 sakaru iek\u0101rtu rezerves akumulatoriem, piem\u0113ram, augsts jaudas bl\u012bvums, mazs izm\u0113rs, ilgs kalpo\u0161anas laiks, iztur\u012bba pret augstu temperat\u016bru, \u0101tra uzl\u0101de un izl\u0101de, k\u0101 ar\u012b modul\u0101ra konstrukcija.  \u0421\u0435\u0440\u0438\u044f \u043b\u0438\u0442\u0438\u0435\u0432\u044b\u0445 \u0430\u043a\u043a\u0443\u043c\u0443\u043b\u044f\u0442\u043e\u0440\u043d\u044b\u0445 \u0441\u0438\u0441\u0442\u0435\u043c V-LFP \u2014 \u044d\u0442\u043e \u0432\u044b\u0441\u043e\u043a\u043e\u0442\u0435\u0445\u043d\u043e\u043b\u043e\u0433\u0438\u0447\u043d\u0430\u044f \u043f\u0440\u043e\u0434\u0443\u043a\u0446\u0438\u044f, \u0440\u0430\u0437\u0440\u0430\u0431\u043e\u0442\u0430\u043d\u043d\u0430\u044f Vision Group. \u042d\u0442\u0430 \u0441\u0435\u0440\u0438\u044f \u0438\u043c\u0435\u0435\u0442 \u0437\u043d\u0430\u0447\u0438\u0442\u0435\u043b\u044c\u043d\u044b\u0435 \u043f\u0440\u0435\u0438\u043c\u0443\u0449\u0435\u0441\u0442\u0432\u0430 \u0432 \u043a\u0430\u0447\u0435\u0441\u0442\u0432\u0435 \u0440\u0435\u0437\u0435\u0440\u0432\u043d\u044b\u0445 \u0430\u043a\u043a\u0443\u043c\u0443\u043b\u044f\u0442\u043e\u0440\u043e\u0432 \u0434\u043b\u044f \u043e\u0431\u043e\u0440\u0443\u0434\u043e\u0432\u0430\u043d\u0438\u044f \u0441\u0432\u044f\u0437\u0438, \u0442\u0430\u043a\u0438\u0435 \u043a\u0430\u043a \u0432\u044b\u0441\u043e\u043a\u0430\u044f \u043f\u043b\u043e\u0442\u043d\u043e\u0441\u0442\u044c \u043c\u043e\u0449\u043d\u043e\u0441\u0442\u0438, \u043c\u0430\u043b\u044b\u0435 \u0440\u0430\u0437\u043c\u0435\u0440\u044b, \u0434\u043b\u0438\u0442\u0435\u043b\u044c\u043d\u044b\u0439 \u0441\u0440\u043e\u043a \u0441\u043b\u0443\u0436\u0431\u044b, \u0443\u0441\u0442\u043e\u0439\u0447\u0438\u0432\u043e\u0441\u0442\u044c \u043a \u0432\u044b\u0441\u043e\u043a\u0438\u043c \u0442\u0435\u043c\u043f\u0435\u0440\u0430\u0442\u0443\u0440\u0430\u043c, \u0431\u044b\u0441\u0442\u0440\u0430\u044f \u0437\u0430\u0440\u044f\u0434\u043a\u0430 \u0438 \u0440\u0430\u0437\u0440\u044f\u0434\u043a\u0430, \u0430 \u0442\u0430\u043a\u0436\u0435 \u043c\u043e\u0434\u0443\u043b\u044c\u043d\u0430\u044f \u043a\u043e\u043d\u0441\u0442\u0440\u0443\u043a\u0446\u0438\u044f.  The V-LFP series of lithium battery systems are high-tech products developed by Vision Group. This series has significant advantages as backup batteries for communication equipment, such as high power density, small size, long service life, resistance to high temperature, fast charging and discharging, and modular design.  Characteristics 1. Positive electrode made of LiFePO4 (LFP), ensuring high safety and long service life.Charge\/discharge cycles can be more than 4000 at the DOD of 85% and 35\u00b0 Celsius. 2. Compatible with a variety of communication power supply devices. 3. Maintenance-free design, fitting in a 19-inch communications cabinet. Can independent disconnection of the battery in case of group mounting. 4. Built-in BMS system with multiple protection and communication functions(RS485 interface with Modbus protocol), which ensures high reliability of the battery pack and enables real-time monitoring of battery data over a long distance. 5. Low internal resistance, with efficient internal balance of the battery control circuit. 6. Wide working temperature range and high reliability.Charging temperature range from 0\u00b0C to +60\u00b0C, and discharging temperature range from -20\u00b0C to +60\u00b0C. 7. Support for parallel connection of battery packs.\" \/>\n<meta property=\"og:url\" content=\"https:\/\/akum.lv\/ru\/prece\/48v-100ah-vision-v-lfp48100-battery-block-19-5120wh-lifepo4\/\" \/>\n<meta property=\"og:site_name\" content=\"www.akum.lv\" \/>\n<meta property=\"article:modified_time\" content=\"2025-03-14T12:09:33+00:00\" \/>\n<meta property=\"og:image\" content=\"https:\/\/akum.lv\/wp-content\/uploads\/2024\/07\/48v-100ah.jpg\" \/>\n\t<meta property=\"og:image:width\" content=\"389\" \/>\n\t<meta property=\"og:image:height\" content=\"245\" \/>\n\t<meta property=\"og:image:type\" content=\"image\/jpeg\" \/>\n<meta name=\"twitter:card\" content=\"summary_large_image\" \/>\n<meta name=\"twitter:label1\" content=\"\u041f\u0440\u0438\u043c\u0435\u0440\u043d\u043e\u0435 \u0432\u0440\u0435\u043c\u044f \u0434\u043b\u044f \u0447\u0442\u0435\u043d\u0438\u044f\" \/>\n\t<meta name=\"twitter:data1\" content=\"1 \u043c\u0438\u043d\u0443\u0442\u0430\" \/>\n<script type=\"application\/ld+json\" class=\"yoast-schema-graph\">{\"@context\":\"https:\/\/schema.org\",\"@graph\":[{\"@type\":\"WebPage\",\"@id\":\"https:\/\/akum.lv\/ru\/prece\/48v-100ah-vision-v-lfp48100-battery-block-19-5120wh-lifepo4\/\",\"url\":\"https:\/\/akum.lv\/ru\/prece\/48v-100ah-vision-v-lfp48100-battery-block-19-5120wh-lifepo4\/\",\"name\":\"48V-100Ah LiFePO4 Lithium battery VISION V-LFP48100 battery block 19\\\" 5120Wh - www.akum.lv\",\"isPartOf\":{\"@id\":\"https:\/\/akum.lv\/#website\"},\"primaryImageOfPage\":{\"@id\":\"https:\/\/akum.lv\/ru\/prece\/48v-100ah-vision-v-lfp48100-battery-block-19-5120wh-lifepo4\/#primaryimage\"},\"image\":{\"@id\":\"https:\/\/akum.lv\/ru\/prece\/48v-100ah-vision-v-lfp48100-battery-block-19-5120wh-lifepo4\/#primaryimage\"},\"thumbnailUrl\":\"https:\/\/akum.lv\/wp-content\/uploads\/2024\/07\/48v-100ah.jpg\",\"datePublished\":\"2024-07-25T09:35:08+00:00\",\"dateModified\":\"2025-03-14T12:09:33+00:00\",\"breadcrumb\":{\"@id\":\"https:\/\/akum.lv\/ru\/prece\/48v-100ah-vision-v-lfp48100-battery-block-19-5120wh-lifepo4\/#breadcrumb\"},\"inLanguage\":\"ru-RU\",\"potentialAction\":[{\"@type\":\"ReadAction\",\"target\":[\"https:\/\/akum.lv\/ru\/prece\/48v-100ah-vision-v-lfp48100-battery-block-19-5120wh-lifepo4\/\"]}]},{\"@type\":\"ImageObject\",\"inLanguage\":\"ru-RU\",\"@id\":\"https:\/\/akum.lv\/ru\/prece\/48v-100ah-vision-v-lfp48100-battery-block-19-5120wh-lifepo4\/#primaryimage\",\"url\":\"https:\/\/akum.lv\/wp-content\/uploads\/2024\/07\/48v-100ah.jpg\",\"contentUrl\":\"https:\/\/akum.lv\/wp-content\/uploads\/2024\/07\/48v-100ah.jpg\",\"width\":389,\"height\":245},{\"@type\":\"BreadcrumbList\",\"@id\":\"https:\/\/akum.lv\/ru\/prece\/48v-100ah-vision-v-lfp48100-battery-block-19-5120wh-lifepo4\/#breadcrumb\",\"itemListElement\":[{\"@type\":\"ListItem\",\"position\":1,\"name\":\"\u0413\u043b\u0430\u0432\u043d\u0430\u044f \u0441\u0442\u0440\u0430\u043d\u0438\u0446\u0430\",\"item\":\"https:\/\/akum.lv\/ru\/\"},{\"@type\":\"ListItem\",\"position\":2,\"name\":\"PRECES\",\"item\":\"https:\/\/akum.lv\/produkti-preces\/\"},{\"@type\":\"ListItem\",\"position\":3,\"name\":\"48V-100Ah LiFePO4 Lithium battery VISION V-LFP48100 battery block 19&#8243; 5120Wh\"}]},{\"@type\":\"WebSite\",\"@id\":\"https:\/\/akum.lv\/#website\",\"url\":\"https:\/\/akum.lv\/\",\"name\":\"www.akum.lv\",\"description\":\"Akumulatoru p\u0101rdev\u0113js | \u041f\u0440\u043e\u0434\u0430\u0432\u0435\u0446 \u0430\u043a\u043a\u0443\u043c\u0443\u043b\u044f\u0442\u043e\u0440\u043e\u0432 | Battery seller\",\"publisher\":{\"@id\":\"https:\/\/akum.lv\/#organization\"},\"potentialAction\":[{\"@type\":\"SearchAction\",\"target\":{\"@type\":\"EntryPoint\",\"urlTemplate\":\"https:\/\/akum.lv\/?s={search_term_string}\"},\"query-input\":{\"@type\":\"PropertyValueSpecification\",\"valueRequired\":true,\"valueName\":\"search_term_string\"}}],\"inLanguage\":\"ru-RU\"},{\"@type\":\"Organization\",\"@id\":\"https:\/\/akum.lv\/#organization\",\"name\":\"HubEnergy\",\"url\":\"https:\/\/akum.lv\/\",\"logo\":{\"@type\":\"ImageObject\",\"inLanguage\":\"ru-RU\",\"@id\":\"https:\/\/akum.lv\/#\/schema\/logo\/image\/\",\"url\":\"https:\/\/akum.lv\/wp-content\/uploads\/2018\/08\/Logo-hub-energy-2018-seller-dark-blue.png\",\"contentUrl\":\"https:\/\/akum.lv\/wp-content\/uploads\/2018\/08\/Logo-hub-energy-2018-seller-dark-blue.png\",\"width\":381,\"height\":75,\"caption\":\"HubEnergy\"},\"image\":{\"@id\":\"https:\/\/akum.lv\/#\/schema\/logo\/image\/\"}}]}<\/script>\n<!-- \/ Yoast SEO plugin. -->","yoast_head_json":{"title":"48V-100Ah LiFePO4 Lithium battery VISION V-LFP48100 battery block 19\" 5120Wh - www.akum.lv","robots":{"index":"index","follow":"follow","max-snippet":"max-snippet:-1","max-image-preview":"max-image-preview:large","max-video-preview":"max-video-preview:-1"},"canonical":"https:\/\/akum.lv\/ru\/prece\/48v-100ah-vision-v-lfp48100-battery-block-19-5120wh-lifepo4\/","og_locale":"ru_RU","og_type":"article","og_title":"48V-100Ah LiFePO4 Lithium battery VISION V-LFP48100 battery block 19\" 5120Wh - www.akum.lv","og_description":"48V-100Ah VISION V-LFP48100 battery block 19\" 5120Wh LiFePO4   - V-LFP48100  Litija akumulatoru sist\u0113mu V-LFP s\u0113rija ir Vision Group izstr\u0101d\u0101tie augsto tehnolo\u0123iju produkti. \u0160ai s\u0113rijai ir b\u016btiskas priek\u0161roc\u012bbas k\u0101 sakaru iek\u0101rtu rezerves akumulatoriem, piem\u0113ram, augsts jaudas bl\u012bvums, mazs izm\u0113rs, ilgs kalpo\u0161anas laiks, iztur\u012bba pret augstu temperat\u016bru, \u0101tra uzl\u0101de un izl\u0101de, k\u0101 ar\u012b modul\u0101ra konstrukcija.  \u0421\u0435\u0440\u0438\u044f \u043b\u0438\u0442\u0438\u0435\u0432\u044b\u0445 \u0430\u043a\u043a\u0443\u043c\u0443\u043b\u044f\u0442\u043e\u0440\u043d\u044b\u0445 \u0441\u0438\u0441\u0442\u0435\u043c V-LFP \u2014 \u044d\u0442\u043e \u0432\u044b\u0441\u043e\u043a\u043e\u0442\u0435\u0445\u043d\u043e\u043b\u043e\u0433\u0438\u0447\u043d\u0430\u044f \u043f\u0440\u043e\u0434\u0443\u043a\u0446\u0438\u044f, \u0440\u0430\u0437\u0440\u0430\u0431\u043e\u0442\u0430\u043d\u043d\u0430\u044f Vision Group. \u042d\u0442\u0430 \u0441\u0435\u0440\u0438\u044f \u0438\u043c\u0435\u0435\u0442 \u0437\u043d\u0430\u0447\u0438\u0442\u0435\u043b\u044c\u043d\u044b\u0435 \u043f\u0440\u0435\u0438\u043c\u0443\u0449\u0435\u0441\u0442\u0432\u0430 \u0432 \u043a\u0430\u0447\u0435\u0441\u0442\u0432\u0435 \u0440\u0435\u0437\u0435\u0440\u0432\u043d\u044b\u0445 \u0430\u043a\u043a\u0443\u043c\u0443\u043b\u044f\u0442\u043e\u0440\u043e\u0432 \u0434\u043b\u044f \u043e\u0431\u043e\u0440\u0443\u0434\u043e\u0432\u0430\u043d\u0438\u044f \u0441\u0432\u044f\u0437\u0438, \u0442\u0430\u043a\u0438\u0435 \u043a\u0430\u043a \u0432\u044b\u0441\u043e\u043a\u0430\u044f \u043f\u043b\u043e\u0442\u043d\u043e\u0441\u0442\u044c \u043c\u043e\u0449\u043d\u043e\u0441\u0442\u0438, \u043c\u0430\u043b\u044b\u0435 \u0440\u0430\u0437\u043c\u0435\u0440\u044b, \u0434\u043b\u0438\u0442\u0435\u043b\u044c\u043d\u044b\u0439 \u0441\u0440\u043e\u043a \u0441\u043b\u0443\u0436\u0431\u044b, \u0443\u0441\u0442\u043e\u0439\u0447\u0438\u0432\u043e\u0441\u0442\u044c \u043a \u0432\u044b\u0441\u043e\u043a\u0438\u043c \u0442\u0435\u043c\u043f\u0435\u0440\u0430\u0442\u0443\u0440\u0430\u043c, \u0431\u044b\u0441\u0442\u0440\u0430\u044f \u0437\u0430\u0440\u044f\u0434\u043a\u0430 \u0438 \u0440\u0430\u0437\u0440\u044f\u0434\u043a\u0430, \u0430 \u0442\u0430\u043a\u0436\u0435 \u043c\u043e\u0434\u0443\u043b\u044c\u043d\u0430\u044f \u043a\u043e\u043d\u0441\u0442\u0440\u0443\u043a\u0446\u0438\u044f.  The V-LFP series of lithium battery systems are high-tech products developed by Vision Group. This series has significant advantages as backup batteries for communication equipment, such as high power density, small size, long service life, resistance to high temperature, fast charging and discharging, and modular design.  Characteristics 1. Positive electrode made of LiFePO4 (LFP), ensuring high safety and long service life.Charge\/discharge cycles can be more than 4000 at the DOD of 85% and 35\u00b0 Celsius. 2. Compatible with a variety of communication power supply devices. 3. Maintenance-free design, fitting in a 19-inch communications cabinet. Can independent disconnection of the battery in case of group mounting. 4. Built-in BMS system with multiple protection and communication functions(RS485 interface with Modbus protocol), which ensures high reliability of the battery pack and enables real-time monitoring of battery data over a long distance. 5. Low internal resistance, with efficient internal balance of the battery control circuit. 6. Wide working temperature range and high reliability.Charging temperature range from 0\u00b0C to +60\u00b0C, and discharging temperature range from -20\u00b0C to +60\u00b0C. 7. Support for parallel connection of battery packs.","og_url":"https:\/\/akum.lv\/ru\/prece\/48v-100ah-vision-v-lfp48100-battery-block-19-5120wh-lifepo4\/","og_site_name":"www.akum.lv","article_modified_time":"2025-03-14T12:09:33+00:00","og_image":[{"width":389,"height":245,"url":"https:\/\/akum.lv\/wp-content\/uploads\/2024\/07\/48v-100ah.jpg","type":"image\/jpeg"}],"twitter_card":"summary_large_image","twitter_misc":{"\u041f\u0440\u0438\u043c\u0435\u0440\u043d\u043e\u0435 \u0432\u0440\u0435\u043c\u044f \u0434\u043b\u044f \u0447\u0442\u0435\u043d\u0438\u044f":"1 \u043c\u0438\u043d\u0443\u0442\u0430"},"schema":{"@context":"https:\/\/schema.org","@graph":[{"@type":"WebPage","@id":"https:\/\/akum.lv\/ru\/prece\/48v-100ah-vision-v-lfp48100-battery-block-19-5120wh-lifepo4\/","url":"https:\/\/akum.lv\/ru\/prece\/48v-100ah-vision-v-lfp48100-battery-block-19-5120wh-lifepo4\/","name":"48V-100Ah LiFePO4 Lithium battery VISION V-LFP48100 battery block 19\" 5120Wh - www.akum.lv","isPartOf":{"@id":"https:\/\/akum.lv\/#website"},"primaryImageOfPage":{"@id":"https:\/\/akum.lv\/ru\/prece\/48v-100ah-vision-v-lfp48100-battery-block-19-5120wh-lifepo4\/#primaryimage"},"image":{"@id":"https:\/\/akum.lv\/ru\/prece\/48v-100ah-vision-v-lfp48100-battery-block-19-5120wh-lifepo4\/#primaryimage"},"thumbnailUrl":"https:\/\/akum.lv\/wp-content\/uploads\/2024\/07\/48v-100ah.jpg","datePublished":"2024-07-25T09:35:08+00:00","dateModified":"2025-03-14T12:09:33+00:00","breadcrumb":{"@id":"https:\/\/akum.lv\/ru\/prece\/48v-100ah-vision-v-lfp48100-battery-block-19-5120wh-lifepo4\/#breadcrumb"},"inLanguage":"ru-RU","potentialAction":[{"@type":"ReadAction","target":["https:\/\/akum.lv\/ru\/prece\/48v-100ah-vision-v-lfp48100-battery-block-19-5120wh-lifepo4\/"]}]},{"@type":"ImageObject","inLanguage":"ru-RU","@id":"https:\/\/akum.lv\/ru\/prece\/48v-100ah-vision-v-lfp48100-battery-block-19-5120wh-lifepo4\/#primaryimage","url":"https:\/\/akum.lv\/wp-content\/uploads\/2024\/07\/48v-100ah.jpg","contentUrl":"https:\/\/akum.lv\/wp-content\/uploads\/2024\/07\/48v-100ah.jpg","width":389,"height":245},{"@type":"BreadcrumbList","@id":"https:\/\/akum.lv\/ru\/prece\/48v-100ah-vision-v-lfp48100-battery-block-19-5120wh-lifepo4\/#breadcrumb","itemListElement":[{"@type":"ListItem","position":1,"name":"\u0413\u043b\u0430\u0432\u043d\u0430\u044f \u0441\u0442\u0440\u0430\u043d\u0438\u0446\u0430","item":"https:\/\/akum.lv\/ru\/"},{"@type":"ListItem","position":2,"name":"PRECES","item":"https:\/\/akum.lv\/produkti-preces\/"},{"@type":"ListItem","position":3,"name":"48V-100Ah LiFePO4 Lithium battery VISION V-LFP48100 battery block 19&#8243; 5120Wh"}]},{"@type":"WebSite","@id":"https:\/\/akum.lv\/#website","url":"https:\/\/akum.lv\/","name":"www.akum.lv","description":"Akumulatoru p\u0101rdev\u0113js | \u041f\u0440\u043e\u0434\u0430\u0432\u0435\u0446 \u0430\u043a\u043a\u0443\u043c\u0443\u043b\u044f\u0442\u043e\u0440\u043e\u0432 | Battery seller","publisher":{"@id":"https:\/\/akum.lv\/#organization"},"potentialAction":[{"@type":"SearchAction","target":{"@type":"EntryPoint","urlTemplate":"https:\/\/akum.lv\/?s={search_term_string}"},"query-input":{"@type":"PropertyValueSpecification","valueRequired":true,"valueName":"search_term_string"}}],"inLanguage":"ru-RU"},{"@type":"Organization","@id":"https:\/\/akum.lv\/#organization","name":"HubEnergy","url":"https:\/\/akum.lv\/","logo":{"@type":"ImageObject","inLanguage":"ru-RU","@id":"https:\/\/akum.lv\/#\/schema\/logo\/image\/","url":"https:\/\/akum.lv\/wp-content\/uploads\/2018\/08\/Logo-hub-energy-2018-seller-dark-blue.png","contentUrl":"https:\/\/akum.lv\/wp-content\/uploads\/2018\/08\/Logo-hub-energy-2018-seller-dark-blue.png","width":381,"height":75,"caption":"HubEnergy"},"image":{"@id":"https:\/\/akum.lv\/#\/schema\/logo\/image\/"}}]}},"brands":[{"id":861,"name":"VISION","slug":"vision-ru"}],"_links":{"self":[{"href":"https:\/\/akum.lv\/ru\/wp-json\/wp\/v2\/product\/16258","targetHints":{"allow":["GET"]}}],"collection":[{"href":"https:\/\/akum.lv\/ru\/wp-json\/wp\/v2\/product"}],"about":[{"href":"https:\/\/akum.lv\/ru\/wp-json\/wp\/v2\/types\/product"}],"wp:featuredmedia":[{"embeddable":true,"href":"https:\/\/akum.lv\/ru\/wp-json\/wp\/v2\/media\/16256"}],"wp:attachment":[{"href":"https:\/\/akum.lv\/ru\/wp-json\/wp\/v2\/media?parent=16258"}],"wp:term":[{"taxonomy":"pwb-brand","embeddable":true,"href":"https:\/\/akum.lv\/ru\/wp-json\/wp\/v2\/pwb-brand?post=16258"},{"taxonomy":"product_brand","embeddable":true,"href":"https:\/\/akum.lv\/ru\/wp-json\/wp\/v2\/product_brand?post=16258"},{"taxonomy":"product_cat","embeddable":true,"href":"https:\/\/akum.lv\/ru\/wp-json\/wp\/v2\/product_cat?post=16258"},{"taxonomy":"product_tag","embeddable":true,"href":"https:\/\/akum.lv\/ru\/wp-json\/wp\/v2\/product_tag?post=16258"}],"curies":[{"name":"wp","href":"https:\/\/api.w.org\/{rel}","templated":true}]}}