{"id":13873,"date":"2022-11-23T10:26:09","date_gmt":"2022-11-23T10:26:09","guid":{"rendered":"https:\/\/akum.lv\/\u0442\u043e\u0432\u0430\u0440\/mwl80-12-mwpower-battery-agm-12v-80ah-terminal-m6-l350-w167-h174-mm\/"},"modified":"2024-04-12T11:45:32","modified_gmt":"2024-04-12T11:45:32","slug":"mwl80-12-mwpower-battery-agm-12v-80ah-terminal-m6-l350-w167-h174-mm","status":"publish","type":"product","link":"https:\/\/akum.lv\/ru\/prece\/mwl80-12-mwpower-battery-agm-12v-80ah-terminal-m6-l350-w167-h174-mm\/","title":{"rendered":"MWL80-12 MWPower battery \/ AGM \/ 12V-80Ah \/ terminal M6 \/ L350 W167 H174 mm"},"content":{"rendered":"","protected":false},"excerpt":{"rendered":"<p>MWL80-12 MWPower battery \/ AGM \/ 12V-80Ah \/ terminal M6 \/ L350 W167 H174 mm<\/p>\n<p><img loading=\"lazy\" decoding=\"async\" class=\"alignnone size-full wp-image-11436\" src=\"https:\/\/akum.lv\/wp-content\/uploads\/2021\/12\/pdf-icon.png\" alt=\"\" width=\"50\" height=\"50\" \/> <strong>&#8212; <a href=\"https:\/\/akum.lv\/wp-content\/uploads\/2022\/11\/mwl_80-12-pl.pdf\">MWL_80-12 PL<\/a><\/strong><\/p>\n<div class=\"woo-short-description\">\n<p>SIA ,,HUB ENERGY,, \u2013 ofici\u0101lais bateriju izplat\u012bt\u0101js ,,MWPower,, Latvij\u0101, Lietuv\u0101 un Igaunij\u0101<br \/>\nSIA ,,HUB ENERGY,, \u2013 \u043e\u0444\u0438\u0446\u0438\u0430\u043b\u044c\u043d\u044b\u0439 \u0434\u0438\u0441\u0442\u0440\u0438\u0431\u044c\u044e\u0442\u043e\u0440 \u0431\u0430\u0442\u0430\u0440\u0435\u0439 ,,MWPower,, \u0432 \u041b\u0430\u0442\u0432\u0438\u0438, \u041b\u0438\u0442\u0432\u0435 \u0438 \u042d\u0441\u0442\u043e\u043d\u0438\u0438<br \/>\nSIA ,,HUB ENERGY,, \u2013 official distributor of batteries ,,MWPower,, in Latvia, Lithuania and Estonia<\/p>\n<\/div>\n<form class=\"cart\" action=\"https:\/\/akum.lv\/%D1%82%D0%BE%D0%B2%D0%B0%D1%80\/mwl100-12h-mwpower-battery-agm-12v-100ah-terminals-m8-l330-w-173-h220-mm-long-life\/\" enctype=\"multipart\/form-data\" method=\"post\">\n<div class=\"quantity sh-increase-numbers\"><i class=\"ti-arrow-down\"><\/i><input id=\"quantity_637df4d2b8ee3\" class=\"sh-quantity-number\" title=\"Daudzums\" autocomplete=\"off\" max=\"\" min=\"1\" name=\"quantity\" size=\"4\" step=\"1\" type=\"text\" value=\"1\" placeholder=\"\" \/><i class=\"ti-arrow-up\"><\/i><\/div>\n<\/form>\n","protected":false},"featured_media":13892,"template":"","meta":[],"pwb-brand":[335],"product_brand":[],"product_cat":[376,443,319,265],"product_tag":[],"class_list":{"0":"post-13873","1":"product","2":"type-product","3":"status-publish","4":"has-post-thumbnail","6":"pwb-brand-mw-power-ru","7":"product_cat-agm-tehnologii-akkumuljatory-rus","8":"product_cat-agm-12v-batteries","9":"product_cat-akb-ups-telecom","10":"product_cat-agm-akumulatori-signalizacijas-drosibas-sistemam","12":"first","13":"instock","14":"taxable","15":"shipping-taxable","16":"purchasable","17":"product-type-simple"},"yoast_head":"<!-- This site is optimized with the Yoast SEO plugin v26.7 - https:\/\/yoast.com\/wordpress\/plugins\/seo\/ -->\n<title>MWL80-12 MWPower battery \/ AGM \/ 12V-80Ah \/ terminal M6 \/ L350 W167 H174 mm - www.akum.lv<\/title>\n<meta name=\"robots\" content=\"index, follow, max-snippet:-1, max-image-preview:large, max-video-preview:-1\" \/>\n<link rel=\"canonical\" href=\"https:\/\/akum.lv\/ru\/prece\/mwl80-12-mwpower-battery-agm-12v-80ah-terminal-m6-l350-w167-h174-mm\/\" \/>\n<meta property=\"og:locale\" content=\"ru_RU\" \/>\n<meta property=\"og:type\" content=\"article\" \/>\n<meta property=\"og:title\" content=\"MWL80-12 MWPower battery \/ AGM \/ 12V-80Ah \/ terminal M6 \/ L350 W167 H174 mm - www.akum.lv\" \/>\n<meta property=\"og:description\" content=\"MWL80-12 MWPower battery \/ AGM \/ 12V-80Ah \/ terminal M6 \/ L350 W167 H174 mm   - MWL_80-12 PL   SIA ,,HUB ENERGY,, \u2013 ofici\u0101lais bateriju izplat\u012bt\u0101js ,,MWPower,, Latvij\u0101, Lietuv\u0101 un Igaunij\u0101 SIA ,,HUB ENERGY,, \u2013 \u043e\u0444\u0438\u0446\u0438\u0430\u043b\u044c\u043d\u044b\u0439 \u0434\u0438\u0441\u0442\u0440\u0438\u0431\u044c\u044e\u0442\u043e\u0440 \u0431\u0430\u0442\u0430\u0440\u0435\u0439 ,,MWPower,, \u0432 \u041b\u0430\u0442\u0432\u0438\u0438, \u041b\u0438\u0442\u0432\u0435 \u0438 \u042d\u0441\u0442\u043e\u043d\u0438\u0438 SIA ,,HUB ENERGY,, \u2013 official distributor of batteries ,,MWPower,, in Latvia, Lithuania and Estonia\" \/>\n<meta property=\"og:url\" content=\"https:\/\/akum.lv\/ru\/prece\/mwl80-12-mwpower-battery-agm-12v-80ah-terminal-m6-l350-w167-h174-mm\/\" \/>\n<meta property=\"og:site_name\" content=\"www.akum.lv\" \/>\n<meta property=\"article:modified_time\" content=\"2024-04-12T11:45:32+00:00\" \/>\n<meta property=\"og:image\" content=\"https:\/\/akum.lv\/wp-content\/uploads\/2022\/11\/mwl-80-12.jpg\" \/>\n\t<meta property=\"og:image:width\" content=\"450\" \/>\n\t<meta property=\"og:image:height\" content=\"248\" \/>\n\t<meta property=\"og:image:type\" content=\"image\/jpeg\" \/>\n<meta name=\"twitter:card\" content=\"summary_large_image\" \/>\n<script type=\"application\/ld+json\" class=\"yoast-schema-graph\">{\"@context\":\"https:\/\/schema.org\",\"@graph\":[{\"@type\":\"WebPage\",\"@id\":\"https:\/\/akum.lv\/ru\/prece\/mwl80-12-mwpower-battery-agm-12v-80ah-terminal-m6-l350-w167-h174-mm\/\",\"url\":\"https:\/\/akum.lv\/ru\/prece\/mwl80-12-mwpower-battery-agm-12v-80ah-terminal-m6-l350-w167-h174-mm\/\",\"name\":\"MWL80-12 MWPower battery \/ AGM \/ 12V-80Ah \/ terminal M6 \/ L350 W167 H174 mm - www.akum.lv\",\"isPartOf\":{\"@id\":\"https:\/\/akum.lv\/#website\"},\"primaryImageOfPage\":{\"@id\":\"https:\/\/akum.lv\/ru\/prece\/mwl80-12-mwpower-battery-agm-12v-80ah-terminal-m6-l350-w167-h174-mm\/#primaryimage\"},\"image\":{\"@id\":\"https:\/\/akum.lv\/ru\/prece\/mwl80-12-mwpower-battery-agm-12v-80ah-terminal-m6-l350-w167-h174-mm\/#primaryimage\"},\"thumbnailUrl\":\"https:\/\/akum.lv\/wp-content\/uploads\/2022\/11\/mwl-80-12.jpg\",\"datePublished\":\"2022-11-23T10:26:09+00:00\",\"dateModified\":\"2024-04-12T11:45:32+00:00\",\"breadcrumb\":{\"@id\":\"https:\/\/akum.lv\/ru\/prece\/mwl80-12-mwpower-battery-agm-12v-80ah-terminal-m6-l350-w167-h174-mm\/#breadcrumb\"},\"inLanguage\":\"ru-RU\",\"potentialAction\":[{\"@type\":\"ReadAction\",\"target\":[\"https:\/\/akum.lv\/ru\/prece\/mwl80-12-mwpower-battery-agm-12v-80ah-terminal-m6-l350-w167-h174-mm\/\"]}]},{\"@type\":\"ImageObject\",\"inLanguage\":\"ru-RU\",\"@id\":\"https:\/\/akum.lv\/ru\/prece\/mwl80-12-mwpower-battery-agm-12v-80ah-terminal-m6-l350-w167-h174-mm\/#primaryimage\",\"url\":\"https:\/\/akum.lv\/wp-content\/uploads\/2022\/11\/mwl-80-12.jpg\",\"contentUrl\":\"https:\/\/akum.lv\/wp-content\/uploads\/2022\/11\/mwl-80-12.jpg\",\"width\":450,\"height\":248},{\"@type\":\"BreadcrumbList\",\"@id\":\"https:\/\/akum.lv\/ru\/prece\/mwl80-12-mwpower-battery-agm-12v-80ah-terminal-m6-l350-w167-h174-mm\/#breadcrumb\",\"itemListElement\":[{\"@type\":\"ListItem\",\"position\":1,\"name\":\"\u0413\u043b\u0430\u0432\u043d\u0430\u044f \u0441\u0442\u0440\u0430\u043d\u0438\u0446\u0430\",\"item\":\"https:\/\/akum.lv\/ru\/\"},{\"@type\":\"ListItem\",\"position\":2,\"name\":\"PRECES\",\"item\":\"https:\/\/akum.lv\/produkti-preces\/\"},{\"@type\":\"ListItem\",\"position\":3,\"name\":\"MWL80-12 MWPower battery \/ AGM \/ 12V-80Ah \/ terminal M6 \/ L350 W167 H174 mm\"}]},{\"@type\":\"WebSite\",\"@id\":\"https:\/\/akum.lv\/#website\",\"url\":\"https:\/\/akum.lv\/\",\"name\":\"www.akum.lv\",\"description\":\"Akumulatoru p\u0101rdev\u0113js | \u041f\u0440\u043e\u0434\u0430\u0432\u0435\u0446 \u0430\u043a\u043a\u0443\u043c\u0443\u043b\u044f\u0442\u043e\u0440\u043e\u0432 | Battery seller\",\"publisher\":{\"@id\":\"https:\/\/akum.lv\/#organization\"},\"potentialAction\":[{\"@type\":\"SearchAction\",\"target\":{\"@type\":\"EntryPoint\",\"urlTemplate\":\"https:\/\/akum.lv\/?s={search_term_string}\"},\"query-input\":{\"@type\":\"PropertyValueSpecification\",\"valueRequired\":true,\"valueName\":\"search_term_string\"}}],\"inLanguage\":\"ru-RU\"},{\"@type\":\"Organization\",\"@id\":\"https:\/\/akum.lv\/#organization\",\"name\":\"HubEnergy\",\"url\":\"https:\/\/akum.lv\/\",\"logo\":{\"@type\":\"ImageObject\",\"inLanguage\":\"ru-RU\",\"@id\":\"https:\/\/akum.lv\/#\/schema\/logo\/image\/\",\"url\":\"https:\/\/akum.lv\/wp-content\/uploads\/2018\/08\/Logo-hub-energy-2018-seller-dark-blue.png\",\"contentUrl\":\"https:\/\/akum.lv\/wp-content\/uploads\/2018\/08\/Logo-hub-energy-2018-seller-dark-blue.png\",\"width\":381,\"height\":75,\"caption\":\"HubEnergy\"},\"image\":{\"@id\":\"https:\/\/akum.lv\/#\/schema\/logo\/image\/\"}}]}<\/script>\n<!-- \/ Yoast SEO plugin. -->","yoast_head_json":{"title":"MWL80-12 MWPower battery \/ AGM \/ 12V-80Ah \/ terminal M6 \/ L350 W167 H174 mm - www.akum.lv","robots":{"index":"index","follow":"follow","max-snippet":"max-snippet:-1","max-image-preview":"max-image-preview:large","max-video-preview":"max-video-preview:-1"},"canonical":"https:\/\/akum.lv\/ru\/prece\/mwl80-12-mwpower-battery-agm-12v-80ah-terminal-m6-l350-w167-h174-mm\/","og_locale":"ru_RU","og_type":"article","og_title":"MWL80-12 MWPower battery \/ AGM \/ 12V-80Ah \/ terminal M6 \/ L350 W167 H174 mm - www.akum.lv","og_description":"MWL80-12 MWPower battery \/ AGM \/ 12V-80Ah \/ terminal M6 \/ L350 W167 H174 mm   - MWL_80-12 PL   SIA ,,HUB ENERGY,, \u2013 ofici\u0101lais bateriju izplat\u012bt\u0101js ,,MWPower,, Latvij\u0101, Lietuv\u0101 un Igaunij\u0101 SIA ,,HUB ENERGY,, \u2013 \u043e\u0444\u0438\u0446\u0438\u0430\u043b\u044c\u043d\u044b\u0439 \u0434\u0438\u0441\u0442\u0440\u0438\u0431\u044c\u044e\u0442\u043e\u0440 \u0431\u0430\u0442\u0430\u0440\u0435\u0439 ,,MWPower,, \u0432 \u041b\u0430\u0442\u0432\u0438\u0438, \u041b\u0438\u0442\u0432\u0435 \u0438 \u042d\u0441\u0442\u043e\u043d\u0438\u0438 SIA ,,HUB ENERGY,, \u2013 official distributor of batteries ,,MWPower,, in Latvia, Lithuania and Estonia","og_url":"https:\/\/akum.lv\/ru\/prece\/mwl80-12-mwpower-battery-agm-12v-80ah-terminal-m6-l350-w167-h174-mm\/","og_site_name":"www.akum.lv","article_modified_time":"2024-04-12T11:45:32+00:00","og_image":[{"width":450,"height":248,"url":"https:\/\/akum.lv\/wp-content\/uploads\/2022\/11\/mwl-80-12.jpg","type":"image\/jpeg"}],"twitter_card":"summary_large_image","schema":{"@context":"https:\/\/schema.org","@graph":[{"@type":"WebPage","@id":"https:\/\/akum.lv\/ru\/prece\/mwl80-12-mwpower-battery-agm-12v-80ah-terminal-m6-l350-w167-h174-mm\/","url":"https:\/\/akum.lv\/ru\/prece\/mwl80-12-mwpower-battery-agm-12v-80ah-terminal-m6-l350-w167-h174-mm\/","name":"MWL80-12 MWPower battery \/ AGM \/ 12V-80Ah \/ terminal M6 \/ L350 W167 H174 mm - www.akum.lv","isPartOf":{"@id":"https:\/\/akum.lv\/#website"},"primaryImageOfPage":{"@id":"https:\/\/akum.lv\/ru\/prece\/mwl80-12-mwpower-battery-agm-12v-80ah-terminal-m6-l350-w167-h174-mm\/#primaryimage"},"image":{"@id":"https:\/\/akum.lv\/ru\/prece\/mwl80-12-mwpower-battery-agm-12v-80ah-terminal-m6-l350-w167-h174-mm\/#primaryimage"},"thumbnailUrl":"https:\/\/akum.lv\/wp-content\/uploads\/2022\/11\/mwl-80-12.jpg","datePublished":"2022-11-23T10:26:09+00:00","dateModified":"2024-04-12T11:45:32+00:00","breadcrumb":{"@id":"https:\/\/akum.lv\/ru\/prece\/mwl80-12-mwpower-battery-agm-12v-80ah-terminal-m6-l350-w167-h174-mm\/#breadcrumb"},"inLanguage":"ru-RU","potentialAction":[{"@type":"ReadAction","target":["https:\/\/akum.lv\/ru\/prece\/mwl80-12-mwpower-battery-agm-12v-80ah-terminal-m6-l350-w167-h174-mm\/"]}]},{"@type":"ImageObject","inLanguage":"ru-RU","@id":"https:\/\/akum.lv\/ru\/prece\/mwl80-12-mwpower-battery-agm-12v-80ah-terminal-m6-l350-w167-h174-mm\/#primaryimage","url":"https:\/\/akum.lv\/wp-content\/uploads\/2022\/11\/mwl-80-12.jpg","contentUrl":"https:\/\/akum.lv\/wp-content\/uploads\/2022\/11\/mwl-80-12.jpg","width":450,"height":248},{"@type":"BreadcrumbList","@id":"https:\/\/akum.lv\/ru\/prece\/mwl80-12-mwpower-battery-agm-12v-80ah-terminal-m6-l350-w167-h174-mm\/#breadcrumb","itemListElement":[{"@type":"ListItem","position":1,"name":"\u0413\u043b\u0430\u0432\u043d\u0430\u044f \u0441\u0442\u0440\u0430\u043d\u0438\u0446\u0430","item":"https:\/\/akum.lv\/ru\/"},{"@type":"ListItem","position":2,"name":"PRECES","item":"https:\/\/akum.lv\/produkti-preces\/"},{"@type":"ListItem","position":3,"name":"MWL80-12 MWPower battery \/ AGM \/ 12V-80Ah \/ terminal M6 \/ L350 W167 H174 mm"}]},{"@type":"WebSite","@id":"https:\/\/akum.lv\/#website","url":"https:\/\/akum.lv\/","name":"www.akum.lv","description":"Akumulatoru p\u0101rdev\u0113js | \u041f\u0440\u043e\u0434\u0430\u0432\u0435\u0446 \u0430\u043a\u043a\u0443\u043c\u0443\u043b\u044f\u0442\u043e\u0440\u043e\u0432 | Battery seller","publisher":{"@id":"https:\/\/akum.lv\/#organization"},"potentialAction":[{"@type":"SearchAction","target":{"@type":"EntryPoint","urlTemplate":"https:\/\/akum.lv\/?s={search_term_string}"},"query-input":{"@type":"PropertyValueSpecification","valueRequired":true,"valueName":"search_term_string"}}],"inLanguage":"ru-RU"},{"@type":"Organization","@id":"https:\/\/akum.lv\/#organization","name":"HubEnergy","url":"https:\/\/akum.lv\/","logo":{"@type":"ImageObject","inLanguage":"ru-RU","@id":"https:\/\/akum.lv\/#\/schema\/logo\/image\/","url":"https:\/\/akum.lv\/wp-content\/uploads\/2018\/08\/Logo-hub-energy-2018-seller-dark-blue.png","contentUrl":"https:\/\/akum.lv\/wp-content\/uploads\/2018\/08\/Logo-hub-energy-2018-seller-dark-blue.png","width":381,"height":75,"caption":"HubEnergy"},"image":{"@id":"https:\/\/akum.lv\/#\/schema\/logo\/image\/"}}]}},"brands":[{"id":335,"name":"MW POWER","slug":"mw-power-ru"}],"_links":{"self":[{"href":"https:\/\/akum.lv\/ru\/wp-json\/wp\/v2\/product\/13873","targetHints":{"allow":["GET"]}}],"collection":[{"href":"https:\/\/akum.lv\/ru\/wp-json\/wp\/v2\/product"}],"about":[{"href":"https:\/\/akum.lv\/ru\/wp-json\/wp\/v2\/types\/product"}],"wp:featuredmedia":[{"embeddable":true,"href":"https:\/\/akum.lv\/ru\/wp-json\/wp\/v2\/media\/13892"}],"wp:attachment":[{"href":"https:\/\/akum.lv\/ru\/wp-json\/wp\/v2\/media?parent=13873"}],"wp:term":[{"taxonomy":"pwb-brand","embeddable":true,"href":"https:\/\/akum.lv\/ru\/wp-json\/wp\/v2\/pwb-brand?post=13873"},{"taxonomy":"product_brand","embeddable":true,"href":"https:\/\/akum.lv\/ru\/wp-json\/wp\/v2\/product_brand?post=13873"},{"taxonomy":"product_cat","embeddable":true,"href":"https:\/\/akum.lv\/ru\/wp-json\/wp\/v2\/product_cat?post=13873"},{"taxonomy":"product_tag","embeddable":true,"href":"https:\/\/akum.lv\/ru\/wp-json\/wp\/v2\/product_tag?post=13873"}],"curies":[{"name":"wp","href":"https:\/\/api.w.org\/{rel}","templated":true}]}}