{"id":13867,"date":"2022-11-22T21:11:24","date_gmt":"2022-11-22T21:11:24","guid":{"rendered":"https:\/\/akum.lv\/\u0442\u043e\u0432\u0430\u0440\/6agm-305-q-batteries-6v-c20-312ah-c5-271ah-agm-traction-l295-w180-h268\/"},"modified":"2024-04-17T09:48:19","modified_gmt":"2024-04-17T09:48:19","slug":"6agm-305-q-batteries-6v-c20-312ah-c5-271ah-agm-traction-l295-w180-h268","status":"publish","type":"product","link":"https:\/\/akum.lv\/ru\/prece\/6agm-305-q-batteries-6v-c20-312ah-c5-271ah-agm-traction-l295-w180-h268\/","title":{"rendered":"6AGM-305 Q-BATTERIES 6V C20-312Ah C5-271Ah AGM Traction L295 W180 H268"},"content":{"rendered":"","protected":false},"excerpt":{"rendered":"<p>6AGM-305 Q-BATTERIES 6V C20-312Ah C5-271Ah AGM Traction L295 W180 H268<\/p>\n<p><img loading=\"lazy\" decoding=\"async\" class=\"alignnone size-full wp-image-11436\" src=\"https:\/\/akum.lv\/wp-content\/uploads\/2021\/12\/pdf-icon.png\" alt=\"\" width=\"50\" height=\"50\" \/> <strong>&#8212; <a href=\"https:\/\/akum.lv\/wp-content\/uploads\/2022\/11\/datasheet_6agm-305.pdf\">Datasheet_6AGM-305<\/a><\/strong><\/p>\n<p>Ja prece nav noliktav\u0101<br \/>\n\u0160\u012bs preces ir pieejamas p\u0113c pas\u016bt\u012bjuma!<br \/>\nPieg\u0101des laiks 5-7 darba dienas.<br \/>\n\u0415\u0441\u043b\u0438 \u0442\u043e\u0432\u0430\u0440\u0430 \u043d\u0435\u0442 \u043d\u0430 \u0441\u043a\u043b\u0430\u0434\u0435<br \/>\n\u042d\u0442\u0438 \u0442\u043e\u0432\u0430\u0440\u044b \u0434\u043e\u0441\u0442\u0443\u043f\u043d\u044b \u043f\u043e\u0434 \u0437\u0430\u043a\u0430\u0437!<br \/>\n\u0412\u0440\u0435\u043c\u044f \u043f\u043e\u0441\u0442\u0430\u0432\u043a\u0438 5-7 \u0440\u0430\u0431\u043e\u0447\u0438\u0445 \u0434\u043d\u0435\u0439<\/p>\n<p>SIA ,,HUB ENERGY,, \u2013 ofici\u0101lais bateriju izplat\u012bt\u0101js ,,Q-Batteries,, Latvij\u0101, Lietuv\u0101 un Igaunij\u0101.<br \/>\nSIA ,,HUB ENERGY,, \u2013 \u043e\u0444\u0438\u0446\u0438\u0430\u043b\u044c\u043d\u044b\u0439 \u0434\u0438\u0441\u0442\u0440\u0438\u0431\u044c\u044e\u0442\u043e\u0440 \u0431\u0430\u0442\u0430\u0440\u0435\u0439 ,, Q-Batteries,, \u0432 \u041b\u0430\u0442\u0432\u0438\u0438, \u041b\u0438\u0442\u0432\u0435 \u0438 \u042d\u0441\u0442\u043e\u043d\u0438\u0438.<br \/>\nSIA ,,HUB ENERGY,, \u2013 official distributor of batteries ,, Q-Batteries,, in Latvia, Lithuania and Estonia.<\/p>\n","protected":false},"featured_media":13865,"template":"","meta":[],"pwb-brand":[205],"product_brand":[],"product_cat":[488,376,439,624,267,279,614],"product_tag":[],"class_list":{"0":"post-13867","1":"product","2":"type-product","3":"status-publish","4":"has-post-thumbnail","6":"pwb-brand-q-batteries","7":"product_cat-green-energy","8":"product_cat-agm-tehnologii-akkumuljatory-rus","9":"product_cat-agm-6v-batteries","10":"product_cat-akumulatori-agm-traction-1200-cycles-50-dod-ru","11":"product_cat-akumulatori-elektro-transportam","12":"product_cat-akkumuljatory-dlja-nozhnichnyh-platform-stroitelnoj-i-skladskoj-tehniki","13":"product_cat-batteries-cleaning-equipment","15":"first","16":"instock","17":"taxable","18":"shipping-taxable","19":"purchasable","20":"product-type-simple"},"yoast_head":"<!-- This site is optimized with the Yoast SEO plugin v26.7 - https:\/\/yoast.com\/wordpress\/plugins\/seo\/ -->\n<title>6AGM-305 Q-BATTERIES 6V C20-312Ah C5-271Ah AGM Traction L295 W180 H268 - www.akum.lv<\/title>\n<meta name=\"robots\" content=\"index, follow, max-snippet:-1, max-image-preview:large, max-video-preview:-1\" \/>\n<link rel=\"canonical\" href=\"https:\/\/akum.lv\/ru\/prece\/6agm-305-q-batteries-6v-c20-312ah-c5-271ah-agm-traction-l295-w180-h268\/\" \/>\n<meta property=\"og:locale\" content=\"ru_RU\" \/>\n<meta property=\"og:type\" content=\"article\" \/>\n<meta property=\"og:title\" content=\"6AGM-305 Q-BATTERIES 6V C20-312Ah C5-271Ah AGM Traction L295 W180 H268 - www.akum.lv\" \/>\n<meta property=\"og:description\" content=\"6AGM-305 Q-BATTERIES 6V C20-312Ah C5-271Ah AGM Traction L295 W180 H268   - Datasheet_6AGM-305  Ja prece nav noliktav\u0101 \u0160\u012bs preces ir pieejamas p\u0113c pas\u016bt\u012bjuma! Pieg\u0101des laiks 5-7 darba dienas. \u0415\u0441\u043b\u0438 \u0442\u043e\u0432\u0430\u0440\u0430 \u043d\u0435\u0442 \u043d\u0430 \u0441\u043a\u043b\u0430\u0434\u0435 \u042d\u0442\u0438 \u0442\u043e\u0432\u0430\u0440\u044b \u0434\u043e\u0441\u0442\u0443\u043f\u043d\u044b \u043f\u043e\u0434 \u0437\u0430\u043a\u0430\u0437! \u0412\u0440\u0435\u043c\u044f \u043f\u043e\u0441\u0442\u0430\u0432\u043a\u0438 5-7 \u0440\u0430\u0431\u043e\u0447\u0438\u0445 \u0434\u043d\u0435\u0439  SIA ,,HUB ENERGY,, \u2013 ofici\u0101lais bateriju izplat\u012bt\u0101js ,,Q-Batteries,, Latvij\u0101, Lietuv\u0101 un Igaunij\u0101. SIA ,,HUB ENERGY,, \u2013 \u043e\u0444\u0438\u0446\u0438\u0430\u043b\u044c\u043d\u044b\u0439 \u0434\u0438\u0441\u0442\u0440\u0438\u0431\u044c\u044e\u0442\u043e\u0440 \u0431\u0430\u0442\u0430\u0440\u0435\u0439 ,, Q-Batteries,, \u0432 \u041b\u0430\u0442\u0432\u0438\u0438, \u041b\u0438\u0442\u0432\u0435 \u0438 \u042d\u0441\u0442\u043e\u043d\u0438\u0438. SIA ,,HUB ENERGY,, \u2013 official distributor of batteries ,, Q-Batteries,, in Latvia, Lithuania and Estonia.\" \/>\n<meta property=\"og:url\" content=\"https:\/\/akum.lv\/ru\/prece\/6agm-305-q-batteries-6v-c20-312ah-c5-271ah-agm-traction-l295-w180-h268\/\" \/>\n<meta property=\"og:site_name\" content=\"www.akum.lv\" \/>\n<meta property=\"article:modified_time\" content=\"2024-04-17T09:48:19+00:00\" \/>\n<meta property=\"og:image\" content=\"https:\/\/akum.lv\/wp-content\/uploads\/2022\/11\/qb-6agm-305-1.jpg\" \/>\n\t<meta property=\"og:image:width\" content=\"450\" \/>\n\t<meta property=\"og:image:height\" content=\"450\" \/>\n\t<meta property=\"og:image:type\" content=\"image\/jpeg\" \/>\n<meta name=\"twitter:card\" content=\"summary_large_image\" \/>\n<script type=\"application\/ld+json\" class=\"yoast-schema-graph\">{\"@context\":\"https:\/\/schema.org\",\"@graph\":[{\"@type\":\"WebPage\",\"@id\":\"https:\/\/akum.lv\/ru\/prece\/6agm-305-q-batteries-6v-c20-312ah-c5-271ah-agm-traction-l295-w180-h268\/\",\"url\":\"https:\/\/akum.lv\/ru\/prece\/6agm-305-q-batteries-6v-c20-312ah-c5-271ah-agm-traction-l295-w180-h268\/\",\"name\":\"6AGM-305 Q-BATTERIES 6V C20-312Ah C5-271Ah AGM Traction L295 W180 H268 - www.akum.lv\",\"isPartOf\":{\"@id\":\"https:\/\/akum.lv\/#website\"},\"primaryImageOfPage\":{\"@id\":\"https:\/\/akum.lv\/ru\/prece\/6agm-305-q-batteries-6v-c20-312ah-c5-271ah-agm-traction-l295-w180-h268\/#primaryimage\"},\"image\":{\"@id\":\"https:\/\/akum.lv\/ru\/prece\/6agm-305-q-batteries-6v-c20-312ah-c5-271ah-agm-traction-l295-w180-h268\/#primaryimage\"},\"thumbnailUrl\":\"https:\/\/akum.lv\/wp-content\/uploads\/2022\/11\/qb-6agm-305-1.jpg\",\"datePublished\":\"2022-11-22T21:11:24+00:00\",\"dateModified\":\"2024-04-17T09:48:19+00:00\",\"breadcrumb\":{\"@id\":\"https:\/\/akum.lv\/ru\/prece\/6agm-305-q-batteries-6v-c20-312ah-c5-271ah-agm-traction-l295-w180-h268\/#breadcrumb\"},\"inLanguage\":\"ru-RU\",\"potentialAction\":[{\"@type\":\"ReadAction\",\"target\":[\"https:\/\/akum.lv\/ru\/prece\/6agm-305-q-batteries-6v-c20-312ah-c5-271ah-agm-traction-l295-w180-h268\/\"]}]},{\"@type\":\"ImageObject\",\"inLanguage\":\"ru-RU\",\"@id\":\"https:\/\/akum.lv\/ru\/prece\/6agm-305-q-batteries-6v-c20-312ah-c5-271ah-agm-traction-l295-w180-h268\/#primaryimage\",\"url\":\"https:\/\/akum.lv\/wp-content\/uploads\/2022\/11\/qb-6agm-305-1.jpg\",\"contentUrl\":\"https:\/\/akum.lv\/wp-content\/uploads\/2022\/11\/qb-6agm-305-1.jpg\",\"width\":450,\"height\":450},{\"@type\":\"BreadcrumbList\",\"@id\":\"https:\/\/akum.lv\/ru\/prece\/6agm-305-q-batteries-6v-c20-312ah-c5-271ah-agm-traction-l295-w180-h268\/#breadcrumb\",\"itemListElement\":[{\"@type\":\"ListItem\",\"position\":1,\"name\":\"\u0413\u043b\u0430\u0432\u043d\u0430\u044f \u0441\u0442\u0440\u0430\u043d\u0438\u0446\u0430\",\"item\":\"https:\/\/akum.lv\/ru\/\"},{\"@type\":\"ListItem\",\"position\":2,\"name\":\"PRECES\",\"item\":\"https:\/\/akum.lv\/produkti-preces\/\"},{\"@type\":\"ListItem\",\"position\":3,\"name\":\"6AGM-305 Q-BATTERIES 6V C20-312Ah C5-271Ah AGM Traction L295 W180 H268\"}]},{\"@type\":\"WebSite\",\"@id\":\"https:\/\/akum.lv\/#website\",\"url\":\"https:\/\/akum.lv\/\",\"name\":\"www.akum.lv\",\"description\":\"Akumulatoru p\u0101rdev\u0113js | \u041f\u0440\u043e\u0434\u0430\u0432\u0435\u0446 \u0430\u043a\u043a\u0443\u043c\u0443\u043b\u044f\u0442\u043e\u0440\u043e\u0432 | Battery seller\",\"publisher\":{\"@id\":\"https:\/\/akum.lv\/#organization\"},\"potentialAction\":[{\"@type\":\"SearchAction\",\"target\":{\"@type\":\"EntryPoint\",\"urlTemplate\":\"https:\/\/akum.lv\/?s={search_term_string}\"},\"query-input\":{\"@type\":\"PropertyValueSpecification\",\"valueRequired\":true,\"valueName\":\"search_term_string\"}}],\"inLanguage\":\"ru-RU\"},{\"@type\":\"Organization\",\"@id\":\"https:\/\/akum.lv\/#organization\",\"name\":\"HubEnergy\",\"url\":\"https:\/\/akum.lv\/\",\"logo\":{\"@type\":\"ImageObject\",\"inLanguage\":\"ru-RU\",\"@id\":\"https:\/\/akum.lv\/#\/schema\/logo\/image\/\",\"url\":\"https:\/\/akum.lv\/wp-content\/uploads\/2018\/08\/Logo-hub-energy-2018-seller-dark-blue.png\",\"contentUrl\":\"https:\/\/akum.lv\/wp-content\/uploads\/2018\/08\/Logo-hub-energy-2018-seller-dark-blue.png\",\"width\":381,\"height\":75,\"caption\":\"HubEnergy\"},\"image\":{\"@id\":\"https:\/\/akum.lv\/#\/schema\/logo\/image\/\"}}]}<\/script>\n<!-- \/ Yoast SEO plugin. -->","yoast_head_json":{"title":"6AGM-305 Q-BATTERIES 6V C20-312Ah C5-271Ah AGM Traction L295 W180 H268 - www.akum.lv","robots":{"index":"index","follow":"follow","max-snippet":"max-snippet:-1","max-image-preview":"max-image-preview:large","max-video-preview":"max-video-preview:-1"},"canonical":"https:\/\/akum.lv\/ru\/prece\/6agm-305-q-batteries-6v-c20-312ah-c5-271ah-agm-traction-l295-w180-h268\/","og_locale":"ru_RU","og_type":"article","og_title":"6AGM-305 Q-BATTERIES 6V C20-312Ah C5-271Ah AGM Traction L295 W180 H268 - www.akum.lv","og_description":"6AGM-305 Q-BATTERIES 6V C20-312Ah C5-271Ah AGM Traction L295 W180 H268   - Datasheet_6AGM-305  Ja prece nav noliktav\u0101 \u0160\u012bs preces ir pieejamas p\u0113c pas\u016bt\u012bjuma! Pieg\u0101des laiks 5-7 darba dienas. \u0415\u0441\u043b\u0438 \u0442\u043e\u0432\u0430\u0440\u0430 \u043d\u0435\u0442 \u043d\u0430 \u0441\u043a\u043b\u0430\u0434\u0435 \u042d\u0442\u0438 \u0442\u043e\u0432\u0430\u0440\u044b \u0434\u043e\u0441\u0442\u0443\u043f\u043d\u044b \u043f\u043e\u0434 \u0437\u0430\u043a\u0430\u0437! \u0412\u0440\u0435\u043c\u044f \u043f\u043e\u0441\u0442\u0430\u0432\u043a\u0438 5-7 \u0440\u0430\u0431\u043e\u0447\u0438\u0445 \u0434\u043d\u0435\u0439  SIA ,,HUB ENERGY,, \u2013 ofici\u0101lais bateriju izplat\u012bt\u0101js ,,Q-Batteries,, Latvij\u0101, Lietuv\u0101 un Igaunij\u0101. SIA ,,HUB ENERGY,, \u2013 \u043e\u0444\u0438\u0446\u0438\u0430\u043b\u044c\u043d\u044b\u0439 \u0434\u0438\u0441\u0442\u0440\u0438\u0431\u044c\u044e\u0442\u043e\u0440 \u0431\u0430\u0442\u0430\u0440\u0435\u0439 ,, Q-Batteries,, \u0432 \u041b\u0430\u0442\u0432\u0438\u0438, \u041b\u0438\u0442\u0432\u0435 \u0438 \u042d\u0441\u0442\u043e\u043d\u0438\u0438. SIA ,,HUB ENERGY,, \u2013 official distributor of batteries ,, Q-Batteries,, in Latvia, Lithuania and Estonia.","og_url":"https:\/\/akum.lv\/ru\/prece\/6agm-305-q-batteries-6v-c20-312ah-c5-271ah-agm-traction-l295-w180-h268\/","og_site_name":"www.akum.lv","article_modified_time":"2024-04-17T09:48:19+00:00","og_image":[{"width":450,"height":450,"url":"https:\/\/akum.lv\/wp-content\/uploads\/2022\/11\/qb-6agm-305-1.jpg","type":"image\/jpeg"}],"twitter_card":"summary_large_image","schema":{"@context":"https:\/\/schema.org","@graph":[{"@type":"WebPage","@id":"https:\/\/akum.lv\/ru\/prece\/6agm-305-q-batteries-6v-c20-312ah-c5-271ah-agm-traction-l295-w180-h268\/","url":"https:\/\/akum.lv\/ru\/prece\/6agm-305-q-batteries-6v-c20-312ah-c5-271ah-agm-traction-l295-w180-h268\/","name":"6AGM-305 Q-BATTERIES 6V C20-312Ah C5-271Ah AGM Traction L295 W180 H268 - www.akum.lv","isPartOf":{"@id":"https:\/\/akum.lv\/#website"},"primaryImageOfPage":{"@id":"https:\/\/akum.lv\/ru\/prece\/6agm-305-q-batteries-6v-c20-312ah-c5-271ah-agm-traction-l295-w180-h268\/#primaryimage"},"image":{"@id":"https:\/\/akum.lv\/ru\/prece\/6agm-305-q-batteries-6v-c20-312ah-c5-271ah-agm-traction-l295-w180-h268\/#primaryimage"},"thumbnailUrl":"https:\/\/akum.lv\/wp-content\/uploads\/2022\/11\/qb-6agm-305-1.jpg","datePublished":"2022-11-22T21:11:24+00:00","dateModified":"2024-04-17T09:48:19+00:00","breadcrumb":{"@id":"https:\/\/akum.lv\/ru\/prece\/6agm-305-q-batteries-6v-c20-312ah-c5-271ah-agm-traction-l295-w180-h268\/#breadcrumb"},"inLanguage":"ru-RU","potentialAction":[{"@type":"ReadAction","target":["https:\/\/akum.lv\/ru\/prece\/6agm-305-q-batteries-6v-c20-312ah-c5-271ah-agm-traction-l295-w180-h268\/"]}]},{"@type":"ImageObject","inLanguage":"ru-RU","@id":"https:\/\/akum.lv\/ru\/prece\/6agm-305-q-batteries-6v-c20-312ah-c5-271ah-agm-traction-l295-w180-h268\/#primaryimage","url":"https:\/\/akum.lv\/wp-content\/uploads\/2022\/11\/qb-6agm-305-1.jpg","contentUrl":"https:\/\/akum.lv\/wp-content\/uploads\/2022\/11\/qb-6agm-305-1.jpg","width":450,"height":450},{"@type":"BreadcrumbList","@id":"https:\/\/akum.lv\/ru\/prece\/6agm-305-q-batteries-6v-c20-312ah-c5-271ah-agm-traction-l295-w180-h268\/#breadcrumb","itemListElement":[{"@type":"ListItem","position":1,"name":"\u0413\u043b\u0430\u0432\u043d\u0430\u044f \u0441\u0442\u0440\u0430\u043d\u0438\u0446\u0430","item":"https:\/\/akum.lv\/ru\/"},{"@type":"ListItem","position":2,"name":"PRECES","item":"https:\/\/akum.lv\/produkti-preces\/"},{"@type":"ListItem","position":3,"name":"6AGM-305 Q-BATTERIES 6V C20-312Ah C5-271Ah AGM Traction L295 W180 H268"}]},{"@type":"WebSite","@id":"https:\/\/akum.lv\/#website","url":"https:\/\/akum.lv\/","name":"www.akum.lv","description":"Akumulatoru p\u0101rdev\u0113js | \u041f\u0440\u043e\u0434\u0430\u0432\u0435\u0446 \u0430\u043a\u043a\u0443\u043c\u0443\u043b\u044f\u0442\u043e\u0440\u043e\u0432 | Battery seller","publisher":{"@id":"https:\/\/akum.lv\/#organization"},"potentialAction":[{"@type":"SearchAction","target":{"@type":"EntryPoint","urlTemplate":"https:\/\/akum.lv\/?s={search_term_string}"},"query-input":{"@type":"PropertyValueSpecification","valueRequired":true,"valueName":"search_term_string"}}],"inLanguage":"ru-RU"},{"@type":"Organization","@id":"https:\/\/akum.lv\/#organization","name":"HubEnergy","url":"https:\/\/akum.lv\/","logo":{"@type":"ImageObject","inLanguage":"ru-RU","@id":"https:\/\/akum.lv\/#\/schema\/logo\/image\/","url":"https:\/\/akum.lv\/wp-content\/uploads\/2018\/08\/Logo-hub-energy-2018-seller-dark-blue.png","contentUrl":"https:\/\/akum.lv\/wp-content\/uploads\/2018\/08\/Logo-hub-energy-2018-seller-dark-blue.png","width":381,"height":75,"caption":"HubEnergy"},"image":{"@id":"https:\/\/akum.lv\/#\/schema\/logo\/image\/"}}]}},"brands":[{"id":205,"name":"Q-Batteries","slug":"q-batteries"}],"_links":{"self":[{"href":"https:\/\/akum.lv\/ru\/wp-json\/wp\/v2\/product\/13867","targetHints":{"allow":["GET"]}}],"collection":[{"href":"https:\/\/akum.lv\/ru\/wp-json\/wp\/v2\/product"}],"about":[{"href":"https:\/\/akum.lv\/ru\/wp-json\/wp\/v2\/types\/product"}],"wp:featuredmedia":[{"embeddable":true,"href":"https:\/\/akum.lv\/ru\/wp-json\/wp\/v2\/media\/13865"}],"wp:attachment":[{"href":"https:\/\/akum.lv\/ru\/wp-json\/wp\/v2\/media?parent=13867"}],"wp:term":[{"taxonomy":"pwb-brand","embeddable":true,"href":"https:\/\/akum.lv\/ru\/wp-json\/wp\/v2\/pwb-brand?post=13867"},{"taxonomy":"product_brand","embeddable":true,"href":"https:\/\/akum.lv\/ru\/wp-json\/wp\/v2\/product_brand?post=13867"},{"taxonomy":"product_cat","embeddable":true,"href":"https:\/\/akum.lv\/ru\/wp-json\/wp\/v2\/product_cat?post=13867"},{"taxonomy":"product_tag","embeddable":true,"href":"https:\/\/akum.lv\/ru\/wp-json\/wp\/v2\/product_tag?post=13867"}],"curies":[{"name":"wp","href":"https:\/\/api.w.org\/{rel}","templated":true}]}}