{"id":13761,"date":"2022-11-11T11:51:28","date_gmt":"2022-11-11T11:51:28","guid":{"rendered":"https:\/\/akum.lv\/\u0442\u043e\u0432\u0430\u0440\/ecoflow-solar-400w-foldable-solar-panel-400w-with-carrying-case\/"},"modified":"2023-01-18T09:36:09","modified_gmt":"2023-01-18T09:36:09","slug":"ecoflow-solar-400w-foldable-solar-panel-400w-with-carrying-case","status":"publish","type":"product","link":"https:\/\/akum.lv\/ru\/prece\/ecoflow-solar-400w-foldable-solar-panel-400w-with-carrying-case\/","title":{"rendered":"EcoFlow SOLAR 400W foldable solar panel 400W with carrying case"},"content":{"rendered":"","protected":false},"excerpt":{"rendered":"<p>EcoFlow SOLAR 400W salok\u0101ms saules panelis 400W ar p\u0101rn\u0113s\u0101\u0161anas somu<br \/>\nEcoFlow SOLAR 400W foldable solar panel 400W with carrying case<br \/>\nEcoFlow SOLAR 400W c\u043a\u043b\u0430\u0434\u043d\u0430\u044f \u0441\u043e\u043b\u043d\u0435\u0447\u043d\u0430\u044f \u043f\u0430\u043d\u0435\u043b\u044c 400W \u0441 \u0447\u0435\u0445\u043b\u043e\u043c \u0434\u043b\u044f \u043f\u0435\u0440\u0435\u043d\u043e\u0441\u043a\u0438<\/p>\n<ul>\n<li class=\"no-overflow\">Dimensions (L x W x H): 2362.2 x 1056.6 x 23.9<\/li>\n<li class=\"no-overflow\">Weight: 19<\/li>\n<li class=\"no-overflow\">Product ID: 9886256<\/li>\n<\/ul>\n<p>Photovoltaic panel: 1x 400W<br \/>\nSolar cells: monocrystalline<br \/>\nMax. power voltage: 48V<br \/>\nMax power current: 11A<br \/>\nShort circuit current: 9.8A<\/p>\n","protected":false},"featured_media":13756,"template":"","meta":[],"pwb-brand":[797],"product_brand":[],"product_cat":[824,488,449],"product_tag":[],"class_list":{"0":"post-13761","1":"product","2":"type-product","3":"status-publish","4":"has-post-thumbnail","6":"pwb-brand-ecoflow-ru","7":"product_cat-portativnye-elektrostancii","8":"product_cat-green-energy","9":"product_cat-saules-paneli-sistemas","10":"pif-has-gallery","12":"first","13":"instock","14":"taxable","15":"shipping-taxable","16":"purchasable","17":"product-type-simple"},"yoast_head":"<!-- This site is optimized with the Yoast SEO plugin v26.7 - https:\/\/yoast.com\/wordpress\/plugins\/seo\/ -->\n<title>EcoFlow SOLAR 400W foldable solar panel 400W with carrying case - www.akum.lv<\/title>\n<meta name=\"robots\" content=\"index, follow, max-snippet:-1, max-image-preview:large, max-video-preview:-1\" \/>\n<link rel=\"canonical\" href=\"https:\/\/akum.lv\/ru\/prece\/ecoflow-solar-400w-foldable-solar-panel-400w-with-carrying-case\/\" \/>\n<meta property=\"og:locale\" content=\"ru_RU\" \/>\n<meta property=\"og:type\" content=\"article\" \/>\n<meta property=\"og:title\" content=\"EcoFlow SOLAR 400W foldable solar panel 400W with carrying case - www.akum.lv\" \/>\n<meta property=\"og:description\" content=\"EcoFlow SOLAR 400W salok\u0101ms saules panelis 400W ar p\u0101rn\u0113s\u0101\u0161anas somu EcoFlow SOLAR 400W foldable solar panel 400W with carrying case EcoFlow SOLAR 400W c\u043a\u043b\u0430\u0434\u043d\u0430\u044f \u0441\u043e\u043b\u043d\u0435\u0447\u043d\u0430\u044f \u043f\u0430\u043d\u0435\u043b\u044c 400W \u0441 \u0447\u0435\u0445\u043b\u043e\u043c \u0434\u043b\u044f \u043f\u0435\u0440\u0435\u043d\u043e\u0441\u043a\u0438   Dimensions (L x W x H): 2362.2 x 1056.6 x 23.9  Weight: 19  Product ID: 9886256  Photovoltaic panel: 1x 400W Solar cells: monocrystalline Max. power voltage: 48V Max power current: 11A Short circuit current: 9.8A\" \/>\n<meta property=\"og:url\" content=\"https:\/\/akum.lv\/ru\/prece\/ecoflow-solar-400w-foldable-solar-panel-400w-with-carrying-case\/\" \/>\n<meta property=\"og:site_name\" content=\"www.akum.lv\" \/>\n<meta property=\"article:modified_time\" content=\"2023-01-18T09:36:09+00:00\" \/>\n<meta property=\"og:image\" content=\"https:\/\/akum.lv\/wp-content\/uploads\/2022\/11\/EcoFlow-SOLAR400W.jpg\" \/>\n\t<meta property=\"og:image:width\" content=\"600\" \/>\n\t<meta property=\"og:image:height\" content=\"267\" \/>\n\t<meta property=\"og:image:type\" content=\"image\/jpeg\" \/>\n<meta name=\"twitter:card\" content=\"summary_large_image\" \/>\n<script type=\"application\/ld+json\" class=\"yoast-schema-graph\">{\"@context\":\"https:\/\/schema.org\",\"@graph\":[{\"@type\":\"WebPage\",\"@id\":\"https:\/\/akum.lv\/ru\/prece\/ecoflow-solar-400w-foldable-solar-panel-400w-with-carrying-case\/\",\"url\":\"https:\/\/akum.lv\/ru\/prece\/ecoflow-solar-400w-foldable-solar-panel-400w-with-carrying-case\/\",\"name\":\"EcoFlow SOLAR 400W foldable solar panel 400W with carrying case - www.akum.lv\",\"isPartOf\":{\"@id\":\"https:\/\/akum.lv\/#website\"},\"primaryImageOfPage\":{\"@id\":\"https:\/\/akum.lv\/ru\/prece\/ecoflow-solar-400w-foldable-solar-panel-400w-with-carrying-case\/#primaryimage\"},\"image\":{\"@id\":\"https:\/\/akum.lv\/ru\/prece\/ecoflow-solar-400w-foldable-solar-panel-400w-with-carrying-case\/#primaryimage\"},\"thumbnailUrl\":\"https:\/\/akum.lv\/wp-content\/uploads\/2022\/11\/EcoFlow-SOLAR400W.jpg\",\"datePublished\":\"2022-11-11T11:51:28+00:00\",\"dateModified\":\"2023-01-18T09:36:09+00:00\",\"breadcrumb\":{\"@id\":\"https:\/\/akum.lv\/ru\/prece\/ecoflow-solar-400w-foldable-solar-panel-400w-with-carrying-case\/#breadcrumb\"},\"inLanguage\":\"ru-RU\",\"potentialAction\":[{\"@type\":\"ReadAction\",\"target\":[\"https:\/\/akum.lv\/ru\/prece\/ecoflow-solar-400w-foldable-solar-panel-400w-with-carrying-case\/\"]}]},{\"@type\":\"ImageObject\",\"inLanguage\":\"ru-RU\",\"@id\":\"https:\/\/akum.lv\/ru\/prece\/ecoflow-solar-400w-foldable-solar-panel-400w-with-carrying-case\/#primaryimage\",\"url\":\"https:\/\/akum.lv\/wp-content\/uploads\/2022\/11\/EcoFlow-SOLAR400W.jpg\",\"contentUrl\":\"https:\/\/akum.lv\/wp-content\/uploads\/2022\/11\/EcoFlow-SOLAR400W.jpg\",\"width\":600,\"height\":267},{\"@type\":\"BreadcrumbList\",\"@id\":\"https:\/\/akum.lv\/ru\/prece\/ecoflow-solar-400w-foldable-solar-panel-400w-with-carrying-case\/#breadcrumb\",\"itemListElement\":[{\"@type\":\"ListItem\",\"position\":1,\"name\":\"\u0413\u043b\u0430\u0432\u043d\u0430\u044f \u0441\u0442\u0440\u0430\u043d\u0438\u0446\u0430\",\"item\":\"https:\/\/akum.lv\/ru\/\"},{\"@type\":\"ListItem\",\"position\":2,\"name\":\"PRECES\",\"item\":\"https:\/\/akum.lv\/produkti-preces\/\"},{\"@type\":\"ListItem\",\"position\":3,\"name\":\"EcoFlow SOLAR 400W foldable solar panel 400W with carrying case\"}]},{\"@type\":\"WebSite\",\"@id\":\"https:\/\/akum.lv\/#website\",\"url\":\"https:\/\/akum.lv\/\",\"name\":\"www.akum.lv\",\"description\":\"Akumulatoru p\u0101rdev\u0113js | \u041f\u0440\u043e\u0434\u0430\u0432\u0435\u0446 \u0430\u043a\u043a\u0443\u043c\u0443\u043b\u044f\u0442\u043e\u0440\u043e\u0432 | Battery seller\",\"publisher\":{\"@id\":\"https:\/\/akum.lv\/#organization\"},\"potentialAction\":[{\"@type\":\"SearchAction\",\"target\":{\"@type\":\"EntryPoint\",\"urlTemplate\":\"https:\/\/akum.lv\/?s={search_term_string}\"},\"query-input\":{\"@type\":\"PropertyValueSpecification\",\"valueRequired\":true,\"valueName\":\"search_term_string\"}}],\"inLanguage\":\"ru-RU\"},{\"@type\":\"Organization\",\"@id\":\"https:\/\/akum.lv\/#organization\",\"name\":\"HubEnergy\",\"url\":\"https:\/\/akum.lv\/\",\"logo\":{\"@type\":\"ImageObject\",\"inLanguage\":\"ru-RU\",\"@id\":\"https:\/\/akum.lv\/#\/schema\/logo\/image\/\",\"url\":\"https:\/\/akum.lv\/wp-content\/uploads\/2018\/08\/Logo-hub-energy-2018-seller-dark-blue.png\",\"contentUrl\":\"https:\/\/akum.lv\/wp-content\/uploads\/2018\/08\/Logo-hub-energy-2018-seller-dark-blue.png\",\"width\":381,\"height\":75,\"caption\":\"HubEnergy\"},\"image\":{\"@id\":\"https:\/\/akum.lv\/#\/schema\/logo\/image\/\"}}]}<\/script>\n<!-- \/ Yoast SEO plugin. -->","yoast_head_json":{"title":"EcoFlow SOLAR 400W foldable solar panel 400W with carrying case - www.akum.lv","robots":{"index":"index","follow":"follow","max-snippet":"max-snippet:-1","max-image-preview":"max-image-preview:large","max-video-preview":"max-video-preview:-1"},"canonical":"https:\/\/akum.lv\/ru\/prece\/ecoflow-solar-400w-foldable-solar-panel-400w-with-carrying-case\/","og_locale":"ru_RU","og_type":"article","og_title":"EcoFlow SOLAR 400W foldable solar panel 400W with carrying case - www.akum.lv","og_description":"EcoFlow SOLAR 400W salok\u0101ms saules panelis 400W ar p\u0101rn\u0113s\u0101\u0161anas somu EcoFlow SOLAR 400W foldable solar panel 400W with carrying case EcoFlow SOLAR 400W c\u043a\u043b\u0430\u0434\u043d\u0430\u044f \u0441\u043e\u043b\u043d\u0435\u0447\u043d\u0430\u044f \u043f\u0430\u043d\u0435\u043b\u044c 400W \u0441 \u0447\u0435\u0445\u043b\u043e\u043c \u0434\u043b\u044f \u043f\u0435\u0440\u0435\u043d\u043e\u0441\u043a\u0438   Dimensions (L x W x H): 2362.2 x 1056.6 x 23.9  Weight: 19  Product ID: 9886256  Photovoltaic panel: 1x 400W Solar cells: monocrystalline Max. power voltage: 48V Max power current: 11A Short circuit current: 9.8A","og_url":"https:\/\/akum.lv\/ru\/prece\/ecoflow-solar-400w-foldable-solar-panel-400w-with-carrying-case\/","og_site_name":"www.akum.lv","article_modified_time":"2023-01-18T09:36:09+00:00","og_image":[{"width":600,"height":267,"url":"https:\/\/akum.lv\/wp-content\/uploads\/2022\/11\/EcoFlow-SOLAR400W.jpg","type":"image\/jpeg"}],"twitter_card":"summary_large_image","schema":{"@context":"https:\/\/schema.org","@graph":[{"@type":"WebPage","@id":"https:\/\/akum.lv\/ru\/prece\/ecoflow-solar-400w-foldable-solar-panel-400w-with-carrying-case\/","url":"https:\/\/akum.lv\/ru\/prece\/ecoflow-solar-400w-foldable-solar-panel-400w-with-carrying-case\/","name":"EcoFlow SOLAR 400W foldable solar panel 400W with carrying case - www.akum.lv","isPartOf":{"@id":"https:\/\/akum.lv\/#website"},"primaryImageOfPage":{"@id":"https:\/\/akum.lv\/ru\/prece\/ecoflow-solar-400w-foldable-solar-panel-400w-with-carrying-case\/#primaryimage"},"image":{"@id":"https:\/\/akum.lv\/ru\/prece\/ecoflow-solar-400w-foldable-solar-panel-400w-with-carrying-case\/#primaryimage"},"thumbnailUrl":"https:\/\/akum.lv\/wp-content\/uploads\/2022\/11\/EcoFlow-SOLAR400W.jpg","datePublished":"2022-11-11T11:51:28+00:00","dateModified":"2023-01-18T09:36:09+00:00","breadcrumb":{"@id":"https:\/\/akum.lv\/ru\/prece\/ecoflow-solar-400w-foldable-solar-panel-400w-with-carrying-case\/#breadcrumb"},"inLanguage":"ru-RU","potentialAction":[{"@type":"ReadAction","target":["https:\/\/akum.lv\/ru\/prece\/ecoflow-solar-400w-foldable-solar-panel-400w-with-carrying-case\/"]}]},{"@type":"ImageObject","inLanguage":"ru-RU","@id":"https:\/\/akum.lv\/ru\/prece\/ecoflow-solar-400w-foldable-solar-panel-400w-with-carrying-case\/#primaryimage","url":"https:\/\/akum.lv\/wp-content\/uploads\/2022\/11\/EcoFlow-SOLAR400W.jpg","contentUrl":"https:\/\/akum.lv\/wp-content\/uploads\/2022\/11\/EcoFlow-SOLAR400W.jpg","width":600,"height":267},{"@type":"BreadcrumbList","@id":"https:\/\/akum.lv\/ru\/prece\/ecoflow-solar-400w-foldable-solar-panel-400w-with-carrying-case\/#breadcrumb","itemListElement":[{"@type":"ListItem","position":1,"name":"\u0413\u043b\u0430\u0432\u043d\u0430\u044f \u0441\u0442\u0440\u0430\u043d\u0438\u0446\u0430","item":"https:\/\/akum.lv\/ru\/"},{"@type":"ListItem","position":2,"name":"PRECES","item":"https:\/\/akum.lv\/produkti-preces\/"},{"@type":"ListItem","position":3,"name":"EcoFlow SOLAR 400W foldable solar panel 400W with carrying case"}]},{"@type":"WebSite","@id":"https:\/\/akum.lv\/#website","url":"https:\/\/akum.lv\/","name":"www.akum.lv","description":"Akumulatoru p\u0101rdev\u0113js | \u041f\u0440\u043e\u0434\u0430\u0432\u0435\u0446 \u0430\u043a\u043a\u0443\u043c\u0443\u043b\u044f\u0442\u043e\u0440\u043e\u0432 | Battery seller","publisher":{"@id":"https:\/\/akum.lv\/#organization"},"potentialAction":[{"@type":"SearchAction","target":{"@type":"EntryPoint","urlTemplate":"https:\/\/akum.lv\/?s={search_term_string}"},"query-input":{"@type":"PropertyValueSpecification","valueRequired":true,"valueName":"search_term_string"}}],"inLanguage":"ru-RU"},{"@type":"Organization","@id":"https:\/\/akum.lv\/#organization","name":"HubEnergy","url":"https:\/\/akum.lv\/","logo":{"@type":"ImageObject","inLanguage":"ru-RU","@id":"https:\/\/akum.lv\/#\/schema\/logo\/image\/","url":"https:\/\/akum.lv\/wp-content\/uploads\/2018\/08\/Logo-hub-energy-2018-seller-dark-blue.png","contentUrl":"https:\/\/akum.lv\/wp-content\/uploads\/2018\/08\/Logo-hub-energy-2018-seller-dark-blue.png","width":381,"height":75,"caption":"HubEnergy"},"image":{"@id":"https:\/\/akum.lv\/#\/schema\/logo\/image\/"}}]}},"brands":[{"id":797,"name":"EcoFlow","slug":"ecoflow-ru"}],"_links":{"self":[{"href":"https:\/\/akum.lv\/ru\/wp-json\/wp\/v2\/product\/13761","targetHints":{"allow":["GET"]}}],"collection":[{"href":"https:\/\/akum.lv\/ru\/wp-json\/wp\/v2\/product"}],"about":[{"href":"https:\/\/akum.lv\/ru\/wp-json\/wp\/v2\/types\/product"}],"wp:featuredmedia":[{"embeddable":true,"href":"https:\/\/akum.lv\/ru\/wp-json\/wp\/v2\/media\/13756"}],"wp:attachment":[{"href":"https:\/\/akum.lv\/ru\/wp-json\/wp\/v2\/media?parent=13761"}],"wp:term":[{"taxonomy":"pwb-brand","embeddable":true,"href":"https:\/\/akum.lv\/ru\/wp-json\/wp\/v2\/pwb-brand?post=13761"},{"taxonomy":"product_brand","embeddable":true,"href":"https:\/\/akum.lv\/ru\/wp-json\/wp\/v2\/product_brand?post=13761"},{"taxonomy":"product_cat","embeddable":true,"href":"https:\/\/akum.lv\/ru\/wp-json\/wp\/v2\/product_cat?post=13761"},{"taxonomy":"product_tag","embeddable":true,"href":"https:\/\/akum.lv\/ru\/wp-json\/wp\/v2\/product_tag?post=13761"}],"curies":[{"name":"wp","href":"https:\/\/api.w.org\/{rel}","templated":true}]}}