{"id":13733,"date":"2022-11-08T13:12:45","date_gmt":"2022-11-08T13:12:45","guid":{"rendered":"https:\/\/akum.lv\/\u0442\u043e\u0432\u0430\u0440\/ecoflow-delta-max-2000-portable-power-station-2016wh\/"},"modified":"2023-01-18T09:51:13","modified_gmt":"2023-01-18T09:51:13","slug":"ecoflow-delta-max-2000-portable-power-station-2016wh","status":"publish","type":"product","link":"https:\/\/akum.lv\/ru\/prece\/ecoflow-delta-max-2000-portable-power-station-2016wh\/","title":{"rendered":"EcoFlow DELTA Max 2000 portable power station 2016Wh"},"content":{"rendered":"","protected":false},"excerpt":{"rendered":"<p>P\u0101rn\u0113s\u0101jama sp\u0113kstacija EcoFlow DELTA Max 2000 \/ 2016Wh<br \/>\n\u041f\u043e\u0440\u0442\u0430\u0442\u0438\u0432\u043d\u0430\u044f \u044d\u043b\u0435\u043a\u0442\u0440\u043e\u0441\u0442\u0430\u043d\u0446\u0438\u044f EcoFlow DELTA Max 2000 \/ 2016\u0412\u0442\u0447<\/p>\n<p><strong><a href=\"https:\/\/uk.ecoflow.com\/\">https:\/\/uk.ecoflow.com\/<\/a><\/strong><\/p>\n<p><span style=\"color: #ff0000;\"><strong>EcoFlow DELTA Max 1600 \/ 1612Wh \u2013 Cena 1730,00 EUR ar PVN<\/strong><\/span><br \/>\n<span style=\"color: #ff0000;\"><strong>EcoFlow DELTA Max 2000 \/ 2016Wh \u2013 Cena 2200,00 EUR ar PVN<\/strong><\/span><\/p>\n<p>Specs of DELTA Max (2000)<br \/>\nNet Weight \/ Approx. 48 lbs (22 kg)<br \/>\nDimension \/ 19.6 x 9.5 x 12 in (49.7 x 24.2 x 30.5 cm)<br \/>\nCharge Temperature \/ 32 to 113\u00b0F (0 to 45\u00b0C)<br \/>\nDischarge Temperature \/ -4 to 113\u00b0F (-20 to 45\u00b0C)<br \/>\nWarranty \/ 24 months<br \/>\nCharge Method \/ AC Wall Outlet, 12V Car Adaptor, Solar Panel, Smart Generator, Smart Extra Battery<br \/>\nFull Recharge Time \/ 1.6 Hours (AC) 21 Hours (12V Car Charger) 5.6 11.2 Hours (Using 4x 110W Solar Panels) 4.2-8.4 Hours (Using 4x 160W Solar Panels) 3.2-6.3 Hours (Using 2x 400W Solar Panels)<br \/>\nCapacity \/ 2016Wh<br \/>\nCell Chemistry \/ NCM<br \/>\nCycle life \/ 800 cycles to 80%+ capacity<br \/>\nManagement Systems \/ BMS, Over Voltage Protection, Overload Protection, Over Temperature Protection, Short Circuit Protection, Low Temperature Protection, Low Voltage Protection, Overcurrent Protection<br \/>\nTesting and Certification \/ CE WEEE CTP RCM KC<br \/>\nAC Charge Input (Power) \/ X-Stream charge (2000W max)<br \/>\nAC Charge Input (Voltage and Amperage) \/ 220-240V~50Hz\/60Hz, 10A<br \/>\nSolar Charge Input \/ 11-100V 13A Max, 800W max<br \/>\nCar Charge Input Supports \/ 12V\/24V Battery, Default 8A AC Output (x4) Pure Sine Wave, 2400W total (surge 4600W), 230V~ (50Hz\/60Hz)<br \/>\nMax Device(s) Power Supported by X-Boost \/ 3000W USB-A Output (x2) 5V 2.4A, 12W max, per port USB-A Fast Charge (x2) 5V\/2.4A, 9V\/2A, 12V\/1.5A, 18W Max<br \/>\nUSB-C Output (x2) \/ 5\/9\/12\/15\/20V 5A, 100W max<br \/>\nCar Charger Output (x1) \/ 12.6V\/10A, 126W max<br \/>\nDC5521 Output (x2) \/ 12.6V\/3A, per port<br \/>\nSmart Extra Battery \/ Supports up to 2 DELTA Max Smart Extra Batteries (sold separately)<br \/>\nSmart Generator \/ Supported (sold separately)<br \/>\nWi-Fi \/ Supported<\/p>\n","protected":false},"featured_media":13728,"template":"","meta":[],"pwb-brand":[797],"product_brand":[],"product_cat":[824,488],"product_tag":[],"class_list":{"0":"post-13733","1":"product","2":"type-product","3":"status-publish","4":"has-post-thumbnail","6":"pwb-brand-ecoflow-ru","7":"product_cat-portativnye-elektrostancii","8":"product_cat-green-energy","9":"pif-has-gallery","11":"first","12":"instock","13":"taxable","14":"shipping-taxable","15":"purchasable","16":"product-type-simple"},"yoast_head":"<!-- This site is optimized with the Yoast SEO plugin v26.7 - https:\/\/yoast.com\/wordpress\/plugins\/seo\/ -->\n<title>EcoFlow DELTA Max 2000 portable power station 2016Wh - www.akum.lv<\/title>\n<meta name=\"robots\" content=\"index, follow, max-snippet:-1, max-image-preview:large, max-video-preview:-1\" \/>\n<link rel=\"canonical\" href=\"https:\/\/akum.lv\/ru\/prece\/ecoflow-delta-max-2000-portable-power-station-2016wh\/\" \/>\n<meta property=\"og:locale\" content=\"ru_RU\" \/>\n<meta property=\"og:type\" content=\"article\" \/>\n<meta property=\"og:title\" content=\"EcoFlow DELTA Max 2000 portable power station 2016Wh - www.akum.lv\" \/>\n<meta property=\"og:description\" content=\"P\u0101rn\u0113s\u0101jama sp\u0113kstacija EcoFlow DELTA Max 2000 \/ 2016Wh \u041f\u043e\u0440\u0442\u0430\u0442\u0438\u0432\u043d\u0430\u044f \u044d\u043b\u0435\u043a\u0442\u0440\u043e\u0441\u0442\u0430\u043d\u0446\u0438\u044f EcoFlow DELTA Max 2000 \/ 2016\u0412\u0442\u0447  https:\/\/uk.ecoflow.com\/  EcoFlow DELTA Max 1600 \/ 1612Wh \u2013 Cena 1730,00 EUR ar PVN EcoFlow DELTA Max 2000 \/ 2016Wh \u2013 Cena 2200,00 EUR ar PVN  Specs of DELTA Max (2000) Net Weight \/ Approx. 48 lbs (22 kg) Dimension \/ 19.6 x 9.5 x 12 in (49.7 x 24.2 x 30.5 cm) Charge Temperature \/ 32 to 113\u00b0F (0 to 45\u00b0C) Discharge Temperature \/ -4 to 113\u00b0F (-20 to 45\u00b0C) Warranty \/ 24 months Charge Method \/ AC Wall Outlet, 12V Car Adaptor, Solar Panel, Smart Generator, Smart Extra Battery Full Recharge Time \/ 1.6 Hours (AC) 21 Hours (12V Car Charger) 5.6 11.2 Hours (Using 4x 110W Solar Panels) 4.2-8.4 Hours (Using 4x 160W Solar Panels) 3.2-6.3 Hours (Using 2x 400W Solar Panels) Capacity \/ 2016Wh Cell Chemistry \/ NCM Cycle life \/ 800 cycles to 80%+ capacity Management Systems \/ BMS, Over Voltage Protection, Overload Protection, Over Temperature Protection, Short Circuit Protection, Low Temperature Protection, Low Voltage Protection, Overcurrent Protection Testing and Certification \/ CE WEEE CTP RCM KC AC Charge Input (Power) \/ X-Stream charge (2000W max) AC Charge Input (Voltage and Amperage) \/ 220-240V~50Hz\/60Hz, 10A Solar Charge Input \/ 11-100V 13A Max, 800W max Car Charge Input Supports \/ 12V\/24V Battery, Default 8A AC Output (x4) Pure Sine Wave, 2400W total (surge 4600W), 230V~ (50Hz\/60Hz) Max Device(s) Power Supported by X-Boost \/ 3000W USB-A Output (x2) 5V 2.4A, 12W max, per port USB-A Fast Charge (x2) 5V\/2.4A, 9V\/2A, 12V\/1.5A, 18W Max USB-C Output (x2) \/ 5\/9\/12\/15\/20V 5A, 100W max Car Charger Output (x1) \/ 12.6V\/10A, 126W max DC5521 Output (x2) \/ 12.6V\/3A, per port Smart Extra Battery \/ Supports up to 2 DELTA Max Smart Extra Batteries (sold separately) Smart Generator \/ Supported (sold separately) Wi-Fi \/ Supported\" \/>\n<meta property=\"og:url\" content=\"https:\/\/akum.lv\/ru\/prece\/ecoflow-delta-max-2000-portable-power-station-2016wh\/\" \/>\n<meta property=\"og:site_name\" content=\"www.akum.lv\" \/>\n<meta property=\"article:modified_time\" content=\"2023-01-18T09:51:13+00:00\" \/>\n<meta property=\"og:image\" content=\"https:\/\/akum.lv\/wp-content\/uploads\/2022\/11\/EcoFlow-2000.jpg\" \/>\n\t<meta property=\"og:image:width\" content=\"374\" \/>\n\t<meta property=\"og:image:height\" content=\"465\" \/>\n\t<meta property=\"og:image:type\" content=\"image\/jpeg\" \/>\n<meta name=\"twitter:card\" content=\"summary_large_image\" \/>\n<script type=\"application\/ld+json\" class=\"yoast-schema-graph\">{\"@context\":\"https:\/\/schema.org\",\"@graph\":[{\"@type\":\"WebPage\",\"@id\":\"https:\/\/akum.lv\/ru\/prece\/ecoflow-delta-max-2000-portable-power-station-2016wh\/\",\"url\":\"https:\/\/akum.lv\/ru\/prece\/ecoflow-delta-max-2000-portable-power-station-2016wh\/\",\"name\":\"EcoFlow DELTA Max 2000 portable power station 2016Wh - www.akum.lv\",\"isPartOf\":{\"@id\":\"https:\/\/akum.lv\/#website\"},\"primaryImageOfPage\":{\"@id\":\"https:\/\/akum.lv\/ru\/prece\/ecoflow-delta-max-2000-portable-power-station-2016wh\/#primaryimage\"},\"image\":{\"@id\":\"https:\/\/akum.lv\/ru\/prece\/ecoflow-delta-max-2000-portable-power-station-2016wh\/#primaryimage\"},\"thumbnailUrl\":\"https:\/\/akum.lv\/wp-content\/uploads\/2022\/11\/EcoFlow-2000.jpg\",\"datePublished\":\"2022-11-08T13:12:45+00:00\",\"dateModified\":\"2023-01-18T09:51:13+00:00\",\"breadcrumb\":{\"@id\":\"https:\/\/akum.lv\/ru\/prece\/ecoflow-delta-max-2000-portable-power-station-2016wh\/#breadcrumb\"},\"inLanguage\":\"ru-RU\",\"potentialAction\":[{\"@type\":\"ReadAction\",\"target\":[\"https:\/\/akum.lv\/ru\/prece\/ecoflow-delta-max-2000-portable-power-station-2016wh\/\"]}]},{\"@type\":\"ImageObject\",\"inLanguage\":\"ru-RU\",\"@id\":\"https:\/\/akum.lv\/ru\/prece\/ecoflow-delta-max-2000-portable-power-station-2016wh\/#primaryimage\",\"url\":\"https:\/\/akum.lv\/wp-content\/uploads\/2022\/11\/EcoFlow-2000.jpg\",\"contentUrl\":\"https:\/\/akum.lv\/wp-content\/uploads\/2022\/11\/EcoFlow-2000.jpg\",\"width\":374,\"height\":465},{\"@type\":\"BreadcrumbList\",\"@id\":\"https:\/\/akum.lv\/ru\/prece\/ecoflow-delta-max-2000-portable-power-station-2016wh\/#breadcrumb\",\"itemListElement\":[{\"@type\":\"ListItem\",\"position\":1,\"name\":\"\u0413\u043b\u0430\u0432\u043d\u0430\u044f \u0441\u0442\u0440\u0430\u043d\u0438\u0446\u0430\",\"item\":\"https:\/\/akum.lv\/ru\/\"},{\"@type\":\"ListItem\",\"position\":2,\"name\":\"PRECES\",\"item\":\"https:\/\/akum.lv\/produkti-preces\/\"},{\"@type\":\"ListItem\",\"position\":3,\"name\":\"EcoFlow DELTA Max 2000 portable power station 2016Wh\"}]},{\"@type\":\"WebSite\",\"@id\":\"https:\/\/akum.lv\/#website\",\"url\":\"https:\/\/akum.lv\/\",\"name\":\"www.akum.lv\",\"description\":\"Akumulatoru p\u0101rdev\u0113js | \u041f\u0440\u043e\u0434\u0430\u0432\u0435\u0446 \u0430\u043a\u043a\u0443\u043c\u0443\u043b\u044f\u0442\u043e\u0440\u043e\u0432 | Battery seller\",\"publisher\":{\"@id\":\"https:\/\/akum.lv\/#organization\"},\"potentialAction\":[{\"@type\":\"SearchAction\",\"target\":{\"@type\":\"EntryPoint\",\"urlTemplate\":\"https:\/\/akum.lv\/?s={search_term_string}\"},\"query-input\":{\"@type\":\"PropertyValueSpecification\",\"valueRequired\":true,\"valueName\":\"search_term_string\"}}],\"inLanguage\":\"ru-RU\"},{\"@type\":\"Organization\",\"@id\":\"https:\/\/akum.lv\/#organization\",\"name\":\"HubEnergy\",\"url\":\"https:\/\/akum.lv\/\",\"logo\":{\"@type\":\"ImageObject\",\"inLanguage\":\"ru-RU\",\"@id\":\"https:\/\/akum.lv\/#\/schema\/logo\/image\/\",\"url\":\"https:\/\/akum.lv\/wp-content\/uploads\/2018\/08\/Logo-hub-energy-2018-seller-dark-blue.png\",\"contentUrl\":\"https:\/\/akum.lv\/wp-content\/uploads\/2018\/08\/Logo-hub-energy-2018-seller-dark-blue.png\",\"width\":381,\"height\":75,\"caption\":\"HubEnergy\"},\"image\":{\"@id\":\"https:\/\/akum.lv\/#\/schema\/logo\/image\/\"}}]}<\/script>\n<!-- \/ Yoast SEO plugin. -->","yoast_head_json":{"title":"EcoFlow DELTA Max 2000 portable power station 2016Wh - www.akum.lv","robots":{"index":"index","follow":"follow","max-snippet":"max-snippet:-1","max-image-preview":"max-image-preview:large","max-video-preview":"max-video-preview:-1"},"canonical":"https:\/\/akum.lv\/ru\/prece\/ecoflow-delta-max-2000-portable-power-station-2016wh\/","og_locale":"ru_RU","og_type":"article","og_title":"EcoFlow DELTA Max 2000 portable power station 2016Wh - www.akum.lv","og_description":"P\u0101rn\u0113s\u0101jama sp\u0113kstacija EcoFlow DELTA Max 2000 \/ 2016Wh \u041f\u043e\u0440\u0442\u0430\u0442\u0438\u0432\u043d\u0430\u044f \u044d\u043b\u0435\u043a\u0442\u0440\u043e\u0441\u0442\u0430\u043d\u0446\u0438\u044f EcoFlow DELTA Max 2000 \/ 2016\u0412\u0442\u0447  https:\/\/uk.ecoflow.com\/  EcoFlow DELTA Max 1600 \/ 1612Wh \u2013 Cena 1730,00 EUR ar PVN EcoFlow DELTA Max 2000 \/ 2016Wh \u2013 Cena 2200,00 EUR ar PVN  Specs of DELTA Max (2000) Net Weight \/ Approx. 48 lbs (22 kg) Dimension \/ 19.6 x 9.5 x 12 in (49.7 x 24.2 x 30.5 cm) Charge Temperature \/ 32 to 113\u00b0F (0 to 45\u00b0C) Discharge Temperature \/ -4 to 113\u00b0F (-20 to 45\u00b0C) Warranty \/ 24 months Charge Method \/ AC Wall Outlet, 12V Car Adaptor, Solar Panel, Smart Generator, Smart Extra Battery Full Recharge Time \/ 1.6 Hours (AC) 21 Hours (12V Car Charger) 5.6 11.2 Hours (Using 4x 110W Solar Panels) 4.2-8.4 Hours (Using 4x 160W Solar Panels) 3.2-6.3 Hours (Using 2x 400W Solar Panels) Capacity \/ 2016Wh Cell Chemistry \/ NCM Cycle life \/ 800 cycles to 80%+ capacity Management Systems \/ BMS, Over Voltage Protection, Overload Protection, Over Temperature Protection, Short Circuit Protection, Low Temperature Protection, Low Voltage Protection, Overcurrent Protection Testing and Certification \/ CE WEEE CTP RCM KC AC Charge Input (Power) \/ X-Stream charge (2000W max) AC Charge Input (Voltage and Amperage) \/ 220-240V~50Hz\/60Hz, 10A Solar Charge Input \/ 11-100V 13A Max, 800W max Car Charge Input Supports \/ 12V\/24V Battery, Default 8A AC Output (x4) Pure Sine Wave, 2400W total (surge 4600W), 230V~ (50Hz\/60Hz) Max Device(s) Power Supported by X-Boost \/ 3000W USB-A Output (x2) 5V 2.4A, 12W max, per port USB-A Fast Charge (x2) 5V\/2.4A, 9V\/2A, 12V\/1.5A, 18W Max USB-C Output (x2) \/ 5\/9\/12\/15\/20V 5A, 100W max Car Charger Output (x1) \/ 12.6V\/10A, 126W max DC5521 Output (x2) \/ 12.6V\/3A, per port Smart Extra Battery \/ Supports up to 2 DELTA Max Smart Extra Batteries (sold separately) Smart Generator \/ Supported (sold separately) Wi-Fi \/ Supported","og_url":"https:\/\/akum.lv\/ru\/prece\/ecoflow-delta-max-2000-portable-power-station-2016wh\/","og_site_name":"www.akum.lv","article_modified_time":"2023-01-18T09:51:13+00:00","og_image":[{"width":374,"height":465,"url":"https:\/\/akum.lv\/wp-content\/uploads\/2022\/11\/EcoFlow-2000.jpg","type":"image\/jpeg"}],"twitter_card":"summary_large_image","schema":{"@context":"https:\/\/schema.org","@graph":[{"@type":"WebPage","@id":"https:\/\/akum.lv\/ru\/prece\/ecoflow-delta-max-2000-portable-power-station-2016wh\/","url":"https:\/\/akum.lv\/ru\/prece\/ecoflow-delta-max-2000-portable-power-station-2016wh\/","name":"EcoFlow DELTA Max 2000 portable power station 2016Wh - www.akum.lv","isPartOf":{"@id":"https:\/\/akum.lv\/#website"},"primaryImageOfPage":{"@id":"https:\/\/akum.lv\/ru\/prece\/ecoflow-delta-max-2000-portable-power-station-2016wh\/#primaryimage"},"image":{"@id":"https:\/\/akum.lv\/ru\/prece\/ecoflow-delta-max-2000-portable-power-station-2016wh\/#primaryimage"},"thumbnailUrl":"https:\/\/akum.lv\/wp-content\/uploads\/2022\/11\/EcoFlow-2000.jpg","datePublished":"2022-11-08T13:12:45+00:00","dateModified":"2023-01-18T09:51:13+00:00","breadcrumb":{"@id":"https:\/\/akum.lv\/ru\/prece\/ecoflow-delta-max-2000-portable-power-station-2016wh\/#breadcrumb"},"inLanguage":"ru-RU","potentialAction":[{"@type":"ReadAction","target":["https:\/\/akum.lv\/ru\/prece\/ecoflow-delta-max-2000-portable-power-station-2016wh\/"]}]},{"@type":"ImageObject","inLanguage":"ru-RU","@id":"https:\/\/akum.lv\/ru\/prece\/ecoflow-delta-max-2000-portable-power-station-2016wh\/#primaryimage","url":"https:\/\/akum.lv\/wp-content\/uploads\/2022\/11\/EcoFlow-2000.jpg","contentUrl":"https:\/\/akum.lv\/wp-content\/uploads\/2022\/11\/EcoFlow-2000.jpg","width":374,"height":465},{"@type":"BreadcrumbList","@id":"https:\/\/akum.lv\/ru\/prece\/ecoflow-delta-max-2000-portable-power-station-2016wh\/#breadcrumb","itemListElement":[{"@type":"ListItem","position":1,"name":"\u0413\u043b\u0430\u0432\u043d\u0430\u044f \u0441\u0442\u0440\u0430\u043d\u0438\u0446\u0430","item":"https:\/\/akum.lv\/ru\/"},{"@type":"ListItem","position":2,"name":"PRECES","item":"https:\/\/akum.lv\/produkti-preces\/"},{"@type":"ListItem","position":3,"name":"EcoFlow DELTA Max 2000 portable power station 2016Wh"}]},{"@type":"WebSite","@id":"https:\/\/akum.lv\/#website","url":"https:\/\/akum.lv\/","name":"www.akum.lv","description":"Akumulatoru p\u0101rdev\u0113js | \u041f\u0440\u043e\u0434\u0430\u0432\u0435\u0446 \u0430\u043a\u043a\u0443\u043c\u0443\u043b\u044f\u0442\u043e\u0440\u043e\u0432 | Battery seller","publisher":{"@id":"https:\/\/akum.lv\/#organization"},"potentialAction":[{"@type":"SearchAction","target":{"@type":"EntryPoint","urlTemplate":"https:\/\/akum.lv\/?s={search_term_string}"},"query-input":{"@type":"PropertyValueSpecification","valueRequired":true,"valueName":"search_term_string"}}],"inLanguage":"ru-RU"},{"@type":"Organization","@id":"https:\/\/akum.lv\/#organization","name":"HubEnergy","url":"https:\/\/akum.lv\/","logo":{"@type":"ImageObject","inLanguage":"ru-RU","@id":"https:\/\/akum.lv\/#\/schema\/logo\/image\/","url":"https:\/\/akum.lv\/wp-content\/uploads\/2018\/08\/Logo-hub-energy-2018-seller-dark-blue.png","contentUrl":"https:\/\/akum.lv\/wp-content\/uploads\/2018\/08\/Logo-hub-energy-2018-seller-dark-blue.png","width":381,"height":75,"caption":"HubEnergy"},"image":{"@id":"https:\/\/akum.lv\/#\/schema\/logo\/image\/"}}]}},"brands":[{"id":797,"name":"EcoFlow","slug":"ecoflow-ru"}],"_links":{"self":[{"href":"https:\/\/akum.lv\/ru\/wp-json\/wp\/v2\/product\/13733","targetHints":{"allow":["GET"]}}],"collection":[{"href":"https:\/\/akum.lv\/ru\/wp-json\/wp\/v2\/product"}],"about":[{"href":"https:\/\/akum.lv\/ru\/wp-json\/wp\/v2\/types\/product"}],"wp:featuredmedia":[{"embeddable":true,"href":"https:\/\/akum.lv\/ru\/wp-json\/wp\/v2\/media\/13728"}],"wp:attachment":[{"href":"https:\/\/akum.lv\/ru\/wp-json\/wp\/v2\/media?parent=13733"}],"wp:term":[{"taxonomy":"pwb-brand","embeddable":true,"href":"https:\/\/akum.lv\/ru\/wp-json\/wp\/v2\/pwb-brand?post=13733"},{"taxonomy":"product_brand","embeddable":true,"href":"https:\/\/akum.lv\/ru\/wp-json\/wp\/v2\/product_brand?post=13733"},{"taxonomy":"product_cat","embeddable":true,"href":"https:\/\/akum.lv\/ru\/wp-json\/wp\/v2\/product_cat?post=13733"},{"taxonomy":"product_tag","embeddable":true,"href":"https:\/\/akum.lv\/ru\/wp-json\/wp\/v2\/product_tag?post=13733"}],"curies":[{"name":"wp","href":"https:\/\/api.w.org\/{rel}","templated":true}]}}