{"id":13612,"date":"2022-10-18T11:24:55","date_gmt":"2022-10-18T11:24:55","guid":{"rendered":"https:\/\/akum.lv\/?post_type=product&#038;p=13612"},"modified":"2026-03-12T13:41:40","modified_gmt":"2026-03-12T13:41:40","slug":"ssb-battery-gmbh-sbl-41-12hr_12v-930w-agm-c10-32-9ah-12v-f-11-m6-10-12-y-l195-w130-h168-3","status":"publish","type":"product","link":"https:\/\/akum.lv\/ru\/prece\/ssb-battery-gmbh-sbl-41-12hr_12v-930w-agm-c10-32-9ah-12v-f-11-m6-10-12-y-l195-w130-h168-3\/","title":{"rendered":"SSB battery GmbH SBL 41-12HR_12V 930W AGM \/ C10-32,9Ah-12V \/ F-11 M6 (10-12 y) L195 W130 H168"},"content":{"rendered":"","protected":false},"excerpt":{"rendered":"<p>SSB battery GmbH SBL 41-12HR_12V 930W AGM \/ C10-32,9Ah-12V \/ F-11 M6 (10-12 y) L195 W130 H168<\/p>\n<p><img loading=\"lazy\" decoding=\"async\" class=\"alignnone size-full wp-image-11436\" src=\"https:\/\/akum.lv\/wp-content\/uploads\/2021\/12\/pdf-icon.png\" alt=\"\" width=\"50\" height=\"50\" \/><strong> &#8212; <a href=\"https:\/\/akum.lv\/wp-content\/uploads\/2022\/07\/SSB_SBL41-12HR-1.pdf\">SSB_SBL41-12HR<\/a><\/strong><\/p>\n<p>SIA ,,HUB ENERGY,, \u2013 ofici\u0101lais bateriju izplat\u012bt\u0101js ,,SSB battery GmbH,, Latvij\u0101, Lietuv\u0101 un Igaunij\u0101<br \/>\nSIA ,,HUB ENERGY,, \u2013 \u043e\u0444\u0438\u0446\u0438\u0430\u043b\u044c\u043d\u044b\u0439 \u0434\u0438\u0441\u0442\u0440\u0438\u0431\u044c\u044e\u0442\u043e\u0440 \u0431\u0430\u0442\u0430\u0440\u0435\u0439 ,,SSB battery GmbH,, \u0432 \u041b\u0430\u0442\u0432\u0438\u0438, \u041b\u0438\u0442\u0432\u0435 \u0438 \u042d\u0441\u0442\u043e\u043d\u0438\u0438<br \/>\nSIA ,,HUB ENERGY,, \u2013 official distributor of batteries ,,SSB battery GmbH,, in Latvia, Lithuania and Estonia<\/p>\n","protected":false},"featured_media":14704,"template":"","meta":[],"pwb-brand":[207],"product_brand":[],"product_cat":[898,376,443,319,265,512],"product_tag":[],"class_list":{"0":"post-13612","1":"product","2":"type-product","3":"status-publish","4":"has-post-thumbnail","6":"pwb-brand-ssb-batteries-gmbh","7":"product_cat-ssb-sbl-hr-series","8":"product_cat-agm-tehnologii-akkumuljatory-rus","9":"product_cat-agm-12v-batteries","10":"product_cat-akb-ups-telecom","11":"product_cat-agm-akumulatori-signalizacijas-drosibas-sistemam","12":"product_cat-ssb-battery-gmbh","14":"first","15":"instock","16":"taxable","17":"shipping-taxable","18":"purchasable","19":"product-type-simple"},"yoast_head":"<!-- This site is optimized with the Yoast SEO plugin v26.7 - https:\/\/yoast.com\/wordpress\/plugins\/seo\/ -->\n<title>SSB battery GmbH SBL 41-12HR_12V 930W AGM \/ C10-32,9Ah-12V \/ F-11 M6 (10-12 y) L195 W130 H168 - www.akum.lv<\/title>\n<meta name=\"robots\" content=\"index, follow, max-snippet:-1, max-image-preview:large, max-video-preview:-1\" \/>\n<link rel=\"canonical\" href=\"https:\/\/akum.lv\/ru\/prece\/ssb-battery-gmbh-sbl-41-12hr_12v-930w-agm-c10-32-9ah-12v-f-11-m6-10-12-y-l195-w130-h168-3\/\" \/>\n<meta property=\"og:locale\" content=\"ru_RU\" \/>\n<meta property=\"og:type\" content=\"article\" \/>\n<meta property=\"og:title\" content=\"SSB battery GmbH SBL 41-12HR_12V 930W AGM \/ C10-32,9Ah-12V \/ F-11 M6 (10-12 y) L195 W130 H168 - www.akum.lv\" \/>\n<meta property=\"og:description\" content=\"SSB battery GmbH SBL 41-12HR_12V 930W AGM \/ C10-32,9Ah-12V \/ F-11 M6 (10-12 y) L195 W130 H168   - SSB_SBL41-12HR  SIA ,,HUB ENERGY,, \u2013 ofici\u0101lais bateriju izplat\u012bt\u0101js ,,SSB battery GmbH,, Latvij\u0101, Lietuv\u0101 un Igaunij\u0101 SIA ,,HUB ENERGY,, \u2013 \u043e\u0444\u0438\u0446\u0438\u0430\u043b\u044c\u043d\u044b\u0439 \u0434\u0438\u0441\u0442\u0440\u0438\u0431\u044c\u044e\u0442\u043e\u0440 \u0431\u0430\u0442\u0430\u0440\u0435\u0439 ,,SSB battery GmbH,, \u0432 \u041b\u0430\u0442\u0432\u0438\u0438, \u041b\u0438\u0442\u0432\u0435 \u0438 \u042d\u0441\u0442\u043e\u043d\u0438\u0438 SIA ,,HUB ENERGY,, \u2013 official distributor of batteries ,,SSB battery GmbH,, in Latvia, Lithuania and Estonia\" \/>\n<meta property=\"og:url\" content=\"https:\/\/akum.lv\/ru\/prece\/ssb-battery-gmbh-sbl-41-12hr_12v-930w-agm-c10-32-9ah-12v-f-11-m6-10-12-y-l195-w130-h168-3\/\" \/>\n<meta property=\"og:site_name\" content=\"www.akum.lv\" \/>\n<meta property=\"article:modified_time\" content=\"2026-03-12T13:41:40+00:00\" \/>\n<meta property=\"og:image\" content=\"https:\/\/akum.lv\/wp-content\/uploads\/2022\/07\/sbl-41-12hr.jpg\" \/>\n\t<meta property=\"og:image:width\" content=\"400\" \/>\n\t<meta property=\"og:image:height\" content=\"266\" \/>\n\t<meta property=\"og:image:type\" content=\"image\/jpeg\" \/>\n<meta name=\"twitter:card\" content=\"summary_large_image\" \/>\n<meta name=\"twitter:label1\" content=\"\u041f\u0440\u0438\u043c\u0435\u0440\u043d\u043e\u0435 \u0432\u0440\u0435\u043c\u044f \u0434\u043b\u044f \u0447\u0442\u0435\u043d\u0438\u044f\" \/>\n\t<meta name=\"twitter:data1\" content=\"1 \u043c\u0438\u043d\u0443\u0442\u0430\" \/>\n<script type=\"application\/ld+json\" class=\"yoast-schema-graph\">{\"@context\":\"https:\/\/schema.org\",\"@graph\":[{\"@type\":\"WebPage\",\"@id\":\"https:\/\/akum.lv\/ru\/prece\/ssb-battery-gmbh-sbl-41-12hr_12v-930w-agm-c10-32-9ah-12v-f-11-m6-10-12-y-l195-w130-h168-3\/\",\"url\":\"https:\/\/akum.lv\/ru\/prece\/ssb-battery-gmbh-sbl-41-12hr_12v-930w-agm-c10-32-9ah-12v-f-11-m6-10-12-y-l195-w130-h168-3\/\",\"name\":\"SSB battery GmbH SBL 41-12HR_12V 930W AGM \/ C10-32,9Ah-12V \/ F-11 M6 (10-12 y) L195 W130 H168 - www.akum.lv\",\"isPartOf\":{\"@id\":\"https:\/\/akum.lv\/#website\"},\"primaryImageOfPage\":{\"@id\":\"https:\/\/akum.lv\/ru\/prece\/ssb-battery-gmbh-sbl-41-12hr_12v-930w-agm-c10-32-9ah-12v-f-11-m6-10-12-y-l195-w130-h168-3\/#primaryimage\"},\"image\":{\"@id\":\"https:\/\/akum.lv\/ru\/prece\/ssb-battery-gmbh-sbl-41-12hr_12v-930w-agm-c10-32-9ah-12v-f-11-m6-10-12-y-l195-w130-h168-3\/#primaryimage\"},\"thumbnailUrl\":\"https:\/\/akum.lv\/wp-content\/uploads\/2022\/07\/sbl-41-12hr.jpg\",\"datePublished\":\"2022-10-18T11:24:55+00:00\",\"dateModified\":\"2026-03-12T13:41:40+00:00\",\"breadcrumb\":{\"@id\":\"https:\/\/akum.lv\/ru\/prece\/ssb-battery-gmbh-sbl-41-12hr_12v-930w-agm-c10-32-9ah-12v-f-11-m6-10-12-y-l195-w130-h168-3\/#breadcrumb\"},\"inLanguage\":\"ru-RU\",\"potentialAction\":[{\"@type\":\"ReadAction\",\"target\":[\"https:\/\/akum.lv\/ru\/prece\/ssb-battery-gmbh-sbl-41-12hr_12v-930w-agm-c10-32-9ah-12v-f-11-m6-10-12-y-l195-w130-h168-3\/\"]}]},{\"@type\":\"ImageObject\",\"inLanguage\":\"ru-RU\",\"@id\":\"https:\/\/akum.lv\/ru\/prece\/ssb-battery-gmbh-sbl-41-12hr_12v-930w-agm-c10-32-9ah-12v-f-11-m6-10-12-y-l195-w130-h168-3\/#primaryimage\",\"url\":\"https:\/\/akum.lv\/wp-content\/uploads\/2022\/07\/sbl-41-12hr.jpg\",\"contentUrl\":\"https:\/\/akum.lv\/wp-content\/uploads\/2022\/07\/sbl-41-12hr.jpg\",\"width\":400,\"height\":266},{\"@type\":\"BreadcrumbList\",\"@id\":\"https:\/\/akum.lv\/ru\/prece\/ssb-battery-gmbh-sbl-41-12hr_12v-930w-agm-c10-32-9ah-12v-f-11-m6-10-12-y-l195-w130-h168-3\/#breadcrumb\",\"itemListElement\":[{\"@type\":\"ListItem\",\"position\":1,\"name\":\"\u0413\u043b\u0430\u0432\u043d\u0430\u044f \u0441\u0442\u0440\u0430\u043d\u0438\u0446\u0430\",\"item\":\"https:\/\/akum.lv\/ru\/\"},{\"@type\":\"ListItem\",\"position\":2,\"name\":\"PRECES\",\"item\":\"https:\/\/akum.lv\/produkti-preces\/\"},{\"@type\":\"ListItem\",\"position\":3,\"name\":\"SSB battery GmbH SBL 41-12HR_12V 930W AGM \/ C10-32,9Ah-12V \/ F-11 M6 (10-12 y) L195 W130 H168\"}]},{\"@type\":\"WebSite\",\"@id\":\"https:\/\/akum.lv\/#website\",\"url\":\"https:\/\/akum.lv\/\",\"name\":\"www.akum.lv\",\"description\":\"Akumulatoru p\u0101rdev\u0113js | \u041f\u0440\u043e\u0434\u0430\u0432\u0435\u0446 \u0430\u043a\u043a\u0443\u043c\u0443\u043b\u044f\u0442\u043e\u0440\u043e\u0432 | Battery seller\",\"publisher\":{\"@id\":\"https:\/\/akum.lv\/#organization\"},\"potentialAction\":[{\"@type\":\"SearchAction\",\"target\":{\"@type\":\"EntryPoint\",\"urlTemplate\":\"https:\/\/akum.lv\/?s={search_term_string}\"},\"query-input\":{\"@type\":\"PropertyValueSpecification\",\"valueRequired\":true,\"valueName\":\"search_term_string\"}}],\"inLanguage\":\"ru-RU\"},{\"@type\":\"Organization\",\"@id\":\"https:\/\/akum.lv\/#organization\",\"name\":\"HubEnergy\",\"url\":\"https:\/\/akum.lv\/\",\"logo\":{\"@type\":\"ImageObject\",\"inLanguage\":\"ru-RU\",\"@id\":\"https:\/\/akum.lv\/#\/schema\/logo\/image\/\",\"url\":\"https:\/\/akum.lv\/wp-content\/uploads\/2018\/08\/Logo-hub-energy-2018-seller-dark-blue.png\",\"contentUrl\":\"https:\/\/akum.lv\/wp-content\/uploads\/2018\/08\/Logo-hub-energy-2018-seller-dark-blue.png\",\"width\":381,\"height\":75,\"caption\":\"HubEnergy\"},\"image\":{\"@id\":\"https:\/\/akum.lv\/#\/schema\/logo\/image\/\"}}]}<\/script>\n<!-- \/ Yoast SEO plugin. -->","yoast_head_json":{"title":"SSB battery GmbH SBL 41-12HR_12V 930W AGM \/ C10-32,9Ah-12V \/ F-11 M6 (10-12 y) L195 W130 H168 - www.akum.lv","robots":{"index":"index","follow":"follow","max-snippet":"max-snippet:-1","max-image-preview":"max-image-preview:large","max-video-preview":"max-video-preview:-1"},"canonical":"https:\/\/akum.lv\/ru\/prece\/ssb-battery-gmbh-sbl-41-12hr_12v-930w-agm-c10-32-9ah-12v-f-11-m6-10-12-y-l195-w130-h168-3\/","og_locale":"ru_RU","og_type":"article","og_title":"SSB battery GmbH SBL 41-12HR_12V 930W AGM \/ C10-32,9Ah-12V \/ F-11 M6 (10-12 y) L195 W130 H168 - www.akum.lv","og_description":"SSB battery GmbH SBL 41-12HR_12V 930W AGM \/ C10-32,9Ah-12V \/ F-11 M6 (10-12 y) L195 W130 H168   - SSB_SBL41-12HR  SIA ,,HUB ENERGY,, \u2013 ofici\u0101lais bateriju izplat\u012bt\u0101js ,,SSB battery GmbH,, Latvij\u0101, Lietuv\u0101 un Igaunij\u0101 SIA ,,HUB ENERGY,, \u2013 \u043e\u0444\u0438\u0446\u0438\u0430\u043b\u044c\u043d\u044b\u0439 \u0434\u0438\u0441\u0442\u0440\u0438\u0431\u044c\u044e\u0442\u043e\u0440 \u0431\u0430\u0442\u0430\u0440\u0435\u0439 ,,SSB battery GmbH,, \u0432 \u041b\u0430\u0442\u0432\u0438\u0438, \u041b\u0438\u0442\u0432\u0435 \u0438 \u042d\u0441\u0442\u043e\u043d\u0438\u0438 SIA ,,HUB ENERGY,, \u2013 official distributor of batteries ,,SSB battery GmbH,, in Latvia, Lithuania and Estonia","og_url":"https:\/\/akum.lv\/ru\/prece\/ssb-battery-gmbh-sbl-41-12hr_12v-930w-agm-c10-32-9ah-12v-f-11-m6-10-12-y-l195-w130-h168-3\/","og_site_name":"www.akum.lv","article_modified_time":"2026-03-12T13:41:40+00:00","og_image":[{"width":400,"height":266,"url":"https:\/\/akum.lv\/wp-content\/uploads\/2022\/07\/sbl-41-12hr.jpg","type":"image\/jpeg"}],"twitter_card":"summary_large_image","twitter_misc":{"\u041f\u0440\u0438\u043c\u0435\u0440\u043d\u043e\u0435 \u0432\u0440\u0435\u043c\u044f \u0434\u043b\u044f \u0447\u0442\u0435\u043d\u0438\u044f":"1 \u043c\u0438\u043d\u0443\u0442\u0430"},"schema":{"@context":"https:\/\/schema.org","@graph":[{"@type":"WebPage","@id":"https:\/\/akum.lv\/ru\/prece\/ssb-battery-gmbh-sbl-41-12hr_12v-930w-agm-c10-32-9ah-12v-f-11-m6-10-12-y-l195-w130-h168-3\/","url":"https:\/\/akum.lv\/ru\/prece\/ssb-battery-gmbh-sbl-41-12hr_12v-930w-agm-c10-32-9ah-12v-f-11-m6-10-12-y-l195-w130-h168-3\/","name":"SSB battery GmbH SBL 41-12HR_12V 930W AGM \/ C10-32,9Ah-12V \/ F-11 M6 (10-12 y) L195 W130 H168 - www.akum.lv","isPartOf":{"@id":"https:\/\/akum.lv\/#website"},"primaryImageOfPage":{"@id":"https:\/\/akum.lv\/ru\/prece\/ssb-battery-gmbh-sbl-41-12hr_12v-930w-agm-c10-32-9ah-12v-f-11-m6-10-12-y-l195-w130-h168-3\/#primaryimage"},"image":{"@id":"https:\/\/akum.lv\/ru\/prece\/ssb-battery-gmbh-sbl-41-12hr_12v-930w-agm-c10-32-9ah-12v-f-11-m6-10-12-y-l195-w130-h168-3\/#primaryimage"},"thumbnailUrl":"https:\/\/akum.lv\/wp-content\/uploads\/2022\/07\/sbl-41-12hr.jpg","datePublished":"2022-10-18T11:24:55+00:00","dateModified":"2026-03-12T13:41:40+00:00","breadcrumb":{"@id":"https:\/\/akum.lv\/ru\/prece\/ssb-battery-gmbh-sbl-41-12hr_12v-930w-agm-c10-32-9ah-12v-f-11-m6-10-12-y-l195-w130-h168-3\/#breadcrumb"},"inLanguage":"ru-RU","potentialAction":[{"@type":"ReadAction","target":["https:\/\/akum.lv\/ru\/prece\/ssb-battery-gmbh-sbl-41-12hr_12v-930w-agm-c10-32-9ah-12v-f-11-m6-10-12-y-l195-w130-h168-3\/"]}]},{"@type":"ImageObject","inLanguage":"ru-RU","@id":"https:\/\/akum.lv\/ru\/prece\/ssb-battery-gmbh-sbl-41-12hr_12v-930w-agm-c10-32-9ah-12v-f-11-m6-10-12-y-l195-w130-h168-3\/#primaryimage","url":"https:\/\/akum.lv\/wp-content\/uploads\/2022\/07\/sbl-41-12hr.jpg","contentUrl":"https:\/\/akum.lv\/wp-content\/uploads\/2022\/07\/sbl-41-12hr.jpg","width":400,"height":266},{"@type":"BreadcrumbList","@id":"https:\/\/akum.lv\/ru\/prece\/ssb-battery-gmbh-sbl-41-12hr_12v-930w-agm-c10-32-9ah-12v-f-11-m6-10-12-y-l195-w130-h168-3\/#breadcrumb","itemListElement":[{"@type":"ListItem","position":1,"name":"\u0413\u043b\u0430\u0432\u043d\u0430\u044f \u0441\u0442\u0440\u0430\u043d\u0438\u0446\u0430","item":"https:\/\/akum.lv\/ru\/"},{"@type":"ListItem","position":2,"name":"PRECES","item":"https:\/\/akum.lv\/produkti-preces\/"},{"@type":"ListItem","position":3,"name":"SSB battery GmbH SBL 41-12HR_12V 930W AGM \/ C10-32,9Ah-12V \/ F-11 M6 (10-12 y) L195 W130 H168"}]},{"@type":"WebSite","@id":"https:\/\/akum.lv\/#website","url":"https:\/\/akum.lv\/","name":"www.akum.lv","description":"Akumulatoru p\u0101rdev\u0113js | \u041f\u0440\u043e\u0434\u0430\u0432\u0435\u0446 \u0430\u043a\u043a\u0443\u043c\u0443\u043b\u044f\u0442\u043e\u0440\u043e\u0432 | Battery seller","publisher":{"@id":"https:\/\/akum.lv\/#organization"},"potentialAction":[{"@type":"SearchAction","target":{"@type":"EntryPoint","urlTemplate":"https:\/\/akum.lv\/?s={search_term_string}"},"query-input":{"@type":"PropertyValueSpecification","valueRequired":true,"valueName":"search_term_string"}}],"inLanguage":"ru-RU"},{"@type":"Organization","@id":"https:\/\/akum.lv\/#organization","name":"HubEnergy","url":"https:\/\/akum.lv\/","logo":{"@type":"ImageObject","inLanguage":"ru-RU","@id":"https:\/\/akum.lv\/#\/schema\/logo\/image\/","url":"https:\/\/akum.lv\/wp-content\/uploads\/2018\/08\/Logo-hub-energy-2018-seller-dark-blue.png","contentUrl":"https:\/\/akum.lv\/wp-content\/uploads\/2018\/08\/Logo-hub-energy-2018-seller-dark-blue.png","width":381,"height":75,"caption":"HubEnergy"},"image":{"@id":"https:\/\/akum.lv\/#\/schema\/logo\/image\/"}}]}},"brands":[{"id":207,"name":"SSB Batteries GmbH","slug":"ssb-batteries-gmbh"}],"_links":{"self":[{"href":"https:\/\/akum.lv\/ru\/wp-json\/wp\/v2\/product\/13612","targetHints":{"allow":["GET"]}}],"collection":[{"href":"https:\/\/akum.lv\/ru\/wp-json\/wp\/v2\/product"}],"about":[{"href":"https:\/\/akum.lv\/ru\/wp-json\/wp\/v2\/types\/product"}],"wp:featuredmedia":[{"embeddable":true,"href":"https:\/\/akum.lv\/ru\/wp-json\/wp\/v2\/media\/14704"}],"wp:attachment":[{"href":"https:\/\/akum.lv\/ru\/wp-json\/wp\/v2\/media?parent=13612"}],"wp:term":[{"taxonomy":"pwb-brand","embeddable":true,"href":"https:\/\/akum.lv\/ru\/wp-json\/wp\/v2\/pwb-brand?post=13612"},{"taxonomy":"product_brand","embeddable":true,"href":"https:\/\/akum.lv\/ru\/wp-json\/wp\/v2\/product_brand?post=13612"},{"taxonomy":"product_cat","embeddable":true,"href":"https:\/\/akum.lv\/ru\/wp-json\/wp\/v2\/product_cat?post=13612"},{"taxonomy":"product_tag","embeddable":true,"href":"https:\/\/akum.lv\/ru\/wp-json\/wp\/v2\/product_tag?post=13612"}],"curies":[{"name":"wp","href":"https:\/\/api.w.org\/{rel}","templated":true}]}}