{"id":13475,"date":"2022-10-12T14:10:59","date_gmt":"2022-10-12T14:10:59","guid":{"rendered":"https:\/\/akum.lv\/product\/saules-baterija-panelis-mwg-80-80w-12v-l668-w770-h30-ip65-polycrystalline-solar-panel\/"},"modified":"2025-07-22T12:38:33","modified_gmt":"2025-07-22T12:38:33","slug":"saules-baterija-panelis-mwg-80-80w-12v-l668-w770-h30-ip65-polycrystalline-solar-panel","status":"publish","type":"product","link":"https:\/\/akum.lv\/ru\/prece\/saules-baterija-panelis-mwg-80-80w-12v-l668-w770-h30-ip65-polycrystalline-solar-panel\/","title":{"rendered":"Saules baterija panelis MWG-80 80W-12V \/ L770 W668 H30, IP65 \/ Polycrystalline Solar Panel"},"content":{"rendered":"","protected":false},"excerpt":{"rendered":"<hr \/>\n<div style=\"font-size: 15px; line-height: 1.6;\">\n<p><img decoding=\"async\" style=\"width: 110px; float: right; margin: 0 0 10px 10px;\" src=\"https:\/\/akum.lv\/wp-content\/uploads\/2020\/07\/Best-price.jpg\" alt=\"Best Price\" \/><\/p>\n<p><strong style=\"color: #cc0000; font-size: 17px;\">\ud83c\udf1e Saules baterija MWG-80 (80W \/ 12V)<\/strong><br \/>\nEfekt\u012bva 36 \u0161\u016bnu polikrist\u0101lisk\u0101 saules baterija ar IP65 aizsardz\u012bbu. Izm\u0113rs \u2013 668\u00d7770\u00d730\u202fmm. Piem\u0113rota 12\u202fV sist\u0113m\u0101m \u2013 apgaismojumam, kamer\u0101m, v\u0101rtiem, sensoru sist\u0113m\u0101m un cit\u0101m neatkar\u012bg\u0101m iek\u0101rt\u0101m.<br \/>\n<b>Akcijas cena: 57,09\u202f\u20ac bez PVN<\/b><br \/>\n<del style=\"color: gray;\">Iepriek\u0161\u0113j\u0101 cena: 69,00\u202f\u20ac<\/del><\/p>\n<p><strong style=\"color: #cc0000; font-size: 17px;\">\ud83c\udf1e \u0421\u043e\u043b\u043d\u0435\u0447\u043d\u0430\u044f \u043f\u0430\u043d\u0435\u043b\u044c MWG-80 (80W \/ 12V)<\/strong><br \/>\n\u041f\u043e\u043b\u0438\u043a\u0440\u0438\u0441\u0442\u0430\u043b\u043b\u0438\u0447\u0435\u0441\u043a\u0430\u044f \u043f\u0430\u043d\u0435\u043b\u044c \u043d\u0430 36 \u044f\u0447\u0435\u0435\u043a \u0441 \u0437\u0430\u0449\u0438\u0442\u043e\u0439 IP65. \u0420\u0430\u0437\u043c\u0435\u0440 \u2013 668\u00d7770\u00d730\u202f\u043c\u043c. \u041e\u0442\u043b\u0438\u0447\u043d\u043e \u043f\u043e\u0434\u0445\u043e\u0434\u0438\u0442 \u0434\u043b\u044f 12\u202fV \u0441\u0438\u0441\u0442\u0435\u043c \u2013 \u043e\u0441\u0432\u0435\u0449\u0435\u043d\u0438\u044f, \u043a\u0430\u043c\u0435\u0440, \u0432\u043e\u0440\u043e\u0442, \u0441\u0435\u043d\u0441\u043e\u0440\u043e\u0432 \u0438 \u043f\u0440\u043e\u0447\u0438\u0445 \u0430\u0432\u0442\u043e\u043d\u043e\u043c\u043d\u044b\u0445 \u0443\u0441\u0442\u0440\u043e\u0439\u0441\u0442\u0432.<br \/>\n<b>\u0410\u043a\u0446\u0438\u043e\u043d\u043d\u0430\u044f \u0446\u0435\u043d\u0430: 57,09\u202f\u20ac \u0431\u0435\u0437 \u041d\u0414\u0421<\/b><br \/>\n<del style=\"color: gray;\">\u0421\u0442\u0430\u0440\u0430\u044f \u0446\u0435\u043d\u0430: 69,00\u202f\u20ac<\/del><\/p>\n<p><strong style=\"color: #cc0000; font-size: 17px;\">\ud83c\udf1e Solar Panel MWG-80 (80W \/ 12V)<\/strong><br \/>\nEfficient 36-cell polycrystalline panel with IP65 protection. Size \u2013 668\u00d7770\u00d730\u202fmm. Suitable for 12\u202fV systems such as lighting, cameras, gate controls, sensors and other autonomous devices.<br \/>\n<b>Promo price: 57.09\u202f\u20ac excl. VAT<\/b><br \/>\n<del style=\"color: gray;\">Previous price: 69.00\u202f\u20ac<\/del><\/p>\n<hr \/>\n<ul style=\"padding-left: 0;\">\n<li><a style=\"text-decoration: none; font-weight: bold; color: #cc0000;\" href=\"https:\/\/akum.lv\/wp-content\/uploads\/2020\/07\/MWG-80_668x770x30.pdf\" target=\"_blank\" rel=\"noopener\"><br \/>\n<img decoding=\"async\" style=\"height: 20px; vertical-align: middle; margin-right: 6px;\" src=\"https:\/\/upload.wikimedia.org\/wikipedia\/commons\/8\/87\/PDF_file_icon.svg\" alt=\"PDF\" \/><br \/>\n\ud83d\udcc4 MWG-80 Datasheet (PDF)<br \/>\n<\/a><\/li>\n<\/ul>\n<\/div>\n<p>Description:<br \/>\nNominal power 80W-12V<br \/>\nPower tolerance 0% \/ +3 W<br \/>\nEfficiency 15.55%<br \/>\nDimensions 770 \u00d7 668 \u00d7 30 mm<br \/>\nAnodized aluminum frame<br \/>\nWeight 6.8 kg<\/p>\n","protected":false},"featured_media":4832,"template":"","meta":[],"pwb-brand":[455],"product_brand":[],"product_cat":[488,449],"product_tag":[],"class_list":{"0":"post-13475","1":"product","2":"type-product","3":"status-publish","4":"has-post-thumbnail","6":"pwb-brand-mw-green-power-ru","7":"product_cat-green-energy","8":"product_cat-saules-paneli-sistemas","10":"first","11":"instock","12":"taxable","13":"shipping-taxable","14":"purchasable","15":"product-type-simple"},"yoast_head":"<!-- This site is optimized with the Yoast SEO plugin v26.7 - https:\/\/yoast.com\/wordpress\/plugins\/seo\/ -->\n<title>Saules baterija panelis MWG-80 80W-12V \/ L770 W668 H30, IP65 \/ Polycrystalline Solar Panel - www.akum.lv<\/title>\n<meta name=\"robots\" content=\"index, follow, max-snippet:-1, max-image-preview:large, max-video-preview:-1\" \/>\n<link rel=\"canonical\" href=\"https:\/\/akum.lv\/ru\/prece\/saules-baterija-panelis-mwg-80-80w-12v-l668-w770-h30-ip65-polycrystalline-solar-panel\/\" \/>\n<meta property=\"og:locale\" content=\"ru_RU\" \/>\n<meta property=\"og:type\" content=\"article\" \/>\n<meta property=\"og:title\" content=\"Saules baterija panelis MWG-80 80W-12V \/ L770 W668 H30, IP65 \/ Polycrystalline Solar Panel - www.akum.lv\" \/>\n<meta property=\"og:description\" content=\"\ud83c\udf1e Saules baterija MWG-80 (80W \/ 12V) Efekt\u012bva 36 \u0161\u016bnu polikrist\u0101lisk\u0101 saules baterija ar IP65 aizsardz\u012bbu. Izm\u0113rs \u2013 668\u00d7770\u00d730\u202fmm. Piem\u0113rota 12\u202fV sist\u0113m\u0101m \u2013 apgaismojumam, kamer\u0101m, v\u0101rtiem, sensoru sist\u0113m\u0101m un cit\u0101m neatkar\u012bg\u0101m iek\u0101rt\u0101m. Akcijas cena: 57,09\u202f\u20ac bez PVN Iepriek\u0161\u0113j\u0101 cena: 69,00\u202f\u20ac  \ud83c\udf1e \u0421\u043e\u043b\u043d\u0435\u0447\u043d\u0430\u044f \u043f\u0430\u043d\u0435\u043b\u044c MWG-80 (80W \/ 12V) \u041f\u043e\u043b\u0438\u043a\u0440\u0438\u0441\u0442\u0430\u043b\u043b\u0438\u0447\u0435\u0441\u043a\u0430\u044f \u043f\u0430\u043d\u0435\u043b\u044c \u043d\u0430 36 \u044f\u0447\u0435\u0435\u043a \u0441 \u0437\u0430\u0449\u0438\u0442\u043e\u0439 IP65. \u0420\u0430\u0437\u043c\u0435\u0440 \u2013 668\u00d7770\u00d730\u202f\u043c\u043c. \u041e\u0442\u043b\u0438\u0447\u043d\u043e \u043f\u043e\u0434\u0445\u043e\u0434\u0438\u0442 \u0434\u043b\u044f 12\u202fV \u0441\u0438\u0441\u0442\u0435\u043c \u2013 \u043e\u0441\u0432\u0435\u0449\u0435\u043d\u0438\u044f, \u043a\u0430\u043c\u0435\u0440, \u0432\u043e\u0440\u043e\u0442, \u0441\u0435\u043d\u0441\u043e\u0440\u043e\u0432 \u0438 \u043f\u0440\u043e\u0447\u0438\u0445 \u0430\u0432\u0442\u043e\u043d\u043e\u043c\u043d\u044b\u0445 \u0443\u0441\u0442\u0440\u043e\u0439\u0441\u0442\u0432. \u0410\u043a\u0446\u0438\u043e\u043d\u043d\u0430\u044f \u0446\u0435\u043d\u0430: 57,09\u202f\u20ac \u0431\u0435\u0437 \u041d\u0414\u0421 \u0421\u0442\u0430\u0440\u0430\u044f \u0446\u0435\u043d\u0430: 69,00\u202f\u20ac  \ud83c\udf1e Solar Panel MWG-80 (80W \/ 12V) Efficient 36-cell polycrystalline panel with IP65 protection. Size \u2013 668\u00d7770\u00d730\u202fmm. Suitable for 12\u202fV systems such as lighting, cameras, gate controls, sensors and other autonomous devices. Promo price: 57.09\u202f\u20ac excl. VAT Previous price: 69.00\u202f\u20ac        \ud83d\udcc4 MWG-80 Datasheet (PDF)    Description: Nominal power 80W-12V Power tolerance 0% \/ +3 W Efficiency 15.55% Dimensions 770 \u00d7 668 \u00d7 30 mm Anodized aluminum frame Weight 6.8 kg\" \/>\n<meta property=\"og:url\" content=\"https:\/\/akum.lv\/ru\/prece\/saules-baterija-panelis-mwg-80-80w-12v-l668-w770-h30-ip65-polycrystalline-solar-panel\/\" \/>\n<meta property=\"og:site_name\" content=\"www.akum.lv\" \/>\n<meta property=\"article:modified_time\" content=\"2025-07-22T12:38:33+00:00\" \/>\n<meta property=\"og:image\" content=\"https:\/\/akum.lv\/wp-content\/uploads\/2019\/02\/SOL.-pan_mwg-1.jpg\" \/>\n\t<meta property=\"og:image:width\" content=\"370\" \/>\n\t<meta property=\"og:image:height\" content=\"353\" \/>\n\t<meta property=\"og:image:type\" content=\"image\/jpeg\" \/>\n<meta name=\"twitter:card\" content=\"summary_large_image\" \/>\n<script type=\"application\/ld+json\" class=\"yoast-schema-graph\">{\"@context\":\"https:\/\/schema.org\",\"@graph\":[{\"@type\":\"WebPage\",\"@id\":\"https:\/\/akum.lv\/ru\/prece\/saules-baterija-panelis-mwg-80-80w-12v-l668-w770-h30-ip65-polycrystalline-solar-panel\/\",\"url\":\"https:\/\/akum.lv\/ru\/prece\/saules-baterija-panelis-mwg-80-80w-12v-l668-w770-h30-ip65-polycrystalline-solar-panel\/\",\"name\":\"Saules baterija panelis MWG-80 80W-12V \/ L770 W668 H30, IP65 \/ Polycrystalline Solar Panel - www.akum.lv\",\"isPartOf\":{\"@id\":\"https:\/\/akum.lv\/#website\"},\"primaryImageOfPage\":{\"@id\":\"https:\/\/akum.lv\/ru\/prece\/saules-baterija-panelis-mwg-80-80w-12v-l668-w770-h30-ip65-polycrystalline-solar-panel\/#primaryimage\"},\"image\":{\"@id\":\"https:\/\/akum.lv\/ru\/prece\/saules-baterija-panelis-mwg-80-80w-12v-l668-w770-h30-ip65-polycrystalline-solar-panel\/#primaryimage\"},\"thumbnailUrl\":\"https:\/\/akum.lv\/wp-content\/uploads\/2019\/02\/SOL.-pan_mwg-1.jpg\",\"datePublished\":\"2022-10-12T14:10:59+00:00\",\"dateModified\":\"2025-07-22T12:38:33+00:00\",\"breadcrumb\":{\"@id\":\"https:\/\/akum.lv\/ru\/prece\/saules-baterija-panelis-mwg-80-80w-12v-l668-w770-h30-ip65-polycrystalline-solar-panel\/#breadcrumb\"},\"inLanguage\":\"ru-RU\",\"potentialAction\":[{\"@type\":\"ReadAction\",\"target\":[\"https:\/\/akum.lv\/ru\/prece\/saules-baterija-panelis-mwg-80-80w-12v-l668-w770-h30-ip65-polycrystalline-solar-panel\/\"]}]},{\"@type\":\"ImageObject\",\"inLanguage\":\"ru-RU\",\"@id\":\"https:\/\/akum.lv\/ru\/prece\/saules-baterija-panelis-mwg-80-80w-12v-l668-w770-h30-ip65-polycrystalline-solar-panel\/#primaryimage\",\"url\":\"https:\/\/akum.lv\/wp-content\/uploads\/2019\/02\/SOL.-pan_mwg-1.jpg\",\"contentUrl\":\"https:\/\/akum.lv\/wp-content\/uploads\/2019\/02\/SOL.-pan_mwg-1.jpg\",\"width\":370,\"height\":353},{\"@type\":\"BreadcrumbList\",\"@id\":\"https:\/\/akum.lv\/ru\/prece\/saules-baterija-panelis-mwg-80-80w-12v-l668-w770-h30-ip65-polycrystalline-solar-panel\/#breadcrumb\",\"itemListElement\":[{\"@type\":\"ListItem\",\"position\":1,\"name\":\"\u0413\u043b\u0430\u0432\u043d\u0430\u044f \u0441\u0442\u0440\u0430\u043d\u0438\u0446\u0430\",\"item\":\"https:\/\/akum.lv\/ru\/\"},{\"@type\":\"ListItem\",\"position\":2,\"name\":\"PRECES\",\"item\":\"https:\/\/akum.lv\/produkti-preces\/\"},{\"@type\":\"ListItem\",\"position\":3,\"name\":\"Saules baterija panelis MWG-80 80W-12V \/ L770 W668 H30, IP65 \/ Polycrystalline Solar Panel\"}]},{\"@type\":\"WebSite\",\"@id\":\"https:\/\/akum.lv\/#website\",\"url\":\"https:\/\/akum.lv\/\",\"name\":\"www.akum.lv\",\"description\":\"Akumulatoru p\u0101rdev\u0113js | \u041f\u0440\u043e\u0434\u0430\u0432\u0435\u0446 \u0430\u043a\u043a\u0443\u043c\u0443\u043b\u044f\u0442\u043e\u0440\u043e\u0432 | Battery seller\",\"publisher\":{\"@id\":\"https:\/\/akum.lv\/#organization\"},\"potentialAction\":[{\"@type\":\"SearchAction\",\"target\":{\"@type\":\"EntryPoint\",\"urlTemplate\":\"https:\/\/akum.lv\/?s={search_term_string}\"},\"query-input\":{\"@type\":\"PropertyValueSpecification\",\"valueRequired\":true,\"valueName\":\"search_term_string\"}}],\"inLanguage\":\"ru-RU\"},{\"@type\":\"Organization\",\"@id\":\"https:\/\/akum.lv\/#organization\",\"name\":\"HubEnergy\",\"url\":\"https:\/\/akum.lv\/\",\"logo\":{\"@type\":\"ImageObject\",\"inLanguage\":\"ru-RU\",\"@id\":\"https:\/\/akum.lv\/#\/schema\/logo\/image\/\",\"url\":\"https:\/\/akum.lv\/wp-content\/uploads\/2018\/08\/Logo-hub-energy-2018-seller-dark-blue.png\",\"contentUrl\":\"https:\/\/akum.lv\/wp-content\/uploads\/2018\/08\/Logo-hub-energy-2018-seller-dark-blue.png\",\"width\":381,\"height\":75,\"caption\":\"HubEnergy\"},\"image\":{\"@id\":\"https:\/\/akum.lv\/#\/schema\/logo\/image\/\"}}]}<\/script>\n<!-- \/ Yoast SEO plugin. -->","yoast_head_json":{"title":"Saules baterija panelis MWG-80 80W-12V \/ L770 W668 H30, IP65 \/ Polycrystalline Solar Panel - www.akum.lv","robots":{"index":"index","follow":"follow","max-snippet":"max-snippet:-1","max-image-preview":"max-image-preview:large","max-video-preview":"max-video-preview:-1"},"canonical":"https:\/\/akum.lv\/ru\/prece\/saules-baterija-panelis-mwg-80-80w-12v-l668-w770-h30-ip65-polycrystalline-solar-panel\/","og_locale":"ru_RU","og_type":"article","og_title":"Saules baterija panelis MWG-80 80W-12V \/ L770 W668 H30, IP65 \/ Polycrystalline Solar Panel - www.akum.lv","og_description":"\ud83c\udf1e Saules baterija MWG-80 (80W \/ 12V) Efekt\u012bva 36 \u0161\u016bnu polikrist\u0101lisk\u0101 saules baterija ar IP65 aizsardz\u012bbu. Izm\u0113rs \u2013 668\u00d7770\u00d730\u202fmm. Piem\u0113rota 12\u202fV sist\u0113m\u0101m \u2013 apgaismojumam, kamer\u0101m, v\u0101rtiem, sensoru sist\u0113m\u0101m un cit\u0101m neatkar\u012bg\u0101m iek\u0101rt\u0101m. Akcijas cena: 57,09\u202f\u20ac bez PVN Iepriek\u0161\u0113j\u0101 cena: 69,00\u202f\u20ac  \ud83c\udf1e \u0421\u043e\u043b\u043d\u0435\u0447\u043d\u0430\u044f \u043f\u0430\u043d\u0435\u043b\u044c MWG-80 (80W \/ 12V) \u041f\u043e\u043b\u0438\u043a\u0440\u0438\u0441\u0442\u0430\u043b\u043b\u0438\u0447\u0435\u0441\u043a\u0430\u044f \u043f\u0430\u043d\u0435\u043b\u044c \u043d\u0430 36 \u044f\u0447\u0435\u0435\u043a \u0441 \u0437\u0430\u0449\u0438\u0442\u043e\u0439 IP65. \u0420\u0430\u0437\u043c\u0435\u0440 \u2013 668\u00d7770\u00d730\u202f\u043c\u043c. \u041e\u0442\u043b\u0438\u0447\u043d\u043e \u043f\u043e\u0434\u0445\u043e\u0434\u0438\u0442 \u0434\u043b\u044f 12\u202fV \u0441\u0438\u0441\u0442\u0435\u043c \u2013 \u043e\u0441\u0432\u0435\u0449\u0435\u043d\u0438\u044f, \u043a\u0430\u043c\u0435\u0440, \u0432\u043e\u0440\u043e\u0442, \u0441\u0435\u043d\u0441\u043e\u0440\u043e\u0432 \u0438 \u043f\u0440\u043e\u0447\u0438\u0445 \u0430\u0432\u0442\u043e\u043d\u043e\u043c\u043d\u044b\u0445 \u0443\u0441\u0442\u0440\u043e\u0439\u0441\u0442\u0432. \u0410\u043a\u0446\u0438\u043e\u043d\u043d\u0430\u044f \u0446\u0435\u043d\u0430: 57,09\u202f\u20ac \u0431\u0435\u0437 \u041d\u0414\u0421 \u0421\u0442\u0430\u0440\u0430\u044f \u0446\u0435\u043d\u0430: 69,00\u202f\u20ac  \ud83c\udf1e Solar Panel MWG-80 (80W \/ 12V) Efficient 36-cell polycrystalline panel with IP65 protection. Size \u2013 668\u00d7770\u00d730\u202fmm. Suitable for 12\u202fV systems such as lighting, cameras, gate controls, sensors and other autonomous devices. Promo price: 57.09\u202f\u20ac excl. VAT Previous price: 69.00\u202f\u20ac        \ud83d\udcc4 MWG-80 Datasheet (PDF)    Description: Nominal power 80W-12V Power tolerance 0% \/ +3 W Efficiency 15.55% Dimensions 770 \u00d7 668 \u00d7 30 mm Anodized aluminum frame Weight 6.8 kg","og_url":"https:\/\/akum.lv\/ru\/prece\/saules-baterija-panelis-mwg-80-80w-12v-l668-w770-h30-ip65-polycrystalline-solar-panel\/","og_site_name":"www.akum.lv","article_modified_time":"2025-07-22T12:38:33+00:00","og_image":[{"width":370,"height":353,"url":"https:\/\/akum.lv\/wp-content\/uploads\/2019\/02\/SOL.-pan_mwg-1.jpg","type":"image\/jpeg"}],"twitter_card":"summary_large_image","schema":{"@context":"https:\/\/schema.org","@graph":[{"@type":"WebPage","@id":"https:\/\/akum.lv\/ru\/prece\/saules-baterija-panelis-mwg-80-80w-12v-l668-w770-h30-ip65-polycrystalline-solar-panel\/","url":"https:\/\/akum.lv\/ru\/prece\/saules-baterija-panelis-mwg-80-80w-12v-l668-w770-h30-ip65-polycrystalline-solar-panel\/","name":"Saules baterija panelis MWG-80 80W-12V \/ L770 W668 H30, IP65 \/ Polycrystalline Solar Panel - www.akum.lv","isPartOf":{"@id":"https:\/\/akum.lv\/#website"},"primaryImageOfPage":{"@id":"https:\/\/akum.lv\/ru\/prece\/saules-baterija-panelis-mwg-80-80w-12v-l668-w770-h30-ip65-polycrystalline-solar-panel\/#primaryimage"},"image":{"@id":"https:\/\/akum.lv\/ru\/prece\/saules-baterija-panelis-mwg-80-80w-12v-l668-w770-h30-ip65-polycrystalline-solar-panel\/#primaryimage"},"thumbnailUrl":"https:\/\/akum.lv\/wp-content\/uploads\/2019\/02\/SOL.-pan_mwg-1.jpg","datePublished":"2022-10-12T14:10:59+00:00","dateModified":"2025-07-22T12:38:33+00:00","breadcrumb":{"@id":"https:\/\/akum.lv\/ru\/prece\/saules-baterija-panelis-mwg-80-80w-12v-l668-w770-h30-ip65-polycrystalline-solar-panel\/#breadcrumb"},"inLanguage":"ru-RU","potentialAction":[{"@type":"ReadAction","target":["https:\/\/akum.lv\/ru\/prece\/saules-baterija-panelis-mwg-80-80w-12v-l668-w770-h30-ip65-polycrystalline-solar-panel\/"]}]},{"@type":"ImageObject","inLanguage":"ru-RU","@id":"https:\/\/akum.lv\/ru\/prece\/saules-baterija-panelis-mwg-80-80w-12v-l668-w770-h30-ip65-polycrystalline-solar-panel\/#primaryimage","url":"https:\/\/akum.lv\/wp-content\/uploads\/2019\/02\/SOL.-pan_mwg-1.jpg","contentUrl":"https:\/\/akum.lv\/wp-content\/uploads\/2019\/02\/SOL.-pan_mwg-1.jpg","width":370,"height":353},{"@type":"BreadcrumbList","@id":"https:\/\/akum.lv\/ru\/prece\/saules-baterija-panelis-mwg-80-80w-12v-l668-w770-h30-ip65-polycrystalline-solar-panel\/#breadcrumb","itemListElement":[{"@type":"ListItem","position":1,"name":"\u0413\u043b\u0430\u0432\u043d\u0430\u044f \u0441\u0442\u0440\u0430\u043d\u0438\u0446\u0430","item":"https:\/\/akum.lv\/ru\/"},{"@type":"ListItem","position":2,"name":"PRECES","item":"https:\/\/akum.lv\/produkti-preces\/"},{"@type":"ListItem","position":3,"name":"Saules baterija panelis MWG-80 80W-12V \/ L770 W668 H30, IP65 \/ Polycrystalline Solar Panel"}]},{"@type":"WebSite","@id":"https:\/\/akum.lv\/#website","url":"https:\/\/akum.lv\/","name":"www.akum.lv","description":"Akumulatoru p\u0101rdev\u0113js | \u041f\u0440\u043e\u0434\u0430\u0432\u0435\u0446 \u0430\u043a\u043a\u0443\u043c\u0443\u043b\u044f\u0442\u043e\u0440\u043e\u0432 | Battery seller","publisher":{"@id":"https:\/\/akum.lv\/#organization"},"potentialAction":[{"@type":"SearchAction","target":{"@type":"EntryPoint","urlTemplate":"https:\/\/akum.lv\/?s={search_term_string}"},"query-input":{"@type":"PropertyValueSpecification","valueRequired":true,"valueName":"search_term_string"}}],"inLanguage":"ru-RU"},{"@type":"Organization","@id":"https:\/\/akum.lv\/#organization","name":"HubEnergy","url":"https:\/\/akum.lv\/","logo":{"@type":"ImageObject","inLanguage":"ru-RU","@id":"https:\/\/akum.lv\/#\/schema\/logo\/image\/","url":"https:\/\/akum.lv\/wp-content\/uploads\/2018\/08\/Logo-hub-energy-2018-seller-dark-blue.png","contentUrl":"https:\/\/akum.lv\/wp-content\/uploads\/2018\/08\/Logo-hub-energy-2018-seller-dark-blue.png","width":381,"height":75,"caption":"HubEnergy"},"image":{"@id":"https:\/\/akum.lv\/#\/schema\/logo\/image\/"}}]}},"brands":[{"id":455,"name":"MW GREEN POWER","slug":"mw-green-power-ru"}],"_links":{"self":[{"href":"https:\/\/akum.lv\/ru\/wp-json\/wp\/v2\/product\/13475","targetHints":{"allow":["GET"]}}],"collection":[{"href":"https:\/\/akum.lv\/ru\/wp-json\/wp\/v2\/product"}],"about":[{"href":"https:\/\/akum.lv\/ru\/wp-json\/wp\/v2\/types\/product"}],"wp:featuredmedia":[{"embeddable":true,"href":"https:\/\/akum.lv\/ru\/wp-json\/wp\/v2\/media\/4832"}],"wp:attachment":[{"href":"https:\/\/akum.lv\/ru\/wp-json\/wp\/v2\/media?parent=13475"}],"wp:term":[{"taxonomy":"pwb-brand","embeddable":true,"href":"https:\/\/akum.lv\/ru\/wp-json\/wp\/v2\/pwb-brand?post=13475"},{"taxonomy":"product_brand","embeddable":true,"href":"https:\/\/akum.lv\/ru\/wp-json\/wp\/v2\/product_brand?post=13475"},{"taxonomy":"product_cat","embeddable":true,"href":"https:\/\/akum.lv\/ru\/wp-json\/wp\/v2\/product_cat?post=13475"},{"taxonomy":"product_tag","embeddable":true,"href":"https:\/\/akum.lv\/ru\/wp-json\/wp\/v2\/product_tag?post=13475"}],"curies":[{"name":"wp","href":"https:\/\/api.w.org\/{rel}","templated":true}]}}