{"id":13400,"date":"2022-10-04T20:20:24","date_gmt":"2022-10-04T20:20:24","guid":{"rendered":"https:\/\/akum.lv\/product\/exide-equipment-gel-es1300-12v-120ah-cca-en-750a-l350-w175-h290\/"},"modified":"2024-11-25T11:25:24","modified_gmt":"2024-11-25T11:25:24","slug":"exide-equipment-gel-es1300-12v-120ah-cca-en-750a-l350-w175-h290","status":"publish","type":"product","link":"https:\/\/akum.lv\/ru\/prece\/exide-equipment-gel-es1300-12v-120ah-cca-en-750a-l350-w175-h290\/","title":{"rendered":"EXIDE ES1300 EQUIPMENT GEL battery 12V 120Ah CCA (EN) 750A L350 W175 H290"},"content":{"rendered":"","protected":false},"excerpt":{"rendered":"<p>EXIDE ES1300 EQUIPMENT GEL battery 12V 120Ah CCA (EN) 750A L350 W175 H290<\/p>\n<p>Marine &amp; Leisure<\/p>\n<p><img loading=\"lazy\" decoding=\"async\" class=\"alignnone size-full wp-image-11436\" src=\"https:\/\/akum.lv\/wp-content\/uploads\/2021\/12\/pdf-icon.png\" alt=\"\" width=\"50\" height=\"50\" \/> <strong>&#8212; <a href=\"https:\/\/akum.lv\/wp-content\/uploads\/2022\/10\/Eguipment-GEL-ES1300.pdf\">Eguipment GEL ES1300<\/a><\/strong><\/p>\n<p><img loading=\"lazy\" decoding=\"async\" class=\"alignnone size-full wp-image-11436\" src=\"https:\/\/akum.lv\/wp-content\/uploads\/2021\/12\/pdf-icon.png\" alt=\"\" width=\"50\" height=\"50\" \/><strong> &#8212; <a href=\"https:\/\/akum.lv\/wp-content\/uploads\/2022\/10\/EXIDE_EQUIPMENT-GEL_ENG_catalogue_web.pdf\">EXIDE_EQUIPMENT GEL_ENG_catalogue_web<\/a><\/strong><\/p>\n<p>Exide EQUIPMENT GEL akumulatoru kl\u0101sts ir paredz\u0113ts laiv\u0101m un dz\u012bvojamaj\u0101m m\u0101j\u0101m ar \u012bpa\u0161iem akumulatoru komplektiem navig\u0101cijai, av\u0101rijas, dro\u0161\u012bbas un komforta nodro\u0161in\u0101\u0161anai.<br \/>\nLieto\u0161anas laik\u0101 akumulatori ir da\u013c\u0113ji vai pat dzi\u013ci izl\u0101d\u0113ju\u0161ies.<br \/>\n\u012apa\u0161ais EQUIPMENT GEL dizains apvienojum\u0101 ar labu uzl\u0101des proced\u016bru nodro\u0161ina uzticamu veiktsp\u0113ju un ilgu kalpo\u0161anas laiku.<br \/>\nEQUIPMENT GEL diapazons no 290 Wh l\u012bdz 2400 Wh sedz visas j\u016bsu ener\u0123ijas vajadz\u012bbas, no mazas elektronikas l\u012bdz av\u0101rijas jaudai.<\/p>\n<p>\u0410\u0441\u0441\u043e\u0440\u0442\u0438\u043c\u0435\u043d\u0442 \u0430\u043a\u043a\u0443\u043c\u0443\u043b\u044f\u0442\u043e\u0440\u043e\u0432 Exide EQUIPMENT GEL \u043f\u0440\u0435\u0434\u043d\u0430\u0437\u043d\u0430\u0447\u0435\u043d \u0434\u043b\u044f \u043b\u043e\u0434\u043e\u043a \u0438 \u0434\u043e\u043c\u043e\u0432 \u043d\u0430 \u043a\u043e\u043b\u0435\u0441\u0430\u0445 \u0441\u043e \u0441\u043f\u0435\u0446\u0438\u0430\u043b\u044c\u043d\u044b\u043c\u0438 \u0431\u043b\u043e\u043a\u0430\u043c\u0438 \u0430\u043a\u043a\u0443\u043c\u0443\u043b\u044f\u0442\u043e\u0440\u043e\u0432 \u0434\u043b\u044f \u043d\u0430\u0432\u0438\u0433\u0430\u0446\u0438\u0438, \u0430\u0432\u0430\u0440\u0438\u0439\u043d\u044b\u0445 \u0441\u0438\u0442\u0443\u0430\u0446\u0438\u0439, \u0431\u0435\u0437\u043e\u043f\u0430\u0441\u043d\u043e\u0441\u0442\u0438 \u0438 \u043a\u043e\u043c\u0444\u043e\u0440\u0442\u0430.<br \/>\n\u0410\u043a\u043a\u0443\u043c\u0443\u043b\u044f\u0442\u043e\u0440\u044b \u0447\u0430\u0441\u0442\u0438\u0447\u043d\u043e \u0438\u043b\u0438 \u0434\u0430\u0436\u0435 \u0433\u043b\u0443\u0431\u043e\u043a\u043e \u0440\u0430\u0437\u0440\u044f\u0436\u0430\u044e\u0442\u0441\u044f \u0432\u043e \u0432\u0440\u0435\u043c\u044f \u0438\u0441\u043f\u043e\u043b\u044c\u0437\u043e\u0432\u0430\u043d\u0438\u044f.<br \/>\n\u0421\u043f\u0435\u0446\u0438\u0430\u043b\u044c\u043d\u0430\u044f \u043a\u043e\u043d\u0441\u0442\u0440\u0443\u043a\u0446\u0438\u044f EQUIPMENT GEL \u0432 \u0441\u043e\u0447\u0435\u0442\u0430\u043d\u0438\u0438 \u0441 \u0445\u043e\u0440\u043e\u0448\u0435\u0439 \u043f\u0440\u043e\u0446\u0435\u0434\u0443\u0440\u043e\u0439 \u043f\u0435\u0440\u0435\u0437\u0430\u0440\u044f\u0434\u043a\u0438 \u043e\u0431\u0435\u0441\u043f\u0435\u0447\u0438\u0432\u0430\u0435\u0442 \u043d\u0430\u0434\u0435\u0436\u043d\u0443\u044e \u0440\u0430\u0431\u043e\u0442\u0443 \u0438 \u0434\u043b\u0438\u0442\u0435\u043b\u044c\u043d\u044b\u0439 \u0441\u0440\u043e\u043a \u0441\u043b\u0443\u0436\u0431\u044b.<br \/>\n\u0410\u0441\u0441\u043e\u0440\u0442\u0438\u043c\u0435\u043d\u0442 EQUIPMENT GEL \u043c\u043e\u0449\u043d\u043e\u0441\u0442\u044c\u044e \u043e\u0442 290 \u0434\u043e 2400 \u0412\u0442\u22c5\u0447 \u043f\u043e\u043a\u0440\u044b\u0432\u0430\u0435\u0442 \u0432\u0441\u0435 \u0432\u0430\u0448\u0438 \u043f\u043e\u0442\u0440\u0435\u0431\u043d\u043e\u0441\u0442\u0438 \u0432 \u044d\u043b\u0435\u043a\u0442\u0440\u043e\u0441\u043d\u0430\u0431\u0436\u0435\u043d\u0438\u0438, \u043e\u0442 \u043d\u0435\u0431\u043e\u043b\u044c\u0448\u043e\u0439 \u044d\u043b\u0435\u043a\u0442\u0440\u043e\u043d\u0438\u043a\u0438 \u0434\u043e \u0430\u0432\u0430\u0440\u0438\u0439\u043d\u043e\u0433\u043e \u043f\u0438\u0442\u0430\u043d\u0438\u044f.<\/p>\n<p>Exide\u2019s EQUIPMENT GEL battery range is designed for boats and caravans with dedicated battery banks for navigation, emergencies, safety and comfort.<br \/>\nThe batteries are partially or even deeply discharged during use.<br \/>\nEQUIPMENT GEL\u2019s special design, combined with a good recharging procedure, allows for reliable performance and excellent service life.<br \/>\nThe EQUIPMENT GEL range, with Wh* performance from 290 2400Wh, covers all your equipment supply needs, from small electronics to emergency power.<\/p>\n<p>&nbsp;<\/p>\n","protected":false},"featured_media":13398,"template":"","meta":[],"pwb-brand":[338],"product_brand":[],"product_cat":[379,547,270,272,273,267],"product_tag":[],"class_list":{"0":"post-13400","1":"product","2":"type-product","3":"status-publish","4":"has-post-thumbnail","6":"pwb-brand-exide-technologies-ru","7":"product_cat-akkumuljatory-tehnologii-gel","8":"product_cat-12v-gel-ru","9":"product_cat-akkumuljatory-dlja-vodnogo-transporta","10":"product_cat-akumulatori-laivu-elektromotoriem-eholotei","11":"product_cat-akkumuljatory-dlja-jaht-i-katerov","12":"product_cat-akumulatori-elektro-transportam","14":"first","15":"instock","16":"taxable","17":"shipping-taxable","18":"purchasable","19":"product-type-simple"},"yoast_head":"<!-- This site is optimized with the Yoast SEO plugin v26.7 - https:\/\/yoast.com\/wordpress\/plugins\/seo\/ -->\n<title>EXIDE ES1300 EQUIPMENT GEL battery 12V 120Ah CCA (EN) 750A L350 W175 H290 - www.akum.lv<\/title>\n<meta name=\"robots\" content=\"index, follow, max-snippet:-1, max-image-preview:large, max-video-preview:-1\" \/>\n<link rel=\"canonical\" href=\"https:\/\/akum.lv\/ru\/prece\/exide-equipment-gel-es1300-12v-120ah-cca-en-750a-l350-w175-h290\/\" \/>\n<meta property=\"og:locale\" content=\"ru_RU\" \/>\n<meta property=\"og:type\" content=\"article\" \/>\n<meta property=\"og:title\" content=\"EXIDE ES1300 EQUIPMENT GEL battery 12V 120Ah CCA (EN) 750A L350 W175 H290 - www.akum.lv\" \/>\n<meta property=\"og:description\" content=\"EXIDE ES1300 EQUIPMENT GEL battery 12V 120Ah CCA (EN) 750A L350 W175 H290  Marine &amp; Leisure   - Eguipment GEL ES1300   - EXIDE_EQUIPMENT GEL_ENG_catalogue_web  Exide EQUIPMENT GEL akumulatoru kl\u0101sts ir paredz\u0113ts laiv\u0101m un dz\u012bvojamaj\u0101m m\u0101j\u0101m ar \u012bpa\u0161iem akumulatoru komplektiem navig\u0101cijai, av\u0101rijas, dro\u0161\u012bbas un komforta nodro\u0161in\u0101\u0161anai. Lieto\u0161anas laik\u0101 akumulatori ir da\u013c\u0113ji vai pat dzi\u013ci izl\u0101d\u0113ju\u0161ies. \u012apa\u0161ais EQUIPMENT GEL dizains apvienojum\u0101 ar labu uzl\u0101des proced\u016bru nodro\u0161ina uzticamu veiktsp\u0113ju un ilgu kalpo\u0161anas laiku. EQUIPMENT GEL diapazons no 290 Wh l\u012bdz 2400 Wh sedz visas j\u016bsu ener\u0123ijas vajadz\u012bbas, no mazas elektronikas l\u012bdz av\u0101rijas jaudai.  \u0410\u0441\u0441\u043e\u0440\u0442\u0438\u043c\u0435\u043d\u0442 \u0430\u043a\u043a\u0443\u043c\u0443\u043b\u044f\u0442\u043e\u0440\u043e\u0432 Exide EQUIPMENT GEL \u043f\u0440\u0435\u0434\u043d\u0430\u0437\u043d\u0430\u0447\u0435\u043d \u0434\u043b\u044f \u043b\u043e\u0434\u043e\u043a \u0438 \u0434\u043e\u043c\u043e\u0432 \u043d\u0430 \u043a\u043e\u043b\u0435\u0441\u0430\u0445 \u0441\u043e \u0441\u043f\u0435\u0446\u0438\u0430\u043b\u044c\u043d\u044b\u043c\u0438 \u0431\u043b\u043e\u043a\u0430\u043c\u0438 \u0430\u043a\u043a\u0443\u043c\u0443\u043b\u044f\u0442\u043e\u0440\u043e\u0432 \u0434\u043b\u044f \u043d\u0430\u0432\u0438\u0433\u0430\u0446\u0438\u0438, \u0430\u0432\u0430\u0440\u0438\u0439\u043d\u044b\u0445 \u0441\u0438\u0442\u0443\u0430\u0446\u0438\u0439, \u0431\u0435\u0437\u043e\u043f\u0430\u0441\u043d\u043e\u0441\u0442\u0438 \u0438 \u043a\u043e\u043c\u0444\u043e\u0440\u0442\u0430. \u0410\u043a\u043a\u0443\u043c\u0443\u043b\u044f\u0442\u043e\u0440\u044b \u0447\u0430\u0441\u0442\u0438\u0447\u043d\u043e \u0438\u043b\u0438 \u0434\u0430\u0436\u0435 \u0433\u043b\u0443\u0431\u043e\u043a\u043e \u0440\u0430\u0437\u0440\u044f\u0436\u0430\u044e\u0442\u0441\u044f \u0432\u043e \u0432\u0440\u0435\u043c\u044f \u0438\u0441\u043f\u043e\u043b\u044c\u0437\u043e\u0432\u0430\u043d\u0438\u044f. \u0421\u043f\u0435\u0446\u0438\u0430\u043b\u044c\u043d\u0430\u044f \u043a\u043e\u043d\u0441\u0442\u0440\u0443\u043a\u0446\u0438\u044f EQUIPMENT GEL \u0432 \u0441\u043e\u0447\u0435\u0442\u0430\u043d\u0438\u0438 \u0441 \u0445\u043e\u0440\u043e\u0448\u0435\u0439 \u043f\u0440\u043e\u0446\u0435\u0434\u0443\u0440\u043e\u0439 \u043f\u0435\u0440\u0435\u0437\u0430\u0440\u044f\u0434\u043a\u0438 \u043e\u0431\u0435\u0441\u043f\u0435\u0447\u0438\u0432\u0430\u0435\u0442 \u043d\u0430\u0434\u0435\u0436\u043d\u0443\u044e \u0440\u0430\u0431\u043e\u0442\u0443 \u0438 \u0434\u043b\u0438\u0442\u0435\u043b\u044c\u043d\u044b\u0439 \u0441\u0440\u043e\u043a \u0441\u043b\u0443\u0436\u0431\u044b. \u0410\u0441\u0441\u043e\u0440\u0442\u0438\u043c\u0435\u043d\u0442 EQUIPMENT GEL \u043c\u043e\u0449\u043d\u043e\u0441\u0442\u044c\u044e \u043e\u0442 290 \u0434\u043e 2400 \u0412\u0442\u22c5\u0447 \u043f\u043e\u043a\u0440\u044b\u0432\u0430\u0435\u0442 \u0432\u0441\u0435 \u0432\u0430\u0448\u0438 \u043f\u043e\u0442\u0440\u0435\u0431\u043d\u043e\u0441\u0442\u0438 \u0432 \u044d\u043b\u0435\u043a\u0442\u0440\u043e\u0441\u043d\u0430\u0431\u0436\u0435\u043d\u0438\u0438, \u043e\u0442 \u043d\u0435\u0431\u043e\u043b\u044c\u0448\u043e\u0439 \u044d\u043b\u0435\u043a\u0442\u0440\u043e\u043d\u0438\u043a\u0438 \u0434\u043e \u0430\u0432\u0430\u0440\u0438\u0439\u043d\u043e\u0433\u043e \u043f\u0438\u0442\u0430\u043d\u0438\u044f.  Exide\u2019s EQUIPMENT GEL battery range is designed for boats and caravans with dedicated battery banks for navigation, emergencies, safety and comfort. The batteries are partially or even deeply discharged during use. EQUIPMENT GEL\u2019s special design, combined with a good recharging procedure, allows for reliable performance and excellent service life. The EQUIPMENT GEL range, with Wh* performance from 290 2400Wh, covers all your equipment supply needs, from small electronics to emergency power.  &nbsp;\" \/>\n<meta property=\"og:url\" content=\"https:\/\/akum.lv\/ru\/prece\/exide-equipment-gel-es1300-12v-120ah-cca-en-750a-l350-w175-h290\/\" \/>\n<meta property=\"og:site_name\" content=\"www.akum.lv\" \/>\n<meta property=\"article:modified_time\" content=\"2024-11-25T11:25:24+00:00\" \/>\n<meta property=\"og:image\" content=\"https:\/\/akum.lv\/wp-content\/uploads\/2022\/10\/ES1300.jpg\" \/>\n\t<meta property=\"og:image:width\" content=\"467\" \/>\n\t<meta property=\"og:image:height\" content=\"400\" \/>\n\t<meta property=\"og:image:type\" content=\"image\/jpeg\" \/>\n<meta name=\"twitter:card\" content=\"summary_large_image\" \/>\n<script type=\"application\/ld+json\" class=\"yoast-schema-graph\">{\"@context\":\"https:\/\/schema.org\",\"@graph\":[{\"@type\":\"WebPage\",\"@id\":\"https:\/\/akum.lv\/ru\/prece\/exide-equipment-gel-es1300-12v-120ah-cca-en-750a-l350-w175-h290\/\",\"url\":\"https:\/\/akum.lv\/ru\/prece\/exide-equipment-gel-es1300-12v-120ah-cca-en-750a-l350-w175-h290\/\",\"name\":\"EXIDE ES1300 EQUIPMENT GEL battery 12V 120Ah CCA (EN) 750A L350 W175 H290 - www.akum.lv\",\"isPartOf\":{\"@id\":\"https:\/\/akum.lv\/#website\"},\"primaryImageOfPage\":{\"@id\":\"https:\/\/akum.lv\/ru\/prece\/exide-equipment-gel-es1300-12v-120ah-cca-en-750a-l350-w175-h290\/#primaryimage\"},\"image\":{\"@id\":\"https:\/\/akum.lv\/ru\/prece\/exide-equipment-gel-es1300-12v-120ah-cca-en-750a-l350-w175-h290\/#primaryimage\"},\"thumbnailUrl\":\"https:\/\/akum.lv\/wp-content\/uploads\/2022\/10\/ES1300.jpg\",\"datePublished\":\"2022-10-04T20:20:24+00:00\",\"dateModified\":\"2024-11-25T11:25:24+00:00\",\"breadcrumb\":{\"@id\":\"https:\/\/akum.lv\/ru\/prece\/exide-equipment-gel-es1300-12v-120ah-cca-en-750a-l350-w175-h290\/#breadcrumb\"},\"inLanguage\":\"ru-RU\",\"potentialAction\":[{\"@type\":\"ReadAction\",\"target\":[\"https:\/\/akum.lv\/ru\/prece\/exide-equipment-gel-es1300-12v-120ah-cca-en-750a-l350-w175-h290\/\"]}]},{\"@type\":\"ImageObject\",\"inLanguage\":\"ru-RU\",\"@id\":\"https:\/\/akum.lv\/ru\/prece\/exide-equipment-gel-es1300-12v-120ah-cca-en-750a-l350-w175-h290\/#primaryimage\",\"url\":\"https:\/\/akum.lv\/wp-content\/uploads\/2022\/10\/ES1300.jpg\",\"contentUrl\":\"https:\/\/akum.lv\/wp-content\/uploads\/2022\/10\/ES1300.jpg\",\"width\":467,\"height\":400},{\"@type\":\"BreadcrumbList\",\"@id\":\"https:\/\/akum.lv\/ru\/prece\/exide-equipment-gel-es1300-12v-120ah-cca-en-750a-l350-w175-h290\/#breadcrumb\",\"itemListElement\":[{\"@type\":\"ListItem\",\"position\":1,\"name\":\"\u0413\u043b\u0430\u0432\u043d\u0430\u044f \u0441\u0442\u0440\u0430\u043d\u0438\u0446\u0430\",\"item\":\"https:\/\/akum.lv\/ru\/\"},{\"@type\":\"ListItem\",\"position\":2,\"name\":\"PRECES\",\"item\":\"https:\/\/akum.lv\/produkti-preces\/\"},{\"@type\":\"ListItem\",\"position\":3,\"name\":\"EXIDE ES1300 EQUIPMENT GEL battery 12V 120Ah CCA (EN) 750A L350 W175 H290\"}]},{\"@type\":\"WebSite\",\"@id\":\"https:\/\/akum.lv\/#website\",\"url\":\"https:\/\/akum.lv\/\",\"name\":\"www.akum.lv\",\"description\":\"Akumulatoru p\u0101rdev\u0113js | \u041f\u0440\u043e\u0434\u0430\u0432\u0435\u0446 \u0430\u043a\u043a\u0443\u043c\u0443\u043b\u044f\u0442\u043e\u0440\u043e\u0432 | Battery seller\",\"publisher\":{\"@id\":\"https:\/\/akum.lv\/#organization\"},\"potentialAction\":[{\"@type\":\"SearchAction\",\"target\":{\"@type\":\"EntryPoint\",\"urlTemplate\":\"https:\/\/akum.lv\/?s={search_term_string}\"},\"query-input\":{\"@type\":\"PropertyValueSpecification\",\"valueRequired\":true,\"valueName\":\"search_term_string\"}}],\"inLanguage\":\"ru-RU\"},{\"@type\":\"Organization\",\"@id\":\"https:\/\/akum.lv\/#organization\",\"name\":\"HubEnergy\",\"url\":\"https:\/\/akum.lv\/\",\"logo\":{\"@type\":\"ImageObject\",\"inLanguage\":\"ru-RU\",\"@id\":\"https:\/\/akum.lv\/#\/schema\/logo\/image\/\",\"url\":\"https:\/\/akum.lv\/wp-content\/uploads\/2018\/08\/Logo-hub-energy-2018-seller-dark-blue.png\",\"contentUrl\":\"https:\/\/akum.lv\/wp-content\/uploads\/2018\/08\/Logo-hub-energy-2018-seller-dark-blue.png\",\"width\":381,\"height\":75,\"caption\":\"HubEnergy\"},\"image\":{\"@id\":\"https:\/\/akum.lv\/#\/schema\/logo\/image\/\"}}]}<\/script>\n<!-- \/ Yoast SEO plugin. -->","yoast_head_json":{"title":"EXIDE ES1300 EQUIPMENT GEL battery 12V 120Ah CCA (EN) 750A L350 W175 H290 - www.akum.lv","robots":{"index":"index","follow":"follow","max-snippet":"max-snippet:-1","max-image-preview":"max-image-preview:large","max-video-preview":"max-video-preview:-1"},"canonical":"https:\/\/akum.lv\/ru\/prece\/exide-equipment-gel-es1300-12v-120ah-cca-en-750a-l350-w175-h290\/","og_locale":"ru_RU","og_type":"article","og_title":"EXIDE ES1300 EQUIPMENT GEL battery 12V 120Ah CCA (EN) 750A L350 W175 H290 - www.akum.lv","og_description":"EXIDE ES1300 EQUIPMENT GEL battery 12V 120Ah CCA (EN) 750A L350 W175 H290  Marine &amp; Leisure   - Eguipment GEL ES1300   - EXIDE_EQUIPMENT GEL_ENG_catalogue_web  Exide EQUIPMENT GEL akumulatoru kl\u0101sts ir paredz\u0113ts laiv\u0101m un dz\u012bvojamaj\u0101m m\u0101j\u0101m ar \u012bpa\u0161iem akumulatoru komplektiem navig\u0101cijai, av\u0101rijas, dro\u0161\u012bbas un komforta nodro\u0161in\u0101\u0161anai. Lieto\u0161anas laik\u0101 akumulatori ir da\u013c\u0113ji vai pat dzi\u013ci izl\u0101d\u0113ju\u0161ies. \u012apa\u0161ais EQUIPMENT GEL dizains apvienojum\u0101 ar labu uzl\u0101des proced\u016bru nodro\u0161ina uzticamu veiktsp\u0113ju un ilgu kalpo\u0161anas laiku. EQUIPMENT GEL diapazons no 290 Wh l\u012bdz 2400 Wh sedz visas j\u016bsu ener\u0123ijas vajadz\u012bbas, no mazas elektronikas l\u012bdz av\u0101rijas jaudai.  \u0410\u0441\u0441\u043e\u0440\u0442\u0438\u043c\u0435\u043d\u0442 \u0430\u043a\u043a\u0443\u043c\u0443\u043b\u044f\u0442\u043e\u0440\u043e\u0432 Exide EQUIPMENT GEL \u043f\u0440\u0435\u0434\u043d\u0430\u0437\u043d\u0430\u0447\u0435\u043d \u0434\u043b\u044f \u043b\u043e\u0434\u043e\u043a \u0438 \u0434\u043e\u043c\u043e\u0432 \u043d\u0430 \u043a\u043e\u043b\u0435\u0441\u0430\u0445 \u0441\u043e \u0441\u043f\u0435\u0446\u0438\u0430\u043b\u044c\u043d\u044b\u043c\u0438 \u0431\u043b\u043e\u043a\u0430\u043c\u0438 \u0430\u043a\u043a\u0443\u043c\u0443\u043b\u044f\u0442\u043e\u0440\u043e\u0432 \u0434\u043b\u044f \u043d\u0430\u0432\u0438\u0433\u0430\u0446\u0438\u0438, \u0430\u0432\u0430\u0440\u0438\u0439\u043d\u044b\u0445 \u0441\u0438\u0442\u0443\u0430\u0446\u0438\u0439, \u0431\u0435\u0437\u043e\u043f\u0430\u0441\u043d\u043e\u0441\u0442\u0438 \u0438 \u043a\u043e\u043c\u0444\u043e\u0440\u0442\u0430. \u0410\u043a\u043a\u0443\u043c\u0443\u043b\u044f\u0442\u043e\u0440\u044b \u0447\u0430\u0441\u0442\u0438\u0447\u043d\u043e \u0438\u043b\u0438 \u0434\u0430\u0436\u0435 \u0433\u043b\u0443\u0431\u043e\u043a\u043e \u0440\u0430\u0437\u0440\u044f\u0436\u0430\u044e\u0442\u0441\u044f \u0432\u043e \u0432\u0440\u0435\u043c\u044f \u0438\u0441\u043f\u043e\u043b\u044c\u0437\u043e\u0432\u0430\u043d\u0438\u044f. \u0421\u043f\u0435\u0446\u0438\u0430\u043b\u044c\u043d\u0430\u044f \u043a\u043e\u043d\u0441\u0442\u0440\u0443\u043a\u0446\u0438\u044f EQUIPMENT GEL \u0432 \u0441\u043e\u0447\u0435\u0442\u0430\u043d\u0438\u0438 \u0441 \u0445\u043e\u0440\u043e\u0448\u0435\u0439 \u043f\u0440\u043e\u0446\u0435\u0434\u0443\u0440\u043e\u0439 \u043f\u0435\u0440\u0435\u0437\u0430\u0440\u044f\u0434\u043a\u0438 \u043e\u0431\u0435\u0441\u043f\u0435\u0447\u0438\u0432\u0430\u0435\u0442 \u043d\u0430\u0434\u0435\u0436\u043d\u0443\u044e \u0440\u0430\u0431\u043e\u0442\u0443 \u0438 \u0434\u043b\u0438\u0442\u0435\u043b\u044c\u043d\u044b\u0439 \u0441\u0440\u043e\u043a \u0441\u043b\u0443\u0436\u0431\u044b. \u0410\u0441\u0441\u043e\u0440\u0442\u0438\u043c\u0435\u043d\u0442 EQUIPMENT GEL \u043c\u043e\u0449\u043d\u043e\u0441\u0442\u044c\u044e \u043e\u0442 290 \u0434\u043e 2400 \u0412\u0442\u22c5\u0447 \u043f\u043e\u043a\u0440\u044b\u0432\u0430\u0435\u0442 \u0432\u0441\u0435 \u0432\u0430\u0448\u0438 \u043f\u043e\u0442\u0440\u0435\u0431\u043d\u043e\u0441\u0442\u0438 \u0432 \u044d\u043b\u0435\u043a\u0442\u0440\u043e\u0441\u043d\u0430\u0431\u0436\u0435\u043d\u0438\u0438, \u043e\u0442 \u043d\u0435\u0431\u043e\u043b\u044c\u0448\u043e\u0439 \u044d\u043b\u0435\u043a\u0442\u0440\u043e\u043d\u0438\u043a\u0438 \u0434\u043e \u0430\u0432\u0430\u0440\u0438\u0439\u043d\u043e\u0433\u043e \u043f\u0438\u0442\u0430\u043d\u0438\u044f.  Exide\u2019s EQUIPMENT GEL battery range is designed for boats and caravans with dedicated battery banks for navigation, emergencies, safety and comfort. The batteries are partially or even deeply discharged during use. EQUIPMENT GEL\u2019s special design, combined with a good recharging procedure, allows for reliable performance and excellent service life. The EQUIPMENT GEL range, with Wh* performance from 290 2400Wh, covers all your equipment supply needs, from small electronics to emergency power.  &nbsp;","og_url":"https:\/\/akum.lv\/ru\/prece\/exide-equipment-gel-es1300-12v-120ah-cca-en-750a-l350-w175-h290\/","og_site_name":"www.akum.lv","article_modified_time":"2024-11-25T11:25:24+00:00","og_image":[{"width":467,"height":400,"url":"https:\/\/akum.lv\/wp-content\/uploads\/2022\/10\/ES1300.jpg","type":"image\/jpeg"}],"twitter_card":"summary_large_image","schema":{"@context":"https:\/\/schema.org","@graph":[{"@type":"WebPage","@id":"https:\/\/akum.lv\/ru\/prece\/exide-equipment-gel-es1300-12v-120ah-cca-en-750a-l350-w175-h290\/","url":"https:\/\/akum.lv\/ru\/prece\/exide-equipment-gel-es1300-12v-120ah-cca-en-750a-l350-w175-h290\/","name":"EXIDE ES1300 EQUIPMENT GEL battery 12V 120Ah CCA (EN) 750A L350 W175 H290 - www.akum.lv","isPartOf":{"@id":"https:\/\/akum.lv\/#website"},"primaryImageOfPage":{"@id":"https:\/\/akum.lv\/ru\/prece\/exide-equipment-gel-es1300-12v-120ah-cca-en-750a-l350-w175-h290\/#primaryimage"},"image":{"@id":"https:\/\/akum.lv\/ru\/prece\/exide-equipment-gel-es1300-12v-120ah-cca-en-750a-l350-w175-h290\/#primaryimage"},"thumbnailUrl":"https:\/\/akum.lv\/wp-content\/uploads\/2022\/10\/ES1300.jpg","datePublished":"2022-10-04T20:20:24+00:00","dateModified":"2024-11-25T11:25:24+00:00","breadcrumb":{"@id":"https:\/\/akum.lv\/ru\/prece\/exide-equipment-gel-es1300-12v-120ah-cca-en-750a-l350-w175-h290\/#breadcrumb"},"inLanguage":"ru-RU","potentialAction":[{"@type":"ReadAction","target":["https:\/\/akum.lv\/ru\/prece\/exide-equipment-gel-es1300-12v-120ah-cca-en-750a-l350-w175-h290\/"]}]},{"@type":"ImageObject","inLanguage":"ru-RU","@id":"https:\/\/akum.lv\/ru\/prece\/exide-equipment-gel-es1300-12v-120ah-cca-en-750a-l350-w175-h290\/#primaryimage","url":"https:\/\/akum.lv\/wp-content\/uploads\/2022\/10\/ES1300.jpg","contentUrl":"https:\/\/akum.lv\/wp-content\/uploads\/2022\/10\/ES1300.jpg","width":467,"height":400},{"@type":"BreadcrumbList","@id":"https:\/\/akum.lv\/ru\/prece\/exide-equipment-gel-es1300-12v-120ah-cca-en-750a-l350-w175-h290\/#breadcrumb","itemListElement":[{"@type":"ListItem","position":1,"name":"\u0413\u043b\u0430\u0432\u043d\u0430\u044f \u0441\u0442\u0440\u0430\u043d\u0438\u0446\u0430","item":"https:\/\/akum.lv\/ru\/"},{"@type":"ListItem","position":2,"name":"PRECES","item":"https:\/\/akum.lv\/produkti-preces\/"},{"@type":"ListItem","position":3,"name":"EXIDE ES1300 EQUIPMENT GEL battery 12V 120Ah CCA (EN) 750A L350 W175 H290"}]},{"@type":"WebSite","@id":"https:\/\/akum.lv\/#website","url":"https:\/\/akum.lv\/","name":"www.akum.lv","description":"Akumulatoru p\u0101rdev\u0113js | \u041f\u0440\u043e\u0434\u0430\u0432\u0435\u0446 \u0430\u043a\u043a\u0443\u043c\u0443\u043b\u044f\u0442\u043e\u0440\u043e\u0432 | Battery seller","publisher":{"@id":"https:\/\/akum.lv\/#organization"},"potentialAction":[{"@type":"SearchAction","target":{"@type":"EntryPoint","urlTemplate":"https:\/\/akum.lv\/?s={search_term_string}"},"query-input":{"@type":"PropertyValueSpecification","valueRequired":true,"valueName":"search_term_string"}}],"inLanguage":"ru-RU"},{"@type":"Organization","@id":"https:\/\/akum.lv\/#organization","name":"HubEnergy","url":"https:\/\/akum.lv\/","logo":{"@type":"ImageObject","inLanguage":"ru-RU","@id":"https:\/\/akum.lv\/#\/schema\/logo\/image\/","url":"https:\/\/akum.lv\/wp-content\/uploads\/2018\/08\/Logo-hub-energy-2018-seller-dark-blue.png","contentUrl":"https:\/\/akum.lv\/wp-content\/uploads\/2018\/08\/Logo-hub-energy-2018-seller-dark-blue.png","width":381,"height":75,"caption":"HubEnergy"},"image":{"@id":"https:\/\/akum.lv\/#\/schema\/logo\/image\/"}}]}},"brands":[{"id":338,"name":"EXIDE TECHNOLOGIES","slug":"exide-technologies-ru"}],"_links":{"self":[{"href":"https:\/\/akum.lv\/ru\/wp-json\/wp\/v2\/product\/13400","targetHints":{"allow":["GET"]}}],"collection":[{"href":"https:\/\/akum.lv\/ru\/wp-json\/wp\/v2\/product"}],"about":[{"href":"https:\/\/akum.lv\/ru\/wp-json\/wp\/v2\/types\/product"}],"wp:featuredmedia":[{"embeddable":true,"href":"https:\/\/akum.lv\/ru\/wp-json\/wp\/v2\/media\/13398"}],"wp:attachment":[{"href":"https:\/\/akum.lv\/ru\/wp-json\/wp\/v2\/media?parent=13400"}],"wp:term":[{"taxonomy":"pwb-brand","embeddable":true,"href":"https:\/\/akum.lv\/ru\/wp-json\/wp\/v2\/pwb-brand?post=13400"},{"taxonomy":"product_brand","embeddable":true,"href":"https:\/\/akum.lv\/ru\/wp-json\/wp\/v2\/product_brand?post=13400"},{"taxonomy":"product_cat","embeddable":true,"href":"https:\/\/akum.lv\/ru\/wp-json\/wp\/v2\/product_cat?post=13400"},{"taxonomy":"product_tag","embeddable":true,"href":"https:\/\/akum.lv\/ru\/wp-json\/wp\/v2\/product_tag?post=13400"}],"curies":[{"name":"wp","href":"https:\/\/api.w.org\/{rel}","templated":true}]}}