{"id":12380,"date":"2022-06-01T09:34:26","date_gmt":"2022-06-01T09:34:26","guid":{"rendered":"https:\/\/akum.lv\/product\/xtar-mc1-plus-processor-charger-for-li-ion-cylindrical-batteries-universals-ladetajs\/"},"modified":"2025-01-30T10:17:57","modified_gmt":"2025-01-30T10:17:57","slug":"xtar-mc1-plus-processor-charger-for-li-ion-cylindrical-batteries-universals-ladetajs","status":"publish","type":"product","link":"https:\/\/akum.lv\/ru\/prece\/xtar-mc1-plus-processor-charger-for-li-ion-cylindrical-batteries-universals-ladetajs\/","title":{"rendered":"XTAR ANT MC1 PLUS processor charger for Li-ion cylindrical batteries (univers\u0101ls l\u0101d\u0113t\u0101js)"},"content":{"rendered":"","protected":false},"excerpt":{"rendered":"<p>Quick charger for cylindrical batteries Li-ion 18650 Xtar ANT MC1 Plus<\/p>\n<p>Professional processor Charger: for Li-ion cells in sizes 10440, 14500, 14650, 16340, 17500.17670, 18350, 18500, 18650, 18700, 20700, 21700, 22650, 25500, 26650<br \/>\nDisplay showing charge status and charging current<br \/>\nThree-stage charging method: TC\/CC\/CV<br \/>\nReactivation of deeply discharged cells and 0V cells<br \/>\nCharging current: 1A\/0.5 A<br \/>\nCharging voltage: 4, 2V<br \/>\nPowered by Micro USB-no power supply included<br \/>\nProtection: Thermal, short-circuit, before the reverse insertion of the battery<\/p>\n<p>Profesion\u0101ls l\u0101d\u0113t\u0101js litija jonu akumulatoru procesoriem ar izm\u0113riem: 10440, 14500, 14650, 16340, 17500, 17670, 18350, 18500, 18650, 18700, 20700, 20700, 216,25<br \/>\nDisplejs, kas par\u0101da uzl\u0101des st\u0101vokli un uzl\u0101des str\u0101vu<br \/>\nTr\u012bspak\u0101pju uzl\u0101des metode: TC\/CC\/CV<br \/>\nDzi\u013ci izl\u0101d\u0113tu \u0161\u016bnu un 0V \u0161\u016bnu reaktiv\u0101cija<br \/>\nUzl\u0101des str\u0101va: 1A\/0,5A<br \/>\nUzl\u0101des spriegums: 4,2V<br \/>\nDarbojas ar Micro USB &#8212; baro\u0161anas avots nav iek\u013cauts<br \/>\nAizsardz\u012bba: termisks, \u012bssavienojums, pirms akumulatora atk\u0101rtotas ievieto\u0161anas<\/p>\n<p>\u041f\u0440\u043e\u0444\u0435\u0441\u0441\u0438\u043e\u043d\u0430\u043b\u044c\u043d\u043e\u0435 \u0437\u0430\u0440\u044f\u0434\u043d\u043e\u0435 \u0443\u0441\u0442\u0440\u043e\u0439\u0441\u0442\u0432\u043e \u0434\u043b\u044f \u043f\u0440\u043e\u0446\u0435\u0441\u0441\u043e\u0440\u043e\u0432 \u0434\u043b\u044f \u043b\u0438\u0442\u0438\u0439-\u0438\u043e\u043d\u043d\u044b\u0445 \u0430\u043a\u043a\u0443\u043c\u0443\u043b\u044f\u0442\u043e\u0440\u043e\u0432 \u0442\u0438\u043f\u043e\u0440\u0430\u0437\u043c\u0435\u0440\u043e\u0432: 10440, 14500, 14650, 16340, 17500, 17670, 18350, 18500, 18650, 18700, 20700, 21700, 22650, 25500, 26650<br \/>\n\u0414\u0438\u0441\u043f\u043b\u0435\u0439, \u043f\u043e\u043a\u0430\u0437\u044b\u0432\u0430\u044e\u0449\u0438\u0439 \u0441\u0442\u0430\u0442\u0443\u0441 \u0437\u0430\u0440\u044f\u0434\u0430 \u0438 \u0437\u0430\u0440\u044f\u0434\u043d\u044b\u0439 \u0442\u043e\u043a<br \/>\n\u0422\u0440\u0435\u0445\u044d\u0442\u0430\u043f\u043d\u044b\u0439 \u043c\u0435\u0442\u043e\u0434 \u0437\u0430\u0440\u044f\u0434\u043a\u0438: TC\/CC\/CV<br \/>\n\u0420\u0435\u0430\u043a\u0442\u0438\u0432\u0430\u0446\u0438\u044f \u0433\u043b\u0443\u0431\u043e\u043a\u043e \u0440\u0430\u0437\u0440\u044f\u0436\u0435\u043d\u043d\u044b\u0445 \u044d\u043b\u0435\u043c\u0435\u043d\u0442\u043e\u0432 \u0438 \u044d\u043b\u0435\u043c\u0435\u043d\u0442\u043e\u0432 0V<br \/>\n\u0417\u0430\u0440\u044f\u0434\u043d\u044b\u0439 \u0442\u043e\u043a: 1 \u0410\/0,5 \u0410<br \/>\n\u041d\u0430\u043f\u0440\u044f\u0436\u0435\u043d\u0438\u0435 \u0437\u0430\u0440\u044f\u0434\u043a\u0438: 4, 2\u0412<br \/>\n\u041f\u0438\u0442\u0430\u043d\u0438\u0435 \u043e\u0442 Micro USB-\u0431\u043b\u043e\u043a \u043f\u0438\u0442\u0430\u043d\u0438\u044f \u043d\u0435 \u0432\u0445\u043e\u0434\u0438\u0442 \u0432 \u043a\u043e\u043c\u043f\u043b\u0435\u043a\u0442<br \/>\n\u0417\u0430\u0449\u0438\u0442\u0430: \u0422\u0435\u0440\u043c\u0438\u0447\u0435\u0441\u043a\u0430\u044f, \u041a\u0417, \u043f\u0435\u0440\u0435\u0434 \u043e\u0431\u0440\u0430\u0442\u043d\u043e\u0439 \u0432\u0441\u0442\u0430\u0432\u043a\u043e\u0439 \u0430\u043a\u043a\u0443\u043c\u0443\u043b\u044f\u0442\u043e\u0440\u0430<\/p>\n","protected":false},"featured_media":12383,"template":"","meta":[],"pwb-brand":[660],"product_brand":[],"product_cat":[304,471],"product_tag":[],"class_list":{"0":"post-12380","1":"product","2":"type-product","3":"status-publish","4":"has-post-thumbnail","6":"pwb-brand-xtar-ru","7":"product_cat-litievye-batareki-18650","8":"product_cat-zarjadnye-ustrojstva-dlja-ni-cd-ni-mh-lithium-batareek","9":"pif-has-gallery","11":"first","12":"instock","13":"taxable","14":"shipping-taxable","15":"purchasable","16":"product-type-simple"},"yoast_head":"<!-- This site is optimized with the Yoast SEO plugin v26.7 - https:\/\/yoast.com\/wordpress\/plugins\/seo\/ -->\n<title>XTAR ANT MC1 PLUS processor charger for Li-ion cylindrical batteries (univers\u0101ls l\u0101d\u0113t\u0101js) - www.akum.lv<\/title>\n<meta name=\"robots\" content=\"index, follow, max-snippet:-1, max-image-preview:large, max-video-preview:-1\" \/>\n<link rel=\"canonical\" href=\"https:\/\/akum.lv\/ru\/prece\/xtar-mc1-plus-processor-charger-for-li-ion-cylindrical-batteries-universals-ladetajs\/\" \/>\n<meta property=\"og:locale\" content=\"ru_RU\" \/>\n<meta property=\"og:type\" content=\"article\" \/>\n<meta property=\"og:title\" content=\"XTAR ANT MC1 PLUS processor charger for Li-ion cylindrical batteries (univers\u0101ls l\u0101d\u0113t\u0101js) - www.akum.lv\" \/>\n<meta property=\"og:description\" content=\"Quick charger for cylindrical batteries Li-ion 18650 Xtar ANT MC1 Plus  Professional processor Charger: for Li-ion cells in sizes 10440, 14500, 14650, 16340, 17500.17670, 18350, 18500, 18650, 18700, 20700, 21700, 22650, 25500, 26650 Display showing charge status and charging current Three-stage charging method: TC\/CC\/CV Reactivation of deeply discharged cells and 0V cells Charging current: 1A\/0.5 A Charging voltage: 4, 2V Powered by Micro USB-no power supply included Protection: Thermal, short-circuit, before the reverse insertion of the battery  Profesion\u0101ls l\u0101d\u0113t\u0101js litija jonu akumulatoru procesoriem ar izm\u0113riem: 10440, 14500, 14650, 16340, 17500, 17670, 18350, 18500, 18650, 18700, 20700, 20700, 216,25 Displejs, kas par\u0101da uzl\u0101des st\u0101vokli un uzl\u0101des str\u0101vu Tr\u012bspak\u0101pju uzl\u0101des metode: TC\/CC\/CV Dzi\u013ci izl\u0101d\u0113tu \u0161\u016bnu un 0V \u0161\u016bnu reaktiv\u0101cija Uzl\u0101des str\u0101va: 1A\/0,5A Uzl\u0101des spriegums: 4,2V Darbojas ar Micro USB - baro\u0161anas avots nav iek\u013cauts Aizsardz\u012bba: termisks, \u012bssavienojums, pirms akumulatora atk\u0101rtotas ievieto\u0161anas  \u041f\u0440\u043e\u0444\u0435\u0441\u0441\u0438\u043e\u043d\u0430\u043b\u044c\u043d\u043e\u0435 \u0437\u0430\u0440\u044f\u0434\u043d\u043e\u0435 \u0443\u0441\u0442\u0440\u043e\u0439\u0441\u0442\u0432\u043e \u0434\u043b\u044f \u043f\u0440\u043e\u0446\u0435\u0441\u0441\u043e\u0440\u043e\u0432 \u0434\u043b\u044f \u043b\u0438\u0442\u0438\u0439-\u0438\u043e\u043d\u043d\u044b\u0445 \u0430\u043a\u043a\u0443\u043c\u0443\u043b\u044f\u0442\u043e\u0440\u043e\u0432 \u0442\u0438\u043f\u043e\u0440\u0430\u0437\u043c\u0435\u0440\u043e\u0432: 10440, 14500, 14650, 16340, 17500, 17670, 18350, 18500, 18650, 18700, 20700, 21700, 22650, 25500, 26650 \u0414\u0438\u0441\u043f\u043b\u0435\u0439, \u043f\u043e\u043a\u0430\u0437\u044b\u0432\u0430\u044e\u0449\u0438\u0439 \u0441\u0442\u0430\u0442\u0443\u0441 \u0437\u0430\u0440\u044f\u0434\u0430 \u0438 \u0437\u0430\u0440\u044f\u0434\u043d\u044b\u0439 \u0442\u043e\u043a \u0422\u0440\u0435\u0445\u044d\u0442\u0430\u043f\u043d\u044b\u0439 \u043c\u0435\u0442\u043e\u0434 \u0437\u0430\u0440\u044f\u0434\u043a\u0438: TC\/CC\/CV \u0420\u0435\u0430\u043a\u0442\u0438\u0432\u0430\u0446\u0438\u044f \u0433\u043b\u0443\u0431\u043e\u043a\u043e \u0440\u0430\u0437\u0440\u044f\u0436\u0435\u043d\u043d\u044b\u0445 \u044d\u043b\u0435\u043c\u0435\u043d\u0442\u043e\u0432 \u0438 \u044d\u043b\u0435\u043c\u0435\u043d\u0442\u043e\u0432 0V \u0417\u0430\u0440\u044f\u0434\u043d\u044b\u0439 \u0442\u043e\u043a: 1 \u0410\/0,5 \u0410 \u041d\u0430\u043f\u0440\u044f\u0436\u0435\u043d\u0438\u0435 \u0437\u0430\u0440\u044f\u0434\u043a\u0438: 4, 2\u0412 \u041f\u0438\u0442\u0430\u043d\u0438\u0435 \u043e\u0442 Micro USB-\u0431\u043b\u043e\u043a \u043f\u0438\u0442\u0430\u043d\u0438\u044f \u043d\u0435 \u0432\u0445\u043e\u0434\u0438\u0442 \u0432 \u043a\u043e\u043c\u043f\u043b\u0435\u043a\u0442 \u0417\u0430\u0449\u0438\u0442\u0430: \u0422\u0435\u0440\u043c\u0438\u0447\u0435\u0441\u043a\u0430\u044f, \u041a\u0417, \u043f\u0435\u0440\u0435\u0434 \u043e\u0431\u0440\u0430\u0442\u043d\u043e\u0439 \u0432\u0441\u0442\u0430\u0432\u043a\u043e\u0439 \u0430\u043a\u043a\u0443\u043c\u0443\u043b\u044f\u0442\u043e\u0440\u0430\" \/>\n<meta property=\"og:url\" content=\"https:\/\/akum.lv\/ru\/prece\/xtar-mc1-plus-processor-charger-for-li-ion-cylindrical-batteries-universals-ladetajs\/\" \/>\n<meta property=\"og:site_name\" content=\"www.akum.lv\" \/>\n<meta property=\"article:modified_time\" content=\"2025-01-30T10:17:57+00:00\" \/>\n<meta property=\"og:image\" content=\"https:\/\/akum.lv\/wp-content\/uploads\/2022\/06\/Xtar_ANT_MC1_Plus-2.jpg\" \/>\n\t<meta property=\"og:image:width\" content=\"400\" \/>\n\t<meta property=\"og:image:height\" content=\"343\" \/>\n\t<meta property=\"og:image:type\" content=\"image\/jpeg\" \/>\n<meta name=\"twitter:card\" content=\"summary_large_image\" \/>\n<script type=\"application\/ld+json\" class=\"yoast-schema-graph\">{\"@context\":\"https:\/\/schema.org\",\"@graph\":[{\"@type\":\"WebPage\",\"@id\":\"https:\/\/akum.lv\/ru\/prece\/xtar-mc1-plus-processor-charger-for-li-ion-cylindrical-batteries-universals-ladetajs\/\",\"url\":\"https:\/\/akum.lv\/ru\/prece\/xtar-mc1-plus-processor-charger-for-li-ion-cylindrical-batteries-universals-ladetajs\/\",\"name\":\"XTAR ANT MC1 PLUS processor charger for Li-ion cylindrical batteries (univers\u0101ls l\u0101d\u0113t\u0101js) - www.akum.lv\",\"isPartOf\":{\"@id\":\"https:\/\/akum.lv\/#website\"},\"primaryImageOfPage\":{\"@id\":\"https:\/\/akum.lv\/ru\/prece\/xtar-mc1-plus-processor-charger-for-li-ion-cylindrical-batteries-universals-ladetajs\/#primaryimage\"},\"image\":{\"@id\":\"https:\/\/akum.lv\/ru\/prece\/xtar-mc1-plus-processor-charger-for-li-ion-cylindrical-batteries-universals-ladetajs\/#primaryimage\"},\"thumbnailUrl\":\"https:\/\/akum.lv\/wp-content\/uploads\/2022\/06\/Xtar_ANT_MC1_Plus-2.jpg\",\"datePublished\":\"2022-06-01T09:34:26+00:00\",\"dateModified\":\"2025-01-30T10:17:57+00:00\",\"breadcrumb\":{\"@id\":\"https:\/\/akum.lv\/ru\/prece\/xtar-mc1-plus-processor-charger-for-li-ion-cylindrical-batteries-universals-ladetajs\/#breadcrumb\"},\"inLanguage\":\"ru-RU\",\"potentialAction\":[{\"@type\":\"ReadAction\",\"target\":[\"https:\/\/akum.lv\/ru\/prece\/xtar-mc1-plus-processor-charger-for-li-ion-cylindrical-batteries-universals-ladetajs\/\"]}]},{\"@type\":\"ImageObject\",\"inLanguage\":\"ru-RU\",\"@id\":\"https:\/\/akum.lv\/ru\/prece\/xtar-mc1-plus-processor-charger-for-li-ion-cylindrical-batteries-universals-ladetajs\/#primaryimage\",\"url\":\"https:\/\/akum.lv\/wp-content\/uploads\/2022\/06\/Xtar_ANT_MC1_Plus-2.jpg\",\"contentUrl\":\"https:\/\/akum.lv\/wp-content\/uploads\/2022\/06\/Xtar_ANT_MC1_Plus-2.jpg\",\"width\":400,\"height\":343},{\"@type\":\"BreadcrumbList\",\"@id\":\"https:\/\/akum.lv\/ru\/prece\/xtar-mc1-plus-processor-charger-for-li-ion-cylindrical-batteries-universals-ladetajs\/#breadcrumb\",\"itemListElement\":[{\"@type\":\"ListItem\",\"position\":1,\"name\":\"\u0413\u043b\u0430\u0432\u043d\u0430\u044f \u0441\u0442\u0440\u0430\u043d\u0438\u0446\u0430\",\"item\":\"https:\/\/akum.lv\/ru\/\"},{\"@type\":\"ListItem\",\"position\":2,\"name\":\"PRECES\",\"item\":\"https:\/\/akum.lv\/produkti-preces\/\"},{\"@type\":\"ListItem\",\"position\":3,\"name\":\"XTAR ANT MC1 PLUS processor charger for Li-ion cylindrical batteries (univers\u0101ls l\u0101d\u0113t\u0101js)\"}]},{\"@type\":\"WebSite\",\"@id\":\"https:\/\/akum.lv\/#website\",\"url\":\"https:\/\/akum.lv\/\",\"name\":\"www.akum.lv\",\"description\":\"Akumulatoru p\u0101rdev\u0113js | \u041f\u0440\u043e\u0434\u0430\u0432\u0435\u0446 \u0430\u043a\u043a\u0443\u043c\u0443\u043b\u044f\u0442\u043e\u0440\u043e\u0432 | Battery seller\",\"publisher\":{\"@id\":\"https:\/\/akum.lv\/#organization\"},\"potentialAction\":[{\"@type\":\"SearchAction\",\"target\":{\"@type\":\"EntryPoint\",\"urlTemplate\":\"https:\/\/akum.lv\/?s={search_term_string}\"},\"query-input\":{\"@type\":\"PropertyValueSpecification\",\"valueRequired\":true,\"valueName\":\"search_term_string\"}}],\"inLanguage\":\"ru-RU\"},{\"@type\":\"Organization\",\"@id\":\"https:\/\/akum.lv\/#organization\",\"name\":\"HubEnergy\",\"url\":\"https:\/\/akum.lv\/\",\"logo\":{\"@type\":\"ImageObject\",\"inLanguage\":\"ru-RU\",\"@id\":\"https:\/\/akum.lv\/#\/schema\/logo\/image\/\",\"url\":\"https:\/\/akum.lv\/wp-content\/uploads\/2018\/08\/Logo-hub-energy-2018-seller-dark-blue.png\",\"contentUrl\":\"https:\/\/akum.lv\/wp-content\/uploads\/2018\/08\/Logo-hub-energy-2018-seller-dark-blue.png\",\"width\":381,\"height\":75,\"caption\":\"HubEnergy\"},\"image\":{\"@id\":\"https:\/\/akum.lv\/#\/schema\/logo\/image\/\"}}]}<\/script>\n<!-- \/ Yoast SEO plugin. -->","yoast_head_json":{"title":"XTAR ANT MC1 PLUS processor charger for Li-ion cylindrical batteries (univers\u0101ls l\u0101d\u0113t\u0101js) - www.akum.lv","robots":{"index":"index","follow":"follow","max-snippet":"max-snippet:-1","max-image-preview":"max-image-preview:large","max-video-preview":"max-video-preview:-1"},"canonical":"https:\/\/akum.lv\/ru\/prece\/xtar-mc1-plus-processor-charger-for-li-ion-cylindrical-batteries-universals-ladetajs\/","og_locale":"ru_RU","og_type":"article","og_title":"XTAR ANT MC1 PLUS processor charger for Li-ion cylindrical batteries (univers\u0101ls l\u0101d\u0113t\u0101js) - www.akum.lv","og_description":"Quick charger for cylindrical batteries Li-ion 18650 Xtar ANT MC1 Plus  Professional processor Charger: for Li-ion cells in sizes 10440, 14500, 14650, 16340, 17500.17670, 18350, 18500, 18650, 18700, 20700, 21700, 22650, 25500, 26650 Display showing charge status and charging current Three-stage charging method: TC\/CC\/CV Reactivation of deeply discharged cells and 0V cells Charging current: 1A\/0.5 A Charging voltage: 4, 2V Powered by Micro USB-no power supply included Protection: Thermal, short-circuit, before the reverse insertion of the battery  Profesion\u0101ls l\u0101d\u0113t\u0101js litija jonu akumulatoru procesoriem ar izm\u0113riem: 10440, 14500, 14650, 16340, 17500, 17670, 18350, 18500, 18650, 18700, 20700, 20700, 216,25 Displejs, kas par\u0101da uzl\u0101des st\u0101vokli un uzl\u0101des str\u0101vu Tr\u012bspak\u0101pju uzl\u0101des metode: TC\/CC\/CV Dzi\u013ci izl\u0101d\u0113tu \u0161\u016bnu un 0V \u0161\u016bnu reaktiv\u0101cija Uzl\u0101des str\u0101va: 1A\/0,5A Uzl\u0101des spriegums: 4,2V Darbojas ar Micro USB - baro\u0161anas avots nav iek\u013cauts Aizsardz\u012bba: termisks, \u012bssavienojums, pirms akumulatora atk\u0101rtotas ievieto\u0161anas  \u041f\u0440\u043e\u0444\u0435\u0441\u0441\u0438\u043e\u043d\u0430\u043b\u044c\u043d\u043e\u0435 \u0437\u0430\u0440\u044f\u0434\u043d\u043e\u0435 \u0443\u0441\u0442\u0440\u043e\u0439\u0441\u0442\u0432\u043e \u0434\u043b\u044f \u043f\u0440\u043e\u0446\u0435\u0441\u0441\u043e\u0440\u043e\u0432 \u0434\u043b\u044f \u043b\u0438\u0442\u0438\u0439-\u0438\u043e\u043d\u043d\u044b\u0445 \u0430\u043a\u043a\u0443\u043c\u0443\u043b\u044f\u0442\u043e\u0440\u043e\u0432 \u0442\u0438\u043f\u043e\u0440\u0430\u0437\u043c\u0435\u0440\u043e\u0432: 10440, 14500, 14650, 16340, 17500, 17670, 18350, 18500, 18650, 18700, 20700, 21700, 22650, 25500, 26650 \u0414\u0438\u0441\u043f\u043b\u0435\u0439, \u043f\u043e\u043a\u0430\u0437\u044b\u0432\u0430\u044e\u0449\u0438\u0439 \u0441\u0442\u0430\u0442\u0443\u0441 \u0437\u0430\u0440\u044f\u0434\u0430 \u0438 \u0437\u0430\u0440\u044f\u0434\u043d\u044b\u0439 \u0442\u043e\u043a \u0422\u0440\u0435\u0445\u044d\u0442\u0430\u043f\u043d\u044b\u0439 \u043c\u0435\u0442\u043e\u0434 \u0437\u0430\u0440\u044f\u0434\u043a\u0438: TC\/CC\/CV \u0420\u0435\u0430\u043a\u0442\u0438\u0432\u0430\u0446\u0438\u044f \u0433\u043b\u0443\u0431\u043e\u043a\u043e \u0440\u0430\u0437\u0440\u044f\u0436\u0435\u043d\u043d\u044b\u0445 \u044d\u043b\u0435\u043c\u0435\u043d\u0442\u043e\u0432 \u0438 \u044d\u043b\u0435\u043c\u0435\u043d\u0442\u043e\u0432 0V \u0417\u0430\u0440\u044f\u0434\u043d\u044b\u0439 \u0442\u043e\u043a: 1 \u0410\/0,5 \u0410 \u041d\u0430\u043f\u0440\u044f\u0436\u0435\u043d\u0438\u0435 \u0437\u0430\u0440\u044f\u0434\u043a\u0438: 4, 2\u0412 \u041f\u0438\u0442\u0430\u043d\u0438\u0435 \u043e\u0442 Micro USB-\u0431\u043b\u043e\u043a \u043f\u0438\u0442\u0430\u043d\u0438\u044f \u043d\u0435 \u0432\u0445\u043e\u0434\u0438\u0442 \u0432 \u043a\u043e\u043c\u043f\u043b\u0435\u043a\u0442 \u0417\u0430\u0449\u0438\u0442\u0430: \u0422\u0435\u0440\u043c\u0438\u0447\u0435\u0441\u043a\u0430\u044f, \u041a\u0417, \u043f\u0435\u0440\u0435\u0434 \u043e\u0431\u0440\u0430\u0442\u043d\u043e\u0439 \u0432\u0441\u0442\u0430\u0432\u043a\u043e\u0439 \u0430\u043a\u043a\u0443\u043c\u0443\u043b\u044f\u0442\u043e\u0440\u0430","og_url":"https:\/\/akum.lv\/ru\/prece\/xtar-mc1-plus-processor-charger-for-li-ion-cylindrical-batteries-universals-ladetajs\/","og_site_name":"www.akum.lv","article_modified_time":"2025-01-30T10:17:57+00:00","og_image":[{"width":400,"height":343,"url":"https:\/\/akum.lv\/wp-content\/uploads\/2022\/06\/Xtar_ANT_MC1_Plus-2.jpg","type":"image\/jpeg"}],"twitter_card":"summary_large_image","schema":{"@context":"https:\/\/schema.org","@graph":[{"@type":"WebPage","@id":"https:\/\/akum.lv\/ru\/prece\/xtar-mc1-plus-processor-charger-for-li-ion-cylindrical-batteries-universals-ladetajs\/","url":"https:\/\/akum.lv\/ru\/prece\/xtar-mc1-plus-processor-charger-for-li-ion-cylindrical-batteries-universals-ladetajs\/","name":"XTAR ANT MC1 PLUS processor charger for Li-ion cylindrical batteries (univers\u0101ls l\u0101d\u0113t\u0101js) - www.akum.lv","isPartOf":{"@id":"https:\/\/akum.lv\/#website"},"primaryImageOfPage":{"@id":"https:\/\/akum.lv\/ru\/prece\/xtar-mc1-plus-processor-charger-for-li-ion-cylindrical-batteries-universals-ladetajs\/#primaryimage"},"image":{"@id":"https:\/\/akum.lv\/ru\/prece\/xtar-mc1-plus-processor-charger-for-li-ion-cylindrical-batteries-universals-ladetajs\/#primaryimage"},"thumbnailUrl":"https:\/\/akum.lv\/wp-content\/uploads\/2022\/06\/Xtar_ANT_MC1_Plus-2.jpg","datePublished":"2022-06-01T09:34:26+00:00","dateModified":"2025-01-30T10:17:57+00:00","breadcrumb":{"@id":"https:\/\/akum.lv\/ru\/prece\/xtar-mc1-plus-processor-charger-for-li-ion-cylindrical-batteries-universals-ladetajs\/#breadcrumb"},"inLanguage":"ru-RU","potentialAction":[{"@type":"ReadAction","target":["https:\/\/akum.lv\/ru\/prece\/xtar-mc1-plus-processor-charger-for-li-ion-cylindrical-batteries-universals-ladetajs\/"]}]},{"@type":"ImageObject","inLanguage":"ru-RU","@id":"https:\/\/akum.lv\/ru\/prece\/xtar-mc1-plus-processor-charger-for-li-ion-cylindrical-batteries-universals-ladetajs\/#primaryimage","url":"https:\/\/akum.lv\/wp-content\/uploads\/2022\/06\/Xtar_ANT_MC1_Plus-2.jpg","contentUrl":"https:\/\/akum.lv\/wp-content\/uploads\/2022\/06\/Xtar_ANT_MC1_Plus-2.jpg","width":400,"height":343},{"@type":"BreadcrumbList","@id":"https:\/\/akum.lv\/ru\/prece\/xtar-mc1-plus-processor-charger-for-li-ion-cylindrical-batteries-universals-ladetajs\/#breadcrumb","itemListElement":[{"@type":"ListItem","position":1,"name":"\u0413\u043b\u0430\u0432\u043d\u0430\u044f \u0441\u0442\u0440\u0430\u043d\u0438\u0446\u0430","item":"https:\/\/akum.lv\/ru\/"},{"@type":"ListItem","position":2,"name":"PRECES","item":"https:\/\/akum.lv\/produkti-preces\/"},{"@type":"ListItem","position":3,"name":"XTAR ANT MC1 PLUS processor charger for Li-ion cylindrical batteries (univers\u0101ls l\u0101d\u0113t\u0101js)"}]},{"@type":"WebSite","@id":"https:\/\/akum.lv\/#website","url":"https:\/\/akum.lv\/","name":"www.akum.lv","description":"Akumulatoru p\u0101rdev\u0113js | \u041f\u0440\u043e\u0434\u0430\u0432\u0435\u0446 \u0430\u043a\u043a\u0443\u043c\u0443\u043b\u044f\u0442\u043e\u0440\u043e\u0432 | Battery seller","publisher":{"@id":"https:\/\/akum.lv\/#organization"},"potentialAction":[{"@type":"SearchAction","target":{"@type":"EntryPoint","urlTemplate":"https:\/\/akum.lv\/?s={search_term_string}"},"query-input":{"@type":"PropertyValueSpecification","valueRequired":true,"valueName":"search_term_string"}}],"inLanguage":"ru-RU"},{"@type":"Organization","@id":"https:\/\/akum.lv\/#organization","name":"HubEnergy","url":"https:\/\/akum.lv\/","logo":{"@type":"ImageObject","inLanguage":"ru-RU","@id":"https:\/\/akum.lv\/#\/schema\/logo\/image\/","url":"https:\/\/akum.lv\/wp-content\/uploads\/2018\/08\/Logo-hub-energy-2018-seller-dark-blue.png","contentUrl":"https:\/\/akum.lv\/wp-content\/uploads\/2018\/08\/Logo-hub-energy-2018-seller-dark-blue.png","width":381,"height":75,"caption":"HubEnergy"},"image":{"@id":"https:\/\/akum.lv\/#\/schema\/logo\/image\/"}}]}},"brands":[{"id":660,"name":"Xtar","slug":"xtar-ru"}],"_links":{"self":[{"href":"https:\/\/akum.lv\/ru\/wp-json\/wp\/v2\/product\/12380","targetHints":{"allow":["GET"]}}],"collection":[{"href":"https:\/\/akum.lv\/ru\/wp-json\/wp\/v2\/product"}],"about":[{"href":"https:\/\/akum.lv\/ru\/wp-json\/wp\/v2\/types\/product"}],"wp:featuredmedia":[{"embeddable":true,"href":"https:\/\/akum.lv\/ru\/wp-json\/wp\/v2\/media\/12383"}],"wp:attachment":[{"href":"https:\/\/akum.lv\/ru\/wp-json\/wp\/v2\/media?parent=12380"}],"wp:term":[{"taxonomy":"pwb-brand","embeddable":true,"href":"https:\/\/akum.lv\/ru\/wp-json\/wp\/v2\/pwb-brand?post=12380"},{"taxonomy":"product_brand","embeddable":true,"href":"https:\/\/akum.lv\/ru\/wp-json\/wp\/v2\/product_brand?post=12380"},{"taxonomy":"product_cat","embeddable":true,"href":"https:\/\/akum.lv\/ru\/wp-json\/wp\/v2\/product_cat?post=12380"},{"taxonomy":"product_tag","embeddable":true,"href":"https:\/\/akum.lv\/ru\/wp-json\/wp\/v2\/product_tag?post=12380"}],"curies":[{"name":"wp","href":"https:\/\/api.w.org\/{rel}","templated":true}]}}