{"id":12358,"date":"2022-05-31T15:09:46","date_gmt":"2022-05-31T15:09:46","guid":{"rendered":"https:\/\/akum.lv\/product\/gnb-sprinter-xp-ft-xp12v4400ft-12v-155ah-c10-4380w-l529-w125-h283-f-m6-90-napf124400hp0fa\/"},"modified":"2023-01-18T10:43:48","modified_gmt":"2023-01-18T10:43:48","slug":"gnb-sprinter-xp-ft-xp12v4400ft-12v-155ah-c10-4380w-l529-w125-h283-f-m6-90-napf124400hp0fa","status":"publish","type":"product","link":"https:\/\/akum.lv\/ru\/prece\/gnb-sprinter-xp-ft-xp12v4400ft-12v-155ah-c10-4380w-l529-w125-h283-f-m6-90-napf124400hp0fa\/","title":{"rendered":"GNB Sprinter XP-FT XP12V4400FT 12V-155Ah\/C10\/4380W L529 W125 H283 (F-M6-90\u00b0) NAPF124400HP0FA"},"content":{"rendered":"","protected":false},"excerpt":{"rendered":"<p><strong>Sprinter XP12V4400FT<\/strong><\/p>\n<p><strong>GNB Sprinter XP-FT XP12V4400FT 12V-155Ah\/C10\/4380W L529 W125 H283 (F-M6-90\u00b0) NAPF124400HP0FA<\/strong><\/p>\n<p><img loading=\"lazy\" decoding=\"async\" class=\"alignnone size-full wp-image-11436\" src=\"https:\/\/akum.lv\/wp-content\/uploads\/2021\/12\/pdf-icon.png\" alt=\"\" width=\"50\" height=\"50\" \/><strong> &#8212; <a href=\"https:\/\/akum.lv\/wp-content\/uploads\/2020\/03\/Sprinter_XP_FT_en.pdf\">Sprinter_XP_FT_en<\/a><\/strong><\/p>\n<p>Cena nor\u0101d\u012bta bez PVN, cen\u0101 iek\u013cauta pieg\u0101de Latvijas robe\u017e\u0101s.<br \/>\nCena var main\u012bties atkar\u012bb\u0101 no pas\u016bt\u012bjuma apjoma.<br \/>\nAkumulatoru izgatavo\u0161anas un pieg\u0101des laiks klientam tiek apspriests pas\u016btot.<br \/>\n\u0426\u0435\u043d\u0430 \u0443\u043a\u0430\u0437\u0430\u043d\u0430 \u0431\u0435\u0437 \u041d\u0414\u0421, \u0432 \u0446\u0435\u043d\u0443 \u0432\u043a\u043b\u044e\u0447\u0435\u043d\u0430 \u0434\u043e\u0441\u0442\u0430\u0432\u043a\u0430 \u043f\u043e \u041b\u0430\u0442\u0432\u0438\u0438.<br \/>\n\u0426\u0435\u043d\u0430 \u043c\u043e\u0436\u0435\u0442 \u043c\u0435\u043d\u044f\u0442\u0441\u044f \u0432 \u0437\u0430\u0432\u0438\u0441\u0438\u043c\u043e\u0441\u0442\u0438 \u043e\u0442 \u043e\u0431\u044c\u0435\u043c\u0430 \u0437\u0430\u043a\u0430\u0437\u0430.<br \/>\n\u0412\u0440\u0435\u043c\u044f \u0438\u0437\u0433\u043e\u0442\u043e\u0432\u043b\u0435\u043d\u0438\u0435 \u0438 \u0434\u043e\u0441\u0442\u0430\u0432\u043a\u0430 \u0431\u0430\u0442\u0430\u0440\u0435\u0439 \u0437\u0430\u043a\u0430\u0437\u0447\u0438\u043a\u0443 \u043e\u0433\u043e\u0432\u0430\u0440\u0438\u0432\u0430\u0435\u0442\u0441\u044f \u043f\u0440\u0438 \u0437\u0430\u043a\u0430\u0437\u0435.<\/p>\n","protected":false},"featured_media":7431,"template":"","meta":[],"pwb-brand":[338],"product_brand":[],"product_cat":[589,748,443,319],"product_tag":[],"class_list":{"0":"post-12358","1":"product","2":"type-product","3":"status-publish","4":"has-post-thumbnail","6":"pwb-brand-exide-technologies-ru","7":"product_cat-gnb-sprinter-agm-batteries","8":"product_cat-sprinter-xp-ft-front-terminal-ru","9":"product_cat-agm-12v-batteries","10":"product_cat-akb-ups-telecom","12":"first","13":"instock","14":"taxable","15":"shipping-taxable","16":"purchasable","17":"product-type-simple"},"yoast_head":"<!-- This site is optimized with the Yoast SEO plugin v26.7 - https:\/\/yoast.com\/wordpress\/plugins\/seo\/ -->\n<title>GNB Sprinter XP-FT XP12V4400FT 12V-155Ah\/C10\/4380W L529 W125 H283 (F-M6-90\u00b0) NAPF124400HP0FA - www.akum.lv<\/title>\n<meta name=\"robots\" content=\"index, follow, max-snippet:-1, max-image-preview:large, max-video-preview:-1\" \/>\n<link rel=\"canonical\" href=\"https:\/\/akum.lv\/ru\/prece\/gnb-sprinter-xp-ft-xp12v4400ft-12v-155ah-c10-4380w-l529-w125-h283-f-m6-90-napf124400hp0fa\/\" \/>\n<meta property=\"og:locale\" content=\"ru_RU\" \/>\n<meta property=\"og:type\" content=\"article\" \/>\n<meta property=\"og:title\" content=\"GNB Sprinter XP-FT XP12V4400FT 12V-155Ah\/C10\/4380W L529 W125 H283 (F-M6-90\u00b0) NAPF124400HP0FA - www.akum.lv\" \/>\n<meta property=\"og:description\" content=\"Sprinter XP12V4400FT  GNB Sprinter XP-FT XP12V4400FT 12V-155Ah\/C10\/4380W L529 W125 H283 (F-M6-90\u00b0) NAPF124400HP0FA   - Sprinter_XP_FT_en  Cena nor\u0101d\u012bta bez PVN, cen\u0101 iek\u013cauta pieg\u0101de Latvijas robe\u017e\u0101s. Cena var main\u012bties atkar\u012bb\u0101 no pas\u016bt\u012bjuma apjoma. Akumulatoru izgatavo\u0161anas un pieg\u0101des laiks klientam tiek apspriests pas\u016btot. \u0426\u0435\u043d\u0430 \u0443\u043a\u0430\u0437\u0430\u043d\u0430 \u0431\u0435\u0437 \u041d\u0414\u0421, \u0432 \u0446\u0435\u043d\u0443 \u0432\u043a\u043b\u044e\u0447\u0435\u043d\u0430 \u0434\u043e\u0441\u0442\u0430\u0432\u043a\u0430 \u043f\u043e \u041b\u0430\u0442\u0432\u0438\u0438. \u0426\u0435\u043d\u0430 \u043c\u043e\u0436\u0435\u0442 \u043c\u0435\u043d\u044f\u0442\u0441\u044f \u0432 \u0437\u0430\u0432\u0438\u0441\u0438\u043c\u043e\u0441\u0442\u0438 \u043e\u0442 \u043e\u0431\u044c\u0435\u043c\u0430 \u0437\u0430\u043a\u0430\u0437\u0430. \u0412\u0440\u0435\u043c\u044f \u0438\u0437\u0433\u043e\u0442\u043e\u0432\u043b\u0435\u043d\u0438\u0435 \u0438 \u0434\u043e\u0441\u0442\u0430\u0432\u043a\u0430 \u0431\u0430\u0442\u0430\u0440\u0435\u0439 \u0437\u0430\u043a\u0430\u0437\u0447\u0438\u043a\u0443 \u043e\u0433\u043e\u0432\u0430\u0440\u0438\u0432\u0430\u0435\u0442\u0441\u044f \u043f\u0440\u0438 \u0437\u0430\u043a\u0430\u0437\u0435.\" \/>\n<meta property=\"og:url\" content=\"https:\/\/akum.lv\/ru\/prece\/gnb-sprinter-xp-ft-xp12v4400ft-12v-155ah-c10-4380w-l529-w125-h283-f-m6-90-napf124400hp0fa\/\" \/>\n<meta property=\"og:site_name\" content=\"www.akum.lv\" \/>\n<meta property=\"article:modified_time\" content=\"2023-01-18T10:43:48+00:00\" \/>\n<meta property=\"og:image\" content=\"https:\/\/akum.lv\/wp-content\/uploads\/2020\/03\/Sprinter_XP_FT.jpg\" \/>\n\t<meta property=\"og:image:width\" content=\"400\" \/>\n\t<meta property=\"og:image:height\" content=\"400\" \/>\n\t<meta property=\"og:image:type\" content=\"image\/jpeg\" \/>\n<meta name=\"twitter:card\" content=\"summary_large_image\" \/>\n<script type=\"application\/ld+json\" class=\"yoast-schema-graph\">{\"@context\":\"https:\/\/schema.org\",\"@graph\":[{\"@type\":\"WebPage\",\"@id\":\"https:\/\/akum.lv\/ru\/prece\/gnb-sprinter-xp-ft-xp12v4400ft-12v-155ah-c10-4380w-l529-w125-h283-f-m6-90-napf124400hp0fa\/\",\"url\":\"https:\/\/akum.lv\/ru\/prece\/gnb-sprinter-xp-ft-xp12v4400ft-12v-155ah-c10-4380w-l529-w125-h283-f-m6-90-napf124400hp0fa\/\",\"name\":\"GNB Sprinter XP-FT XP12V4400FT 12V-155Ah\/C10\/4380W L529 W125 H283 (F-M6-90\u00b0) NAPF124400HP0FA - www.akum.lv\",\"isPartOf\":{\"@id\":\"https:\/\/akum.lv\/#website\"},\"primaryImageOfPage\":{\"@id\":\"https:\/\/akum.lv\/ru\/prece\/gnb-sprinter-xp-ft-xp12v4400ft-12v-155ah-c10-4380w-l529-w125-h283-f-m6-90-napf124400hp0fa\/#primaryimage\"},\"image\":{\"@id\":\"https:\/\/akum.lv\/ru\/prece\/gnb-sprinter-xp-ft-xp12v4400ft-12v-155ah-c10-4380w-l529-w125-h283-f-m6-90-napf124400hp0fa\/#primaryimage\"},\"thumbnailUrl\":\"https:\/\/akum.lv\/wp-content\/uploads\/2020\/03\/Sprinter_XP_FT.jpg\",\"datePublished\":\"2022-05-31T15:09:46+00:00\",\"dateModified\":\"2023-01-18T10:43:48+00:00\",\"breadcrumb\":{\"@id\":\"https:\/\/akum.lv\/ru\/prece\/gnb-sprinter-xp-ft-xp12v4400ft-12v-155ah-c10-4380w-l529-w125-h283-f-m6-90-napf124400hp0fa\/#breadcrumb\"},\"inLanguage\":\"ru-RU\",\"potentialAction\":[{\"@type\":\"ReadAction\",\"target\":[\"https:\/\/akum.lv\/ru\/prece\/gnb-sprinter-xp-ft-xp12v4400ft-12v-155ah-c10-4380w-l529-w125-h283-f-m6-90-napf124400hp0fa\/\"]}]},{\"@type\":\"ImageObject\",\"inLanguage\":\"ru-RU\",\"@id\":\"https:\/\/akum.lv\/ru\/prece\/gnb-sprinter-xp-ft-xp12v4400ft-12v-155ah-c10-4380w-l529-w125-h283-f-m6-90-napf124400hp0fa\/#primaryimage\",\"url\":\"https:\/\/akum.lv\/wp-content\/uploads\/2020\/03\/Sprinter_XP_FT.jpg\",\"contentUrl\":\"https:\/\/akum.lv\/wp-content\/uploads\/2020\/03\/Sprinter_XP_FT.jpg\",\"width\":400,\"height\":400},{\"@type\":\"BreadcrumbList\",\"@id\":\"https:\/\/akum.lv\/ru\/prece\/gnb-sprinter-xp-ft-xp12v4400ft-12v-155ah-c10-4380w-l529-w125-h283-f-m6-90-napf124400hp0fa\/#breadcrumb\",\"itemListElement\":[{\"@type\":\"ListItem\",\"position\":1,\"name\":\"\u0413\u043b\u0430\u0432\u043d\u0430\u044f \u0441\u0442\u0440\u0430\u043d\u0438\u0446\u0430\",\"item\":\"https:\/\/akum.lv\/ru\/\"},{\"@type\":\"ListItem\",\"position\":2,\"name\":\"PRECES\",\"item\":\"https:\/\/akum.lv\/produkti-preces\/\"},{\"@type\":\"ListItem\",\"position\":3,\"name\":\"GNB Sprinter XP-FT XP12V4400FT 12V-155Ah\/C10\/4380W L529 W125 H283 (F-M6-90\u00b0) NAPF124400HP0FA\"}]},{\"@type\":\"WebSite\",\"@id\":\"https:\/\/akum.lv\/#website\",\"url\":\"https:\/\/akum.lv\/\",\"name\":\"www.akum.lv\",\"description\":\"Akumulatoru p\u0101rdev\u0113js | \u041f\u0440\u043e\u0434\u0430\u0432\u0435\u0446 \u0430\u043a\u043a\u0443\u043c\u0443\u043b\u044f\u0442\u043e\u0440\u043e\u0432 | Battery seller\",\"publisher\":{\"@id\":\"https:\/\/akum.lv\/#organization\"},\"potentialAction\":[{\"@type\":\"SearchAction\",\"target\":{\"@type\":\"EntryPoint\",\"urlTemplate\":\"https:\/\/akum.lv\/?s={search_term_string}\"},\"query-input\":{\"@type\":\"PropertyValueSpecification\",\"valueRequired\":true,\"valueName\":\"search_term_string\"}}],\"inLanguage\":\"ru-RU\"},{\"@type\":\"Organization\",\"@id\":\"https:\/\/akum.lv\/#organization\",\"name\":\"HubEnergy\",\"url\":\"https:\/\/akum.lv\/\",\"logo\":{\"@type\":\"ImageObject\",\"inLanguage\":\"ru-RU\",\"@id\":\"https:\/\/akum.lv\/#\/schema\/logo\/image\/\",\"url\":\"https:\/\/akum.lv\/wp-content\/uploads\/2018\/08\/Logo-hub-energy-2018-seller-dark-blue.png\",\"contentUrl\":\"https:\/\/akum.lv\/wp-content\/uploads\/2018\/08\/Logo-hub-energy-2018-seller-dark-blue.png\",\"width\":381,\"height\":75,\"caption\":\"HubEnergy\"},\"image\":{\"@id\":\"https:\/\/akum.lv\/#\/schema\/logo\/image\/\"}}]}<\/script>\n<!-- \/ Yoast SEO plugin. -->","yoast_head_json":{"title":"GNB Sprinter XP-FT XP12V4400FT 12V-155Ah\/C10\/4380W L529 W125 H283 (F-M6-90\u00b0) NAPF124400HP0FA - www.akum.lv","robots":{"index":"index","follow":"follow","max-snippet":"max-snippet:-1","max-image-preview":"max-image-preview:large","max-video-preview":"max-video-preview:-1"},"canonical":"https:\/\/akum.lv\/ru\/prece\/gnb-sprinter-xp-ft-xp12v4400ft-12v-155ah-c10-4380w-l529-w125-h283-f-m6-90-napf124400hp0fa\/","og_locale":"ru_RU","og_type":"article","og_title":"GNB Sprinter XP-FT XP12V4400FT 12V-155Ah\/C10\/4380W L529 W125 H283 (F-M6-90\u00b0) NAPF124400HP0FA - www.akum.lv","og_description":"Sprinter XP12V4400FT  GNB Sprinter XP-FT XP12V4400FT 12V-155Ah\/C10\/4380W L529 W125 H283 (F-M6-90\u00b0) NAPF124400HP0FA   - Sprinter_XP_FT_en  Cena nor\u0101d\u012bta bez PVN, cen\u0101 iek\u013cauta pieg\u0101de Latvijas robe\u017e\u0101s. Cena var main\u012bties atkar\u012bb\u0101 no pas\u016bt\u012bjuma apjoma. Akumulatoru izgatavo\u0161anas un pieg\u0101des laiks klientam tiek apspriests pas\u016btot. \u0426\u0435\u043d\u0430 \u0443\u043a\u0430\u0437\u0430\u043d\u0430 \u0431\u0435\u0437 \u041d\u0414\u0421, \u0432 \u0446\u0435\u043d\u0443 \u0432\u043a\u043b\u044e\u0447\u0435\u043d\u0430 \u0434\u043e\u0441\u0442\u0430\u0432\u043a\u0430 \u043f\u043e \u041b\u0430\u0442\u0432\u0438\u0438. \u0426\u0435\u043d\u0430 \u043c\u043e\u0436\u0435\u0442 \u043c\u0435\u043d\u044f\u0442\u0441\u044f \u0432 \u0437\u0430\u0432\u0438\u0441\u0438\u043c\u043e\u0441\u0442\u0438 \u043e\u0442 \u043e\u0431\u044c\u0435\u043c\u0430 \u0437\u0430\u043a\u0430\u0437\u0430. \u0412\u0440\u0435\u043c\u044f \u0438\u0437\u0433\u043e\u0442\u043e\u0432\u043b\u0435\u043d\u0438\u0435 \u0438 \u0434\u043e\u0441\u0442\u0430\u0432\u043a\u0430 \u0431\u0430\u0442\u0430\u0440\u0435\u0439 \u0437\u0430\u043a\u0430\u0437\u0447\u0438\u043a\u0443 \u043e\u0433\u043e\u0432\u0430\u0440\u0438\u0432\u0430\u0435\u0442\u0441\u044f \u043f\u0440\u0438 \u0437\u0430\u043a\u0430\u0437\u0435.","og_url":"https:\/\/akum.lv\/ru\/prece\/gnb-sprinter-xp-ft-xp12v4400ft-12v-155ah-c10-4380w-l529-w125-h283-f-m6-90-napf124400hp0fa\/","og_site_name":"www.akum.lv","article_modified_time":"2023-01-18T10:43:48+00:00","og_image":[{"width":400,"height":400,"url":"https:\/\/akum.lv\/wp-content\/uploads\/2020\/03\/Sprinter_XP_FT.jpg","type":"image\/jpeg"}],"twitter_card":"summary_large_image","schema":{"@context":"https:\/\/schema.org","@graph":[{"@type":"WebPage","@id":"https:\/\/akum.lv\/ru\/prece\/gnb-sprinter-xp-ft-xp12v4400ft-12v-155ah-c10-4380w-l529-w125-h283-f-m6-90-napf124400hp0fa\/","url":"https:\/\/akum.lv\/ru\/prece\/gnb-sprinter-xp-ft-xp12v4400ft-12v-155ah-c10-4380w-l529-w125-h283-f-m6-90-napf124400hp0fa\/","name":"GNB Sprinter XP-FT XP12V4400FT 12V-155Ah\/C10\/4380W L529 W125 H283 (F-M6-90\u00b0) NAPF124400HP0FA - www.akum.lv","isPartOf":{"@id":"https:\/\/akum.lv\/#website"},"primaryImageOfPage":{"@id":"https:\/\/akum.lv\/ru\/prece\/gnb-sprinter-xp-ft-xp12v4400ft-12v-155ah-c10-4380w-l529-w125-h283-f-m6-90-napf124400hp0fa\/#primaryimage"},"image":{"@id":"https:\/\/akum.lv\/ru\/prece\/gnb-sprinter-xp-ft-xp12v4400ft-12v-155ah-c10-4380w-l529-w125-h283-f-m6-90-napf124400hp0fa\/#primaryimage"},"thumbnailUrl":"https:\/\/akum.lv\/wp-content\/uploads\/2020\/03\/Sprinter_XP_FT.jpg","datePublished":"2022-05-31T15:09:46+00:00","dateModified":"2023-01-18T10:43:48+00:00","breadcrumb":{"@id":"https:\/\/akum.lv\/ru\/prece\/gnb-sprinter-xp-ft-xp12v4400ft-12v-155ah-c10-4380w-l529-w125-h283-f-m6-90-napf124400hp0fa\/#breadcrumb"},"inLanguage":"ru-RU","potentialAction":[{"@type":"ReadAction","target":["https:\/\/akum.lv\/ru\/prece\/gnb-sprinter-xp-ft-xp12v4400ft-12v-155ah-c10-4380w-l529-w125-h283-f-m6-90-napf124400hp0fa\/"]}]},{"@type":"ImageObject","inLanguage":"ru-RU","@id":"https:\/\/akum.lv\/ru\/prece\/gnb-sprinter-xp-ft-xp12v4400ft-12v-155ah-c10-4380w-l529-w125-h283-f-m6-90-napf124400hp0fa\/#primaryimage","url":"https:\/\/akum.lv\/wp-content\/uploads\/2020\/03\/Sprinter_XP_FT.jpg","contentUrl":"https:\/\/akum.lv\/wp-content\/uploads\/2020\/03\/Sprinter_XP_FT.jpg","width":400,"height":400},{"@type":"BreadcrumbList","@id":"https:\/\/akum.lv\/ru\/prece\/gnb-sprinter-xp-ft-xp12v4400ft-12v-155ah-c10-4380w-l529-w125-h283-f-m6-90-napf124400hp0fa\/#breadcrumb","itemListElement":[{"@type":"ListItem","position":1,"name":"\u0413\u043b\u0430\u0432\u043d\u0430\u044f \u0441\u0442\u0440\u0430\u043d\u0438\u0446\u0430","item":"https:\/\/akum.lv\/ru\/"},{"@type":"ListItem","position":2,"name":"PRECES","item":"https:\/\/akum.lv\/produkti-preces\/"},{"@type":"ListItem","position":3,"name":"GNB Sprinter XP-FT XP12V4400FT 12V-155Ah\/C10\/4380W L529 W125 H283 (F-M6-90\u00b0) NAPF124400HP0FA"}]},{"@type":"WebSite","@id":"https:\/\/akum.lv\/#website","url":"https:\/\/akum.lv\/","name":"www.akum.lv","description":"Akumulatoru p\u0101rdev\u0113js | \u041f\u0440\u043e\u0434\u0430\u0432\u0435\u0446 \u0430\u043a\u043a\u0443\u043c\u0443\u043b\u044f\u0442\u043e\u0440\u043e\u0432 | Battery seller","publisher":{"@id":"https:\/\/akum.lv\/#organization"},"potentialAction":[{"@type":"SearchAction","target":{"@type":"EntryPoint","urlTemplate":"https:\/\/akum.lv\/?s={search_term_string}"},"query-input":{"@type":"PropertyValueSpecification","valueRequired":true,"valueName":"search_term_string"}}],"inLanguage":"ru-RU"},{"@type":"Organization","@id":"https:\/\/akum.lv\/#organization","name":"HubEnergy","url":"https:\/\/akum.lv\/","logo":{"@type":"ImageObject","inLanguage":"ru-RU","@id":"https:\/\/akum.lv\/#\/schema\/logo\/image\/","url":"https:\/\/akum.lv\/wp-content\/uploads\/2018\/08\/Logo-hub-energy-2018-seller-dark-blue.png","contentUrl":"https:\/\/akum.lv\/wp-content\/uploads\/2018\/08\/Logo-hub-energy-2018-seller-dark-blue.png","width":381,"height":75,"caption":"HubEnergy"},"image":{"@id":"https:\/\/akum.lv\/#\/schema\/logo\/image\/"}}]}},"brands":[{"id":338,"name":"EXIDE TECHNOLOGIES","slug":"exide-technologies-ru"}],"_links":{"self":[{"href":"https:\/\/akum.lv\/ru\/wp-json\/wp\/v2\/product\/12358","targetHints":{"allow":["GET"]}}],"collection":[{"href":"https:\/\/akum.lv\/ru\/wp-json\/wp\/v2\/product"}],"about":[{"href":"https:\/\/akum.lv\/ru\/wp-json\/wp\/v2\/types\/product"}],"wp:featuredmedia":[{"embeddable":true,"href":"https:\/\/akum.lv\/ru\/wp-json\/wp\/v2\/media\/7431"}],"wp:attachment":[{"href":"https:\/\/akum.lv\/ru\/wp-json\/wp\/v2\/media?parent=12358"}],"wp:term":[{"taxonomy":"pwb-brand","embeddable":true,"href":"https:\/\/akum.lv\/ru\/wp-json\/wp\/v2\/pwb-brand?post=12358"},{"taxonomy":"product_brand","embeddable":true,"href":"https:\/\/akum.lv\/ru\/wp-json\/wp\/v2\/product_brand?post=12358"},{"taxonomy":"product_cat","embeddable":true,"href":"https:\/\/akum.lv\/ru\/wp-json\/wp\/v2\/product_cat?post=12358"},{"taxonomy":"product_tag","embeddable":true,"href":"https:\/\/akum.lv\/ru\/wp-json\/wp\/v2\/product_tag?post=12358"}],"curies":[{"name":"wp","href":"https:\/\/api.w.org\/{rel}","templated":true}]}}