{"id":12165,"date":"2022-05-10T13:45:30","date_gmt":"2022-05-10T13:45:30","guid":{"rendered":"https:\/\/akum.lv\/?post_type=product&#038;p=12165"},"modified":"2023-09-01T10:00:19","modified_gmt":"2023-09-01T10:00:19","slug":"mws-12-6-mwpower-battery-for-security-agm-6v-12ah-terminal-t1-4-8-mm-l151-w50-h100-mm","status":"publish","type":"product","link":"https:\/\/akum.lv\/ru\/prece\/mws-12-6-mwpower-battery-for-security-agm-6v-12ah-terminal-t1-4-8-mm-l151-w50-h100-mm\/","title":{"rendered":"MWS 12-6 MWPower \/ battery for security \/ AGM \/ 6V-12Ah \/ terminal T1-4.8 mm \/ L151 W50 H100 mm"},"content":{"rendered":"","protected":false},"excerpt":{"rendered":"<p>MWS12-6 MWPower \/ battery for security \/ AGM \/ 6V-12Ah \/ terminal T1-4.8 mm \/ L151 W50 H100 mm<\/p>\n<p><strong>Datascheet &#8212; <a href=\"https:\/\/akum.lv\/wp-content\/uploads\/2019\/02\/MWS-12-6.pdf\">MWS-12-6<\/a><\/strong><\/p>\n<p>SIA ,,HUB ENERGY,, &#8212; ofici\u0101lais bateriju izplat\u012bt\u0101js ,,MWPower,, Latvij\u0101, Lietuv\u0101 un Igaunij\u0101<br \/>\nSIA ,,HUB ENERGY,, &#8212; \u043e\u0444\u0438\u0446\u0438\u0430\u043b\u044c\u043d\u044b\u0439 \u0434\u0438\u0441\u0442\u0440\u0438\u0431\u044c\u044e\u0442\u043e\u0440 \u0431\u0430\u0442\u0430\u0440\u0435\u0439 ,,MWPower,, \u0432 \u041b\u0430\u0442\u0432\u0438\u0438, \u041b\u0438\u0442\u0432\u0435 \u0438 \u042d\u0441\u0442\u043e\u043d\u0438\u0438<br \/>\nSIA ,,HUB ENERGY,, &#8212; official distributor of batteries ,,MWPower,, in Latvia, Lithuania and Estonia<\/p>\n","protected":false},"featured_media":4722,"template":"","meta":[],"pwb-brand":[335],"product_brand":[],"product_cat":[376,439,265,556,530],"product_tag":[],"class_list":{"0":"post-12165","1":"product","2":"type-product","3":"status-publish","4":"has-post-thumbnail","6":"pwb-brand-mw-power-ru","7":"product_cat-agm-tehnologii-akkumuljatory-rus","8":"product_cat-agm-6v-batteries","9":"product_cat-agm-akumulatori-signalizacijas-drosibas-sistemam","10":"product_cat-mw-power-batteries-ru","11":"product_cat-mwpower-mws-vrla-agm-seria-security","13":"first","14":"instock","15":"taxable","16":"shipping-taxable","17":"purchasable","18":"product-type-simple"},"yoast_head":"<!-- This site is optimized with the Yoast SEO plugin v26.7 - https:\/\/yoast.com\/wordpress\/plugins\/seo\/ -->\n<title>MWS 12-6 MWPower \/ battery for security \/ AGM \/ 6V-12Ah \/ terminal T1-4.8 mm \/ L151 W50 H100 mm - www.akum.lv<\/title>\n<meta name=\"robots\" content=\"index, follow, max-snippet:-1, max-image-preview:large, max-video-preview:-1\" \/>\n<link rel=\"canonical\" href=\"https:\/\/akum.lv\/ru\/prece\/mws-12-6-mwpower-battery-for-security-agm-6v-12ah-terminal-t1-4-8-mm-l151-w50-h100-mm\/\" \/>\n<meta property=\"og:locale\" content=\"ru_RU\" \/>\n<meta property=\"og:type\" content=\"article\" \/>\n<meta property=\"og:title\" content=\"MWS 12-6 MWPower \/ battery for security \/ AGM \/ 6V-12Ah \/ terminal T1-4.8 mm \/ L151 W50 H100 mm - www.akum.lv\" \/>\n<meta property=\"og:description\" content=\"MWS12-6 MWPower \/ battery for security \/ AGM \/ 6V-12Ah \/ terminal T1-4.8 mm \/ L151 W50 H100 mm  Datascheet - MWS-12-6  SIA ,,HUB ENERGY,, - ofici\u0101lais bateriju izplat\u012bt\u0101js ,,MWPower,, Latvij\u0101, Lietuv\u0101 un Igaunij\u0101 SIA ,,HUB ENERGY,, - \u043e\u0444\u0438\u0446\u0438\u0430\u043b\u044c\u043d\u044b\u0439 \u0434\u0438\u0441\u0442\u0440\u0438\u0431\u044c\u044e\u0442\u043e\u0440 \u0431\u0430\u0442\u0430\u0440\u0435\u0439 ,,MWPower,, \u0432 \u041b\u0430\u0442\u0432\u0438\u0438, \u041b\u0438\u0442\u0432\u0435 \u0438 \u042d\u0441\u0442\u043e\u043d\u0438\u0438 SIA ,,HUB ENERGY,, - official distributor of batteries ,,MWPower,, in Latvia, Lithuania and Estonia\" \/>\n<meta property=\"og:url\" content=\"https:\/\/akum.lv\/ru\/prece\/mws-12-6-mwpower-battery-for-security-agm-6v-12ah-terminal-t1-4-8-mm-l151-w50-h100-mm\/\" \/>\n<meta property=\"og:site_name\" content=\"www.akum.lv\" \/>\n<meta property=\"article:modified_time\" content=\"2023-09-01T10:00:19+00:00\" \/>\n<meta property=\"og:image\" content=\"https:\/\/akum.lv\/wp-content\/uploads\/2019\/02\/MWS12-6.jpg\" \/>\n\t<meta property=\"og:image:width\" content=\"370\" \/>\n\t<meta property=\"og:image:height\" content=\"288\" \/>\n\t<meta property=\"og:image:type\" content=\"image\/jpeg\" \/>\n<meta name=\"twitter:card\" content=\"summary_large_image\" \/>\n<script type=\"application\/ld+json\" class=\"yoast-schema-graph\">{\"@context\":\"https:\/\/schema.org\",\"@graph\":[{\"@type\":\"WebPage\",\"@id\":\"https:\/\/akum.lv\/ru\/prece\/mws-12-6-mwpower-battery-for-security-agm-6v-12ah-terminal-t1-4-8-mm-l151-w50-h100-mm\/\",\"url\":\"https:\/\/akum.lv\/ru\/prece\/mws-12-6-mwpower-battery-for-security-agm-6v-12ah-terminal-t1-4-8-mm-l151-w50-h100-mm\/\",\"name\":\"MWS 12-6 MWPower \/ battery for security \/ AGM \/ 6V-12Ah \/ terminal T1-4.8 mm \/ L151 W50 H100 mm - www.akum.lv\",\"isPartOf\":{\"@id\":\"https:\/\/akum.lv\/#website\"},\"primaryImageOfPage\":{\"@id\":\"https:\/\/akum.lv\/ru\/prece\/mws-12-6-mwpower-battery-for-security-agm-6v-12ah-terminal-t1-4-8-mm-l151-w50-h100-mm\/#primaryimage\"},\"image\":{\"@id\":\"https:\/\/akum.lv\/ru\/prece\/mws-12-6-mwpower-battery-for-security-agm-6v-12ah-terminal-t1-4-8-mm-l151-w50-h100-mm\/#primaryimage\"},\"thumbnailUrl\":\"https:\/\/akum.lv\/wp-content\/uploads\/2019\/02\/MWS12-6.jpg\",\"datePublished\":\"2022-05-10T13:45:30+00:00\",\"dateModified\":\"2023-09-01T10:00:19+00:00\",\"breadcrumb\":{\"@id\":\"https:\/\/akum.lv\/ru\/prece\/mws-12-6-mwpower-battery-for-security-agm-6v-12ah-terminal-t1-4-8-mm-l151-w50-h100-mm\/#breadcrumb\"},\"inLanguage\":\"ru-RU\",\"potentialAction\":[{\"@type\":\"ReadAction\",\"target\":[\"https:\/\/akum.lv\/ru\/prece\/mws-12-6-mwpower-battery-for-security-agm-6v-12ah-terminal-t1-4-8-mm-l151-w50-h100-mm\/\"]}]},{\"@type\":\"ImageObject\",\"inLanguage\":\"ru-RU\",\"@id\":\"https:\/\/akum.lv\/ru\/prece\/mws-12-6-mwpower-battery-for-security-agm-6v-12ah-terminal-t1-4-8-mm-l151-w50-h100-mm\/#primaryimage\",\"url\":\"https:\/\/akum.lv\/wp-content\/uploads\/2019\/02\/MWS12-6.jpg\",\"contentUrl\":\"https:\/\/akum.lv\/wp-content\/uploads\/2019\/02\/MWS12-6.jpg\",\"width\":370,\"height\":288},{\"@type\":\"BreadcrumbList\",\"@id\":\"https:\/\/akum.lv\/ru\/prece\/mws-12-6-mwpower-battery-for-security-agm-6v-12ah-terminal-t1-4-8-mm-l151-w50-h100-mm\/#breadcrumb\",\"itemListElement\":[{\"@type\":\"ListItem\",\"position\":1,\"name\":\"\u0413\u043b\u0430\u0432\u043d\u0430\u044f \u0441\u0442\u0440\u0430\u043d\u0438\u0446\u0430\",\"item\":\"https:\/\/akum.lv\/ru\/\"},{\"@type\":\"ListItem\",\"position\":2,\"name\":\"PRECES\",\"item\":\"https:\/\/akum.lv\/produkti-preces\/\"},{\"@type\":\"ListItem\",\"position\":3,\"name\":\"MWS 12-6 MWPower \/ battery for security \/ AGM \/ 6V-12Ah \/ terminal T1-4.8 mm \/ L151 W50 H100 mm\"}]},{\"@type\":\"WebSite\",\"@id\":\"https:\/\/akum.lv\/#website\",\"url\":\"https:\/\/akum.lv\/\",\"name\":\"www.akum.lv\",\"description\":\"Akumulatoru p\u0101rdev\u0113js | \u041f\u0440\u043e\u0434\u0430\u0432\u0435\u0446 \u0430\u043a\u043a\u0443\u043c\u0443\u043b\u044f\u0442\u043e\u0440\u043e\u0432 | Battery seller\",\"publisher\":{\"@id\":\"https:\/\/akum.lv\/#organization\"},\"potentialAction\":[{\"@type\":\"SearchAction\",\"target\":{\"@type\":\"EntryPoint\",\"urlTemplate\":\"https:\/\/akum.lv\/?s={search_term_string}\"},\"query-input\":{\"@type\":\"PropertyValueSpecification\",\"valueRequired\":true,\"valueName\":\"search_term_string\"}}],\"inLanguage\":\"ru-RU\"},{\"@type\":\"Organization\",\"@id\":\"https:\/\/akum.lv\/#organization\",\"name\":\"HubEnergy\",\"url\":\"https:\/\/akum.lv\/\",\"logo\":{\"@type\":\"ImageObject\",\"inLanguage\":\"ru-RU\",\"@id\":\"https:\/\/akum.lv\/#\/schema\/logo\/image\/\",\"url\":\"https:\/\/akum.lv\/wp-content\/uploads\/2018\/08\/Logo-hub-energy-2018-seller-dark-blue.png\",\"contentUrl\":\"https:\/\/akum.lv\/wp-content\/uploads\/2018\/08\/Logo-hub-energy-2018-seller-dark-blue.png\",\"width\":381,\"height\":75,\"caption\":\"HubEnergy\"},\"image\":{\"@id\":\"https:\/\/akum.lv\/#\/schema\/logo\/image\/\"}}]}<\/script>\n<!-- \/ Yoast SEO plugin. -->","yoast_head_json":{"title":"MWS 12-6 MWPower \/ battery for security \/ AGM \/ 6V-12Ah \/ terminal T1-4.8 mm \/ L151 W50 H100 mm - www.akum.lv","robots":{"index":"index","follow":"follow","max-snippet":"max-snippet:-1","max-image-preview":"max-image-preview:large","max-video-preview":"max-video-preview:-1"},"canonical":"https:\/\/akum.lv\/ru\/prece\/mws-12-6-mwpower-battery-for-security-agm-6v-12ah-terminal-t1-4-8-mm-l151-w50-h100-mm\/","og_locale":"ru_RU","og_type":"article","og_title":"MWS 12-6 MWPower \/ battery for security \/ AGM \/ 6V-12Ah \/ terminal T1-4.8 mm \/ L151 W50 H100 mm - www.akum.lv","og_description":"MWS12-6 MWPower \/ battery for security \/ AGM \/ 6V-12Ah \/ terminal T1-4.8 mm \/ L151 W50 H100 mm  Datascheet - MWS-12-6  SIA ,,HUB ENERGY,, - ofici\u0101lais bateriju izplat\u012bt\u0101js ,,MWPower,, Latvij\u0101, Lietuv\u0101 un Igaunij\u0101 SIA ,,HUB ENERGY,, - \u043e\u0444\u0438\u0446\u0438\u0430\u043b\u044c\u043d\u044b\u0439 \u0434\u0438\u0441\u0442\u0440\u0438\u0431\u044c\u044e\u0442\u043e\u0440 \u0431\u0430\u0442\u0430\u0440\u0435\u0439 ,,MWPower,, \u0432 \u041b\u0430\u0442\u0432\u0438\u0438, \u041b\u0438\u0442\u0432\u0435 \u0438 \u042d\u0441\u0442\u043e\u043d\u0438\u0438 SIA ,,HUB ENERGY,, - official distributor of batteries ,,MWPower,, in Latvia, Lithuania and Estonia","og_url":"https:\/\/akum.lv\/ru\/prece\/mws-12-6-mwpower-battery-for-security-agm-6v-12ah-terminal-t1-4-8-mm-l151-w50-h100-mm\/","og_site_name":"www.akum.lv","article_modified_time":"2023-09-01T10:00:19+00:00","og_image":[{"width":370,"height":288,"url":"https:\/\/akum.lv\/wp-content\/uploads\/2019\/02\/MWS12-6.jpg","type":"image\/jpeg"}],"twitter_card":"summary_large_image","schema":{"@context":"https:\/\/schema.org","@graph":[{"@type":"WebPage","@id":"https:\/\/akum.lv\/ru\/prece\/mws-12-6-mwpower-battery-for-security-agm-6v-12ah-terminal-t1-4-8-mm-l151-w50-h100-mm\/","url":"https:\/\/akum.lv\/ru\/prece\/mws-12-6-mwpower-battery-for-security-agm-6v-12ah-terminal-t1-4-8-mm-l151-w50-h100-mm\/","name":"MWS 12-6 MWPower \/ battery for security \/ AGM \/ 6V-12Ah \/ terminal T1-4.8 mm \/ L151 W50 H100 mm - www.akum.lv","isPartOf":{"@id":"https:\/\/akum.lv\/#website"},"primaryImageOfPage":{"@id":"https:\/\/akum.lv\/ru\/prece\/mws-12-6-mwpower-battery-for-security-agm-6v-12ah-terminal-t1-4-8-mm-l151-w50-h100-mm\/#primaryimage"},"image":{"@id":"https:\/\/akum.lv\/ru\/prece\/mws-12-6-mwpower-battery-for-security-agm-6v-12ah-terminal-t1-4-8-mm-l151-w50-h100-mm\/#primaryimage"},"thumbnailUrl":"https:\/\/akum.lv\/wp-content\/uploads\/2019\/02\/MWS12-6.jpg","datePublished":"2022-05-10T13:45:30+00:00","dateModified":"2023-09-01T10:00:19+00:00","breadcrumb":{"@id":"https:\/\/akum.lv\/ru\/prece\/mws-12-6-mwpower-battery-for-security-agm-6v-12ah-terminal-t1-4-8-mm-l151-w50-h100-mm\/#breadcrumb"},"inLanguage":"ru-RU","potentialAction":[{"@type":"ReadAction","target":["https:\/\/akum.lv\/ru\/prece\/mws-12-6-mwpower-battery-for-security-agm-6v-12ah-terminal-t1-4-8-mm-l151-w50-h100-mm\/"]}]},{"@type":"ImageObject","inLanguage":"ru-RU","@id":"https:\/\/akum.lv\/ru\/prece\/mws-12-6-mwpower-battery-for-security-agm-6v-12ah-terminal-t1-4-8-mm-l151-w50-h100-mm\/#primaryimage","url":"https:\/\/akum.lv\/wp-content\/uploads\/2019\/02\/MWS12-6.jpg","contentUrl":"https:\/\/akum.lv\/wp-content\/uploads\/2019\/02\/MWS12-6.jpg","width":370,"height":288},{"@type":"BreadcrumbList","@id":"https:\/\/akum.lv\/ru\/prece\/mws-12-6-mwpower-battery-for-security-agm-6v-12ah-terminal-t1-4-8-mm-l151-w50-h100-mm\/#breadcrumb","itemListElement":[{"@type":"ListItem","position":1,"name":"\u0413\u043b\u0430\u0432\u043d\u0430\u044f \u0441\u0442\u0440\u0430\u043d\u0438\u0446\u0430","item":"https:\/\/akum.lv\/ru\/"},{"@type":"ListItem","position":2,"name":"PRECES","item":"https:\/\/akum.lv\/produkti-preces\/"},{"@type":"ListItem","position":3,"name":"MWS 12-6 MWPower \/ battery for security \/ AGM \/ 6V-12Ah \/ terminal T1-4.8 mm \/ L151 W50 H100 mm"}]},{"@type":"WebSite","@id":"https:\/\/akum.lv\/#website","url":"https:\/\/akum.lv\/","name":"www.akum.lv","description":"Akumulatoru p\u0101rdev\u0113js | \u041f\u0440\u043e\u0434\u0430\u0432\u0435\u0446 \u0430\u043a\u043a\u0443\u043c\u0443\u043b\u044f\u0442\u043e\u0440\u043e\u0432 | Battery seller","publisher":{"@id":"https:\/\/akum.lv\/#organization"},"potentialAction":[{"@type":"SearchAction","target":{"@type":"EntryPoint","urlTemplate":"https:\/\/akum.lv\/?s={search_term_string}"},"query-input":{"@type":"PropertyValueSpecification","valueRequired":true,"valueName":"search_term_string"}}],"inLanguage":"ru-RU"},{"@type":"Organization","@id":"https:\/\/akum.lv\/#organization","name":"HubEnergy","url":"https:\/\/akum.lv\/","logo":{"@type":"ImageObject","inLanguage":"ru-RU","@id":"https:\/\/akum.lv\/#\/schema\/logo\/image\/","url":"https:\/\/akum.lv\/wp-content\/uploads\/2018\/08\/Logo-hub-energy-2018-seller-dark-blue.png","contentUrl":"https:\/\/akum.lv\/wp-content\/uploads\/2018\/08\/Logo-hub-energy-2018-seller-dark-blue.png","width":381,"height":75,"caption":"HubEnergy"},"image":{"@id":"https:\/\/akum.lv\/#\/schema\/logo\/image\/"}}]}},"brands":[{"id":335,"name":"MW POWER","slug":"mw-power-ru"}],"_links":{"self":[{"href":"https:\/\/akum.lv\/ru\/wp-json\/wp\/v2\/product\/12165","targetHints":{"allow":["GET"]}}],"collection":[{"href":"https:\/\/akum.lv\/ru\/wp-json\/wp\/v2\/product"}],"about":[{"href":"https:\/\/akum.lv\/ru\/wp-json\/wp\/v2\/types\/product"}],"wp:featuredmedia":[{"embeddable":true,"href":"https:\/\/akum.lv\/ru\/wp-json\/wp\/v2\/media\/4722"}],"wp:attachment":[{"href":"https:\/\/akum.lv\/ru\/wp-json\/wp\/v2\/media?parent=12165"}],"wp:term":[{"taxonomy":"pwb-brand","embeddable":true,"href":"https:\/\/akum.lv\/ru\/wp-json\/wp\/v2\/pwb-brand?post=12165"},{"taxonomy":"product_brand","embeddable":true,"href":"https:\/\/akum.lv\/ru\/wp-json\/wp\/v2\/product_brand?post=12165"},{"taxonomy":"product_cat","embeddable":true,"href":"https:\/\/akum.lv\/ru\/wp-json\/wp\/v2\/product_cat?post=12165"},{"taxonomy":"product_tag","embeddable":true,"href":"https:\/\/akum.lv\/ru\/wp-json\/wp\/v2\/product_tag?post=12165"}],"curies":[{"name":"wp","href":"https:\/\/api.w.org\/{rel}","templated":true}]}}