{"id":11912,"date":"2022-03-31T11:59:58","date_gmt":"2022-03-31T11:59:58","guid":{"rendered":"https:\/\/akum.lv\/?post_type=product&#038;p=11912"},"modified":"2023-09-29T10:11:48","modified_gmt":"2023-09-29T10:11:48","slug":"mwh-5-12l-mwpower-battery-agm-12v-6ah-213w-10-min-terminal-t2-6-3mm-l151-w50-h95-mm-kopirovat","status":"publish","type":"product","link":"https:\/\/akum.lv\/ru\/prece\/mwh-5-12l-mwpower-battery-agm-12v-6ah-213w-10-min-terminal-t2-6-3mm-l151-w50-h95-mm-kopirovat\/","title":{"rendered":"MWH 5-12L MWPower battery \/ AGM \/ 12V-6Ah 213W-10 min \/ terminal T2-6.3mm \/ L151 W50 H95 mm"},"content":{"rendered":"","protected":false},"excerpt":{"rendered":"<p>MWH 5-12L MWPower battery \/ AGM \/ 12V-6Ah 213W-10 min \/ terminal T2-6.3mm \/ L151 W50 H95 mm, 2.10 kg<\/p>\n<p>SIA ,,HUB ENERGY,, \u2013 ofici\u0101lais bateriju izplat\u012bt\u0101js ,,MWPower,, Latvij\u0101, Lietuv\u0101 un Igaunij\u0101<br \/>\nSIA ,,HUB ENERGY,, \u2013 \u043e\u0444\u0438\u0446\u0438\u0430\u043b\u044c\u043d\u044b\u0439 \u0434\u0438\u0441\u0442\u0440\u0438\u0431\u044c\u044e\u0442\u043e\u0440 \u0431\u0430\u0442\u0430\u0440\u0435\u0439 ,,MWPower,, \u0432 \u041b\u0430\u0442\u0432\u0438\u0438, \u041b\u0438\u0442\u0432\u0435 \u0438 \u042d\u0441\u0442\u043e\u043d\u0438\u0438<br \/>\nSIA ,,HUB ENERGY,, \u2013 official distributor of batteries ,,MWPower,, in Latvia, Lithuania and Estonia<\/p>\n<p>Ja prece nav noliktav\u0101<br \/>\n\u0160\u012bs preces ir pieejamas p\u0113c pas\u016bt\u012bjuma!<br \/>\nPieg\u0101des laiks 5-7 darba dienas.<\/p>\n<p>\u0415\u0441\u043b\u0438 \u0442\u043e\u0432\u0430\u0440\u0430 \u043d\u0435\u0442 \u043d\u0430 \u0441\u043a\u043b\u0430\u0434\u0435<br \/>\n\u042d\u0442\u0438 \u0442\u043e\u0432\u0430\u0440\u044b \u0434\u043e\u0441\u0442\u0443\u043f\u043d\u044b \u043f\u043e\u0434 \u0437\u0430\u043a\u0430\u0437!<br \/>\n\u0412\u0440\u0435\u043c\u044f \u043f\u043e\u0441\u0442\u0430\u0432\u043a\u0438 5-7 \u0440\u0430\u0431\u043e\u0447\u0438\u0445 \u0434\u043d\u0435\u0439<\/p>\n","protected":false},"featured_media":6922,"template":"","meta":[],"pwb-brand":[335],"product_brand":[],"product_cat":[376,443,319,265,556,522],"product_tag":[],"class_list":{"0":"post-11912","1":"product","2":"type-product","3":"status-publish","4":"has-post-thumbnail","6":"pwb-brand-mw-power-ru","7":"product_cat-agm-tehnologii-akkumuljatory-rus","8":"product_cat-agm-12v-batteries","9":"product_cat-akb-ups-telecom","10":"product_cat-agm-akumulatori-signalizacijas-drosibas-sistemam","11":"product_cat-mw-power-batteries-ru","12":"product_cat-mwpower-mw-vrla-agm-series","14":"first","15":"instock","16":"taxable","17":"shipping-taxable","18":"purchasable","19":"product-type-simple"},"yoast_head":"<!-- This site is optimized with the Yoast SEO plugin v26.7 - https:\/\/yoast.com\/wordpress\/plugins\/seo\/ -->\n<title>MWH 5-12L MWPower battery \/ AGM \/ 12V-6Ah 213W-10 min \/ terminal T2-6.3mm \/ L151 W50 H95 mm - www.akum.lv<\/title>\n<meta name=\"robots\" content=\"index, follow, max-snippet:-1, max-image-preview:large, max-video-preview:-1\" \/>\n<link rel=\"canonical\" href=\"https:\/\/akum.lv\/ru\/prece\/mwh-5-12l-mwpower-battery-agm-12v-6ah-213w-10-min-terminal-t2-6-3mm-l151-w50-h95-mm-kopirovat\/\" \/>\n<meta property=\"og:locale\" content=\"ru_RU\" \/>\n<meta property=\"og:type\" content=\"article\" \/>\n<meta property=\"og:title\" content=\"MWH 5-12L MWPower battery \/ AGM \/ 12V-6Ah 213W-10 min \/ terminal T2-6.3mm \/ L151 W50 H95 mm - www.akum.lv\" \/>\n<meta property=\"og:description\" content=\"MWH 5-12L MWPower battery \/ AGM \/ 12V-6Ah 213W-10 min \/ terminal T2-6.3mm \/ L151 W50 H95 mm, 2.10 kg  SIA ,,HUB ENERGY,, \u2013 ofici\u0101lais bateriju izplat\u012bt\u0101js ,,MWPower,, Latvij\u0101, Lietuv\u0101 un Igaunij\u0101 SIA ,,HUB ENERGY,, \u2013 \u043e\u0444\u0438\u0446\u0438\u0430\u043b\u044c\u043d\u044b\u0439 \u0434\u0438\u0441\u0442\u0440\u0438\u0431\u044c\u044e\u0442\u043e\u0440 \u0431\u0430\u0442\u0430\u0440\u0435\u0439 ,,MWPower,, \u0432 \u041b\u0430\u0442\u0432\u0438\u0438, \u041b\u0438\u0442\u0432\u0435 \u0438 \u042d\u0441\u0442\u043e\u043d\u0438\u0438 SIA ,,HUB ENERGY,, \u2013 official distributor of batteries ,,MWPower,, in Latvia, Lithuania and Estonia  Ja prece nav noliktav\u0101 \u0160\u012bs preces ir pieejamas p\u0113c pas\u016bt\u012bjuma! Pieg\u0101des laiks 5-7 darba dienas.  \u0415\u0441\u043b\u0438 \u0442\u043e\u0432\u0430\u0440\u0430 \u043d\u0435\u0442 \u043d\u0430 \u0441\u043a\u043b\u0430\u0434\u0435 \u042d\u0442\u0438 \u0442\u043e\u0432\u0430\u0440\u044b \u0434\u043e\u0441\u0442\u0443\u043f\u043d\u044b \u043f\u043e\u0434 \u0437\u0430\u043a\u0430\u0437! \u0412\u0440\u0435\u043c\u044f \u043f\u043e\u0441\u0442\u0430\u0432\u043a\u0438 5-7 \u0440\u0430\u0431\u043e\u0447\u0438\u0445 \u0434\u043d\u0435\u0439\" \/>\n<meta property=\"og:url\" content=\"https:\/\/akum.lv\/ru\/prece\/mwh-5-12l-mwpower-battery-agm-12v-6ah-213w-10-min-terminal-t2-6-3mm-l151-w50-h95-mm-kopirovat\/\" \/>\n<meta property=\"og:site_name\" content=\"www.akum.lv\" \/>\n<meta property=\"article:modified_time\" content=\"2023-09-29T10:11:48+00:00\" \/>\n<meta property=\"og:image\" content=\"https:\/\/akum.lv\/wp-content\/uploads\/2020\/01\/MWH-5-12.png\" \/>\n\t<meta property=\"og:image:width\" content=\"400\" \/>\n\t<meta property=\"og:image:height\" content=\"400\" \/>\n\t<meta property=\"og:image:type\" content=\"image\/png\" \/>\n<meta name=\"twitter:card\" content=\"summary_large_image\" \/>\n<script type=\"application\/ld+json\" class=\"yoast-schema-graph\">{\"@context\":\"https:\/\/schema.org\",\"@graph\":[{\"@type\":\"WebPage\",\"@id\":\"https:\/\/akum.lv\/ru\/prece\/mwh-5-12l-mwpower-battery-agm-12v-6ah-213w-10-min-terminal-t2-6-3mm-l151-w50-h95-mm-kopirovat\/\",\"url\":\"https:\/\/akum.lv\/ru\/prece\/mwh-5-12l-mwpower-battery-agm-12v-6ah-213w-10-min-terminal-t2-6-3mm-l151-w50-h95-mm-kopirovat\/\",\"name\":\"MWH 5-12L MWPower battery \/ AGM \/ 12V-6Ah 213W-10 min \/ terminal T2-6.3mm \/ L151 W50 H95 mm - www.akum.lv\",\"isPartOf\":{\"@id\":\"https:\/\/akum.lv\/#website\"},\"primaryImageOfPage\":{\"@id\":\"https:\/\/akum.lv\/ru\/prece\/mwh-5-12l-mwpower-battery-agm-12v-6ah-213w-10-min-terminal-t2-6-3mm-l151-w50-h95-mm-kopirovat\/#primaryimage\"},\"image\":{\"@id\":\"https:\/\/akum.lv\/ru\/prece\/mwh-5-12l-mwpower-battery-agm-12v-6ah-213w-10-min-terminal-t2-6-3mm-l151-w50-h95-mm-kopirovat\/#primaryimage\"},\"thumbnailUrl\":\"https:\/\/akum.lv\/wp-content\/uploads\/2020\/01\/MWH-5-12.png\",\"datePublished\":\"2022-03-31T11:59:58+00:00\",\"dateModified\":\"2023-09-29T10:11:48+00:00\",\"breadcrumb\":{\"@id\":\"https:\/\/akum.lv\/ru\/prece\/mwh-5-12l-mwpower-battery-agm-12v-6ah-213w-10-min-terminal-t2-6-3mm-l151-w50-h95-mm-kopirovat\/#breadcrumb\"},\"inLanguage\":\"ru-RU\",\"potentialAction\":[{\"@type\":\"ReadAction\",\"target\":[\"https:\/\/akum.lv\/ru\/prece\/mwh-5-12l-mwpower-battery-agm-12v-6ah-213w-10-min-terminal-t2-6-3mm-l151-w50-h95-mm-kopirovat\/\"]}]},{\"@type\":\"ImageObject\",\"inLanguage\":\"ru-RU\",\"@id\":\"https:\/\/akum.lv\/ru\/prece\/mwh-5-12l-mwpower-battery-agm-12v-6ah-213w-10-min-terminal-t2-6-3mm-l151-w50-h95-mm-kopirovat\/#primaryimage\",\"url\":\"https:\/\/akum.lv\/wp-content\/uploads\/2020\/01\/MWH-5-12.png\",\"contentUrl\":\"https:\/\/akum.lv\/wp-content\/uploads\/2020\/01\/MWH-5-12.png\",\"width\":400,\"height\":400},{\"@type\":\"BreadcrumbList\",\"@id\":\"https:\/\/akum.lv\/ru\/prece\/mwh-5-12l-mwpower-battery-agm-12v-6ah-213w-10-min-terminal-t2-6-3mm-l151-w50-h95-mm-kopirovat\/#breadcrumb\",\"itemListElement\":[{\"@type\":\"ListItem\",\"position\":1,\"name\":\"\u0413\u043b\u0430\u0432\u043d\u0430\u044f \u0441\u0442\u0440\u0430\u043d\u0438\u0446\u0430\",\"item\":\"https:\/\/akum.lv\/ru\/\"},{\"@type\":\"ListItem\",\"position\":2,\"name\":\"PRECES\",\"item\":\"https:\/\/akum.lv\/produkti-preces\/\"},{\"@type\":\"ListItem\",\"position\":3,\"name\":\"MWH 5-12L MWPower battery \/ AGM \/ 12V-6Ah 213W-10 min \/ terminal T2-6.3mm \/ L151 W50 H95 mm\"}]},{\"@type\":\"WebSite\",\"@id\":\"https:\/\/akum.lv\/#website\",\"url\":\"https:\/\/akum.lv\/\",\"name\":\"www.akum.lv\",\"description\":\"Akumulatoru p\u0101rdev\u0113js | \u041f\u0440\u043e\u0434\u0430\u0432\u0435\u0446 \u0430\u043a\u043a\u0443\u043c\u0443\u043b\u044f\u0442\u043e\u0440\u043e\u0432 | Battery seller\",\"publisher\":{\"@id\":\"https:\/\/akum.lv\/#organization\"},\"potentialAction\":[{\"@type\":\"SearchAction\",\"target\":{\"@type\":\"EntryPoint\",\"urlTemplate\":\"https:\/\/akum.lv\/?s={search_term_string}\"},\"query-input\":{\"@type\":\"PropertyValueSpecification\",\"valueRequired\":true,\"valueName\":\"search_term_string\"}}],\"inLanguage\":\"ru-RU\"},{\"@type\":\"Organization\",\"@id\":\"https:\/\/akum.lv\/#organization\",\"name\":\"HubEnergy\",\"url\":\"https:\/\/akum.lv\/\",\"logo\":{\"@type\":\"ImageObject\",\"inLanguage\":\"ru-RU\",\"@id\":\"https:\/\/akum.lv\/#\/schema\/logo\/image\/\",\"url\":\"https:\/\/akum.lv\/wp-content\/uploads\/2018\/08\/Logo-hub-energy-2018-seller-dark-blue.png\",\"contentUrl\":\"https:\/\/akum.lv\/wp-content\/uploads\/2018\/08\/Logo-hub-energy-2018-seller-dark-blue.png\",\"width\":381,\"height\":75,\"caption\":\"HubEnergy\"},\"image\":{\"@id\":\"https:\/\/akum.lv\/#\/schema\/logo\/image\/\"}}]}<\/script>\n<!-- \/ Yoast SEO plugin. -->","yoast_head_json":{"title":"MWH 5-12L MWPower battery \/ AGM \/ 12V-6Ah 213W-10 min \/ terminal T2-6.3mm \/ L151 W50 H95 mm - www.akum.lv","robots":{"index":"index","follow":"follow","max-snippet":"max-snippet:-1","max-image-preview":"max-image-preview:large","max-video-preview":"max-video-preview:-1"},"canonical":"https:\/\/akum.lv\/ru\/prece\/mwh-5-12l-mwpower-battery-agm-12v-6ah-213w-10-min-terminal-t2-6-3mm-l151-w50-h95-mm-kopirovat\/","og_locale":"ru_RU","og_type":"article","og_title":"MWH 5-12L MWPower battery \/ AGM \/ 12V-6Ah 213W-10 min \/ terminal T2-6.3mm \/ L151 W50 H95 mm - www.akum.lv","og_description":"MWH 5-12L MWPower battery \/ AGM \/ 12V-6Ah 213W-10 min \/ terminal T2-6.3mm \/ L151 W50 H95 mm, 2.10 kg  SIA ,,HUB ENERGY,, \u2013 ofici\u0101lais bateriju izplat\u012bt\u0101js ,,MWPower,, Latvij\u0101, Lietuv\u0101 un Igaunij\u0101 SIA ,,HUB ENERGY,, \u2013 \u043e\u0444\u0438\u0446\u0438\u0430\u043b\u044c\u043d\u044b\u0439 \u0434\u0438\u0441\u0442\u0440\u0438\u0431\u044c\u044e\u0442\u043e\u0440 \u0431\u0430\u0442\u0430\u0440\u0435\u0439 ,,MWPower,, \u0432 \u041b\u0430\u0442\u0432\u0438\u0438, \u041b\u0438\u0442\u0432\u0435 \u0438 \u042d\u0441\u0442\u043e\u043d\u0438\u0438 SIA ,,HUB ENERGY,, \u2013 official distributor of batteries ,,MWPower,, in Latvia, Lithuania and Estonia  Ja prece nav noliktav\u0101 \u0160\u012bs preces ir pieejamas p\u0113c pas\u016bt\u012bjuma! Pieg\u0101des laiks 5-7 darba dienas.  \u0415\u0441\u043b\u0438 \u0442\u043e\u0432\u0430\u0440\u0430 \u043d\u0435\u0442 \u043d\u0430 \u0441\u043a\u043b\u0430\u0434\u0435 \u042d\u0442\u0438 \u0442\u043e\u0432\u0430\u0440\u044b \u0434\u043e\u0441\u0442\u0443\u043f\u043d\u044b \u043f\u043e\u0434 \u0437\u0430\u043a\u0430\u0437! \u0412\u0440\u0435\u043c\u044f \u043f\u043e\u0441\u0442\u0430\u0432\u043a\u0438 5-7 \u0440\u0430\u0431\u043e\u0447\u0438\u0445 \u0434\u043d\u0435\u0439","og_url":"https:\/\/akum.lv\/ru\/prece\/mwh-5-12l-mwpower-battery-agm-12v-6ah-213w-10-min-terminal-t2-6-3mm-l151-w50-h95-mm-kopirovat\/","og_site_name":"www.akum.lv","article_modified_time":"2023-09-29T10:11:48+00:00","og_image":[{"width":400,"height":400,"url":"https:\/\/akum.lv\/wp-content\/uploads\/2020\/01\/MWH-5-12.png","type":"image\/png"}],"twitter_card":"summary_large_image","schema":{"@context":"https:\/\/schema.org","@graph":[{"@type":"WebPage","@id":"https:\/\/akum.lv\/ru\/prece\/mwh-5-12l-mwpower-battery-agm-12v-6ah-213w-10-min-terminal-t2-6-3mm-l151-w50-h95-mm-kopirovat\/","url":"https:\/\/akum.lv\/ru\/prece\/mwh-5-12l-mwpower-battery-agm-12v-6ah-213w-10-min-terminal-t2-6-3mm-l151-w50-h95-mm-kopirovat\/","name":"MWH 5-12L MWPower battery \/ AGM \/ 12V-6Ah 213W-10 min \/ terminal T2-6.3mm \/ L151 W50 H95 mm - www.akum.lv","isPartOf":{"@id":"https:\/\/akum.lv\/#website"},"primaryImageOfPage":{"@id":"https:\/\/akum.lv\/ru\/prece\/mwh-5-12l-mwpower-battery-agm-12v-6ah-213w-10-min-terminal-t2-6-3mm-l151-w50-h95-mm-kopirovat\/#primaryimage"},"image":{"@id":"https:\/\/akum.lv\/ru\/prece\/mwh-5-12l-mwpower-battery-agm-12v-6ah-213w-10-min-terminal-t2-6-3mm-l151-w50-h95-mm-kopirovat\/#primaryimage"},"thumbnailUrl":"https:\/\/akum.lv\/wp-content\/uploads\/2020\/01\/MWH-5-12.png","datePublished":"2022-03-31T11:59:58+00:00","dateModified":"2023-09-29T10:11:48+00:00","breadcrumb":{"@id":"https:\/\/akum.lv\/ru\/prece\/mwh-5-12l-mwpower-battery-agm-12v-6ah-213w-10-min-terminal-t2-6-3mm-l151-w50-h95-mm-kopirovat\/#breadcrumb"},"inLanguage":"ru-RU","potentialAction":[{"@type":"ReadAction","target":["https:\/\/akum.lv\/ru\/prece\/mwh-5-12l-mwpower-battery-agm-12v-6ah-213w-10-min-terminal-t2-6-3mm-l151-w50-h95-mm-kopirovat\/"]}]},{"@type":"ImageObject","inLanguage":"ru-RU","@id":"https:\/\/akum.lv\/ru\/prece\/mwh-5-12l-mwpower-battery-agm-12v-6ah-213w-10-min-terminal-t2-6-3mm-l151-w50-h95-mm-kopirovat\/#primaryimage","url":"https:\/\/akum.lv\/wp-content\/uploads\/2020\/01\/MWH-5-12.png","contentUrl":"https:\/\/akum.lv\/wp-content\/uploads\/2020\/01\/MWH-5-12.png","width":400,"height":400},{"@type":"BreadcrumbList","@id":"https:\/\/akum.lv\/ru\/prece\/mwh-5-12l-mwpower-battery-agm-12v-6ah-213w-10-min-terminal-t2-6-3mm-l151-w50-h95-mm-kopirovat\/#breadcrumb","itemListElement":[{"@type":"ListItem","position":1,"name":"\u0413\u043b\u0430\u0432\u043d\u0430\u044f \u0441\u0442\u0440\u0430\u043d\u0438\u0446\u0430","item":"https:\/\/akum.lv\/ru\/"},{"@type":"ListItem","position":2,"name":"PRECES","item":"https:\/\/akum.lv\/produkti-preces\/"},{"@type":"ListItem","position":3,"name":"MWH 5-12L MWPower battery \/ AGM \/ 12V-6Ah 213W-10 min \/ terminal T2-6.3mm \/ L151 W50 H95 mm"}]},{"@type":"WebSite","@id":"https:\/\/akum.lv\/#website","url":"https:\/\/akum.lv\/","name":"www.akum.lv","description":"Akumulatoru p\u0101rdev\u0113js | \u041f\u0440\u043e\u0434\u0430\u0432\u0435\u0446 \u0430\u043a\u043a\u0443\u043c\u0443\u043b\u044f\u0442\u043e\u0440\u043e\u0432 | Battery seller","publisher":{"@id":"https:\/\/akum.lv\/#organization"},"potentialAction":[{"@type":"SearchAction","target":{"@type":"EntryPoint","urlTemplate":"https:\/\/akum.lv\/?s={search_term_string}"},"query-input":{"@type":"PropertyValueSpecification","valueRequired":true,"valueName":"search_term_string"}}],"inLanguage":"ru-RU"},{"@type":"Organization","@id":"https:\/\/akum.lv\/#organization","name":"HubEnergy","url":"https:\/\/akum.lv\/","logo":{"@type":"ImageObject","inLanguage":"ru-RU","@id":"https:\/\/akum.lv\/#\/schema\/logo\/image\/","url":"https:\/\/akum.lv\/wp-content\/uploads\/2018\/08\/Logo-hub-energy-2018-seller-dark-blue.png","contentUrl":"https:\/\/akum.lv\/wp-content\/uploads\/2018\/08\/Logo-hub-energy-2018-seller-dark-blue.png","width":381,"height":75,"caption":"HubEnergy"},"image":{"@id":"https:\/\/akum.lv\/#\/schema\/logo\/image\/"}}]}},"brands":[{"id":335,"name":"MW POWER","slug":"mw-power-ru"}],"_links":{"self":[{"href":"https:\/\/akum.lv\/ru\/wp-json\/wp\/v2\/product\/11912","targetHints":{"allow":["GET"]}}],"collection":[{"href":"https:\/\/akum.lv\/ru\/wp-json\/wp\/v2\/product"}],"about":[{"href":"https:\/\/akum.lv\/ru\/wp-json\/wp\/v2\/types\/product"}],"wp:featuredmedia":[{"embeddable":true,"href":"https:\/\/akum.lv\/ru\/wp-json\/wp\/v2\/media\/6922"}],"wp:attachment":[{"href":"https:\/\/akum.lv\/ru\/wp-json\/wp\/v2\/media?parent=11912"}],"wp:term":[{"taxonomy":"pwb-brand","embeddable":true,"href":"https:\/\/akum.lv\/ru\/wp-json\/wp\/v2\/pwb-brand?post=11912"},{"taxonomy":"product_brand","embeddable":true,"href":"https:\/\/akum.lv\/ru\/wp-json\/wp\/v2\/product_brand?post=11912"},{"taxonomy":"product_cat","embeddable":true,"href":"https:\/\/akum.lv\/ru\/wp-json\/wp\/v2\/product_cat?post=11912"},{"taxonomy":"product_tag","embeddable":true,"href":"https:\/\/akum.lv\/ru\/wp-json\/wp\/v2\/product_tag?post=11912"}],"curies":[{"name":"wp","href":"https:\/\/api.w.org\/{rel}","templated":true}]}}