{"id":11892,"date":"2022-03-23T20:50:22","date_gmt":"2022-03-23T20:50:22","guid":{"rendered":"https:\/\/akum.lv\/product\/deta-de2353-efb-strongpro-hvr-12v-235ah-en-1200a-l518-w276-h242-akumulators\/"},"modified":"2025-02-25T11:03:11","modified_gmt":"2025-02-25T11:03:11","slug":"deta-de2353-efb-strongpro-hvr-12v-235ah-en-1200a-l518-w276-h242-akumulators","status":"publish","type":"product","link":"https:\/\/akum.lv\/ru\/prece\/deta-de2353-efb-strongpro-hvr-12v-235ah-en-1200a-l518-w276-h242-akumulators\/","title":{"rendered":"DETA-DE2353 StrongPRO EFB+ 12V-235Ah \/ EN 1200A \/ L518 \/ W276 \/ H242 Akumulators"},"content":{"rendered":"","protected":false},"excerpt":{"rendered":"<p><b>DETA-DE2353<\/b>\u00a0StrongPRO\u00a0<b>EFB+<\/b>\u00a012V-235Ah \/ EN 1200A \/ L518 \/ W276 \/ H242 Akumulators<\/p>\n<p><img loading=\"lazy\" decoding=\"async\" class=\"alignnone size-full wp-image-11436\" src=\"https:\/\/akum.lv\/wp-content\/uploads\/2021\/12\/pdf-icon.png\" alt=\"\" width=\"50\" height=\"50\" \/> <strong>&#8212; <a href=\"https:\/\/akum.lv\/wp-content\/uploads\/2022\/03\/Deta_CV_leaflet_2021_akum.lv_.pdf\">Deta_CV_leaflet_2021_akum.lv<\/a><\/strong><\/p>\n<p><span style=\"color: #0000ff;\">EFB (Enhanced Flooded Battery) tehnolo\u0123ija ir biez\u0101ka pl\u0101ksne nek\u0101 tradicion\u0101l\u0101 baterija, kas ievietota mikro\u0161\u0137iedras pl\u0113v\u0113. Vienm\u0113r slapj\u0101s pl\u0101ksn\u0113s uz virsmas paliek akt\u012bv\u0101ki komponenti. \u0160\u012b tehnolo\u0123ija \u013c\u0101va palielin\u0101t akumulatora uzl\u0101des un izl\u0101des ciklu skaitu un t\u0101 iztur\u012bbu pret dzi\u013cu izl\u0101di. Palielin\u0101ta uzl\u0101des jauda \u013cauj \u0101tri kompens\u0113t izl\u0101di brauk\u0161anas laik\u0101.<\/span><\/p>\n<p><span style=\"color: #0000ff;\">\u0422\u0435\u0445\u043d\u043e\u043b\u043e\u0433\u0438\u044f EFB (Enhanced Flooded Battery) \u2013 \u044d\u0442\u043e \u0431\u043e\u043b\u0435\u0435 \u0442\u043e\u043b\u0441\u0442\u044b\u0435, \u043f\u043e \u0441\u0440\u0430\u0432\u043d\u0435\u043d\u0438\u044e \u0441 \u0442\u0440\u0430\u0434\u0438\u0446\u0438\u043e\u043d\u043d\u044b\u043c \u0430\u043a\u043a\u0443\u043c\u0443\u043b\u044f\u0442\u043e\u0440\u043e\u043c, \u043f\u043b\u0430\u0441\u0442\u0438\u043d\u044b, \u043f\u043e\u043c\u0435\u0449\u0435\u043d\u043d\u044b\u0435 \u0432 \u043f\u043b\u0435\u043d\u043a\u0443 \u0438\u0437 \u043c\u0438\u043a\u0440\u043e\u0432\u043e\u043b\u043e\u043a\u043d\u0430. \u0412\u0441\u0435\u0433\u0434\u0430 \u0432\u043b\u0430\u0436\u043d\u044b\u0435 \u043f\u043b\u0430\u0441\u0442\u0438\u043d\u044b \u0443\u0434\u0435\u0440\u0436\u0438\u0432\u0430\u044e\u0442 \u043d\u0430 \u0441\u0432\u043e\u0435\u0439 \u043f\u043e\u0432\u0435\u0440\u0445\u043d\u043e\u0441\u0442\u0438 \u0431\u043e\u043b\u044c\u0448\u0435 \u0430\u043a\u0442\u0438\u0432\u043d\u044b\u0445 \u043a\u043e\u043c\u043f\u043e\u043d\u0435\u043d\u0442\u043e\u0432. \u0414\u0430\u043d\u043d\u0430\u044f \u0442\u0435\u0445\u043d\u043e\u043b\u043e\u0433\u0438\u044f \u043f\u043e\u0437\u0432\u043e\u043b\u0438\u043b\u0430 \u0443\u0432\u0435\u043b\u0438\u0447\u0438\u0442\u044c \u0447\u0438\u0441\u043b\u043e \u0446\u0438\u043a\u043b\u043e\u0432 \u0437\u0430\u0440\u044f\u0434-\u0440\u0430\u0437\u0440\u044f\u0434\u0430 \u0430\u043a\u043a\u0443\u043c\u0443\u043b\u044f\u0442\u043e\u0440\u0430 \u0438 \u0435\u0433\u043e \u0443\u0441\u0442\u043e\u0439\u0447\u0438\u0432\u043e\u0441\u0442\u044c \u043a \u0433\u043b\u0443\u0431\u043e\u043a\u0438\u043c \u0440\u0430\u0437\u0440\u044f\u0434\u0430\u043c. \u041f\u043e\u0432\u044b\u0448\u0435\u043d\u043d\u0430\u044f \u0437\u0430\u0440\u044f\u0434\u043d\u0430\u044f \u0435\u043c\u043a\u043e\u0441\u0442\u044c, \u043f\u043e\u0437\u0432\u043e\u043b\u044f\u0435\u0442 \u0431\u044b\u0441\u0442\u0440\u0435\u0435 \u043a\u043e\u043c\u043f\u0435\u043d\u0441\u0438\u0440\u043e\u0432\u0430\u0442\u044c \u0440\u0430\u0437\u0440\u044f\u0434 \u0432\u043e \u0432\u0440\u0435\u043c\u044f \u0434\u0432\u0438\u0436\u0435\u043d\u0438\u044f \u0430\u0432\u0442\u043e\u043c\u043e\u0431\u0438\u043b\u044f.<\/span><\/p>\n","protected":false},"featured_media":13320,"template":"","meta":[],"pwb-brand":[800,338],"product_brand":[],"product_cat":[300,315],"product_tag":[],"class_list":{"0":"post-11892","1":"product","2":"type-product","3":"status-publish","4":"has-post-thumbnail","6":"pwb-brand-deta-2-ru","7":"pwb-brand-exide-technologies-ru","8":"product_cat-akkumuljatory-starternye","9":"product_cat-akkumuljatory-dlja-gruzovyh-avtomobilej","11":"first","12":"instock","13":"taxable","14":"shipping-taxable","15":"purchasable","16":"product-type-simple"},"yoast_head":"<!-- This site is optimized with the Yoast SEO plugin v26.7 - https:\/\/yoast.com\/wordpress\/plugins\/seo\/ -->\n<title>DETA-DE2353 StrongPRO EFB+ 12V-235Ah \/ EN 1200A \/ L518 \/ W276 \/ H242 Akumulators - www.akum.lv<\/title>\n<meta name=\"robots\" content=\"index, follow, max-snippet:-1, max-image-preview:large, max-video-preview:-1\" \/>\n<link rel=\"canonical\" href=\"https:\/\/akum.lv\/ru\/prece\/deta-de2353-efb-strongpro-hvr-12v-235ah-en-1200a-l518-w276-h242-akumulators\/\" \/>\n<meta property=\"og:locale\" content=\"ru_RU\" \/>\n<meta property=\"og:type\" content=\"article\" \/>\n<meta property=\"og:title\" content=\"DETA-DE2353 StrongPRO EFB+ 12V-235Ah \/ EN 1200A \/ L518 \/ W276 \/ H242 Akumulators - www.akum.lv\" \/>\n<meta property=\"og:description\" content=\"DETA-DE2353\u00a0StrongPRO\u00a0EFB+\u00a012V-235Ah \/ EN 1200A \/ L518 \/ W276 \/ H242 Akumulators   - Deta_CV_leaflet_2021_akum.lv  EFB (Enhanced Flooded Battery) tehnolo\u0123ija ir biez\u0101ka pl\u0101ksne nek\u0101 tradicion\u0101l\u0101 baterija, kas ievietota mikro\u0161\u0137iedras pl\u0113v\u0113. Vienm\u0113r slapj\u0101s pl\u0101ksn\u0113s uz virsmas paliek akt\u012bv\u0101ki komponenti. \u0160\u012b tehnolo\u0123ija \u013c\u0101va palielin\u0101t akumulatora uzl\u0101des un izl\u0101des ciklu skaitu un t\u0101 iztur\u012bbu pret dzi\u013cu izl\u0101di. Palielin\u0101ta uzl\u0101des jauda \u013cauj \u0101tri kompens\u0113t izl\u0101di brauk\u0161anas laik\u0101.  \u0422\u0435\u0445\u043d\u043e\u043b\u043e\u0433\u0438\u044f EFB (Enhanced Flooded Battery) \u2013 \u044d\u0442\u043e \u0431\u043e\u043b\u0435\u0435 \u0442\u043e\u043b\u0441\u0442\u044b\u0435, \u043f\u043e \u0441\u0440\u0430\u0432\u043d\u0435\u043d\u0438\u044e \u0441 \u0442\u0440\u0430\u0434\u0438\u0446\u0438\u043e\u043d\u043d\u044b\u043c \u0430\u043a\u043a\u0443\u043c\u0443\u043b\u044f\u0442\u043e\u0440\u043e\u043c, \u043f\u043b\u0430\u0441\u0442\u0438\u043d\u044b, \u043f\u043e\u043c\u0435\u0449\u0435\u043d\u043d\u044b\u0435 \u0432 \u043f\u043b\u0435\u043d\u043a\u0443 \u0438\u0437 \u043c\u0438\u043a\u0440\u043e\u0432\u043e\u043b\u043e\u043a\u043d\u0430. \u0412\u0441\u0435\u0433\u0434\u0430 \u0432\u043b\u0430\u0436\u043d\u044b\u0435 \u043f\u043b\u0430\u0441\u0442\u0438\u043d\u044b \u0443\u0434\u0435\u0440\u0436\u0438\u0432\u0430\u044e\u0442 \u043d\u0430 \u0441\u0432\u043e\u0435\u0439 \u043f\u043e\u0432\u0435\u0440\u0445\u043d\u043e\u0441\u0442\u0438 \u0431\u043e\u043b\u044c\u0448\u0435 \u0430\u043a\u0442\u0438\u0432\u043d\u044b\u0445 \u043a\u043e\u043c\u043f\u043e\u043d\u0435\u043d\u0442\u043e\u0432. \u0414\u0430\u043d\u043d\u0430\u044f \u0442\u0435\u0445\u043d\u043e\u043b\u043e\u0433\u0438\u044f \u043f\u043e\u0437\u0432\u043e\u043b\u0438\u043b\u0430 \u0443\u0432\u0435\u043b\u0438\u0447\u0438\u0442\u044c \u0447\u0438\u0441\u043b\u043e \u0446\u0438\u043a\u043b\u043e\u0432 \u0437\u0430\u0440\u044f\u0434-\u0440\u0430\u0437\u0440\u044f\u0434\u0430 \u0430\u043a\u043a\u0443\u043c\u0443\u043b\u044f\u0442\u043e\u0440\u0430 \u0438 \u0435\u0433\u043e \u0443\u0441\u0442\u043e\u0439\u0447\u0438\u0432\u043e\u0441\u0442\u044c \u043a \u0433\u043b\u0443\u0431\u043e\u043a\u0438\u043c \u0440\u0430\u0437\u0440\u044f\u0434\u0430\u043c. \u041f\u043e\u0432\u044b\u0448\u0435\u043d\u043d\u0430\u044f \u0437\u0430\u0440\u044f\u0434\u043d\u0430\u044f \u0435\u043c\u043a\u043e\u0441\u0442\u044c, \u043f\u043e\u0437\u0432\u043e\u043b\u044f\u0435\u0442 \u0431\u044b\u0441\u0442\u0440\u0435\u0435 \u043a\u043e\u043c\u043f\u0435\u043d\u0441\u0438\u0440\u043e\u0432\u0430\u0442\u044c \u0440\u0430\u0437\u0440\u044f\u0434 \u0432\u043e \u0432\u0440\u0435\u043c\u044f \u0434\u0432\u0438\u0436\u0435\u043d\u0438\u044f \u0430\u0432\u0442\u043e\u043c\u043e\u0431\u0438\u043b\u044f.\" \/>\n<meta property=\"og:url\" content=\"https:\/\/akum.lv\/ru\/prece\/deta-de2353-efb-strongpro-hvr-12v-235ah-en-1200a-l518-w276-h242-akumulators\/\" \/>\n<meta property=\"og:site_name\" content=\"www.akum.lv\" \/>\n<meta property=\"article:modified_time\" content=\"2025-02-25T11:03:11+00:00\" \/>\n<meta property=\"og:image\" content=\"https:\/\/akum.lv\/wp-content\/uploads\/2022\/03\/DE2353.jpg\" \/>\n\t<meta property=\"og:image:width\" content=\"600\" \/>\n\t<meta property=\"og:image:height\" content=\"400\" \/>\n\t<meta property=\"og:image:type\" content=\"image\/jpeg\" \/>\n<meta name=\"twitter:card\" content=\"summary_large_image\" \/>\n<script type=\"application\/ld+json\" class=\"yoast-schema-graph\">{\"@context\":\"https:\/\/schema.org\",\"@graph\":[{\"@type\":\"WebPage\",\"@id\":\"https:\/\/akum.lv\/ru\/prece\/deta-de2353-efb-strongpro-hvr-12v-235ah-en-1200a-l518-w276-h242-akumulators\/\",\"url\":\"https:\/\/akum.lv\/ru\/prece\/deta-de2353-efb-strongpro-hvr-12v-235ah-en-1200a-l518-w276-h242-akumulators\/\",\"name\":\"DETA-DE2353 StrongPRO EFB+ 12V-235Ah \/ EN 1200A \/ L518 \/ W276 \/ H242 Akumulators - www.akum.lv\",\"isPartOf\":{\"@id\":\"https:\/\/akum.lv\/#website\"},\"primaryImageOfPage\":{\"@id\":\"https:\/\/akum.lv\/ru\/prece\/deta-de2353-efb-strongpro-hvr-12v-235ah-en-1200a-l518-w276-h242-akumulators\/#primaryimage\"},\"image\":{\"@id\":\"https:\/\/akum.lv\/ru\/prece\/deta-de2353-efb-strongpro-hvr-12v-235ah-en-1200a-l518-w276-h242-akumulators\/#primaryimage\"},\"thumbnailUrl\":\"https:\/\/akum.lv\/wp-content\/uploads\/2022\/03\/DE2353.jpg\",\"datePublished\":\"2022-03-23T20:50:22+00:00\",\"dateModified\":\"2025-02-25T11:03:11+00:00\",\"breadcrumb\":{\"@id\":\"https:\/\/akum.lv\/ru\/prece\/deta-de2353-efb-strongpro-hvr-12v-235ah-en-1200a-l518-w276-h242-akumulators\/#breadcrumb\"},\"inLanguage\":\"ru-RU\",\"potentialAction\":[{\"@type\":\"ReadAction\",\"target\":[\"https:\/\/akum.lv\/ru\/prece\/deta-de2353-efb-strongpro-hvr-12v-235ah-en-1200a-l518-w276-h242-akumulators\/\"]}]},{\"@type\":\"ImageObject\",\"inLanguage\":\"ru-RU\",\"@id\":\"https:\/\/akum.lv\/ru\/prece\/deta-de2353-efb-strongpro-hvr-12v-235ah-en-1200a-l518-w276-h242-akumulators\/#primaryimage\",\"url\":\"https:\/\/akum.lv\/wp-content\/uploads\/2022\/03\/DE2353.jpg\",\"contentUrl\":\"https:\/\/akum.lv\/wp-content\/uploads\/2022\/03\/DE2353.jpg\",\"width\":600,\"height\":400},{\"@type\":\"BreadcrumbList\",\"@id\":\"https:\/\/akum.lv\/ru\/prece\/deta-de2353-efb-strongpro-hvr-12v-235ah-en-1200a-l518-w276-h242-akumulators\/#breadcrumb\",\"itemListElement\":[{\"@type\":\"ListItem\",\"position\":1,\"name\":\"\u0413\u043b\u0430\u0432\u043d\u0430\u044f \u0441\u0442\u0440\u0430\u043d\u0438\u0446\u0430\",\"item\":\"https:\/\/akum.lv\/ru\/\"},{\"@type\":\"ListItem\",\"position\":2,\"name\":\"PRECES\",\"item\":\"https:\/\/akum.lv\/produkti-preces\/\"},{\"@type\":\"ListItem\",\"position\":3,\"name\":\"DETA-DE2353 StrongPRO EFB+ 12V-235Ah \/ EN 1200A \/ L518 \/ W276 \/ H242 Akumulators\"}]},{\"@type\":\"WebSite\",\"@id\":\"https:\/\/akum.lv\/#website\",\"url\":\"https:\/\/akum.lv\/\",\"name\":\"www.akum.lv\",\"description\":\"Akumulatoru p\u0101rdev\u0113js | \u041f\u0440\u043e\u0434\u0430\u0432\u0435\u0446 \u0430\u043a\u043a\u0443\u043c\u0443\u043b\u044f\u0442\u043e\u0440\u043e\u0432 | Battery seller\",\"publisher\":{\"@id\":\"https:\/\/akum.lv\/#organization\"},\"potentialAction\":[{\"@type\":\"SearchAction\",\"target\":{\"@type\":\"EntryPoint\",\"urlTemplate\":\"https:\/\/akum.lv\/?s={search_term_string}\"},\"query-input\":{\"@type\":\"PropertyValueSpecification\",\"valueRequired\":true,\"valueName\":\"search_term_string\"}}],\"inLanguage\":\"ru-RU\"},{\"@type\":\"Organization\",\"@id\":\"https:\/\/akum.lv\/#organization\",\"name\":\"HubEnergy\",\"url\":\"https:\/\/akum.lv\/\",\"logo\":{\"@type\":\"ImageObject\",\"inLanguage\":\"ru-RU\",\"@id\":\"https:\/\/akum.lv\/#\/schema\/logo\/image\/\",\"url\":\"https:\/\/akum.lv\/wp-content\/uploads\/2018\/08\/Logo-hub-energy-2018-seller-dark-blue.png\",\"contentUrl\":\"https:\/\/akum.lv\/wp-content\/uploads\/2018\/08\/Logo-hub-energy-2018-seller-dark-blue.png\",\"width\":381,\"height\":75,\"caption\":\"HubEnergy\"},\"image\":{\"@id\":\"https:\/\/akum.lv\/#\/schema\/logo\/image\/\"}}]}<\/script>\n<!-- \/ Yoast SEO plugin. -->","yoast_head_json":{"title":"DETA-DE2353 StrongPRO EFB+ 12V-235Ah \/ EN 1200A \/ L518 \/ W276 \/ H242 Akumulators - www.akum.lv","robots":{"index":"index","follow":"follow","max-snippet":"max-snippet:-1","max-image-preview":"max-image-preview:large","max-video-preview":"max-video-preview:-1"},"canonical":"https:\/\/akum.lv\/ru\/prece\/deta-de2353-efb-strongpro-hvr-12v-235ah-en-1200a-l518-w276-h242-akumulators\/","og_locale":"ru_RU","og_type":"article","og_title":"DETA-DE2353 StrongPRO EFB+ 12V-235Ah \/ EN 1200A \/ L518 \/ W276 \/ H242 Akumulators - www.akum.lv","og_description":"DETA-DE2353\u00a0StrongPRO\u00a0EFB+\u00a012V-235Ah \/ EN 1200A \/ L518 \/ W276 \/ H242 Akumulators   - Deta_CV_leaflet_2021_akum.lv  EFB (Enhanced Flooded Battery) tehnolo\u0123ija ir biez\u0101ka pl\u0101ksne nek\u0101 tradicion\u0101l\u0101 baterija, kas ievietota mikro\u0161\u0137iedras pl\u0113v\u0113. Vienm\u0113r slapj\u0101s pl\u0101ksn\u0113s uz virsmas paliek akt\u012bv\u0101ki komponenti. \u0160\u012b tehnolo\u0123ija \u013c\u0101va palielin\u0101t akumulatora uzl\u0101des un izl\u0101des ciklu skaitu un t\u0101 iztur\u012bbu pret dzi\u013cu izl\u0101di. Palielin\u0101ta uzl\u0101des jauda \u013cauj \u0101tri kompens\u0113t izl\u0101di brauk\u0161anas laik\u0101.  \u0422\u0435\u0445\u043d\u043e\u043b\u043e\u0433\u0438\u044f EFB (Enhanced Flooded Battery) \u2013 \u044d\u0442\u043e \u0431\u043e\u043b\u0435\u0435 \u0442\u043e\u043b\u0441\u0442\u044b\u0435, \u043f\u043e \u0441\u0440\u0430\u0432\u043d\u0435\u043d\u0438\u044e \u0441 \u0442\u0440\u0430\u0434\u0438\u0446\u0438\u043e\u043d\u043d\u044b\u043c \u0430\u043a\u043a\u0443\u043c\u0443\u043b\u044f\u0442\u043e\u0440\u043e\u043c, \u043f\u043b\u0430\u0441\u0442\u0438\u043d\u044b, \u043f\u043e\u043c\u0435\u0449\u0435\u043d\u043d\u044b\u0435 \u0432 \u043f\u043b\u0435\u043d\u043a\u0443 \u0438\u0437 \u043c\u0438\u043a\u0440\u043e\u0432\u043e\u043b\u043e\u043a\u043d\u0430. \u0412\u0441\u0435\u0433\u0434\u0430 \u0432\u043b\u0430\u0436\u043d\u044b\u0435 \u043f\u043b\u0430\u0441\u0442\u0438\u043d\u044b \u0443\u0434\u0435\u0440\u0436\u0438\u0432\u0430\u044e\u0442 \u043d\u0430 \u0441\u0432\u043e\u0435\u0439 \u043f\u043e\u0432\u0435\u0440\u0445\u043d\u043e\u0441\u0442\u0438 \u0431\u043e\u043b\u044c\u0448\u0435 \u0430\u043a\u0442\u0438\u0432\u043d\u044b\u0445 \u043a\u043e\u043c\u043f\u043e\u043d\u0435\u043d\u0442\u043e\u0432. \u0414\u0430\u043d\u043d\u0430\u044f \u0442\u0435\u0445\u043d\u043e\u043b\u043e\u0433\u0438\u044f \u043f\u043e\u0437\u0432\u043e\u043b\u0438\u043b\u0430 \u0443\u0432\u0435\u043b\u0438\u0447\u0438\u0442\u044c \u0447\u0438\u0441\u043b\u043e \u0446\u0438\u043a\u043b\u043e\u0432 \u0437\u0430\u0440\u044f\u0434-\u0440\u0430\u0437\u0440\u044f\u0434\u0430 \u0430\u043a\u043a\u0443\u043c\u0443\u043b\u044f\u0442\u043e\u0440\u0430 \u0438 \u0435\u0433\u043e \u0443\u0441\u0442\u043e\u0439\u0447\u0438\u0432\u043e\u0441\u0442\u044c \u043a \u0433\u043b\u0443\u0431\u043e\u043a\u0438\u043c \u0440\u0430\u0437\u0440\u044f\u0434\u0430\u043c. \u041f\u043e\u0432\u044b\u0448\u0435\u043d\u043d\u0430\u044f \u0437\u0430\u0440\u044f\u0434\u043d\u0430\u044f \u0435\u043c\u043a\u043e\u0441\u0442\u044c, \u043f\u043e\u0437\u0432\u043e\u043b\u044f\u0435\u0442 \u0431\u044b\u0441\u0442\u0440\u0435\u0435 \u043a\u043e\u043c\u043f\u0435\u043d\u0441\u0438\u0440\u043e\u0432\u0430\u0442\u044c \u0440\u0430\u0437\u0440\u044f\u0434 \u0432\u043e \u0432\u0440\u0435\u043c\u044f \u0434\u0432\u0438\u0436\u0435\u043d\u0438\u044f \u0430\u0432\u0442\u043e\u043c\u043e\u0431\u0438\u043b\u044f.","og_url":"https:\/\/akum.lv\/ru\/prece\/deta-de2353-efb-strongpro-hvr-12v-235ah-en-1200a-l518-w276-h242-akumulators\/","og_site_name":"www.akum.lv","article_modified_time":"2025-02-25T11:03:11+00:00","og_image":[{"width":600,"height":400,"url":"https:\/\/akum.lv\/wp-content\/uploads\/2022\/03\/DE2353.jpg","type":"image\/jpeg"}],"twitter_card":"summary_large_image","schema":{"@context":"https:\/\/schema.org","@graph":[{"@type":"WebPage","@id":"https:\/\/akum.lv\/ru\/prece\/deta-de2353-efb-strongpro-hvr-12v-235ah-en-1200a-l518-w276-h242-akumulators\/","url":"https:\/\/akum.lv\/ru\/prece\/deta-de2353-efb-strongpro-hvr-12v-235ah-en-1200a-l518-w276-h242-akumulators\/","name":"DETA-DE2353 StrongPRO EFB+ 12V-235Ah \/ EN 1200A \/ L518 \/ W276 \/ H242 Akumulators - www.akum.lv","isPartOf":{"@id":"https:\/\/akum.lv\/#website"},"primaryImageOfPage":{"@id":"https:\/\/akum.lv\/ru\/prece\/deta-de2353-efb-strongpro-hvr-12v-235ah-en-1200a-l518-w276-h242-akumulators\/#primaryimage"},"image":{"@id":"https:\/\/akum.lv\/ru\/prece\/deta-de2353-efb-strongpro-hvr-12v-235ah-en-1200a-l518-w276-h242-akumulators\/#primaryimage"},"thumbnailUrl":"https:\/\/akum.lv\/wp-content\/uploads\/2022\/03\/DE2353.jpg","datePublished":"2022-03-23T20:50:22+00:00","dateModified":"2025-02-25T11:03:11+00:00","breadcrumb":{"@id":"https:\/\/akum.lv\/ru\/prece\/deta-de2353-efb-strongpro-hvr-12v-235ah-en-1200a-l518-w276-h242-akumulators\/#breadcrumb"},"inLanguage":"ru-RU","potentialAction":[{"@type":"ReadAction","target":["https:\/\/akum.lv\/ru\/prece\/deta-de2353-efb-strongpro-hvr-12v-235ah-en-1200a-l518-w276-h242-akumulators\/"]}]},{"@type":"ImageObject","inLanguage":"ru-RU","@id":"https:\/\/akum.lv\/ru\/prece\/deta-de2353-efb-strongpro-hvr-12v-235ah-en-1200a-l518-w276-h242-akumulators\/#primaryimage","url":"https:\/\/akum.lv\/wp-content\/uploads\/2022\/03\/DE2353.jpg","contentUrl":"https:\/\/akum.lv\/wp-content\/uploads\/2022\/03\/DE2353.jpg","width":600,"height":400},{"@type":"BreadcrumbList","@id":"https:\/\/akum.lv\/ru\/prece\/deta-de2353-efb-strongpro-hvr-12v-235ah-en-1200a-l518-w276-h242-akumulators\/#breadcrumb","itemListElement":[{"@type":"ListItem","position":1,"name":"\u0413\u043b\u0430\u0432\u043d\u0430\u044f \u0441\u0442\u0440\u0430\u043d\u0438\u0446\u0430","item":"https:\/\/akum.lv\/ru\/"},{"@type":"ListItem","position":2,"name":"PRECES","item":"https:\/\/akum.lv\/produkti-preces\/"},{"@type":"ListItem","position":3,"name":"DETA-DE2353 StrongPRO EFB+ 12V-235Ah \/ EN 1200A \/ L518 \/ W276 \/ H242 Akumulators"}]},{"@type":"WebSite","@id":"https:\/\/akum.lv\/#website","url":"https:\/\/akum.lv\/","name":"www.akum.lv","description":"Akumulatoru p\u0101rdev\u0113js | \u041f\u0440\u043e\u0434\u0430\u0432\u0435\u0446 \u0430\u043a\u043a\u0443\u043c\u0443\u043b\u044f\u0442\u043e\u0440\u043e\u0432 | Battery seller","publisher":{"@id":"https:\/\/akum.lv\/#organization"},"potentialAction":[{"@type":"SearchAction","target":{"@type":"EntryPoint","urlTemplate":"https:\/\/akum.lv\/?s={search_term_string}"},"query-input":{"@type":"PropertyValueSpecification","valueRequired":true,"valueName":"search_term_string"}}],"inLanguage":"ru-RU"},{"@type":"Organization","@id":"https:\/\/akum.lv\/#organization","name":"HubEnergy","url":"https:\/\/akum.lv\/","logo":{"@type":"ImageObject","inLanguage":"ru-RU","@id":"https:\/\/akum.lv\/#\/schema\/logo\/image\/","url":"https:\/\/akum.lv\/wp-content\/uploads\/2018\/08\/Logo-hub-energy-2018-seller-dark-blue.png","contentUrl":"https:\/\/akum.lv\/wp-content\/uploads\/2018\/08\/Logo-hub-energy-2018-seller-dark-blue.png","width":381,"height":75,"caption":"HubEnergy"},"image":{"@id":"https:\/\/akum.lv\/#\/schema\/logo\/image\/"}}]}},"brands":[{"id":800,"name":"DETA","slug":"deta-2-ru"},{"id":338,"name":"EXIDE TECHNOLOGIES","slug":"exide-technologies-ru"}],"_links":{"self":[{"href":"https:\/\/akum.lv\/ru\/wp-json\/wp\/v2\/product\/11892","targetHints":{"allow":["GET"]}}],"collection":[{"href":"https:\/\/akum.lv\/ru\/wp-json\/wp\/v2\/product"}],"about":[{"href":"https:\/\/akum.lv\/ru\/wp-json\/wp\/v2\/types\/product"}],"wp:featuredmedia":[{"embeddable":true,"href":"https:\/\/akum.lv\/ru\/wp-json\/wp\/v2\/media\/13320"}],"wp:attachment":[{"href":"https:\/\/akum.lv\/ru\/wp-json\/wp\/v2\/media?parent=11892"}],"wp:term":[{"taxonomy":"pwb-brand","embeddable":true,"href":"https:\/\/akum.lv\/ru\/wp-json\/wp\/v2\/pwb-brand?post=11892"},{"taxonomy":"product_brand","embeddable":true,"href":"https:\/\/akum.lv\/ru\/wp-json\/wp\/v2\/product_brand?post=11892"},{"taxonomy":"product_cat","embeddable":true,"href":"https:\/\/akum.lv\/ru\/wp-json\/wp\/v2\/product_cat?post=11892"},{"taxonomy":"product_tag","embeddable":true,"href":"https:\/\/akum.lv\/ru\/wp-json\/wp\/v2\/product_tag?post=11892"}],"curies":[{"name":"wp","href":"https:\/\/api.w.org\/{rel}","templated":true}]}}