{"id":11673,"date":"2022-01-25T10:48:50","date_gmt":"2022-01-25T10:48:50","guid":{"rendered":"https:\/\/akum.lv\/product\/mws7-2-6-mwpower-battery-for-security-agm-6v-7-2ah-t1-4-8-mm-l151-w34-h94-mm\/"},"modified":"2022-07-08T08:07:48","modified_gmt":"2022-07-08T08:07:48","slug":"mws7-2-6-mwpower-battery-for-security-agm-6v-7-2ah-t1-4-8-mm-l151-w34-h94-mm","status":"publish","type":"product","link":"https:\/\/akum.lv\/ru\/prece\/mws7-2-6-mwpower-battery-for-security-agm-6v-7-2ah-t1-4-8-mm-l151-w34-h94-mm\/","title":{"rendered":"MWS 7.2-6 MWPower \/ battery for security \/ AGM \/ 6V-7,2Ah \/ T1-4.8 mm \/ L151 W34 H94 mm"},"content":{"rendered":"","protected":false},"excerpt":{"rendered":"<p>MWS7.2-6 MWPower \/ battery for security \/ AGM \/ 6V-7,2Ah \/ T1-4.8 mm \/ L151 W34 H94 mm<\/p>\n<p><strong>Datascheet \u2013 <a href=\"https:\/\/akum.lv\/wp-content\/uploads\/2022\/01\/MWS-7.2-6-EN.pdf\">MWS-7.2-6-EN<\/a><\/strong><\/p>\n<p>HUB ENERGY \u2013 oficialais izplat\u012bt\u0101js Latvij\u0101 ,,MWPower,,<br \/>\nHUB ENERGY \u2013 \u043e\u0444\u0438\u0446\u0438\u0430\u043b\u044c\u043d\u044b\u0439 \u0434\u0438\u0441\u0442\u0440\u0438\u0431\u044c\u044e\u0442\u043e\u0440 \u0431\u0430\u0442\u0430\u0440\u0435\u0439 ,,MWPower,, \u0432 \u041b\u0430\u0442\u0432\u0438\u0438<br \/>\nHUB ENERGY \u2013 official distributor of batteries ,,MWPower,, in Latvia<\/p>\n","protected":false},"featured_media":11671,"template":"","meta":[],"pwb-brand":[335,201],"product_brand":[],"product_cat":[376,439,265,374,435,261],"product_tag":[],"class_list":{"0":"post-11673","1":"product","2":"type-product","3":"status-publish","4":"has-post-thumbnail","6":"pwb-brand-mw-power-ru","7":"pwb-brand-mw-power","8":"product_cat-agm-tehnologii-akkumuljatory-rus","9":"product_cat-agm-6v-batteries","10":"product_cat-agm-akumulatori-signalizacijas-drosibas-sistemam","11":"product_cat-agm-tehnologijas-akumulatori-lat","15":"first","16":"instock","17":"taxable","18":"shipping-taxable","19":"purchasable","20":"product-type-simple"},"yoast_head":"<!-- This site is optimized with the Yoast SEO plugin v26.7 - https:\/\/yoast.com\/wordpress\/plugins\/seo\/ -->\n<title>MWS 7.2-6 MWPower \/ battery for security \/ AGM \/ 6V-7,2Ah \/ T1-4.8 mm \/ L151 W34 H94 mm - www.akum.lv<\/title>\n<meta name=\"robots\" content=\"index, follow, max-snippet:-1, max-image-preview:large, max-video-preview:-1\" \/>\n<link rel=\"canonical\" href=\"https:\/\/akum.lv\/ru\/prece\/mws7-2-6-mwpower-battery-for-security-agm-6v-7-2ah-t1-4-8-mm-l151-w34-h94-mm\/\" \/>\n<meta property=\"og:locale\" content=\"ru_RU\" \/>\n<meta property=\"og:type\" content=\"article\" \/>\n<meta property=\"og:title\" content=\"MWS 7.2-6 MWPower \/ battery for security \/ AGM \/ 6V-7,2Ah \/ T1-4.8 mm \/ L151 W34 H94 mm - www.akum.lv\" \/>\n<meta property=\"og:description\" content=\"MWS7.2-6 MWPower \/ battery for security \/ AGM \/ 6V-7,2Ah \/ T1-4.8 mm \/ L151 W34 H94 mm  Datascheet \u2013 MWS-7.2-6-EN  HUB ENERGY \u2013 oficialais izplat\u012bt\u0101js Latvij\u0101 ,,MWPower,, HUB ENERGY \u2013 \u043e\u0444\u0438\u0446\u0438\u0430\u043b\u044c\u043d\u044b\u0439 \u0434\u0438\u0441\u0442\u0440\u0438\u0431\u044c\u044e\u0442\u043e\u0440 \u0431\u0430\u0442\u0430\u0440\u0435\u0439 ,,MWPower,, \u0432 \u041b\u0430\u0442\u0432\u0438\u0438 HUB ENERGY \u2013 official distributor of batteries ,,MWPower,, in Latvia\" \/>\n<meta property=\"og:url\" content=\"https:\/\/akum.lv\/ru\/prece\/mws7-2-6-mwpower-battery-for-security-agm-6v-7-2ah-t1-4-8-mm-l151-w34-h94-mm\/\" \/>\n<meta property=\"og:site_name\" content=\"www.akum.lv\" \/>\n<meta property=\"article:modified_time\" content=\"2022-07-08T08:07:48+00:00\" \/>\n<meta property=\"og:image\" content=\"https:\/\/akum.lv\/wp-content\/uploads\/2022\/01\/MWS7.2-6.jpg\" \/>\n\t<meta property=\"og:image:width\" content=\"350\" \/>\n\t<meta property=\"og:image:height\" content=\"245\" \/>\n\t<meta property=\"og:image:type\" content=\"image\/jpeg\" \/>\n<meta name=\"twitter:card\" content=\"summary_large_image\" \/>\n<script type=\"application\/ld+json\" class=\"yoast-schema-graph\">{\"@context\":\"https:\/\/schema.org\",\"@graph\":[{\"@type\":\"WebPage\",\"@id\":\"https:\/\/akum.lv\/ru\/prece\/mws7-2-6-mwpower-battery-for-security-agm-6v-7-2ah-t1-4-8-mm-l151-w34-h94-mm\/\",\"url\":\"https:\/\/akum.lv\/ru\/prece\/mws7-2-6-mwpower-battery-for-security-agm-6v-7-2ah-t1-4-8-mm-l151-w34-h94-mm\/\",\"name\":\"MWS 7.2-6 MWPower \/ battery for security \/ AGM \/ 6V-7,2Ah \/ T1-4.8 mm \/ L151 W34 H94 mm - www.akum.lv\",\"isPartOf\":{\"@id\":\"https:\/\/akum.lv\/#website\"},\"primaryImageOfPage\":{\"@id\":\"https:\/\/akum.lv\/ru\/prece\/mws7-2-6-mwpower-battery-for-security-agm-6v-7-2ah-t1-4-8-mm-l151-w34-h94-mm\/#primaryimage\"},\"image\":{\"@id\":\"https:\/\/akum.lv\/ru\/prece\/mws7-2-6-mwpower-battery-for-security-agm-6v-7-2ah-t1-4-8-mm-l151-w34-h94-mm\/#primaryimage\"},\"thumbnailUrl\":\"https:\/\/akum.lv\/wp-content\/uploads\/2022\/01\/MWS7.2-6.jpg\",\"datePublished\":\"2022-01-25T10:48:50+00:00\",\"dateModified\":\"2022-07-08T08:07:48+00:00\",\"breadcrumb\":{\"@id\":\"https:\/\/akum.lv\/ru\/prece\/mws7-2-6-mwpower-battery-for-security-agm-6v-7-2ah-t1-4-8-mm-l151-w34-h94-mm\/#breadcrumb\"},\"inLanguage\":\"ru-RU\",\"potentialAction\":[{\"@type\":\"ReadAction\",\"target\":[\"https:\/\/akum.lv\/ru\/prece\/mws7-2-6-mwpower-battery-for-security-agm-6v-7-2ah-t1-4-8-mm-l151-w34-h94-mm\/\"]}]},{\"@type\":\"ImageObject\",\"inLanguage\":\"ru-RU\",\"@id\":\"https:\/\/akum.lv\/ru\/prece\/mws7-2-6-mwpower-battery-for-security-agm-6v-7-2ah-t1-4-8-mm-l151-w34-h94-mm\/#primaryimage\",\"url\":\"https:\/\/akum.lv\/wp-content\/uploads\/2022\/01\/MWS7.2-6.jpg\",\"contentUrl\":\"https:\/\/akum.lv\/wp-content\/uploads\/2022\/01\/MWS7.2-6.jpg\",\"width\":350,\"height\":245},{\"@type\":\"BreadcrumbList\",\"@id\":\"https:\/\/akum.lv\/ru\/prece\/mws7-2-6-mwpower-battery-for-security-agm-6v-7-2ah-t1-4-8-mm-l151-w34-h94-mm\/#breadcrumb\",\"itemListElement\":[{\"@type\":\"ListItem\",\"position\":1,\"name\":\"\u0413\u043b\u0430\u0432\u043d\u0430\u044f \u0441\u0442\u0440\u0430\u043d\u0438\u0446\u0430\",\"item\":\"https:\/\/akum.lv\/ru\/\"},{\"@type\":\"ListItem\",\"position\":2,\"name\":\"PRECES\",\"item\":\"https:\/\/akum.lv\/produkti-preces\/\"},{\"@type\":\"ListItem\",\"position\":3,\"name\":\"MWS 7.2-6 MWPower \/ battery for security \/ AGM \/ 6V-7,2Ah \/ T1-4.8 mm \/ L151 W34 H94 mm\"}]},{\"@type\":\"WebSite\",\"@id\":\"https:\/\/akum.lv\/#website\",\"url\":\"https:\/\/akum.lv\/\",\"name\":\"www.akum.lv\",\"description\":\"Akumulatoru p\u0101rdev\u0113js | \u041f\u0440\u043e\u0434\u0430\u0432\u0435\u0446 \u0430\u043a\u043a\u0443\u043c\u0443\u043b\u044f\u0442\u043e\u0440\u043e\u0432 | Battery seller\",\"publisher\":{\"@id\":\"https:\/\/akum.lv\/#organization\"},\"potentialAction\":[{\"@type\":\"SearchAction\",\"target\":{\"@type\":\"EntryPoint\",\"urlTemplate\":\"https:\/\/akum.lv\/?s={search_term_string}\"},\"query-input\":{\"@type\":\"PropertyValueSpecification\",\"valueRequired\":true,\"valueName\":\"search_term_string\"}}],\"inLanguage\":\"ru-RU\"},{\"@type\":\"Organization\",\"@id\":\"https:\/\/akum.lv\/#organization\",\"name\":\"HubEnergy\",\"url\":\"https:\/\/akum.lv\/\",\"logo\":{\"@type\":\"ImageObject\",\"inLanguage\":\"ru-RU\",\"@id\":\"https:\/\/akum.lv\/#\/schema\/logo\/image\/\",\"url\":\"https:\/\/akum.lv\/wp-content\/uploads\/2018\/08\/Logo-hub-energy-2018-seller-dark-blue.png\",\"contentUrl\":\"https:\/\/akum.lv\/wp-content\/uploads\/2018\/08\/Logo-hub-energy-2018-seller-dark-blue.png\",\"width\":381,\"height\":75,\"caption\":\"HubEnergy\"},\"image\":{\"@id\":\"https:\/\/akum.lv\/#\/schema\/logo\/image\/\"}}]}<\/script>\n<!-- \/ Yoast SEO plugin. -->","yoast_head_json":{"title":"MWS 7.2-6 MWPower \/ battery for security \/ AGM \/ 6V-7,2Ah \/ T1-4.8 mm \/ L151 W34 H94 mm - www.akum.lv","robots":{"index":"index","follow":"follow","max-snippet":"max-snippet:-1","max-image-preview":"max-image-preview:large","max-video-preview":"max-video-preview:-1"},"canonical":"https:\/\/akum.lv\/ru\/prece\/mws7-2-6-mwpower-battery-for-security-agm-6v-7-2ah-t1-4-8-mm-l151-w34-h94-mm\/","og_locale":"ru_RU","og_type":"article","og_title":"MWS 7.2-6 MWPower \/ battery for security \/ AGM \/ 6V-7,2Ah \/ T1-4.8 mm \/ L151 W34 H94 mm - www.akum.lv","og_description":"MWS7.2-6 MWPower \/ battery for security \/ AGM \/ 6V-7,2Ah \/ T1-4.8 mm \/ L151 W34 H94 mm  Datascheet \u2013 MWS-7.2-6-EN  HUB ENERGY \u2013 oficialais izplat\u012bt\u0101js Latvij\u0101 ,,MWPower,, HUB ENERGY \u2013 \u043e\u0444\u0438\u0446\u0438\u0430\u043b\u044c\u043d\u044b\u0439 \u0434\u0438\u0441\u0442\u0440\u0438\u0431\u044c\u044e\u0442\u043e\u0440 \u0431\u0430\u0442\u0430\u0440\u0435\u0439 ,,MWPower,, \u0432 \u041b\u0430\u0442\u0432\u0438\u0438 HUB ENERGY \u2013 official distributor of batteries ,,MWPower,, in Latvia","og_url":"https:\/\/akum.lv\/ru\/prece\/mws7-2-6-mwpower-battery-for-security-agm-6v-7-2ah-t1-4-8-mm-l151-w34-h94-mm\/","og_site_name":"www.akum.lv","article_modified_time":"2022-07-08T08:07:48+00:00","og_image":[{"width":350,"height":245,"url":"https:\/\/akum.lv\/wp-content\/uploads\/2022\/01\/MWS7.2-6.jpg","type":"image\/jpeg"}],"twitter_card":"summary_large_image","schema":{"@context":"https:\/\/schema.org","@graph":[{"@type":"WebPage","@id":"https:\/\/akum.lv\/ru\/prece\/mws7-2-6-mwpower-battery-for-security-agm-6v-7-2ah-t1-4-8-mm-l151-w34-h94-mm\/","url":"https:\/\/akum.lv\/ru\/prece\/mws7-2-6-mwpower-battery-for-security-agm-6v-7-2ah-t1-4-8-mm-l151-w34-h94-mm\/","name":"MWS 7.2-6 MWPower \/ battery for security \/ AGM \/ 6V-7,2Ah \/ T1-4.8 mm \/ L151 W34 H94 mm - www.akum.lv","isPartOf":{"@id":"https:\/\/akum.lv\/#website"},"primaryImageOfPage":{"@id":"https:\/\/akum.lv\/ru\/prece\/mws7-2-6-mwpower-battery-for-security-agm-6v-7-2ah-t1-4-8-mm-l151-w34-h94-mm\/#primaryimage"},"image":{"@id":"https:\/\/akum.lv\/ru\/prece\/mws7-2-6-mwpower-battery-for-security-agm-6v-7-2ah-t1-4-8-mm-l151-w34-h94-mm\/#primaryimage"},"thumbnailUrl":"https:\/\/akum.lv\/wp-content\/uploads\/2022\/01\/MWS7.2-6.jpg","datePublished":"2022-01-25T10:48:50+00:00","dateModified":"2022-07-08T08:07:48+00:00","breadcrumb":{"@id":"https:\/\/akum.lv\/ru\/prece\/mws7-2-6-mwpower-battery-for-security-agm-6v-7-2ah-t1-4-8-mm-l151-w34-h94-mm\/#breadcrumb"},"inLanguage":"ru-RU","potentialAction":[{"@type":"ReadAction","target":["https:\/\/akum.lv\/ru\/prece\/mws7-2-6-mwpower-battery-for-security-agm-6v-7-2ah-t1-4-8-mm-l151-w34-h94-mm\/"]}]},{"@type":"ImageObject","inLanguage":"ru-RU","@id":"https:\/\/akum.lv\/ru\/prece\/mws7-2-6-mwpower-battery-for-security-agm-6v-7-2ah-t1-4-8-mm-l151-w34-h94-mm\/#primaryimage","url":"https:\/\/akum.lv\/wp-content\/uploads\/2022\/01\/MWS7.2-6.jpg","contentUrl":"https:\/\/akum.lv\/wp-content\/uploads\/2022\/01\/MWS7.2-6.jpg","width":350,"height":245},{"@type":"BreadcrumbList","@id":"https:\/\/akum.lv\/ru\/prece\/mws7-2-6-mwpower-battery-for-security-agm-6v-7-2ah-t1-4-8-mm-l151-w34-h94-mm\/#breadcrumb","itemListElement":[{"@type":"ListItem","position":1,"name":"\u0413\u043b\u0430\u0432\u043d\u0430\u044f \u0441\u0442\u0440\u0430\u043d\u0438\u0446\u0430","item":"https:\/\/akum.lv\/ru\/"},{"@type":"ListItem","position":2,"name":"PRECES","item":"https:\/\/akum.lv\/produkti-preces\/"},{"@type":"ListItem","position":3,"name":"MWS 7.2-6 MWPower \/ battery for security \/ AGM \/ 6V-7,2Ah \/ T1-4.8 mm \/ L151 W34 H94 mm"}]},{"@type":"WebSite","@id":"https:\/\/akum.lv\/#website","url":"https:\/\/akum.lv\/","name":"www.akum.lv","description":"Akumulatoru p\u0101rdev\u0113js | \u041f\u0440\u043e\u0434\u0430\u0432\u0435\u0446 \u0430\u043a\u043a\u0443\u043c\u0443\u043b\u044f\u0442\u043e\u0440\u043e\u0432 | Battery seller","publisher":{"@id":"https:\/\/akum.lv\/#organization"},"potentialAction":[{"@type":"SearchAction","target":{"@type":"EntryPoint","urlTemplate":"https:\/\/akum.lv\/?s={search_term_string}"},"query-input":{"@type":"PropertyValueSpecification","valueRequired":true,"valueName":"search_term_string"}}],"inLanguage":"ru-RU"},{"@type":"Organization","@id":"https:\/\/akum.lv\/#organization","name":"HubEnergy","url":"https:\/\/akum.lv\/","logo":{"@type":"ImageObject","inLanguage":"ru-RU","@id":"https:\/\/akum.lv\/#\/schema\/logo\/image\/","url":"https:\/\/akum.lv\/wp-content\/uploads\/2018\/08\/Logo-hub-energy-2018-seller-dark-blue.png","contentUrl":"https:\/\/akum.lv\/wp-content\/uploads\/2018\/08\/Logo-hub-energy-2018-seller-dark-blue.png","width":381,"height":75,"caption":"HubEnergy"},"image":{"@id":"https:\/\/akum.lv\/#\/schema\/logo\/image\/"}}]}},"brands":[{"id":335,"name":"MW POWER","slug":"mw-power-ru"},{"id":201,"name":"MW POWER","slug":"mw-power"}],"_links":{"self":[{"href":"https:\/\/akum.lv\/ru\/wp-json\/wp\/v2\/product\/11673","targetHints":{"allow":["GET"]}}],"collection":[{"href":"https:\/\/akum.lv\/ru\/wp-json\/wp\/v2\/product"}],"about":[{"href":"https:\/\/akum.lv\/ru\/wp-json\/wp\/v2\/types\/product"}],"wp:featuredmedia":[{"embeddable":true,"href":"https:\/\/akum.lv\/ru\/wp-json\/wp\/v2\/media\/11671"}],"wp:attachment":[{"href":"https:\/\/akum.lv\/ru\/wp-json\/wp\/v2\/media?parent=11673"}],"wp:term":[{"taxonomy":"pwb-brand","embeddable":true,"href":"https:\/\/akum.lv\/ru\/wp-json\/wp\/v2\/pwb-brand?post=11673"},{"taxonomy":"product_brand","embeddable":true,"href":"https:\/\/akum.lv\/ru\/wp-json\/wp\/v2\/product_brand?post=11673"},{"taxonomy":"product_cat","embeddable":true,"href":"https:\/\/akum.lv\/ru\/wp-json\/wp\/v2\/product_cat?post=11673"},{"taxonomy":"product_tag","embeddable":true,"href":"https:\/\/akum.lv\/ru\/wp-json\/wp\/v2\/product_tag?post=11673"}],"curies":[{"name":"wp","href":"https:\/\/api.w.org\/{rel}","templated":true}]}}