{"id":11393,"date":"2021-12-22T13:41:29","date_gmt":"2021-12-22T13:41:29","guid":{"rendered":"https:\/\/akum.lv\/product\/victron-blue-smart-ip22-24v-16a-1-output-charger-ladetajs\/"},"modified":"2025-04-15T12:08:44","modified_gmt":"2025-04-15T12:08:44","slug":"victron-blue-smart-ip22-24v-16a-1-output-charger-ladetajs","status":"publish","type":"product","link":"https:\/\/akum.lv\/ru\/prece\/victron-blue-smart-ip22-24v-16a-1-output-charger-ladetajs\/","title":{"rendered":"Victron Blue Smart IP22 Charger 24\/16(1) 230V"},"content":{"rendered":"","protected":false},"excerpt":{"rendered":"<p><strong>Victron Blue Smart IP22 Charger 24\/16(1) 230V<\/strong><\/p>\n<p><span style=\"color: #ff0000;\"><strong>IR NOLIKTAV\u0100!<\/strong><\/span><\/p>\n<p><img loading=\"lazy\" decoding=\"async\" class=\"alignnone wp-image-6286\" src=\"https:\/\/akum.lv\/wp-content\/uploads\/2019\/08\/pdf-icon-png-100px.png\" alt=\"\" width=\"50\" height=\"50\" srcset=\"https:\/\/akum.lv\/wp-content\/uploads\/2019\/08\/pdf-icon-png-100px.png 120w, https:\/\/akum.lv\/wp-content\/uploads\/2019\/08\/pdf-icon-png-100px-100x100.png 100w\" sizes=\"auto, (max-width: 50px) 100vw, 50px\" \/> &#8212; <strong><a href=\"https:\/\/akum.lv\/wp-content\/uploads\/2021\/12\/Victron-Blue-Smart-IP22-Charger-180-265-VAC-Datasheet.pdf\">Victron-Blue-Smart-IP22-Charger-180-265-VAC-Datasheet<\/a><\/strong><\/p>\n<p><em><strong>L\u0101d\u0113t\u0101js svina-sk\u0101bes un LiFePO4 akumulatoriem<\/strong><\/em><br \/>\n<em><strong>\u0417\u0430\u0440\u044f\u0434\u043d\u043e\u0435 \u0443\u0441\u0442\u0440\u043e\u0439\u0441\u0442\u0432\u043e \u0434\u043b\u044f \u0441\u0432\u0438\u043d\u0446\u043e\u0432\u043e-\u043a\u0438\u0441\u043b\u043e\u0442\u043d\u044b\u0445 \u0438 LiFePO4 \u0431\u0430\u0442\u0430\u0440\u0435\u0439<\/strong><\/em><br \/>\n<em><strong>Charger for lead-acid and LiFePO4 batteries<\/strong><\/em><\/p>\n<p>Bluetooth Smart<br \/>\nThe Blue Smart IP22 Charger is the wireless solution to monitor voltage and current, to change settings and to update the charger when new features become available.<\/p>\n<p>Adaptive 5-stage charge algorithm: bulk-absorption-recondition-float-storage<br \/>\nThe Blue Smart Charger features a microprocessor controlled &#171;adaptive&#187; battery management. The &#171;adaptive&#187; feature will automatically optimise the charging process relative to the way the battery is being used.<\/p>\n<p>Storage Mode: Less maintenance and aging whenthe battery is not in use<br \/>\nThe storage mode kicks in whenever the battery has not been subjected to discharge during 24 hours. In the storage mode float voltage is reduced to 2,2 V\/cell (13,2 V for a 12 V battery) to minimise gassing and corrosion of the positive plates. Once a week the voltage is raised back to the absorption level to &#171;equalize&#187; the battery. This feature prevents stratification of the electrolyte and sulphation, a major cause of early battery failure.<\/p>\n<p>Also charges Li-ion (LiFePO\u2084) batteries<br \/>\nLiFePO\u2084 batteries are charged with a simple bulk \u2013 absorption \u2013 float algorithm.<\/p>\n<p>NIGHT and LOW setting<br \/>\nWhen in NIGHT or LOW mode, the output current is reduced to max. 50% of the nominal output and the charger will be totally noiseless. The NIGHT mode automatically ends after 8 hours. The LOW mode can be ended manually<\/p>\n<p>Protected against overheating<br \/>\nOutput current will reduce as temperature increases up to 50\u00b0C, but the Blue Smart Charger will not fail.<\/p>\n<p>Input voltage range &#8212; 180-265 VAC<br \/>\nCharge current, normal mode &#8212; 16A<br \/>\nNumber of outputs &#8212; 1<br \/>\nBattery connection &#8212; Screw terminals 13 mm\u00b2 \/ AWG6<br \/>\nWeight &#8212; 1,3 kg<br \/>\nDimensions (hxwxd, mm) &#8212; 235x108x65<\/p>\n","protected":false},"featured_media":11391,"template":"","meta":[],"pwb-brand":[731],"product_brand":[],"product_cat":[685,299,614],"product_tag":[],"class_list":{"0":"post-11393","1":"product","2":"type-product","3":"status-publish","4":"has-post-thumbnail","6":"pwb-brand-victron-energy-ru","7":"product_cat-promyshlennye-zarjadnye-ustrojstva-dlja-jelektropogruzchikov-ru","8":"product_cat-zaryadnye-ustrojstva-dlya-svintsovo-kislotnyh-i-lifepo4-akkumulyatorov","9":"product_cat-batteries-cleaning-equipment","10":"pif-has-gallery","12":"first","13":"instock","14":"taxable","15":"shipping-taxable","16":"purchasable","17":"product-type-simple"},"yoast_head":"<!-- This site is optimized with the Yoast SEO plugin v26.7 - https:\/\/yoast.com\/wordpress\/plugins\/seo\/ -->\n<title>Victron Blue Smart IP22 Charger 24\/16(1) 230V - www.akum.lv<\/title>\n<meta name=\"robots\" content=\"index, follow, max-snippet:-1, max-image-preview:large, max-video-preview:-1\" \/>\n<link rel=\"canonical\" href=\"https:\/\/akum.lv\/ru\/prece\/victron-blue-smart-ip22-24v-16a-1-output-charger-ladetajs\/\" \/>\n<meta property=\"og:locale\" content=\"ru_RU\" \/>\n<meta property=\"og:type\" content=\"article\" \/>\n<meta property=\"og:title\" content=\"Victron Blue Smart IP22 Charger 24\/16(1) 230V - www.akum.lv\" \/>\n<meta property=\"og:description\" content=\"Victron Blue Smart IP22 Charger 24\/16(1) 230V  IR NOLIKTAV\u0100!   - Victron-Blue-Smart-IP22-Charger-180-265-VAC-Datasheet  L\u0101d\u0113t\u0101js svina-sk\u0101bes un LiFePO4 akumulatoriem \u0417\u0430\u0440\u044f\u0434\u043d\u043e\u0435 \u0443\u0441\u0442\u0440\u043e\u0439\u0441\u0442\u0432\u043e \u0434\u043b\u044f \u0441\u0432\u0438\u043d\u0446\u043e\u0432\u043e-\u043a\u0438\u0441\u043b\u043e\u0442\u043d\u044b\u0445 \u0438 LiFePO4 \u0431\u0430\u0442\u0430\u0440\u0435\u0439 Charger for lead-acid and LiFePO4 batteries  Bluetooth Smart The Blue Smart IP22 Charger is the wireless solution to monitor voltage and current, to change settings and to update the charger when new features become available.  Adaptive 5-stage charge algorithm: bulk-absorption-recondition-float-storage The Blue Smart Charger features a microprocessor controlled &quot;adaptive&quot; battery management. The &quot;adaptive&quot; feature will automatically optimise the charging process relative to the way the battery is being used.  Storage Mode: Less maintenance and aging whenthe battery is not in use The storage mode kicks in whenever the battery has not been subjected to discharge during 24 hours. In the storage mode float voltage is reduced to 2,2 V\/cell (13,2 V for a 12 V battery) to minimise gassing and corrosion of the positive plates. Once a week the voltage is raised back to the absorption level to &quot;equalize&quot; the battery. This feature prevents stratification of the electrolyte and sulphation, a major cause of early battery failure.  Also charges Li-ion (LiFePO\u2084) batteries LiFePO\u2084 batteries are charged with a simple bulk \u2013 absorption \u2013 float algorithm.  NIGHT and LOW setting When in NIGHT or LOW mode, the output current is reduced to max. 50% of the nominal output and the charger will be totally noiseless. The NIGHT mode automatically ends after 8 hours. The LOW mode can be ended manually  Protected against overheating Output current will reduce as temperature increases up to 50\u00b0C, but the Blue Smart Charger will not fail.  Input voltage range - 180-265 VAC Charge current, normal mode - 16A Number of outputs - 1 Battery connection - Screw terminals 13 mm\u00b2 \/ AWG6 Weight - 1,3 kg Dimensions (hxwxd, mm) - 235x108x65\" \/>\n<meta property=\"og:url\" content=\"https:\/\/akum.lv\/ru\/prece\/victron-blue-smart-ip22-24v-16a-1-output-charger-ladetajs\/\" \/>\n<meta property=\"og:site_name\" content=\"www.akum.lv\" \/>\n<meta property=\"article:modified_time\" content=\"2025-04-15T12:08:44+00:00\" \/>\n<meta property=\"og:image\" content=\"https:\/\/akum.lv\/wp-content\/uploads\/2021\/12\/Victron-blue-smart-ip22-24-16-1-output.jpg\" \/>\n\t<meta property=\"og:image:width\" content=\"450\" \/>\n\t<meta property=\"og:image:height\" content=\"450\" \/>\n\t<meta property=\"og:image:type\" content=\"image\/jpeg\" \/>\n<meta name=\"twitter:card\" content=\"summary_large_image\" \/>\n<meta name=\"twitter:label1\" content=\"\u041f\u0440\u0438\u043c\u0435\u0440\u043d\u043e\u0435 \u0432\u0440\u0435\u043c\u044f \u0434\u043b\u044f \u0447\u0442\u0435\u043d\u0438\u044f\" \/>\n\t<meta name=\"twitter:data1\" content=\"1 \u043c\u0438\u043d\u0443\u0442\u0430\" \/>\n<script type=\"application\/ld+json\" class=\"yoast-schema-graph\">{\"@context\":\"https:\/\/schema.org\",\"@graph\":[{\"@type\":\"WebPage\",\"@id\":\"https:\/\/akum.lv\/ru\/prece\/victron-blue-smart-ip22-24v-16a-1-output-charger-ladetajs\/\",\"url\":\"https:\/\/akum.lv\/ru\/prece\/victron-blue-smart-ip22-24v-16a-1-output-charger-ladetajs\/\",\"name\":\"Victron Blue Smart IP22 Charger 24\/16(1) 230V - www.akum.lv\",\"isPartOf\":{\"@id\":\"https:\/\/akum.lv\/#website\"},\"primaryImageOfPage\":{\"@id\":\"https:\/\/akum.lv\/ru\/prece\/victron-blue-smart-ip22-24v-16a-1-output-charger-ladetajs\/#primaryimage\"},\"image\":{\"@id\":\"https:\/\/akum.lv\/ru\/prece\/victron-blue-smart-ip22-24v-16a-1-output-charger-ladetajs\/#primaryimage\"},\"thumbnailUrl\":\"https:\/\/akum.lv\/wp-content\/uploads\/2021\/12\/Victron-blue-smart-ip22-24-16-1-output.jpg\",\"datePublished\":\"2021-12-22T13:41:29+00:00\",\"dateModified\":\"2025-04-15T12:08:44+00:00\",\"breadcrumb\":{\"@id\":\"https:\/\/akum.lv\/ru\/prece\/victron-blue-smart-ip22-24v-16a-1-output-charger-ladetajs\/#breadcrumb\"},\"inLanguage\":\"ru-RU\",\"potentialAction\":[{\"@type\":\"ReadAction\",\"target\":[\"https:\/\/akum.lv\/ru\/prece\/victron-blue-smart-ip22-24v-16a-1-output-charger-ladetajs\/\"]}]},{\"@type\":\"ImageObject\",\"inLanguage\":\"ru-RU\",\"@id\":\"https:\/\/akum.lv\/ru\/prece\/victron-blue-smart-ip22-24v-16a-1-output-charger-ladetajs\/#primaryimage\",\"url\":\"https:\/\/akum.lv\/wp-content\/uploads\/2021\/12\/Victron-blue-smart-ip22-24-16-1-output.jpg\",\"contentUrl\":\"https:\/\/akum.lv\/wp-content\/uploads\/2021\/12\/Victron-blue-smart-ip22-24-16-1-output.jpg\",\"width\":450,\"height\":450},{\"@type\":\"BreadcrumbList\",\"@id\":\"https:\/\/akum.lv\/ru\/prece\/victron-blue-smart-ip22-24v-16a-1-output-charger-ladetajs\/#breadcrumb\",\"itemListElement\":[{\"@type\":\"ListItem\",\"position\":1,\"name\":\"\u0413\u043b\u0430\u0432\u043d\u0430\u044f \u0441\u0442\u0440\u0430\u043d\u0438\u0446\u0430\",\"item\":\"https:\/\/akum.lv\/ru\/\"},{\"@type\":\"ListItem\",\"position\":2,\"name\":\"PRECES\",\"item\":\"https:\/\/akum.lv\/produkti-preces\/\"},{\"@type\":\"ListItem\",\"position\":3,\"name\":\"Victron Blue Smart IP22 Charger 24\/16(1) 230V\"}]},{\"@type\":\"WebSite\",\"@id\":\"https:\/\/akum.lv\/#website\",\"url\":\"https:\/\/akum.lv\/\",\"name\":\"www.akum.lv\",\"description\":\"Akumulatoru p\u0101rdev\u0113js | \u041f\u0440\u043e\u0434\u0430\u0432\u0435\u0446 \u0430\u043a\u043a\u0443\u043c\u0443\u043b\u044f\u0442\u043e\u0440\u043e\u0432 | Battery seller\",\"publisher\":{\"@id\":\"https:\/\/akum.lv\/#organization\"},\"potentialAction\":[{\"@type\":\"SearchAction\",\"target\":{\"@type\":\"EntryPoint\",\"urlTemplate\":\"https:\/\/akum.lv\/?s={search_term_string}\"},\"query-input\":{\"@type\":\"PropertyValueSpecification\",\"valueRequired\":true,\"valueName\":\"search_term_string\"}}],\"inLanguage\":\"ru-RU\"},{\"@type\":\"Organization\",\"@id\":\"https:\/\/akum.lv\/#organization\",\"name\":\"HubEnergy\",\"url\":\"https:\/\/akum.lv\/\",\"logo\":{\"@type\":\"ImageObject\",\"inLanguage\":\"ru-RU\",\"@id\":\"https:\/\/akum.lv\/#\/schema\/logo\/image\/\",\"url\":\"https:\/\/akum.lv\/wp-content\/uploads\/2018\/08\/Logo-hub-energy-2018-seller-dark-blue.png\",\"contentUrl\":\"https:\/\/akum.lv\/wp-content\/uploads\/2018\/08\/Logo-hub-energy-2018-seller-dark-blue.png\",\"width\":381,\"height\":75,\"caption\":\"HubEnergy\"},\"image\":{\"@id\":\"https:\/\/akum.lv\/#\/schema\/logo\/image\/\"}}]}<\/script>\n<!-- \/ Yoast SEO plugin. -->","yoast_head_json":{"title":"Victron Blue Smart IP22 Charger 24\/16(1) 230V - www.akum.lv","robots":{"index":"index","follow":"follow","max-snippet":"max-snippet:-1","max-image-preview":"max-image-preview:large","max-video-preview":"max-video-preview:-1"},"canonical":"https:\/\/akum.lv\/ru\/prece\/victron-blue-smart-ip22-24v-16a-1-output-charger-ladetajs\/","og_locale":"ru_RU","og_type":"article","og_title":"Victron Blue Smart IP22 Charger 24\/16(1) 230V - www.akum.lv","og_description":"Victron Blue Smart IP22 Charger 24\/16(1) 230V  IR NOLIKTAV\u0100!   - Victron-Blue-Smart-IP22-Charger-180-265-VAC-Datasheet  L\u0101d\u0113t\u0101js svina-sk\u0101bes un LiFePO4 akumulatoriem \u0417\u0430\u0440\u044f\u0434\u043d\u043e\u0435 \u0443\u0441\u0442\u0440\u043e\u0439\u0441\u0442\u0432\u043e \u0434\u043b\u044f \u0441\u0432\u0438\u043d\u0446\u043e\u0432\u043e-\u043a\u0438\u0441\u043b\u043e\u0442\u043d\u044b\u0445 \u0438 LiFePO4 \u0431\u0430\u0442\u0430\u0440\u0435\u0439 Charger for lead-acid and LiFePO4 batteries  Bluetooth Smart The Blue Smart IP22 Charger is the wireless solution to monitor voltage and current, to change settings and to update the charger when new features become available.  Adaptive 5-stage charge algorithm: bulk-absorption-recondition-float-storage The Blue Smart Charger features a microprocessor controlled \"adaptive\" battery management. The \"adaptive\" feature will automatically optimise the charging process relative to the way the battery is being used.  Storage Mode: Less maintenance and aging whenthe battery is not in use The storage mode kicks in whenever the battery has not been subjected to discharge during 24 hours. In the storage mode float voltage is reduced to 2,2 V\/cell (13,2 V for a 12 V battery) to minimise gassing and corrosion of the positive plates. Once a week the voltage is raised back to the absorption level to \"equalize\" the battery. This feature prevents stratification of the electrolyte and sulphation, a major cause of early battery failure.  Also charges Li-ion (LiFePO\u2084) batteries LiFePO\u2084 batteries are charged with a simple bulk \u2013 absorption \u2013 float algorithm.  NIGHT and LOW setting When in NIGHT or LOW mode, the output current is reduced to max. 50% of the nominal output and the charger will be totally noiseless. The NIGHT mode automatically ends after 8 hours. The LOW mode can be ended manually  Protected against overheating Output current will reduce as temperature increases up to 50\u00b0C, but the Blue Smart Charger will not fail.  Input voltage range - 180-265 VAC Charge current, normal mode - 16A Number of outputs - 1 Battery connection - Screw terminals 13 mm\u00b2 \/ AWG6 Weight - 1,3 kg Dimensions (hxwxd, mm) - 235x108x65","og_url":"https:\/\/akum.lv\/ru\/prece\/victron-blue-smart-ip22-24v-16a-1-output-charger-ladetajs\/","og_site_name":"www.akum.lv","article_modified_time":"2025-04-15T12:08:44+00:00","og_image":[{"width":450,"height":450,"url":"https:\/\/akum.lv\/wp-content\/uploads\/2021\/12\/Victron-blue-smart-ip22-24-16-1-output.jpg","type":"image\/jpeg"}],"twitter_card":"summary_large_image","twitter_misc":{"\u041f\u0440\u0438\u043c\u0435\u0440\u043d\u043e\u0435 \u0432\u0440\u0435\u043c\u044f \u0434\u043b\u044f \u0447\u0442\u0435\u043d\u0438\u044f":"1 \u043c\u0438\u043d\u0443\u0442\u0430"},"schema":{"@context":"https:\/\/schema.org","@graph":[{"@type":"WebPage","@id":"https:\/\/akum.lv\/ru\/prece\/victron-blue-smart-ip22-24v-16a-1-output-charger-ladetajs\/","url":"https:\/\/akum.lv\/ru\/prece\/victron-blue-smart-ip22-24v-16a-1-output-charger-ladetajs\/","name":"Victron Blue Smart IP22 Charger 24\/16(1) 230V - www.akum.lv","isPartOf":{"@id":"https:\/\/akum.lv\/#website"},"primaryImageOfPage":{"@id":"https:\/\/akum.lv\/ru\/prece\/victron-blue-smart-ip22-24v-16a-1-output-charger-ladetajs\/#primaryimage"},"image":{"@id":"https:\/\/akum.lv\/ru\/prece\/victron-blue-smart-ip22-24v-16a-1-output-charger-ladetajs\/#primaryimage"},"thumbnailUrl":"https:\/\/akum.lv\/wp-content\/uploads\/2021\/12\/Victron-blue-smart-ip22-24-16-1-output.jpg","datePublished":"2021-12-22T13:41:29+00:00","dateModified":"2025-04-15T12:08:44+00:00","breadcrumb":{"@id":"https:\/\/akum.lv\/ru\/prece\/victron-blue-smart-ip22-24v-16a-1-output-charger-ladetajs\/#breadcrumb"},"inLanguage":"ru-RU","potentialAction":[{"@type":"ReadAction","target":["https:\/\/akum.lv\/ru\/prece\/victron-blue-smart-ip22-24v-16a-1-output-charger-ladetajs\/"]}]},{"@type":"ImageObject","inLanguage":"ru-RU","@id":"https:\/\/akum.lv\/ru\/prece\/victron-blue-smart-ip22-24v-16a-1-output-charger-ladetajs\/#primaryimage","url":"https:\/\/akum.lv\/wp-content\/uploads\/2021\/12\/Victron-blue-smart-ip22-24-16-1-output.jpg","contentUrl":"https:\/\/akum.lv\/wp-content\/uploads\/2021\/12\/Victron-blue-smart-ip22-24-16-1-output.jpg","width":450,"height":450},{"@type":"BreadcrumbList","@id":"https:\/\/akum.lv\/ru\/prece\/victron-blue-smart-ip22-24v-16a-1-output-charger-ladetajs\/#breadcrumb","itemListElement":[{"@type":"ListItem","position":1,"name":"\u0413\u043b\u0430\u0432\u043d\u0430\u044f \u0441\u0442\u0440\u0430\u043d\u0438\u0446\u0430","item":"https:\/\/akum.lv\/ru\/"},{"@type":"ListItem","position":2,"name":"PRECES","item":"https:\/\/akum.lv\/produkti-preces\/"},{"@type":"ListItem","position":3,"name":"Victron Blue Smart IP22 Charger 24\/16(1) 230V"}]},{"@type":"WebSite","@id":"https:\/\/akum.lv\/#website","url":"https:\/\/akum.lv\/","name":"www.akum.lv","description":"Akumulatoru p\u0101rdev\u0113js | \u041f\u0440\u043e\u0434\u0430\u0432\u0435\u0446 \u0430\u043a\u043a\u0443\u043c\u0443\u043b\u044f\u0442\u043e\u0440\u043e\u0432 | Battery seller","publisher":{"@id":"https:\/\/akum.lv\/#organization"},"potentialAction":[{"@type":"SearchAction","target":{"@type":"EntryPoint","urlTemplate":"https:\/\/akum.lv\/?s={search_term_string}"},"query-input":{"@type":"PropertyValueSpecification","valueRequired":true,"valueName":"search_term_string"}}],"inLanguage":"ru-RU"},{"@type":"Organization","@id":"https:\/\/akum.lv\/#organization","name":"HubEnergy","url":"https:\/\/akum.lv\/","logo":{"@type":"ImageObject","inLanguage":"ru-RU","@id":"https:\/\/akum.lv\/#\/schema\/logo\/image\/","url":"https:\/\/akum.lv\/wp-content\/uploads\/2018\/08\/Logo-hub-energy-2018-seller-dark-blue.png","contentUrl":"https:\/\/akum.lv\/wp-content\/uploads\/2018\/08\/Logo-hub-energy-2018-seller-dark-blue.png","width":381,"height":75,"caption":"HubEnergy"},"image":{"@id":"https:\/\/akum.lv\/#\/schema\/logo\/image\/"}}]}},"brands":[{"id":731,"name":"VICTRON ENERGY","slug":"victron-energy-ru"}],"_links":{"self":[{"href":"https:\/\/akum.lv\/ru\/wp-json\/wp\/v2\/product\/11393","targetHints":{"allow":["GET"]}}],"collection":[{"href":"https:\/\/akum.lv\/ru\/wp-json\/wp\/v2\/product"}],"about":[{"href":"https:\/\/akum.lv\/ru\/wp-json\/wp\/v2\/types\/product"}],"wp:featuredmedia":[{"embeddable":true,"href":"https:\/\/akum.lv\/ru\/wp-json\/wp\/v2\/media\/11391"}],"wp:attachment":[{"href":"https:\/\/akum.lv\/ru\/wp-json\/wp\/v2\/media?parent=11393"}],"wp:term":[{"taxonomy":"pwb-brand","embeddable":true,"href":"https:\/\/akum.lv\/ru\/wp-json\/wp\/v2\/pwb-brand?post=11393"},{"taxonomy":"product_brand","embeddable":true,"href":"https:\/\/akum.lv\/ru\/wp-json\/wp\/v2\/product_brand?post=11393"},{"taxonomy":"product_cat","embeddable":true,"href":"https:\/\/akum.lv\/ru\/wp-json\/wp\/v2\/product_cat?post=11393"},{"taxonomy":"product_tag","embeddable":true,"href":"https:\/\/akum.lv\/ru\/wp-json\/wp\/v2\/product_tag?post=11393"}],"curies":[{"name":"wp","href":"https:\/\/api.w.org\/{rel}","templated":true}]}}