{"id":11323,"date":"2021-12-15T22:42:00","date_gmt":"2021-12-15T22:42:00","guid":{"rendered":"https:\/\/akum.lv\/product\/gnb-marathon-m-ft-m12v60ft\/"},"modified":"2024-03-01T11:15:56","modified_gmt":"2024-03-01T11:15:56","slug":"gnb-marathon-m-ft-m12v60ft","status":"publish","type":"product","link":"https:\/\/akum.lv\/ru\/prece\/gnb-marathon-m-ft-m12v60ft\/","title":{"rendered":"GNB Marathon M-FT M12V60FT 12V-59Ah\/C10 L280 W107 H263 (M-M6-90\u00b0) NAMF120060HM0MA"},"content":{"rendered":"","protected":false},"excerpt":{"rendered":"<p><strong>Marathon M12V60FT<\/strong><\/p>\n<p><strong>GNB Marathon M-FT M12V60FT 12V-59Ah\/C10 L280 W107 H263 (M-M6-90\u00b0) NAMF120060HM0MA<\/strong><\/p>\n<p><img loading=\"lazy\" decoding=\"async\" class=\"alignnone wp-image-6286\" src=\"https:\/\/akum.lv\/wp-content\/uploads\/2019\/08\/pdf-icon-png-100px.png\" alt=\"\" width=\"50\" height=\"50\" srcset=\"https:\/\/akum.lv\/wp-content\/uploads\/2019\/08\/pdf-icon-png-100px.png 120w, https:\/\/akum.lv\/wp-content\/uploads\/2019\/08\/pdf-icon-png-100px-100x100.png 100w\" sizes=\"auto, (max-width: 50px) 100vw, 50px\" \/> &#8212; <strong><a href=\"https:\/\/akum.lv\/wp-content\/uploads\/2020\/04\/Marathon_M-FT_en.pdf\">Marathon_M-FT_en<\/a><\/strong><\/p>\n<p>Cen\u0101 iek\u013cauta pieg\u0101de vis\u0101 Latvij\u0101.<br \/>\nCena var main\u012bties atkar\u012bb\u0101 no pas\u016bt\u012bjuma apjoma.<br \/>\nAkumulatoru izgatavo\u0161anas un pieg\u0101des laiks klientam tiek apspriests pas\u016btot.<br \/>\n\u0412 \u0446\u0435\u043d\u0443 \u0432\u043a\u043b\u044e\u0447\u0435\u043d\u0430 \u0434\u043e\u0441\u0442\u0430\u0432\u043a\u0430 \u043f\u043e \u041b\u0430\u0442\u0432\u0438\u0438.<br \/>\n\u0426\u0435\u043d\u0430 \u043c\u043e\u0436\u0435\u0442 \u043c\u0435\u043d\u044f\u0442\u0441\u044f \u0432 \u0437\u0430\u0432\u0438\u0441\u0438\u043c\u043e\u0441\u0442\u0438 \u043e\u0442 \u043e\u0431\u044c\u0435\u043c\u0430 \u0437\u0430\u043a\u0430\u0437\u0430.<br \/>\n\u0412\u0440\u0435\u043c\u044f \u0438\u0437\u0433\u043e\u0442\u043e\u0432\u043b\u0435\u043d\u0438\u0435 \u0438 \u0434\u043e\u0441\u0442\u0430\u0432\u043a\u0430 \u0431\u0430\u0442\u0430\u0440\u0435\u0439 \u0437\u0430\u043a\u0430\u0437\u0447\u0438\u043a\u0443 \u043e\u0433\u043e\u0432\u0430\u0440\u0438\u0432\u0430\u0435\u0442\u0441\u044f \u043f\u0440\u0438 \u0437\u0430\u043a\u0430\u0437\u0435.<\/p>\n<p><span style=\"color: #ff0000;\"><strong>UZMAN\u012aBU!<\/strong><\/span><br \/>\nMARATHON akumulatori ir r\u016bpniecisks (industri\u0101ls) produkts un netiek p\u0101rdoti k\u0101 parastie akumulatori veikalos un interneta veikalos.<br \/>\nT\u0101p\u0113c tos iesp\u0113jams ieg\u0101d\u0101ties tikai p\u0113c pas\u016bt\u012bjuma no ofici\u0101l\u0101 izplat\u012bt\u0101ja!<br \/>\nPas\u016btot jaut\u0101jiet p\u0101rdev\u0113jam akumulatoru MARATON, \u0415XIDE TECHNOLOGIES ra\u017eot\u0101ja sertifik\u0101tu!<br \/>\n\u0160aj\u0101 gad\u012bjum\u0101 j\u016bs sa\u0146emsiet svaigu produktu ar vis\u0101m nepiecie\u0161amaj\u0101m garantij\u0101m!<br \/>\n<span style=\"color: #ff0000;\"><strong>Nep\u0113rciet MARATHON akumulatorus interneta veikalos vai no citiem nep\u0101rbaud\u012btiem p\u0101rdev\u0113jiem!<\/strong><\/span><\/p>\n<p><strong><span style=\"color: #ff0000;\">\u0412\u041d\u0418\u041c\u0410\u041d\u0418\u0415!<\/span><\/strong><br \/>\n\u0410\u043a\u043a\u0443\u043c\u0443\u043b\u044f\u0442\u043e\u0440\u044b MARATHON \u044f\u0432\u043b\u044f\u044e\u0442\u0441\u044f \u043f\u0440\u043e\u043c\u044b\u0448\u043b\u0435\u043d\u043d\u044b\u043c (\u0438\u043d\u0434\u0443\u0441\u0442\u0440\u0438\u0430\u043b\u044c\u043d\u044b\u043c) \u0442\u043e\u0432\u0430\u0440\u043e\u043c \u0438 \u043d\u0435 \u043f\u0440\u043e\u0434\u0430\u044e\u0442\u0441\u044f \u043a\u0430\u043a \u043e\u0431\u044b\u0447\u043d\u044b\u0435 \u0430\u043a\u043a\u0443\u043c\u0443\u043b\u044f\u0442\u043e\u0440\u044b \u0432 \u043c\u0430\u0433\u0430\u0437\u0438\u043d\u0430\u0445 \u0438 \u0438\u043d\u0442\u0435\u0440\u043d\u0435\u0442-\u043c\u0430\u0433\u0430\u0437\u0438\u043d\u0430\u0445.<br \/>\n\u041f\u043e\u044d\u0442\u043e\u043c\u0443 \u043f\u0440\u0438\u043e\u0431\u0440\u0435\u0441\u0442\u0438 (\u043a\u0443\u043f\u0438\u0442\u044c) \u0438\u0445 \u0432\u043e\u0437\u043c\u043e\u0436\u043d\u043e \u0442\u043e\u043b\u044c\u043a\u043e \u043f\u043e\u0434 \u0437\u0430\u043a\u0430\u0437 \u0443 \u043e\u0444\u0438\u0446\u0438\u0430\u043b\u044c\u043d\u043e\u0433\u043e <span lang=\"en-US\">\u0434\u0438\u0441\u0442\u0440\u0438\u0431<\/span><span lang=\"ru-RU\">\u044c<\/span><span lang=\"en-US\">\u044e\u0442\u043e\u0440\u0430<\/span>!<br \/>\n\u041f\u0440\u0438 \u0437\u0430\u043a\u0430\u0437\u0435 \u0442\u0440\u0435\u0431\u0443\u0439\u0442\u0435 \u0443 \u043f\u0440\u043e\u0434\u0430\u0432\u0446\u0430 \u0441\u0435\u0440\u0442\u0438\u0444\u0438\u043a\u0430\u0442 \u043f\u0440\u043e\u0438\u0437\u0432\u043e\u0434\u0438\u0442\u0435\u043b\u044f \u0430\u043a\u043a\u0443\u043c\u0443\u043b\u044f\u0442\u043e\u0440\u043e\u0432 MARATHON, \u0415XIDE TECHNOLOGIES!<br \/>\n\u0412 \u044d\u0442\u043e\u043c \u0441\u043b\u0443\u0447\u0430\u0435 \u0432\u044b \u043f\u043e\u043b\u0443\u0447\u0438\u0442\u0435 \u0441\u0432\u0435\u0436\u0438\u0439 \u0442\u043e\u0432\u0430\u0440 \u0441\u043e \u0432\u0441\u0435\u043c\u0438 \u043d\u0435\u043e\u0431\u0445\u043e\u0434\u0438\u043c\u044b\u043c\u0438 \u0433\u0430\u0440\u0430\u043d\u0442\u0438\u044f\u043c\u0438!<br \/>\n<strong><span style=\"color: #ff0000;\">\u041d\u0435 \u043f\u0440\u0438\u043e\u0431\u0440\u0435\u0442\u0430\u0439\u0442\u0435 \u0430\u043a\u043a\u0443\u043c\u0443\u043b\u044f\u0442\u043e\u0440\u044b MARATHON \u0432 \u0438\u043d\u0442\u0435\u0440\u043d\u0435\u0442 \u043c\u0430\u0433\u0430\u0437\u0438\u043d\u0430\u0445 \u0438 \u0443 \u0434\u0440\u0443\u0433\u0438\u0445 \u043d\u0435 \u043f\u0440\u043e\u0432\u0435\u0440\u0435<\/span><\/strong><strong><span style=\"color: #ff0000;\">\u043d<\/span><\/strong><strong><span style=\"color: #ff0000;\">\u043d\u044b\u0445 \u043f\u0440\u043e\u0434<\/span><\/strong><strong><span style=\"color: #ff0000;\"><b>\u0430<\/b><\/span><\/strong><strong><span style=\"color: #ff0000;\">\u0432\u0446\u043e\u0432!<\/span><\/strong><\/p>\n<p><span style=\"color: #ff0000;\"><strong>ATTENTION!<\/strong><\/span><br \/>\nMARATHON batteries are an industrial product and are not sold like conventional batteries in shops and online stores.<br \/>\nTherefore, it is possible to buy them only on order from an official distributor!<br \/>\nWhen ordering, ask the seller for a certificate of the manufacturer of batteries MARATHON, \u0415XIDE TECHNOLOGIES!<br \/>\nIn this case, you will receive a fresh product with all the necessary guarantees!<br \/>\n<span style=\"color: #ff0000;\"><strong>Do not buy MARATHON batteries in online stores and from other unverified vendors!<\/strong><\/span><\/p>\n","protected":false},"featured_media":11426,"template":"","meta":[],"pwb-brand":[338],"product_brand":[],"product_cat":[722,376,443,319],"product_tag":[],"class_list":{"0":"post-11323","1":"product","2":"type-product","3":"status-publish","4":"has-post-thumbnail","6":"pwb-brand-exide-technologies-ru","7":"product_cat-marathon-m-ft","8":"product_cat-agm-tehnologii-akkumuljatory-rus","9":"product_cat-agm-12v-batteries","10":"product_cat-akb-ups-telecom","11":"pif-has-gallery","13":"first","14":"instock","15":"taxable","16":"shipping-taxable","17":"purchasable","18":"product-type-simple"},"yoast_head":"<!-- This site is optimized with the Yoast SEO plugin v26.7 - https:\/\/yoast.com\/wordpress\/plugins\/seo\/ -->\n<title>GNB Marathon M-FT M12V60FT 12V-59Ah\/C10 L280 W107 H263 (M-M6-90\u00b0) NAMF120060HM0MA - www.akum.lv<\/title>\n<meta name=\"robots\" content=\"index, follow, max-snippet:-1, max-image-preview:large, max-video-preview:-1\" \/>\n<link rel=\"canonical\" href=\"https:\/\/akum.lv\/ru\/prece\/gnb-marathon-m-ft-m12v60ft\/\" \/>\n<meta property=\"og:locale\" content=\"ru_RU\" \/>\n<meta property=\"og:type\" content=\"article\" \/>\n<meta property=\"og:title\" content=\"GNB Marathon M-FT M12V60FT 12V-59Ah\/C10 L280 W107 H263 (M-M6-90\u00b0) NAMF120060HM0MA - www.akum.lv\" \/>\n<meta property=\"og:description\" content=\"Marathon M12V60FT  GNB Marathon M-FT M12V60FT 12V-59Ah\/C10 L280 W107 H263 (M-M6-90\u00b0) NAMF120060HM0MA   - Marathon_M-FT_en  Cen\u0101 iek\u013cauta pieg\u0101de vis\u0101 Latvij\u0101. Cena var main\u012bties atkar\u012bb\u0101 no pas\u016bt\u012bjuma apjoma. Akumulatoru izgatavo\u0161anas un pieg\u0101des laiks klientam tiek apspriests pas\u016btot. \u0412 \u0446\u0435\u043d\u0443 \u0432\u043a\u043b\u044e\u0447\u0435\u043d\u0430 \u0434\u043e\u0441\u0442\u0430\u0432\u043a\u0430 \u043f\u043e \u041b\u0430\u0442\u0432\u0438\u0438. \u0426\u0435\u043d\u0430 \u043c\u043e\u0436\u0435\u0442 \u043c\u0435\u043d\u044f\u0442\u0441\u044f \u0432 \u0437\u0430\u0432\u0438\u0441\u0438\u043c\u043e\u0441\u0442\u0438 \u043e\u0442 \u043e\u0431\u044c\u0435\u043c\u0430 \u0437\u0430\u043a\u0430\u0437\u0430. \u0412\u0440\u0435\u043c\u044f \u0438\u0437\u0433\u043e\u0442\u043e\u0432\u043b\u0435\u043d\u0438\u0435 \u0438 \u0434\u043e\u0441\u0442\u0430\u0432\u043a\u0430 \u0431\u0430\u0442\u0430\u0440\u0435\u0439 \u0437\u0430\u043a\u0430\u0437\u0447\u0438\u043a\u0443 \u043e\u0433\u043e\u0432\u0430\u0440\u0438\u0432\u0430\u0435\u0442\u0441\u044f \u043f\u0440\u0438 \u0437\u0430\u043a\u0430\u0437\u0435.  UZMAN\u012aBU! MARATHON akumulatori ir r\u016bpniecisks (industri\u0101ls) produkts un netiek p\u0101rdoti k\u0101 parastie akumulatori veikalos un interneta veikalos. T\u0101p\u0113c tos iesp\u0113jams ieg\u0101d\u0101ties tikai p\u0113c pas\u016bt\u012bjuma no ofici\u0101l\u0101 izplat\u012bt\u0101ja! Pas\u016btot jaut\u0101jiet p\u0101rdev\u0113jam akumulatoru MARATON, \u0415XIDE TECHNOLOGIES ra\u017eot\u0101ja sertifik\u0101tu! \u0160aj\u0101 gad\u012bjum\u0101 j\u016bs sa\u0146emsiet svaigu produktu ar vis\u0101m nepiecie\u0161amaj\u0101m garantij\u0101m! Nep\u0113rciet MARATHON akumulatorus interneta veikalos vai no citiem nep\u0101rbaud\u012btiem p\u0101rdev\u0113jiem!  \u0412\u041d\u0418\u041c\u0410\u041d\u0418\u0415! \u0410\u043a\u043a\u0443\u043c\u0443\u043b\u044f\u0442\u043e\u0440\u044b MARATHON \u044f\u0432\u043b\u044f\u044e\u0442\u0441\u044f \u043f\u0440\u043e\u043c\u044b\u0448\u043b\u0435\u043d\u043d\u044b\u043c (\u0438\u043d\u0434\u0443\u0441\u0442\u0440\u0438\u0430\u043b\u044c\u043d\u044b\u043c) \u0442\u043e\u0432\u0430\u0440\u043e\u043c \u0438 \u043d\u0435 \u043f\u0440\u043e\u0434\u0430\u044e\u0442\u0441\u044f \u043a\u0430\u043a \u043e\u0431\u044b\u0447\u043d\u044b\u0435 \u0430\u043a\u043a\u0443\u043c\u0443\u043b\u044f\u0442\u043e\u0440\u044b \u0432 \u043c\u0430\u0433\u0430\u0437\u0438\u043d\u0430\u0445 \u0438 \u0438\u043d\u0442\u0435\u0440\u043d\u0435\u0442-\u043c\u0430\u0433\u0430\u0437\u0438\u043d\u0430\u0445. \u041f\u043e\u044d\u0442\u043e\u043c\u0443 \u043f\u0440\u0438\u043e\u0431\u0440\u0435\u0441\u0442\u0438 (\u043a\u0443\u043f\u0438\u0442\u044c) \u0438\u0445 \u0432\u043e\u0437\u043c\u043e\u0436\u043d\u043e \u0442\u043e\u043b\u044c\u043a\u043e \u043f\u043e\u0434 \u0437\u0430\u043a\u0430\u0437 \u0443 \u043e\u0444\u0438\u0446\u0438\u0430\u043b\u044c\u043d\u043e\u0433\u043e \u0434\u0438\u0441\u0442\u0440\u0438\u0431\u044c\u044e\u0442\u043e\u0440\u0430! \u041f\u0440\u0438 \u0437\u0430\u043a\u0430\u0437\u0435 \u0442\u0440\u0435\u0431\u0443\u0439\u0442\u0435 \u0443 \u043f\u0440\u043e\u0434\u0430\u0432\u0446\u0430 \u0441\u0435\u0440\u0442\u0438\u0444\u0438\u043a\u0430\u0442 \u043f\u0440\u043e\u0438\u0437\u0432\u043e\u0434\u0438\u0442\u0435\u043b\u044f \u0430\u043a\u043a\u0443\u043c\u0443\u043b\u044f\u0442\u043e\u0440\u043e\u0432 MARATHON, \u0415XIDE TECHNOLOGIES! \u0412 \u044d\u0442\u043e\u043c \u0441\u043b\u0443\u0447\u0430\u0435 \u0432\u044b \u043f\u043e\u043b\u0443\u0447\u0438\u0442\u0435 \u0441\u0432\u0435\u0436\u0438\u0439 \u0442\u043e\u0432\u0430\u0440 \u0441\u043e \u0432\u0441\u0435\u043c\u0438 \u043d\u0435\u043e\u0431\u0445\u043e\u0434\u0438\u043c\u044b\u043c\u0438 \u0433\u0430\u0440\u0430\u043d\u0442\u0438\u044f\u043c\u0438! \u041d\u0435 \u043f\u0440\u0438\u043e\u0431\u0440\u0435\u0442\u0430\u0439\u0442\u0435 \u0430\u043a\u043a\u0443\u043c\u0443\u043b\u044f\u0442\u043e\u0440\u044b MARATHON \u0432 \u0438\u043d\u0442\u0435\u0440\u043d\u0435\u0442 \u043c\u0430\u0433\u0430\u0437\u0438\u043d\u0430\u0445 \u0438 \u0443 \u0434\u0440\u0443\u0433\u0438\u0445 \u043d\u0435 \u043f\u0440\u043e\u0432\u0435\u0440\u0435\u043d\u043d\u044b\u0445 \u043f\u0440\u043e\u0434\u0430\u0432\u0446\u043e\u0432!  ATTENTION! MARATHON batteries are an industrial product and are not sold like conventional batteries in shops and online stores. Therefore, it is possible to buy them only on order from an official distributor! When ordering, ask the seller for a certificate of the manufacturer of batteries MARATHON, \u0415XIDE TECHNOLOGIES! In this case, you will receive a fresh product with all the necessary guarantees! Do not buy MARATHON batteries in online stores and from other unverified vendors!\" \/>\n<meta property=\"og:url\" content=\"https:\/\/akum.lv\/ru\/prece\/gnb-marathon-m-ft-m12v60ft\/\" \/>\n<meta property=\"og:site_name\" content=\"www.akum.lv\" \/>\n<meta property=\"article:modified_time\" content=\"2024-03-01T11:15:56+00:00\" \/>\n<meta property=\"og:image\" content=\"https:\/\/akum.lv\/wp-content\/uploads\/2021\/12\/Marathon-M-FT-M12V60FT.jpg\" \/>\n\t<meta property=\"og:image:width\" content=\"450\" \/>\n\t<meta property=\"og:image:height\" content=\"570\" \/>\n\t<meta property=\"og:image:type\" content=\"image\/jpeg\" \/>\n<meta name=\"twitter:card\" content=\"summary_large_image\" \/>\n<script type=\"application\/ld+json\" class=\"yoast-schema-graph\">{\"@context\":\"https:\/\/schema.org\",\"@graph\":[{\"@type\":\"WebPage\",\"@id\":\"https:\/\/akum.lv\/ru\/prece\/gnb-marathon-m-ft-m12v60ft\/\",\"url\":\"https:\/\/akum.lv\/ru\/prece\/gnb-marathon-m-ft-m12v60ft\/\",\"name\":\"GNB Marathon M-FT M12V60FT 12V-59Ah\/C10 L280 W107 H263 (M-M6-90\u00b0) NAMF120060HM0MA - www.akum.lv\",\"isPartOf\":{\"@id\":\"https:\/\/akum.lv\/#website\"},\"primaryImageOfPage\":{\"@id\":\"https:\/\/akum.lv\/ru\/prece\/gnb-marathon-m-ft-m12v60ft\/#primaryimage\"},\"image\":{\"@id\":\"https:\/\/akum.lv\/ru\/prece\/gnb-marathon-m-ft-m12v60ft\/#primaryimage\"},\"thumbnailUrl\":\"https:\/\/akum.lv\/wp-content\/uploads\/2021\/12\/Marathon-M-FT-M12V60FT.jpg\",\"datePublished\":\"2021-12-15T22:42:00+00:00\",\"dateModified\":\"2024-03-01T11:15:56+00:00\",\"breadcrumb\":{\"@id\":\"https:\/\/akum.lv\/ru\/prece\/gnb-marathon-m-ft-m12v60ft\/#breadcrumb\"},\"inLanguage\":\"ru-RU\",\"potentialAction\":[{\"@type\":\"ReadAction\",\"target\":[\"https:\/\/akum.lv\/ru\/prece\/gnb-marathon-m-ft-m12v60ft\/\"]}]},{\"@type\":\"ImageObject\",\"inLanguage\":\"ru-RU\",\"@id\":\"https:\/\/akum.lv\/ru\/prece\/gnb-marathon-m-ft-m12v60ft\/#primaryimage\",\"url\":\"https:\/\/akum.lv\/wp-content\/uploads\/2021\/12\/Marathon-M-FT-M12V60FT.jpg\",\"contentUrl\":\"https:\/\/akum.lv\/wp-content\/uploads\/2021\/12\/Marathon-M-FT-M12V60FT.jpg\",\"width\":450,\"height\":570},{\"@type\":\"BreadcrumbList\",\"@id\":\"https:\/\/akum.lv\/ru\/prece\/gnb-marathon-m-ft-m12v60ft\/#breadcrumb\",\"itemListElement\":[{\"@type\":\"ListItem\",\"position\":1,\"name\":\"\u0413\u043b\u0430\u0432\u043d\u0430\u044f \u0441\u0442\u0440\u0430\u043d\u0438\u0446\u0430\",\"item\":\"https:\/\/akum.lv\/ru\/\"},{\"@type\":\"ListItem\",\"position\":2,\"name\":\"PRECES\",\"item\":\"https:\/\/akum.lv\/produkti-preces\/\"},{\"@type\":\"ListItem\",\"position\":3,\"name\":\"GNB Marathon M-FT M12V60FT 12V-59Ah\/C10 L280 W107 H263 (M-M6-90\u00b0) NAMF120060HM0MA\"}]},{\"@type\":\"WebSite\",\"@id\":\"https:\/\/akum.lv\/#website\",\"url\":\"https:\/\/akum.lv\/\",\"name\":\"www.akum.lv\",\"description\":\"Akumulatoru p\u0101rdev\u0113js | \u041f\u0440\u043e\u0434\u0430\u0432\u0435\u0446 \u0430\u043a\u043a\u0443\u043c\u0443\u043b\u044f\u0442\u043e\u0440\u043e\u0432 | Battery seller\",\"publisher\":{\"@id\":\"https:\/\/akum.lv\/#organization\"},\"potentialAction\":[{\"@type\":\"SearchAction\",\"target\":{\"@type\":\"EntryPoint\",\"urlTemplate\":\"https:\/\/akum.lv\/?s={search_term_string}\"},\"query-input\":{\"@type\":\"PropertyValueSpecification\",\"valueRequired\":true,\"valueName\":\"search_term_string\"}}],\"inLanguage\":\"ru-RU\"},{\"@type\":\"Organization\",\"@id\":\"https:\/\/akum.lv\/#organization\",\"name\":\"HubEnergy\",\"url\":\"https:\/\/akum.lv\/\",\"logo\":{\"@type\":\"ImageObject\",\"inLanguage\":\"ru-RU\",\"@id\":\"https:\/\/akum.lv\/#\/schema\/logo\/image\/\",\"url\":\"https:\/\/akum.lv\/wp-content\/uploads\/2018\/08\/Logo-hub-energy-2018-seller-dark-blue.png\",\"contentUrl\":\"https:\/\/akum.lv\/wp-content\/uploads\/2018\/08\/Logo-hub-energy-2018-seller-dark-blue.png\",\"width\":381,\"height\":75,\"caption\":\"HubEnergy\"},\"image\":{\"@id\":\"https:\/\/akum.lv\/#\/schema\/logo\/image\/\"}}]}<\/script>\n<!-- \/ Yoast SEO plugin. -->","yoast_head_json":{"title":"GNB Marathon M-FT M12V60FT 12V-59Ah\/C10 L280 W107 H263 (M-M6-90\u00b0) NAMF120060HM0MA - www.akum.lv","robots":{"index":"index","follow":"follow","max-snippet":"max-snippet:-1","max-image-preview":"max-image-preview:large","max-video-preview":"max-video-preview:-1"},"canonical":"https:\/\/akum.lv\/ru\/prece\/gnb-marathon-m-ft-m12v60ft\/","og_locale":"ru_RU","og_type":"article","og_title":"GNB Marathon M-FT M12V60FT 12V-59Ah\/C10 L280 W107 H263 (M-M6-90\u00b0) NAMF120060HM0MA - www.akum.lv","og_description":"Marathon M12V60FT  GNB Marathon M-FT M12V60FT 12V-59Ah\/C10 L280 W107 H263 (M-M6-90\u00b0) NAMF120060HM0MA   - Marathon_M-FT_en  Cen\u0101 iek\u013cauta pieg\u0101de vis\u0101 Latvij\u0101. Cena var main\u012bties atkar\u012bb\u0101 no pas\u016bt\u012bjuma apjoma. Akumulatoru izgatavo\u0161anas un pieg\u0101des laiks klientam tiek apspriests pas\u016btot. \u0412 \u0446\u0435\u043d\u0443 \u0432\u043a\u043b\u044e\u0447\u0435\u043d\u0430 \u0434\u043e\u0441\u0442\u0430\u0432\u043a\u0430 \u043f\u043e \u041b\u0430\u0442\u0432\u0438\u0438. \u0426\u0435\u043d\u0430 \u043c\u043e\u0436\u0435\u0442 \u043c\u0435\u043d\u044f\u0442\u0441\u044f \u0432 \u0437\u0430\u0432\u0438\u0441\u0438\u043c\u043e\u0441\u0442\u0438 \u043e\u0442 \u043e\u0431\u044c\u0435\u043c\u0430 \u0437\u0430\u043a\u0430\u0437\u0430. \u0412\u0440\u0435\u043c\u044f \u0438\u0437\u0433\u043e\u0442\u043e\u0432\u043b\u0435\u043d\u0438\u0435 \u0438 \u0434\u043e\u0441\u0442\u0430\u0432\u043a\u0430 \u0431\u0430\u0442\u0430\u0440\u0435\u0439 \u0437\u0430\u043a\u0430\u0437\u0447\u0438\u043a\u0443 \u043e\u0433\u043e\u0432\u0430\u0440\u0438\u0432\u0430\u0435\u0442\u0441\u044f \u043f\u0440\u0438 \u0437\u0430\u043a\u0430\u0437\u0435.  UZMAN\u012aBU! MARATHON akumulatori ir r\u016bpniecisks (industri\u0101ls) produkts un netiek p\u0101rdoti k\u0101 parastie akumulatori veikalos un interneta veikalos. T\u0101p\u0113c tos iesp\u0113jams ieg\u0101d\u0101ties tikai p\u0113c pas\u016bt\u012bjuma no ofici\u0101l\u0101 izplat\u012bt\u0101ja! Pas\u016btot jaut\u0101jiet p\u0101rdev\u0113jam akumulatoru MARATON, \u0415XIDE TECHNOLOGIES ra\u017eot\u0101ja sertifik\u0101tu! \u0160aj\u0101 gad\u012bjum\u0101 j\u016bs sa\u0146emsiet svaigu produktu ar vis\u0101m nepiecie\u0161amaj\u0101m garantij\u0101m! Nep\u0113rciet MARATHON akumulatorus interneta veikalos vai no citiem nep\u0101rbaud\u012btiem p\u0101rdev\u0113jiem!  \u0412\u041d\u0418\u041c\u0410\u041d\u0418\u0415! \u0410\u043a\u043a\u0443\u043c\u0443\u043b\u044f\u0442\u043e\u0440\u044b MARATHON \u044f\u0432\u043b\u044f\u044e\u0442\u0441\u044f \u043f\u0440\u043e\u043c\u044b\u0448\u043b\u0435\u043d\u043d\u044b\u043c (\u0438\u043d\u0434\u0443\u0441\u0442\u0440\u0438\u0430\u043b\u044c\u043d\u044b\u043c) \u0442\u043e\u0432\u0430\u0440\u043e\u043c \u0438 \u043d\u0435 \u043f\u0440\u043e\u0434\u0430\u044e\u0442\u0441\u044f \u043a\u0430\u043a \u043e\u0431\u044b\u0447\u043d\u044b\u0435 \u0430\u043a\u043a\u0443\u043c\u0443\u043b\u044f\u0442\u043e\u0440\u044b \u0432 \u043c\u0430\u0433\u0430\u0437\u0438\u043d\u0430\u0445 \u0438 \u0438\u043d\u0442\u0435\u0440\u043d\u0435\u0442-\u043c\u0430\u0433\u0430\u0437\u0438\u043d\u0430\u0445. \u041f\u043e\u044d\u0442\u043e\u043c\u0443 \u043f\u0440\u0438\u043e\u0431\u0440\u0435\u0441\u0442\u0438 (\u043a\u0443\u043f\u0438\u0442\u044c) \u0438\u0445 \u0432\u043e\u0437\u043c\u043e\u0436\u043d\u043e \u0442\u043e\u043b\u044c\u043a\u043e \u043f\u043e\u0434 \u0437\u0430\u043a\u0430\u0437 \u0443 \u043e\u0444\u0438\u0446\u0438\u0430\u043b\u044c\u043d\u043e\u0433\u043e \u0434\u0438\u0441\u0442\u0440\u0438\u0431\u044c\u044e\u0442\u043e\u0440\u0430! \u041f\u0440\u0438 \u0437\u0430\u043a\u0430\u0437\u0435 \u0442\u0440\u0435\u0431\u0443\u0439\u0442\u0435 \u0443 \u043f\u0440\u043e\u0434\u0430\u0432\u0446\u0430 \u0441\u0435\u0440\u0442\u0438\u0444\u0438\u043a\u0430\u0442 \u043f\u0440\u043e\u0438\u0437\u0432\u043e\u0434\u0438\u0442\u0435\u043b\u044f \u0430\u043a\u043a\u0443\u043c\u0443\u043b\u044f\u0442\u043e\u0440\u043e\u0432 MARATHON, \u0415XIDE TECHNOLOGIES! \u0412 \u044d\u0442\u043e\u043c \u0441\u043b\u0443\u0447\u0430\u0435 \u0432\u044b \u043f\u043e\u043b\u0443\u0447\u0438\u0442\u0435 \u0441\u0432\u0435\u0436\u0438\u0439 \u0442\u043e\u0432\u0430\u0440 \u0441\u043e \u0432\u0441\u0435\u043c\u0438 \u043d\u0435\u043e\u0431\u0445\u043e\u0434\u0438\u043c\u044b\u043c\u0438 \u0433\u0430\u0440\u0430\u043d\u0442\u0438\u044f\u043c\u0438! \u041d\u0435 \u043f\u0440\u0438\u043e\u0431\u0440\u0435\u0442\u0430\u0439\u0442\u0435 \u0430\u043a\u043a\u0443\u043c\u0443\u043b\u044f\u0442\u043e\u0440\u044b MARATHON \u0432 \u0438\u043d\u0442\u0435\u0440\u043d\u0435\u0442 \u043c\u0430\u0433\u0430\u0437\u0438\u043d\u0430\u0445 \u0438 \u0443 \u0434\u0440\u0443\u0433\u0438\u0445 \u043d\u0435 \u043f\u0440\u043e\u0432\u0435\u0440\u0435\u043d\u043d\u044b\u0445 \u043f\u0440\u043e\u0434\u0430\u0432\u0446\u043e\u0432!  ATTENTION! MARATHON batteries are an industrial product and are not sold like conventional batteries in shops and online stores. Therefore, it is possible to buy them only on order from an official distributor! When ordering, ask the seller for a certificate of the manufacturer of batteries MARATHON, \u0415XIDE TECHNOLOGIES! In this case, you will receive a fresh product with all the necessary guarantees! Do not buy MARATHON batteries in online stores and from other unverified vendors!","og_url":"https:\/\/akum.lv\/ru\/prece\/gnb-marathon-m-ft-m12v60ft\/","og_site_name":"www.akum.lv","article_modified_time":"2024-03-01T11:15:56+00:00","og_image":[{"width":450,"height":570,"url":"https:\/\/akum.lv\/wp-content\/uploads\/2021\/12\/Marathon-M-FT-M12V60FT.jpg","type":"image\/jpeg"}],"twitter_card":"summary_large_image","schema":{"@context":"https:\/\/schema.org","@graph":[{"@type":"WebPage","@id":"https:\/\/akum.lv\/ru\/prece\/gnb-marathon-m-ft-m12v60ft\/","url":"https:\/\/akum.lv\/ru\/prece\/gnb-marathon-m-ft-m12v60ft\/","name":"GNB Marathon M-FT M12V60FT 12V-59Ah\/C10 L280 W107 H263 (M-M6-90\u00b0) NAMF120060HM0MA - www.akum.lv","isPartOf":{"@id":"https:\/\/akum.lv\/#website"},"primaryImageOfPage":{"@id":"https:\/\/akum.lv\/ru\/prece\/gnb-marathon-m-ft-m12v60ft\/#primaryimage"},"image":{"@id":"https:\/\/akum.lv\/ru\/prece\/gnb-marathon-m-ft-m12v60ft\/#primaryimage"},"thumbnailUrl":"https:\/\/akum.lv\/wp-content\/uploads\/2021\/12\/Marathon-M-FT-M12V60FT.jpg","datePublished":"2021-12-15T22:42:00+00:00","dateModified":"2024-03-01T11:15:56+00:00","breadcrumb":{"@id":"https:\/\/akum.lv\/ru\/prece\/gnb-marathon-m-ft-m12v60ft\/#breadcrumb"},"inLanguage":"ru-RU","potentialAction":[{"@type":"ReadAction","target":["https:\/\/akum.lv\/ru\/prece\/gnb-marathon-m-ft-m12v60ft\/"]}]},{"@type":"ImageObject","inLanguage":"ru-RU","@id":"https:\/\/akum.lv\/ru\/prece\/gnb-marathon-m-ft-m12v60ft\/#primaryimage","url":"https:\/\/akum.lv\/wp-content\/uploads\/2021\/12\/Marathon-M-FT-M12V60FT.jpg","contentUrl":"https:\/\/akum.lv\/wp-content\/uploads\/2021\/12\/Marathon-M-FT-M12V60FT.jpg","width":450,"height":570},{"@type":"BreadcrumbList","@id":"https:\/\/akum.lv\/ru\/prece\/gnb-marathon-m-ft-m12v60ft\/#breadcrumb","itemListElement":[{"@type":"ListItem","position":1,"name":"\u0413\u043b\u0430\u0432\u043d\u0430\u044f \u0441\u0442\u0440\u0430\u043d\u0438\u0446\u0430","item":"https:\/\/akum.lv\/ru\/"},{"@type":"ListItem","position":2,"name":"PRECES","item":"https:\/\/akum.lv\/produkti-preces\/"},{"@type":"ListItem","position":3,"name":"GNB Marathon M-FT M12V60FT 12V-59Ah\/C10 L280 W107 H263 (M-M6-90\u00b0) NAMF120060HM0MA"}]},{"@type":"WebSite","@id":"https:\/\/akum.lv\/#website","url":"https:\/\/akum.lv\/","name":"www.akum.lv","description":"Akumulatoru p\u0101rdev\u0113js | \u041f\u0440\u043e\u0434\u0430\u0432\u0435\u0446 \u0430\u043a\u043a\u0443\u043c\u0443\u043b\u044f\u0442\u043e\u0440\u043e\u0432 | Battery seller","publisher":{"@id":"https:\/\/akum.lv\/#organization"},"potentialAction":[{"@type":"SearchAction","target":{"@type":"EntryPoint","urlTemplate":"https:\/\/akum.lv\/?s={search_term_string}"},"query-input":{"@type":"PropertyValueSpecification","valueRequired":true,"valueName":"search_term_string"}}],"inLanguage":"ru-RU"},{"@type":"Organization","@id":"https:\/\/akum.lv\/#organization","name":"HubEnergy","url":"https:\/\/akum.lv\/","logo":{"@type":"ImageObject","inLanguage":"ru-RU","@id":"https:\/\/akum.lv\/#\/schema\/logo\/image\/","url":"https:\/\/akum.lv\/wp-content\/uploads\/2018\/08\/Logo-hub-energy-2018-seller-dark-blue.png","contentUrl":"https:\/\/akum.lv\/wp-content\/uploads\/2018\/08\/Logo-hub-energy-2018-seller-dark-blue.png","width":381,"height":75,"caption":"HubEnergy"},"image":{"@id":"https:\/\/akum.lv\/#\/schema\/logo\/image\/"}}]}},"brands":[{"id":338,"name":"EXIDE TECHNOLOGIES","slug":"exide-technologies-ru"}],"_links":{"self":[{"href":"https:\/\/akum.lv\/ru\/wp-json\/wp\/v2\/product\/11323","targetHints":{"allow":["GET"]}}],"collection":[{"href":"https:\/\/akum.lv\/ru\/wp-json\/wp\/v2\/product"}],"about":[{"href":"https:\/\/akum.lv\/ru\/wp-json\/wp\/v2\/types\/product"}],"wp:featuredmedia":[{"embeddable":true,"href":"https:\/\/akum.lv\/ru\/wp-json\/wp\/v2\/media\/11426"}],"wp:attachment":[{"href":"https:\/\/akum.lv\/ru\/wp-json\/wp\/v2\/media?parent=11323"}],"wp:term":[{"taxonomy":"pwb-brand","embeddable":true,"href":"https:\/\/akum.lv\/ru\/wp-json\/wp\/v2\/pwb-brand?post=11323"},{"taxonomy":"product_brand","embeddable":true,"href":"https:\/\/akum.lv\/ru\/wp-json\/wp\/v2\/product_brand?post=11323"},{"taxonomy":"product_cat","embeddable":true,"href":"https:\/\/akum.lv\/ru\/wp-json\/wp\/v2\/product_cat?post=11323"},{"taxonomy":"product_tag","embeddable":true,"href":"https:\/\/akum.lv\/ru\/wp-json\/wp\/v2\/product_tag?post=11323"}],"curies":[{"name":"wp","href":"https:\/\/api.w.org\/{rel}","templated":true}]}}