{"id":11175,"date":"2021-11-08T13:00:32","date_gmt":"2021-11-08T13:00:32","guid":{"rendered":"https:\/\/akum.lv\/?post_type=product&#038;p=11175"},"modified":"2026-01-06T15:59:55","modified_gmt":"2026-01-06T15:59:55","slug":"noco-genius-gb40-booster-12v-1000a-24wh-lithium-jump-starter-starta-uzladesana-ierice-2","status":"publish","type":"product","link":"https:\/\/akum.lv\/ru\/prece\/noco-genius-gb40-booster-12v-1000a-24wh-lithium-jump-starter-starta-uzladesana-ierice-2\/","title":{"rendered":"NOCO Genius GB40 Booster 12V 1000A 24Wh Lithium Jump Starter, Starta-uzl\u0101d\u0113\u0161ana ier\u012bce"},"content":{"rendered":"","protected":false},"excerpt":{"rendered":"<p>NOCO Genius GB40 Booster 12V 1000A 24Wh Lithium Jump Starter, Starta-uzl\u0101d\u0113\u0161ana ier\u012bce<\/p>\n<p>Dzin\u0113ja iedarbin\u0101\u0161anas pal\u012bgier\u012bce Noco Booster<br \/>\nPielietojums: Skatiet aprakstu.<br \/>\nGB40 ir kompakta, sp\u0113c\u012bga 1000A pal\u012bgier\u012bce dzin\u0113ja iedarbin\u0101\u0161anai gad\u012bjumos, kad ir izl\u0101d\u0113jies akumulators. Atkar\u012bb\u0101 no gaisa temperat\u016bras GB40 iesaka benz\u012bna dzin\u0113jiem ar tilpumu l\u012bdz 4 litriem un d\u012bze\u013cdzin\u0113jiem &#8212; l\u012bdz 2 litriem. Ier\u012bcei ir patent\u0113ta dro\u0161\u012bbas tehnolo\u0123ija, kas nodro\u0161ina dro\u0161u kontaktu bez dzirkste\u013co\u0161anas, k\u0101 ar\u012b nodro\u0161ina pret\u0113j\u0101s polarit\u0101tes aizsardz\u012bbu, kas \u0161o iek\u0101rtu padara dro\u0161u un \u0113rti lietojamu ikvienam. Ar \u0161o ier\u012bci iesp\u0113jams uzl\u0101d\u0113t ar\u012b mob\u012blos t\u0101lru\u0146us, plan\u0161etdatorus utml. Ier\u012bci var izmantot vair\u0101kas reizes viena uzl\u0101des cikla laik\u0101.<\/p>\n<p>The GB40 is a portable lithium-ion battery jump starter pack that delivers 1,000-amps for jump starting a dead battery in seconds. It features a patented safety technology that provides spark-proof connections and reverse polarity protection making safe and easy for anyone to use. It&#8217;s a powerful battery booster that doubles as a portable power source for recharging USB devices, like a smartphone, tablet and more. Designed for a car, boat, RV, truck and more with gas engines up to 6 liters, and diesel engines up to 3 liters.<\/p>\n","protected":false},"featured_media":5396,"template":"","meta":[],"pwb-brand":[332],"product_brand":[],"product_cat":[296],"product_tag":[326,388],"class_list":{"0":"post-11175","1":"product","2":"type-product","3":"status-publish","4":"has-post-thumbnail","6":"pwb-brand-noco-genius-ru","7":"product_cat-boosters","8":"product_tag-akkumuljatory-dlja-rybakov-i-vodnogo-transporta","9":"product_tag-tovary-dlja-avtoljubitelej","10":"pif-has-gallery","12":"first","13":"instock","14":"taxable","15":"shipping-taxable","16":"purchasable","17":"product-type-simple"},"yoast_head":"<!-- This site is optimized with the Yoast SEO plugin v26.7 - https:\/\/yoast.com\/wordpress\/plugins\/seo\/ -->\n<title>NOCO Genius GB40 Booster 12V 1000A 24Wh Lithium Jump Starter, Starta-uzl\u0101d\u0113\u0161ana ier\u012bce - www.akum.lv<\/title>\n<meta name=\"robots\" content=\"index, follow, max-snippet:-1, max-image-preview:large, max-video-preview:-1\" \/>\n<link rel=\"canonical\" href=\"https:\/\/akum.lv\/ru\/prece\/noco-genius-gb40-booster-12v-1000a-24wh-lithium-jump-starter-starta-uzladesana-ierice-2\/\" \/>\n<meta property=\"og:locale\" content=\"ru_RU\" \/>\n<meta property=\"og:type\" content=\"article\" \/>\n<meta property=\"og:title\" content=\"NOCO Genius GB40 Booster 12V 1000A 24Wh Lithium Jump Starter, Starta-uzl\u0101d\u0113\u0161ana ier\u012bce - www.akum.lv\" \/>\n<meta property=\"og:description\" content=\"NOCO Genius GB40 Booster 12V 1000A 24Wh Lithium Jump Starter, Starta-uzl\u0101d\u0113\u0161ana ier\u012bce  Dzin\u0113ja iedarbin\u0101\u0161anas pal\u012bgier\u012bce Noco Booster Pielietojums: Skatiet aprakstu. GB40 ir kompakta, sp\u0113c\u012bga 1000A pal\u012bgier\u012bce dzin\u0113ja iedarbin\u0101\u0161anai gad\u012bjumos, kad ir izl\u0101d\u0113jies akumulators. Atkar\u012bb\u0101 no gaisa temperat\u016bras GB40 iesaka benz\u012bna dzin\u0113jiem ar tilpumu l\u012bdz 4 litriem un d\u012bze\u013cdzin\u0113jiem - l\u012bdz 2 litriem. Ier\u012bcei ir patent\u0113ta dro\u0161\u012bbas tehnolo\u0123ija, kas nodro\u0161ina dro\u0161u kontaktu bez dzirkste\u013co\u0161anas, k\u0101 ar\u012b nodro\u0161ina pret\u0113j\u0101s polarit\u0101tes aizsardz\u012bbu, kas \u0161o iek\u0101rtu padara dro\u0161u un \u0113rti lietojamu ikvienam. Ar \u0161o ier\u012bci iesp\u0113jams uzl\u0101d\u0113t ar\u012b mob\u012blos t\u0101lru\u0146us, plan\u0161etdatorus utml. Ier\u012bci var izmantot vair\u0101kas reizes viena uzl\u0101des cikla laik\u0101.  The GB40 is a portable lithium-ion battery jump starter pack that delivers 1,000-amps for jump starting a dead battery in seconds. It features a patented safety technology that provides spark-proof connections and reverse polarity protection making safe and easy for anyone to use. It&#039;s a powerful battery booster that doubles as a portable power source for recharging USB devices, like a smartphone, tablet and more. Designed for a car, boat, RV, truck and more with gas engines up to 6 liters, and diesel engines up to 3 liters.\" \/>\n<meta property=\"og:url\" content=\"https:\/\/akum.lv\/ru\/prece\/noco-genius-gb40-booster-12v-1000a-24wh-lithium-jump-starter-starta-uzladesana-ierice-2\/\" \/>\n<meta property=\"og:site_name\" content=\"www.akum.lv\" \/>\n<meta property=\"article:modified_time\" content=\"2026-01-06T15:59:55+00:00\" \/>\n<meta property=\"og:image\" content=\"https:\/\/akum.lv\/wp-content\/uploads\/2018\/09\/NOCO_GB40-1.jpg\" \/>\n\t<meta property=\"og:image:width\" content=\"300\" \/>\n\t<meta property=\"og:image:height\" content=\"184\" \/>\n\t<meta property=\"og:image:type\" content=\"image\/jpeg\" \/>\n<meta name=\"twitter:card\" content=\"summary_large_image\" \/>\n<meta name=\"twitter:label1\" content=\"\u041f\u0440\u0438\u043c\u0435\u0440\u043d\u043e\u0435 \u0432\u0440\u0435\u043c\u044f \u0434\u043b\u044f \u0447\u0442\u0435\u043d\u0438\u044f\" \/>\n\t<meta name=\"twitter:data1\" content=\"1 \u043c\u0438\u043d\u0443\u0442\u0430\" \/>\n<script type=\"application\/ld+json\" class=\"yoast-schema-graph\">{\"@context\":\"https:\/\/schema.org\",\"@graph\":[{\"@type\":\"WebPage\",\"@id\":\"https:\/\/akum.lv\/ru\/prece\/noco-genius-gb40-booster-12v-1000a-24wh-lithium-jump-starter-starta-uzladesana-ierice-2\/\",\"url\":\"https:\/\/akum.lv\/ru\/prece\/noco-genius-gb40-booster-12v-1000a-24wh-lithium-jump-starter-starta-uzladesana-ierice-2\/\",\"name\":\"NOCO Genius GB40 Booster 12V 1000A 24Wh Lithium Jump Starter, Starta-uzl\u0101d\u0113\u0161ana ier\u012bce - www.akum.lv\",\"isPartOf\":{\"@id\":\"https:\/\/akum.lv\/#website\"},\"primaryImageOfPage\":{\"@id\":\"https:\/\/akum.lv\/ru\/prece\/noco-genius-gb40-booster-12v-1000a-24wh-lithium-jump-starter-starta-uzladesana-ierice-2\/#primaryimage\"},\"image\":{\"@id\":\"https:\/\/akum.lv\/ru\/prece\/noco-genius-gb40-booster-12v-1000a-24wh-lithium-jump-starter-starta-uzladesana-ierice-2\/#primaryimage\"},\"thumbnailUrl\":\"https:\/\/akum.lv\/wp-content\/uploads\/2018\/09\/NOCO_GB40-1.jpg\",\"datePublished\":\"2021-11-08T13:00:32+00:00\",\"dateModified\":\"2026-01-06T15:59:55+00:00\",\"breadcrumb\":{\"@id\":\"https:\/\/akum.lv\/ru\/prece\/noco-genius-gb40-booster-12v-1000a-24wh-lithium-jump-starter-starta-uzladesana-ierice-2\/#breadcrumb\"},\"inLanguage\":\"ru-RU\",\"potentialAction\":[{\"@type\":\"ReadAction\",\"target\":[\"https:\/\/akum.lv\/ru\/prece\/noco-genius-gb40-booster-12v-1000a-24wh-lithium-jump-starter-starta-uzladesana-ierice-2\/\"]}]},{\"@type\":\"ImageObject\",\"inLanguage\":\"ru-RU\",\"@id\":\"https:\/\/akum.lv\/ru\/prece\/noco-genius-gb40-booster-12v-1000a-24wh-lithium-jump-starter-starta-uzladesana-ierice-2\/#primaryimage\",\"url\":\"https:\/\/akum.lv\/wp-content\/uploads\/2018\/09\/NOCO_GB40-1.jpg\",\"contentUrl\":\"https:\/\/akum.lv\/wp-content\/uploads\/2018\/09\/NOCO_GB40-1.jpg\",\"width\":300,\"height\":184},{\"@type\":\"BreadcrumbList\",\"@id\":\"https:\/\/akum.lv\/ru\/prece\/noco-genius-gb40-booster-12v-1000a-24wh-lithium-jump-starter-starta-uzladesana-ierice-2\/#breadcrumb\",\"itemListElement\":[{\"@type\":\"ListItem\",\"position\":1,\"name\":\"\u0413\u043b\u0430\u0432\u043d\u0430\u044f \u0441\u0442\u0440\u0430\u043d\u0438\u0446\u0430\",\"item\":\"https:\/\/akum.lv\/ru\/\"},{\"@type\":\"ListItem\",\"position\":2,\"name\":\"PRECES\",\"item\":\"https:\/\/akum.lv\/produkti-preces\/\"},{\"@type\":\"ListItem\",\"position\":3,\"name\":\"NOCO Genius GB40 Booster 12V 1000A 24Wh Lithium Jump Starter, Starta-uzl\u0101d\u0113\u0161ana ier\u012bce\"}]},{\"@type\":\"WebSite\",\"@id\":\"https:\/\/akum.lv\/#website\",\"url\":\"https:\/\/akum.lv\/\",\"name\":\"www.akum.lv\",\"description\":\"Akumulatoru p\u0101rdev\u0113js | \u041f\u0440\u043e\u0434\u0430\u0432\u0435\u0446 \u0430\u043a\u043a\u0443\u043c\u0443\u043b\u044f\u0442\u043e\u0440\u043e\u0432 | Battery seller\",\"publisher\":{\"@id\":\"https:\/\/akum.lv\/#organization\"},\"potentialAction\":[{\"@type\":\"SearchAction\",\"target\":{\"@type\":\"EntryPoint\",\"urlTemplate\":\"https:\/\/akum.lv\/?s={search_term_string}\"},\"query-input\":{\"@type\":\"PropertyValueSpecification\",\"valueRequired\":true,\"valueName\":\"search_term_string\"}}],\"inLanguage\":\"ru-RU\"},{\"@type\":\"Organization\",\"@id\":\"https:\/\/akum.lv\/#organization\",\"name\":\"HubEnergy\",\"url\":\"https:\/\/akum.lv\/\",\"logo\":{\"@type\":\"ImageObject\",\"inLanguage\":\"ru-RU\",\"@id\":\"https:\/\/akum.lv\/#\/schema\/logo\/image\/\",\"url\":\"https:\/\/akum.lv\/wp-content\/uploads\/2018\/08\/Logo-hub-energy-2018-seller-dark-blue.png\",\"contentUrl\":\"https:\/\/akum.lv\/wp-content\/uploads\/2018\/08\/Logo-hub-energy-2018-seller-dark-blue.png\",\"width\":381,\"height\":75,\"caption\":\"HubEnergy\"},\"image\":{\"@id\":\"https:\/\/akum.lv\/#\/schema\/logo\/image\/\"}}]}<\/script>\n<!-- \/ Yoast SEO plugin. -->","yoast_head_json":{"title":"NOCO Genius GB40 Booster 12V 1000A 24Wh Lithium Jump Starter, Starta-uzl\u0101d\u0113\u0161ana ier\u012bce - www.akum.lv","robots":{"index":"index","follow":"follow","max-snippet":"max-snippet:-1","max-image-preview":"max-image-preview:large","max-video-preview":"max-video-preview:-1"},"canonical":"https:\/\/akum.lv\/ru\/prece\/noco-genius-gb40-booster-12v-1000a-24wh-lithium-jump-starter-starta-uzladesana-ierice-2\/","og_locale":"ru_RU","og_type":"article","og_title":"NOCO Genius GB40 Booster 12V 1000A 24Wh Lithium Jump Starter, Starta-uzl\u0101d\u0113\u0161ana ier\u012bce - www.akum.lv","og_description":"NOCO Genius GB40 Booster 12V 1000A 24Wh Lithium Jump Starter, Starta-uzl\u0101d\u0113\u0161ana ier\u012bce  Dzin\u0113ja iedarbin\u0101\u0161anas pal\u012bgier\u012bce Noco Booster Pielietojums: Skatiet aprakstu. GB40 ir kompakta, sp\u0113c\u012bga 1000A pal\u012bgier\u012bce dzin\u0113ja iedarbin\u0101\u0161anai gad\u012bjumos, kad ir izl\u0101d\u0113jies akumulators. Atkar\u012bb\u0101 no gaisa temperat\u016bras GB40 iesaka benz\u012bna dzin\u0113jiem ar tilpumu l\u012bdz 4 litriem un d\u012bze\u013cdzin\u0113jiem - l\u012bdz 2 litriem. Ier\u012bcei ir patent\u0113ta dro\u0161\u012bbas tehnolo\u0123ija, kas nodro\u0161ina dro\u0161u kontaktu bez dzirkste\u013co\u0161anas, k\u0101 ar\u012b nodro\u0161ina pret\u0113j\u0101s polarit\u0101tes aizsardz\u012bbu, kas \u0161o iek\u0101rtu padara dro\u0161u un \u0113rti lietojamu ikvienam. Ar \u0161o ier\u012bci iesp\u0113jams uzl\u0101d\u0113t ar\u012b mob\u012blos t\u0101lru\u0146us, plan\u0161etdatorus utml. Ier\u012bci var izmantot vair\u0101kas reizes viena uzl\u0101des cikla laik\u0101.  The GB40 is a portable lithium-ion battery jump starter pack that delivers 1,000-amps for jump starting a dead battery in seconds. It features a patented safety technology that provides spark-proof connections and reverse polarity protection making safe and easy for anyone to use. It's a powerful battery booster that doubles as a portable power source for recharging USB devices, like a smartphone, tablet and more. Designed for a car, boat, RV, truck and more with gas engines up to 6 liters, and diesel engines up to 3 liters.","og_url":"https:\/\/akum.lv\/ru\/prece\/noco-genius-gb40-booster-12v-1000a-24wh-lithium-jump-starter-starta-uzladesana-ierice-2\/","og_site_name":"www.akum.lv","article_modified_time":"2026-01-06T15:59:55+00:00","og_image":[{"width":300,"height":184,"url":"https:\/\/akum.lv\/wp-content\/uploads\/2018\/09\/NOCO_GB40-1.jpg","type":"image\/jpeg"}],"twitter_card":"summary_large_image","twitter_misc":{"\u041f\u0440\u0438\u043c\u0435\u0440\u043d\u043e\u0435 \u0432\u0440\u0435\u043c\u044f \u0434\u043b\u044f \u0447\u0442\u0435\u043d\u0438\u044f":"1 \u043c\u0438\u043d\u0443\u0442\u0430"},"schema":{"@context":"https:\/\/schema.org","@graph":[{"@type":"WebPage","@id":"https:\/\/akum.lv\/ru\/prece\/noco-genius-gb40-booster-12v-1000a-24wh-lithium-jump-starter-starta-uzladesana-ierice-2\/","url":"https:\/\/akum.lv\/ru\/prece\/noco-genius-gb40-booster-12v-1000a-24wh-lithium-jump-starter-starta-uzladesana-ierice-2\/","name":"NOCO Genius GB40 Booster 12V 1000A 24Wh Lithium Jump Starter, Starta-uzl\u0101d\u0113\u0161ana ier\u012bce - www.akum.lv","isPartOf":{"@id":"https:\/\/akum.lv\/#website"},"primaryImageOfPage":{"@id":"https:\/\/akum.lv\/ru\/prece\/noco-genius-gb40-booster-12v-1000a-24wh-lithium-jump-starter-starta-uzladesana-ierice-2\/#primaryimage"},"image":{"@id":"https:\/\/akum.lv\/ru\/prece\/noco-genius-gb40-booster-12v-1000a-24wh-lithium-jump-starter-starta-uzladesana-ierice-2\/#primaryimage"},"thumbnailUrl":"https:\/\/akum.lv\/wp-content\/uploads\/2018\/09\/NOCO_GB40-1.jpg","datePublished":"2021-11-08T13:00:32+00:00","dateModified":"2026-01-06T15:59:55+00:00","breadcrumb":{"@id":"https:\/\/akum.lv\/ru\/prece\/noco-genius-gb40-booster-12v-1000a-24wh-lithium-jump-starter-starta-uzladesana-ierice-2\/#breadcrumb"},"inLanguage":"ru-RU","potentialAction":[{"@type":"ReadAction","target":["https:\/\/akum.lv\/ru\/prece\/noco-genius-gb40-booster-12v-1000a-24wh-lithium-jump-starter-starta-uzladesana-ierice-2\/"]}]},{"@type":"ImageObject","inLanguage":"ru-RU","@id":"https:\/\/akum.lv\/ru\/prece\/noco-genius-gb40-booster-12v-1000a-24wh-lithium-jump-starter-starta-uzladesana-ierice-2\/#primaryimage","url":"https:\/\/akum.lv\/wp-content\/uploads\/2018\/09\/NOCO_GB40-1.jpg","contentUrl":"https:\/\/akum.lv\/wp-content\/uploads\/2018\/09\/NOCO_GB40-1.jpg","width":300,"height":184},{"@type":"BreadcrumbList","@id":"https:\/\/akum.lv\/ru\/prece\/noco-genius-gb40-booster-12v-1000a-24wh-lithium-jump-starter-starta-uzladesana-ierice-2\/#breadcrumb","itemListElement":[{"@type":"ListItem","position":1,"name":"\u0413\u043b\u0430\u0432\u043d\u0430\u044f \u0441\u0442\u0440\u0430\u043d\u0438\u0446\u0430","item":"https:\/\/akum.lv\/ru\/"},{"@type":"ListItem","position":2,"name":"PRECES","item":"https:\/\/akum.lv\/produkti-preces\/"},{"@type":"ListItem","position":3,"name":"NOCO Genius GB40 Booster 12V 1000A 24Wh Lithium Jump Starter, Starta-uzl\u0101d\u0113\u0161ana ier\u012bce"}]},{"@type":"WebSite","@id":"https:\/\/akum.lv\/#website","url":"https:\/\/akum.lv\/","name":"www.akum.lv","description":"Akumulatoru p\u0101rdev\u0113js | \u041f\u0440\u043e\u0434\u0430\u0432\u0435\u0446 \u0430\u043a\u043a\u0443\u043c\u0443\u043b\u044f\u0442\u043e\u0440\u043e\u0432 | Battery seller","publisher":{"@id":"https:\/\/akum.lv\/#organization"},"potentialAction":[{"@type":"SearchAction","target":{"@type":"EntryPoint","urlTemplate":"https:\/\/akum.lv\/?s={search_term_string}"},"query-input":{"@type":"PropertyValueSpecification","valueRequired":true,"valueName":"search_term_string"}}],"inLanguage":"ru-RU"},{"@type":"Organization","@id":"https:\/\/akum.lv\/#organization","name":"HubEnergy","url":"https:\/\/akum.lv\/","logo":{"@type":"ImageObject","inLanguage":"ru-RU","@id":"https:\/\/akum.lv\/#\/schema\/logo\/image\/","url":"https:\/\/akum.lv\/wp-content\/uploads\/2018\/08\/Logo-hub-energy-2018-seller-dark-blue.png","contentUrl":"https:\/\/akum.lv\/wp-content\/uploads\/2018\/08\/Logo-hub-energy-2018-seller-dark-blue.png","width":381,"height":75,"caption":"HubEnergy"},"image":{"@id":"https:\/\/akum.lv\/#\/schema\/logo\/image\/"}}]}},"brands":[{"id":332,"name":"NOCO Genius","slug":"noco-genius-ru"}],"_links":{"self":[{"href":"https:\/\/akum.lv\/ru\/wp-json\/wp\/v2\/product\/11175","targetHints":{"allow":["GET"]}}],"collection":[{"href":"https:\/\/akum.lv\/ru\/wp-json\/wp\/v2\/product"}],"about":[{"href":"https:\/\/akum.lv\/ru\/wp-json\/wp\/v2\/types\/product"}],"wp:featuredmedia":[{"embeddable":true,"href":"https:\/\/akum.lv\/ru\/wp-json\/wp\/v2\/media\/5396"}],"wp:attachment":[{"href":"https:\/\/akum.lv\/ru\/wp-json\/wp\/v2\/media?parent=11175"}],"wp:term":[{"taxonomy":"pwb-brand","embeddable":true,"href":"https:\/\/akum.lv\/ru\/wp-json\/wp\/v2\/pwb-brand?post=11175"},{"taxonomy":"product_brand","embeddable":true,"href":"https:\/\/akum.lv\/ru\/wp-json\/wp\/v2\/product_brand?post=11175"},{"taxonomy":"product_cat","embeddable":true,"href":"https:\/\/akum.lv\/ru\/wp-json\/wp\/v2\/product_cat?post=11175"},{"taxonomy":"product_tag","embeddable":true,"href":"https:\/\/akum.lv\/ru\/wp-json\/wp\/v2\/product_tag?post=11175"}],"curies":[{"name":"wp","href":"https:\/\/api.w.org\/{rel}","templated":true}]}}