{"id":11116,"date":"2021-10-20T17:37:45","date_gmt":"2021-10-20T17:37:45","guid":{"rendered":"https:\/\/akum.lv\/?post_type=product&#038;p=11116"},"modified":"2025-10-15T09:19:26","modified_gmt":"2025-10-15T09:19:26","slug":"exide-premium-ea640-12v-64ah-en-640a-l242-w175-h190-akumulators-kopirovat","status":"publish","type":"product","link":"https:\/\/akum.lv\/ru\/prece\/exide-premium-ea640-12v-64ah-en-640a-l242-w175-h190-akumulators-kopirovat\/","title":{"rendered":"EXIDE PREMIUM-EA640 12V-64Ah \/ EN 640A \/ L242 \/ W175 \/ H190 Akumulators (-\/+)"},"content":{"rendered":"","protected":false},"excerpt":{"rendered":"<p>EXIDE PREMIUM-EA640 12V-64Ah \/ EN 640A \/ L242 \/ W175 \/ H190 Akumulators (-\/+)<\/p>\n<p><strong><img loading=\"lazy\" decoding=\"async\" class=\"alignnone size-full wp-image-11436\" src=\"https:\/\/akum.lv\/wp-content\/uploads\/2021\/12\/pdf-icon.png\" alt=\"\" width=\"50\" height=\"50\" \/>\u00a0\u2013 <a href=\"https:\/\/akum.lv\/wp-content\/uploads\/2019\/02\/EXIDE-Light-Vehicle_Battery-Solutions.pdf\">EXIDE Light Vehicle_Battery Solutions<\/a><\/strong><\/p>\n<p><img loading=\"lazy\" decoding=\"async\" class=\"alignnone size-full wp-image-11436\" src=\"https:\/\/akum.lv\/wp-content\/uploads\/2021\/12\/pdf-icon.png\" alt=\"\" width=\"50\" height=\"50\" \/><strong> &#8212; <a href=\"https:\/\/akum.lv\/wp-content\/uploads\/2021\/10\/EXIDE-EA640.pdf\">EXIDE EA640<\/a><\/strong><\/p>\n<p>Garantija 24 m\u0113ne\u0161i; Garantija 24 m\u0113ne\u0161i<\/p>\n<p>M\u0113s garant\u0113jam, ka pie mums ieg\u0101d\u0101tais akumulators ir jauns un piln\u012bb\u0101 gatavs lieto\u0161anai!<br \/>\nPirms nodo\u0161anas pirc\u0113jam tiek veikts demonstr\u0101cijas tests!<br \/>\n\u041c\u044b \u0433\u0430\u0440\u0430\u043d\u0442\u0438\u0440\u0443\u0435\u043c, \u0447\u0442\u043e \u043a\u0443\u043f\u043b\u0435\u043d\u043d\u044b\u0439 \u0443 \u043d\u0430\u0441 \u0430\u043a\u043a\u0443\u043c\u0443\u043b\u044f\u0442\u043e\u0440 \u043d\u043e\u0432\u044b\u0439 \u0438 \u043f\u043e\u043b\u043d\u043e\u0441\u0442\u044c\u044e \u0433\u043e\u0442\u043e\u0432 \u043a \u044d\u043a\u0441\u043f\u043b\u0443\u0430\u0442\u0430\u0446\u0438\u0438!<br \/>\n\u041f\u0435\u0440\u0435\u0434 \u043f\u0435\u0440\u0435\u0434\u0430\u0447\u0435\u0439 \u043f\u043e\u043a\u0443\u043f\u0430\u0442\u0435\u043b\u044e \u043f\u0440\u043e\u0432\u043e\u0434\u0438\u0442\u0441\u044f \u0434\u0435\u043c\u043e\u043d\u0441\u0442\u0440\u0430\u0446\u0438\u043e\u043d\u043d\u044b\u0439 \u0442\u0435\u0441\u0442!<\/p>\n","protected":false},"featured_media":17926,"template":"","meta":[],"pwb-brand":[338],"product_brand":[],"product_cat":[300,312],"product_tag":[],"class_list":{"0":"post-11116","1":"product","2":"type-product","3":"status-publish","4":"has-post-thumbnail","6":"pwb-brand-exide-technologies-ru","7":"product_cat-akkumuljatory-starternye","8":"product_cat-startera-akumulatori-vieglajiem-automobiliem","9":"pif-has-gallery","11":"first","12":"instock","13":"taxable","14":"shipping-taxable","15":"purchasable","16":"product-type-simple"},"yoast_head":"<!-- This site is optimized with the Yoast SEO plugin v26.7 - https:\/\/yoast.com\/wordpress\/plugins\/seo\/ -->\n<title>EXIDE PREMIUM-EA640 12V-64Ah \/ EN 640A \/ L242 \/ W175 \/ H190 Akumulators (-\/+) - www.akum.lv<\/title>\n<meta name=\"robots\" content=\"index, follow, max-snippet:-1, max-image-preview:large, max-video-preview:-1\" \/>\n<link rel=\"canonical\" href=\"https:\/\/akum.lv\/ru\/prece\/exide-premium-ea640-12v-64ah-en-640a-l242-w175-h190-akumulators-kopirovat\/\" \/>\n<meta property=\"og:locale\" content=\"ru_RU\" \/>\n<meta property=\"og:type\" content=\"article\" \/>\n<meta property=\"og:title\" content=\"EXIDE PREMIUM-EA640 12V-64Ah \/ EN 640A \/ L242 \/ W175 \/ H190 Akumulators (-\/+) - www.akum.lv\" \/>\n<meta property=\"og:description\" content=\"EXIDE PREMIUM-EA640 12V-64Ah \/ EN 640A \/ L242 \/ W175 \/ H190 Akumulators (-\/+)  \u00a0\u2013 EXIDE Light Vehicle_Battery Solutions   - EXIDE EA640  Garantija 24 m\u0113ne\u0161i; Garantija 24 m\u0113ne\u0161i  M\u0113s garant\u0113jam, ka pie mums ieg\u0101d\u0101tais akumulators ir jauns un piln\u012bb\u0101 gatavs lieto\u0161anai! Pirms nodo\u0161anas pirc\u0113jam tiek veikts demonstr\u0101cijas tests! \u041c\u044b \u0433\u0430\u0440\u0430\u043d\u0442\u0438\u0440\u0443\u0435\u043c, \u0447\u0442\u043e \u043a\u0443\u043f\u043b\u0435\u043d\u043d\u044b\u0439 \u0443 \u043d\u0430\u0441 \u0430\u043a\u043a\u0443\u043c\u0443\u043b\u044f\u0442\u043e\u0440 \u043d\u043e\u0432\u044b\u0439 \u0438 \u043f\u043e\u043b\u043d\u043e\u0441\u0442\u044c\u044e \u0433\u043e\u0442\u043e\u0432 \u043a \u044d\u043a\u0441\u043f\u043b\u0443\u0430\u0442\u0430\u0446\u0438\u0438! \u041f\u0435\u0440\u0435\u0434 \u043f\u0435\u0440\u0435\u0434\u0430\u0447\u0435\u0439 \u043f\u043e\u043a\u0443\u043f\u0430\u0442\u0435\u043b\u044e \u043f\u0440\u043e\u0432\u043e\u0434\u0438\u0442\u0441\u044f \u0434\u0435\u043c\u043e\u043d\u0441\u0442\u0440\u0430\u0446\u0438\u043e\u043d\u043d\u044b\u0439 \u0442\u0435\u0441\u0442!\" \/>\n<meta property=\"og:url\" content=\"https:\/\/akum.lv\/ru\/prece\/exide-premium-ea640-12v-64ah-en-640a-l242-w175-h190-akumulators-kopirovat\/\" \/>\n<meta property=\"og:site_name\" content=\"www.akum.lv\" \/>\n<meta property=\"article:modified_time\" content=\"2025-10-15T09:19:26+00:00\" \/>\n<meta property=\"og:image\" content=\"https:\/\/akum.lv\/wp-content\/uploads\/2021\/10\/exide-ea640.jpg\" \/>\n\t<meta property=\"og:image:width\" content=\"400\" \/>\n\t<meta property=\"og:image:height\" content=\"396\" \/>\n\t<meta property=\"og:image:type\" content=\"image\/jpeg\" \/>\n<meta name=\"twitter:card\" content=\"summary_large_image\" \/>\n<script type=\"application\/ld+json\" class=\"yoast-schema-graph\">{\"@context\":\"https:\/\/schema.org\",\"@graph\":[{\"@type\":\"WebPage\",\"@id\":\"https:\/\/akum.lv\/ru\/prece\/exide-premium-ea640-12v-64ah-en-640a-l242-w175-h190-akumulators-kopirovat\/\",\"url\":\"https:\/\/akum.lv\/ru\/prece\/exide-premium-ea640-12v-64ah-en-640a-l242-w175-h190-akumulators-kopirovat\/\",\"name\":\"EXIDE PREMIUM-EA640 12V-64Ah \/ EN 640A \/ L242 \/ W175 \/ H190 Akumulators (-\/+) - www.akum.lv\",\"isPartOf\":{\"@id\":\"https:\/\/akum.lv\/#website\"},\"primaryImageOfPage\":{\"@id\":\"https:\/\/akum.lv\/ru\/prece\/exide-premium-ea640-12v-64ah-en-640a-l242-w175-h190-akumulators-kopirovat\/#primaryimage\"},\"image\":{\"@id\":\"https:\/\/akum.lv\/ru\/prece\/exide-premium-ea640-12v-64ah-en-640a-l242-w175-h190-akumulators-kopirovat\/#primaryimage\"},\"thumbnailUrl\":\"https:\/\/akum.lv\/wp-content\/uploads\/2021\/10\/exide-ea640.jpg\",\"datePublished\":\"2021-10-20T17:37:45+00:00\",\"dateModified\":\"2025-10-15T09:19:26+00:00\",\"breadcrumb\":{\"@id\":\"https:\/\/akum.lv\/ru\/prece\/exide-premium-ea640-12v-64ah-en-640a-l242-w175-h190-akumulators-kopirovat\/#breadcrumb\"},\"inLanguage\":\"ru-RU\",\"potentialAction\":[{\"@type\":\"ReadAction\",\"target\":[\"https:\/\/akum.lv\/ru\/prece\/exide-premium-ea640-12v-64ah-en-640a-l242-w175-h190-akumulators-kopirovat\/\"]}]},{\"@type\":\"ImageObject\",\"inLanguage\":\"ru-RU\",\"@id\":\"https:\/\/akum.lv\/ru\/prece\/exide-premium-ea640-12v-64ah-en-640a-l242-w175-h190-akumulators-kopirovat\/#primaryimage\",\"url\":\"https:\/\/akum.lv\/wp-content\/uploads\/2021\/10\/exide-ea640.jpg\",\"contentUrl\":\"https:\/\/akum.lv\/wp-content\/uploads\/2021\/10\/exide-ea640.jpg\",\"width\":400,\"height\":396},{\"@type\":\"BreadcrumbList\",\"@id\":\"https:\/\/akum.lv\/ru\/prece\/exide-premium-ea640-12v-64ah-en-640a-l242-w175-h190-akumulators-kopirovat\/#breadcrumb\",\"itemListElement\":[{\"@type\":\"ListItem\",\"position\":1,\"name\":\"\u0413\u043b\u0430\u0432\u043d\u0430\u044f \u0441\u0442\u0440\u0430\u043d\u0438\u0446\u0430\",\"item\":\"https:\/\/akum.lv\/ru\/\"},{\"@type\":\"ListItem\",\"position\":2,\"name\":\"PRECES\",\"item\":\"https:\/\/akum.lv\/produkti-preces\/\"},{\"@type\":\"ListItem\",\"position\":3,\"name\":\"EXIDE PREMIUM-EA640 12V-64Ah \/ EN 640A \/ L242 \/ W175 \/ H190 Akumulators (-\/+)\"}]},{\"@type\":\"WebSite\",\"@id\":\"https:\/\/akum.lv\/#website\",\"url\":\"https:\/\/akum.lv\/\",\"name\":\"www.akum.lv\",\"description\":\"Akumulatoru p\u0101rdev\u0113js | \u041f\u0440\u043e\u0434\u0430\u0432\u0435\u0446 \u0430\u043a\u043a\u0443\u043c\u0443\u043b\u044f\u0442\u043e\u0440\u043e\u0432 | Battery seller\",\"publisher\":{\"@id\":\"https:\/\/akum.lv\/#organization\"},\"potentialAction\":[{\"@type\":\"SearchAction\",\"target\":{\"@type\":\"EntryPoint\",\"urlTemplate\":\"https:\/\/akum.lv\/?s={search_term_string}\"},\"query-input\":{\"@type\":\"PropertyValueSpecification\",\"valueRequired\":true,\"valueName\":\"search_term_string\"}}],\"inLanguage\":\"ru-RU\"},{\"@type\":\"Organization\",\"@id\":\"https:\/\/akum.lv\/#organization\",\"name\":\"HubEnergy\",\"url\":\"https:\/\/akum.lv\/\",\"logo\":{\"@type\":\"ImageObject\",\"inLanguage\":\"ru-RU\",\"@id\":\"https:\/\/akum.lv\/#\/schema\/logo\/image\/\",\"url\":\"https:\/\/akum.lv\/wp-content\/uploads\/2018\/08\/Logo-hub-energy-2018-seller-dark-blue.png\",\"contentUrl\":\"https:\/\/akum.lv\/wp-content\/uploads\/2018\/08\/Logo-hub-energy-2018-seller-dark-blue.png\",\"width\":381,\"height\":75,\"caption\":\"HubEnergy\"},\"image\":{\"@id\":\"https:\/\/akum.lv\/#\/schema\/logo\/image\/\"}}]}<\/script>\n<!-- \/ Yoast SEO plugin. -->","yoast_head_json":{"title":"EXIDE PREMIUM-EA640 12V-64Ah \/ EN 640A \/ L242 \/ W175 \/ H190 Akumulators (-\/+) - www.akum.lv","robots":{"index":"index","follow":"follow","max-snippet":"max-snippet:-1","max-image-preview":"max-image-preview:large","max-video-preview":"max-video-preview:-1"},"canonical":"https:\/\/akum.lv\/ru\/prece\/exide-premium-ea640-12v-64ah-en-640a-l242-w175-h190-akumulators-kopirovat\/","og_locale":"ru_RU","og_type":"article","og_title":"EXIDE PREMIUM-EA640 12V-64Ah \/ EN 640A \/ L242 \/ W175 \/ H190 Akumulators (-\/+) - www.akum.lv","og_description":"EXIDE PREMIUM-EA640 12V-64Ah \/ EN 640A \/ L242 \/ W175 \/ H190 Akumulators (-\/+)  \u00a0\u2013 EXIDE Light Vehicle_Battery Solutions   - EXIDE EA640  Garantija 24 m\u0113ne\u0161i; Garantija 24 m\u0113ne\u0161i  M\u0113s garant\u0113jam, ka pie mums ieg\u0101d\u0101tais akumulators ir jauns un piln\u012bb\u0101 gatavs lieto\u0161anai! Pirms nodo\u0161anas pirc\u0113jam tiek veikts demonstr\u0101cijas tests! \u041c\u044b \u0433\u0430\u0440\u0430\u043d\u0442\u0438\u0440\u0443\u0435\u043c, \u0447\u0442\u043e \u043a\u0443\u043f\u043b\u0435\u043d\u043d\u044b\u0439 \u0443 \u043d\u0430\u0441 \u0430\u043a\u043a\u0443\u043c\u0443\u043b\u044f\u0442\u043e\u0440 \u043d\u043e\u0432\u044b\u0439 \u0438 \u043f\u043e\u043b\u043d\u043e\u0441\u0442\u044c\u044e \u0433\u043e\u0442\u043e\u0432 \u043a \u044d\u043a\u0441\u043f\u043b\u0443\u0430\u0442\u0430\u0446\u0438\u0438! \u041f\u0435\u0440\u0435\u0434 \u043f\u0435\u0440\u0435\u0434\u0430\u0447\u0435\u0439 \u043f\u043e\u043a\u0443\u043f\u0430\u0442\u0435\u043b\u044e \u043f\u0440\u043e\u0432\u043e\u0434\u0438\u0442\u0441\u044f \u0434\u0435\u043c\u043e\u043d\u0441\u0442\u0440\u0430\u0446\u0438\u043e\u043d\u043d\u044b\u0439 \u0442\u0435\u0441\u0442!","og_url":"https:\/\/akum.lv\/ru\/prece\/exide-premium-ea640-12v-64ah-en-640a-l242-w175-h190-akumulators-kopirovat\/","og_site_name":"www.akum.lv","article_modified_time":"2025-10-15T09:19:26+00:00","og_image":[{"width":400,"height":396,"url":"https:\/\/akum.lv\/wp-content\/uploads\/2021\/10\/exide-ea640.jpg","type":"image\/jpeg"}],"twitter_card":"summary_large_image","schema":{"@context":"https:\/\/schema.org","@graph":[{"@type":"WebPage","@id":"https:\/\/akum.lv\/ru\/prece\/exide-premium-ea640-12v-64ah-en-640a-l242-w175-h190-akumulators-kopirovat\/","url":"https:\/\/akum.lv\/ru\/prece\/exide-premium-ea640-12v-64ah-en-640a-l242-w175-h190-akumulators-kopirovat\/","name":"EXIDE PREMIUM-EA640 12V-64Ah \/ EN 640A \/ L242 \/ W175 \/ H190 Akumulators (-\/+) - www.akum.lv","isPartOf":{"@id":"https:\/\/akum.lv\/#website"},"primaryImageOfPage":{"@id":"https:\/\/akum.lv\/ru\/prece\/exide-premium-ea640-12v-64ah-en-640a-l242-w175-h190-akumulators-kopirovat\/#primaryimage"},"image":{"@id":"https:\/\/akum.lv\/ru\/prece\/exide-premium-ea640-12v-64ah-en-640a-l242-w175-h190-akumulators-kopirovat\/#primaryimage"},"thumbnailUrl":"https:\/\/akum.lv\/wp-content\/uploads\/2021\/10\/exide-ea640.jpg","datePublished":"2021-10-20T17:37:45+00:00","dateModified":"2025-10-15T09:19:26+00:00","breadcrumb":{"@id":"https:\/\/akum.lv\/ru\/prece\/exide-premium-ea640-12v-64ah-en-640a-l242-w175-h190-akumulators-kopirovat\/#breadcrumb"},"inLanguage":"ru-RU","potentialAction":[{"@type":"ReadAction","target":["https:\/\/akum.lv\/ru\/prece\/exide-premium-ea640-12v-64ah-en-640a-l242-w175-h190-akumulators-kopirovat\/"]}]},{"@type":"ImageObject","inLanguage":"ru-RU","@id":"https:\/\/akum.lv\/ru\/prece\/exide-premium-ea640-12v-64ah-en-640a-l242-w175-h190-akumulators-kopirovat\/#primaryimage","url":"https:\/\/akum.lv\/wp-content\/uploads\/2021\/10\/exide-ea640.jpg","contentUrl":"https:\/\/akum.lv\/wp-content\/uploads\/2021\/10\/exide-ea640.jpg","width":400,"height":396},{"@type":"BreadcrumbList","@id":"https:\/\/akum.lv\/ru\/prece\/exide-premium-ea640-12v-64ah-en-640a-l242-w175-h190-akumulators-kopirovat\/#breadcrumb","itemListElement":[{"@type":"ListItem","position":1,"name":"\u0413\u043b\u0430\u0432\u043d\u0430\u044f \u0441\u0442\u0440\u0430\u043d\u0438\u0446\u0430","item":"https:\/\/akum.lv\/ru\/"},{"@type":"ListItem","position":2,"name":"PRECES","item":"https:\/\/akum.lv\/produkti-preces\/"},{"@type":"ListItem","position":3,"name":"EXIDE PREMIUM-EA640 12V-64Ah \/ EN 640A \/ L242 \/ W175 \/ H190 Akumulators (-\/+)"}]},{"@type":"WebSite","@id":"https:\/\/akum.lv\/#website","url":"https:\/\/akum.lv\/","name":"www.akum.lv","description":"Akumulatoru p\u0101rdev\u0113js | \u041f\u0440\u043e\u0434\u0430\u0432\u0435\u0446 \u0430\u043a\u043a\u0443\u043c\u0443\u043b\u044f\u0442\u043e\u0440\u043e\u0432 | Battery seller","publisher":{"@id":"https:\/\/akum.lv\/#organization"},"potentialAction":[{"@type":"SearchAction","target":{"@type":"EntryPoint","urlTemplate":"https:\/\/akum.lv\/?s={search_term_string}"},"query-input":{"@type":"PropertyValueSpecification","valueRequired":true,"valueName":"search_term_string"}}],"inLanguage":"ru-RU"},{"@type":"Organization","@id":"https:\/\/akum.lv\/#organization","name":"HubEnergy","url":"https:\/\/akum.lv\/","logo":{"@type":"ImageObject","inLanguage":"ru-RU","@id":"https:\/\/akum.lv\/#\/schema\/logo\/image\/","url":"https:\/\/akum.lv\/wp-content\/uploads\/2018\/08\/Logo-hub-energy-2018-seller-dark-blue.png","contentUrl":"https:\/\/akum.lv\/wp-content\/uploads\/2018\/08\/Logo-hub-energy-2018-seller-dark-blue.png","width":381,"height":75,"caption":"HubEnergy"},"image":{"@id":"https:\/\/akum.lv\/#\/schema\/logo\/image\/"}}]}},"brands":[{"id":338,"name":"EXIDE TECHNOLOGIES","slug":"exide-technologies-ru"}],"_links":{"self":[{"href":"https:\/\/akum.lv\/ru\/wp-json\/wp\/v2\/product\/11116","targetHints":{"allow":["GET"]}}],"collection":[{"href":"https:\/\/akum.lv\/ru\/wp-json\/wp\/v2\/product"}],"about":[{"href":"https:\/\/akum.lv\/ru\/wp-json\/wp\/v2\/types\/product"}],"wp:featuredmedia":[{"embeddable":true,"href":"https:\/\/akum.lv\/ru\/wp-json\/wp\/v2\/media\/17926"}],"wp:attachment":[{"href":"https:\/\/akum.lv\/ru\/wp-json\/wp\/v2\/media?parent=11116"}],"wp:term":[{"taxonomy":"pwb-brand","embeddable":true,"href":"https:\/\/akum.lv\/ru\/wp-json\/wp\/v2\/pwb-brand?post=11116"},{"taxonomy":"product_brand","embeddable":true,"href":"https:\/\/akum.lv\/ru\/wp-json\/wp\/v2\/product_brand?post=11116"},{"taxonomy":"product_cat","embeddable":true,"href":"https:\/\/akum.lv\/ru\/wp-json\/wp\/v2\/product_cat?post=11116"},{"taxonomy":"product_tag","embeddable":true,"href":"https:\/\/akum.lv\/ru\/wp-json\/wp\/v2\/product_tag?post=11116"}],"curies":[{"name":"wp","href":"https:\/\/api.w.org\/{rel}","templated":true}]}}