{"id":10948,"date":"2021-10-05T13:32:42","date_gmt":"2021-10-05T13:32:42","guid":{"rendered":"https:\/\/akum.lv\/?post_type=product&#038;p=10948"},"modified":"2023-01-18T10:53:36","modified_gmt":"2023-01-18T10:53:36","slug":"sonnenschein-a600-2","status":"publish","type":"product","link":"https:\/\/akum.lv\/ru\/prece\/sonnenschein-a600-2\/","title":{"rendered":"Sonnenschein A600"},"content":{"rendered":"","protected":false},"excerpt":{"rendered":"<p>Sonnenschein A600<\/p>\n<p><strong><img loading=\"lazy\" decoding=\"async\" class=\"alignnone size-full wp-image-11436\" src=\"https:\/\/akum.lv\/wp-content\/uploads\/2021\/12\/pdf-icon.png\" alt=\"\" width=\"50\" height=\"50\" \/>\u00a0\u2013 <a href=\"https:\/\/akum.lv\/wp-content\/uploads\/2021\/10\/GNB_Sonnenschein_A600_en_web.pdf\">GNB_Sonnenschein_A600_en_web<\/a><\/strong><\/p>\n<p>Industrial Batteries \/ Network Power<\/p>\n<p>Lai ieg\u016btu papildinform\u0101ciju, sazinieties ar savu GNB Industrial Power (EXIDE &amp; SONNENSCHEIN) tirdzniec\u012bbas p\u0101rst\u0101vi.<\/p>\n<p>SIA ,,HUB ENERGY,, \u2013 oficialais izplat\u012bt\u0101js Latvij\u0101 ,,GNB Industrial Power EXIDE &amp; SONNENSCHEIN,,<br \/>\nSIA ,,HUB ENERGY,, \u2013 \u0434\u0438\u0441\u0442\u0440\u0438\u0431\u044c\u044e\u0442\u043e\u0440 \u0431\u0430\u0442\u0430\u0440\u0435\u0439 ,,GNB Industrial Power EXIDE &amp; SONNENSCHEIN,, \u0432 \u041b\u0430\u0442\u0432\u0438\u0438<br \/>\nSIA ,,HUB ENERGY,, \u2013 official distributor of batteries ,,GNB Industrial Power EXIDE &amp; SONNENSCHEIN,, in Latvia<\/p>\n","protected":false},"featured_media":10930,"template":"","meta":[],"pwb-brand":[338],"product_brand":[],"product_cat":[716,319,379,719,547,545],"product_tag":[],"class_list":{"0":"post-10948","1":"product","2":"type-product","3":"status-publish","4":"has-post-thumbnail","6":"pwb-brand-exide-technologies-ru","7":"product_cat-sonnenschein-a600","8":"product_cat-akb-ups-telecom","9":"product_cat-akkumuljatory-tehnologii-gel","10":"product_cat-2v-gel-batteries-ru","11":"product_cat-12v-gel-ru","12":"product_cat-6v-gel-ru","13":"pif-has-gallery","15":"first","16":"instock","17":"featured","18":"taxable","19":"shipping-taxable","20":"product-type-simple"},"yoast_head":"<!-- This site is optimized with the Yoast SEO plugin v26.7 - https:\/\/yoast.com\/wordpress\/plugins\/seo\/ -->\n<title>Sonnenschein A600 - www.akum.lv<\/title>\n<meta name=\"robots\" content=\"index, follow, max-snippet:-1, max-image-preview:large, max-video-preview:-1\" \/>\n<link rel=\"canonical\" href=\"https:\/\/akum.lv\/ru\/prece\/sonnenschein-a600-2\/\" \/>\n<meta property=\"og:locale\" content=\"ru_RU\" \/>\n<meta property=\"og:type\" content=\"article\" \/>\n<meta property=\"og:title\" content=\"Sonnenschein A600 - www.akum.lv\" \/>\n<meta property=\"og:description\" content=\"Sonnenschein A600  \u00a0\u2013 GNB_Sonnenschein_A600_en_web  Industrial Batteries \/ Network Power  Lai ieg\u016btu papildinform\u0101ciju, sazinieties ar savu GNB Industrial Power (EXIDE &amp; SONNENSCHEIN) tirdzniec\u012bbas p\u0101rst\u0101vi.  SIA ,,HUB ENERGY,, \u2013 oficialais izplat\u012bt\u0101js Latvij\u0101 ,,GNB Industrial Power EXIDE &amp; SONNENSCHEIN,, SIA ,,HUB ENERGY,, \u2013 \u0434\u0438\u0441\u0442\u0440\u0438\u0431\u044c\u044e\u0442\u043e\u0440 \u0431\u0430\u0442\u0430\u0440\u0435\u0439 ,,GNB Industrial Power EXIDE &amp; SONNENSCHEIN,, \u0432 \u041b\u0430\u0442\u0432\u0438\u0438 SIA ,,HUB ENERGY,, \u2013 official distributor of batteries ,,GNB Industrial Power EXIDE &amp; SONNENSCHEIN,, in Latvia\" \/>\n<meta property=\"og:url\" content=\"https:\/\/akum.lv\/ru\/prece\/sonnenschein-a600-2\/\" \/>\n<meta property=\"og:site_name\" content=\"www.akum.lv\" \/>\n<meta property=\"article:modified_time\" content=\"2023-01-18T10:53:36+00:00\" \/>\n<meta property=\"og:image\" content=\"https:\/\/akum.lv\/wp-content\/uploads\/2021\/10\/A600.jpg\" \/>\n\t<meta property=\"og:image:width\" content=\"291\" \/>\n\t<meta property=\"og:image:height\" content=\"594\" \/>\n\t<meta property=\"og:image:type\" content=\"image\/jpeg\" \/>\n<meta name=\"twitter:card\" content=\"summary_large_image\" \/>\n<script type=\"application\/ld+json\" class=\"yoast-schema-graph\">{\"@context\":\"https:\/\/schema.org\",\"@graph\":[{\"@type\":\"WebPage\",\"@id\":\"https:\/\/akum.lv\/ru\/prece\/sonnenschein-a600-2\/\",\"url\":\"https:\/\/akum.lv\/ru\/prece\/sonnenschein-a600-2\/\",\"name\":\"Sonnenschein A600 - www.akum.lv\",\"isPartOf\":{\"@id\":\"https:\/\/akum.lv\/#website\"},\"primaryImageOfPage\":{\"@id\":\"https:\/\/akum.lv\/ru\/prece\/sonnenschein-a600-2\/#primaryimage\"},\"image\":{\"@id\":\"https:\/\/akum.lv\/ru\/prece\/sonnenschein-a600-2\/#primaryimage\"},\"thumbnailUrl\":\"https:\/\/akum.lv\/wp-content\/uploads\/2021\/10\/A600.jpg\",\"datePublished\":\"2021-10-05T13:32:42+00:00\",\"dateModified\":\"2023-01-18T10:53:36+00:00\",\"breadcrumb\":{\"@id\":\"https:\/\/akum.lv\/ru\/prece\/sonnenschein-a600-2\/#breadcrumb\"},\"inLanguage\":\"ru-RU\",\"potentialAction\":[{\"@type\":\"ReadAction\",\"target\":[\"https:\/\/akum.lv\/ru\/prece\/sonnenschein-a600-2\/\"]}]},{\"@type\":\"ImageObject\",\"inLanguage\":\"ru-RU\",\"@id\":\"https:\/\/akum.lv\/ru\/prece\/sonnenschein-a600-2\/#primaryimage\",\"url\":\"https:\/\/akum.lv\/wp-content\/uploads\/2021\/10\/A600.jpg\",\"contentUrl\":\"https:\/\/akum.lv\/wp-content\/uploads\/2021\/10\/A600.jpg\",\"width\":291,\"height\":594},{\"@type\":\"BreadcrumbList\",\"@id\":\"https:\/\/akum.lv\/ru\/prece\/sonnenschein-a600-2\/#breadcrumb\",\"itemListElement\":[{\"@type\":\"ListItem\",\"position\":1,\"name\":\"\u0413\u043b\u0430\u0432\u043d\u0430\u044f \u0441\u0442\u0440\u0430\u043d\u0438\u0446\u0430\",\"item\":\"https:\/\/akum.lv\/ru\/\"},{\"@type\":\"ListItem\",\"position\":2,\"name\":\"PRECES\",\"item\":\"https:\/\/akum.lv\/produkti-preces\/\"},{\"@type\":\"ListItem\",\"position\":3,\"name\":\"Sonnenschein A600\"}]},{\"@type\":\"WebSite\",\"@id\":\"https:\/\/akum.lv\/#website\",\"url\":\"https:\/\/akum.lv\/\",\"name\":\"www.akum.lv\",\"description\":\"Akumulatoru p\u0101rdev\u0113js | \u041f\u0440\u043e\u0434\u0430\u0432\u0435\u0446 \u0430\u043a\u043a\u0443\u043c\u0443\u043b\u044f\u0442\u043e\u0440\u043e\u0432 | Battery seller\",\"publisher\":{\"@id\":\"https:\/\/akum.lv\/#organization\"},\"potentialAction\":[{\"@type\":\"SearchAction\",\"target\":{\"@type\":\"EntryPoint\",\"urlTemplate\":\"https:\/\/akum.lv\/?s={search_term_string}\"},\"query-input\":{\"@type\":\"PropertyValueSpecification\",\"valueRequired\":true,\"valueName\":\"search_term_string\"}}],\"inLanguage\":\"ru-RU\"},{\"@type\":\"Organization\",\"@id\":\"https:\/\/akum.lv\/#organization\",\"name\":\"HubEnergy\",\"url\":\"https:\/\/akum.lv\/\",\"logo\":{\"@type\":\"ImageObject\",\"inLanguage\":\"ru-RU\",\"@id\":\"https:\/\/akum.lv\/#\/schema\/logo\/image\/\",\"url\":\"https:\/\/akum.lv\/wp-content\/uploads\/2018\/08\/Logo-hub-energy-2018-seller-dark-blue.png\",\"contentUrl\":\"https:\/\/akum.lv\/wp-content\/uploads\/2018\/08\/Logo-hub-energy-2018-seller-dark-blue.png\",\"width\":381,\"height\":75,\"caption\":\"HubEnergy\"},\"image\":{\"@id\":\"https:\/\/akum.lv\/#\/schema\/logo\/image\/\"}}]}<\/script>\n<!-- \/ Yoast SEO plugin. -->","yoast_head_json":{"title":"Sonnenschein A600 - www.akum.lv","robots":{"index":"index","follow":"follow","max-snippet":"max-snippet:-1","max-image-preview":"max-image-preview:large","max-video-preview":"max-video-preview:-1"},"canonical":"https:\/\/akum.lv\/ru\/prece\/sonnenschein-a600-2\/","og_locale":"ru_RU","og_type":"article","og_title":"Sonnenschein A600 - www.akum.lv","og_description":"Sonnenschein A600  \u00a0\u2013 GNB_Sonnenschein_A600_en_web  Industrial Batteries \/ Network Power  Lai ieg\u016btu papildinform\u0101ciju, sazinieties ar savu GNB Industrial Power (EXIDE &amp; SONNENSCHEIN) tirdzniec\u012bbas p\u0101rst\u0101vi.  SIA ,,HUB ENERGY,, \u2013 oficialais izplat\u012bt\u0101js Latvij\u0101 ,,GNB Industrial Power EXIDE &amp; SONNENSCHEIN,, SIA ,,HUB ENERGY,, \u2013 \u0434\u0438\u0441\u0442\u0440\u0438\u0431\u044c\u044e\u0442\u043e\u0440 \u0431\u0430\u0442\u0430\u0440\u0435\u0439 ,,GNB Industrial Power EXIDE &amp; SONNENSCHEIN,, \u0432 \u041b\u0430\u0442\u0432\u0438\u0438 SIA ,,HUB ENERGY,, \u2013 official distributor of batteries ,,GNB Industrial Power EXIDE &amp; SONNENSCHEIN,, in Latvia","og_url":"https:\/\/akum.lv\/ru\/prece\/sonnenschein-a600-2\/","og_site_name":"www.akum.lv","article_modified_time":"2023-01-18T10:53:36+00:00","og_image":[{"width":291,"height":594,"url":"https:\/\/akum.lv\/wp-content\/uploads\/2021\/10\/A600.jpg","type":"image\/jpeg"}],"twitter_card":"summary_large_image","schema":{"@context":"https:\/\/schema.org","@graph":[{"@type":"WebPage","@id":"https:\/\/akum.lv\/ru\/prece\/sonnenschein-a600-2\/","url":"https:\/\/akum.lv\/ru\/prece\/sonnenschein-a600-2\/","name":"Sonnenschein A600 - www.akum.lv","isPartOf":{"@id":"https:\/\/akum.lv\/#website"},"primaryImageOfPage":{"@id":"https:\/\/akum.lv\/ru\/prece\/sonnenschein-a600-2\/#primaryimage"},"image":{"@id":"https:\/\/akum.lv\/ru\/prece\/sonnenschein-a600-2\/#primaryimage"},"thumbnailUrl":"https:\/\/akum.lv\/wp-content\/uploads\/2021\/10\/A600.jpg","datePublished":"2021-10-05T13:32:42+00:00","dateModified":"2023-01-18T10:53:36+00:00","breadcrumb":{"@id":"https:\/\/akum.lv\/ru\/prece\/sonnenschein-a600-2\/#breadcrumb"},"inLanguage":"ru-RU","potentialAction":[{"@type":"ReadAction","target":["https:\/\/akum.lv\/ru\/prece\/sonnenschein-a600-2\/"]}]},{"@type":"ImageObject","inLanguage":"ru-RU","@id":"https:\/\/akum.lv\/ru\/prece\/sonnenschein-a600-2\/#primaryimage","url":"https:\/\/akum.lv\/wp-content\/uploads\/2021\/10\/A600.jpg","contentUrl":"https:\/\/akum.lv\/wp-content\/uploads\/2021\/10\/A600.jpg","width":291,"height":594},{"@type":"BreadcrumbList","@id":"https:\/\/akum.lv\/ru\/prece\/sonnenschein-a600-2\/#breadcrumb","itemListElement":[{"@type":"ListItem","position":1,"name":"\u0413\u043b\u0430\u0432\u043d\u0430\u044f \u0441\u0442\u0440\u0430\u043d\u0438\u0446\u0430","item":"https:\/\/akum.lv\/ru\/"},{"@type":"ListItem","position":2,"name":"PRECES","item":"https:\/\/akum.lv\/produkti-preces\/"},{"@type":"ListItem","position":3,"name":"Sonnenschein A600"}]},{"@type":"WebSite","@id":"https:\/\/akum.lv\/#website","url":"https:\/\/akum.lv\/","name":"www.akum.lv","description":"Akumulatoru p\u0101rdev\u0113js | \u041f\u0440\u043e\u0434\u0430\u0432\u0435\u0446 \u0430\u043a\u043a\u0443\u043c\u0443\u043b\u044f\u0442\u043e\u0440\u043e\u0432 | Battery seller","publisher":{"@id":"https:\/\/akum.lv\/#organization"},"potentialAction":[{"@type":"SearchAction","target":{"@type":"EntryPoint","urlTemplate":"https:\/\/akum.lv\/?s={search_term_string}"},"query-input":{"@type":"PropertyValueSpecification","valueRequired":true,"valueName":"search_term_string"}}],"inLanguage":"ru-RU"},{"@type":"Organization","@id":"https:\/\/akum.lv\/#organization","name":"HubEnergy","url":"https:\/\/akum.lv\/","logo":{"@type":"ImageObject","inLanguage":"ru-RU","@id":"https:\/\/akum.lv\/#\/schema\/logo\/image\/","url":"https:\/\/akum.lv\/wp-content\/uploads\/2018\/08\/Logo-hub-energy-2018-seller-dark-blue.png","contentUrl":"https:\/\/akum.lv\/wp-content\/uploads\/2018\/08\/Logo-hub-energy-2018-seller-dark-blue.png","width":381,"height":75,"caption":"HubEnergy"},"image":{"@id":"https:\/\/akum.lv\/#\/schema\/logo\/image\/"}}]}},"brands":[{"id":338,"name":"EXIDE TECHNOLOGIES","slug":"exide-technologies-ru"}],"_links":{"self":[{"href":"https:\/\/akum.lv\/ru\/wp-json\/wp\/v2\/product\/10948","targetHints":{"allow":["GET"]}}],"collection":[{"href":"https:\/\/akum.lv\/ru\/wp-json\/wp\/v2\/product"}],"about":[{"href":"https:\/\/akum.lv\/ru\/wp-json\/wp\/v2\/types\/product"}],"wp:featuredmedia":[{"embeddable":true,"href":"https:\/\/akum.lv\/ru\/wp-json\/wp\/v2\/media\/10930"}],"wp:attachment":[{"href":"https:\/\/akum.lv\/ru\/wp-json\/wp\/v2\/media?parent=10948"}],"wp:term":[{"taxonomy":"pwb-brand","embeddable":true,"href":"https:\/\/akum.lv\/ru\/wp-json\/wp\/v2\/pwb-brand?post=10948"},{"taxonomy":"product_brand","embeddable":true,"href":"https:\/\/akum.lv\/ru\/wp-json\/wp\/v2\/product_brand?post=10948"},{"taxonomy":"product_cat","embeddable":true,"href":"https:\/\/akum.lv\/ru\/wp-json\/wp\/v2\/product_cat?post=10948"},{"taxonomy":"product_tag","embeddable":true,"href":"https:\/\/akum.lv\/ru\/wp-json\/wp\/v2\/product_tag?post=10948"}],"curies":[{"name":"wp","href":"https:\/\/api.w.org\/{rel}","templated":true}]}}