{"id":10865,"date":"2021-09-30T10:10:09","date_gmt":"2021-09-30T10:10:09","guid":{"rendered":"https:\/\/akum.lv\/product\/lester-electrical-summit-series-ii-24v-36v-40a-1425w-industrial-charger-bluetooth\/"},"modified":"2024-12-04T11:01:20","modified_gmt":"2024-12-04T11:01:20","slug":"lester-electrical-summit-series-ii-24v-36v-40a-1425w-industrial-charger-bluetooth","status":"publish","type":"product","link":"https:\/\/akum.lv\/ru\/prece\/lester-electrical-summit-series-ii-24v-36v-40a-1425w-industrial-charger-bluetooth\/","title":{"rendered":"\u0421harger for LiFePO4 Lester Electrical Summit Series II 24V \/ 36V 40A, 1425W, industrial charger, Bluetooth"},"content":{"rendered":"","protected":false},"excerpt":{"rendered":"<p>Lester Electrical Summit Series II industrial charger 1425W for 24V \/ 36V 40A with Bluetooth without battery connector<\/p>\n<p><img loading=\"lazy\" decoding=\"async\" class=\"alignnone size-full wp-image-11436\" src=\"https:\/\/akum.lv\/wp-content\/uploads\/2021\/12\/pdf-icon.png\" alt=\"\" width=\"50\" height=\"50\" \/> <strong>&#8212; <a href=\"https:\/\/akum.lv\/wp-content\/uploads\/2021\/09\/lester_summit-series-ii_1425w_v2_data-sheet.pdf\">Lester_Summit Series II_1425W_V2_DATA SHEET<\/a><\/strong><\/p>\n<p><span style=\"color: #ff0000;\"><strong>\u0421harger for LiFePO4 batteries 24V \/ 36V 40A<\/strong><\/span><\/p>\n<p>Borta l\u0101d\u0113t\u0101js 24V un 36V Svina-Sk\u0101be un litija LiFePO4 baterij\u0101m<\/p>\n<p>Ieb\u016bv\u0113ts augsta kvalit\u0101te l\u0101d\u0113t\u0101js ir ide\u0101li piem\u0113rots pras\u012bgiem lietojumiem r\u016bpnieciskos transportl\u012bdzek\u013cos, t\u012br\u012b\u0161anas ma\u0161\u012bn\u0101s un golfa rati\u0146os. Izmantojot viedt\u0101lru\u0146u un plan\u0161etdatoru Bluetooth saskarni, varat konfigur\u0113t l\u0101d\u0113t\u0101ju un uzraudz\u012bt uzl\u0101des statusu. J\u016bs varat lejupiel\u0101d\u0113t uzl\u0101des v\u0113sturi sav\u0101 mobilaj\u0101 t\u0101lrun\u012b vai plan\u0161etdator\u0101 vai saglab\u0101t to m\u0101kon\u012b, lai tai var\u0113tu piek\u013c\u016bt jebkur\u0101 laik\u0101 neatkar\u012bgi no atra\u0161an\u0101s vietas.<\/p>\n<p>Akumulatora l\u0101d\u0113t\u0101ju var iestat\u012bt uz 24V, 36V &#8212; svina un litija baterij\u0101m<\/p>\n<p>Raksturojums:<br \/>\nvar izmantot ekstrem\u0101l\u0101kaj\u0101s vid\u0113s<br \/>\npiem\u0113rots lieto\u0161anai uz ku\u0123a (mont\u0101\u017eas atveres)<br \/>\nUzl\u0101des statusa displejs, izmantojot daudzkr\u0101sainu LED<br \/>\nIntegr\u0113ts Bluetooth mobilajiem t\u0101lru\u0146iem un plan\u0161etdatoriem<br \/>\nautom\u0101tiska zemsprieguma uzl\u0101de apkopes re\u017e\u012bm\u0101<br \/>\nIzol\u0101cijas klase: IP66<\/p>\n","protected":false},"featured_media":10857,"template":"","meta":[],"pwb-brand":[],"product_brand":[],"product_cat":[685],"product_tag":[],"class_list":{"0":"post-10865","1":"product","2":"type-product","3":"status-publish","4":"has-post-thumbnail","6":"product_cat-promyshlennye-zarjadnye-ustrojstva-dlja-jelektropogruzchikov-ru","7":"pif-has-gallery","9":"first","10":"instock","11":"taxable","12":"shipping-taxable","13":"purchasable","14":"product-type-simple"},"yoast_head":"<!-- This site is optimized with the Yoast SEO plugin v26.7 - https:\/\/yoast.com\/wordpress\/plugins\/seo\/ -->\n<title>\u0421harger for LiFePO4 Lester Electrical Summit Series II 24V \/ 36V 40A, 1425W, industrial charger, Bluetooth - www.akum.lv<\/title>\n<meta name=\"robots\" content=\"index, follow, max-snippet:-1, max-image-preview:large, max-video-preview:-1\" \/>\n<link rel=\"canonical\" href=\"https:\/\/akum.lv\/ru\/prece\/lester-electrical-summit-series-ii-24v-36v-40a-1425w-industrial-charger-bluetooth\/\" \/>\n<meta property=\"og:locale\" content=\"ru_RU\" \/>\n<meta property=\"og:type\" content=\"article\" \/>\n<meta property=\"og:title\" content=\"\u0421harger for LiFePO4 Lester Electrical Summit Series II 24V \/ 36V 40A, 1425W, industrial charger, Bluetooth - www.akum.lv\" \/>\n<meta property=\"og:description\" content=\"Lester Electrical Summit Series II industrial charger 1425W for 24V \/ 36V 40A with Bluetooth without battery connector   - Lester_Summit Series II_1425W_V2_DATA SHEET  \u0421harger for LiFePO4 batteries 24V \/ 36V 40A  Borta l\u0101d\u0113t\u0101js 24V un 36V Svina-Sk\u0101be un litija LiFePO4 baterij\u0101m  Ieb\u016bv\u0113ts augsta kvalit\u0101te l\u0101d\u0113t\u0101js ir ide\u0101li piem\u0113rots pras\u012bgiem lietojumiem r\u016bpnieciskos transportl\u012bdzek\u013cos, t\u012br\u012b\u0161anas ma\u0161\u012bn\u0101s un golfa rati\u0146os. Izmantojot viedt\u0101lru\u0146u un plan\u0161etdatoru Bluetooth saskarni, varat konfigur\u0113t l\u0101d\u0113t\u0101ju un uzraudz\u012bt uzl\u0101des statusu. J\u016bs varat lejupiel\u0101d\u0113t uzl\u0101des v\u0113sturi sav\u0101 mobilaj\u0101 t\u0101lrun\u012b vai plan\u0161etdator\u0101 vai saglab\u0101t to m\u0101kon\u012b, lai tai var\u0113tu piek\u013c\u016bt jebkur\u0101 laik\u0101 neatkar\u012bgi no atra\u0161an\u0101s vietas.  Akumulatora l\u0101d\u0113t\u0101ju var iestat\u012bt uz 24V, 36V - svina un litija baterij\u0101m  Raksturojums: var izmantot ekstrem\u0101l\u0101kaj\u0101s vid\u0113s piem\u0113rots lieto\u0161anai uz ku\u0123a (mont\u0101\u017eas atveres) Uzl\u0101des statusa displejs, izmantojot daudzkr\u0101sainu LED Integr\u0113ts Bluetooth mobilajiem t\u0101lru\u0146iem un plan\u0161etdatoriem autom\u0101tiska zemsprieguma uzl\u0101de apkopes re\u017e\u012bm\u0101 Izol\u0101cijas klase: IP66\" \/>\n<meta property=\"og:url\" content=\"https:\/\/akum.lv\/ru\/prece\/lester-electrical-summit-series-ii-24v-36v-40a-1425w-industrial-charger-bluetooth\/\" \/>\n<meta property=\"og:site_name\" content=\"www.akum.lv\" \/>\n<meta property=\"article:modified_time\" content=\"2024-12-04T11:01:20+00:00\" \/>\n<meta property=\"og:image\" content=\"https:\/\/akum.lv\/wp-content\/uploads\/2021\/09\/Lester-Electrical-1425W-24V-36V-40A-.jpg\" \/>\n\t<meta property=\"og:image:width\" content=\"650\" \/>\n\t<meta property=\"og:image:height\" content=\"436\" \/>\n\t<meta property=\"og:image:type\" content=\"image\/jpeg\" \/>\n<meta name=\"twitter:card\" content=\"summary_large_image\" \/>\n<meta name=\"twitter:label1\" content=\"\u041f\u0440\u0438\u043c\u0435\u0440\u043d\u043e\u0435 \u0432\u0440\u0435\u043c\u044f \u0434\u043b\u044f \u0447\u0442\u0435\u043d\u0438\u044f\" \/>\n\t<meta name=\"twitter:data1\" content=\"1 \u043c\u0438\u043d\u0443\u0442\u0430\" \/>\n<script type=\"application\/ld+json\" class=\"yoast-schema-graph\">{\"@context\":\"https:\/\/schema.org\",\"@graph\":[{\"@type\":\"WebPage\",\"@id\":\"https:\/\/akum.lv\/ru\/prece\/lester-electrical-summit-series-ii-24v-36v-40a-1425w-industrial-charger-bluetooth\/\",\"url\":\"https:\/\/akum.lv\/ru\/prece\/lester-electrical-summit-series-ii-24v-36v-40a-1425w-industrial-charger-bluetooth\/\",\"name\":\"\u0421harger for LiFePO4 Lester Electrical Summit Series II 24V \/ 36V 40A, 1425W, industrial charger, Bluetooth - www.akum.lv\",\"isPartOf\":{\"@id\":\"https:\/\/akum.lv\/#website\"},\"primaryImageOfPage\":{\"@id\":\"https:\/\/akum.lv\/ru\/prece\/lester-electrical-summit-series-ii-24v-36v-40a-1425w-industrial-charger-bluetooth\/#primaryimage\"},\"image\":{\"@id\":\"https:\/\/akum.lv\/ru\/prece\/lester-electrical-summit-series-ii-24v-36v-40a-1425w-industrial-charger-bluetooth\/#primaryimage\"},\"thumbnailUrl\":\"https:\/\/akum.lv\/wp-content\/uploads\/2021\/09\/Lester-Electrical-1425W-24V-36V-40A-.jpg\",\"datePublished\":\"2021-09-30T10:10:09+00:00\",\"dateModified\":\"2024-12-04T11:01:20+00:00\",\"breadcrumb\":{\"@id\":\"https:\/\/akum.lv\/ru\/prece\/lester-electrical-summit-series-ii-24v-36v-40a-1425w-industrial-charger-bluetooth\/#breadcrumb\"},\"inLanguage\":\"ru-RU\",\"potentialAction\":[{\"@type\":\"ReadAction\",\"target\":[\"https:\/\/akum.lv\/ru\/prece\/lester-electrical-summit-series-ii-24v-36v-40a-1425w-industrial-charger-bluetooth\/\"]}]},{\"@type\":\"ImageObject\",\"inLanguage\":\"ru-RU\",\"@id\":\"https:\/\/akum.lv\/ru\/prece\/lester-electrical-summit-series-ii-24v-36v-40a-1425w-industrial-charger-bluetooth\/#primaryimage\",\"url\":\"https:\/\/akum.lv\/wp-content\/uploads\/2021\/09\/Lester-Electrical-1425W-24V-36V-40A-.jpg\",\"contentUrl\":\"https:\/\/akum.lv\/wp-content\/uploads\/2021\/09\/Lester-Electrical-1425W-24V-36V-40A-.jpg\",\"width\":650,\"height\":436},{\"@type\":\"BreadcrumbList\",\"@id\":\"https:\/\/akum.lv\/ru\/prece\/lester-electrical-summit-series-ii-24v-36v-40a-1425w-industrial-charger-bluetooth\/#breadcrumb\",\"itemListElement\":[{\"@type\":\"ListItem\",\"position\":1,\"name\":\"\u0413\u043b\u0430\u0432\u043d\u0430\u044f \u0441\u0442\u0440\u0430\u043d\u0438\u0446\u0430\",\"item\":\"https:\/\/akum.lv\/ru\/\"},{\"@type\":\"ListItem\",\"position\":2,\"name\":\"PRECES\",\"item\":\"https:\/\/akum.lv\/produkti-preces\/\"},{\"@type\":\"ListItem\",\"position\":3,\"name\":\"\u0421harger for LiFePO4 Lester Electrical Summit Series II 24V \/ 36V 40A, 1425W, industrial charger, Bluetooth\"}]},{\"@type\":\"WebSite\",\"@id\":\"https:\/\/akum.lv\/#website\",\"url\":\"https:\/\/akum.lv\/\",\"name\":\"www.akum.lv\",\"description\":\"Akumulatoru p\u0101rdev\u0113js | \u041f\u0440\u043e\u0434\u0430\u0432\u0435\u0446 \u0430\u043a\u043a\u0443\u043c\u0443\u043b\u044f\u0442\u043e\u0440\u043e\u0432 | Battery seller\",\"publisher\":{\"@id\":\"https:\/\/akum.lv\/#organization\"},\"potentialAction\":[{\"@type\":\"SearchAction\",\"target\":{\"@type\":\"EntryPoint\",\"urlTemplate\":\"https:\/\/akum.lv\/?s={search_term_string}\"},\"query-input\":{\"@type\":\"PropertyValueSpecification\",\"valueRequired\":true,\"valueName\":\"search_term_string\"}}],\"inLanguage\":\"ru-RU\"},{\"@type\":\"Organization\",\"@id\":\"https:\/\/akum.lv\/#organization\",\"name\":\"HubEnergy\",\"url\":\"https:\/\/akum.lv\/\",\"logo\":{\"@type\":\"ImageObject\",\"inLanguage\":\"ru-RU\",\"@id\":\"https:\/\/akum.lv\/#\/schema\/logo\/image\/\",\"url\":\"https:\/\/akum.lv\/wp-content\/uploads\/2018\/08\/Logo-hub-energy-2018-seller-dark-blue.png\",\"contentUrl\":\"https:\/\/akum.lv\/wp-content\/uploads\/2018\/08\/Logo-hub-energy-2018-seller-dark-blue.png\",\"width\":381,\"height\":75,\"caption\":\"HubEnergy\"},\"image\":{\"@id\":\"https:\/\/akum.lv\/#\/schema\/logo\/image\/\"}}]}<\/script>\n<!-- \/ Yoast SEO plugin. -->","yoast_head_json":{"title":"\u0421harger for LiFePO4 Lester Electrical Summit Series II 24V \/ 36V 40A, 1425W, industrial charger, Bluetooth - www.akum.lv","robots":{"index":"index","follow":"follow","max-snippet":"max-snippet:-1","max-image-preview":"max-image-preview:large","max-video-preview":"max-video-preview:-1"},"canonical":"https:\/\/akum.lv\/ru\/prece\/lester-electrical-summit-series-ii-24v-36v-40a-1425w-industrial-charger-bluetooth\/","og_locale":"ru_RU","og_type":"article","og_title":"\u0421harger for LiFePO4 Lester Electrical Summit Series II 24V \/ 36V 40A, 1425W, industrial charger, Bluetooth - www.akum.lv","og_description":"Lester Electrical Summit Series II industrial charger 1425W for 24V \/ 36V 40A with Bluetooth without battery connector   - Lester_Summit Series II_1425W_V2_DATA SHEET  \u0421harger for LiFePO4 batteries 24V \/ 36V 40A  Borta l\u0101d\u0113t\u0101js 24V un 36V Svina-Sk\u0101be un litija LiFePO4 baterij\u0101m  Ieb\u016bv\u0113ts augsta kvalit\u0101te l\u0101d\u0113t\u0101js ir ide\u0101li piem\u0113rots pras\u012bgiem lietojumiem r\u016bpnieciskos transportl\u012bdzek\u013cos, t\u012br\u012b\u0161anas ma\u0161\u012bn\u0101s un golfa rati\u0146os. Izmantojot viedt\u0101lru\u0146u un plan\u0161etdatoru Bluetooth saskarni, varat konfigur\u0113t l\u0101d\u0113t\u0101ju un uzraudz\u012bt uzl\u0101des statusu. J\u016bs varat lejupiel\u0101d\u0113t uzl\u0101des v\u0113sturi sav\u0101 mobilaj\u0101 t\u0101lrun\u012b vai plan\u0161etdator\u0101 vai saglab\u0101t to m\u0101kon\u012b, lai tai var\u0113tu piek\u013c\u016bt jebkur\u0101 laik\u0101 neatkar\u012bgi no atra\u0161an\u0101s vietas.  Akumulatora l\u0101d\u0113t\u0101ju var iestat\u012bt uz 24V, 36V - svina un litija baterij\u0101m  Raksturojums: var izmantot ekstrem\u0101l\u0101kaj\u0101s vid\u0113s piem\u0113rots lieto\u0161anai uz ku\u0123a (mont\u0101\u017eas atveres) Uzl\u0101des statusa displejs, izmantojot daudzkr\u0101sainu LED Integr\u0113ts Bluetooth mobilajiem t\u0101lru\u0146iem un plan\u0161etdatoriem autom\u0101tiska zemsprieguma uzl\u0101de apkopes re\u017e\u012bm\u0101 Izol\u0101cijas klase: IP66","og_url":"https:\/\/akum.lv\/ru\/prece\/lester-electrical-summit-series-ii-24v-36v-40a-1425w-industrial-charger-bluetooth\/","og_site_name":"www.akum.lv","article_modified_time":"2024-12-04T11:01:20+00:00","og_image":[{"width":650,"height":436,"url":"https:\/\/akum.lv\/wp-content\/uploads\/2021\/09\/Lester-Electrical-1425W-24V-36V-40A-.jpg","type":"image\/jpeg"}],"twitter_card":"summary_large_image","twitter_misc":{"\u041f\u0440\u0438\u043c\u0435\u0440\u043d\u043e\u0435 \u0432\u0440\u0435\u043c\u044f \u0434\u043b\u044f \u0447\u0442\u0435\u043d\u0438\u044f":"1 \u043c\u0438\u043d\u0443\u0442\u0430"},"schema":{"@context":"https:\/\/schema.org","@graph":[{"@type":"WebPage","@id":"https:\/\/akum.lv\/ru\/prece\/lester-electrical-summit-series-ii-24v-36v-40a-1425w-industrial-charger-bluetooth\/","url":"https:\/\/akum.lv\/ru\/prece\/lester-electrical-summit-series-ii-24v-36v-40a-1425w-industrial-charger-bluetooth\/","name":"\u0421harger for LiFePO4 Lester Electrical Summit Series II 24V \/ 36V 40A, 1425W, industrial charger, Bluetooth - www.akum.lv","isPartOf":{"@id":"https:\/\/akum.lv\/#website"},"primaryImageOfPage":{"@id":"https:\/\/akum.lv\/ru\/prece\/lester-electrical-summit-series-ii-24v-36v-40a-1425w-industrial-charger-bluetooth\/#primaryimage"},"image":{"@id":"https:\/\/akum.lv\/ru\/prece\/lester-electrical-summit-series-ii-24v-36v-40a-1425w-industrial-charger-bluetooth\/#primaryimage"},"thumbnailUrl":"https:\/\/akum.lv\/wp-content\/uploads\/2021\/09\/Lester-Electrical-1425W-24V-36V-40A-.jpg","datePublished":"2021-09-30T10:10:09+00:00","dateModified":"2024-12-04T11:01:20+00:00","breadcrumb":{"@id":"https:\/\/akum.lv\/ru\/prece\/lester-electrical-summit-series-ii-24v-36v-40a-1425w-industrial-charger-bluetooth\/#breadcrumb"},"inLanguage":"ru-RU","potentialAction":[{"@type":"ReadAction","target":["https:\/\/akum.lv\/ru\/prece\/lester-electrical-summit-series-ii-24v-36v-40a-1425w-industrial-charger-bluetooth\/"]}]},{"@type":"ImageObject","inLanguage":"ru-RU","@id":"https:\/\/akum.lv\/ru\/prece\/lester-electrical-summit-series-ii-24v-36v-40a-1425w-industrial-charger-bluetooth\/#primaryimage","url":"https:\/\/akum.lv\/wp-content\/uploads\/2021\/09\/Lester-Electrical-1425W-24V-36V-40A-.jpg","contentUrl":"https:\/\/akum.lv\/wp-content\/uploads\/2021\/09\/Lester-Electrical-1425W-24V-36V-40A-.jpg","width":650,"height":436},{"@type":"BreadcrumbList","@id":"https:\/\/akum.lv\/ru\/prece\/lester-electrical-summit-series-ii-24v-36v-40a-1425w-industrial-charger-bluetooth\/#breadcrumb","itemListElement":[{"@type":"ListItem","position":1,"name":"\u0413\u043b\u0430\u0432\u043d\u0430\u044f \u0441\u0442\u0440\u0430\u043d\u0438\u0446\u0430","item":"https:\/\/akum.lv\/ru\/"},{"@type":"ListItem","position":2,"name":"PRECES","item":"https:\/\/akum.lv\/produkti-preces\/"},{"@type":"ListItem","position":3,"name":"\u0421harger for LiFePO4 Lester Electrical Summit Series II 24V \/ 36V 40A, 1425W, industrial charger, Bluetooth"}]},{"@type":"WebSite","@id":"https:\/\/akum.lv\/#website","url":"https:\/\/akum.lv\/","name":"www.akum.lv","description":"Akumulatoru p\u0101rdev\u0113js | \u041f\u0440\u043e\u0434\u0430\u0432\u0435\u0446 \u0430\u043a\u043a\u0443\u043c\u0443\u043b\u044f\u0442\u043e\u0440\u043e\u0432 | Battery seller","publisher":{"@id":"https:\/\/akum.lv\/#organization"},"potentialAction":[{"@type":"SearchAction","target":{"@type":"EntryPoint","urlTemplate":"https:\/\/akum.lv\/?s={search_term_string}"},"query-input":{"@type":"PropertyValueSpecification","valueRequired":true,"valueName":"search_term_string"}}],"inLanguage":"ru-RU"},{"@type":"Organization","@id":"https:\/\/akum.lv\/#organization","name":"HubEnergy","url":"https:\/\/akum.lv\/","logo":{"@type":"ImageObject","inLanguage":"ru-RU","@id":"https:\/\/akum.lv\/#\/schema\/logo\/image\/","url":"https:\/\/akum.lv\/wp-content\/uploads\/2018\/08\/Logo-hub-energy-2018-seller-dark-blue.png","contentUrl":"https:\/\/akum.lv\/wp-content\/uploads\/2018\/08\/Logo-hub-energy-2018-seller-dark-blue.png","width":381,"height":75,"caption":"HubEnergy"},"image":{"@id":"https:\/\/akum.lv\/#\/schema\/logo\/image\/"}}]}},"brands":[],"_links":{"self":[{"href":"https:\/\/akum.lv\/ru\/wp-json\/wp\/v2\/product\/10865","targetHints":{"allow":["GET"]}}],"collection":[{"href":"https:\/\/akum.lv\/ru\/wp-json\/wp\/v2\/product"}],"about":[{"href":"https:\/\/akum.lv\/ru\/wp-json\/wp\/v2\/types\/product"}],"wp:featuredmedia":[{"embeddable":true,"href":"https:\/\/akum.lv\/ru\/wp-json\/wp\/v2\/media\/10857"}],"wp:attachment":[{"href":"https:\/\/akum.lv\/ru\/wp-json\/wp\/v2\/media?parent=10865"}],"wp:term":[{"taxonomy":"pwb-brand","embeddable":true,"href":"https:\/\/akum.lv\/ru\/wp-json\/wp\/v2\/pwb-brand?post=10865"},{"taxonomy":"product_brand","embeddable":true,"href":"https:\/\/akum.lv\/ru\/wp-json\/wp\/v2\/product_brand?post=10865"},{"taxonomy":"product_cat","embeddable":true,"href":"https:\/\/akum.lv\/ru\/wp-json\/wp\/v2\/product_cat?post=10865"},{"taxonomy":"product_tag","embeddable":true,"href":"https:\/\/akum.lv\/ru\/wp-json\/wp\/v2\/product_tag?post=10865"}],"curies":[{"name":"wp","href":"https:\/\/api.w.org\/{rel}","templated":true}]}}