{"id":10813,"date":"2021-09-22T09:13:08","date_gmt":"2021-09-22T09:13:08","guid":{"rendered":"https:\/\/akum.lv\/?post_type=product&#038;p=10813"},"modified":"2024-01-29T08:54:03","modified_gmt":"2024-01-29T08:54:03","slug":"exide-ek800-agm-start-stop-12v-80ah-en-800a-l315-w175-h190-akumulators-kopirovat","status":"publish","type":"product","link":"https:\/\/akum.lv\/ru\/prece\/exide-ek800-agm-start-stop-12v-80ah-en-800a-l315-w175-h190-akumulators-kopirovat\/","title":{"rendered":"EXIDE-EK800 AGM Start &#038; Stop 12V-80Ah \/ EN 800A \/ L315 \/ W175 \/ H190 Akumulators (-\/+)"},"content":{"rendered":"","protected":false},"excerpt":{"rendered":"<p>EXIDE-EK800 AGM Start &amp; Stop 12V-80Ah \/ EN 800A \/ L315 \/ W175 \/ H190 Akumulators (-\/+)<\/p>\n<p><strong><img loading=\"lazy\" decoding=\"async\" class=\"alignnone size-full wp-image-11436\" src=\"https:\/\/akum.lv\/wp-content\/uploads\/2021\/12\/pdf-icon.png\" alt=\"\" width=\"50\" height=\"50\" \/>\u00a0\u2013 <a href=\"https:\/\/akum.lv\/wp-content\/uploads\/2019\/02\/EXIDE-Light-Vehicle_Battery-Solutions.pdf\">EXIDE Light Vehicle_Battery Solutions<\/a><\/strong><\/p>\n<p><img loading=\"lazy\" decoding=\"async\" class=\"alignnone wp-image-6286\" src=\"https:\/\/akum.lv\/wp-content\/uploads\/2019\/08\/pdf-icon-png-100px.png\" alt=\"\" width=\"50\" height=\"50\" srcset=\"https:\/\/akum.lv\/wp-content\/uploads\/2019\/08\/pdf-icon-png-100px.png 120w, https:\/\/akum.lv\/wp-content\/uploads\/2019\/08\/pdf-icon-png-100px-100x100.png 100w\" sizes=\"auto, (max-width: 50px) 100vw, 50px\" \/><strong> &#8212; <a href=\"https:\/\/akum.lv\/wp-content\/uploads\/2021\/09\/Exide_Start-Stop_AGM_EK800.pdf\">Exide_Start-Stop_AGM_EK800<\/a><\/strong><\/p>\n<p>Garantija 24 m\u0113ne\u0161i; \u0413\u0430\u0440\u0430\u043d\u0442\u0438\u044f 24 \u043c\u0435\u0441\u044f\u0446\u0430<\/p>\n<p><em><span style=\"color: #ff0000;\">M\u0113s garant\u0113jam, ka pie mums ieg\u0101d\u0101tais akumulators ir jauns un piln\u012bb\u0101 gatavs lieto\u0161anai!<\/span><\/em><br \/>\n<em><span style=\"color: #ff0000;\">Pirms nodo\u0161anas pirc\u0113jam akumulatoram tiek veikts demonstr\u0101cijas tests!<\/span><\/em><br \/>\n<em><span style=\"color: #ff0000;\">P\u0101rbaudi veic \u012bpa\u0161s profesion\u0101ls testeris, kas par\u0101d\u012bs akumulatora patieso st\u0101vokli.<\/span><\/em><\/p>\n<p><em><span style=\"color: #ff0000;\">\u041c\u044b \u0433\u0430\u0440\u0430\u043d\u0442\u0438\u0440\u0443\u0435\u043c, \u0447\u0442\u043e \u043f\u0440\u0438\u043e\u0431\u0440\u0435\u0442\u0435\u043d\u043d\u044b\u0439 \u0443 \u043d\u0430\u0441 \u0430\u043a\u043a\u0443\u043c\u0443\u043b\u044f\u0442\u043e\u0440 \u043d\u043e\u0432\u044b\u0439 \u0438 \u043f\u043e\u043b\u043d\u043e\u0441\u0442\u044c\u044e \u0433\u043e\u0442\u043e\u0432 \u043a \u0440\u0430\u0431\u043e\u0442\u0435!<\/span><\/em><br \/>\n<em><span style=\"color: #ff0000;\">\u0410\u043a\u043a\u0443\u043c\u0443\u043b\u044f\u0442\u043e\u0440 \u043f\u0435\u0440\u0435\u0434 \u043f\u0435\u0440\u0435\u0434\u0430\u0447\u0435\u0439 \u0437\u0430\u043a\u0430\u0437\u0447\u0438\u043a\u0443 \u043f\u0440\u043e\u0445\u043e\u0434\u0438\u0442 \u0434\u0435\u043c\u043e\u043d\u0441\u0442\u0440\u0430\u0446\u0438\u043e\u043d\u043d\u044b\u0439 \u0442\u0435\u0441\u0442!<\/span><\/em><br \/>\n<em><span style=\"color: #ff0000;\">\u0422\u0435\u0441\u0442 \u043f\u0440\u043e\u0432\u043e\u0434\u0438\u0442\u0441\u044f \u0441\u043f\u0435\u0446\u0438\u0430\u043b\u044c\u043d\u044b\u043c \u043f\u0440\u043e\u0444\u0435\u0441\u0441\u0438\u043e\u043d\u0430\u043b\u044c\u043d\u044b\u043c \u0442\u0435\u0441\u0442\u0435\u0440\u043e\u043c, \u043a\u043e\u0442\u043e\u0440\u044b\u0439 \u043f\u043e\u043a\u0430\u0436\u0435\u0442 \u0440\u0435\u0430\u043b\u044c\u043d\u043e\u0435 \u0441\u043e\u0441\u0442\u043e\u044f\u043d\u0438\u0435 \u0430\u043a\u043a\u0443\u043c\u0443\u043b\u044f\u0442\u043e\u0440\u0430.<\/span><\/em><\/p>\n","protected":false},"featured_media":10798,"template":"","meta":[],"pwb-brand":[338],"product_brand":[],"product_cat":[376,443,300,312,270,273],"product_tag":[],"class_list":{"0":"post-10813","1":"product","2":"type-product","3":"status-publish","4":"has-post-thumbnail","6":"pwb-brand-exide-technologies-ru","7":"product_cat-agm-tehnologii-akkumuljatory-rus","8":"product_cat-agm-12v-batteries","9":"product_cat-akkumuljatory-starternye","10":"product_cat-startera-akumulatori-vieglajiem-automobiliem","11":"product_cat-akkumuljatory-dlja-vodnogo-transporta","12":"product_cat-akkumuljatory-dlja-jaht-i-katerov","14":"first","15":"instock","16":"taxable","17":"shipping-taxable","18":"purchasable","19":"product-type-simple"},"yoast_head":"<!-- This site is optimized with the Yoast SEO plugin v26.7 - https:\/\/yoast.com\/wordpress\/plugins\/seo\/ -->\n<title>EXIDE-EK800 AGM Start &amp; Stop 12V-80Ah \/ EN 800A \/ L315 \/ W175 \/ H190 Akumulators (-\/+) - www.akum.lv<\/title>\n<meta name=\"robots\" content=\"index, follow, max-snippet:-1, max-image-preview:large, max-video-preview:-1\" \/>\n<link rel=\"canonical\" href=\"https:\/\/akum.lv\/ru\/prece\/exide-ek800-agm-start-stop-12v-80ah-en-800a-l315-w175-h190-akumulators-kopirovat\/\" \/>\n<meta property=\"og:locale\" content=\"ru_RU\" \/>\n<meta property=\"og:type\" content=\"article\" \/>\n<meta property=\"og:title\" content=\"EXIDE-EK800 AGM Start &amp; Stop 12V-80Ah \/ EN 800A \/ L315 \/ W175 \/ H190 Akumulators (-\/+) - www.akum.lv\" \/>\n<meta property=\"og:description\" content=\"EXIDE-EK800 AGM Start &amp; Stop 12V-80Ah \/ EN 800A \/ L315 \/ W175 \/ H190 Akumulators (-\/+)  \u00a0\u2013 EXIDE Light Vehicle_Battery Solutions   - Exide_Start-Stop_AGM_EK800  Garantija 24 m\u0113ne\u0161i; \u0413\u0430\u0440\u0430\u043d\u0442\u0438\u044f 24 \u043c\u0435\u0441\u044f\u0446\u0430  M\u0113s garant\u0113jam, ka pie mums ieg\u0101d\u0101tais akumulators ir jauns un piln\u012bb\u0101 gatavs lieto\u0161anai! Pirms nodo\u0161anas pirc\u0113jam akumulatoram tiek veikts demonstr\u0101cijas tests! P\u0101rbaudi veic \u012bpa\u0161s profesion\u0101ls testeris, kas par\u0101d\u012bs akumulatora patieso st\u0101vokli.  \u041c\u044b \u0433\u0430\u0440\u0430\u043d\u0442\u0438\u0440\u0443\u0435\u043c, \u0447\u0442\u043e \u043f\u0440\u0438\u043e\u0431\u0440\u0435\u0442\u0435\u043d\u043d\u044b\u0439 \u0443 \u043d\u0430\u0441 \u0430\u043a\u043a\u0443\u043c\u0443\u043b\u044f\u0442\u043e\u0440 \u043d\u043e\u0432\u044b\u0439 \u0438 \u043f\u043e\u043b\u043d\u043e\u0441\u0442\u044c\u044e \u0433\u043e\u0442\u043e\u0432 \u043a \u0440\u0430\u0431\u043e\u0442\u0435! \u0410\u043a\u043a\u0443\u043c\u0443\u043b\u044f\u0442\u043e\u0440 \u043f\u0435\u0440\u0435\u0434 \u043f\u0435\u0440\u0435\u0434\u0430\u0447\u0435\u0439 \u0437\u0430\u043a\u0430\u0437\u0447\u0438\u043a\u0443 \u043f\u0440\u043e\u0445\u043e\u0434\u0438\u0442 \u0434\u0435\u043c\u043e\u043d\u0441\u0442\u0440\u0430\u0446\u0438\u043e\u043d\u043d\u044b\u0439 \u0442\u0435\u0441\u0442! \u0422\u0435\u0441\u0442 \u043f\u0440\u043e\u0432\u043e\u0434\u0438\u0442\u0441\u044f \u0441\u043f\u0435\u0446\u0438\u0430\u043b\u044c\u043d\u044b\u043c \u043f\u0440\u043e\u0444\u0435\u0441\u0441\u0438\u043e\u043d\u0430\u043b\u044c\u043d\u044b\u043c \u0442\u0435\u0441\u0442\u0435\u0440\u043e\u043c, \u043a\u043e\u0442\u043e\u0440\u044b\u0439 \u043f\u043e\u043a\u0430\u0436\u0435\u0442 \u0440\u0435\u0430\u043b\u044c\u043d\u043e\u0435 \u0441\u043e\u0441\u0442\u043e\u044f\u043d\u0438\u0435 \u0430\u043a\u043a\u0443\u043c\u0443\u043b\u044f\u0442\u043e\u0440\u0430.\" \/>\n<meta property=\"og:url\" content=\"https:\/\/akum.lv\/ru\/prece\/exide-ek800-agm-start-stop-12v-80ah-en-800a-l315-w175-h190-akumulators-kopirovat\/\" \/>\n<meta property=\"og:site_name\" content=\"www.akum.lv\" \/>\n<meta property=\"article:modified_time\" content=\"2024-01-29T08:54:03+00:00\" \/>\n<meta property=\"og:image\" content=\"https:\/\/akum.lv\/wp-content\/uploads\/2018\/09\/ek800.jpg\" \/>\n\t<meta property=\"og:image:width\" content=\"450\" \/>\n\t<meta property=\"og:image:height\" content=\"353\" \/>\n\t<meta property=\"og:image:type\" content=\"image\/jpeg\" \/>\n<meta name=\"twitter:card\" content=\"summary_large_image\" \/>\n<script type=\"application\/ld+json\" class=\"yoast-schema-graph\">{\"@context\":\"https:\/\/schema.org\",\"@graph\":[{\"@type\":\"WebPage\",\"@id\":\"https:\/\/akum.lv\/ru\/prece\/exide-ek800-agm-start-stop-12v-80ah-en-800a-l315-w175-h190-akumulators-kopirovat\/\",\"url\":\"https:\/\/akum.lv\/ru\/prece\/exide-ek800-agm-start-stop-12v-80ah-en-800a-l315-w175-h190-akumulators-kopirovat\/\",\"name\":\"EXIDE-EK800 AGM Start & Stop 12V-80Ah \/ EN 800A \/ L315 \/ W175 \/ H190 Akumulators (-\/+) - www.akum.lv\",\"isPartOf\":{\"@id\":\"https:\/\/akum.lv\/#website\"},\"primaryImageOfPage\":{\"@id\":\"https:\/\/akum.lv\/ru\/prece\/exide-ek800-agm-start-stop-12v-80ah-en-800a-l315-w175-h190-akumulators-kopirovat\/#primaryimage\"},\"image\":{\"@id\":\"https:\/\/akum.lv\/ru\/prece\/exide-ek800-agm-start-stop-12v-80ah-en-800a-l315-w175-h190-akumulators-kopirovat\/#primaryimage\"},\"thumbnailUrl\":\"https:\/\/akum.lv\/wp-content\/uploads\/2018\/09\/ek800.jpg\",\"datePublished\":\"2021-09-22T09:13:08+00:00\",\"dateModified\":\"2024-01-29T08:54:03+00:00\",\"breadcrumb\":{\"@id\":\"https:\/\/akum.lv\/ru\/prece\/exide-ek800-agm-start-stop-12v-80ah-en-800a-l315-w175-h190-akumulators-kopirovat\/#breadcrumb\"},\"inLanguage\":\"ru-RU\",\"potentialAction\":[{\"@type\":\"ReadAction\",\"target\":[\"https:\/\/akum.lv\/ru\/prece\/exide-ek800-agm-start-stop-12v-80ah-en-800a-l315-w175-h190-akumulators-kopirovat\/\"]}]},{\"@type\":\"ImageObject\",\"inLanguage\":\"ru-RU\",\"@id\":\"https:\/\/akum.lv\/ru\/prece\/exide-ek800-agm-start-stop-12v-80ah-en-800a-l315-w175-h190-akumulators-kopirovat\/#primaryimage\",\"url\":\"https:\/\/akum.lv\/wp-content\/uploads\/2018\/09\/ek800.jpg\",\"contentUrl\":\"https:\/\/akum.lv\/wp-content\/uploads\/2018\/09\/ek800.jpg\",\"width\":450,\"height\":353},{\"@type\":\"BreadcrumbList\",\"@id\":\"https:\/\/akum.lv\/ru\/prece\/exide-ek800-agm-start-stop-12v-80ah-en-800a-l315-w175-h190-akumulators-kopirovat\/#breadcrumb\",\"itemListElement\":[{\"@type\":\"ListItem\",\"position\":1,\"name\":\"\u0413\u043b\u0430\u0432\u043d\u0430\u044f \u0441\u0442\u0440\u0430\u043d\u0438\u0446\u0430\",\"item\":\"https:\/\/akum.lv\/ru\/\"},{\"@type\":\"ListItem\",\"position\":2,\"name\":\"PRECES\",\"item\":\"https:\/\/akum.lv\/produkti-preces\/\"},{\"@type\":\"ListItem\",\"position\":3,\"name\":\"EXIDE-EK800 AGM Start &#038; Stop 12V-80Ah \/ EN 800A \/ L315 \/ W175 \/ H190 Akumulators (-\/+)\"}]},{\"@type\":\"WebSite\",\"@id\":\"https:\/\/akum.lv\/#website\",\"url\":\"https:\/\/akum.lv\/\",\"name\":\"www.akum.lv\",\"description\":\"Akumulatoru p\u0101rdev\u0113js | \u041f\u0440\u043e\u0434\u0430\u0432\u0435\u0446 \u0430\u043a\u043a\u0443\u043c\u0443\u043b\u044f\u0442\u043e\u0440\u043e\u0432 | Battery seller\",\"publisher\":{\"@id\":\"https:\/\/akum.lv\/#organization\"},\"potentialAction\":[{\"@type\":\"SearchAction\",\"target\":{\"@type\":\"EntryPoint\",\"urlTemplate\":\"https:\/\/akum.lv\/?s={search_term_string}\"},\"query-input\":{\"@type\":\"PropertyValueSpecification\",\"valueRequired\":true,\"valueName\":\"search_term_string\"}}],\"inLanguage\":\"ru-RU\"},{\"@type\":\"Organization\",\"@id\":\"https:\/\/akum.lv\/#organization\",\"name\":\"HubEnergy\",\"url\":\"https:\/\/akum.lv\/\",\"logo\":{\"@type\":\"ImageObject\",\"inLanguage\":\"ru-RU\",\"@id\":\"https:\/\/akum.lv\/#\/schema\/logo\/image\/\",\"url\":\"https:\/\/akum.lv\/wp-content\/uploads\/2018\/08\/Logo-hub-energy-2018-seller-dark-blue.png\",\"contentUrl\":\"https:\/\/akum.lv\/wp-content\/uploads\/2018\/08\/Logo-hub-energy-2018-seller-dark-blue.png\",\"width\":381,\"height\":75,\"caption\":\"HubEnergy\"},\"image\":{\"@id\":\"https:\/\/akum.lv\/#\/schema\/logo\/image\/\"}}]}<\/script>\n<!-- \/ Yoast SEO plugin. -->","yoast_head_json":{"title":"EXIDE-EK800 AGM Start & Stop 12V-80Ah \/ EN 800A \/ L315 \/ W175 \/ H190 Akumulators (-\/+) - www.akum.lv","robots":{"index":"index","follow":"follow","max-snippet":"max-snippet:-1","max-image-preview":"max-image-preview:large","max-video-preview":"max-video-preview:-1"},"canonical":"https:\/\/akum.lv\/ru\/prece\/exide-ek800-agm-start-stop-12v-80ah-en-800a-l315-w175-h190-akumulators-kopirovat\/","og_locale":"ru_RU","og_type":"article","og_title":"EXIDE-EK800 AGM Start & Stop 12V-80Ah \/ EN 800A \/ L315 \/ W175 \/ H190 Akumulators (-\/+) - www.akum.lv","og_description":"EXIDE-EK800 AGM Start &amp; Stop 12V-80Ah \/ EN 800A \/ L315 \/ W175 \/ H190 Akumulators (-\/+)  \u00a0\u2013 EXIDE Light Vehicle_Battery Solutions   - Exide_Start-Stop_AGM_EK800  Garantija 24 m\u0113ne\u0161i; \u0413\u0430\u0440\u0430\u043d\u0442\u0438\u044f 24 \u043c\u0435\u0441\u044f\u0446\u0430  M\u0113s garant\u0113jam, ka pie mums ieg\u0101d\u0101tais akumulators ir jauns un piln\u012bb\u0101 gatavs lieto\u0161anai! Pirms nodo\u0161anas pirc\u0113jam akumulatoram tiek veikts demonstr\u0101cijas tests! P\u0101rbaudi veic \u012bpa\u0161s profesion\u0101ls testeris, kas par\u0101d\u012bs akumulatora patieso st\u0101vokli.  \u041c\u044b \u0433\u0430\u0440\u0430\u043d\u0442\u0438\u0440\u0443\u0435\u043c, \u0447\u0442\u043e \u043f\u0440\u0438\u043e\u0431\u0440\u0435\u0442\u0435\u043d\u043d\u044b\u0439 \u0443 \u043d\u0430\u0441 \u0430\u043a\u043a\u0443\u043c\u0443\u043b\u044f\u0442\u043e\u0440 \u043d\u043e\u0432\u044b\u0439 \u0438 \u043f\u043e\u043b\u043d\u043e\u0441\u0442\u044c\u044e \u0433\u043e\u0442\u043e\u0432 \u043a \u0440\u0430\u0431\u043e\u0442\u0435! \u0410\u043a\u043a\u0443\u043c\u0443\u043b\u044f\u0442\u043e\u0440 \u043f\u0435\u0440\u0435\u0434 \u043f\u0435\u0440\u0435\u0434\u0430\u0447\u0435\u0439 \u0437\u0430\u043a\u0430\u0437\u0447\u0438\u043a\u0443 \u043f\u0440\u043e\u0445\u043e\u0434\u0438\u0442 \u0434\u0435\u043c\u043e\u043d\u0441\u0442\u0440\u0430\u0446\u0438\u043e\u043d\u043d\u044b\u0439 \u0442\u0435\u0441\u0442! \u0422\u0435\u0441\u0442 \u043f\u0440\u043e\u0432\u043e\u0434\u0438\u0442\u0441\u044f \u0441\u043f\u0435\u0446\u0438\u0430\u043b\u044c\u043d\u044b\u043c \u043f\u0440\u043e\u0444\u0435\u0441\u0441\u0438\u043e\u043d\u0430\u043b\u044c\u043d\u044b\u043c \u0442\u0435\u0441\u0442\u0435\u0440\u043e\u043c, \u043a\u043e\u0442\u043e\u0440\u044b\u0439 \u043f\u043e\u043a\u0430\u0436\u0435\u0442 \u0440\u0435\u0430\u043b\u044c\u043d\u043e\u0435 \u0441\u043e\u0441\u0442\u043e\u044f\u043d\u0438\u0435 \u0430\u043a\u043a\u0443\u043c\u0443\u043b\u044f\u0442\u043e\u0440\u0430.","og_url":"https:\/\/akum.lv\/ru\/prece\/exide-ek800-agm-start-stop-12v-80ah-en-800a-l315-w175-h190-akumulators-kopirovat\/","og_site_name":"www.akum.lv","article_modified_time":"2024-01-29T08:54:03+00:00","og_image":[{"width":450,"height":353,"url":"https:\/\/akum.lv\/wp-content\/uploads\/2018\/09\/ek800.jpg","type":"image\/jpeg"}],"twitter_card":"summary_large_image","schema":{"@context":"https:\/\/schema.org","@graph":[{"@type":"WebPage","@id":"https:\/\/akum.lv\/ru\/prece\/exide-ek800-agm-start-stop-12v-80ah-en-800a-l315-w175-h190-akumulators-kopirovat\/","url":"https:\/\/akum.lv\/ru\/prece\/exide-ek800-agm-start-stop-12v-80ah-en-800a-l315-w175-h190-akumulators-kopirovat\/","name":"EXIDE-EK800 AGM Start & Stop 12V-80Ah \/ EN 800A \/ L315 \/ W175 \/ H190 Akumulators (-\/+) - www.akum.lv","isPartOf":{"@id":"https:\/\/akum.lv\/#website"},"primaryImageOfPage":{"@id":"https:\/\/akum.lv\/ru\/prece\/exide-ek800-agm-start-stop-12v-80ah-en-800a-l315-w175-h190-akumulators-kopirovat\/#primaryimage"},"image":{"@id":"https:\/\/akum.lv\/ru\/prece\/exide-ek800-agm-start-stop-12v-80ah-en-800a-l315-w175-h190-akumulators-kopirovat\/#primaryimage"},"thumbnailUrl":"https:\/\/akum.lv\/wp-content\/uploads\/2018\/09\/ek800.jpg","datePublished":"2021-09-22T09:13:08+00:00","dateModified":"2024-01-29T08:54:03+00:00","breadcrumb":{"@id":"https:\/\/akum.lv\/ru\/prece\/exide-ek800-agm-start-stop-12v-80ah-en-800a-l315-w175-h190-akumulators-kopirovat\/#breadcrumb"},"inLanguage":"ru-RU","potentialAction":[{"@type":"ReadAction","target":["https:\/\/akum.lv\/ru\/prece\/exide-ek800-agm-start-stop-12v-80ah-en-800a-l315-w175-h190-akumulators-kopirovat\/"]}]},{"@type":"ImageObject","inLanguage":"ru-RU","@id":"https:\/\/akum.lv\/ru\/prece\/exide-ek800-agm-start-stop-12v-80ah-en-800a-l315-w175-h190-akumulators-kopirovat\/#primaryimage","url":"https:\/\/akum.lv\/wp-content\/uploads\/2018\/09\/ek800.jpg","contentUrl":"https:\/\/akum.lv\/wp-content\/uploads\/2018\/09\/ek800.jpg","width":450,"height":353},{"@type":"BreadcrumbList","@id":"https:\/\/akum.lv\/ru\/prece\/exide-ek800-agm-start-stop-12v-80ah-en-800a-l315-w175-h190-akumulators-kopirovat\/#breadcrumb","itemListElement":[{"@type":"ListItem","position":1,"name":"\u0413\u043b\u0430\u0432\u043d\u0430\u044f \u0441\u0442\u0440\u0430\u043d\u0438\u0446\u0430","item":"https:\/\/akum.lv\/ru\/"},{"@type":"ListItem","position":2,"name":"PRECES","item":"https:\/\/akum.lv\/produkti-preces\/"},{"@type":"ListItem","position":3,"name":"EXIDE-EK800 AGM Start &#038; Stop 12V-80Ah \/ EN 800A \/ L315 \/ W175 \/ H190 Akumulators (-\/+)"}]},{"@type":"WebSite","@id":"https:\/\/akum.lv\/#website","url":"https:\/\/akum.lv\/","name":"www.akum.lv","description":"Akumulatoru p\u0101rdev\u0113js | \u041f\u0440\u043e\u0434\u0430\u0432\u0435\u0446 \u0430\u043a\u043a\u0443\u043c\u0443\u043b\u044f\u0442\u043e\u0440\u043e\u0432 | Battery seller","publisher":{"@id":"https:\/\/akum.lv\/#organization"},"potentialAction":[{"@type":"SearchAction","target":{"@type":"EntryPoint","urlTemplate":"https:\/\/akum.lv\/?s={search_term_string}"},"query-input":{"@type":"PropertyValueSpecification","valueRequired":true,"valueName":"search_term_string"}}],"inLanguage":"ru-RU"},{"@type":"Organization","@id":"https:\/\/akum.lv\/#organization","name":"HubEnergy","url":"https:\/\/akum.lv\/","logo":{"@type":"ImageObject","inLanguage":"ru-RU","@id":"https:\/\/akum.lv\/#\/schema\/logo\/image\/","url":"https:\/\/akum.lv\/wp-content\/uploads\/2018\/08\/Logo-hub-energy-2018-seller-dark-blue.png","contentUrl":"https:\/\/akum.lv\/wp-content\/uploads\/2018\/08\/Logo-hub-energy-2018-seller-dark-blue.png","width":381,"height":75,"caption":"HubEnergy"},"image":{"@id":"https:\/\/akum.lv\/#\/schema\/logo\/image\/"}}]}},"brands":[{"id":338,"name":"EXIDE TECHNOLOGIES","slug":"exide-technologies-ru"}],"_links":{"self":[{"href":"https:\/\/akum.lv\/ru\/wp-json\/wp\/v2\/product\/10813","targetHints":{"allow":["GET"]}}],"collection":[{"href":"https:\/\/akum.lv\/ru\/wp-json\/wp\/v2\/product"}],"about":[{"href":"https:\/\/akum.lv\/ru\/wp-json\/wp\/v2\/types\/product"}],"wp:featuredmedia":[{"embeddable":true,"href":"https:\/\/akum.lv\/ru\/wp-json\/wp\/v2\/media\/10798"}],"wp:attachment":[{"href":"https:\/\/akum.lv\/ru\/wp-json\/wp\/v2\/media?parent=10813"}],"wp:term":[{"taxonomy":"pwb-brand","embeddable":true,"href":"https:\/\/akum.lv\/ru\/wp-json\/wp\/v2\/pwb-brand?post=10813"},{"taxonomy":"product_brand","embeddable":true,"href":"https:\/\/akum.lv\/ru\/wp-json\/wp\/v2\/product_brand?post=10813"},{"taxonomy":"product_cat","embeddable":true,"href":"https:\/\/akum.lv\/ru\/wp-json\/wp\/v2\/product_cat?post=10813"},{"taxonomy":"product_tag","embeddable":true,"href":"https:\/\/akum.lv\/ru\/wp-json\/wp\/v2\/product_tag?post=10813"}],"curies":[{"name":"wp","href":"https:\/\/api.w.org\/{rel}","templated":true}]}}