{"id":10810,"date":"2021-09-21T11:25:38","date_gmt":"2021-09-21T11:25:38","guid":{"rendered":"https:\/\/akum.lv\/product\/noco-genius-gbx45-booster-12v-1250a-31wh-lithium-jump-starter-starta-uzladesana-ierice\/"},"modified":"2026-01-06T16:01:00","modified_gmt":"2026-01-06T16:01:00","slug":"noco-genius-gbx45-booster-12v-1250a-31wh-lithium-jump-starter-starta-uzladesana-ierice","status":"publish","type":"product","link":"https:\/\/akum.lv\/ru\/prece\/noco-genius-gbx45-booster-12v-1250a-31wh-lithium-jump-starter-starta-uzladesana-ierice\/","title":{"rendered":"NOCO Genius GBX45 Booster 12V 1250A 31Wh Lithium Jump Starter, Starta-uzl\u0101d\u0113\u0161ana ier\u012bce"},"content":{"rendered":"","protected":false},"excerpt":{"rendered":"<p>NOCO Genius GBX45 Booster 12V 1250A 31Wh Lithium Jump Starter, Starta-uzl\u0101d\u0113\u0161ana ier\u012bce<\/p>\n<p><span style=\"font-size: 13px;\">Dzin\u0113ja iedarbin\u0101\u0161anas pal\u012bgier\u012bce Noco Booster GBX45 ir kompakta, sp\u0113c\u012bga 12V 1250A litija pal\u012bgier\u012bce dzin\u0113ja iedarbin\u0101\u0161anai gad\u012bjumos, kad ir izl\u0101d\u0113jies akumulators. Atkar\u012bb\u0101 no gaisa temperat\u016bras GBX45 iesaka benz\u012bna un d\u012bze\u013cdzin\u0113jiem ar tilpumu l\u012bdz attiec\u012bgi 5 un 3 litriem. Piem\u0113rots automa\u0161\u012bnu, motociklu, kravas automa\u0161\u012bnu, ATV, laivu, RV, furgonu, SUV, traktori\u0146u un citu transporta l\u012bdzek\u013cu iedarbin\u0101\u0161anai. Apr\u012bkots ar USB-C tehnolo\u0123iju, kas apvienojum\u0101 ar ener\u0123ijas pieg\u0101di nodro\u0161ina zibens\u0101tru uzl\u0101di. Piln\u012bb\u0101 uzl\u0101d\u0113jas tikai 48 min\u016b\u0161u laik\u0101, vai ar\u012b p\u0113c 5 min. no izl\u0101des l\u012bdz darba s\u0101kumam. Autom\u0101tiska ener\u0123ijas taup\u012b\u0161anas funkcija. Ja dzin\u0113ju nav izdevies iedarbin\u0101t 60 sek. laik\u0101, ier\u012bce ir j\u0101izsl\u0113dz un p\u0113c tam atkal j\u0101iesl\u0113dz, lai s\u0101ktu jaunu iedarbin\u0101\u0161anu. Ar \u0161o ier\u012bci iesp\u0113jams uzl\u0101d\u0113t ar\u012b j\u016bsu iecien\u012bt\u0101k\u0101s 12V USB-C ier\u012bces, piem\u0113ram, mobilos t\u0101lru\u0146us, plan\u0161etdatorus, kl\u0113pjdatorus un citas p\u0101rn\u0113s\u0101jam\u0101s ier\u012bces. Ier\u012bcei ir patent\u0113ta UltraSafe tehnolo\u0123ija, kas nodro\u0161ina dro\u0161u kontaktu bez dzirkste\u013co\u0161anas, k\u0101 ar\u012b nodro\u0161ina pret\u0113j\u0101s polarit\u0101tes aizsardz\u012bbu, kas \u0161o iek\u0101rtu padara dro\u0161u un \u0113rti lietojamu ikvienam.<\/span><\/p>\n<p>Technical Specifications.<br \/>\nWhat&#8217;s In The Box<\/p>\n<p>GBX45 Lithium Jump Starter<br \/>\nHD Precision Battery Clamps<br \/>\n24in USB-A to USB-C Cable<br \/>\nMicrofiber Storage Bag<br \/>\nUser Guide &amp; Warranty Information<\/p>\n<p>Starting Current &#8212; 1,250 Amps (Peak)<br \/>\nBattery Types &#8212; 12 Volt Lead-Acid Batteries<br \/>\nInternal Battery &#8212; 31 Watt-Hour Lithium-Ion<br \/>\nUSB Input &#8212; USB-C: 5V 1.5A\/9V 3A\/12V 3A\/15V 3A\/20V 3A<br \/>\nUSB Output &#8212;<br \/>\nUSB-A: 5VDC 2.1A Max \/ 10W Max<br \/>\nUSB-C: 5V 3A\/9V 3A\/12V 3A\/15V 3A\/20V 3A<br \/>\nGas\/Petrol Engine Rating &#8212; 6.5 Liters<br \/>\nDiesel Engine Rating &#8212; 4.0 Liters<br \/>\nLED Flashlight &#8212; 100 Lumens<\/p>\n<p>Product Size<br \/>\nHeight: 6.8 Inches (172.72 mm)<br \/>\nWidth: 3.3 Inches (83.82mm)<br \/>\nDepth: 2.1 Inches (53.34mm)<br \/>\nWeight (GBX45): 1.30lbs (0.59kg)<br \/>\nWeight (GBX45 &amp; Clamps): 2.16lbs (0.98kg)<\/p>\n<p>Limited Warranty &#8212; 1-Year Hassle-Free Warranty<br \/>\nProtection &#8212; IP Rating: IP65 (w\/ Ports Closed)<\/p>\n","protected":false},"featured_media":10808,"template":"","meta":[],"pwb-brand":[332],"product_brand":[],"product_cat":[296],"product_tag":[],"class_list":{"0":"post-10810","1":"product","2":"type-product","3":"status-publish","4":"has-post-thumbnail","6":"pwb-brand-noco-genius-ru","7":"product_cat-boosters","9":"first","10":"instock","11":"taxable","12":"shipping-taxable","13":"purchasable","14":"product-type-simple"},"yoast_head":"<!-- This site is optimized with the Yoast SEO plugin v26.7 - https:\/\/yoast.com\/wordpress\/plugins\/seo\/ -->\n<title>NOCO Genius GBX45 Booster 12V 1250A 31Wh Lithium Jump Starter, Starta-uzl\u0101d\u0113\u0161ana ier\u012bce - www.akum.lv<\/title>\n<meta name=\"robots\" content=\"index, follow, max-snippet:-1, max-image-preview:large, max-video-preview:-1\" \/>\n<link rel=\"canonical\" href=\"https:\/\/akum.lv\/ru\/prece\/noco-genius-gbx45-booster-12v-1250a-31wh-lithium-jump-starter-starta-uzladesana-ierice\/\" \/>\n<meta property=\"og:locale\" content=\"ru_RU\" \/>\n<meta property=\"og:type\" content=\"article\" \/>\n<meta property=\"og:title\" content=\"NOCO Genius GBX45 Booster 12V 1250A 31Wh Lithium Jump Starter, Starta-uzl\u0101d\u0113\u0161ana ier\u012bce - www.akum.lv\" \/>\n<meta property=\"og:description\" content=\"NOCO Genius GBX45 Booster 12V 1250A 31Wh Lithium Jump Starter, Starta-uzl\u0101d\u0113\u0161ana ier\u012bce  Dzin\u0113ja iedarbin\u0101\u0161anas pal\u012bgier\u012bce Noco Booster GBX45 ir kompakta, sp\u0113c\u012bga 12V 1250A litija pal\u012bgier\u012bce dzin\u0113ja iedarbin\u0101\u0161anai gad\u012bjumos, kad ir izl\u0101d\u0113jies akumulators. Atkar\u012bb\u0101 no gaisa temperat\u016bras GBX45 iesaka benz\u012bna un d\u012bze\u013cdzin\u0113jiem ar tilpumu l\u012bdz attiec\u012bgi 5 un 3 litriem. Piem\u0113rots automa\u0161\u012bnu, motociklu, kravas automa\u0161\u012bnu, ATV, laivu, RV, furgonu, SUV, traktori\u0146u un citu transporta l\u012bdzek\u013cu iedarbin\u0101\u0161anai. Apr\u012bkots ar USB-C tehnolo\u0123iju, kas apvienojum\u0101 ar ener\u0123ijas pieg\u0101di nodro\u0161ina zibens\u0101tru uzl\u0101di. Piln\u012bb\u0101 uzl\u0101d\u0113jas tikai 48 min\u016b\u0161u laik\u0101, vai ar\u012b p\u0113c 5 min. no izl\u0101des l\u012bdz darba s\u0101kumam. Autom\u0101tiska ener\u0123ijas taup\u012b\u0161anas funkcija. Ja dzin\u0113ju nav izdevies iedarbin\u0101t 60 sek. laik\u0101, ier\u012bce ir j\u0101izsl\u0113dz un p\u0113c tam atkal j\u0101iesl\u0113dz, lai s\u0101ktu jaunu iedarbin\u0101\u0161anu. Ar \u0161o ier\u012bci iesp\u0113jams uzl\u0101d\u0113t ar\u012b j\u016bsu iecien\u012bt\u0101k\u0101s 12V USB-C ier\u012bces, piem\u0113ram, mobilos t\u0101lru\u0146us, plan\u0161etdatorus, kl\u0113pjdatorus un citas p\u0101rn\u0113s\u0101jam\u0101s ier\u012bces. Ier\u012bcei ir patent\u0113ta UltraSafe tehnolo\u0123ija, kas nodro\u0161ina dro\u0161u kontaktu bez dzirkste\u013co\u0161anas, k\u0101 ar\u012b nodro\u0161ina pret\u0113j\u0101s polarit\u0101tes aizsardz\u012bbu, kas \u0161o iek\u0101rtu padara dro\u0161u un \u0113rti lietojamu ikvienam.  Technical Specifications. What&#039;s In The Box  GBX45 Lithium Jump Starter HD Precision Battery Clamps 24in USB-A to USB-C Cable Microfiber Storage Bag User Guide &amp; Warranty Information  Starting Current - 1,250 Amps (Peak) Battery Types - 12 Volt Lead-Acid Batteries Internal Battery - 31 Watt-Hour Lithium-Ion USB Input - USB-C: 5V 1.5A\/9V 3A\/12V 3A\/15V 3A\/20V 3A USB Output - USB-A: 5VDC 2.1A Max \/ 10W Max USB-C: 5V 3A\/9V 3A\/12V 3A\/15V 3A\/20V 3A Gas\/Petrol Engine Rating - 6.5 Liters Diesel Engine Rating - 4.0 Liters LED Flashlight - 100 Lumens  Product Size Height: 6.8 Inches (172.72 mm) Width: 3.3 Inches (83.82mm) Depth: 2.1 Inches (53.34mm) Weight (GBX45): 1.30lbs (0.59kg) Weight (GBX45 &amp; Clamps): 2.16lbs (0.98kg)  Limited Warranty - 1-Year Hassle-Free Warranty Protection - IP Rating: IP65 (w\/ Ports Closed)\" \/>\n<meta property=\"og:url\" content=\"https:\/\/akum.lv\/ru\/prece\/noco-genius-gbx45-booster-12v-1250a-31wh-lithium-jump-starter-starta-uzladesana-ierice\/\" \/>\n<meta property=\"og:site_name\" content=\"www.akum.lv\" \/>\n<meta property=\"article:modified_time\" content=\"2026-01-06T16:01:00+00:00\" \/>\n<meta property=\"og:image\" content=\"https:\/\/akum.lv\/wp-content\/uploads\/2021\/09\/GBX45.jpg\" \/>\n\t<meta property=\"og:image:width\" content=\"450\" \/>\n\t<meta property=\"og:image:height\" content=\"449\" \/>\n\t<meta property=\"og:image:type\" content=\"image\/jpeg\" \/>\n<meta name=\"twitter:card\" content=\"summary_large_image\" \/>\n<script type=\"application\/ld+json\" class=\"yoast-schema-graph\">{\"@context\":\"https:\/\/schema.org\",\"@graph\":[{\"@type\":\"WebPage\",\"@id\":\"https:\/\/akum.lv\/ru\/prece\/noco-genius-gbx45-booster-12v-1250a-31wh-lithium-jump-starter-starta-uzladesana-ierice\/\",\"url\":\"https:\/\/akum.lv\/ru\/prece\/noco-genius-gbx45-booster-12v-1250a-31wh-lithium-jump-starter-starta-uzladesana-ierice\/\",\"name\":\"NOCO Genius GBX45 Booster 12V 1250A 31Wh Lithium Jump Starter, Starta-uzl\u0101d\u0113\u0161ana ier\u012bce - www.akum.lv\",\"isPartOf\":{\"@id\":\"https:\/\/akum.lv\/#website\"},\"primaryImageOfPage\":{\"@id\":\"https:\/\/akum.lv\/ru\/prece\/noco-genius-gbx45-booster-12v-1250a-31wh-lithium-jump-starter-starta-uzladesana-ierice\/#primaryimage\"},\"image\":{\"@id\":\"https:\/\/akum.lv\/ru\/prece\/noco-genius-gbx45-booster-12v-1250a-31wh-lithium-jump-starter-starta-uzladesana-ierice\/#primaryimage\"},\"thumbnailUrl\":\"https:\/\/akum.lv\/wp-content\/uploads\/2021\/09\/GBX45.jpg\",\"datePublished\":\"2021-09-21T11:25:38+00:00\",\"dateModified\":\"2026-01-06T16:01:00+00:00\",\"breadcrumb\":{\"@id\":\"https:\/\/akum.lv\/ru\/prece\/noco-genius-gbx45-booster-12v-1250a-31wh-lithium-jump-starter-starta-uzladesana-ierice\/#breadcrumb\"},\"inLanguage\":\"ru-RU\",\"potentialAction\":[{\"@type\":\"ReadAction\",\"target\":[\"https:\/\/akum.lv\/ru\/prece\/noco-genius-gbx45-booster-12v-1250a-31wh-lithium-jump-starter-starta-uzladesana-ierice\/\"]}]},{\"@type\":\"ImageObject\",\"inLanguage\":\"ru-RU\",\"@id\":\"https:\/\/akum.lv\/ru\/prece\/noco-genius-gbx45-booster-12v-1250a-31wh-lithium-jump-starter-starta-uzladesana-ierice\/#primaryimage\",\"url\":\"https:\/\/akum.lv\/wp-content\/uploads\/2021\/09\/GBX45.jpg\",\"contentUrl\":\"https:\/\/akum.lv\/wp-content\/uploads\/2021\/09\/GBX45.jpg\",\"width\":450,\"height\":449},{\"@type\":\"BreadcrumbList\",\"@id\":\"https:\/\/akum.lv\/ru\/prece\/noco-genius-gbx45-booster-12v-1250a-31wh-lithium-jump-starter-starta-uzladesana-ierice\/#breadcrumb\",\"itemListElement\":[{\"@type\":\"ListItem\",\"position\":1,\"name\":\"\u0413\u043b\u0430\u0432\u043d\u0430\u044f \u0441\u0442\u0440\u0430\u043d\u0438\u0446\u0430\",\"item\":\"https:\/\/akum.lv\/ru\/\"},{\"@type\":\"ListItem\",\"position\":2,\"name\":\"PRECES\",\"item\":\"https:\/\/akum.lv\/produkti-preces\/\"},{\"@type\":\"ListItem\",\"position\":3,\"name\":\"NOCO Genius GBX45 Booster 12V 1250A 31Wh Lithium Jump Starter, Starta-uzl\u0101d\u0113\u0161ana ier\u012bce\"}]},{\"@type\":\"WebSite\",\"@id\":\"https:\/\/akum.lv\/#website\",\"url\":\"https:\/\/akum.lv\/\",\"name\":\"www.akum.lv\",\"description\":\"Akumulatoru p\u0101rdev\u0113js | \u041f\u0440\u043e\u0434\u0430\u0432\u0435\u0446 \u0430\u043a\u043a\u0443\u043c\u0443\u043b\u044f\u0442\u043e\u0440\u043e\u0432 | Battery seller\",\"publisher\":{\"@id\":\"https:\/\/akum.lv\/#organization\"},\"potentialAction\":[{\"@type\":\"SearchAction\",\"target\":{\"@type\":\"EntryPoint\",\"urlTemplate\":\"https:\/\/akum.lv\/?s={search_term_string}\"},\"query-input\":{\"@type\":\"PropertyValueSpecification\",\"valueRequired\":true,\"valueName\":\"search_term_string\"}}],\"inLanguage\":\"ru-RU\"},{\"@type\":\"Organization\",\"@id\":\"https:\/\/akum.lv\/#organization\",\"name\":\"HubEnergy\",\"url\":\"https:\/\/akum.lv\/\",\"logo\":{\"@type\":\"ImageObject\",\"inLanguage\":\"ru-RU\",\"@id\":\"https:\/\/akum.lv\/#\/schema\/logo\/image\/\",\"url\":\"https:\/\/akum.lv\/wp-content\/uploads\/2018\/08\/Logo-hub-energy-2018-seller-dark-blue.png\",\"contentUrl\":\"https:\/\/akum.lv\/wp-content\/uploads\/2018\/08\/Logo-hub-energy-2018-seller-dark-blue.png\",\"width\":381,\"height\":75,\"caption\":\"HubEnergy\"},\"image\":{\"@id\":\"https:\/\/akum.lv\/#\/schema\/logo\/image\/\"}}]}<\/script>\n<!-- \/ Yoast SEO plugin. -->","yoast_head_json":{"title":"NOCO Genius GBX45 Booster 12V 1250A 31Wh Lithium Jump Starter, Starta-uzl\u0101d\u0113\u0161ana ier\u012bce - www.akum.lv","robots":{"index":"index","follow":"follow","max-snippet":"max-snippet:-1","max-image-preview":"max-image-preview:large","max-video-preview":"max-video-preview:-1"},"canonical":"https:\/\/akum.lv\/ru\/prece\/noco-genius-gbx45-booster-12v-1250a-31wh-lithium-jump-starter-starta-uzladesana-ierice\/","og_locale":"ru_RU","og_type":"article","og_title":"NOCO Genius GBX45 Booster 12V 1250A 31Wh Lithium Jump Starter, Starta-uzl\u0101d\u0113\u0161ana ier\u012bce - www.akum.lv","og_description":"NOCO Genius GBX45 Booster 12V 1250A 31Wh Lithium Jump Starter, Starta-uzl\u0101d\u0113\u0161ana ier\u012bce  Dzin\u0113ja iedarbin\u0101\u0161anas pal\u012bgier\u012bce Noco Booster GBX45 ir kompakta, sp\u0113c\u012bga 12V 1250A litija pal\u012bgier\u012bce dzin\u0113ja iedarbin\u0101\u0161anai gad\u012bjumos, kad ir izl\u0101d\u0113jies akumulators. Atkar\u012bb\u0101 no gaisa temperat\u016bras GBX45 iesaka benz\u012bna un d\u012bze\u013cdzin\u0113jiem ar tilpumu l\u012bdz attiec\u012bgi 5 un 3 litriem. Piem\u0113rots automa\u0161\u012bnu, motociklu, kravas automa\u0161\u012bnu, ATV, laivu, RV, furgonu, SUV, traktori\u0146u un citu transporta l\u012bdzek\u013cu iedarbin\u0101\u0161anai. Apr\u012bkots ar USB-C tehnolo\u0123iju, kas apvienojum\u0101 ar ener\u0123ijas pieg\u0101di nodro\u0161ina zibens\u0101tru uzl\u0101di. Piln\u012bb\u0101 uzl\u0101d\u0113jas tikai 48 min\u016b\u0161u laik\u0101, vai ar\u012b p\u0113c 5 min. no izl\u0101des l\u012bdz darba s\u0101kumam. Autom\u0101tiska ener\u0123ijas taup\u012b\u0161anas funkcija. Ja dzin\u0113ju nav izdevies iedarbin\u0101t 60 sek. laik\u0101, ier\u012bce ir j\u0101izsl\u0113dz un p\u0113c tam atkal j\u0101iesl\u0113dz, lai s\u0101ktu jaunu iedarbin\u0101\u0161anu. Ar \u0161o ier\u012bci iesp\u0113jams uzl\u0101d\u0113t ar\u012b j\u016bsu iecien\u012bt\u0101k\u0101s 12V USB-C ier\u012bces, piem\u0113ram, mobilos t\u0101lru\u0146us, plan\u0161etdatorus, kl\u0113pjdatorus un citas p\u0101rn\u0113s\u0101jam\u0101s ier\u012bces. Ier\u012bcei ir patent\u0113ta UltraSafe tehnolo\u0123ija, kas nodro\u0161ina dro\u0161u kontaktu bez dzirkste\u013co\u0161anas, k\u0101 ar\u012b nodro\u0161ina pret\u0113j\u0101s polarit\u0101tes aizsardz\u012bbu, kas \u0161o iek\u0101rtu padara dro\u0161u un \u0113rti lietojamu ikvienam.  Technical Specifications. What's In The Box  GBX45 Lithium Jump Starter HD Precision Battery Clamps 24in USB-A to USB-C Cable Microfiber Storage Bag User Guide &amp; Warranty Information  Starting Current - 1,250 Amps (Peak) Battery Types - 12 Volt Lead-Acid Batteries Internal Battery - 31 Watt-Hour Lithium-Ion USB Input - USB-C: 5V 1.5A\/9V 3A\/12V 3A\/15V 3A\/20V 3A USB Output - USB-A: 5VDC 2.1A Max \/ 10W Max USB-C: 5V 3A\/9V 3A\/12V 3A\/15V 3A\/20V 3A Gas\/Petrol Engine Rating - 6.5 Liters Diesel Engine Rating - 4.0 Liters LED Flashlight - 100 Lumens  Product Size Height: 6.8 Inches (172.72 mm) Width: 3.3 Inches (83.82mm) Depth: 2.1 Inches (53.34mm) Weight (GBX45): 1.30lbs (0.59kg) Weight (GBX45 &amp; Clamps): 2.16lbs (0.98kg)  Limited Warranty - 1-Year Hassle-Free Warranty Protection - IP Rating: IP65 (w\/ Ports Closed)","og_url":"https:\/\/akum.lv\/ru\/prece\/noco-genius-gbx45-booster-12v-1250a-31wh-lithium-jump-starter-starta-uzladesana-ierice\/","og_site_name":"www.akum.lv","article_modified_time":"2026-01-06T16:01:00+00:00","og_image":[{"width":450,"height":449,"url":"https:\/\/akum.lv\/wp-content\/uploads\/2021\/09\/GBX45.jpg","type":"image\/jpeg"}],"twitter_card":"summary_large_image","schema":{"@context":"https:\/\/schema.org","@graph":[{"@type":"WebPage","@id":"https:\/\/akum.lv\/ru\/prece\/noco-genius-gbx45-booster-12v-1250a-31wh-lithium-jump-starter-starta-uzladesana-ierice\/","url":"https:\/\/akum.lv\/ru\/prece\/noco-genius-gbx45-booster-12v-1250a-31wh-lithium-jump-starter-starta-uzladesana-ierice\/","name":"NOCO Genius GBX45 Booster 12V 1250A 31Wh Lithium Jump Starter, Starta-uzl\u0101d\u0113\u0161ana ier\u012bce - www.akum.lv","isPartOf":{"@id":"https:\/\/akum.lv\/#website"},"primaryImageOfPage":{"@id":"https:\/\/akum.lv\/ru\/prece\/noco-genius-gbx45-booster-12v-1250a-31wh-lithium-jump-starter-starta-uzladesana-ierice\/#primaryimage"},"image":{"@id":"https:\/\/akum.lv\/ru\/prece\/noco-genius-gbx45-booster-12v-1250a-31wh-lithium-jump-starter-starta-uzladesana-ierice\/#primaryimage"},"thumbnailUrl":"https:\/\/akum.lv\/wp-content\/uploads\/2021\/09\/GBX45.jpg","datePublished":"2021-09-21T11:25:38+00:00","dateModified":"2026-01-06T16:01:00+00:00","breadcrumb":{"@id":"https:\/\/akum.lv\/ru\/prece\/noco-genius-gbx45-booster-12v-1250a-31wh-lithium-jump-starter-starta-uzladesana-ierice\/#breadcrumb"},"inLanguage":"ru-RU","potentialAction":[{"@type":"ReadAction","target":["https:\/\/akum.lv\/ru\/prece\/noco-genius-gbx45-booster-12v-1250a-31wh-lithium-jump-starter-starta-uzladesana-ierice\/"]}]},{"@type":"ImageObject","inLanguage":"ru-RU","@id":"https:\/\/akum.lv\/ru\/prece\/noco-genius-gbx45-booster-12v-1250a-31wh-lithium-jump-starter-starta-uzladesana-ierice\/#primaryimage","url":"https:\/\/akum.lv\/wp-content\/uploads\/2021\/09\/GBX45.jpg","contentUrl":"https:\/\/akum.lv\/wp-content\/uploads\/2021\/09\/GBX45.jpg","width":450,"height":449},{"@type":"BreadcrumbList","@id":"https:\/\/akum.lv\/ru\/prece\/noco-genius-gbx45-booster-12v-1250a-31wh-lithium-jump-starter-starta-uzladesana-ierice\/#breadcrumb","itemListElement":[{"@type":"ListItem","position":1,"name":"\u0413\u043b\u0430\u0432\u043d\u0430\u044f \u0441\u0442\u0440\u0430\u043d\u0438\u0446\u0430","item":"https:\/\/akum.lv\/ru\/"},{"@type":"ListItem","position":2,"name":"PRECES","item":"https:\/\/akum.lv\/produkti-preces\/"},{"@type":"ListItem","position":3,"name":"NOCO Genius GBX45 Booster 12V 1250A 31Wh Lithium Jump Starter, Starta-uzl\u0101d\u0113\u0161ana ier\u012bce"}]},{"@type":"WebSite","@id":"https:\/\/akum.lv\/#website","url":"https:\/\/akum.lv\/","name":"www.akum.lv","description":"Akumulatoru p\u0101rdev\u0113js | \u041f\u0440\u043e\u0434\u0430\u0432\u0435\u0446 \u0430\u043a\u043a\u0443\u043c\u0443\u043b\u044f\u0442\u043e\u0440\u043e\u0432 | Battery seller","publisher":{"@id":"https:\/\/akum.lv\/#organization"},"potentialAction":[{"@type":"SearchAction","target":{"@type":"EntryPoint","urlTemplate":"https:\/\/akum.lv\/?s={search_term_string}"},"query-input":{"@type":"PropertyValueSpecification","valueRequired":true,"valueName":"search_term_string"}}],"inLanguage":"ru-RU"},{"@type":"Organization","@id":"https:\/\/akum.lv\/#organization","name":"HubEnergy","url":"https:\/\/akum.lv\/","logo":{"@type":"ImageObject","inLanguage":"ru-RU","@id":"https:\/\/akum.lv\/#\/schema\/logo\/image\/","url":"https:\/\/akum.lv\/wp-content\/uploads\/2018\/08\/Logo-hub-energy-2018-seller-dark-blue.png","contentUrl":"https:\/\/akum.lv\/wp-content\/uploads\/2018\/08\/Logo-hub-energy-2018-seller-dark-blue.png","width":381,"height":75,"caption":"HubEnergy"},"image":{"@id":"https:\/\/akum.lv\/#\/schema\/logo\/image\/"}}]}},"brands":[{"id":332,"name":"NOCO Genius","slug":"noco-genius-ru"}],"_links":{"self":[{"href":"https:\/\/akum.lv\/ru\/wp-json\/wp\/v2\/product\/10810","targetHints":{"allow":["GET"]}}],"collection":[{"href":"https:\/\/akum.lv\/ru\/wp-json\/wp\/v2\/product"}],"about":[{"href":"https:\/\/akum.lv\/ru\/wp-json\/wp\/v2\/types\/product"}],"wp:featuredmedia":[{"embeddable":true,"href":"https:\/\/akum.lv\/ru\/wp-json\/wp\/v2\/media\/10808"}],"wp:attachment":[{"href":"https:\/\/akum.lv\/ru\/wp-json\/wp\/v2\/media?parent=10810"}],"wp:term":[{"taxonomy":"pwb-brand","embeddable":true,"href":"https:\/\/akum.lv\/ru\/wp-json\/wp\/v2\/pwb-brand?post=10810"},{"taxonomy":"product_brand","embeddable":true,"href":"https:\/\/akum.lv\/ru\/wp-json\/wp\/v2\/product_brand?post=10810"},{"taxonomy":"product_cat","embeddable":true,"href":"https:\/\/akum.lv\/ru\/wp-json\/wp\/v2\/product_cat?post=10810"},{"taxonomy":"product_tag","embeddable":true,"href":"https:\/\/akum.lv\/ru\/wp-json\/wp\/v2\/product_tag?post=10810"}],"curies":[{"name":"wp","href":"https:\/\/api.w.org\/{rel}","templated":true}]}}