{"id":9391,"date":"2020-11-11T13:33:11","date_gmt":"2020-11-11T13:33:11","guid":{"rendered":"https:\/\/akum.lv\/product\/12-8v-14ah-lithium-battery-maxli-ys12-14-lifepo4-153-6wh-l151-w99-h130\/"},"modified":"2023-02-06T13:22:03","modified_gmt":"2023-02-06T13:22:03","slug":"12-8v-14ah-lithium-battery-maxli-ys12-14-lifepo4-153-6wh-l151-w99-h130","status":"publish","type":"product","link":"https:\/\/akum.lv\/en\/prece\/12-8v-14ah-lithium-battery-maxli-ys12-14-lifepo4-153-6wh-l151-w99-h130\/","title":{"rendered":"12.8V-14Ah Lithium battery MaxLi YS12-14 LiFePO4 DEEP CYCLE (153.6Wh) L151 W99 H130"},"content":{"rendered":"","protected":false},"excerpt":{"rendered":"<p>12.8V-14Ah Lithium battery MaxLi YS12-14 LiFePO4 DEEP CYCLE (153.6Wh) L151 W99 H130<\/p>\n<p>Baterij\u0101m ar Bluetooth vai apkuri cena ir + 25,00 EUR<br \/>\n\u041d\u0430 \u0431\u0430\u0442\u0430\u0440\u0435\u0438 \u0441 \u0411\u043b\u044e\u0442\u0443\u0437 \u0438\u043b\u0438 \u0441 \u043f\u043e\u0434\u043e\u0433\u0440\u0435\u0432\u0430\u043c \u0446\u0435\u043d\u0430 + 25,00 EUR<br \/>\nOn battery with Bluetooth or a heated price + 25.00 EUR<\/p>\n<p><strong>Datasheet &#8211; <a href=\"https:\/\/akum.lv\/wp-content\/uploads\/2020\/11\/12.8V-14Ah_LiFePO4-battery_datasheet_EU.pdf\">12.8V-14Ah_LiFePO4 battery_datasheet_EU<\/a><\/strong><\/p>\n<p><span style=\"color: #ff0000;\"><em>\u012apa\u0161as cenas vairumtirgot\u0101jiem!<\/em><\/span><br \/>\n<span style=\"color: #ff0000;\"><em>P\u0113rkot akumulatoru un l\u0101d\u0113t\u0101ju, papildus atlaide!<\/em><\/span><br \/>\n<span style=\"color: #ff0000;\"><em>\u0414\u043b\u044f \u043e\u043f\u0442\u043e\u0432\u044b\u0445 \u043f\u043e\u043a\u0443\u043f\u0430\u0442\u0435\u043b\u0435\u0439 \u0441\u043f\u0435\u0446\u0438\u0430\u043b\u044c\u043d\u044b\u0435 \u0446\u0435\u043d\u044b!<\/em><\/span><br \/>\n<span style=\"color: #ff0000;\"><em>\u041f\u0440\u0438 \u043f\u043e\u043a\u0443\u043f\u043a\u0438 \u0430\u043a\u043a\u0443\u043c\u0443\u043b\u044f\u0442\u043e\u0440\u0430 \u0441 \u0437\u0430\u0440\u044f\u0434\u043d\u044b\u043c \u0443\u0441\u0442\u0440\u043e\u0439\u0441\u0442\u0432\u043e\u043c, \u0434\u043e\u043f\u043e\u043b\u043d\u0438\u0442\u0435\u043b\u044c\u043d\u0430\u044f \u0441\u043a\u0438\u0434\u043a\u0430!<\/em><\/span><br \/>\n<span style=\"color: #ff0000;\"><em>For wholesale buyers the special price!<\/em><\/span><br \/>\n<span style=\"color: #ff0000;\"><em>When buying a battery and charger, an extra discount!<\/em><\/span><\/p>\n<div class=\"woo-short-description\">\n<p><strong>PIETEIKUMI \/ \u041f\u0420\u0418\u041c\u0418\u041d\u0415\u041d\u0418\u0415 \/ APPLICATIONS<\/strong><\/p>\n<ul>\n<li><strong>gr\u012bdas ma\u0161\u012bnas, t\u012br\u012b\u0161ana \/ \u043f\u043e\u043b\u043e\u043c\u043e\u0435\u0447\u043d\u044b\u0435, \u043f\u043e\u0434\u043c\u0435\u0442\u0430\u043b\u044c\u043d\u044b\u0435 \u043c\u0430\u0448\u0438\u043d\u044b \/ floor machines, cleaning<\/strong><\/li>\n<li><strong>j\u016bras transport \/ \u0432\u043e\u0434\u043d\u044b\u0439 \u0442\u0440\u0430\u043d\u0441\u043f\u043e\u0440\u0442 \/ sea transport<\/strong><\/li>\n<li><strong>kemperi \/ \u043a\u0435\u043c\u043f\u0435\u0440\u044b \/ campers<\/strong><\/li>\n<li><strong>saules un v\u0113ja ener\u0123ija \/ \u0441\u043e\u043b\u043d\u0435\u0447\u043d\u0430\u044f \u0438 \u0432\u0435\u0442\u0440\u044f\u043d\u0430\u044f \u044d\u043d\u0435\u0440\u0433\u0438\u044f \/ solar and wind energy<\/strong><\/li>\n<li><strong>elektromotori \/ \u044d\u043b\u0435\u043a\u0442\u0440\u043e\u043c\u043e\u0442\u043e\u0440\u044b \/ electric motors<\/strong><\/li>\n<li><strong>elektriskais transports \/ \u044d\u043b\u0435\u043a\u0442\u0440\u043e\u0442\u0440\u0430\u043d\u0441\u043f\u043e\u0440\u0442 \/ electric transport<\/strong><\/li>\n<li><strong>elektrotehnika noliktavai \/ \u044d\u043b\u0435\u043a\u0442\u0440\u043e\u0442\u0435\u0445\u043d\u0438\u043a\u0430 \u0434\u043b\u044f \u0441\u043a\u043b\u0430\u0434\u0430 \/ electrical equipment for warehouse<\/strong><\/li>\n<\/ul>\n<p>Sh\u0113mas, opcijas akumulatoru savienojums:<br \/>\n\u0421\u0445\u0435\u043c\u044b, \u0432\u043e\u0437\u043c\u043e\u0436\u043d\u044b\u0435 \u0432\u0430\u0440\u0438\u0430\u043d\u0442\u044b \u043f\u043e\u0434\u043a\u043b\u044e\u0447\u0435\u043d\u0438\u044f \u0430\u043a\u043a\u0443\u043c\u0443\u043b\u044f\u0442\u043e\u0440\u043e\u0432:<br \/>\nScheme, options batteries connection:<\/p>\n<p><strong><a href=\"https:\/\/akum.lv\/wp-content\/uploads\/2020\/05\/Parallel_Series_Series-Parallel.pdf\">Parallel_Series_Series-Parallel<\/a><\/strong><\/p>\n<p><span style=\"color: #0000ff;\"><strong>Akumulatoru var apr\u012bkot ar Bluetooth.<\/strong><\/span><br \/>\n<span style=\"color: #0000ff;\"><strong>The battery can be equipped with Bluetooth.<\/strong><\/span><br \/>\n<span style=\"color: #0000ff;\"><strong>\u0410\u043a\u043a\u0443\u043c\u0443\u043b\u044f\u0442\u043e\u0440 \u043c\u043e\u0436\u0435\u0442 \u0431\u044b\u0442\u044c \u043e\u0441\u043d\u0430\u0449\u0435\u043d Bluetooth.<\/strong><\/span><\/p>\n<p><strong>Battery monitoring via Bluetooth:<\/strong><\/p>\n<p><img decoding=\"async\" src=\"https:\/\/mail.google.com\/mail\/u\/0?ui=2&amp;ik=e451a7fe93&amp;attid=0.0.1&amp;permmsgid=msg-f:1666021489984862853&amp;th=171ee5b7dab6fa85&amp;view=fimg&amp;sz=s0-l75-ft&amp;attbid=ANGjdJ-QHl4YV78caeBq-RF_grbdv80tauJGPDwF5WlvD52EXl_tHFqyQajcWAkvvm1W1u-HFIZc0VfmJzx8Ua9V_FN3bMEcaapfH_myWnuZJSg-p563e-WKJDoapt8&amp;disp=emb\" \/><\/p>\n<p><span style=\"color: #ff6600;\"><strong>Akumulatoru var apr\u012bkot ar \u012bpa\u0161u sild\u012bt\u0101ju lieto\u0161anai negat\u012bv\u0101 temperat\u016br\u0101.<\/strong><\/span><br \/>\n<span style=\"color: #ff6600;\"><strong>The battery can be equipped with a special heater for use at negative temperatures.<\/strong><\/span><br \/>\n<span style=\"color: #ff6600;\"><strong>\u0410\u043a\u043a\u0443\u043c\u0443\u043b\u044f\u0442\u043e\u0440 \u043c\u043e\u0436\u0435\u0442 \u0431\u044b\u0442\u044c \u043e\u0441\u043d\u0430\u0449\u0435\u043d \u0441\u043f\u0435\u0446\u0438\u0430\u043b\u044c\u043d\u044b\u043c \u043e\u0431\u043e\u0433\u0440\u0435\u0432\u0430\u0442\u0435\u043b\u0435\u043c \u0434\u043b\u044f \u0438\u0441\u043f\u043e\u043b\u044c\u0437\u043e\u0432\u0430\u043d\u0438\u044f \u043f\u0440\u0438 \u043e\u0442\u0440\u0438\u0446\u0430\u0442\u0435\u043b\u044c\u043d\u044b\u0445 \u0442\u0435\u043c\u043f\u0435\u0440\u0430\u0442\u0443\u0440\u0430\u0445.<\/strong><\/span><\/p>\n<p><img loading=\"lazy\" decoding=\"async\" class=\"alignnone size-medium wp-image-9327\" src=\"https:\/\/akum.lv\/wp-content\/uploads\/2020\/05\/heater-battery-pic-224x300.jpg\" alt=\"\" width=\"224\" height=\"300\" srcset=\"https:\/\/akum.lv\/wp-content\/uploads\/2020\/05\/heater-battery-pic-224x300.jpg 224w, https:\/\/akum.lv\/wp-content\/uploads\/2020\/05\/heater-battery-pic.jpg 596w\" sizes=\"auto, (max-width: 224px) 100vw, 224px\" \/><\/p>\n<\/div>\n","protected":false},"featured_media":9386,"template":"","meta":[],"pwb-brand":[606],"product_brand":[],"product_cat":[638,131,128,126],"product_tag":[406,391,460,393,325],"class_list":{"0":"post-9391","1":"product","2":"type-product","3":"status-publish","4":"has-post-thumbnail","6":"pwb-brand-maxli-en","7":"product_cat-lifepo4-lithium-batteries","8":"product_cat-akumulatori-udens-transportu-en","9":"product_cat-akumulatori-laivu-elektromotoriem-eholotei","10":"product_cat-akumulatori-laivam-un-jahtam-en","11":"product_tag-batteries-and-chargers-for-cleaning-machines","12":"product_tag-batteries-and-chargers-for-construction-and-warehouse-equipment","13":"product_tag-green-energy","14":"product_tag-news","15":"product_tag-products-for-fishermans","17":"first","18":"instock","19":"taxable","20":"shipping-taxable","21":"purchasable","22":"product-type-simple"},"yoast_head":"<!-- This site is optimized with the Yoast SEO plugin v26.7 - https:\/\/yoast.com\/wordpress\/plugins\/seo\/ -->\n<title>12.8V-14Ah Lithium battery MaxLi YS12-14 LiFePO4 DEEP CYCLE (153.6Wh) L151 W99 H130 - www.akum.lv<\/title>\n<meta name=\"robots\" content=\"index, follow, max-snippet:-1, max-image-preview:large, max-video-preview:-1\" \/>\n<link rel=\"canonical\" href=\"https:\/\/akum.lv\/en\/prece\/12-8v-14ah-lithium-battery-maxli-ys12-14-lifepo4-153-6wh-l151-w99-h130\/\" \/>\n<meta property=\"og:locale\" content=\"en_US\" \/>\n<meta property=\"og:type\" content=\"article\" \/>\n<meta property=\"og:title\" content=\"12.8V-14Ah Lithium battery MaxLi YS12-14 LiFePO4 DEEP CYCLE (153.6Wh) L151 W99 H130 - www.akum.lv\" \/>\n<meta property=\"og:description\" content=\"12.8V-14Ah Lithium battery MaxLi YS12-14 LiFePO4 DEEP CYCLE (153.6Wh) L151 W99 H130  Baterij\u0101m ar Bluetooth vai apkuri cena ir + 25,00 EUR \u041d\u0430 \u0431\u0430\u0442\u0430\u0440\u0435\u0438 \u0441 \u0411\u043b\u044e\u0442\u0443\u0437 \u0438\u043b\u0438 \u0441 \u043f\u043e\u0434\u043e\u0433\u0440\u0435\u0432\u0430\u043c \u0446\u0435\u043d\u0430 + 25,00 EUR On battery with Bluetooth or a heated price + 25.00 EUR  Datasheet - 12.8V-14Ah_LiFePO4 battery_datasheet_EU  \u012apa\u0161as cenas vairumtirgot\u0101jiem! P\u0113rkot akumulatoru un l\u0101d\u0113t\u0101ju, papildus atlaide! \u0414\u043b\u044f \u043e\u043f\u0442\u043e\u0432\u044b\u0445 \u043f\u043e\u043a\u0443\u043f\u0430\u0442\u0435\u043b\u0435\u0439 \u0441\u043f\u0435\u0446\u0438\u0430\u043b\u044c\u043d\u044b\u0435 \u0446\u0435\u043d\u044b! \u041f\u0440\u0438 \u043f\u043e\u043a\u0443\u043f\u043a\u0438 \u0430\u043a\u043a\u0443\u043c\u0443\u043b\u044f\u0442\u043e\u0440\u0430 \u0441 \u0437\u0430\u0440\u044f\u0434\u043d\u044b\u043c \u0443\u0441\u0442\u0440\u043e\u0439\u0441\u0442\u0432\u043e\u043c, \u0434\u043e\u043f\u043e\u043b\u043d\u0438\u0442\u0435\u043b\u044c\u043d\u0430\u044f \u0441\u043a\u0438\u0434\u043a\u0430! For wholesale buyers the special price! When buying a battery and charger, an extra discount!   PIETEIKUMI \/ \u041f\u0420\u0418\u041c\u0418\u041d\u0415\u041d\u0418\u0415 \/ APPLICATIONS   gr\u012bdas ma\u0161\u012bnas, t\u012br\u012b\u0161ana \/ \u043f\u043e\u043b\u043e\u043c\u043e\u0435\u0447\u043d\u044b\u0435, \u043f\u043e\u0434\u043c\u0435\u0442\u0430\u043b\u044c\u043d\u044b\u0435 \u043c\u0430\u0448\u0438\u043d\u044b \/ floor machines, cleaning  j\u016bras transport \/ \u0432\u043e\u0434\u043d\u044b\u0439 \u0442\u0440\u0430\u043d\u0441\u043f\u043e\u0440\u0442 \/ sea transport  kemperi \/ \u043a\u0435\u043c\u043f\u0435\u0440\u044b \/ campers  saules un v\u0113ja ener\u0123ija \/ \u0441\u043e\u043b\u043d\u0435\u0447\u043d\u0430\u044f \u0438 \u0432\u0435\u0442\u0440\u044f\u043d\u0430\u044f \u044d\u043d\u0435\u0440\u0433\u0438\u044f \/ solar and wind energy  elektromotori \/ \u044d\u043b\u0435\u043a\u0442\u0440\u043e\u043c\u043e\u0442\u043e\u0440\u044b \/ electric motors  elektriskais transports \/ \u044d\u043b\u0435\u043a\u0442\u0440\u043e\u0442\u0440\u0430\u043d\u0441\u043f\u043e\u0440\u0442 \/ electric transport  elektrotehnika noliktavai \/ \u044d\u043b\u0435\u043a\u0442\u0440\u043e\u0442\u0435\u0445\u043d\u0438\u043a\u0430 \u0434\u043b\u044f \u0441\u043a\u043b\u0430\u0434\u0430 \/ electrical equipment for warehouse  Sh\u0113mas, opcijas akumulatoru savienojums: \u0421\u0445\u0435\u043c\u044b, \u0432\u043e\u0437\u043c\u043e\u0436\u043d\u044b\u0435 \u0432\u0430\u0440\u0438\u0430\u043d\u0442\u044b \u043f\u043e\u0434\u043a\u043b\u044e\u0447\u0435\u043d\u0438\u044f \u0430\u043a\u043a\u0443\u043c\u0443\u043b\u044f\u0442\u043e\u0440\u043e\u0432: Scheme, options batteries connection:  Parallel_Series_Series-Parallel  Akumulatoru var apr\u012bkot ar Bluetooth. The battery can be equipped with Bluetooth. \u0410\u043a\u043a\u0443\u043c\u0443\u043b\u044f\u0442\u043e\u0440 \u043c\u043e\u0436\u0435\u0442 \u0431\u044b\u0442\u044c \u043e\u0441\u043d\u0430\u0449\u0435\u043d Bluetooth.  Battery monitoring via Bluetooth:    Akumulatoru var apr\u012bkot ar \u012bpa\u0161u sild\u012bt\u0101ju lieto\u0161anai negat\u012bv\u0101 temperat\u016br\u0101. The battery can be equipped with a special heater for use at negative temperatures. \u0410\u043a\u043a\u0443\u043c\u0443\u043b\u044f\u0442\u043e\u0440 \u043c\u043e\u0436\u0435\u0442 \u0431\u044b\u0442\u044c \u043e\u0441\u043d\u0430\u0449\u0435\u043d \u0441\u043f\u0435\u0446\u0438\u0430\u043b\u044c\u043d\u044b\u043c \u043e\u0431\u043e\u0433\u0440\u0435\u0432\u0430\u0442\u0435\u043b\u0435\u043c \u0434\u043b\u044f \u0438\u0441\u043f\u043e\u043b\u044c\u0437\u043e\u0432\u0430\u043d\u0438\u044f \u043f\u0440\u0438 \u043e\u0442\u0440\u0438\u0446\u0430\u0442\u0435\u043b\u044c\u043d\u044b\u0445 \u0442\u0435\u043c\u043f\u0435\u0440\u0430\u0442\u0443\u0440\u0430\u0445.\" \/>\n<meta property=\"og:url\" content=\"https:\/\/akum.lv\/en\/prece\/12-8v-14ah-lithium-battery-maxli-ys12-14-lifepo4-153-6wh-l151-w99-h130\/\" \/>\n<meta property=\"og:site_name\" content=\"www.akum.lv\" \/>\n<meta property=\"article:modified_time\" content=\"2023-02-06T13:22:03+00:00\" \/>\n<meta property=\"og:image\" content=\"https:\/\/akum.lv\/wp-content\/uploads\/2020\/11\/12V-14Ah-battery.jpg\" \/>\n\t<meta property=\"og:image:width\" content=\"500\" \/>\n\t<meta property=\"og:image:height\" content=\"406\" \/>\n\t<meta property=\"og:image:type\" content=\"image\/jpeg\" \/>\n<meta name=\"twitter:card\" content=\"summary_large_image\" \/>\n<script type=\"application\/ld+json\" class=\"yoast-schema-graph\">{\"@context\":\"https:\/\/schema.org\",\"@graph\":[{\"@type\":\"WebPage\",\"@id\":\"https:\/\/akum.lv\/en\/prece\/12-8v-14ah-lithium-battery-maxli-ys12-14-lifepo4-153-6wh-l151-w99-h130\/\",\"url\":\"https:\/\/akum.lv\/en\/prece\/12-8v-14ah-lithium-battery-maxli-ys12-14-lifepo4-153-6wh-l151-w99-h130\/\",\"name\":\"12.8V-14Ah Lithium battery MaxLi YS12-14 LiFePO4 DEEP CYCLE (153.6Wh) L151 W99 H130 - www.akum.lv\",\"isPartOf\":{\"@id\":\"https:\/\/akum.lv\/#website\"},\"primaryImageOfPage\":{\"@id\":\"https:\/\/akum.lv\/en\/prece\/12-8v-14ah-lithium-battery-maxli-ys12-14-lifepo4-153-6wh-l151-w99-h130\/#primaryimage\"},\"image\":{\"@id\":\"https:\/\/akum.lv\/en\/prece\/12-8v-14ah-lithium-battery-maxli-ys12-14-lifepo4-153-6wh-l151-w99-h130\/#primaryimage\"},\"thumbnailUrl\":\"https:\/\/akum.lv\/wp-content\/uploads\/2020\/11\/12V-14Ah-battery.jpg\",\"datePublished\":\"2020-11-11T13:33:11+00:00\",\"dateModified\":\"2023-02-06T13:22:03+00:00\",\"breadcrumb\":{\"@id\":\"https:\/\/akum.lv\/en\/prece\/12-8v-14ah-lithium-battery-maxli-ys12-14-lifepo4-153-6wh-l151-w99-h130\/#breadcrumb\"},\"inLanguage\":\"en-US\",\"potentialAction\":[{\"@type\":\"ReadAction\",\"target\":[\"https:\/\/akum.lv\/en\/prece\/12-8v-14ah-lithium-battery-maxli-ys12-14-lifepo4-153-6wh-l151-w99-h130\/\"]}]},{\"@type\":\"ImageObject\",\"inLanguage\":\"en-US\",\"@id\":\"https:\/\/akum.lv\/en\/prece\/12-8v-14ah-lithium-battery-maxli-ys12-14-lifepo4-153-6wh-l151-w99-h130\/#primaryimage\",\"url\":\"https:\/\/akum.lv\/wp-content\/uploads\/2020\/11\/12V-14Ah-battery.jpg\",\"contentUrl\":\"https:\/\/akum.lv\/wp-content\/uploads\/2020\/11\/12V-14Ah-battery.jpg\",\"width\":500,\"height\":406},{\"@type\":\"BreadcrumbList\",\"@id\":\"https:\/\/akum.lv\/en\/prece\/12-8v-14ah-lithium-battery-maxli-ys12-14-lifepo4-153-6wh-l151-w99-h130\/#breadcrumb\",\"itemListElement\":[{\"@type\":\"ListItem\",\"position\":1,\"name\":\"\u0413\u043b\u0430\u0432\u043d\u0430\u044f \u0441\u0442\u0440\u0430\u043d\u0438\u0446\u0430\",\"item\":\"https:\/\/akum.lv\/en\/\"},{\"@type\":\"ListItem\",\"position\":2,\"name\":\"PRECES\",\"item\":\"https:\/\/akum.lv\/produkti-preces\/\"},{\"@type\":\"ListItem\",\"position\":3,\"name\":\"12.8V-14Ah Lithium battery MaxLi YS12-14 LiFePO4 DEEP CYCLE (153.6Wh) L151 W99 H130\"}]},{\"@type\":\"WebSite\",\"@id\":\"https:\/\/akum.lv\/#website\",\"url\":\"https:\/\/akum.lv\/\",\"name\":\"www.akum.lv\",\"description\":\"Akumulatoru p\u0101rdev\u0113js | \u041f\u0440\u043e\u0434\u0430\u0432\u0435\u0446 \u0430\u043a\u043a\u0443\u043c\u0443\u043b\u044f\u0442\u043e\u0440\u043e\u0432 | Battery seller\",\"publisher\":{\"@id\":\"https:\/\/akum.lv\/#organization\"},\"potentialAction\":[{\"@type\":\"SearchAction\",\"target\":{\"@type\":\"EntryPoint\",\"urlTemplate\":\"https:\/\/akum.lv\/?s={search_term_string}\"},\"query-input\":{\"@type\":\"PropertyValueSpecification\",\"valueRequired\":true,\"valueName\":\"search_term_string\"}}],\"inLanguage\":\"en-US\"},{\"@type\":\"Organization\",\"@id\":\"https:\/\/akum.lv\/#organization\",\"name\":\"HubEnergy\",\"url\":\"https:\/\/akum.lv\/\",\"logo\":{\"@type\":\"ImageObject\",\"inLanguage\":\"en-US\",\"@id\":\"https:\/\/akum.lv\/#\/schema\/logo\/image\/\",\"url\":\"https:\/\/akum.lv\/wp-content\/uploads\/2018\/08\/Logo-hub-energy-2018-seller-dark-blue.png\",\"contentUrl\":\"https:\/\/akum.lv\/wp-content\/uploads\/2018\/08\/Logo-hub-energy-2018-seller-dark-blue.png\",\"width\":381,\"height\":75,\"caption\":\"HubEnergy\"},\"image\":{\"@id\":\"https:\/\/akum.lv\/#\/schema\/logo\/image\/\"}}]}<\/script>\n<!-- \/ Yoast SEO plugin. -->","yoast_head_json":{"title":"12.8V-14Ah Lithium battery MaxLi YS12-14 LiFePO4 DEEP CYCLE (153.6Wh) L151 W99 H130 - www.akum.lv","robots":{"index":"index","follow":"follow","max-snippet":"max-snippet:-1","max-image-preview":"max-image-preview:large","max-video-preview":"max-video-preview:-1"},"canonical":"https:\/\/akum.lv\/en\/prece\/12-8v-14ah-lithium-battery-maxli-ys12-14-lifepo4-153-6wh-l151-w99-h130\/","og_locale":"en_US","og_type":"article","og_title":"12.8V-14Ah Lithium battery MaxLi YS12-14 LiFePO4 DEEP CYCLE (153.6Wh) L151 W99 H130 - www.akum.lv","og_description":"12.8V-14Ah Lithium battery MaxLi YS12-14 LiFePO4 DEEP CYCLE (153.6Wh) L151 W99 H130  Baterij\u0101m ar Bluetooth vai apkuri cena ir + 25,00 EUR \u041d\u0430 \u0431\u0430\u0442\u0430\u0440\u0435\u0438 \u0441 \u0411\u043b\u044e\u0442\u0443\u0437 \u0438\u043b\u0438 \u0441 \u043f\u043e\u0434\u043e\u0433\u0440\u0435\u0432\u0430\u043c \u0446\u0435\u043d\u0430 + 25,00 EUR On battery with Bluetooth or a heated price + 25.00 EUR  Datasheet - 12.8V-14Ah_LiFePO4 battery_datasheet_EU  \u012apa\u0161as cenas vairumtirgot\u0101jiem! P\u0113rkot akumulatoru un l\u0101d\u0113t\u0101ju, papildus atlaide! \u0414\u043b\u044f \u043e\u043f\u0442\u043e\u0432\u044b\u0445 \u043f\u043e\u043a\u0443\u043f\u0430\u0442\u0435\u043b\u0435\u0439 \u0441\u043f\u0435\u0446\u0438\u0430\u043b\u044c\u043d\u044b\u0435 \u0446\u0435\u043d\u044b! \u041f\u0440\u0438 \u043f\u043e\u043a\u0443\u043f\u043a\u0438 \u0430\u043a\u043a\u0443\u043c\u0443\u043b\u044f\u0442\u043e\u0440\u0430 \u0441 \u0437\u0430\u0440\u044f\u0434\u043d\u044b\u043c \u0443\u0441\u0442\u0440\u043e\u0439\u0441\u0442\u0432\u043e\u043c, \u0434\u043e\u043f\u043e\u043b\u043d\u0438\u0442\u0435\u043b\u044c\u043d\u0430\u044f \u0441\u043a\u0438\u0434\u043a\u0430! For wholesale buyers the special price! When buying a battery and charger, an extra discount!   PIETEIKUMI \/ \u041f\u0420\u0418\u041c\u0418\u041d\u0415\u041d\u0418\u0415 \/ APPLICATIONS   gr\u012bdas ma\u0161\u012bnas, t\u012br\u012b\u0161ana \/ \u043f\u043e\u043b\u043e\u043c\u043e\u0435\u0447\u043d\u044b\u0435, \u043f\u043e\u0434\u043c\u0435\u0442\u0430\u043b\u044c\u043d\u044b\u0435 \u043c\u0430\u0448\u0438\u043d\u044b \/ floor machines, cleaning  j\u016bras transport \/ \u0432\u043e\u0434\u043d\u044b\u0439 \u0442\u0440\u0430\u043d\u0441\u043f\u043e\u0440\u0442 \/ sea transport  kemperi \/ \u043a\u0435\u043c\u043f\u0435\u0440\u044b \/ campers  saules un v\u0113ja ener\u0123ija \/ \u0441\u043e\u043b\u043d\u0435\u0447\u043d\u0430\u044f \u0438 \u0432\u0435\u0442\u0440\u044f\u043d\u0430\u044f \u044d\u043d\u0435\u0440\u0433\u0438\u044f \/ solar and wind energy  elektromotori \/ \u044d\u043b\u0435\u043a\u0442\u0440\u043e\u043c\u043e\u0442\u043e\u0440\u044b \/ electric motors  elektriskais transports \/ \u044d\u043b\u0435\u043a\u0442\u0440\u043e\u0442\u0440\u0430\u043d\u0441\u043f\u043e\u0440\u0442 \/ electric transport  elektrotehnika noliktavai \/ \u044d\u043b\u0435\u043a\u0442\u0440\u043e\u0442\u0435\u0445\u043d\u0438\u043a\u0430 \u0434\u043b\u044f \u0441\u043a\u043b\u0430\u0434\u0430 \/ electrical equipment for warehouse  Sh\u0113mas, opcijas akumulatoru savienojums: \u0421\u0445\u0435\u043c\u044b, \u0432\u043e\u0437\u043c\u043e\u0436\u043d\u044b\u0435 \u0432\u0430\u0440\u0438\u0430\u043d\u0442\u044b \u043f\u043e\u0434\u043a\u043b\u044e\u0447\u0435\u043d\u0438\u044f \u0430\u043a\u043a\u0443\u043c\u0443\u043b\u044f\u0442\u043e\u0440\u043e\u0432: Scheme, options batteries connection:  Parallel_Series_Series-Parallel  Akumulatoru var apr\u012bkot ar Bluetooth. The battery can be equipped with Bluetooth. \u0410\u043a\u043a\u0443\u043c\u0443\u043b\u044f\u0442\u043e\u0440 \u043c\u043e\u0436\u0435\u0442 \u0431\u044b\u0442\u044c \u043e\u0441\u043d\u0430\u0449\u0435\u043d Bluetooth.  Battery monitoring via Bluetooth:    Akumulatoru var apr\u012bkot ar \u012bpa\u0161u sild\u012bt\u0101ju lieto\u0161anai negat\u012bv\u0101 temperat\u016br\u0101. The battery can be equipped with a special heater for use at negative temperatures. \u0410\u043a\u043a\u0443\u043c\u0443\u043b\u044f\u0442\u043e\u0440 \u043c\u043e\u0436\u0435\u0442 \u0431\u044b\u0442\u044c \u043e\u0441\u043d\u0430\u0449\u0435\u043d \u0441\u043f\u0435\u0446\u0438\u0430\u043b\u044c\u043d\u044b\u043c \u043e\u0431\u043e\u0433\u0440\u0435\u0432\u0430\u0442\u0435\u043b\u0435\u043c \u0434\u043b\u044f \u0438\u0441\u043f\u043e\u043b\u044c\u0437\u043e\u0432\u0430\u043d\u0438\u044f \u043f\u0440\u0438 \u043e\u0442\u0440\u0438\u0446\u0430\u0442\u0435\u043b\u044c\u043d\u044b\u0445 \u0442\u0435\u043c\u043f\u0435\u0440\u0430\u0442\u0443\u0440\u0430\u0445.","og_url":"https:\/\/akum.lv\/en\/prece\/12-8v-14ah-lithium-battery-maxli-ys12-14-lifepo4-153-6wh-l151-w99-h130\/","og_site_name":"www.akum.lv","article_modified_time":"2023-02-06T13:22:03+00:00","og_image":[{"width":500,"height":406,"url":"https:\/\/akum.lv\/wp-content\/uploads\/2020\/11\/12V-14Ah-battery.jpg","type":"image\/jpeg"}],"twitter_card":"summary_large_image","schema":{"@context":"https:\/\/schema.org","@graph":[{"@type":"WebPage","@id":"https:\/\/akum.lv\/en\/prece\/12-8v-14ah-lithium-battery-maxli-ys12-14-lifepo4-153-6wh-l151-w99-h130\/","url":"https:\/\/akum.lv\/en\/prece\/12-8v-14ah-lithium-battery-maxli-ys12-14-lifepo4-153-6wh-l151-w99-h130\/","name":"12.8V-14Ah Lithium battery MaxLi YS12-14 LiFePO4 DEEP CYCLE (153.6Wh) L151 W99 H130 - www.akum.lv","isPartOf":{"@id":"https:\/\/akum.lv\/#website"},"primaryImageOfPage":{"@id":"https:\/\/akum.lv\/en\/prece\/12-8v-14ah-lithium-battery-maxli-ys12-14-lifepo4-153-6wh-l151-w99-h130\/#primaryimage"},"image":{"@id":"https:\/\/akum.lv\/en\/prece\/12-8v-14ah-lithium-battery-maxli-ys12-14-lifepo4-153-6wh-l151-w99-h130\/#primaryimage"},"thumbnailUrl":"https:\/\/akum.lv\/wp-content\/uploads\/2020\/11\/12V-14Ah-battery.jpg","datePublished":"2020-11-11T13:33:11+00:00","dateModified":"2023-02-06T13:22:03+00:00","breadcrumb":{"@id":"https:\/\/akum.lv\/en\/prece\/12-8v-14ah-lithium-battery-maxli-ys12-14-lifepo4-153-6wh-l151-w99-h130\/#breadcrumb"},"inLanguage":"en-US","potentialAction":[{"@type":"ReadAction","target":["https:\/\/akum.lv\/en\/prece\/12-8v-14ah-lithium-battery-maxli-ys12-14-lifepo4-153-6wh-l151-w99-h130\/"]}]},{"@type":"ImageObject","inLanguage":"en-US","@id":"https:\/\/akum.lv\/en\/prece\/12-8v-14ah-lithium-battery-maxli-ys12-14-lifepo4-153-6wh-l151-w99-h130\/#primaryimage","url":"https:\/\/akum.lv\/wp-content\/uploads\/2020\/11\/12V-14Ah-battery.jpg","contentUrl":"https:\/\/akum.lv\/wp-content\/uploads\/2020\/11\/12V-14Ah-battery.jpg","width":500,"height":406},{"@type":"BreadcrumbList","@id":"https:\/\/akum.lv\/en\/prece\/12-8v-14ah-lithium-battery-maxli-ys12-14-lifepo4-153-6wh-l151-w99-h130\/#breadcrumb","itemListElement":[{"@type":"ListItem","position":1,"name":"\u0413\u043b\u0430\u0432\u043d\u0430\u044f \u0441\u0442\u0440\u0430\u043d\u0438\u0446\u0430","item":"https:\/\/akum.lv\/en\/"},{"@type":"ListItem","position":2,"name":"PRECES","item":"https:\/\/akum.lv\/produkti-preces\/"},{"@type":"ListItem","position":3,"name":"12.8V-14Ah Lithium battery MaxLi YS12-14 LiFePO4 DEEP CYCLE (153.6Wh) L151 W99 H130"}]},{"@type":"WebSite","@id":"https:\/\/akum.lv\/#website","url":"https:\/\/akum.lv\/","name":"www.akum.lv","description":"Akumulatoru p\u0101rdev\u0113js | \u041f\u0440\u043e\u0434\u0430\u0432\u0435\u0446 \u0430\u043a\u043a\u0443\u043c\u0443\u043b\u044f\u0442\u043e\u0440\u043e\u0432 | Battery seller","publisher":{"@id":"https:\/\/akum.lv\/#organization"},"potentialAction":[{"@type":"SearchAction","target":{"@type":"EntryPoint","urlTemplate":"https:\/\/akum.lv\/?s={search_term_string}"},"query-input":{"@type":"PropertyValueSpecification","valueRequired":true,"valueName":"search_term_string"}}],"inLanguage":"en-US"},{"@type":"Organization","@id":"https:\/\/akum.lv\/#organization","name":"HubEnergy","url":"https:\/\/akum.lv\/","logo":{"@type":"ImageObject","inLanguage":"en-US","@id":"https:\/\/akum.lv\/#\/schema\/logo\/image\/","url":"https:\/\/akum.lv\/wp-content\/uploads\/2018\/08\/Logo-hub-energy-2018-seller-dark-blue.png","contentUrl":"https:\/\/akum.lv\/wp-content\/uploads\/2018\/08\/Logo-hub-energy-2018-seller-dark-blue.png","width":381,"height":75,"caption":"HubEnergy"},"image":{"@id":"https:\/\/akum.lv\/#\/schema\/logo\/image\/"}}]}},"brands":[{"id":606,"name":"MaxLi","slug":"maxli-en"}],"_links":{"self":[{"href":"https:\/\/akum.lv\/en\/wp-json\/wp\/v2\/product\/9391","targetHints":{"allow":["GET"]}}],"collection":[{"href":"https:\/\/akum.lv\/en\/wp-json\/wp\/v2\/product"}],"about":[{"href":"https:\/\/akum.lv\/en\/wp-json\/wp\/v2\/types\/product"}],"wp:featuredmedia":[{"embeddable":true,"href":"https:\/\/akum.lv\/en\/wp-json\/wp\/v2\/media\/9386"}],"wp:attachment":[{"href":"https:\/\/akum.lv\/en\/wp-json\/wp\/v2\/media?parent=9391"}],"wp:term":[{"taxonomy":"pwb-brand","embeddable":true,"href":"https:\/\/akum.lv\/en\/wp-json\/wp\/v2\/pwb-brand?post=9391"},{"taxonomy":"product_brand","embeddable":true,"href":"https:\/\/akum.lv\/en\/wp-json\/wp\/v2\/product_brand?post=9391"},{"taxonomy":"product_cat","embeddable":true,"href":"https:\/\/akum.lv\/en\/wp-json\/wp\/v2\/product_cat?post=9391"},{"taxonomy":"product_tag","embeddable":true,"href":"https:\/\/akum.lv\/en\/wp-json\/wp\/v2\/product_tag?post=9391"}],"curies":[{"name":"wp","href":"https:\/\/api.w.org\/{rel}","templated":true}]}}