{"id":8699,"date":"2020-08-13T20:44:03","date_gmt":"2020-08-13T20:44:03","guid":{"rendered":"https:\/\/akum.lv\/veikals\/uncategorized\/12-8v-200ah-lithium-battery-maxli-ys12-200-c-lifepo4-2560wh-l523-w235-h222\/"},"modified":"2023-02-21T13:19:48","modified_gmt":"2023-02-21T13:19:48","slug":"12-8v-200ah-lithium-battery-maxli-ys12-200-c-lifepo4-2560wh-l523-w235-h222","status":"publish","type":"product","link":"https:\/\/akum.lv\/en\/prece\/12-8v-200ah-lithium-battery-maxli-ys12-200-c-lifepo4-2560wh-l523-w235-h222\/","title":{"rendered":"12.8V-200Ah Lithium battery MaxLi YS12-200-C LiFePO4 DEEP CYCLE (2560Wh) L523 W235 H222"},"content":{"rendered":"","protected":false},"excerpt":{"rendered":"<p class=\"western\" align=\"left\"><span style=\"font-size: 16px;\"><span lang=\"en-US\">12.8V-200Ah Lithium battery MaxLi YS12-200-C LiFePO4 DEEP CYCLE (2560Wh) L523 W235 H222<\/span><\/span><\/p>\n<p align=\"left\"><strong>Baterij\u0101m ar Bluetooth vai apkuri cena ir + 25,00 EUR<\/strong><br \/>\n<strong>\u041d\u0430 \u0431\u0430\u0442\u0430\u0440\u0435\u0438 \u0441 \u0411\u043b\u044e\u0442\u0443\u0437 \u0438\u043b\u0438 \u0441 \u043f\u043e\u0434\u043e\u0433\u0440\u0435\u0432\u0430\u043c \u0446\u0435\u043d\u0430 + 25,00 EUR<\/strong><br \/>\n<strong>On battery with Bluetooth or a heated price + 25.00 EUR<\/strong><\/p>\n<p align=\"left\"><strong>Datasheet &#8211; <a href=\"https:\/\/akum.lv\/wp-content\/uploads\/2020\/08\/12.8V-200Ah-C_LiFePO4-battery_datasheet_EU.pdf\">12.8V-200Ah-C_LiFePO4 battery_datasheet_EU<\/a><\/strong><\/p>\n<p align=\"left\"><span style=\"color: #ff0000;\"><em>\u012apa\u0161as cenas vairumtirgot\u0101jiem!<\/em><\/span><br \/>\n<span style=\"color: #ff0000;\"><em>P\u0113rkot akumulatoru un l\u0101d\u0113t\u0101ju, papildus atlaide!<\/em><\/span><br \/>\n<span style=\"color: #ff0000;\"><em>\u0414\u043b\u044f \u043e\u043f\u0442\u043e\u0432\u044b\u0445 \u043f\u043e\u043a\u0443\u043f\u0430\u0442\u0435\u043b\u0435\u0439 \u0441\u043f\u0435\u0446\u0438\u0430\u043b\u044c\u043d\u044b\u0435 \u0446\u0435\u043d\u044b!<\/em><\/span><br \/>\n<span style=\"color: #ff0000;\"><em>\u041f\u0440\u0438 \u043f\u043e\u043a\u0443\u043f\u043a\u0438 \u0430\u043a\u043a\u0443\u043c\u0443\u043b\u044f\u0442\u043e\u0440\u0430 \u0441 \u0437\u0430\u0440\u044f\u0434\u043d\u044b\u043c \u0443\u0441\u0442\u0440\u043e\u0439\u0441\u0442\u0432\u043e\u043c, \u0434\u043e\u043f\u043e\u043b\u043d\u0438\u0442\u0435\u043b\u044c\u043d\u0430\u044f \u0441\u043a\u0438\u0434\u043a\u0430!<\/em><\/span><br \/>\n<span style=\"color: #ff0000;\"><em>For wholesale buyers the special price!<\/em><\/span><br \/>\n<span style=\"color: #ff0000;\"><em>When buying a battery and charger, an extra discount!<\/em><\/span><\/p>\n<p><strong>PIETEIKUMI \/ \u041f\u0420\u0418\u041c\u0418\u041d\u0415\u041d\u0418\u0415 \/ APPLICATIONS<\/strong><\/p>\n<ul>\n<li><strong>gr\u012bdas ma\u0161\u012bnas, t\u012br\u012b\u0161ana \/ \u043f\u043e\u043b\u043e\u043c\u043e\u0435\u0447\u043d\u044b\u0435, \u043f\u043e\u0434\u043c\u0435\u0442\u0430\u043b\u044c\u043d\u044b\u0435 \u043c\u0430\u0448\u0438\u043d\u044b \/ floor machines, cleaning<\/strong><\/li>\n<li><strong>j\u016bras transport \/ \u0432\u043e\u0434\u043d\u044b\u0439 \u0442\u0440\u0430\u043d\u0441\u043f\u043e\u0440\u0442 \/ sea transport<\/strong><\/li>\n<li><strong>kemperi \/ \u043a\u0435\u043c\u043f\u0435\u0440\u044b \/ campers<\/strong><\/li>\n<li><strong>saules un v\u0113ja ener\u0123ija \/ \u0441\u043e\u043b\u043d\u0435\u0447\u043d\u0430\u044f \u0438 \u0432\u0435\u0442\u0440\u044f\u043d\u0430\u044f \u044d\u043d\u0435\u0440\u0433\u0438\u044f \/ solar and wind energy<\/strong><\/li>\n<li><strong>elektromotori \/ \u044d\u043b\u0435\u043a\u0442\u0440\u043e\u043c\u043e\u0442\u043e\u0440\u044b \/ electric motors<\/strong><\/li>\n<li><strong>elektriskais transports \/ \u044d\u043b\u0435\u043a\u0442\u0440\u043e\u0442\u0440\u0430\u043d\u0441\u043f\u043e\u0440\u0442 \/ electric transport<\/strong><\/li>\n<li><strong>elektrotehnika noliktavai \/ \u044d\u043b\u0435\u043a\u0442\u0440\u043e\u0442\u0435\u0445\u043d\u0438\u043a\u0430 \u0434\u043b\u044f \u0441\u043a\u043b\u0430\u0434\u0430 \/ electrical equipment for warehouse<\/strong><\/li>\n<\/ul>\n<p>Iesp\u0113jam\u0101s akumulatora savienojuma iesp\u0113jas:<br \/>\n\u0412\u043e\u0437\u043c\u043e\u0436\u043d\u044b\u0435 \u0432\u0430\u0440\u0438\u0430\u043d\u0442\u044b \u043f\u043e\u0434\u043a\u043b\u044e\u0447\u0435\u043d\u0438\u044f \u0431\u0430\u0442\u0430\u0440\u0435\u0439:<br \/>\nPossible batteries connections:<\/p>\n<p><strong><a href=\"https:\/\/akum.lv\/wp-content\/uploads\/2020\/05\/Parallel_Series_Series-Parallel.pdf\">Parallel_Series_Series-Parallel<\/a><\/strong><\/p>\n<p><strong><span style=\"color: #0000ff;\">Akumulatoru var apr\u012bkot ar Bluetooth<\/span><\/strong><br \/>\n<strong><span style=\"color: #0000ff;\">The battery can be equipped with Bluetooth<\/span><\/strong><br \/>\n<strong><span style=\"color: #0000ff;\">\u0410\u043a\u043a\u0443\u043c\u0443\u043b\u044f\u0442\u043e\u0440 \u043c\u043e\u0436\u0435\u0442 \u0431\u044b\u0442\u044c \u043e\u0441\u043d\u0430\u0449\u0435\u043d Bluetooth<\/span><\/strong><\/p>\n<p><strong>Battery monitoring via Bluetooth:<\/strong><\/p>\n<p><img decoding=\"async\" src=\"https:\/\/mail.google.com\/mail\/u\/0?ui=2&amp;ik=e451a7fe93&amp;attid=0.0.1&amp;permmsgid=msg-f:1666021489984862853&amp;th=171ee5b7dab6fa85&amp;view=fimg&amp;sz=s0-l75-ft&amp;attbid=ANGjdJ-QHl4YV78caeBq-RF_grbdv80tauJGPDwF5WlvD52EXl_tHFqyQajcWAkvvm1W1u-HFIZc0VfmJzx8Ua9V_FN3bMEcaapfH_myWnuZJSg-p563e-WKJDoapt8&amp;disp=emb\" \/><\/p>\n<div class=\"woo-short-description\">\n<p><strong><span style=\"color: #ff6600;\">Akumulatoru var apr\u012bkot ar \u012bpa\u0161u sild\u012bt\u0101ju lieto\u0161anai negat\u012bv\u0101 temperat\u016br\u0101.<\/span><\/strong><br \/>\n<strong><span style=\"color: #ff6600;\">The battery can be equipped with a special heater for use at negative temperatures.<\/span><\/strong><br \/>\n<strong><span style=\"color: #ff6600;\">\u0410\u043a\u043a\u0443\u043c\u0443\u043b\u044f\u0442\u043e\u0440 \u043c\u043e\u0436\u0435\u0442 \u0431\u044b\u0442\u044c \u043e\u0441\u043d\u0430\u0449\u0435\u043d \u0441\u043f\u0435\u0446\u0438\u0430\u043b\u044c\u043d\u044b\u043c \u043e\u0431\u043e\u0433\u0440\u0435\u0432\u0430\u0442\u0435\u043b\u0435\u043c \u0434\u043b\u044f \u0438\u0441\u043f\u043e\u043b\u044c\u0437\u043e\u0432\u0430\u043d\u0438\u044f \u043f\u0440\u0438 \u043e\u0442\u0440\u0438\u0446\u0430\u0442\u0435\u043b\u044c\u043d\u044b\u0445 \u0442\u0435\u043c\u043f\u0435\u0440\u0430\u0442\u0443\u0440\u0430\u0445.<\/span><\/strong><\/p>\n<p><img loading=\"lazy\" decoding=\"async\" class=\"alignnone size-medium wp-image-9327\" src=\"https:\/\/akum.lv\/wp-content\/uploads\/2020\/05\/heater-battery-pic-224x300.jpg\" alt=\"\" width=\"224\" height=\"300\" srcset=\"https:\/\/akum.lv\/wp-content\/uploads\/2020\/05\/heater-battery-pic-224x300.jpg 224w, https:\/\/akum.lv\/wp-content\/uploads\/2020\/05\/heater-battery-pic.jpg 596w\" sizes=\"auto, (max-width: 224px) 100vw, 224px\" \/><\/p>\n<\/div>\n","protected":false},"featured_media":8691,"template":"","meta":[],"pwb-brand":[606],"product_brand":[],"product_cat":[638,487,131,128,126,161,130,615],"product_tag":[406,391,460,393,325],"class_list":{"0":"post-8699","1":"product","2":"type-product","3":"status-publish","4":"has-post-thumbnail","6":"pwb-brand-maxli-en","7":"product_cat-lifepo4-lithium-batteries","8":"product_cat-green-energy","9":"product_cat-akumulatori-udens-transportu-en","10":"product_cat-akumulatori-laivu-elektromotoriem-eholotei","11":"product_cat-akumulatori-laivam-un-jahtam-en","12":"product_cat-akumulatori-elektro-transportam","13":"product_cat-batteries-for-scissor-platforms-construction-and-warehouse-machinery","14":"product_cat-batteries-cleaning-equipment","15":"product_tag-batteries-and-chargers-for-cleaning-machines","16":"product_tag-batteries-and-chargers-for-construction-and-warehouse-equipment","17":"product_tag-green-energy","18":"product_tag-news","19":"product_tag-products-for-fishermans","20":"pif-has-gallery","22":"first","23":"instock","24":"taxable","25":"shipping-taxable","26":"purchasable","27":"product-type-simple"},"yoast_head":"<!-- This site is optimized with the Yoast SEO plugin v26.7 - https:\/\/yoast.com\/wordpress\/plugins\/seo\/ -->\n<title>12.8V-200Ah Lithium battery MaxLi YS12-200-C LiFePO4 DEEP CYCLE (2560Wh) L523 W235 H222 - www.akum.lv<\/title>\n<meta name=\"robots\" content=\"index, follow, max-snippet:-1, max-image-preview:large, max-video-preview:-1\" \/>\n<link rel=\"canonical\" href=\"https:\/\/akum.lv\/en\/prece\/12-8v-200ah-lithium-battery-maxli-ys12-200-c-lifepo4-2560wh-l523-w235-h222\/\" \/>\n<meta property=\"og:locale\" content=\"en_US\" \/>\n<meta property=\"og:type\" content=\"article\" \/>\n<meta property=\"og:title\" content=\"12.8V-200Ah Lithium battery MaxLi YS12-200-C LiFePO4 DEEP CYCLE (2560Wh) L523 W235 H222 - www.akum.lv\" \/>\n<meta property=\"og:description\" content=\"12.8V-200Ah Lithium battery MaxLi YS12-200-C LiFePO4 DEEP CYCLE (2560Wh) L523 W235 H222 Baterij\u0101m ar Bluetooth vai apkuri cena ir + 25,00 EUR \u041d\u0430 \u0431\u0430\u0442\u0430\u0440\u0435\u0438 \u0441 \u0411\u043b\u044e\u0442\u0443\u0437 \u0438\u043b\u0438 \u0441 \u043f\u043e\u0434\u043e\u0433\u0440\u0435\u0432\u0430\u043c \u0446\u0435\u043d\u0430 + 25,00 EUR On battery with Bluetooth or a heated price + 25.00 EUR Datasheet - 12.8V-200Ah-C_LiFePO4 battery_datasheet_EU \u012apa\u0161as cenas vairumtirgot\u0101jiem! P\u0113rkot akumulatoru un l\u0101d\u0113t\u0101ju, papildus atlaide! \u0414\u043b\u044f \u043e\u043f\u0442\u043e\u0432\u044b\u0445 \u043f\u043e\u043a\u0443\u043f\u0430\u0442\u0435\u043b\u0435\u0439 \u0441\u043f\u0435\u0446\u0438\u0430\u043b\u044c\u043d\u044b\u0435 \u0446\u0435\u043d\u044b! \u041f\u0440\u0438 \u043f\u043e\u043a\u0443\u043f\u043a\u0438 \u0430\u043a\u043a\u0443\u043c\u0443\u043b\u044f\u0442\u043e\u0440\u0430 \u0441 \u0437\u0430\u0440\u044f\u0434\u043d\u044b\u043c \u0443\u0441\u0442\u0440\u043e\u0439\u0441\u0442\u0432\u043e\u043c, \u0434\u043e\u043f\u043e\u043b\u043d\u0438\u0442\u0435\u043b\u044c\u043d\u0430\u044f \u0441\u043a\u0438\u0434\u043a\u0430! For wholesale buyers the special price! When buying a battery and charger, an extra discount! PIETEIKUMI \/ \u041f\u0420\u0418\u041c\u0418\u041d\u0415\u041d\u0418\u0415 \/ APPLICATIONS   gr\u012bdas ma\u0161\u012bnas, t\u012br\u012b\u0161ana \/ \u043f\u043e\u043b\u043e\u043c\u043e\u0435\u0447\u043d\u044b\u0435, \u043f\u043e\u0434\u043c\u0435\u0442\u0430\u043b\u044c\u043d\u044b\u0435 \u043c\u0430\u0448\u0438\u043d\u044b \/ floor machines, cleaning  j\u016bras transport \/ \u0432\u043e\u0434\u043d\u044b\u0439 \u0442\u0440\u0430\u043d\u0441\u043f\u043e\u0440\u0442 \/ sea transport  kemperi \/ \u043a\u0435\u043c\u043f\u0435\u0440\u044b \/ campers  saules un v\u0113ja ener\u0123ija \/ \u0441\u043e\u043b\u043d\u0435\u0447\u043d\u0430\u044f \u0438 \u0432\u0435\u0442\u0440\u044f\u043d\u0430\u044f \u044d\u043d\u0435\u0440\u0433\u0438\u044f \/ solar and wind energy  elektromotori \/ \u044d\u043b\u0435\u043a\u0442\u0440\u043e\u043c\u043e\u0442\u043e\u0440\u044b \/ electric motors  elektriskais transports \/ \u044d\u043b\u0435\u043a\u0442\u0440\u043e\u0442\u0440\u0430\u043d\u0441\u043f\u043e\u0440\u0442 \/ electric transport  elektrotehnika noliktavai \/ \u044d\u043b\u0435\u043a\u0442\u0440\u043e\u0442\u0435\u0445\u043d\u0438\u043a\u0430 \u0434\u043b\u044f \u0441\u043a\u043b\u0430\u0434\u0430 \/ electrical equipment for warehouse  Iesp\u0113jam\u0101s akumulatora savienojuma iesp\u0113jas: \u0412\u043e\u0437\u043c\u043e\u0436\u043d\u044b\u0435 \u0432\u0430\u0440\u0438\u0430\u043d\u0442\u044b \u043f\u043e\u0434\u043a\u043b\u044e\u0447\u0435\u043d\u0438\u044f \u0431\u0430\u0442\u0430\u0440\u0435\u0439: Possible batteries connections:  Parallel_Series_Series-Parallel  Akumulatoru var apr\u012bkot ar Bluetooth The battery can be equipped with Bluetooth \u0410\u043a\u043a\u0443\u043c\u0443\u043b\u044f\u0442\u043e\u0440 \u043c\u043e\u0436\u0435\u0442 \u0431\u044b\u0442\u044c \u043e\u0441\u043d\u0430\u0449\u0435\u043d Bluetooth  Battery monitoring via Bluetooth:     Akumulatoru var apr\u012bkot ar \u012bpa\u0161u sild\u012bt\u0101ju lieto\u0161anai negat\u012bv\u0101 temperat\u016br\u0101. The battery can be equipped with a special heater for use at negative temperatures. \u0410\u043a\u043a\u0443\u043c\u0443\u043b\u044f\u0442\u043e\u0440 \u043c\u043e\u0436\u0435\u0442 \u0431\u044b\u0442\u044c \u043e\u0441\u043d\u0430\u0449\u0435\u043d \u0441\u043f\u0435\u0446\u0438\u0430\u043b\u044c\u043d\u044b\u043c \u043e\u0431\u043e\u0433\u0440\u0435\u0432\u0430\u0442\u0435\u043b\u0435\u043c \u0434\u043b\u044f \u0438\u0441\u043f\u043e\u043b\u044c\u0437\u043e\u0432\u0430\u043d\u0438\u044f \u043f\u0440\u0438 \u043e\u0442\u0440\u0438\u0446\u0430\u0442\u0435\u043b\u044c\u043d\u044b\u0445 \u0442\u0435\u043c\u043f\u0435\u0440\u0430\u0442\u0443\u0440\u0430\u0445.\" \/>\n<meta property=\"og:url\" content=\"https:\/\/akum.lv\/en\/prece\/12-8v-200ah-lithium-battery-maxli-ys12-200-c-lifepo4-2560wh-l523-w235-h222\/\" \/>\n<meta property=\"og:site_name\" content=\"www.akum.lv\" \/>\n<meta property=\"article:modified_time\" content=\"2023-02-21T13:19:48+00:00\" \/>\n<meta property=\"og:image\" content=\"https:\/\/akum.lv\/wp-content\/uploads\/2020\/08\/12.8V-200Ah.1.jpg\" \/>\n\t<meta property=\"og:image:width\" content=\"600\" \/>\n\t<meta property=\"og:image:height\" content=\"439\" \/>\n\t<meta property=\"og:image:type\" content=\"image\/jpeg\" \/>\n<meta name=\"twitter:card\" content=\"summary_large_image\" \/>\n<script type=\"application\/ld+json\" class=\"yoast-schema-graph\">{\"@context\":\"https:\/\/schema.org\",\"@graph\":[{\"@type\":\"WebPage\",\"@id\":\"https:\/\/akum.lv\/en\/prece\/12-8v-200ah-lithium-battery-maxli-ys12-200-c-lifepo4-2560wh-l523-w235-h222\/\",\"url\":\"https:\/\/akum.lv\/en\/prece\/12-8v-200ah-lithium-battery-maxli-ys12-200-c-lifepo4-2560wh-l523-w235-h222\/\",\"name\":\"12.8V-200Ah Lithium battery MaxLi YS12-200-C LiFePO4 DEEP CYCLE (2560Wh) L523 W235 H222 - www.akum.lv\",\"isPartOf\":{\"@id\":\"https:\/\/akum.lv\/#website\"},\"primaryImageOfPage\":{\"@id\":\"https:\/\/akum.lv\/en\/prece\/12-8v-200ah-lithium-battery-maxli-ys12-200-c-lifepo4-2560wh-l523-w235-h222\/#primaryimage\"},\"image\":{\"@id\":\"https:\/\/akum.lv\/en\/prece\/12-8v-200ah-lithium-battery-maxli-ys12-200-c-lifepo4-2560wh-l523-w235-h222\/#primaryimage\"},\"thumbnailUrl\":\"https:\/\/akum.lv\/wp-content\/uploads\/2020\/08\/12.8V-200Ah.1.jpg\",\"datePublished\":\"2020-08-13T20:44:03+00:00\",\"dateModified\":\"2023-02-21T13:19:48+00:00\",\"breadcrumb\":{\"@id\":\"https:\/\/akum.lv\/en\/prece\/12-8v-200ah-lithium-battery-maxli-ys12-200-c-lifepo4-2560wh-l523-w235-h222\/#breadcrumb\"},\"inLanguage\":\"en-US\",\"potentialAction\":[{\"@type\":\"ReadAction\",\"target\":[\"https:\/\/akum.lv\/en\/prece\/12-8v-200ah-lithium-battery-maxli-ys12-200-c-lifepo4-2560wh-l523-w235-h222\/\"]}]},{\"@type\":\"ImageObject\",\"inLanguage\":\"en-US\",\"@id\":\"https:\/\/akum.lv\/en\/prece\/12-8v-200ah-lithium-battery-maxli-ys12-200-c-lifepo4-2560wh-l523-w235-h222\/#primaryimage\",\"url\":\"https:\/\/akum.lv\/wp-content\/uploads\/2020\/08\/12.8V-200Ah.1.jpg\",\"contentUrl\":\"https:\/\/akum.lv\/wp-content\/uploads\/2020\/08\/12.8V-200Ah.1.jpg\",\"width\":600,\"height\":439},{\"@type\":\"BreadcrumbList\",\"@id\":\"https:\/\/akum.lv\/en\/prece\/12-8v-200ah-lithium-battery-maxli-ys12-200-c-lifepo4-2560wh-l523-w235-h222\/#breadcrumb\",\"itemListElement\":[{\"@type\":\"ListItem\",\"position\":1,\"name\":\"\u0413\u043b\u0430\u0432\u043d\u0430\u044f \u0441\u0442\u0440\u0430\u043d\u0438\u0446\u0430\",\"item\":\"https:\/\/akum.lv\/en\/\"},{\"@type\":\"ListItem\",\"position\":2,\"name\":\"PRECES\",\"item\":\"https:\/\/akum.lv\/produkti-preces\/\"},{\"@type\":\"ListItem\",\"position\":3,\"name\":\"12.8V-200Ah Lithium battery MaxLi YS12-200-C LiFePO4 DEEP CYCLE (2560Wh) L523 W235 H222\"}]},{\"@type\":\"WebSite\",\"@id\":\"https:\/\/akum.lv\/#website\",\"url\":\"https:\/\/akum.lv\/\",\"name\":\"www.akum.lv\",\"description\":\"Akumulatoru p\u0101rdev\u0113js | \u041f\u0440\u043e\u0434\u0430\u0432\u0435\u0446 \u0430\u043a\u043a\u0443\u043c\u0443\u043b\u044f\u0442\u043e\u0440\u043e\u0432 | Battery seller\",\"publisher\":{\"@id\":\"https:\/\/akum.lv\/#organization\"},\"potentialAction\":[{\"@type\":\"SearchAction\",\"target\":{\"@type\":\"EntryPoint\",\"urlTemplate\":\"https:\/\/akum.lv\/?s={search_term_string}\"},\"query-input\":{\"@type\":\"PropertyValueSpecification\",\"valueRequired\":true,\"valueName\":\"search_term_string\"}}],\"inLanguage\":\"en-US\"},{\"@type\":\"Organization\",\"@id\":\"https:\/\/akum.lv\/#organization\",\"name\":\"HubEnergy\",\"url\":\"https:\/\/akum.lv\/\",\"logo\":{\"@type\":\"ImageObject\",\"inLanguage\":\"en-US\",\"@id\":\"https:\/\/akum.lv\/#\/schema\/logo\/image\/\",\"url\":\"https:\/\/akum.lv\/wp-content\/uploads\/2018\/08\/Logo-hub-energy-2018-seller-dark-blue.png\",\"contentUrl\":\"https:\/\/akum.lv\/wp-content\/uploads\/2018\/08\/Logo-hub-energy-2018-seller-dark-blue.png\",\"width\":381,\"height\":75,\"caption\":\"HubEnergy\"},\"image\":{\"@id\":\"https:\/\/akum.lv\/#\/schema\/logo\/image\/\"}}]}<\/script>\n<!-- \/ Yoast SEO plugin. -->","yoast_head_json":{"title":"12.8V-200Ah Lithium battery MaxLi YS12-200-C LiFePO4 DEEP CYCLE (2560Wh) L523 W235 H222 - www.akum.lv","robots":{"index":"index","follow":"follow","max-snippet":"max-snippet:-1","max-image-preview":"max-image-preview:large","max-video-preview":"max-video-preview:-1"},"canonical":"https:\/\/akum.lv\/en\/prece\/12-8v-200ah-lithium-battery-maxli-ys12-200-c-lifepo4-2560wh-l523-w235-h222\/","og_locale":"en_US","og_type":"article","og_title":"12.8V-200Ah Lithium battery MaxLi YS12-200-C LiFePO4 DEEP CYCLE (2560Wh) L523 W235 H222 - www.akum.lv","og_description":"12.8V-200Ah Lithium battery MaxLi YS12-200-C LiFePO4 DEEP CYCLE (2560Wh) L523 W235 H222 Baterij\u0101m ar Bluetooth vai apkuri cena ir + 25,00 EUR \u041d\u0430 \u0431\u0430\u0442\u0430\u0440\u0435\u0438 \u0441 \u0411\u043b\u044e\u0442\u0443\u0437 \u0438\u043b\u0438 \u0441 \u043f\u043e\u0434\u043e\u0433\u0440\u0435\u0432\u0430\u043c \u0446\u0435\u043d\u0430 + 25,00 EUR On battery with Bluetooth or a heated price + 25.00 EUR Datasheet - 12.8V-200Ah-C_LiFePO4 battery_datasheet_EU \u012apa\u0161as cenas vairumtirgot\u0101jiem! P\u0113rkot akumulatoru un l\u0101d\u0113t\u0101ju, papildus atlaide! \u0414\u043b\u044f \u043e\u043f\u0442\u043e\u0432\u044b\u0445 \u043f\u043e\u043a\u0443\u043f\u0430\u0442\u0435\u043b\u0435\u0439 \u0441\u043f\u0435\u0446\u0438\u0430\u043b\u044c\u043d\u044b\u0435 \u0446\u0435\u043d\u044b! \u041f\u0440\u0438 \u043f\u043e\u043a\u0443\u043f\u043a\u0438 \u0430\u043a\u043a\u0443\u043c\u0443\u043b\u044f\u0442\u043e\u0440\u0430 \u0441 \u0437\u0430\u0440\u044f\u0434\u043d\u044b\u043c \u0443\u0441\u0442\u0440\u043e\u0439\u0441\u0442\u0432\u043e\u043c, \u0434\u043e\u043f\u043e\u043b\u043d\u0438\u0442\u0435\u043b\u044c\u043d\u0430\u044f \u0441\u043a\u0438\u0434\u043a\u0430! For wholesale buyers the special price! When buying a battery and charger, an extra discount! PIETEIKUMI \/ \u041f\u0420\u0418\u041c\u0418\u041d\u0415\u041d\u0418\u0415 \/ APPLICATIONS   gr\u012bdas ma\u0161\u012bnas, t\u012br\u012b\u0161ana \/ \u043f\u043e\u043b\u043e\u043c\u043e\u0435\u0447\u043d\u044b\u0435, \u043f\u043e\u0434\u043c\u0435\u0442\u0430\u043b\u044c\u043d\u044b\u0435 \u043c\u0430\u0448\u0438\u043d\u044b \/ floor machines, cleaning  j\u016bras transport \/ \u0432\u043e\u0434\u043d\u044b\u0439 \u0442\u0440\u0430\u043d\u0441\u043f\u043e\u0440\u0442 \/ sea transport  kemperi \/ \u043a\u0435\u043c\u043f\u0435\u0440\u044b \/ campers  saules un v\u0113ja ener\u0123ija \/ \u0441\u043e\u043b\u043d\u0435\u0447\u043d\u0430\u044f \u0438 \u0432\u0435\u0442\u0440\u044f\u043d\u0430\u044f \u044d\u043d\u0435\u0440\u0433\u0438\u044f \/ solar and wind energy  elektromotori \/ \u044d\u043b\u0435\u043a\u0442\u0440\u043e\u043c\u043e\u0442\u043e\u0440\u044b \/ electric motors  elektriskais transports \/ \u044d\u043b\u0435\u043a\u0442\u0440\u043e\u0442\u0440\u0430\u043d\u0441\u043f\u043e\u0440\u0442 \/ electric transport  elektrotehnika noliktavai \/ \u044d\u043b\u0435\u043a\u0442\u0440\u043e\u0442\u0435\u0445\u043d\u0438\u043a\u0430 \u0434\u043b\u044f \u0441\u043a\u043b\u0430\u0434\u0430 \/ electrical equipment for warehouse  Iesp\u0113jam\u0101s akumulatora savienojuma iesp\u0113jas: \u0412\u043e\u0437\u043c\u043e\u0436\u043d\u044b\u0435 \u0432\u0430\u0440\u0438\u0430\u043d\u0442\u044b \u043f\u043e\u0434\u043a\u043b\u044e\u0447\u0435\u043d\u0438\u044f \u0431\u0430\u0442\u0430\u0440\u0435\u0439: Possible batteries connections:  Parallel_Series_Series-Parallel  Akumulatoru var apr\u012bkot ar Bluetooth The battery can be equipped with Bluetooth \u0410\u043a\u043a\u0443\u043c\u0443\u043b\u044f\u0442\u043e\u0440 \u043c\u043e\u0436\u0435\u0442 \u0431\u044b\u0442\u044c \u043e\u0441\u043d\u0430\u0449\u0435\u043d Bluetooth  Battery monitoring via Bluetooth:     Akumulatoru var apr\u012bkot ar \u012bpa\u0161u sild\u012bt\u0101ju lieto\u0161anai negat\u012bv\u0101 temperat\u016br\u0101. The battery can be equipped with a special heater for use at negative temperatures. \u0410\u043a\u043a\u0443\u043c\u0443\u043b\u044f\u0442\u043e\u0440 \u043c\u043e\u0436\u0435\u0442 \u0431\u044b\u0442\u044c \u043e\u0441\u043d\u0430\u0449\u0435\u043d \u0441\u043f\u0435\u0446\u0438\u0430\u043b\u044c\u043d\u044b\u043c \u043e\u0431\u043e\u0433\u0440\u0435\u0432\u0430\u0442\u0435\u043b\u0435\u043c \u0434\u043b\u044f \u0438\u0441\u043f\u043e\u043b\u044c\u0437\u043e\u0432\u0430\u043d\u0438\u044f \u043f\u0440\u0438 \u043e\u0442\u0440\u0438\u0446\u0430\u0442\u0435\u043b\u044c\u043d\u044b\u0445 \u0442\u0435\u043c\u043f\u0435\u0440\u0430\u0442\u0443\u0440\u0430\u0445.","og_url":"https:\/\/akum.lv\/en\/prece\/12-8v-200ah-lithium-battery-maxli-ys12-200-c-lifepo4-2560wh-l523-w235-h222\/","og_site_name":"www.akum.lv","article_modified_time":"2023-02-21T13:19:48+00:00","og_image":[{"width":600,"height":439,"url":"https:\/\/akum.lv\/wp-content\/uploads\/2020\/08\/12.8V-200Ah.1.jpg","type":"image\/jpeg"}],"twitter_card":"summary_large_image","schema":{"@context":"https:\/\/schema.org","@graph":[{"@type":"WebPage","@id":"https:\/\/akum.lv\/en\/prece\/12-8v-200ah-lithium-battery-maxli-ys12-200-c-lifepo4-2560wh-l523-w235-h222\/","url":"https:\/\/akum.lv\/en\/prece\/12-8v-200ah-lithium-battery-maxli-ys12-200-c-lifepo4-2560wh-l523-w235-h222\/","name":"12.8V-200Ah Lithium battery MaxLi YS12-200-C LiFePO4 DEEP CYCLE (2560Wh) L523 W235 H222 - www.akum.lv","isPartOf":{"@id":"https:\/\/akum.lv\/#website"},"primaryImageOfPage":{"@id":"https:\/\/akum.lv\/en\/prece\/12-8v-200ah-lithium-battery-maxli-ys12-200-c-lifepo4-2560wh-l523-w235-h222\/#primaryimage"},"image":{"@id":"https:\/\/akum.lv\/en\/prece\/12-8v-200ah-lithium-battery-maxli-ys12-200-c-lifepo4-2560wh-l523-w235-h222\/#primaryimage"},"thumbnailUrl":"https:\/\/akum.lv\/wp-content\/uploads\/2020\/08\/12.8V-200Ah.1.jpg","datePublished":"2020-08-13T20:44:03+00:00","dateModified":"2023-02-21T13:19:48+00:00","breadcrumb":{"@id":"https:\/\/akum.lv\/en\/prece\/12-8v-200ah-lithium-battery-maxli-ys12-200-c-lifepo4-2560wh-l523-w235-h222\/#breadcrumb"},"inLanguage":"en-US","potentialAction":[{"@type":"ReadAction","target":["https:\/\/akum.lv\/en\/prece\/12-8v-200ah-lithium-battery-maxli-ys12-200-c-lifepo4-2560wh-l523-w235-h222\/"]}]},{"@type":"ImageObject","inLanguage":"en-US","@id":"https:\/\/akum.lv\/en\/prece\/12-8v-200ah-lithium-battery-maxli-ys12-200-c-lifepo4-2560wh-l523-w235-h222\/#primaryimage","url":"https:\/\/akum.lv\/wp-content\/uploads\/2020\/08\/12.8V-200Ah.1.jpg","contentUrl":"https:\/\/akum.lv\/wp-content\/uploads\/2020\/08\/12.8V-200Ah.1.jpg","width":600,"height":439},{"@type":"BreadcrumbList","@id":"https:\/\/akum.lv\/en\/prece\/12-8v-200ah-lithium-battery-maxli-ys12-200-c-lifepo4-2560wh-l523-w235-h222\/#breadcrumb","itemListElement":[{"@type":"ListItem","position":1,"name":"\u0413\u043b\u0430\u0432\u043d\u0430\u044f \u0441\u0442\u0440\u0430\u043d\u0438\u0446\u0430","item":"https:\/\/akum.lv\/en\/"},{"@type":"ListItem","position":2,"name":"PRECES","item":"https:\/\/akum.lv\/produkti-preces\/"},{"@type":"ListItem","position":3,"name":"12.8V-200Ah Lithium battery MaxLi YS12-200-C LiFePO4 DEEP CYCLE (2560Wh) L523 W235 H222"}]},{"@type":"WebSite","@id":"https:\/\/akum.lv\/#website","url":"https:\/\/akum.lv\/","name":"www.akum.lv","description":"Akumulatoru p\u0101rdev\u0113js | \u041f\u0440\u043e\u0434\u0430\u0432\u0435\u0446 \u0430\u043a\u043a\u0443\u043c\u0443\u043b\u044f\u0442\u043e\u0440\u043e\u0432 | Battery seller","publisher":{"@id":"https:\/\/akum.lv\/#organization"},"potentialAction":[{"@type":"SearchAction","target":{"@type":"EntryPoint","urlTemplate":"https:\/\/akum.lv\/?s={search_term_string}"},"query-input":{"@type":"PropertyValueSpecification","valueRequired":true,"valueName":"search_term_string"}}],"inLanguage":"en-US"},{"@type":"Organization","@id":"https:\/\/akum.lv\/#organization","name":"HubEnergy","url":"https:\/\/akum.lv\/","logo":{"@type":"ImageObject","inLanguage":"en-US","@id":"https:\/\/akum.lv\/#\/schema\/logo\/image\/","url":"https:\/\/akum.lv\/wp-content\/uploads\/2018\/08\/Logo-hub-energy-2018-seller-dark-blue.png","contentUrl":"https:\/\/akum.lv\/wp-content\/uploads\/2018\/08\/Logo-hub-energy-2018-seller-dark-blue.png","width":381,"height":75,"caption":"HubEnergy"},"image":{"@id":"https:\/\/akum.lv\/#\/schema\/logo\/image\/"}}]}},"brands":[{"id":606,"name":"MaxLi","slug":"maxli-en"}],"_links":{"self":[{"href":"https:\/\/akum.lv\/en\/wp-json\/wp\/v2\/product\/8699","targetHints":{"allow":["GET"]}}],"collection":[{"href":"https:\/\/akum.lv\/en\/wp-json\/wp\/v2\/product"}],"about":[{"href":"https:\/\/akum.lv\/en\/wp-json\/wp\/v2\/types\/product"}],"wp:featuredmedia":[{"embeddable":true,"href":"https:\/\/akum.lv\/en\/wp-json\/wp\/v2\/media\/8691"}],"wp:attachment":[{"href":"https:\/\/akum.lv\/en\/wp-json\/wp\/v2\/media?parent=8699"}],"wp:term":[{"taxonomy":"pwb-brand","embeddable":true,"href":"https:\/\/akum.lv\/en\/wp-json\/wp\/v2\/pwb-brand?post=8699"},{"taxonomy":"product_brand","embeddable":true,"href":"https:\/\/akum.lv\/en\/wp-json\/wp\/v2\/product_brand?post=8699"},{"taxonomy":"product_cat","embeddable":true,"href":"https:\/\/akum.lv\/en\/wp-json\/wp\/v2\/product_cat?post=8699"},{"taxonomy":"product_tag","embeddable":true,"href":"https:\/\/akum.lv\/en\/wp-json\/wp\/v2\/product_tag?post=8699"}],"curies":[{"name":"wp","href":"https:\/\/api.w.org\/{rel}","templated":true}]}}