{"id":8632,"date":"2020-08-04T19:40:21","date_gmt":"2020-08-04T19:40:21","guid":{"rendered":"https:\/\/akum.lv\/veikals\/uncategorized\/q-batteries-hf-80-100-industrial-high-frequency-charger-80v-100a-by-s-p-e-ladetajs\/"},"modified":"2021-01-12T22:28:08","modified_gmt":"2021-01-12T22:28:08","slug":"q-batteries-hf-80-100-industrial-high-frequency-charger-80v-100a-by-s-p-e-ladetajs","status":"publish","type":"product","link":"https:\/\/akum.lv\/en\/prece\/q-batteries-hf-80-100-industrial-high-frequency-charger-80v-100a-by-s-p-e-ladetajs\/","title":{"rendered":"Q-Batteries HF 80-100 industrial High frequency charger 80V 100A by S.P.E. (l\u0101d\u0113t\u0101js)"},"content":{"rendered":"","protected":false},"excerpt":{"rendered":"<p>Q-Batteries HF 80-100 industrial High frequency charger 80V 100A by S.P.E. (l\u0101d\u0113t\u0101js)<\/p>\n<p>Suitable for battery capacity \u2013 550Ah \u2013 1100Ah<\/p>\n<p><strong>Datascheet &#8211; <a href=\"https:\/\/akum.lv\/wp-content\/uploads\/2018\/09\/QB_HF_Chargers.pdf\">QB_HF_Chargers<\/a><\/strong><\/p>\n<p>The energy saving Q-Batteries high frequency charger are designed to charge 24V, 48V and 80V AGM, GEL and wet batteries in forklifts, floor cleaning machines and batteries used in RV \/ caravan &amp; boat. The high frequency technology achieves a smaller type of construction and reduce energy consumption in comparison to a classic 50Hz charger.<\/p>\n<p><strong>Features<\/strong><br \/>\nSuitable for Lead-Acid, -GEL, -AGM (VRLA technology), and -WET batteries (charging curves are selectable)<br \/>\nInsensitive to input voltage fluctuations<br \/>\nLow power consumption<br \/>\nThermal protection against overheating<br \/>\nProtection against reverse polarity, short circuit and over-voltage<\/p>\n<p>SIA ,,HUB ENERGY,, \u2013 ofici\u0101lais bateriju izplat\u012bt\u0101js ,,Q-Batteries,, Latvij\u0101, Lietuv\u0101 un Igaunij\u0101.<br \/>\nSIA ,,HUB ENERGY,, \u2013 \u043e\u0444\u0438\u0446\u0438\u0430\u043b\u044c\u043d\u044b\u0439 \u0434\u0438\u0441\u0442\u0440\u0438\u0431\u044c\u044e\u0442\u043e\u0440 \u0431\u0430\u0442\u0430\u0440\u0435\u0439 ,, Q-Batteries,, \u0432 \u041b\u0430\u0442\u0432\u0438\u0438, \u041b\u0438\u0442\u0432\u0435 \u0438 \u042d\u0441\u0442\u043e\u043d\u0438\u0438.<br \/>\nSIA ,,HUB ENERGY,, \u2013 official distributor of batteries ,, Q-Batteries,, in Latvia, Lithuania and Estonia.<\/p>\n<p>Ja prece nav noliktav\u0101<br \/>\n\u0160\u012bs preces ir pieejamas p\u0113c pas\u016bt\u012bjuma!<br \/>\nPieg\u0101des laiks 5-7 darba dienas.<br \/>\n\u0415\u0441\u043b\u0438 \u0442\u043e\u0432\u0430\u0440\u0430 \u043d\u0435\u0442 \u043d\u0430 \u0441\u043a\u043b\u0430\u0434\u0435<br \/>\n\u042d\u0442\u0438 \u0442\u043e\u0432\u0430\u0440\u044b \u0434\u043e\u0441\u0442\u0443\u043f\u043d\u044b \u043f\u043e\u0434 \u0437\u0430\u043a\u0430\u0437!<br \/>\n\u0412\u0440\u0435\u043c\u044f \u043f\u043e\u0441\u0442\u0430\u0432\u043a\u0438 5-7 \u0440\u0430\u0431\u043e\u0447\u0438\u0445 \u0434\u043d\u0435\u0439<\/p>\n","protected":false},"featured_media":8630,"template":"","meta":[],"pwb-brand":[340],"product_brand":[],"product_cat":[496,684],"product_tag":[406,391,498],"class_list":{"0":"post-8632","1":"product","2":"type-product","3":"status-publish","4":"has-post-thumbnail","6":"pwb-brand-q-batteries-en","7":"product_cat-batteries-and-chargers-for-forklifts","8":"product_cat-industrial-chargers-for-electric-loader-en","9":"product_tag-batteries-and-chargers-for-cleaning-machines","10":"product_tag-batteries-and-chargers-for-construction-and-warehouse-equipment","11":"product_tag-batteries-and-chargers-for-electric-car","13":"first","14":"instock","15":"taxable","16":"shipping-taxable","17":"purchasable","18":"product-type-simple"},"yoast_head":"<!-- This site is optimized with the Yoast SEO plugin v26.7 - https:\/\/yoast.com\/wordpress\/plugins\/seo\/ -->\n<title>Q-Batteries HF 80-100 industrial High frequency charger 80V 100A by S.P.E. (l\u0101d\u0113t\u0101js) - www.akum.lv<\/title>\n<meta name=\"robots\" content=\"index, follow, max-snippet:-1, max-image-preview:large, max-video-preview:-1\" \/>\n<link rel=\"canonical\" href=\"https:\/\/akum.lv\/prece\/q-batteries-hf-80-100-industrial-high-frequency-charger-80v-100a-by-s-p-e-ladetajs\/\" \/>\n<meta property=\"og:locale\" content=\"en_US\" \/>\n<meta property=\"og:type\" content=\"article\" \/>\n<meta property=\"og:title\" content=\"Q-Batteries HF 80-100 industrial High frequency charger 80V 100A by S.P.E. (l\u0101d\u0113t\u0101js) - www.akum.lv\" \/>\n<meta property=\"og:description\" content=\"Q-Batteries HF 80-100 industrial High frequency charger 80V 100A by S.P.E. (l\u0101d\u0113t\u0101js)  Suitable for battery capacity \u2013 550Ah \u2013 1100Ah  Datascheet - QB_HF_Chargers  The energy saving Q-Batteries high frequency charger are designed to charge 24V, 48V and 80V AGM, GEL and wet batteries in forklifts, floor cleaning machines and batteries used in RV \/ caravan &amp; boat. The high frequency technology achieves a smaller type of construction and reduce energy consumption in comparison to a classic 50Hz charger.  Features Suitable for Lead-Acid, -GEL, -AGM (VRLA technology), and -WET batteries (charging curves are selectable) Insensitive to input voltage fluctuations Low power consumption Thermal protection against overheating Protection against reverse polarity, short circuit and over-voltage  SIA ,,HUB ENERGY,, \u2013 ofici\u0101lais bateriju izplat\u012bt\u0101js ,,Q-Batteries,, Latvij\u0101, Lietuv\u0101 un Igaunij\u0101. SIA ,,HUB ENERGY,, \u2013 \u043e\u0444\u0438\u0446\u0438\u0430\u043b\u044c\u043d\u044b\u0439 \u0434\u0438\u0441\u0442\u0440\u0438\u0431\u044c\u044e\u0442\u043e\u0440 \u0431\u0430\u0442\u0430\u0440\u0435\u0439 ,, Q-Batteries,, \u0432 \u041b\u0430\u0442\u0432\u0438\u0438, \u041b\u0438\u0442\u0432\u0435 \u0438 \u042d\u0441\u0442\u043e\u043d\u0438\u0438. SIA ,,HUB ENERGY,, \u2013 official distributor of batteries ,, Q-Batteries,, in Latvia, Lithuania and Estonia.  Ja prece nav noliktav\u0101 \u0160\u012bs preces ir pieejamas p\u0113c pas\u016bt\u012bjuma! Pieg\u0101des laiks 5-7 darba dienas. \u0415\u0441\u043b\u0438 \u0442\u043e\u0432\u0430\u0440\u0430 \u043d\u0435\u0442 \u043d\u0430 \u0441\u043a\u043b\u0430\u0434\u0435 \u042d\u0442\u0438 \u0442\u043e\u0432\u0430\u0440\u044b \u0434\u043e\u0441\u0442\u0443\u043f\u043d\u044b \u043f\u043e\u0434 \u0437\u0430\u043a\u0430\u0437! \u0412\u0440\u0435\u043c\u044f \u043f\u043e\u0441\u0442\u0430\u0432\u043a\u0438 5-7 \u0440\u0430\u0431\u043e\u0447\u0438\u0445 \u0434\u043d\u0435\u0439\" \/>\n<meta property=\"og:url\" content=\"https:\/\/akum.lv\/prece\/q-batteries-hf-80-100-industrial-high-frequency-charger-80v-100a-by-s-p-e-ladetajs\/\" \/>\n<meta property=\"og:site_name\" content=\"www.akum.lv\" \/>\n<meta property=\"article:modified_time\" content=\"2021-01-12T22:28:08+00:00\" \/>\n<meta property=\"og:image\" content=\"https:\/\/akum.lv\/wp-content\/uploads\/2020\/08\/Q-bat-HF-80V-100A.jpg\" \/>\n\t<meta property=\"og:image:width\" content=\"281\" \/>\n\t<meta property=\"og:image:height\" content=\"500\" \/>\n\t<meta property=\"og:image:type\" content=\"image\/jpeg\" \/>\n<meta name=\"twitter:card\" content=\"summary_large_image\" \/>\n<script type=\"application\/ld+json\" class=\"yoast-schema-graph\">{\"@context\":\"https:\/\/schema.org\",\"@graph\":[{\"@type\":\"WebPage\",\"@id\":\"https:\/\/akum.lv\/prece\/q-batteries-hf-80-100-industrial-high-frequency-charger-80v-100a-by-s-p-e-ladetajs\/\",\"url\":\"https:\/\/akum.lv\/prece\/q-batteries-hf-80-100-industrial-high-frequency-charger-80v-100a-by-s-p-e-ladetajs\/\",\"name\":\"Q-Batteries HF 80-100 industrial High frequency charger 80V 100A by S.P.E. (l\u0101d\u0113t\u0101js) - www.akum.lv\",\"isPartOf\":{\"@id\":\"https:\/\/akum.lv\/#website\"},\"primaryImageOfPage\":{\"@id\":\"https:\/\/akum.lv\/prece\/q-batteries-hf-80-100-industrial-high-frequency-charger-80v-100a-by-s-p-e-ladetajs\/#primaryimage\"},\"image\":{\"@id\":\"https:\/\/akum.lv\/prece\/q-batteries-hf-80-100-industrial-high-frequency-charger-80v-100a-by-s-p-e-ladetajs\/#primaryimage\"},\"thumbnailUrl\":\"https:\/\/akum.lv\/wp-content\/uploads\/2020\/08\/Q-bat-HF-80V-100A.jpg\",\"datePublished\":\"2020-08-04T19:40:21+00:00\",\"dateModified\":\"2021-01-12T22:28:08+00:00\",\"breadcrumb\":{\"@id\":\"https:\/\/akum.lv\/prece\/q-batteries-hf-80-100-industrial-high-frequency-charger-80v-100a-by-s-p-e-ladetajs\/#breadcrumb\"},\"inLanguage\":\"en-US\",\"potentialAction\":[{\"@type\":\"ReadAction\",\"target\":[\"https:\/\/akum.lv\/prece\/q-batteries-hf-80-100-industrial-high-frequency-charger-80v-100a-by-s-p-e-ladetajs\/\"]}]},{\"@type\":\"ImageObject\",\"inLanguage\":\"en-US\",\"@id\":\"https:\/\/akum.lv\/prece\/q-batteries-hf-80-100-industrial-high-frequency-charger-80v-100a-by-s-p-e-ladetajs\/#primaryimage\",\"url\":\"https:\/\/akum.lv\/wp-content\/uploads\/2020\/08\/Q-bat-HF-80V-100A.jpg\",\"contentUrl\":\"https:\/\/akum.lv\/wp-content\/uploads\/2020\/08\/Q-bat-HF-80V-100A.jpg\",\"width\":281,\"height\":500},{\"@type\":\"BreadcrumbList\",\"@id\":\"https:\/\/akum.lv\/prece\/q-batteries-hf-80-100-industrial-high-frequency-charger-80v-100a-by-s-p-e-ladetajs\/#breadcrumb\",\"itemListElement\":[{\"@type\":\"ListItem\",\"position\":1,\"name\":\"\u0413\u043b\u0430\u0432\u043d\u0430\u044f \u0441\u0442\u0440\u0430\u043d\u0438\u0446\u0430\",\"item\":\"https:\/\/akum.lv\/en\/\"},{\"@type\":\"ListItem\",\"position\":2,\"name\":\"PRECES\",\"item\":\"https:\/\/akum.lv\/produkti-preces\/\"},{\"@type\":\"ListItem\",\"position\":3,\"name\":\"Q-Batteries HF 80-100 industrial High frequency charger 80V 100A by S.P.E. (l\u0101d\u0113t\u0101js)\"}]},{\"@type\":\"WebSite\",\"@id\":\"https:\/\/akum.lv\/#website\",\"url\":\"https:\/\/akum.lv\/\",\"name\":\"www.akum.lv\",\"description\":\"Akumulatoru p\u0101rdev\u0113js | \u041f\u0440\u043e\u0434\u0430\u0432\u0435\u0446 \u0430\u043a\u043a\u0443\u043c\u0443\u043b\u044f\u0442\u043e\u0440\u043e\u0432 | Battery seller\",\"publisher\":{\"@id\":\"https:\/\/akum.lv\/#organization\"},\"potentialAction\":[{\"@type\":\"SearchAction\",\"target\":{\"@type\":\"EntryPoint\",\"urlTemplate\":\"https:\/\/akum.lv\/?s={search_term_string}\"},\"query-input\":{\"@type\":\"PropertyValueSpecification\",\"valueRequired\":true,\"valueName\":\"search_term_string\"}}],\"inLanguage\":\"en-US\"},{\"@type\":\"Organization\",\"@id\":\"https:\/\/akum.lv\/#organization\",\"name\":\"HubEnergy\",\"url\":\"https:\/\/akum.lv\/\",\"logo\":{\"@type\":\"ImageObject\",\"inLanguage\":\"en-US\",\"@id\":\"https:\/\/akum.lv\/#\/schema\/logo\/image\/\",\"url\":\"https:\/\/akum.lv\/wp-content\/uploads\/2018\/08\/Logo-hub-energy-2018-seller-dark-blue.png\",\"contentUrl\":\"https:\/\/akum.lv\/wp-content\/uploads\/2018\/08\/Logo-hub-energy-2018-seller-dark-blue.png\",\"width\":381,\"height\":75,\"caption\":\"HubEnergy\"},\"image\":{\"@id\":\"https:\/\/akum.lv\/#\/schema\/logo\/image\/\"}}]}<\/script>\n<!-- \/ Yoast SEO plugin. -->","yoast_head_json":{"title":"Q-Batteries HF 80-100 industrial High frequency charger 80V 100A by S.P.E. (l\u0101d\u0113t\u0101js) - www.akum.lv","robots":{"index":"index","follow":"follow","max-snippet":"max-snippet:-1","max-image-preview":"max-image-preview:large","max-video-preview":"max-video-preview:-1"},"canonical":"https:\/\/akum.lv\/prece\/q-batteries-hf-80-100-industrial-high-frequency-charger-80v-100a-by-s-p-e-ladetajs\/","og_locale":"en_US","og_type":"article","og_title":"Q-Batteries HF 80-100 industrial High frequency charger 80V 100A by S.P.E. (l\u0101d\u0113t\u0101js) - www.akum.lv","og_description":"Q-Batteries HF 80-100 industrial High frequency charger 80V 100A by S.P.E. (l\u0101d\u0113t\u0101js)  Suitable for battery capacity \u2013 550Ah \u2013 1100Ah  Datascheet - QB_HF_Chargers  The energy saving Q-Batteries high frequency charger are designed to charge 24V, 48V and 80V AGM, GEL and wet batteries in forklifts, floor cleaning machines and batteries used in RV \/ caravan &amp; boat. The high frequency technology achieves a smaller type of construction and reduce energy consumption in comparison to a classic 50Hz charger.  Features Suitable for Lead-Acid, -GEL, -AGM (VRLA technology), and -WET batteries (charging curves are selectable) Insensitive to input voltage fluctuations Low power consumption Thermal protection against overheating Protection against reverse polarity, short circuit and over-voltage  SIA ,,HUB ENERGY,, \u2013 ofici\u0101lais bateriju izplat\u012bt\u0101js ,,Q-Batteries,, Latvij\u0101, Lietuv\u0101 un Igaunij\u0101. SIA ,,HUB ENERGY,, \u2013 \u043e\u0444\u0438\u0446\u0438\u0430\u043b\u044c\u043d\u044b\u0439 \u0434\u0438\u0441\u0442\u0440\u0438\u0431\u044c\u044e\u0442\u043e\u0440 \u0431\u0430\u0442\u0430\u0440\u0435\u0439 ,, Q-Batteries,, \u0432 \u041b\u0430\u0442\u0432\u0438\u0438, \u041b\u0438\u0442\u0432\u0435 \u0438 \u042d\u0441\u0442\u043e\u043d\u0438\u0438. SIA ,,HUB ENERGY,, \u2013 official distributor of batteries ,, Q-Batteries,, in Latvia, Lithuania and Estonia.  Ja prece nav noliktav\u0101 \u0160\u012bs preces ir pieejamas p\u0113c pas\u016bt\u012bjuma! Pieg\u0101des laiks 5-7 darba dienas. \u0415\u0441\u043b\u0438 \u0442\u043e\u0432\u0430\u0440\u0430 \u043d\u0435\u0442 \u043d\u0430 \u0441\u043a\u043b\u0430\u0434\u0435 \u042d\u0442\u0438 \u0442\u043e\u0432\u0430\u0440\u044b \u0434\u043e\u0441\u0442\u0443\u043f\u043d\u044b \u043f\u043e\u0434 \u0437\u0430\u043a\u0430\u0437! \u0412\u0440\u0435\u043c\u044f \u043f\u043e\u0441\u0442\u0430\u0432\u043a\u0438 5-7 \u0440\u0430\u0431\u043e\u0447\u0438\u0445 \u0434\u043d\u0435\u0439","og_url":"https:\/\/akum.lv\/prece\/q-batteries-hf-80-100-industrial-high-frequency-charger-80v-100a-by-s-p-e-ladetajs\/","og_site_name":"www.akum.lv","article_modified_time":"2021-01-12T22:28:08+00:00","og_image":[{"width":281,"height":500,"url":"https:\/\/akum.lv\/wp-content\/uploads\/2020\/08\/Q-bat-HF-80V-100A.jpg","type":"image\/jpeg"}],"twitter_card":"summary_large_image","schema":{"@context":"https:\/\/schema.org","@graph":[{"@type":"WebPage","@id":"https:\/\/akum.lv\/prece\/q-batteries-hf-80-100-industrial-high-frequency-charger-80v-100a-by-s-p-e-ladetajs\/","url":"https:\/\/akum.lv\/prece\/q-batteries-hf-80-100-industrial-high-frequency-charger-80v-100a-by-s-p-e-ladetajs\/","name":"Q-Batteries HF 80-100 industrial High frequency charger 80V 100A by S.P.E. (l\u0101d\u0113t\u0101js) - www.akum.lv","isPartOf":{"@id":"https:\/\/akum.lv\/#website"},"primaryImageOfPage":{"@id":"https:\/\/akum.lv\/prece\/q-batteries-hf-80-100-industrial-high-frequency-charger-80v-100a-by-s-p-e-ladetajs\/#primaryimage"},"image":{"@id":"https:\/\/akum.lv\/prece\/q-batteries-hf-80-100-industrial-high-frequency-charger-80v-100a-by-s-p-e-ladetajs\/#primaryimage"},"thumbnailUrl":"https:\/\/akum.lv\/wp-content\/uploads\/2020\/08\/Q-bat-HF-80V-100A.jpg","datePublished":"2020-08-04T19:40:21+00:00","dateModified":"2021-01-12T22:28:08+00:00","breadcrumb":{"@id":"https:\/\/akum.lv\/prece\/q-batteries-hf-80-100-industrial-high-frequency-charger-80v-100a-by-s-p-e-ladetajs\/#breadcrumb"},"inLanguage":"en-US","potentialAction":[{"@type":"ReadAction","target":["https:\/\/akum.lv\/prece\/q-batteries-hf-80-100-industrial-high-frequency-charger-80v-100a-by-s-p-e-ladetajs\/"]}]},{"@type":"ImageObject","inLanguage":"en-US","@id":"https:\/\/akum.lv\/prece\/q-batteries-hf-80-100-industrial-high-frequency-charger-80v-100a-by-s-p-e-ladetajs\/#primaryimage","url":"https:\/\/akum.lv\/wp-content\/uploads\/2020\/08\/Q-bat-HF-80V-100A.jpg","contentUrl":"https:\/\/akum.lv\/wp-content\/uploads\/2020\/08\/Q-bat-HF-80V-100A.jpg","width":281,"height":500},{"@type":"BreadcrumbList","@id":"https:\/\/akum.lv\/prece\/q-batteries-hf-80-100-industrial-high-frequency-charger-80v-100a-by-s-p-e-ladetajs\/#breadcrumb","itemListElement":[{"@type":"ListItem","position":1,"name":"\u0413\u043b\u0430\u0432\u043d\u0430\u044f \u0441\u0442\u0440\u0430\u043d\u0438\u0446\u0430","item":"https:\/\/akum.lv\/en\/"},{"@type":"ListItem","position":2,"name":"PRECES","item":"https:\/\/akum.lv\/produkti-preces\/"},{"@type":"ListItem","position":3,"name":"Q-Batteries HF 80-100 industrial High frequency charger 80V 100A by S.P.E. (l\u0101d\u0113t\u0101js)"}]},{"@type":"WebSite","@id":"https:\/\/akum.lv\/#website","url":"https:\/\/akum.lv\/","name":"www.akum.lv","description":"Akumulatoru p\u0101rdev\u0113js | \u041f\u0440\u043e\u0434\u0430\u0432\u0435\u0446 \u0430\u043a\u043a\u0443\u043c\u0443\u043b\u044f\u0442\u043e\u0440\u043e\u0432 | Battery seller","publisher":{"@id":"https:\/\/akum.lv\/#organization"},"potentialAction":[{"@type":"SearchAction","target":{"@type":"EntryPoint","urlTemplate":"https:\/\/akum.lv\/?s={search_term_string}"},"query-input":{"@type":"PropertyValueSpecification","valueRequired":true,"valueName":"search_term_string"}}],"inLanguage":"en-US"},{"@type":"Organization","@id":"https:\/\/akum.lv\/#organization","name":"HubEnergy","url":"https:\/\/akum.lv\/","logo":{"@type":"ImageObject","inLanguage":"en-US","@id":"https:\/\/akum.lv\/#\/schema\/logo\/image\/","url":"https:\/\/akum.lv\/wp-content\/uploads\/2018\/08\/Logo-hub-energy-2018-seller-dark-blue.png","contentUrl":"https:\/\/akum.lv\/wp-content\/uploads\/2018\/08\/Logo-hub-energy-2018-seller-dark-blue.png","width":381,"height":75,"caption":"HubEnergy"},"image":{"@id":"https:\/\/akum.lv\/#\/schema\/logo\/image\/"}}]}},"brands":[{"id":340,"name":"Q-Batteries","slug":"q-batteries-en"}],"_links":{"self":[{"href":"https:\/\/akum.lv\/en\/wp-json\/wp\/v2\/product\/8632","targetHints":{"allow":["GET"]}}],"collection":[{"href":"https:\/\/akum.lv\/en\/wp-json\/wp\/v2\/product"}],"about":[{"href":"https:\/\/akum.lv\/en\/wp-json\/wp\/v2\/types\/product"}],"wp:featuredmedia":[{"embeddable":true,"href":"https:\/\/akum.lv\/en\/wp-json\/wp\/v2\/media\/8630"}],"wp:attachment":[{"href":"https:\/\/akum.lv\/en\/wp-json\/wp\/v2\/media?parent=8632"}],"wp:term":[{"taxonomy":"pwb-brand","embeddable":true,"href":"https:\/\/akum.lv\/en\/wp-json\/wp\/v2\/pwb-brand?post=8632"},{"taxonomy":"product_brand","embeddable":true,"href":"https:\/\/akum.lv\/en\/wp-json\/wp\/v2\/product_brand?post=8632"},{"taxonomy":"product_cat","embeddable":true,"href":"https:\/\/akum.lv\/en\/wp-json\/wp\/v2\/product_cat?post=8632"},{"taxonomy":"product_tag","embeddable":true,"href":"https:\/\/akum.lv\/en\/wp-json\/wp\/v2\/product_tag?post=8632"}],"curies":[{"name":"wp","href":"https:\/\/api.w.org\/{rel}","templated":true}]}}