{"id":8513,"date":"2020-07-28T13:19:16","date_gmt":"2020-07-28T13:19:16","guid":{"rendered":"https:\/\/akum.lv\/veikals\/uncategorized\/rayovac-377-sr626sw-376-g4-silver-oxide-mini-battery\/"},"modified":"2025-06-02T10:54:22","modified_gmt":"2025-06-02T10:54:22","slug":"rayovac-377-sr626sw-376-g4-silver-oxide-mini-battery","status":"publish","type":"product","link":"https:\/\/akum.lv\/en\/prece\/rayovac-377-sr626sw-376-g4-silver-oxide-mini-battery\/","title":{"rendered":"Rayovac 377\/SR626SW\/376\/G4 Silver Oxide Mini battery"},"content":{"rendered":"","protected":false},"excerpt":{"rendered":"<p>Rayovac 377\/SR626SW\/376\/G4 Silver Oxide Mini battery<\/p>\n<p>Minim\u0101l\u0101 pas\u016bt\u012bjuma summa 30,00 EUR + PVN<br \/>\n\u041c\u0438\u043d\u0438\u043c\u0430\u043b\u044c\u043d\u0430\u044f \u0441\u0443\u043c\u043c\u0430 \u0437\u0430\u043a\u0430\u0437\u0430 30,00 EUR + \u041d\u0414\u0421<br \/>\nMOQ amount 30,00 EUR + \u041d\u0414\u0421<\/p>\n<p><b>Technical parameters:<\/b><\/p>\n<table>\n<tbody>\n<tr>\n<td width=\"150\">Types:<\/td>\n<td>Watch-377\/SR626SW<\/td>\n<\/tr>\n<tr>\n<td width=\"150\">Dimensions:<\/td>\n<td>Height: 2.6 mm, Diameter: 6.8 mm<\/td>\n<\/tr>\n<tr>\n<td width=\"150\">Voltage:<\/td>\n<td>1.55 V<\/td>\n<\/tr>\n<tr>\n<td width=\"150\">Manufacturer:<\/td>\n<td>Rayovac<\/td>\n<\/tr>\n<tr>\n<td width=\"150\">Quantity:<\/td>\n<td>1 piece in Blister pack<\/td>\n<\/tr>\n<tr>\n<td width=\"150\">Other markings:<\/td>\n<td>626 SB-BW SB-AW 280-72 280-39 177 V377 565 606 GP377 SR626W SR626SW SR66 D377 LR626 LR66 AG4 376<\/td>\n<\/tr>\n<\/tbody>\n<\/table>\n<p><b>Batteries manufactured in Switzerland.<\/b><\/p>\n<p>The Rayovac watch batteries are silver-oxide batteries. They are used in a wide range of watches-from digital, demanding large-size cells, to the most elegant women&#8217;s watches powered by very small batteries.<\/p>\n","protected":false},"featured_media":8511,"template":"","meta":[],"pwb-brand":[429],"product_brand":[],"product_cat":[383,426],"product_tag":[],"class_list":{"0":"post-8513","1":"product","2":"type-product","3":"status-publish","4":"has-post-thumbnail","6":"pwb-brand-rayovac-en","7":"product_cat-all-types-of-primary-batteries-and-rechargeable-batteries","8":"product_cat-watches-batteries-en","10":"first","11":"instock","12":"taxable","13":"shipping-taxable","14":"purchasable","15":"product-type-simple"},"yoast_head":"<!-- This site is optimized with the Yoast SEO plugin v26.7 - https:\/\/yoast.com\/wordpress\/plugins\/seo\/ -->\n<title>Rayovac 377\/SR626SW\/376\/G4 Silver Oxide Mini battery - www.akum.lv<\/title>\n<meta name=\"robots\" content=\"index, follow, max-snippet:-1, max-image-preview:large, max-video-preview:-1\" \/>\n<link rel=\"canonical\" href=\"https:\/\/akum.lv\/en\/prece\/rayovac-377-sr626sw-376-g4-silver-oxide-mini-battery\/\" \/>\n<meta property=\"og:locale\" content=\"en_US\" \/>\n<meta property=\"og:type\" content=\"article\" \/>\n<meta property=\"og:title\" content=\"Rayovac 377\/SR626SW\/376\/G4 Silver Oxide Mini battery - www.akum.lv\" \/>\n<meta property=\"og:description\" content=\"Rayovac 377\/SR626SW\/376\/G4 Silver Oxide Mini battery  Minim\u0101l\u0101 pas\u016bt\u012bjuma summa 30,00 EUR + PVN \u041c\u0438\u043d\u0438\u043c\u0430\u043b\u044c\u043d\u0430\u044f \u0441\u0443\u043c\u043c\u0430 \u0437\u0430\u043a\u0430\u0437\u0430 30,00 EUR + \u041d\u0414\u0421 MOQ amount 30,00 EUR + \u041d\u0414\u0421  Technical parameters:    Types: Watch-377\/SR626SW   Dimensions: Height: 2.6 mm, Diameter: 6.8 mm   Voltage: 1.55 V   Manufacturer: Rayovac   Quantity: 1 piece in Blister pack   Other markings: 626 SB-BW SB-AW 280-72 280-39 177 V377 565 606 GP377 SR626W SR626SW SR66 D377 LR626 LR66 AG4 376    Batteries manufactured in Switzerland.  The Rayovac watch batteries are silver-oxide batteries. They are used in a wide range of watches-from digital, demanding large-size cells, to the most elegant women&#039;s watches powered by very small batteries.\" \/>\n<meta property=\"og:url\" content=\"https:\/\/akum.lv\/en\/prece\/rayovac-377-sr626sw-376-g4-silver-oxide-mini-battery\/\" \/>\n<meta property=\"og:site_name\" content=\"www.akum.lv\" \/>\n<meta property=\"article:modified_time\" content=\"2025-06-02T10:54:22+00:00\" \/>\n<meta property=\"og:image\" content=\"https:\/\/akum.lv\/wp-content\/uploads\/2020\/07\/Rayovac_377_SR_626_SW_376_G4.jpg\" \/>\n\t<meta property=\"og:image:width\" content=\"340\" \/>\n\t<meta property=\"og:image:height\" content=\"340\" \/>\n\t<meta property=\"og:image:type\" content=\"image\/jpeg\" \/>\n<meta name=\"twitter:card\" content=\"summary_large_image\" \/>\n<script type=\"application\/ld+json\" class=\"yoast-schema-graph\">{\"@context\":\"https:\/\/schema.org\",\"@graph\":[{\"@type\":\"WebPage\",\"@id\":\"https:\/\/akum.lv\/en\/prece\/rayovac-377-sr626sw-376-g4-silver-oxide-mini-battery\/\",\"url\":\"https:\/\/akum.lv\/en\/prece\/rayovac-377-sr626sw-376-g4-silver-oxide-mini-battery\/\",\"name\":\"Rayovac 377\/SR626SW\/376\/G4 Silver Oxide Mini battery - www.akum.lv\",\"isPartOf\":{\"@id\":\"https:\/\/akum.lv\/#website\"},\"primaryImageOfPage\":{\"@id\":\"https:\/\/akum.lv\/en\/prece\/rayovac-377-sr626sw-376-g4-silver-oxide-mini-battery\/#primaryimage\"},\"image\":{\"@id\":\"https:\/\/akum.lv\/en\/prece\/rayovac-377-sr626sw-376-g4-silver-oxide-mini-battery\/#primaryimage\"},\"thumbnailUrl\":\"https:\/\/akum.lv\/wp-content\/uploads\/2020\/07\/Rayovac_377_SR_626_SW_376_G4.jpg\",\"datePublished\":\"2020-07-28T13:19:16+00:00\",\"dateModified\":\"2025-06-02T10:54:22+00:00\",\"breadcrumb\":{\"@id\":\"https:\/\/akum.lv\/en\/prece\/rayovac-377-sr626sw-376-g4-silver-oxide-mini-battery\/#breadcrumb\"},\"inLanguage\":\"en-US\",\"potentialAction\":[{\"@type\":\"ReadAction\",\"target\":[\"https:\/\/akum.lv\/en\/prece\/rayovac-377-sr626sw-376-g4-silver-oxide-mini-battery\/\"]}]},{\"@type\":\"ImageObject\",\"inLanguage\":\"en-US\",\"@id\":\"https:\/\/akum.lv\/en\/prece\/rayovac-377-sr626sw-376-g4-silver-oxide-mini-battery\/#primaryimage\",\"url\":\"https:\/\/akum.lv\/wp-content\/uploads\/2020\/07\/Rayovac_377_SR_626_SW_376_G4.jpg\",\"contentUrl\":\"https:\/\/akum.lv\/wp-content\/uploads\/2020\/07\/Rayovac_377_SR_626_SW_376_G4.jpg\",\"width\":340,\"height\":340},{\"@type\":\"BreadcrumbList\",\"@id\":\"https:\/\/akum.lv\/en\/prece\/rayovac-377-sr626sw-376-g4-silver-oxide-mini-battery\/#breadcrumb\",\"itemListElement\":[{\"@type\":\"ListItem\",\"position\":1,\"name\":\"\u0413\u043b\u0430\u0432\u043d\u0430\u044f \u0441\u0442\u0440\u0430\u043d\u0438\u0446\u0430\",\"item\":\"https:\/\/akum.lv\/en\/\"},{\"@type\":\"ListItem\",\"position\":2,\"name\":\"PRECES\",\"item\":\"https:\/\/akum.lv\/produkti-preces\/\"},{\"@type\":\"ListItem\",\"position\":3,\"name\":\"Rayovac 377\/SR626SW\/376\/G4 Silver Oxide Mini battery\"}]},{\"@type\":\"WebSite\",\"@id\":\"https:\/\/akum.lv\/#website\",\"url\":\"https:\/\/akum.lv\/\",\"name\":\"www.akum.lv\",\"description\":\"Akumulatoru p\u0101rdev\u0113js | \u041f\u0440\u043e\u0434\u0430\u0432\u0435\u0446 \u0430\u043a\u043a\u0443\u043c\u0443\u043b\u044f\u0442\u043e\u0440\u043e\u0432 | Battery seller\",\"publisher\":{\"@id\":\"https:\/\/akum.lv\/#organization\"},\"potentialAction\":[{\"@type\":\"SearchAction\",\"target\":{\"@type\":\"EntryPoint\",\"urlTemplate\":\"https:\/\/akum.lv\/?s={search_term_string}\"},\"query-input\":{\"@type\":\"PropertyValueSpecification\",\"valueRequired\":true,\"valueName\":\"search_term_string\"}}],\"inLanguage\":\"en-US\"},{\"@type\":\"Organization\",\"@id\":\"https:\/\/akum.lv\/#organization\",\"name\":\"HubEnergy\",\"url\":\"https:\/\/akum.lv\/\",\"logo\":{\"@type\":\"ImageObject\",\"inLanguage\":\"en-US\",\"@id\":\"https:\/\/akum.lv\/#\/schema\/logo\/image\/\",\"url\":\"https:\/\/akum.lv\/wp-content\/uploads\/2018\/08\/Logo-hub-energy-2018-seller-dark-blue.png\",\"contentUrl\":\"https:\/\/akum.lv\/wp-content\/uploads\/2018\/08\/Logo-hub-energy-2018-seller-dark-blue.png\",\"width\":381,\"height\":75,\"caption\":\"HubEnergy\"},\"image\":{\"@id\":\"https:\/\/akum.lv\/#\/schema\/logo\/image\/\"}}]}<\/script>\n<!-- \/ Yoast SEO plugin. -->","yoast_head_json":{"title":"Rayovac 377\/SR626SW\/376\/G4 Silver Oxide Mini battery - www.akum.lv","robots":{"index":"index","follow":"follow","max-snippet":"max-snippet:-1","max-image-preview":"max-image-preview:large","max-video-preview":"max-video-preview:-1"},"canonical":"https:\/\/akum.lv\/en\/prece\/rayovac-377-sr626sw-376-g4-silver-oxide-mini-battery\/","og_locale":"en_US","og_type":"article","og_title":"Rayovac 377\/SR626SW\/376\/G4 Silver Oxide Mini battery - www.akum.lv","og_description":"Rayovac 377\/SR626SW\/376\/G4 Silver Oxide Mini battery  Minim\u0101l\u0101 pas\u016bt\u012bjuma summa 30,00 EUR + PVN \u041c\u0438\u043d\u0438\u043c\u0430\u043b\u044c\u043d\u0430\u044f \u0441\u0443\u043c\u043c\u0430 \u0437\u0430\u043a\u0430\u0437\u0430 30,00 EUR + \u041d\u0414\u0421 MOQ amount 30,00 EUR + \u041d\u0414\u0421  Technical parameters:    Types: Watch-377\/SR626SW   Dimensions: Height: 2.6 mm, Diameter: 6.8 mm   Voltage: 1.55 V   Manufacturer: Rayovac   Quantity: 1 piece in Blister pack   Other markings: 626 SB-BW SB-AW 280-72 280-39 177 V377 565 606 GP377 SR626W SR626SW SR66 D377 LR626 LR66 AG4 376    Batteries manufactured in Switzerland.  The Rayovac watch batteries are silver-oxide batteries. They are used in a wide range of watches-from digital, demanding large-size cells, to the most elegant women's watches powered by very small batteries.","og_url":"https:\/\/akum.lv\/en\/prece\/rayovac-377-sr626sw-376-g4-silver-oxide-mini-battery\/","og_site_name":"www.akum.lv","article_modified_time":"2025-06-02T10:54:22+00:00","og_image":[{"width":340,"height":340,"url":"https:\/\/akum.lv\/wp-content\/uploads\/2020\/07\/Rayovac_377_SR_626_SW_376_G4.jpg","type":"image\/jpeg"}],"twitter_card":"summary_large_image","schema":{"@context":"https:\/\/schema.org","@graph":[{"@type":"WebPage","@id":"https:\/\/akum.lv\/en\/prece\/rayovac-377-sr626sw-376-g4-silver-oxide-mini-battery\/","url":"https:\/\/akum.lv\/en\/prece\/rayovac-377-sr626sw-376-g4-silver-oxide-mini-battery\/","name":"Rayovac 377\/SR626SW\/376\/G4 Silver Oxide Mini battery - www.akum.lv","isPartOf":{"@id":"https:\/\/akum.lv\/#website"},"primaryImageOfPage":{"@id":"https:\/\/akum.lv\/en\/prece\/rayovac-377-sr626sw-376-g4-silver-oxide-mini-battery\/#primaryimage"},"image":{"@id":"https:\/\/akum.lv\/en\/prece\/rayovac-377-sr626sw-376-g4-silver-oxide-mini-battery\/#primaryimage"},"thumbnailUrl":"https:\/\/akum.lv\/wp-content\/uploads\/2020\/07\/Rayovac_377_SR_626_SW_376_G4.jpg","datePublished":"2020-07-28T13:19:16+00:00","dateModified":"2025-06-02T10:54:22+00:00","breadcrumb":{"@id":"https:\/\/akum.lv\/en\/prece\/rayovac-377-sr626sw-376-g4-silver-oxide-mini-battery\/#breadcrumb"},"inLanguage":"en-US","potentialAction":[{"@type":"ReadAction","target":["https:\/\/akum.lv\/en\/prece\/rayovac-377-sr626sw-376-g4-silver-oxide-mini-battery\/"]}]},{"@type":"ImageObject","inLanguage":"en-US","@id":"https:\/\/akum.lv\/en\/prece\/rayovac-377-sr626sw-376-g4-silver-oxide-mini-battery\/#primaryimage","url":"https:\/\/akum.lv\/wp-content\/uploads\/2020\/07\/Rayovac_377_SR_626_SW_376_G4.jpg","contentUrl":"https:\/\/akum.lv\/wp-content\/uploads\/2020\/07\/Rayovac_377_SR_626_SW_376_G4.jpg","width":340,"height":340},{"@type":"BreadcrumbList","@id":"https:\/\/akum.lv\/en\/prece\/rayovac-377-sr626sw-376-g4-silver-oxide-mini-battery\/#breadcrumb","itemListElement":[{"@type":"ListItem","position":1,"name":"\u0413\u043b\u0430\u0432\u043d\u0430\u044f \u0441\u0442\u0440\u0430\u043d\u0438\u0446\u0430","item":"https:\/\/akum.lv\/en\/"},{"@type":"ListItem","position":2,"name":"PRECES","item":"https:\/\/akum.lv\/produkti-preces\/"},{"@type":"ListItem","position":3,"name":"Rayovac 377\/SR626SW\/376\/G4 Silver Oxide Mini battery"}]},{"@type":"WebSite","@id":"https:\/\/akum.lv\/#website","url":"https:\/\/akum.lv\/","name":"www.akum.lv","description":"Akumulatoru p\u0101rdev\u0113js | \u041f\u0440\u043e\u0434\u0430\u0432\u0435\u0446 \u0430\u043a\u043a\u0443\u043c\u0443\u043b\u044f\u0442\u043e\u0440\u043e\u0432 | Battery seller","publisher":{"@id":"https:\/\/akum.lv\/#organization"},"potentialAction":[{"@type":"SearchAction","target":{"@type":"EntryPoint","urlTemplate":"https:\/\/akum.lv\/?s={search_term_string}"},"query-input":{"@type":"PropertyValueSpecification","valueRequired":true,"valueName":"search_term_string"}}],"inLanguage":"en-US"},{"@type":"Organization","@id":"https:\/\/akum.lv\/#organization","name":"HubEnergy","url":"https:\/\/akum.lv\/","logo":{"@type":"ImageObject","inLanguage":"en-US","@id":"https:\/\/akum.lv\/#\/schema\/logo\/image\/","url":"https:\/\/akum.lv\/wp-content\/uploads\/2018\/08\/Logo-hub-energy-2018-seller-dark-blue.png","contentUrl":"https:\/\/akum.lv\/wp-content\/uploads\/2018\/08\/Logo-hub-energy-2018-seller-dark-blue.png","width":381,"height":75,"caption":"HubEnergy"},"image":{"@id":"https:\/\/akum.lv\/#\/schema\/logo\/image\/"}}]}},"brands":[{"id":429,"name":"RAYOVAC","slug":"rayovac-en"}],"_links":{"self":[{"href":"https:\/\/akum.lv\/en\/wp-json\/wp\/v2\/product\/8513","targetHints":{"allow":["GET"]}}],"collection":[{"href":"https:\/\/akum.lv\/en\/wp-json\/wp\/v2\/product"}],"about":[{"href":"https:\/\/akum.lv\/en\/wp-json\/wp\/v2\/types\/product"}],"wp:featuredmedia":[{"embeddable":true,"href":"https:\/\/akum.lv\/en\/wp-json\/wp\/v2\/media\/8511"}],"wp:attachment":[{"href":"https:\/\/akum.lv\/en\/wp-json\/wp\/v2\/media?parent=8513"}],"wp:term":[{"taxonomy":"pwb-brand","embeddable":true,"href":"https:\/\/akum.lv\/en\/wp-json\/wp\/v2\/pwb-brand?post=8513"},{"taxonomy":"product_brand","embeddable":true,"href":"https:\/\/akum.lv\/en\/wp-json\/wp\/v2\/product_brand?post=8513"},{"taxonomy":"product_cat","embeddable":true,"href":"https:\/\/akum.lv\/en\/wp-json\/wp\/v2\/product_cat?post=8513"},{"taxonomy":"product_tag","embeddable":true,"href":"https:\/\/akum.lv\/en\/wp-json\/wp\/v2\/product_tag?post=8513"}],"curies":[{"name":"wp","href":"https:\/\/api.w.org\/{rel}","templated":true}]}}